{"id":544212,"date":"2026-03-31T18:50:23","date_gmt":"2026-03-31T16:50:23","guid":{"rendered":"https:\/\/klimavex.eu\/cz\/katalog\/ventilator-vortice-ca-125-md\/"},"modified":"2026-03-31T18:51:11","modified_gmt":"2026-03-31T16:51:11","slug":"ventilator-vortice-ca-125-md","status":"publish","type":"product","link":"https:\/\/klimavex.eu\/cz\/katalog\/ventilator-vortice-ca-125-md\/","title":{"rendered":"Ventil\u00e1tor Vortice CA 125 MD"},"content":{"rendered":"<p style=\"text-align:justify\"><span style=\"font-size:11pt\"><span style=\"font-family:Calibri,sans-serif\"><strong>Detailn&iacute; popis<\/strong><\/span><\/span><\/p>\n<ul>\n<li style=\"text-align:justify\"><span style=\"font-size:11pt\"><span style=\"background-color:white\"><span style=\"color:black\"><span style=\"font-family:Calibri,sans-serif\">Ocelov&eacute; pouzdro z mo\u0159en&eacute; a fosf&aacute;tovan&eacute; oceli s polyesterovou pr&aacute;&scaron;kovou povrchovou &uacute;pravou, odoln&eacute; proti agresivn&iacute;mu p\u016fsoben&iacute; atmosf&eacute;rick&yacute;ch vliv\u016f.<\/span><\/span><\/span><\/span><\/li>\n<li style=\"text-align:justify\"><span style=\"font-size:11pt\"><span style=\"background-color:white\"><span style=\"color:black\"><span style=\"font-family:Calibri,sans-serif\">Regulace ventil&aacute;toru prost\u0159ednictv&iacute;m voliteln&eacute;ho ovl&aacute;d&aacute;n&iacute;&nbsp;<span style=\"color:black\"><a href=\"https:\/\/www.ventishop.cz\/regulator-otacek-vortice-trio-ca\/\" target=\"_blank\" title=\"TRIO-CA regul\u00e1tor ot\u00e1\u010dek\"><span style=\"color:black\">TRIO-CA<\/span><\/a><\/span><\/span><\/span><\/span><\/span><\/li>\n<li style=\"text-align:justify\"><span style=\"font-size:11pt\"><span style=\"background-color:white\"><span style=\"color:black\"><span style=\"font-family:Calibri,sans-serif\">AC motor s tepelnou pojistkou proti p\u0159et&iacute;\u017een&iacute; a h\u0159&iacute;del&iacute; ot&aacute;\u010dej&iacute;c&iacute; se v kuli\u010dkov&yacute;ch lo\u017eisc&iacute;ch zp\u011btn\u011b zak\u0159iven&eacute; lopatky, dost\u0159ediv&eacute; vrtule<\/span><\/span><\/span><\/span><\/li>\n<li style=\"text-align:justify\"><span style=\"font-size:11pt\"><span style=\"background-color:white\"><span style=\"color:black\"><span style=\"font-family:Calibri,sans-serif\">Pozinkovan&eacute; ocelov&eacute; dr\u017e&aacute;ky pro mont&aacute;\u017e na st\u011bnu<\/span><\/span><\/span><\/span><\/li>\n<li style=\"text-align:justify\"><span style=\"font-size:11pt\"><span style=\"background-color:white\"><span style=\"color:black\"><span style=\"font-family:Calibri,sans-serif\">Kompatibiln&iacute; s d&aacute;lkov&yacute;mi senzory: Pohybu, teploty, relativn&iacute; vlhkosti a kou\u0159e.<\/span><\/span><\/span><\/span><\/li>\n<\/ul>\n<p style=\"text-align:justify\"><span style=\"font-size:11pt\"><span style=\"font-family:Calibri,sans-serif\"><strong>Kl&iacute;\u010dov&eacute; vlastnosti<\/strong><\/span><\/span><\/p>\n<ul>\n<li style=\"text-align:justify\"><span style=\"font-size:11pt\"><span style=\"background-color:white\"><span style=\"color:black\"><span style=\"font-family:Calibri,sans-serif\">Mo\u017enost horizont&aacute;ln&iacute; i vertik&aacute;ln&iacute; mont&aacute;\u017ee<\/span><\/span><\/span><\/span><\/li>\n<li style=\"text-align:justify\"><span style=\"font-size:11pt\"><span style=\"background-color:white\"><span style=\"color:black\"><span style=\"font-family:Calibri,sans-serif\">Kvalitn&iacute; zpracov&aacute;n&iacute;<\/span><\/span><\/span><\/span><\/li>\n<li style=\"text-align:justify\"><span style=\"font-size:11pt\"><span style=\"background-color:white\"><span style=\"color:black\"><span style=\"font-family:Calibri,sans-serif\">Kovov&eacute; opl&aacute;&scaron;t\u011bn&iacute;<\/span><\/span><\/span><\/span><\/li>\n<li style=\"text-align:justify\"><span style=\"font-size:11pt\"><span style=\"background-color:white\"><span style=\"color:black\"><span style=\"font-family:Calibri,sans-serif\"><span style=\"color:black\"><strong><span style=\"color:black\">Kuli\u010dkov&aacute; lo\u017eiska<\/span><\/strong><\/span><\/span><\/span><\/span><\/span><\/li>\n<\/ul>\n","protected":false},"excerpt":{"rendered":"<p style=\"text-align:justify\"><span style=\"font-size:11pt\"><span style=\"font-family:Calibri,sans-serif\"><strong><span style=\"color:black\">Radi&aacute;ln&iacute;<\/span><\/strong><span style=\"background-color:white\"><span style=\"color:black\">&nbsp;potrubn&iacute; ventil&aacute;tor s kovov&yacute;m opl&aacute;&scaron;t\u011bn&iacute;m&nbsp;<strong>Vortice CA 125 MD<\/strong>&nbsp;s pr\u016fm\u011brem p\u0159ipojen&iacute; vzduchotechnick&eacute;ho potrub&iacute; <\/span><\/span><strong><span style=\"color:black\">&oslash; <span style=\"background-color:white\">125mm<\/span><\/span><\/strong><span style=\"background-color:white\"><span style=\"color:black\">. Ventil&aacute;tor je ur\u010den&yacute; pro napojen&iacute; na kruhov&eacute; potrub&iacute; a ods&aacute;v&aacute;n&iacute; komer\u010dn&iacute;ch i reziden\u010dn&iacute;ch objekt\u016f. Ventil&aacute;tor je mo\u017en&eacute; instalovat horizont&aacute;ln\u011b i vertik&aacute;ln\u011b. Vnit\u0159n&iacute; zvukov\u011b izola\u010dn&iacute; oblo\u017een&iacute;. Sou\u010d&aacute;st&iacute; dod&aacute;vky jsou mont&aacute;\u017en&iacute; konzoly pro instalaci za\u0159&iacute;zen&iacute; na st\u011bnu nebo strop.<\/span><\/span><\/span><\/span><\/p>\n","protected":false},"featured_media":551555,"template":"","meta":[],"product_cat":[7582,7581,7562,7584],"product_tag":[],"class_list":{"0":"post-544212","1":"product","2":"type-product","3":"status-publish","4":"has-post-thumbnail","6":"product_cat-ca","7":"product_cat-potrubni-ventilatory","8":"product_cat-ventilatory","9":"product_cat-ca-md","10":"pa_dostupny-tlak-pa-265-363","11":"pa_hlucnost-lp-3m-308-459","12":"pa_kryti-ip44","13":"pa_kulickova-loziska-ll-ano","14":"pa_provedeni-potrubni-kovovy","15":"pa_prumer-napojeni-mm-11697","16":"pa_typ-ca-md","17":"pa_vzduchovy-vykon-qv-m3-280-450","18":"pa_znacka-vortice","20":"first","21":"instock","22":"taxable","23":"shipping-taxable","24":"purchasable","25":"product-type-simple"},"yoast_head":"<!-- This site is optimized with the Yoast SEO plugin v23.9 - https:\/\/yoast.com\/wordpress\/plugins\/seo\/ -->\n<title>Ventil\u00e1tor Vortice CA 125 MD - KLIMAVEX GROUP - \u010cesko<\/title>\n<meta name=\"robots\" content=\"index, follow, max-snippet:-1, max-image-preview:large, max-video-preview:-1\" \/>\n<link rel=\"canonical\" href=\"https:\/\/klimavex.eu\/cz\/katalog\/ventilator-vortice-ca-125-md\/\" \/>\n<meta property=\"og:locale\" content=\"cs_CZ\" \/>\n<meta property=\"og:type\" content=\"article\" \/>\n<meta property=\"og:title\" content=\"Ventil\u00e1tor Vortice CA 125 MD - KLIMAVEX GROUP - \u010cesko\" \/>\n<meta property=\"og:description\" content=\"Radi&aacute;ln&iacute;&nbsp;potrubn&iacute; ventil&aacute;tor s kovov&yacute;m opl&aacute;&scaron;t\u011bn&iacute;m&nbsp;Vortice CA 125 MD&nbsp;s pr\u016fm\u011brem p\u0159ipojen&iacute; vzduchotechnick&eacute;ho potrub&iacute; &oslash; 125mm. Ventil&aacute;tor je ur\u010den&yacute; pro napojen&iacute; na kruhov&eacute; potrub&iacute; a ods&aacute;v&aacute;n&iacute; komer\u010dn&iacute;ch i reziden\u010dn&iacute;ch objekt\u016f. Ventil&aacute;tor je mo\u017en&eacute; instalovat horizont&aacute;ln\u011b i vertik&aacute;ln\u011b. Vnit\u0159n&iacute; zvukov\u011b izola\u010dn&iacute; oblo\u017een&iacute;. Sou\u010d&aacute;st&iacute; dod&aacute;vky jsou mont&aacute;\u017en&iacute; konzoly pro instalaci za\u0159&iacute;zen&iacute; na st\u011bnu nebo strop.\" \/>\n<meta property=\"og:url\" content=\"https:\/\/klimavex.eu\/cz\/katalog\/ventilator-vortice-ca-125-md\/\" \/>\n<meta property=\"og:site_name\" content=\"KLIMAVEX GROUP - \u010cesko\" \/>\n<meta property=\"article:publisher\" content=\"https:\/\/www.facebook.com\/klimavex.cz\" \/>\n<meta property=\"article:modified_time\" content=\"2026-03-31T16:51:11+00:00\" \/>\n<meta property=\"og:image\" content=\"https:\/\/klimavex.eu\/cz\/wp-content\/uploads\/2025\/09\/WkFOrzEKtPy-3wB2QKVV6WBDgan4wevFA4XUaFDzQBU.png\" \/>\n\t<meta property=\"og:image:width\" content=\"572\" \/>\n\t<meta property=\"og:image:height\" content=\"512\" \/>\n\t<meta property=\"og:image:type\" content=\"image\/png\" \/>\n<meta name=\"twitter:card\" content=\"summary_large_image\" \/>\n<meta name=\"twitter:label1\" content=\"Odhadovan\u00e1 doba \u010dten\u00ed\" \/>\n\t<meta name=\"twitter:data1\" content=\"1 minuta\" \/>\n<script type=\"application\/ld+json\" class=\"yoast-schema-graph\">{\"@context\":\"https:\/\/schema.org\",\"@graph\":[{\"@type\":\"WebPage\",\"@id\":\"https:\/\/klimavex.eu\/cz\/katalog\/ventilator-vortice-ca-125-md\/\",\"url\":\"https:\/\/klimavex.eu\/cz\/katalog\/ventilator-vortice-ca-125-md\/\",\"name\":\"Ventil\u00e1tor Vortice CA 125 MD - KLIMAVEX GROUP - \u010cesko\",\"isPartOf\":{\"@id\":\"https:\/\/klimavex.eu\/cz\/#website\"},\"primaryImageOfPage\":{\"@id\":\"https:\/\/klimavex.eu\/cz\/katalog\/ventilator-vortice-ca-125-md\/#primaryimage\"},\"image\":{\"@id\":\"https:\/\/klimavex.eu\/cz\/katalog\/ventilator-vortice-ca-125-md\/#primaryimage\"},\"thumbnailUrl\":\"https:\/\/klimavex.eu\/cz\/wp-content\/uploads\/2025\/09\/WkFOrzEKtPy-3wB2QKVV6WBDgan4wevFA4XUaFDzQBU.png\",\"datePublished\":\"2026-03-31T16:50:23+00:00\",\"dateModified\":\"2026-03-31T16:51:11+00:00\",\"breadcrumb\":{\"@id\":\"https:\/\/klimavex.eu\/cz\/katalog\/ventilator-vortice-ca-125-md\/#breadcrumb\"},\"inLanguage\":\"cs\",\"potentialAction\":[{\"@type\":\"ReadAction\",\"target\":[\"https:\/\/klimavex.eu\/cz\/katalog\/ventilator-vortice-ca-125-md\/\"]}]},{\"@type\":\"ImageObject\",\"inLanguage\":\"cs\",\"@id\":\"https:\/\/klimavex.eu\/cz\/katalog\/ventilator-vortice-ca-125-md\/#primaryimage\",\"url\":\"https:\/\/klimavex.eu\/cz\/wp-content\/uploads\/2025\/09\/WkFOrzEKtPy-3wB2QKVV6WBDgan4wevFA4XUaFDzQBU.png\",\"contentUrl\":\"https:\/\/klimavex.eu\/cz\/wp-content\/uploads\/2025\/09\/WkFOrzEKtPy-3wB2QKVV6WBDgan4wevFA4XUaFDzQBU.png\",\"width\":572,\"height\":512},{\"@type\":\"BreadcrumbList\",\"@id\":\"https:\/\/klimavex.eu\/cz\/katalog\/ventilator-vortice-ca-125-md\/#breadcrumb\",\"itemListElement\":[{\"@type\":\"ListItem\",\"position\":1,\"name\":\"Domovsk\u00e1 str\u00e1nka\",\"item\":\"https:\/\/klimavex.eu\/cz\/\"},{\"@type\":\"ListItem\",\"position\":2,\"name\":\"Eshop\",\"item\":\"https:\/\/klimavex.eu\/cz\/eshop\/\"},{\"@type\":\"ListItem\",\"position\":3,\"name\":\"Ventil\u00e1tor Vortice CA 125 MD\"}]},{\"@type\":\"WebSite\",\"@id\":\"https:\/\/klimavex.eu\/cz\/#website\",\"url\":\"https:\/\/klimavex.eu\/cz\/\",\"name\":\"KLIMAVEX GROUP - \u010cesko\",\"description\":\"\",\"publisher\":{\"@id\":\"https:\/\/klimavex.eu\/cz\/#organization\"},\"alternateName\":\"KLIMAVEX CZ a.s.\",\"potentialAction\":[{\"@type\":\"SearchAction\",\"target\":{\"@type\":\"EntryPoint\",\"urlTemplate\":\"https:\/\/klimavex.eu\/cz\/?s={search_term_string}\"},\"query-input\":{\"@type\":\"PropertyValueSpecification\",\"valueRequired\":true,\"valueName\":\"search_term_string\"}}],\"inLanguage\":\"cs\"},{\"@type\":\"Organization\",\"@id\":\"https:\/\/klimavex.eu\/cz\/#organization\",\"name\":\"KLIMAVEX GROUP\",\"alternateName\":\"KLIMAVEX\",\"url\":\"https:\/\/klimavex.eu\/cz\/\",\"logo\":{\"@type\":\"ImageObject\",\"inLanguage\":\"cs\",\"@id\":\"https:\/\/klimavex.eu\/cz\/#\/schema\/logo\/image\/\",\"url\":\"https:\/\/klimavex.eu\/cz\/wp-content\/uploads\/2024\/04\/Klimavex-Group-logo.png\",\"contentUrl\":\"https:\/\/klimavex.eu\/cz\/wp-content\/uploads\/2024\/04\/Klimavex-Group-logo.png\",\"width\":1681,\"height\":472,\"caption\":\"KLIMAVEX GROUP\"},\"image\":{\"@id\":\"https:\/\/klimavex.eu\/cz\/#\/schema\/logo\/image\/\"},\"sameAs\":[\"https:\/\/www.facebook.com\/klimavex.cz\",\"https:\/\/www.instagram.com\/klimavex_cz\/\"]}]}<\/script>\n<!-- \/ Yoast SEO plugin. -->","yoast_head_json":{"title":"Ventil\u00e1tor Vortice CA 125 MD - KLIMAVEX GROUP - \u010cesko","robots":{"index":"index","follow":"follow","max-snippet":"max-snippet:-1","max-image-preview":"max-image-preview:large","max-video-preview":"max-video-preview:-1"},"canonical":"https:\/\/klimavex.eu\/cz\/katalog\/ventilator-vortice-ca-125-md\/","og_locale":"cs_CZ","og_type":"article","og_title":"Ventil\u00e1tor Vortice CA 125 MD - KLIMAVEX GROUP - \u010cesko","og_description":"Radi&aacute;ln&iacute;&nbsp;potrubn&iacute; ventil&aacute;tor s kovov&yacute;m opl&aacute;&scaron;t\u011bn&iacute;m&nbsp;Vortice CA 125 MD&nbsp;s pr\u016fm\u011brem p\u0159ipojen&iacute; vzduchotechnick&eacute;ho potrub&iacute; &oslash; 125mm. Ventil&aacute;tor je ur\u010den&yacute; pro napojen&iacute; na kruhov&eacute; potrub&iacute; a ods&aacute;v&aacute;n&iacute; komer\u010dn&iacute;ch i reziden\u010dn&iacute;ch objekt\u016f. Ventil&aacute;tor je mo\u017en&eacute; instalovat horizont&aacute;ln\u011b i vertik&aacute;ln\u011b. Vnit\u0159n&iacute; zvukov\u011b izola\u010dn&iacute; oblo\u017een&iacute;. Sou\u010d&aacute;st&iacute; dod&aacute;vky jsou mont&aacute;\u017en&iacute; konzoly pro instalaci za\u0159&iacute;zen&iacute; na st\u011bnu nebo strop.","og_url":"https:\/\/klimavex.eu\/cz\/katalog\/ventilator-vortice-ca-125-md\/","og_site_name":"KLIMAVEX GROUP - \u010cesko","article_publisher":"https:\/\/www.facebook.com\/klimavex.cz","article_modified_time":"2026-03-31T16:51:11+00:00","og_image":[{"width":572,"height":512,"url":"https:\/\/klimavex.eu\/cz\/wp-content\/uploads\/2025\/09\/WkFOrzEKtPy-3wB2QKVV6WBDgan4wevFA4XUaFDzQBU.png","type":"image\/png"}],"twitter_card":"summary_large_image","twitter_misc":{"Odhadovan\u00e1 doba \u010dten\u00ed":"1 minuta"},"schema":{"@context":"https:\/\/schema.org","@graph":[{"@type":"WebPage","@id":"https:\/\/klimavex.eu\/cz\/katalog\/ventilator-vortice-ca-125-md\/","url":"https:\/\/klimavex.eu\/cz\/katalog\/ventilator-vortice-ca-125-md\/","name":"Ventil\u00e1tor Vortice CA 125 MD - KLIMAVEX GROUP - \u010cesko","isPartOf":{"@id":"https:\/\/klimavex.eu\/cz\/#website"},"primaryImageOfPage":{"@id":"https:\/\/klimavex.eu\/cz\/katalog\/ventilator-vortice-ca-125-md\/#primaryimage"},"image":{"@id":"https:\/\/klimavex.eu\/cz\/katalog\/ventilator-vortice-ca-125-md\/#primaryimage"},"thumbnailUrl":"https:\/\/klimavex.eu\/cz\/wp-content\/uploads\/2025\/09\/WkFOrzEKtPy-3wB2QKVV6WBDgan4wevFA4XUaFDzQBU.png","datePublished":"2026-03-31T16:50:23+00:00","dateModified":"2026-03-31T16:51:11+00:00","breadcrumb":{"@id":"https:\/\/klimavex.eu\/cz\/katalog\/ventilator-vortice-ca-125-md\/#breadcrumb"},"inLanguage":"cs","potentialAction":[{"@type":"ReadAction","target":["https:\/\/klimavex.eu\/cz\/katalog\/ventilator-vortice-ca-125-md\/"]}]},{"@type":"ImageObject","inLanguage":"cs","@id":"https:\/\/klimavex.eu\/cz\/katalog\/ventilator-vortice-ca-125-md\/#primaryimage","url":"https:\/\/klimavex.eu\/cz\/wp-content\/uploads\/2025\/09\/WkFOrzEKtPy-3wB2QKVV6WBDgan4wevFA4XUaFDzQBU.png","contentUrl":"https:\/\/klimavex.eu\/cz\/wp-content\/uploads\/2025\/09\/WkFOrzEKtPy-3wB2QKVV6WBDgan4wevFA4XUaFDzQBU.png","width":572,"height":512},{"@type":"BreadcrumbList","@id":"https:\/\/klimavex.eu\/cz\/katalog\/ventilator-vortice-ca-125-md\/#breadcrumb","itemListElement":[{"@type":"ListItem","position":1,"name":"Domovsk\u00e1 str\u00e1nka","item":"https:\/\/klimavex.eu\/cz\/"},{"@type":"ListItem","position":2,"name":"Eshop","item":"https:\/\/klimavex.eu\/cz\/eshop\/"},{"@type":"ListItem","position":3,"name":"Ventil\u00e1tor Vortice CA 125 MD"}]},{"@type":"WebSite","@id":"https:\/\/klimavex.eu\/cz\/#website","url":"https:\/\/klimavex.eu\/cz\/","name":"KLIMAVEX GROUP - \u010cesko","description":"","publisher":{"@id":"https:\/\/klimavex.eu\/cz\/#organization"},"alternateName":"KLIMAVEX CZ a.s.","potentialAction":[{"@type":"SearchAction","target":{"@type":"EntryPoint","urlTemplate":"https:\/\/klimavex.eu\/cz\/?s={search_term_string}"},"query-input":{"@type":"PropertyValueSpecification","valueRequired":true,"valueName":"search_term_string"}}],"inLanguage":"cs"},{"@type":"Organization","@id":"https:\/\/klimavex.eu\/cz\/#organization","name":"KLIMAVEX GROUP","alternateName":"KLIMAVEX","url":"https:\/\/klimavex.eu\/cz\/","logo":{"@type":"ImageObject","inLanguage":"cs","@id":"https:\/\/klimavex.eu\/cz\/#\/schema\/logo\/image\/","url":"https:\/\/klimavex.eu\/cz\/wp-content\/uploads\/2024\/04\/Klimavex-Group-logo.png","contentUrl":"https:\/\/klimavex.eu\/cz\/wp-content\/uploads\/2024\/04\/Klimavex-Group-logo.png","width":1681,"height":472,"caption":"KLIMAVEX GROUP"},"image":{"@id":"https:\/\/klimavex.eu\/cz\/#\/schema\/logo\/image\/"},"sameAs":["https:\/\/www.facebook.com\/klimavex.cz","https:\/\/www.instagram.com\/klimavex_cz\/"]}]}},"_links":{"self":[{"href":"https:\/\/klimavex.eu\/cz\/wp-json\/wp\/v2\/product\/544212","targetHints":{"allow":["GET"]}}],"collection":[{"href":"https:\/\/klimavex.eu\/cz\/wp-json\/wp\/v2\/product"}],"about":[{"href":"https:\/\/klimavex.eu\/cz\/wp-json\/wp\/v2\/types\/product"}],"version-history":[{"count":0,"href":"https:\/\/klimavex.eu\/cz\/wp-json\/wp\/v2\/product\/544212\/revisions"}],"wp:featuredmedia":[{"embeddable":true,"href":"https:\/\/klimavex.eu\/cz\/wp-json\/wp\/v2\/media\/551555"}],"wp:attachment":[{"href":"https:\/\/klimavex.eu\/cz\/wp-json\/wp\/v2\/media?parent=544212"}],"wp:term":[{"taxonomy":"product_cat","embeddable":true,"href":"https:\/\/klimavex.eu\/cz\/wp-json\/wp\/v2\/product_cat?post=544212"},{"taxonomy":"product_tag","embeddable":true,"href":"https:\/\/klimavex.eu\/cz\/wp-json\/wp\/v2\/product_tag?post=544212"}],"curies":[{"name":"wp","href":"https:\/\/api.w.org\/{rel}","templated":true}]}}