{"id":544214,"date":"2026-03-31T18:50:23","date_gmt":"2026-03-31T16:50:23","guid":{"rendered":"https:\/\/klimavex.eu\/cz\/katalog\/osousec-rukou-vortice-premium-dry-a-automaticky\/"},"modified":"2026-03-31T18:51:13","modified_gmt":"2026-03-31T16:51:13","slug":"osousec-rukou-vortice-premium-dry-a-automaticky","status":"publish","type":"product","link":"https:\/\/klimavex.eu\/cz\/katalog\/osousec-rukou-vortice-premium-dry-a-automaticky\/","title":{"rendered":"Osou\u0161e\u010d rukou Vortice Premium Dry A (automatick\u00fd)"},"content":{"rendered":"<p style=\"margin-left:0cm;text-align:justify;\"><span style=\"font-family:Calibri, sans-serif;font-size:11pt;\"><strong>Kl\u00ed\u010dov\u00e9 vlastnosti<\/strong><\/span><\/p>\n<ul>\n<li>\n<p style=\"text-align:justify;\"><span style=\"font-family:Calibri, sans-serif;font-size:11pt;\">Pr\u016ftok vzduchu 120 m<sup>3<\/sup>\/h<\/span><\/p>\n<\/li>\n<li>\n<p style=\"text-align:justify;\"><span style=\"font-family:Calibri, sans-serif;font-size:11pt;\">Prachov\u00fd filtr<\/span><\/p>\n<\/li>\n<li>\n<p style=\"text-align:justify;\"><span style=\"font-family:Calibri, sans-serif;font-size:11pt;\">Automatick\u00e9 spou\u0161t\u011bn\u00ed<\/span><\/p>\n<\/li>\n<li>\n<p style=\"text-align:justify;\"><span style=\"font-family:Calibri, sans-serif;font-size:11pt;\">Antivandal proveden\u00ed<\/span><\/p>\n<\/li>\n<li>\n<p style=\"text-align:justify;\"><span style=\"font-family:Calibri, sans-serif;font-size:11pt;\">Nastaven\u00ed proud\u011bn\u00ed od 20 do 60 sekund<\/span><\/p>\n<\/li>\n<li>\n<p style=\"text-align:justify;\"><span style=\"font-family:Calibri, sans-serif;font-size:11pt;\">Kryt\u00ed IP X4<\/span><\/p>\n<\/li>\n<li>\n<p style=\"text-align:justify;\"><span style=\"font-family:Calibri, sans-serif;font-size:11pt;\">Tepeln\u00e1 pojistka a bezpe\u010dnostn\u00ed termostat \u2013 bezpe\u010dnostn\u00ed certifikace IMQ<\/span><\/p>\n<\/li>\n<li>\n<p style=\"text-align:justify;\"><span style=\"font-family:Calibri, sans-serif;font-size:11pt;\">Promy\u0161len\u00fd design<\/span><\/p>\n<\/li>\n<\/ul>\n","protected":false},"excerpt":{"rendered":"<p style=\"margin-left:0cm;text-align:justify;\"><span style=\"font-family:Calibri, sans-serif;font-size:11pt;\">Automatick\u00fd osou\u0161e\u010d rukou <strong>Vortice Premium Dry A<\/strong> je vhodn\u00fd pro <strong>dom\u00e1cnosti, n\u00e1kupn\u00ed centra, restaurace<\/strong>. P\u0159\u00edruba pro mont\u00e1\u017e na st\u011bnu s m\u0159\u00ed\u017ekou pro odvod tepl\u00e9ho vzduchu z lisovan\u00e9ho plastu (PP). <strong>Automatick\u00e1<\/strong> verze se spou\u0161t\u00ed <strong>pohybem ruky ve vzd\u00e1lenosti 0-35 cm<\/strong> (dle nastaven\u00ed). Spot\u0159ebi\u010d se automaticky vypne v p\u0159\u00edpad\u011b \u00famysln\u00e9ho nebo n\u00e1hodn\u00e9ho zablokov\u00e1n\u00ed m\u0159\u00ed\u017eky p\u0159\u00edvodu vzduchu nebo v\u00fdstupn\u00ed trysky tepl\u00e9ho vzduchu. Topn\u00e9 t\u011bleso <strong>chr\u00e1n\u011bno 2 za\u0159\u00edzen\u00edmi<\/strong>: tepelnou pojistkou a resetovateln\u00fdm omezova\u010dem tepeln\u00e9ho p\u0159et\u00ed\u017een\u00ed. <strong>EC motor<\/strong> s tepelnou pojistkou proti p\u0159et\u00ed\u017een\u00ed a h\u0159\u00eddel\u00ed ot\u00e1\u010dej\u00edc\u00ed se v kuli\u010dkov\u00fdch lo\u017eisk\u00e1ch, spojen\u00e9 s&nbsp;vrtul\u00ed s&nbsp;dop\u0159edu zahnut\u00fdmi lopatkami. P\u0159edn\u00ed kryt z plastu odoln\u00e9ho proti UV z\u00e1\u0159en\u00ed, t\u0159\u00edda V0, barva b\u00edl\u00e1.<\/span><\/p>\n","protected":false},"featured_media":551568,"template":"","meta":[],"product_cat":[7596,10789,7562,10772,7576,10790],"product_tag":[],"class_list":{"0":"post-544214","1":"product","2":"type-product","3":"status-publish","4":"has-post-thumbnail","6":"product_cat-osousece-rukou","7":"product_cat-ventilatory-doprodej","8":"product_cat-ventilatory","9":"product_cat-doprodej","10":"product_cat-osousece-rukou-vlasu-davkovace-mydla","11":"product_cat-doprodej-ventilatory","12":"pa_el-prikon-spiraly-w-13231","13":"pa_hlucnost-lp-1m-13232","14":"pa_kryti-ipx4","15":"pa_label-dopredaj","16":"pa_provedeni-osousec-rukou","17":"pa_vzduchovy-vykon-qv-m3-13230","18":"pa_znacka-vortice","20":"first","21":"instock","22":"taxable","23":"shipping-taxable","24":"purchasable","25":"product-type-simple"},"yoast_head":"<!-- This site is optimized with the Yoast SEO plugin v23.9 - https:\/\/yoast.com\/wordpress\/plugins\/seo\/ -->\n<title>Osou\u0161e\u010d rukou Vortice Premium Dry A (automatick\u00fd) - KLIMAVEX GROUP - \u010cesko<\/title>\n<meta name=\"robots\" content=\"index, follow, max-snippet:-1, max-image-preview:large, max-video-preview:-1\" \/>\n<link rel=\"canonical\" href=\"https:\/\/klimavex.eu\/cz\/katalog\/osousec-rukou-vortice-premium-dry-a-automaticky\/\" \/>\n<meta property=\"og:locale\" content=\"cs_CZ\" \/>\n<meta property=\"og:type\" content=\"article\" \/>\n<meta property=\"og:title\" content=\"Osou\u0161e\u010d rukou Vortice Premium Dry A (automatick\u00fd) - KLIMAVEX GROUP - \u010cesko\" \/>\n<meta property=\"og:description\" content=\"Automatick\u00fd osou\u0161e\u010d rukou Vortice Premium Dry A je vhodn\u00fd pro dom\u00e1cnosti, n\u00e1kupn\u00ed centra, restaurace. P\u0159\u00edruba pro mont\u00e1\u017e na st\u011bnu s m\u0159\u00ed\u017ekou pro odvod tepl\u00e9ho vzduchu z lisovan\u00e9ho plastu (PP). Automatick\u00e1 verze se spou\u0161t\u00ed pohybem ruky ve vzd\u00e1lenosti 0-35 cm (dle nastaven\u00ed). Spot\u0159ebi\u010d se automaticky vypne v p\u0159\u00edpad\u011b \u00famysln\u00e9ho nebo n\u00e1hodn\u00e9ho zablokov\u00e1n\u00ed m\u0159\u00ed\u017eky p\u0159\u00edvodu vzduchu nebo v\u00fdstupn\u00ed trysky tepl\u00e9ho vzduchu. Topn\u00e9 t\u011bleso chr\u00e1n\u011bno 2 za\u0159\u00edzen\u00edmi: tepelnou pojistkou a resetovateln\u00fdm omezova\u010dem tepeln\u00e9ho p\u0159et\u00ed\u017een\u00ed. EC motor s tepelnou pojistkou proti p\u0159et\u00ed\u017een\u00ed a h\u0159\u00eddel\u00ed ot\u00e1\u010dej\u00edc\u00ed se v kuli\u010dkov\u00fdch lo\u017eisk\u00e1ch, spojen\u00e9 s&nbsp;vrtul\u00ed s&nbsp;dop\u0159edu zahnut\u00fdmi lopatkami. P\u0159edn\u00ed kryt z plastu odoln\u00e9ho proti UV z\u00e1\u0159en\u00ed, t\u0159\u00edda V0, barva b\u00edl\u00e1.\" \/>\n<meta property=\"og:url\" content=\"https:\/\/klimavex.eu\/cz\/katalog\/osousec-rukou-vortice-premium-dry-a-automaticky\/\" \/>\n<meta property=\"og:site_name\" content=\"KLIMAVEX GROUP - \u010cesko\" \/>\n<meta property=\"article:publisher\" content=\"https:\/\/www.facebook.com\/klimavex.cz\" \/>\n<meta property=\"article:modified_time\" content=\"2026-03-31T16:51:13+00:00\" \/>\n<meta property=\"og:image\" content=\"https:\/\/klimavex.eu\/cz\/wp-content\/uploads\/2025\/09\/7-TnoXA0FdQLRgzB6JsWV-qkWhu9pmEly1tDtVCjBbI.png\" \/>\n\t<meta property=\"og:image:width\" content=\"572\" \/>\n\t<meta property=\"og:image:height\" content=\"512\" \/>\n\t<meta property=\"og:image:type\" content=\"image\/png\" \/>\n<meta name=\"twitter:card\" content=\"summary_large_image\" \/>\n<script type=\"application\/ld+json\" class=\"yoast-schema-graph\">{\"@context\":\"https:\/\/schema.org\",\"@graph\":[{\"@type\":\"WebPage\",\"@id\":\"https:\/\/klimavex.eu\/cz\/katalog\/osousec-rukou-vortice-premium-dry-a-automaticky\/\",\"url\":\"https:\/\/klimavex.eu\/cz\/katalog\/osousec-rukou-vortice-premium-dry-a-automaticky\/\",\"name\":\"Osou\u0161e\u010d rukou Vortice Premium Dry A (automatick\u00fd) - KLIMAVEX GROUP - \u010cesko\",\"isPartOf\":{\"@id\":\"https:\/\/klimavex.eu\/cz\/#website\"},\"primaryImageOfPage\":{\"@id\":\"https:\/\/klimavex.eu\/cz\/katalog\/osousec-rukou-vortice-premium-dry-a-automaticky\/#primaryimage\"},\"image\":{\"@id\":\"https:\/\/klimavex.eu\/cz\/katalog\/osousec-rukou-vortice-premium-dry-a-automaticky\/#primaryimage\"},\"thumbnailUrl\":\"https:\/\/klimavex.eu\/cz\/wp-content\/uploads\/2025\/09\/7-TnoXA0FdQLRgzB6JsWV-qkWhu9pmEly1tDtVCjBbI.png\",\"datePublished\":\"2026-03-31T16:50:23+00:00\",\"dateModified\":\"2026-03-31T16:51:13+00:00\",\"breadcrumb\":{\"@id\":\"https:\/\/klimavex.eu\/cz\/katalog\/osousec-rukou-vortice-premium-dry-a-automaticky\/#breadcrumb\"},\"inLanguage\":\"cs\",\"potentialAction\":[{\"@type\":\"ReadAction\",\"target\":[\"https:\/\/klimavex.eu\/cz\/katalog\/osousec-rukou-vortice-premium-dry-a-automaticky\/\"]}]},{\"@type\":\"ImageObject\",\"inLanguage\":\"cs\",\"@id\":\"https:\/\/klimavex.eu\/cz\/katalog\/osousec-rukou-vortice-premium-dry-a-automaticky\/#primaryimage\",\"url\":\"https:\/\/klimavex.eu\/cz\/wp-content\/uploads\/2025\/09\/7-TnoXA0FdQLRgzB6JsWV-qkWhu9pmEly1tDtVCjBbI.png\",\"contentUrl\":\"https:\/\/klimavex.eu\/cz\/wp-content\/uploads\/2025\/09\/7-TnoXA0FdQLRgzB6JsWV-qkWhu9pmEly1tDtVCjBbI.png\",\"width\":572,\"height\":512},{\"@type\":\"BreadcrumbList\",\"@id\":\"https:\/\/klimavex.eu\/cz\/katalog\/osousec-rukou-vortice-premium-dry-a-automaticky\/#breadcrumb\",\"itemListElement\":[{\"@type\":\"ListItem\",\"position\":1,\"name\":\"Domovsk\u00e1 str\u00e1nka\",\"item\":\"https:\/\/klimavex.eu\/cz\/\"},{\"@type\":\"ListItem\",\"position\":2,\"name\":\"Eshop\",\"item\":\"https:\/\/klimavex.eu\/cz\/eshop\/\"},{\"@type\":\"ListItem\",\"position\":3,\"name\":\"Osou\u0161e\u010d rukou Vortice Premium Dry A (automatick\u00fd)\"}]},{\"@type\":\"WebSite\",\"@id\":\"https:\/\/klimavex.eu\/cz\/#website\",\"url\":\"https:\/\/klimavex.eu\/cz\/\",\"name\":\"KLIMAVEX GROUP - \u010cesko\",\"description\":\"\",\"publisher\":{\"@id\":\"https:\/\/klimavex.eu\/cz\/#organization\"},\"alternateName\":\"KLIMAVEX CZ a.s.\",\"potentialAction\":[{\"@type\":\"SearchAction\",\"target\":{\"@type\":\"EntryPoint\",\"urlTemplate\":\"https:\/\/klimavex.eu\/cz\/?s={search_term_string}\"},\"query-input\":{\"@type\":\"PropertyValueSpecification\",\"valueRequired\":true,\"valueName\":\"search_term_string\"}}],\"inLanguage\":\"cs\"},{\"@type\":\"Organization\",\"@id\":\"https:\/\/klimavex.eu\/cz\/#organization\",\"name\":\"KLIMAVEX GROUP\",\"alternateName\":\"KLIMAVEX\",\"url\":\"https:\/\/klimavex.eu\/cz\/\",\"logo\":{\"@type\":\"ImageObject\",\"inLanguage\":\"cs\",\"@id\":\"https:\/\/klimavex.eu\/cz\/#\/schema\/logo\/image\/\",\"url\":\"https:\/\/klimavex.eu\/cz\/wp-content\/uploads\/2024\/04\/Klimavex-Group-logo.png\",\"contentUrl\":\"https:\/\/klimavex.eu\/cz\/wp-content\/uploads\/2024\/04\/Klimavex-Group-logo.png\",\"width\":1681,\"height\":472,\"caption\":\"KLIMAVEX GROUP\"},\"image\":{\"@id\":\"https:\/\/klimavex.eu\/cz\/#\/schema\/logo\/image\/\"},\"sameAs\":[\"https:\/\/www.facebook.com\/klimavex.cz\",\"https:\/\/www.instagram.com\/klimavex_cz\/\"]}]}<\/script>\n<!-- \/ Yoast SEO plugin. -->","yoast_head_json":{"title":"Osou\u0161e\u010d rukou Vortice Premium Dry A (automatick\u00fd) - KLIMAVEX GROUP - \u010cesko","robots":{"index":"index","follow":"follow","max-snippet":"max-snippet:-1","max-image-preview":"max-image-preview:large","max-video-preview":"max-video-preview:-1"},"canonical":"https:\/\/klimavex.eu\/cz\/katalog\/osousec-rukou-vortice-premium-dry-a-automaticky\/","og_locale":"cs_CZ","og_type":"article","og_title":"Osou\u0161e\u010d rukou Vortice Premium Dry A (automatick\u00fd) - KLIMAVEX GROUP - \u010cesko","og_description":"Automatick\u00fd osou\u0161e\u010d rukou Vortice Premium Dry A je vhodn\u00fd pro dom\u00e1cnosti, n\u00e1kupn\u00ed centra, restaurace. P\u0159\u00edruba pro mont\u00e1\u017e na st\u011bnu s m\u0159\u00ed\u017ekou pro odvod tepl\u00e9ho vzduchu z lisovan\u00e9ho plastu (PP). Automatick\u00e1 verze se spou\u0161t\u00ed pohybem ruky ve vzd\u00e1lenosti 0-35 cm (dle nastaven\u00ed). Spot\u0159ebi\u010d se automaticky vypne v p\u0159\u00edpad\u011b \u00famysln\u00e9ho nebo n\u00e1hodn\u00e9ho zablokov\u00e1n\u00ed m\u0159\u00ed\u017eky p\u0159\u00edvodu vzduchu nebo v\u00fdstupn\u00ed trysky tepl\u00e9ho vzduchu. Topn\u00e9 t\u011bleso chr\u00e1n\u011bno 2 za\u0159\u00edzen\u00edmi: tepelnou pojistkou a resetovateln\u00fdm omezova\u010dem tepeln\u00e9ho p\u0159et\u00ed\u017een\u00ed. EC motor s tepelnou pojistkou proti p\u0159et\u00ed\u017een\u00ed a h\u0159\u00eddel\u00ed ot\u00e1\u010dej\u00edc\u00ed se v kuli\u010dkov\u00fdch lo\u017eisk\u00e1ch, spojen\u00e9 s&nbsp;vrtul\u00ed s&nbsp;dop\u0159edu zahnut\u00fdmi lopatkami. P\u0159edn\u00ed kryt z plastu odoln\u00e9ho proti UV z\u00e1\u0159en\u00ed, t\u0159\u00edda V0, barva b\u00edl\u00e1.","og_url":"https:\/\/klimavex.eu\/cz\/katalog\/osousec-rukou-vortice-premium-dry-a-automaticky\/","og_site_name":"KLIMAVEX GROUP - \u010cesko","article_publisher":"https:\/\/www.facebook.com\/klimavex.cz","article_modified_time":"2026-03-31T16:51:13+00:00","og_image":[{"width":572,"height":512,"url":"https:\/\/klimavex.eu\/cz\/wp-content\/uploads\/2025\/09\/7-TnoXA0FdQLRgzB6JsWV-qkWhu9pmEly1tDtVCjBbI.png","type":"image\/png"}],"twitter_card":"summary_large_image","schema":{"@context":"https:\/\/schema.org","@graph":[{"@type":"WebPage","@id":"https:\/\/klimavex.eu\/cz\/katalog\/osousec-rukou-vortice-premium-dry-a-automaticky\/","url":"https:\/\/klimavex.eu\/cz\/katalog\/osousec-rukou-vortice-premium-dry-a-automaticky\/","name":"Osou\u0161e\u010d rukou Vortice Premium Dry A (automatick\u00fd) - KLIMAVEX GROUP - \u010cesko","isPartOf":{"@id":"https:\/\/klimavex.eu\/cz\/#website"},"primaryImageOfPage":{"@id":"https:\/\/klimavex.eu\/cz\/katalog\/osousec-rukou-vortice-premium-dry-a-automaticky\/#primaryimage"},"image":{"@id":"https:\/\/klimavex.eu\/cz\/katalog\/osousec-rukou-vortice-premium-dry-a-automaticky\/#primaryimage"},"thumbnailUrl":"https:\/\/klimavex.eu\/cz\/wp-content\/uploads\/2025\/09\/7-TnoXA0FdQLRgzB6JsWV-qkWhu9pmEly1tDtVCjBbI.png","datePublished":"2026-03-31T16:50:23+00:00","dateModified":"2026-03-31T16:51:13+00:00","breadcrumb":{"@id":"https:\/\/klimavex.eu\/cz\/katalog\/osousec-rukou-vortice-premium-dry-a-automaticky\/#breadcrumb"},"inLanguage":"cs","potentialAction":[{"@type":"ReadAction","target":["https:\/\/klimavex.eu\/cz\/katalog\/osousec-rukou-vortice-premium-dry-a-automaticky\/"]}]},{"@type":"ImageObject","inLanguage":"cs","@id":"https:\/\/klimavex.eu\/cz\/katalog\/osousec-rukou-vortice-premium-dry-a-automaticky\/#primaryimage","url":"https:\/\/klimavex.eu\/cz\/wp-content\/uploads\/2025\/09\/7-TnoXA0FdQLRgzB6JsWV-qkWhu9pmEly1tDtVCjBbI.png","contentUrl":"https:\/\/klimavex.eu\/cz\/wp-content\/uploads\/2025\/09\/7-TnoXA0FdQLRgzB6JsWV-qkWhu9pmEly1tDtVCjBbI.png","width":572,"height":512},{"@type":"BreadcrumbList","@id":"https:\/\/klimavex.eu\/cz\/katalog\/osousec-rukou-vortice-premium-dry-a-automaticky\/#breadcrumb","itemListElement":[{"@type":"ListItem","position":1,"name":"Domovsk\u00e1 str\u00e1nka","item":"https:\/\/klimavex.eu\/cz\/"},{"@type":"ListItem","position":2,"name":"Eshop","item":"https:\/\/klimavex.eu\/cz\/eshop\/"},{"@type":"ListItem","position":3,"name":"Osou\u0161e\u010d rukou Vortice Premium Dry A (automatick\u00fd)"}]},{"@type":"WebSite","@id":"https:\/\/klimavex.eu\/cz\/#website","url":"https:\/\/klimavex.eu\/cz\/","name":"KLIMAVEX GROUP - \u010cesko","description":"","publisher":{"@id":"https:\/\/klimavex.eu\/cz\/#organization"},"alternateName":"KLIMAVEX CZ a.s.","potentialAction":[{"@type":"SearchAction","target":{"@type":"EntryPoint","urlTemplate":"https:\/\/klimavex.eu\/cz\/?s={search_term_string}"},"query-input":{"@type":"PropertyValueSpecification","valueRequired":true,"valueName":"search_term_string"}}],"inLanguage":"cs"},{"@type":"Organization","@id":"https:\/\/klimavex.eu\/cz\/#organization","name":"KLIMAVEX GROUP","alternateName":"KLIMAVEX","url":"https:\/\/klimavex.eu\/cz\/","logo":{"@type":"ImageObject","inLanguage":"cs","@id":"https:\/\/klimavex.eu\/cz\/#\/schema\/logo\/image\/","url":"https:\/\/klimavex.eu\/cz\/wp-content\/uploads\/2024\/04\/Klimavex-Group-logo.png","contentUrl":"https:\/\/klimavex.eu\/cz\/wp-content\/uploads\/2024\/04\/Klimavex-Group-logo.png","width":1681,"height":472,"caption":"KLIMAVEX GROUP"},"image":{"@id":"https:\/\/klimavex.eu\/cz\/#\/schema\/logo\/image\/"},"sameAs":["https:\/\/www.facebook.com\/klimavex.cz","https:\/\/www.instagram.com\/klimavex_cz\/"]}]}},"_links":{"self":[{"href":"https:\/\/klimavex.eu\/cz\/wp-json\/wp\/v2\/product\/544214","targetHints":{"allow":["GET"]}}],"collection":[{"href":"https:\/\/klimavex.eu\/cz\/wp-json\/wp\/v2\/product"}],"about":[{"href":"https:\/\/klimavex.eu\/cz\/wp-json\/wp\/v2\/types\/product"}],"version-history":[{"count":0,"href":"https:\/\/klimavex.eu\/cz\/wp-json\/wp\/v2\/product\/544214\/revisions"}],"wp:featuredmedia":[{"embeddable":true,"href":"https:\/\/klimavex.eu\/cz\/wp-json\/wp\/v2\/media\/551568"}],"wp:attachment":[{"href":"https:\/\/klimavex.eu\/cz\/wp-json\/wp\/v2\/media?parent=544214"}],"wp:term":[{"taxonomy":"product_cat","embeddable":true,"href":"https:\/\/klimavex.eu\/cz\/wp-json\/wp\/v2\/product_cat?post=544214"},{"taxonomy":"product_tag","embeddable":true,"href":"https:\/\/klimavex.eu\/cz\/wp-json\/wp\/v2\/product_tag?post=544214"}],"curies":[{"name":"wp","href":"https:\/\/api.w.org\/{rel}","templated":true}]}}