{"id":544217,"date":"2026-04-08T21:05:43","date_gmt":"2026-04-08T19:05:43","guid":{"rendered":"https:\/\/klimavex.eu\/cz\/katalog\/ventilator-vortice-gordon-30-12\/"},"modified":"2026-04-08T21:06:27","modified_gmt":"2026-04-08T19:06:27","slug":"ventilator-vortice-gordon-30-12","status":"publish","type":"product","link":"https:\/\/klimavex.eu\/cz\/katalog\/ventilator-vortice-gordon-30-12\/","title":{"rendered":"Ventil\u00e1tor Vortice Gordon 30\/12&#8243;"},"content":{"rendered":"<p style=\"text-align:justify\"><span style=\"font-size:11pt\"><span style=\"font-family:Calibri,sans-serif\"><strong>Kl&iacute;\u010dov&eacute; vlastnosti<\/strong><\/span><\/span><\/p>\n<ul>\n<li style=\"text-align:justify\"><span style=\"font-size:11pt\"><span style=\"font-family:Calibri,sans-serif\">Materi&aacute;l &ndash; plastov&aacute; prysky\u0159ice odoln&aacute; proti UV z&aacute;\u0159en&iacute; s&nbsp;antistatick&yacute;m slo\u017een&iacute;m, kter&eacute; br&aacute;n&iacute; usazov&aacute;n&iacute; prachu<\/span><\/span><\/li>\n<li style=\"text-align:justify\"><span style=\"font-size:11pt\"><span style=\"font-family:Calibri,sans-serif\">Pr\u016fm\u011br 300mm<\/span><\/span><\/li>\n<li style=\"text-align:justify\"><span style=\"font-size:11pt\"><span style=\"font-family:Calibri,sans-serif\">T\u0159&iacute;rychlostn&iacute; synchronn&iacute; motor<\/span><\/span><\/li>\n<li style=\"text-align:justify\"><span style=\"font-size:11pt\"><span style=\"font-family:Calibri,sans-serif\">Pohyb v&nbsp;&uacute;hlu 90&deg;<\/span><\/span><\/li>\n<li style=\"text-align:justify\"><span style=\"font-size:11pt\"><span style=\"font-family:Calibri,sans-serif\">Oto\u010dn&yacute; vyp&iacute;na\u010d a voli\u010d rychlosti ventil&aacute;toru<\/span><\/span><\/li>\n<li style=\"text-align:justify\"><span style=\"font-size:11pt\"><span style=\"font-family:Calibri,sans-serif\">Maxim&aacute;ln&iacute; pr\u016ftok vzduchu 2400m<sup>3<\/sup>\/h<\/span><\/span><\/li>\n<li style=\"text-align:justify\"><span style=\"font-size:11pt\"><span style=\"font-family:Calibri,sans-serif\">Certifikace IMQ SAFETY a IMQ PERFORMANCE<\/span><\/span><\/li>\n<li style=\"text-align:justify\"><span style=\"font-size:11pt\"><span style=\"font-family:Calibri,sans-serif\">Demontovateln&aacute; m\u0159&iacute;\u017eka pro snadn&eacute; \u010di&scaron;t\u011bn&iacute;<\/span><\/span><\/li>\n<\/ul>\n","protected":false},"excerpt":{"rendered":"<p style=\"text-align:justify\"><span style=\"font-size:11pt\"><span style=\"font-family:Calibri,sans-serif\">Stolov&yacute; ventil&aacute;tor <strong>ide&aacute;ln&iacute; do reziden\u010dn&iacute;ch nebo pr\u016fmyslov&yacute;ch prostor<\/strong>. Gordon 30\/12&lsquo;&lsquo; je vyroben <strong>z&nbsp;plastov&eacute; prysky\u0159ice<\/strong>, kter&aacute; nepodl&eacute;h&aacute; st&aacute;rnut&iacute; zp\u016fsoben&eacute;mu slune\u010dn&iacute;m z&aacute;\u0159en&iacute;m a kter&aacute; <strong>zabra\u0148uje usazov&aacute;n&iacute; prachu<\/strong>. Disponuje <strong>t\u0159&iacute;rychlostn&iacute;m asynchronn&iacute;m motorem<\/strong> s&nbsp;tepelnou ochranou proti p\u0159et&iacute;\u017een&iacute;. Ventil&aacute;tor je schopn&yacute; se ot&aacute;\u010det v&nbsp;&uacute;hlu 90&deg; a <strong>pr\u016ftok vzduchu<\/strong> p\u0159i nejvy&scaron;&scaron;&iacute;ch ot&aacute;\u010dk&aacute;ch je a\u017e <strong>2400m<sup>3<\/sup>\/h. <\/strong>Profil lopatek ventil&aacute;toru zabezpe\u010duje <strong>n&iacute;zkou provozn&iacute; hlasitost.<\/strong><\/span><\/span><\/p>\n","protected":false},"featured_media":551585,"template":"","meta":[],"product_cat":[10775,10769,10776],"product_tag":[],"class_list":{"0":"post-544217","1":"product","2":"type-product","3":"status-publish","4":"has-post-thumbnail","6":"product_cat-ventilatory-archivovane-produkty","7":"product_cat-archivovane-produkty","8":"product_cat-archivovane-produkty-ventilatory","9":"pa_kryti-ip20","10":"pa_label-archivovany","11":"pa_provedeni-letni","12":"pa_typ-gordon","13":"pa_vzduchovy-vykon-qv-m3-12930","14":"pa_znacka-vortice","16":"first","17":"outofstock","18":"taxable","19":"shipping-taxable","20":"purchasable","21":"product-type-simple"},"yoast_head":"<!-- This site is optimized with the Yoast SEO plugin v23.9 - https:\/\/yoast.com\/wordpress\/plugins\/seo\/ -->\n<title>Ventil\u00e1tor Vortice Gordon 30\/12&quot; - KLIMAVEX GROUP - \u010cesko<\/title>\n<meta name=\"robots\" content=\"index, follow, max-snippet:-1, max-image-preview:large, max-video-preview:-1\" \/>\n<link rel=\"canonical\" href=\"https:\/\/klimavex.eu\/cz\/katalog\/ventilator-vortice-gordon-30-12\/\" \/>\n<meta property=\"og:locale\" content=\"cs_CZ\" \/>\n<meta property=\"og:type\" content=\"article\" \/>\n<meta property=\"og:title\" content=\"Ventil\u00e1tor Vortice Gordon 30\/12&quot; - KLIMAVEX GROUP - \u010cesko\" \/>\n<meta property=\"og:description\" content=\"Stolov&yacute; ventil&aacute;tor ide&aacute;ln&iacute; do reziden\u010dn&iacute;ch nebo pr\u016fmyslov&yacute;ch prostor. Gordon 30\/12&lsquo;&lsquo; je vyroben z&nbsp;plastov&eacute; prysky\u0159ice, kter&aacute; nepodl&eacute;h&aacute; st&aacute;rnut&iacute; zp\u016fsoben&eacute;mu slune\u010dn&iacute;m z&aacute;\u0159en&iacute;m a kter&aacute; zabra\u0148uje usazov&aacute;n&iacute; prachu. Disponuje t\u0159&iacute;rychlostn&iacute;m asynchronn&iacute;m motorem s&nbsp;tepelnou ochranou proti p\u0159et&iacute;\u017een&iacute;. Ventil&aacute;tor je schopn&yacute; se ot&aacute;\u010det v&nbsp;&uacute;hlu 90&deg; a pr\u016ftok vzduchu p\u0159i nejvy&scaron;&scaron;&iacute;ch ot&aacute;\u010dk&aacute;ch je a\u017e 2400m3\/h. Profil lopatek ventil&aacute;toru zabezpe\u010duje n&iacute;zkou provozn&iacute; hlasitost.\" \/>\n<meta property=\"og:url\" content=\"https:\/\/klimavex.eu\/cz\/katalog\/ventilator-vortice-gordon-30-12\/\" \/>\n<meta property=\"og:site_name\" content=\"KLIMAVEX GROUP - \u010cesko\" \/>\n<meta property=\"article:publisher\" content=\"https:\/\/www.facebook.com\/klimavex.cz\" \/>\n<meta property=\"article:modified_time\" content=\"2026-04-08T19:06:27+00:00\" \/>\n<meta property=\"og:image\" content=\"https:\/\/klimavex.eu\/cz\/wp-content\/uploads\/2025\/09\/kkuPVkPtGz5ELewcoMnQJgIgpgdH3QCY4C-cNmaL4to-1.png\" \/>\n\t<meta property=\"og:image:width\" content=\"572\" \/>\n\t<meta property=\"og:image:height\" content=\"512\" \/>\n\t<meta property=\"og:image:type\" content=\"image\/png\" \/>\n<meta name=\"twitter:card\" content=\"summary_large_image\" \/>\n<script type=\"application\/ld+json\" class=\"yoast-schema-graph\">{\"@context\":\"https:\/\/schema.org\",\"@graph\":[{\"@type\":\"WebPage\",\"@id\":\"https:\/\/klimavex.eu\/cz\/katalog\/ventilator-vortice-gordon-30-12\/\",\"url\":\"https:\/\/klimavex.eu\/cz\/katalog\/ventilator-vortice-gordon-30-12\/\",\"name\":\"Ventil\u00e1tor Vortice Gordon 30\/12\\\" - KLIMAVEX GROUP - \u010cesko\",\"isPartOf\":{\"@id\":\"https:\/\/klimavex.eu\/cz\/#website\"},\"primaryImageOfPage\":{\"@id\":\"https:\/\/klimavex.eu\/cz\/katalog\/ventilator-vortice-gordon-30-12\/#primaryimage\"},\"image\":{\"@id\":\"https:\/\/klimavex.eu\/cz\/katalog\/ventilator-vortice-gordon-30-12\/#primaryimage\"},\"thumbnailUrl\":\"https:\/\/klimavex.eu\/cz\/wp-content\/uploads\/2025\/09\/kkuPVkPtGz5ELewcoMnQJgIgpgdH3QCY4C-cNmaL4to-1.png\",\"datePublished\":\"2026-04-08T19:05:43+00:00\",\"dateModified\":\"2026-04-08T19:06:27+00:00\",\"breadcrumb\":{\"@id\":\"https:\/\/klimavex.eu\/cz\/katalog\/ventilator-vortice-gordon-30-12\/#breadcrumb\"},\"inLanguage\":\"cs\",\"potentialAction\":[{\"@type\":\"ReadAction\",\"target\":[\"https:\/\/klimavex.eu\/cz\/katalog\/ventilator-vortice-gordon-30-12\/\"]}]},{\"@type\":\"ImageObject\",\"inLanguage\":\"cs\",\"@id\":\"https:\/\/klimavex.eu\/cz\/katalog\/ventilator-vortice-gordon-30-12\/#primaryimage\",\"url\":\"https:\/\/klimavex.eu\/cz\/wp-content\/uploads\/2025\/09\/kkuPVkPtGz5ELewcoMnQJgIgpgdH3QCY4C-cNmaL4to-1.png\",\"contentUrl\":\"https:\/\/klimavex.eu\/cz\/wp-content\/uploads\/2025\/09\/kkuPVkPtGz5ELewcoMnQJgIgpgdH3QCY4C-cNmaL4to-1.png\",\"width\":572,\"height\":512},{\"@type\":\"BreadcrumbList\",\"@id\":\"https:\/\/klimavex.eu\/cz\/katalog\/ventilator-vortice-gordon-30-12\/#breadcrumb\",\"itemListElement\":[{\"@type\":\"ListItem\",\"position\":1,\"name\":\"Domovsk\u00e1 str\u00e1nka\",\"item\":\"https:\/\/klimavex.eu\/cz\/\"},{\"@type\":\"ListItem\",\"position\":2,\"name\":\"Eshop\",\"item\":\"https:\/\/klimavex.eu\/cz\/eshop\/\"},{\"@type\":\"ListItem\",\"position\":3,\"name\":\"Ventil\u00e1tor Vortice Gordon 30\/12&#8243;\"}]},{\"@type\":\"WebSite\",\"@id\":\"https:\/\/klimavex.eu\/cz\/#website\",\"url\":\"https:\/\/klimavex.eu\/cz\/\",\"name\":\"KLIMAVEX GROUP - \u010cesko\",\"description\":\"\",\"publisher\":{\"@id\":\"https:\/\/klimavex.eu\/cz\/#organization\"},\"alternateName\":\"KLIMAVEX CZ a.s.\",\"potentialAction\":[{\"@type\":\"SearchAction\",\"target\":{\"@type\":\"EntryPoint\",\"urlTemplate\":\"https:\/\/klimavex.eu\/cz\/?s={search_term_string}\"},\"query-input\":{\"@type\":\"PropertyValueSpecification\",\"valueRequired\":true,\"valueName\":\"search_term_string\"}}],\"inLanguage\":\"cs\"},{\"@type\":\"Organization\",\"@id\":\"https:\/\/klimavex.eu\/cz\/#organization\",\"name\":\"KLIMAVEX GROUP\",\"alternateName\":\"KLIMAVEX\",\"url\":\"https:\/\/klimavex.eu\/cz\/\",\"logo\":{\"@type\":\"ImageObject\",\"inLanguage\":\"cs\",\"@id\":\"https:\/\/klimavex.eu\/cz\/#\/schema\/logo\/image\/\",\"url\":\"https:\/\/klimavex.eu\/cz\/wp-content\/uploads\/2024\/04\/Klimavex-Group-logo.png\",\"contentUrl\":\"https:\/\/klimavex.eu\/cz\/wp-content\/uploads\/2024\/04\/Klimavex-Group-logo.png\",\"width\":1681,\"height\":472,\"caption\":\"KLIMAVEX GROUP\"},\"image\":{\"@id\":\"https:\/\/klimavex.eu\/cz\/#\/schema\/logo\/image\/\"},\"sameAs\":[\"https:\/\/www.facebook.com\/klimavex.cz\",\"https:\/\/www.instagram.com\/klimavex_cz\/\"]}]}<\/script>\n<!-- \/ Yoast SEO plugin. -->","yoast_head_json":{"title":"Ventil\u00e1tor Vortice Gordon 30\/12\" - KLIMAVEX GROUP - \u010cesko","robots":{"index":"index","follow":"follow","max-snippet":"max-snippet:-1","max-image-preview":"max-image-preview:large","max-video-preview":"max-video-preview:-1"},"canonical":"https:\/\/klimavex.eu\/cz\/katalog\/ventilator-vortice-gordon-30-12\/","og_locale":"cs_CZ","og_type":"article","og_title":"Ventil\u00e1tor Vortice Gordon 30\/12\" - KLIMAVEX GROUP - \u010cesko","og_description":"Stolov&yacute; ventil&aacute;tor ide&aacute;ln&iacute; do reziden\u010dn&iacute;ch nebo pr\u016fmyslov&yacute;ch prostor. Gordon 30\/12&lsquo;&lsquo; je vyroben z&nbsp;plastov&eacute; prysky\u0159ice, kter&aacute; nepodl&eacute;h&aacute; st&aacute;rnut&iacute; zp\u016fsoben&eacute;mu slune\u010dn&iacute;m z&aacute;\u0159en&iacute;m a kter&aacute; zabra\u0148uje usazov&aacute;n&iacute; prachu. Disponuje t\u0159&iacute;rychlostn&iacute;m asynchronn&iacute;m motorem s&nbsp;tepelnou ochranou proti p\u0159et&iacute;\u017een&iacute;. Ventil&aacute;tor je schopn&yacute; se ot&aacute;\u010det v&nbsp;&uacute;hlu 90&deg; a pr\u016ftok vzduchu p\u0159i nejvy&scaron;&scaron;&iacute;ch ot&aacute;\u010dk&aacute;ch je a\u017e 2400m3\/h. Profil lopatek ventil&aacute;toru zabezpe\u010duje n&iacute;zkou provozn&iacute; hlasitost.","og_url":"https:\/\/klimavex.eu\/cz\/katalog\/ventilator-vortice-gordon-30-12\/","og_site_name":"KLIMAVEX GROUP - \u010cesko","article_publisher":"https:\/\/www.facebook.com\/klimavex.cz","article_modified_time":"2026-04-08T19:06:27+00:00","og_image":[{"width":572,"height":512,"url":"https:\/\/klimavex.eu\/cz\/wp-content\/uploads\/2025\/09\/kkuPVkPtGz5ELewcoMnQJgIgpgdH3QCY4C-cNmaL4to-1.png","type":"image\/png"}],"twitter_card":"summary_large_image","schema":{"@context":"https:\/\/schema.org","@graph":[{"@type":"WebPage","@id":"https:\/\/klimavex.eu\/cz\/katalog\/ventilator-vortice-gordon-30-12\/","url":"https:\/\/klimavex.eu\/cz\/katalog\/ventilator-vortice-gordon-30-12\/","name":"Ventil\u00e1tor Vortice Gordon 30\/12\" - KLIMAVEX GROUP - \u010cesko","isPartOf":{"@id":"https:\/\/klimavex.eu\/cz\/#website"},"primaryImageOfPage":{"@id":"https:\/\/klimavex.eu\/cz\/katalog\/ventilator-vortice-gordon-30-12\/#primaryimage"},"image":{"@id":"https:\/\/klimavex.eu\/cz\/katalog\/ventilator-vortice-gordon-30-12\/#primaryimage"},"thumbnailUrl":"https:\/\/klimavex.eu\/cz\/wp-content\/uploads\/2025\/09\/kkuPVkPtGz5ELewcoMnQJgIgpgdH3QCY4C-cNmaL4to-1.png","datePublished":"2026-04-08T19:05:43+00:00","dateModified":"2026-04-08T19:06:27+00:00","breadcrumb":{"@id":"https:\/\/klimavex.eu\/cz\/katalog\/ventilator-vortice-gordon-30-12\/#breadcrumb"},"inLanguage":"cs","potentialAction":[{"@type":"ReadAction","target":["https:\/\/klimavex.eu\/cz\/katalog\/ventilator-vortice-gordon-30-12\/"]}]},{"@type":"ImageObject","inLanguage":"cs","@id":"https:\/\/klimavex.eu\/cz\/katalog\/ventilator-vortice-gordon-30-12\/#primaryimage","url":"https:\/\/klimavex.eu\/cz\/wp-content\/uploads\/2025\/09\/kkuPVkPtGz5ELewcoMnQJgIgpgdH3QCY4C-cNmaL4to-1.png","contentUrl":"https:\/\/klimavex.eu\/cz\/wp-content\/uploads\/2025\/09\/kkuPVkPtGz5ELewcoMnQJgIgpgdH3QCY4C-cNmaL4to-1.png","width":572,"height":512},{"@type":"BreadcrumbList","@id":"https:\/\/klimavex.eu\/cz\/katalog\/ventilator-vortice-gordon-30-12\/#breadcrumb","itemListElement":[{"@type":"ListItem","position":1,"name":"Domovsk\u00e1 str\u00e1nka","item":"https:\/\/klimavex.eu\/cz\/"},{"@type":"ListItem","position":2,"name":"Eshop","item":"https:\/\/klimavex.eu\/cz\/eshop\/"},{"@type":"ListItem","position":3,"name":"Ventil\u00e1tor Vortice Gordon 30\/12&#8243;"}]},{"@type":"WebSite","@id":"https:\/\/klimavex.eu\/cz\/#website","url":"https:\/\/klimavex.eu\/cz\/","name":"KLIMAVEX GROUP - \u010cesko","description":"","publisher":{"@id":"https:\/\/klimavex.eu\/cz\/#organization"},"alternateName":"KLIMAVEX CZ a.s.","potentialAction":[{"@type":"SearchAction","target":{"@type":"EntryPoint","urlTemplate":"https:\/\/klimavex.eu\/cz\/?s={search_term_string}"},"query-input":{"@type":"PropertyValueSpecification","valueRequired":true,"valueName":"search_term_string"}}],"inLanguage":"cs"},{"@type":"Organization","@id":"https:\/\/klimavex.eu\/cz\/#organization","name":"KLIMAVEX GROUP","alternateName":"KLIMAVEX","url":"https:\/\/klimavex.eu\/cz\/","logo":{"@type":"ImageObject","inLanguage":"cs","@id":"https:\/\/klimavex.eu\/cz\/#\/schema\/logo\/image\/","url":"https:\/\/klimavex.eu\/cz\/wp-content\/uploads\/2024\/04\/Klimavex-Group-logo.png","contentUrl":"https:\/\/klimavex.eu\/cz\/wp-content\/uploads\/2024\/04\/Klimavex-Group-logo.png","width":1681,"height":472,"caption":"KLIMAVEX GROUP"},"image":{"@id":"https:\/\/klimavex.eu\/cz\/#\/schema\/logo\/image\/"},"sameAs":["https:\/\/www.facebook.com\/klimavex.cz","https:\/\/www.instagram.com\/klimavex_cz\/"]}]}},"_links":{"self":[{"href":"https:\/\/klimavex.eu\/cz\/wp-json\/wp\/v2\/product\/544217","targetHints":{"allow":["GET"]}}],"collection":[{"href":"https:\/\/klimavex.eu\/cz\/wp-json\/wp\/v2\/product"}],"about":[{"href":"https:\/\/klimavex.eu\/cz\/wp-json\/wp\/v2\/types\/product"}],"version-history":[{"count":0,"href":"https:\/\/klimavex.eu\/cz\/wp-json\/wp\/v2\/product\/544217\/revisions"}],"wp:featuredmedia":[{"embeddable":true,"href":"https:\/\/klimavex.eu\/cz\/wp-json\/wp\/v2\/media\/551585"}],"wp:attachment":[{"href":"https:\/\/klimavex.eu\/cz\/wp-json\/wp\/v2\/media?parent=544217"}],"wp:term":[{"taxonomy":"product_cat","embeddable":true,"href":"https:\/\/klimavex.eu\/cz\/wp-json\/wp\/v2\/product_cat?post=544217"},{"taxonomy":"product_tag","embeddable":true,"href":"https:\/\/klimavex.eu\/cz\/wp-json\/wp\/v2\/product_tag?post=544217"}],"curies":[{"name":"wp","href":"https:\/\/api.w.org\/{rel}","templated":true}]}}