{"id":544218,"date":"2026-03-31T18:50:23","date_gmt":"2026-03-31T16:50:23","guid":{"rendered":"https:\/\/klimavex.eu\/cz\/katalog\/ventilator-vortice-nordik-international-plus-r-140-56-ipx5\/"},"modified":"2026-03-31T18:51:19","modified_gmt":"2026-03-31T16:51:19","slug":"ventilator-vortice-nordik-international-plus-r-140-56-ipx5","status":"publish","type":"product","link":"https:\/\/klimavex.eu\/cz\/katalog\/ventilator-vortice-nordik-international-plus-r-140-56-ipx5\/","title":{"rendered":"Ventil\u00e1tor Vortice Nordik International Plus-R 140\/56&#8243; IPX5"},"content":{"rendered":"<p style=\"text-align:justify\"><span style=\"font-size:11pt\"><span style=\"font-family:Calibri,sans-serif\"><strong><span style=\"background-color:white\"><span style=\"color:black\">Kl&iacute;\u010dov&eacute; vlastnosti:<\/span><\/span><\/strong><\/span><\/span><\/p>\n<ul>\n<li style=\"text-align:justify\"><span style=\"font-size:11pt\"><span style=\"background-color:white\"><span style=\"font-family:Calibri,sans-serif\"><span style=\"color:black\">Kryt&iacute; IPX5<\/span><\/span><\/span><\/span><\/li>\n<li style=\"text-align:justify\"><span style=\"font-size:11pt\"><span style=\"background-color:white\"><span style=\"font-family:Calibri,sans-serif\"><span style=\"color:black\">Reverzn&iacute; chod<\/span><\/span><\/span><\/span><\/li>\n<li style=\"text-align:justify\"><span style=\"font-size:11pt\"><span style=\"background-color:white\"><span style=\"font-family:Calibri,sans-serif\"><span style=\"color:black\">Horn&iacute; a spodn&iacute; kryt motoru lisovan&yacute; z tepeln\u011b odoln&eacute; a UV odoln&eacute; termoplastick&eacute; prysky\u0159ice (ABS)<\/span><\/span><\/span><\/span><\/li>\n<li style=\"text-align:justify\"><span style=\"font-size:11pt\"><span style=\"background-color:white\"><span style=\"font-family:Calibri,sans-serif\"><span style=\"color:black\">Kabel&aacute;\u017e na konci stropn&iacute; ty\u010de zakryt&aacute; kopulemi lisovan&yacute;mi z PP odoln&eacute;ho proti n&aacute;razu a UV z&aacute;\u0159en&iacute;<\/span><\/span><\/span><\/span><\/li>\n<li style=\"text-align:justify\"><span style=\"font-size:11pt\"><span style=\"background-color:white\"><span style=\"font-family:Calibri,sans-serif\"><span style=\"color:black\">Jednof&aacute;zov&yacute; rozb\u011bhov&yacute; kondenz&aacute;torov&yacute; motor s vn\u011bj&scaron;&iacute;m rotorem a h\u0159&iacute;delem nat&aacute;\u010div&yacute;m v kuli\u010dkov&yacute;ch lo\u017eisk&aacute;ch<\/span><\/span><\/span><\/span><\/li>\n<li style=\"text-align:justify\"><span style=\"font-size:11pt\"><span style=\"background-color:white\"><span style=\"font-family:Calibri,sans-serif\"><span style=\"color:black\">3 \u010depele z ocelov&eacute;ho plechu pr&aacute;&scaron;kov\u011b lakovan&eacute; polyesterem odoln&yacute;m proti po&scaron;kr&aacute;b&aacute;n&iacute;<\/span><\/span><\/span><\/span><\/li>\n<li style=\"text-align:justify\"><span style=\"font-size:11pt\"><span style=\"background-color:white\"><span style=\"font-family:Calibri,sans-serif\"><span style=\"color:black\">Ta&scaron;ka s p\u0159&iacute;slu&scaron;enstv&iacute;m obsahuj&iacute;c&iacute; matice a &scaron;rouby pot\u0159ebn&eacute; pro mont&aacute;\u017e no\u017e\u016f, stropn&iacute;ho h&aacute;ku a pry\u017eov&eacute; antivibra\u010dn&iacute; podlo\u017eky<\/span><\/span><\/span><\/span><\/li>\n<li style=\"text-align:justify\"><span style=\"font-size:11pt\"><span style=\"background-color:white\"><span style=\"font-family:Calibri,sans-serif\"><span style=\"color:black\">P\u0159ipraveno pro pou\u017eit&iacute; p\u0159&iacute;davn&eacute;ho osv\u011btlen&iacute; (voliteln&eacute; p\u0159&iacute;slu&scaron;enstv&iacute;)<\/span><\/span><\/span><\/span><\/li>\n<li style=\"text-align:justify\"><span style=\"font-size:11pt\"><span style=\"background-color:white\"><span style=\"font-family:Calibri,sans-serif\"><span style=\"color:black\">Rychlost voliteln&aacute; pomoc&iacute; \u0159&iacute;dic&iacute;ch jednotek (voliteln&eacute; p\u0159&iacute;slu&scaron;enstv&iacute;)<\/span><\/span><\/span><\/span><\/li>\n<li style=\"text-align:justify\"><span style=\"font-size:11pt\"><span style=\"background-color:white\"><span style=\"font-family:Calibri,sans-serif\"><span style=\"color:black\">37,5cm dlouh&aacute; z&aacute;v\u011bsn&aacute; ty\u010d<\/span><\/span><\/span><\/span><\/li>\n<\/ul>\n","protected":false},"excerpt":{"rendered":"<p style=\"text-align:justify\"><span style=\"font-size:11pt\"><span style=\"font-family:Calibri,sans-serif\">Stropn&iacute; ventil&aacute;tor Nordik International Plus-R IPX5 je d&iacute;ky kryt&iacute; IPX5 vhodn&yacute; pro <strong>pou\u017eit&iacute; ve vlhk&yacute;ch prostorech<\/strong>,<span style=\"background-color:white\"><span style=\"color:black\"> jako jsou sklen&iacute;ky, terasy, d&iacute;lny nebo sklady. \u010c&aacute;sti motoru vystaven&eacute; vn\u011bj&scaron;&iacute;mu prost\u0159ed&iacute; jsou vyrobeny z&nbsp;pozinkovan&eacute; oceli s&nbsp;povrchov&yacute;m n&aacute;t\u011brem z&nbsp;polyesteru.&nbsp;<strong><span style=\"font-family:&quot;Calibri&quot;,sans-serif\">Stropn&iacute; ventil&aacute;tor<\/span><\/strong>&nbsp;Nordik International Plus-R je&nbsp;<strong><span style=\"font-family:&quot;Calibri&quot;,sans-serif\">vybaven reverzibiln&iacute; funkc&iacute;<\/span><\/strong>&nbsp;&ndash; funkc&iacute; zp\u011btn&eacute;ho chodu. To se hod&iacute; zejm&eacute;na v&nbsp;zim\u011b, proto\u017ee zp\u011btn&yacute; chod ventil&aacute;toru dok&aacute;\u017ee rozpt&yacute;lit tepl&yacute; vzduch usazen&yacute; u stropu. Stropn&iacute; ventil&aacute;tor Nordik International Plus R&nbsp;dosahuje <strong>velk&eacute;ho v&yacute;konu i p\u0159i n&iacute;zk&yacute;ch ot&aacute;\u010dk&aacute;ch<\/strong> a d&iacute;ky profilu lopatek m&aacute; <strong>n&iacute;zkou provozn&iacute; hlu\u010dnost<\/strong>.<\/span><\/span><\/span><\/span><\/p>\n","protected":false},"featured_media":551591,"template":"","meta":[],"product_cat":[7634,7562,7613],"product_tag":[],"class_list":{"0":"post-544218","1":"product","2":"type-product","3":"status-publish","4":"has-post-thumbnail","6":"product_cat-nordik-international","7":"product_cat-ventilatory","8":"product_cat-stropni-ventilatory","9":"pa_kryti-ipx5","10":"pa_provedeni-stropni","11":"pa_typ-nordik-international-r","12":"pa_vzduchovy-vykon-qv-m3-13069","13":"pa_znacka-vortice","15":"first","16":"instock","17":"taxable","18":"shipping-taxable","19":"purchasable","20":"product-type-simple"},"yoast_head":"<!-- This site is optimized with the Yoast SEO plugin v23.9 - https:\/\/yoast.com\/wordpress\/plugins\/seo\/ -->\n<title>Ventil\u00e1tor Vortice Nordik International Plus-R 140\/56&quot; IPX5 - KLIMAVEX GROUP - \u010cesko<\/title>\n<meta name=\"robots\" content=\"index, follow, max-snippet:-1, max-image-preview:large, max-video-preview:-1\" \/>\n<link rel=\"canonical\" href=\"https:\/\/klimavex.eu\/cz\/katalog\/ventilator-vortice-nordik-international-plus-r-140-56-ipx5\/\" \/>\n<meta property=\"og:locale\" content=\"cs_CZ\" \/>\n<meta property=\"og:type\" content=\"article\" \/>\n<meta property=\"og:title\" content=\"Ventil\u00e1tor Vortice Nordik International Plus-R 140\/56&quot; IPX5 - KLIMAVEX GROUP - \u010cesko\" \/>\n<meta property=\"og:description\" content=\"Stropn&iacute; ventil&aacute;tor Nordik International Plus-R IPX5 je d&iacute;ky kryt&iacute; IPX5 vhodn&yacute; pro pou\u017eit&iacute; ve vlhk&yacute;ch prostorech, jako jsou sklen&iacute;ky, terasy, d&iacute;lny nebo sklady. \u010c&aacute;sti motoru vystaven&eacute; vn\u011bj&scaron;&iacute;mu prost\u0159ed&iacute; jsou vyrobeny z&nbsp;pozinkovan&eacute; oceli s&nbsp;povrchov&yacute;m n&aacute;t\u011brem z&nbsp;polyesteru.&nbsp;Stropn&iacute; ventil&aacute;tor&nbsp;Nordik International Plus-R je&nbsp;vybaven reverzibiln&iacute; funkc&iacute;&nbsp;&ndash; funkc&iacute; zp\u011btn&eacute;ho chodu. To se hod&iacute; zejm&eacute;na v&nbsp;zim\u011b, proto\u017ee zp\u011btn&yacute; chod ventil&aacute;toru dok&aacute;\u017ee rozpt&yacute;lit tepl&yacute; vzduch usazen&yacute; u stropu. Stropn&iacute; ventil&aacute;tor Nordik International Plus R&nbsp;dosahuje velk&eacute;ho v&yacute;konu i p\u0159i n&iacute;zk&yacute;ch ot&aacute;\u010dk&aacute;ch a d&iacute;ky profilu lopatek m&aacute; n&iacute;zkou provozn&iacute; hlu\u010dnost.\" \/>\n<meta property=\"og:url\" content=\"https:\/\/klimavex.eu\/cz\/katalog\/ventilator-vortice-nordik-international-plus-r-140-56-ipx5\/\" \/>\n<meta property=\"og:site_name\" content=\"KLIMAVEX GROUP - \u010cesko\" \/>\n<meta property=\"article:publisher\" content=\"https:\/\/www.facebook.com\/klimavex.cz\" \/>\n<meta property=\"article:modified_time\" content=\"2026-03-31T16:51:19+00:00\" \/>\n<meta property=\"og:image\" content=\"https:\/\/klimavex.eu\/cz\/wp-content\/uploads\/2024\/02\/LOGO-KLIMAVEX-modra-kostka-1.png\" \/>\n\t<meta property=\"og:image:width\" content=\"9184\" \/>\n\t<meta property=\"og:image:height\" content=\"9184\" \/>\n\t<meta property=\"og:image:type\" content=\"image\/png\" \/>\n<meta name=\"twitter:card\" content=\"summary_large_image\" \/>\n<meta name=\"twitter:label1\" content=\"Odhadovan\u00e1 doba \u010dten\u00ed\" \/>\n\t<meta name=\"twitter:data1\" content=\"1 minuta\" \/>\n<script type=\"application\/ld+json\" class=\"yoast-schema-graph\">{\"@context\":\"https:\/\/schema.org\",\"@graph\":[{\"@type\":\"WebPage\",\"@id\":\"https:\/\/klimavex.eu\/cz\/katalog\/ventilator-vortice-nordik-international-plus-r-140-56-ipx5\/\",\"url\":\"https:\/\/klimavex.eu\/cz\/katalog\/ventilator-vortice-nordik-international-plus-r-140-56-ipx5\/\",\"name\":\"Ventil\u00e1tor Vortice Nordik International Plus-R 140\/56\\\" IPX5 - KLIMAVEX GROUP - \u010cesko\",\"isPartOf\":{\"@id\":\"https:\/\/klimavex.eu\/cz\/#website\"},\"primaryImageOfPage\":{\"@id\":\"https:\/\/klimavex.eu\/cz\/katalog\/ventilator-vortice-nordik-international-plus-r-140-56-ipx5\/#primaryimage\"},\"image\":{\"@id\":\"https:\/\/klimavex.eu\/cz\/katalog\/ventilator-vortice-nordik-international-plus-r-140-56-ipx5\/#primaryimage\"},\"thumbnailUrl\":\"https:\/\/klimavex.eu\/cz\/wp-content\/uploads\/2025\/09\/KZkeWhPVrisiqDLZwFXPmStbZNlG0JYmAC0ZbMP50B4.png\",\"datePublished\":\"2026-03-31T16:50:23+00:00\",\"dateModified\":\"2026-03-31T16:51:19+00:00\",\"breadcrumb\":{\"@id\":\"https:\/\/klimavex.eu\/cz\/katalog\/ventilator-vortice-nordik-international-plus-r-140-56-ipx5\/#breadcrumb\"},\"inLanguage\":\"cs\",\"potentialAction\":[{\"@type\":\"ReadAction\",\"target\":[\"https:\/\/klimavex.eu\/cz\/katalog\/ventilator-vortice-nordik-international-plus-r-140-56-ipx5\/\"]}]},{\"@type\":\"ImageObject\",\"inLanguage\":\"cs\",\"@id\":\"https:\/\/klimavex.eu\/cz\/katalog\/ventilator-vortice-nordik-international-plus-r-140-56-ipx5\/#primaryimage\",\"url\":\"https:\/\/klimavex.eu\/cz\/wp-content\/uploads\/2025\/09\/KZkeWhPVrisiqDLZwFXPmStbZNlG0JYmAC0ZbMP50B4.png\",\"contentUrl\":\"https:\/\/klimavex.eu\/cz\/wp-content\/uploads\/2025\/09\/KZkeWhPVrisiqDLZwFXPmStbZNlG0JYmAC0ZbMP50B4.png\",\"width\":572,\"height\":512},{\"@type\":\"BreadcrumbList\",\"@id\":\"https:\/\/klimavex.eu\/cz\/katalog\/ventilator-vortice-nordik-international-plus-r-140-56-ipx5\/#breadcrumb\",\"itemListElement\":[{\"@type\":\"ListItem\",\"position\":1,\"name\":\"Domovsk\u00e1 str\u00e1nka\",\"item\":\"https:\/\/klimavex.eu\/cz\/\"},{\"@type\":\"ListItem\",\"position\":2,\"name\":\"Eshop\",\"item\":\"https:\/\/klimavex.eu\/cz\/eshop\/\"},{\"@type\":\"ListItem\",\"position\":3,\"name\":\"Ventil\u00e1tor Vortice Nordik International Plus-R 140\/56&#8243; IPX5\"}]},{\"@type\":\"WebSite\",\"@id\":\"https:\/\/klimavex.eu\/cz\/#website\",\"url\":\"https:\/\/klimavex.eu\/cz\/\",\"name\":\"KLIMAVEX GROUP - \u010cesko\",\"description\":\"\",\"publisher\":{\"@id\":\"https:\/\/klimavex.eu\/cz\/#organization\"},\"alternateName\":\"KLIMAVEX CZ a.s.\",\"potentialAction\":[{\"@type\":\"SearchAction\",\"target\":{\"@type\":\"EntryPoint\",\"urlTemplate\":\"https:\/\/klimavex.eu\/cz\/?s={search_term_string}\"},\"query-input\":{\"@type\":\"PropertyValueSpecification\",\"valueRequired\":true,\"valueName\":\"search_term_string\"}}],\"inLanguage\":\"cs\"},{\"@type\":\"Organization\",\"@id\":\"https:\/\/klimavex.eu\/cz\/#organization\",\"name\":\"KLIMAVEX GROUP\",\"alternateName\":\"KLIMAVEX\",\"url\":\"https:\/\/klimavex.eu\/cz\/\",\"logo\":{\"@type\":\"ImageObject\",\"inLanguage\":\"cs\",\"@id\":\"https:\/\/klimavex.eu\/cz\/#\/schema\/logo\/image\/\",\"url\":\"https:\/\/klimavex.eu\/cz\/wp-content\/uploads\/2024\/04\/Klimavex-Group-logo.png\",\"contentUrl\":\"https:\/\/klimavex.eu\/cz\/wp-content\/uploads\/2024\/04\/Klimavex-Group-logo.png\",\"width\":1681,\"height\":472,\"caption\":\"KLIMAVEX GROUP\"},\"image\":{\"@id\":\"https:\/\/klimavex.eu\/cz\/#\/schema\/logo\/image\/\"},\"sameAs\":[\"https:\/\/www.facebook.com\/klimavex.cz\",\"https:\/\/www.instagram.com\/klimavex_cz\/\"]}]}<\/script>\n<!-- \/ Yoast SEO plugin. -->","yoast_head_json":{"title":"Ventil\u00e1tor Vortice Nordik International Plus-R 140\/56\" IPX5 - KLIMAVEX GROUP - \u010cesko","robots":{"index":"index","follow":"follow","max-snippet":"max-snippet:-1","max-image-preview":"max-image-preview:large","max-video-preview":"max-video-preview:-1"},"canonical":"https:\/\/klimavex.eu\/cz\/katalog\/ventilator-vortice-nordik-international-plus-r-140-56-ipx5\/","og_locale":"cs_CZ","og_type":"article","og_title":"Ventil\u00e1tor Vortice Nordik International Plus-R 140\/56\" IPX5 - KLIMAVEX GROUP - \u010cesko","og_description":"Stropn&iacute; ventil&aacute;tor Nordik International Plus-R IPX5 je d&iacute;ky kryt&iacute; IPX5 vhodn&yacute; pro pou\u017eit&iacute; ve vlhk&yacute;ch prostorech, jako jsou sklen&iacute;ky, terasy, d&iacute;lny nebo sklady. \u010c&aacute;sti motoru vystaven&eacute; vn\u011bj&scaron;&iacute;mu prost\u0159ed&iacute; jsou vyrobeny z&nbsp;pozinkovan&eacute; oceli s&nbsp;povrchov&yacute;m n&aacute;t\u011brem z&nbsp;polyesteru.&nbsp;Stropn&iacute; ventil&aacute;tor&nbsp;Nordik International Plus-R je&nbsp;vybaven reverzibiln&iacute; funkc&iacute;&nbsp;&ndash; funkc&iacute; zp\u011btn&eacute;ho chodu. To se hod&iacute; zejm&eacute;na v&nbsp;zim\u011b, proto\u017ee zp\u011btn&yacute; chod ventil&aacute;toru dok&aacute;\u017ee rozpt&yacute;lit tepl&yacute; vzduch usazen&yacute; u stropu. Stropn&iacute; ventil&aacute;tor Nordik International Plus R&nbsp;dosahuje velk&eacute;ho v&yacute;konu i p\u0159i n&iacute;zk&yacute;ch ot&aacute;\u010dk&aacute;ch a d&iacute;ky profilu lopatek m&aacute; n&iacute;zkou provozn&iacute; hlu\u010dnost.","og_url":"https:\/\/klimavex.eu\/cz\/katalog\/ventilator-vortice-nordik-international-plus-r-140-56-ipx5\/","og_site_name":"KLIMAVEX GROUP - \u010cesko","article_publisher":"https:\/\/www.facebook.com\/klimavex.cz","article_modified_time":"2026-03-31T16:51:19+00:00","og_image":[{"width":9184,"height":9184,"url":"https:\/\/klimavex.eu\/cz\/wp-content\/uploads\/2024\/02\/LOGO-KLIMAVEX-modra-kostka-1.png","type":"image\/png"}],"twitter_card":"summary_large_image","twitter_misc":{"Odhadovan\u00e1 doba \u010dten\u00ed":"1 minuta"},"schema":{"@context":"https:\/\/schema.org","@graph":[{"@type":"WebPage","@id":"https:\/\/klimavex.eu\/cz\/katalog\/ventilator-vortice-nordik-international-plus-r-140-56-ipx5\/","url":"https:\/\/klimavex.eu\/cz\/katalog\/ventilator-vortice-nordik-international-plus-r-140-56-ipx5\/","name":"Ventil\u00e1tor Vortice Nordik International Plus-R 140\/56\" IPX5 - KLIMAVEX GROUP - \u010cesko","isPartOf":{"@id":"https:\/\/klimavex.eu\/cz\/#website"},"primaryImageOfPage":{"@id":"https:\/\/klimavex.eu\/cz\/katalog\/ventilator-vortice-nordik-international-plus-r-140-56-ipx5\/#primaryimage"},"image":{"@id":"https:\/\/klimavex.eu\/cz\/katalog\/ventilator-vortice-nordik-international-plus-r-140-56-ipx5\/#primaryimage"},"thumbnailUrl":"https:\/\/klimavex.eu\/cz\/wp-content\/uploads\/2025\/09\/KZkeWhPVrisiqDLZwFXPmStbZNlG0JYmAC0ZbMP50B4.png","datePublished":"2026-03-31T16:50:23+00:00","dateModified":"2026-03-31T16:51:19+00:00","breadcrumb":{"@id":"https:\/\/klimavex.eu\/cz\/katalog\/ventilator-vortice-nordik-international-plus-r-140-56-ipx5\/#breadcrumb"},"inLanguage":"cs","potentialAction":[{"@type":"ReadAction","target":["https:\/\/klimavex.eu\/cz\/katalog\/ventilator-vortice-nordik-international-plus-r-140-56-ipx5\/"]}]},{"@type":"ImageObject","inLanguage":"cs","@id":"https:\/\/klimavex.eu\/cz\/katalog\/ventilator-vortice-nordik-international-plus-r-140-56-ipx5\/#primaryimage","url":"https:\/\/klimavex.eu\/cz\/wp-content\/uploads\/2025\/09\/KZkeWhPVrisiqDLZwFXPmStbZNlG0JYmAC0ZbMP50B4.png","contentUrl":"https:\/\/klimavex.eu\/cz\/wp-content\/uploads\/2025\/09\/KZkeWhPVrisiqDLZwFXPmStbZNlG0JYmAC0ZbMP50B4.png","width":572,"height":512},{"@type":"BreadcrumbList","@id":"https:\/\/klimavex.eu\/cz\/katalog\/ventilator-vortice-nordik-international-plus-r-140-56-ipx5\/#breadcrumb","itemListElement":[{"@type":"ListItem","position":1,"name":"Domovsk\u00e1 str\u00e1nka","item":"https:\/\/klimavex.eu\/cz\/"},{"@type":"ListItem","position":2,"name":"Eshop","item":"https:\/\/klimavex.eu\/cz\/eshop\/"},{"@type":"ListItem","position":3,"name":"Ventil\u00e1tor Vortice Nordik International Plus-R 140\/56&#8243; IPX5"}]},{"@type":"WebSite","@id":"https:\/\/klimavex.eu\/cz\/#website","url":"https:\/\/klimavex.eu\/cz\/","name":"KLIMAVEX GROUP - \u010cesko","description":"","publisher":{"@id":"https:\/\/klimavex.eu\/cz\/#organization"},"alternateName":"KLIMAVEX CZ a.s.","potentialAction":[{"@type":"SearchAction","target":{"@type":"EntryPoint","urlTemplate":"https:\/\/klimavex.eu\/cz\/?s={search_term_string}"},"query-input":{"@type":"PropertyValueSpecification","valueRequired":true,"valueName":"search_term_string"}}],"inLanguage":"cs"},{"@type":"Organization","@id":"https:\/\/klimavex.eu\/cz\/#organization","name":"KLIMAVEX GROUP","alternateName":"KLIMAVEX","url":"https:\/\/klimavex.eu\/cz\/","logo":{"@type":"ImageObject","inLanguage":"cs","@id":"https:\/\/klimavex.eu\/cz\/#\/schema\/logo\/image\/","url":"https:\/\/klimavex.eu\/cz\/wp-content\/uploads\/2024\/04\/Klimavex-Group-logo.png","contentUrl":"https:\/\/klimavex.eu\/cz\/wp-content\/uploads\/2024\/04\/Klimavex-Group-logo.png","width":1681,"height":472,"caption":"KLIMAVEX GROUP"},"image":{"@id":"https:\/\/klimavex.eu\/cz\/#\/schema\/logo\/image\/"},"sameAs":["https:\/\/www.facebook.com\/klimavex.cz","https:\/\/www.instagram.com\/klimavex_cz\/"]}]}},"_links":{"self":[{"href":"https:\/\/klimavex.eu\/cz\/wp-json\/wp\/v2\/product\/544218","targetHints":{"allow":["GET"]}}],"collection":[{"href":"https:\/\/klimavex.eu\/cz\/wp-json\/wp\/v2\/product"}],"about":[{"href":"https:\/\/klimavex.eu\/cz\/wp-json\/wp\/v2\/types\/product"}],"version-history":[{"count":0,"href":"https:\/\/klimavex.eu\/cz\/wp-json\/wp\/v2\/product\/544218\/revisions"}],"wp:featuredmedia":[{"embeddable":true,"href":"https:\/\/klimavex.eu\/cz\/wp-json\/wp\/v2\/media\/551591"}],"wp:attachment":[{"href":"https:\/\/klimavex.eu\/cz\/wp-json\/wp\/v2\/media?parent=544218"}],"wp:term":[{"taxonomy":"product_cat","embeddable":true,"href":"https:\/\/klimavex.eu\/cz\/wp-json\/wp\/v2\/product_cat?post=544218"},{"taxonomy":"product_tag","embeddable":true,"href":"https:\/\/klimavex.eu\/cz\/wp-json\/wp\/v2\/product_tag?post=544218"}],"curies":[{"name":"wp","href":"https:\/\/api.w.org\/{rel}","templated":true}]}}