{"id":544266,"date":"2026-03-31T18:51:38","date_gmt":"2026-03-31T16:51:38","guid":{"rendered":"https:\/\/klimavex.eu\/cz\/katalog\/ventilator-vortice-v-300-12-ar\/"},"modified":"2026-03-31T18:52:27","modified_gmt":"2026-03-31T16:52:27","slug":"ventilator-vortice-v-300-12-ar","status":"publish","type":"product","link":"https:\/\/klimavex.eu\/cz\/katalog\/ventilator-vortice-v-300-12-ar\/","title":{"rendered":"Ventil\u00e1tor Vortice V 300\/12&#8243; AR"},"content":{"rendered":"<p style=\"text-align: justify;\"><strong>Kl&iacute;\u010dov&eacute; vlastnosti:<\/strong><\/p>\n<ul>\n<li style=\"text-align: justify;\">Mont&aacute;\u017e na ze\u010f, strop nebo do okna pomoc&iacute; p\u0159&iacute;slu&scaron;enstv&iacute;.<\/li>\n<li style=\"text-align: justify;\">Vybaven automatickou m\u0159&iacute;\u017ekou, kter&aacute; zabra\u0148uje zp\u011btn&eacute;mu proud\u011bn&iacute; vzduchu, pokud ventil&aacute;tor nen&iacute; v provozu. \u010celn&iacute; m\u0159&iacute;\u017eka se automaticky otev\u0159e\/zav\u0159e p\u0159i zapnut&iacute;\/vypnut&iacute; ventil&aacute;toru.<\/li>\n<li style=\"text-align: justify;\">S reverzn&iacute;m chodem &ndash; mo\u017enost oto\u010den&iacute; proud\u011bn&iacute; vzduchu.<\/li>\n<li style=\"text-align: justify;\">Profil lopatek ventil&aacute;toru a t\u011blesa ventil&aacute;toru zaji&scaron;\u0165uje vysok&yacute; pr\u016ftok vzduchu, n&iacute;zkou provozn&iacute; hlu\u010dnost a n&iacute;zkou spot\u0159ebu energie.<\/li>\n<li style=\"text-align: justify;\">V&scaron;echny modely maj&iacute; kryt&iacute; IPX4 (ochrana proti st\u0159&iacute;kaj&iacute;c&iacute; vod\u011b).<\/li>\n<li style=\"text-align: justify;\">Za\u0159&iacute;zen&iacute; nemus&iacute; b&yacute;t uzemn\u011bno, m&aacute; dvojitou izolaci.<\/li>\n<li style=\"text-align: justify;\">Mo\u017enost regulace ot&aacute;\u010dek.<\/li>\n<li style=\"text-align: justify;\">K ventil&aacute;tor\u016fm Vortice Vario je mo\u017enost napojit sn&iacute;ma\u010de prost\u0159ed&iacute;.<\/li>\n<\/ul>\n","protected":false},"excerpt":{"rendered":"<p style=\"text-align: justify;\"><strong>Axi&aacute;ln&iacute; p\u0159&iacute;vodn&iacute; \/ ods&aacute;vac&iacute; ventil&aacute;tor <\/strong>Vortice Vario s <strong>mont&aacute;\u017e&iacute; na st\u011bnu, strop nebo do okna <\/strong>pomoc&iacute; p\u0159&iacute;slu&scaron;enstv&iacute;. <strong>S automatickou m\u0159&iacute;\u017ekou a reverzn&iacute;m chodem<\/strong>. S <strong>p\u0159ipojen&iacute;m na potrub&iacute; &Oslash; 300mm<\/strong>. Vhodn&yacute; pro byty, obchody, kav&aacute;rny, sportovn&iacute; st\u0159ediska, t\u011blocvi\u010dny, restaurace, ve\u0159ejn&eacute; budovy, &uacute;\u0159ady, &scaron;koly, obecn&iacute; s&aacute;ly a jin&eacute;.<\/p>\n","protected":false},"featured_media":551765,"template":"","meta":[],"product_cat":[7607,7562,7597],"product_tag":[],"class_list":{"0":"post-544266","1":"product","2":"type-product","3":"status-publish","4":"has-post-thumbnail","6":"product_cat-vario","7":"product_cat-ventilatory","8":"product_cat-nastenne-stenove-okenni-ventilatory","9":"pa_hlucnost-lp-3m-11800","10":"pa_kryti-ipx4","11":"pa_provedeni-axialni","12":"pa_typ-vario-na-stenu-okno","13":"pa_vzd-vykon-pri-odv-qv-m3-1050-700","14":"pa_znacka-vortice","16":"first","17":"instock","18":"taxable","19":"shipping-taxable","20":"purchasable","21":"product-type-simple"},"yoast_head":"<!-- This site is optimized with the Yoast SEO plugin v23.9 - https:\/\/yoast.com\/wordpress\/plugins\/seo\/ -->\n<title>Ventil\u00e1tor Vortice V 300\/12&quot; AR - KLIMAVEX GROUP - \u010cesko<\/title>\n<meta name=\"robots\" content=\"index, follow, max-snippet:-1, max-image-preview:large, max-video-preview:-1\" \/>\n<link rel=\"canonical\" href=\"https:\/\/klimavex.eu\/cz\/katalog\/ventilator-vortice-v-300-12-ar\/\" \/>\n<meta property=\"og:locale\" content=\"cs_CZ\" \/>\n<meta property=\"og:type\" content=\"article\" \/>\n<meta property=\"og:title\" content=\"Ventil\u00e1tor Vortice V 300\/12&quot; AR - KLIMAVEX GROUP - \u010cesko\" \/>\n<meta property=\"og:description\" content=\"Axi&aacute;ln&iacute; p\u0159&iacute;vodn&iacute; \/ ods&aacute;vac&iacute; ventil&aacute;tor Vortice Vario s mont&aacute;\u017e&iacute; na st\u011bnu, strop nebo do okna pomoc&iacute; p\u0159&iacute;slu&scaron;enstv&iacute;. S automatickou m\u0159&iacute;\u017ekou a reverzn&iacute;m chodem. S p\u0159ipojen&iacute;m na potrub&iacute; &Oslash; 300mm. Vhodn&yacute; pro byty, obchody, kav&aacute;rny, sportovn&iacute; st\u0159ediska, t\u011blocvi\u010dny, restaurace, ve\u0159ejn&eacute; budovy, &uacute;\u0159ady, &scaron;koly, obecn&iacute; s&aacute;ly a jin&eacute;.\" \/>\n<meta property=\"og:url\" content=\"https:\/\/klimavex.eu\/cz\/katalog\/ventilator-vortice-v-300-12-ar\/\" \/>\n<meta property=\"og:site_name\" content=\"KLIMAVEX GROUP - \u010cesko\" \/>\n<meta property=\"article:publisher\" content=\"https:\/\/www.facebook.com\/klimavex.cz\" \/>\n<meta property=\"article:modified_time\" content=\"2026-03-31T16:52:27+00:00\" \/>\n<meta property=\"og:image\" content=\"https:\/\/klimavex.eu\/cz\/wp-content\/uploads\/2025\/09\/DfJj3I-7XXk5ocbXrjh0cRlNcleHtGN938F15rsqHNg-2.png\" \/>\n\t<meta property=\"og:image:width\" content=\"572\" \/>\n\t<meta property=\"og:image:height\" content=\"512\" \/>\n\t<meta property=\"og:image:type\" content=\"image\/png\" \/>\n<meta name=\"twitter:card\" content=\"summary_large_image\" \/>\n<meta name=\"twitter:label1\" content=\"Odhadovan\u00e1 doba \u010dten\u00ed\" \/>\n\t<meta name=\"twitter:data1\" content=\"1 minuta\" \/>\n<script type=\"application\/ld+json\" class=\"yoast-schema-graph\">{\"@context\":\"https:\/\/schema.org\",\"@graph\":[{\"@type\":\"WebPage\",\"@id\":\"https:\/\/klimavex.eu\/cz\/katalog\/ventilator-vortice-v-300-12-ar\/\",\"url\":\"https:\/\/klimavex.eu\/cz\/katalog\/ventilator-vortice-v-300-12-ar\/\",\"name\":\"Ventil\u00e1tor Vortice V 300\/12\\\" AR - KLIMAVEX GROUP - \u010cesko\",\"isPartOf\":{\"@id\":\"https:\/\/klimavex.eu\/cz\/#website\"},\"primaryImageOfPage\":{\"@id\":\"https:\/\/klimavex.eu\/cz\/katalog\/ventilator-vortice-v-300-12-ar\/#primaryimage\"},\"image\":{\"@id\":\"https:\/\/klimavex.eu\/cz\/katalog\/ventilator-vortice-v-300-12-ar\/#primaryimage\"},\"thumbnailUrl\":\"https:\/\/klimavex.eu\/cz\/wp-content\/uploads\/2025\/09\/DfJj3I-7XXk5ocbXrjh0cRlNcleHtGN938F15rsqHNg-2.png\",\"datePublished\":\"2026-03-31T16:51:38+00:00\",\"dateModified\":\"2026-03-31T16:52:27+00:00\",\"breadcrumb\":{\"@id\":\"https:\/\/klimavex.eu\/cz\/katalog\/ventilator-vortice-v-300-12-ar\/#breadcrumb\"},\"inLanguage\":\"cs\",\"potentialAction\":[{\"@type\":\"ReadAction\",\"target\":[\"https:\/\/klimavex.eu\/cz\/katalog\/ventilator-vortice-v-300-12-ar\/\"]}]},{\"@type\":\"ImageObject\",\"inLanguage\":\"cs\",\"@id\":\"https:\/\/klimavex.eu\/cz\/katalog\/ventilator-vortice-v-300-12-ar\/#primaryimage\",\"url\":\"https:\/\/klimavex.eu\/cz\/wp-content\/uploads\/2025\/09\/DfJj3I-7XXk5ocbXrjh0cRlNcleHtGN938F15rsqHNg-2.png\",\"contentUrl\":\"https:\/\/klimavex.eu\/cz\/wp-content\/uploads\/2025\/09\/DfJj3I-7XXk5ocbXrjh0cRlNcleHtGN938F15rsqHNg-2.png\",\"width\":572,\"height\":512},{\"@type\":\"BreadcrumbList\",\"@id\":\"https:\/\/klimavex.eu\/cz\/katalog\/ventilator-vortice-v-300-12-ar\/#breadcrumb\",\"itemListElement\":[{\"@type\":\"ListItem\",\"position\":1,\"name\":\"Domovsk\u00e1 str\u00e1nka\",\"item\":\"https:\/\/klimavex.eu\/cz\/\"},{\"@type\":\"ListItem\",\"position\":2,\"name\":\"Eshop\",\"item\":\"https:\/\/klimavex.eu\/cz\/eshop\/\"},{\"@type\":\"ListItem\",\"position\":3,\"name\":\"Ventil\u00e1tor Vortice V 300\/12&#8243; AR\"}]},{\"@type\":\"WebSite\",\"@id\":\"https:\/\/klimavex.eu\/cz\/#website\",\"url\":\"https:\/\/klimavex.eu\/cz\/\",\"name\":\"KLIMAVEX GROUP - \u010cesko\",\"description\":\"\",\"publisher\":{\"@id\":\"https:\/\/klimavex.eu\/cz\/#organization\"},\"alternateName\":\"KLIMAVEX CZ a.s.\",\"potentialAction\":[{\"@type\":\"SearchAction\",\"target\":{\"@type\":\"EntryPoint\",\"urlTemplate\":\"https:\/\/klimavex.eu\/cz\/?s={search_term_string}\"},\"query-input\":{\"@type\":\"PropertyValueSpecification\",\"valueRequired\":true,\"valueName\":\"search_term_string\"}}],\"inLanguage\":\"cs\"},{\"@type\":\"Organization\",\"@id\":\"https:\/\/klimavex.eu\/cz\/#organization\",\"name\":\"KLIMAVEX GROUP\",\"alternateName\":\"KLIMAVEX\",\"url\":\"https:\/\/klimavex.eu\/cz\/\",\"logo\":{\"@type\":\"ImageObject\",\"inLanguage\":\"cs\",\"@id\":\"https:\/\/klimavex.eu\/cz\/#\/schema\/logo\/image\/\",\"url\":\"https:\/\/klimavex.eu\/cz\/wp-content\/uploads\/2024\/04\/Klimavex-Group-logo.png\",\"contentUrl\":\"https:\/\/klimavex.eu\/cz\/wp-content\/uploads\/2024\/04\/Klimavex-Group-logo.png\",\"width\":1681,\"height\":472,\"caption\":\"KLIMAVEX GROUP\"},\"image\":{\"@id\":\"https:\/\/klimavex.eu\/cz\/#\/schema\/logo\/image\/\"},\"sameAs\":[\"https:\/\/www.facebook.com\/klimavex.cz\",\"https:\/\/www.instagram.com\/klimavex_cz\/\"]}]}<\/script>\n<!-- \/ Yoast SEO plugin. -->","yoast_head_json":{"title":"Ventil\u00e1tor Vortice V 300\/12\" AR - KLIMAVEX GROUP - \u010cesko","robots":{"index":"index","follow":"follow","max-snippet":"max-snippet:-1","max-image-preview":"max-image-preview:large","max-video-preview":"max-video-preview:-1"},"canonical":"https:\/\/klimavex.eu\/cz\/katalog\/ventilator-vortice-v-300-12-ar\/","og_locale":"cs_CZ","og_type":"article","og_title":"Ventil\u00e1tor Vortice V 300\/12\" AR - KLIMAVEX GROUP - \u010cesko","og_description":"Axi&aacute;ln&iacute; p\u0159&iacute;vodn&iacute; \/ ods&aacute;vac&iacute; ventil&aacute;tor Vortice Vario s mont&aacute;\u017e&iacute; na st\u011bnu, strop nebo do okna pomoc&iacute; p\u0159&iacute;slu&scaron;enstv&iacute;. S automatickou m\u0159&iacute;\u017ekou a reverzn&iacute;m chodem. S p\u0159ipojen&iacute;m na potrub&iacute; &Oslash; 300mm. Vhodn&yacute; pro byty, obchody, kav&aacute;rny, sportovn&iacute; st\u0159ediska, t\u011blocvi\u010dny, restaurace, ve\u0159ejn&eacute; budovy, &uacute;\u0159ady, &scaron;koly, obecn&iacute; s&aacute;ly a jin&eacute;.","og_url":"https:\/\/klimavex.eu\/cz\/katalog\/ventilator-vortice-v-300-12-ar\/","og_site_name":"KLIMAVEX GROUP - \u010cesko","article_publisher":"https:\/\/www.facebook.com\/klimavex.cz","article_modified_time":"2026-03-31T16:52:27+00:00","og_image":[{"width":572,"height":512,"url":"https:\/\/klimavex.eu\/cz\/wp-content\/uploads\/2025\/09\/DfJj3I-7XXk5ocbXrjh0cRlNcleHtGN938F15rsqHNg-2.png","type":"image\/png"}],"twitter_card":"summary_large_image","twitter_misc":{"Odhadovan\u00e1 doba \u010dten\u00ed":"1 minuta"},"schema":{"@context":"https:\/\/schema.org","@graph":[{"@type":"WebPage","@id":"https:\/\/klimavex.eu\/cz\/katalog\/ventilator-vortice-v-300-12-ar\/","url":"https:\/\/klimavex.eu\/cz\/katalog\/ventilator-vortice-v-300-12-ar\/","name":"Ventil\u00e1tor Vortice V 300\/12\" AR - KLIMAVEX GROUP - \u010cesko","isPartOf":{"@id":"https:\/\/klimavex.eu\/cz\/#website"},"primaryImageOfPage":{"@id":"https:\/\/klimavex.eu\/cz\/katalog\/ventilator-vortice-v-300-12-ar\/#primaryimage"},"image":{"@id":"https:\/\/klimavex.eu\/cz\/katalog\/ventilator-vortice-v-300-12-ar\/#primaryimage"},"thumbnailUrl":"https:\/\/klimavex.eu\/cz\/wp-content\/uploads\/2025\/09\/DfJj3I-7XXk5ocbXrjh0cRlNcleHtGN938F15rsqHNg-2.png","datePublished":"2026-03-31T16:51:38+00:00","dateModified":"2026-03-31T16:52:27+00:00","breadcrumb":{"@id":"https:\/\/klimavex.eu\/cz\/katalog\/ventilator-vortice-v-300-12-ar\/#breadcrumb"},"inLanguage":"cs","potentialAction":[{"@type":"ReadAction","target":["https:\/\/klimavex.eu\/cz\/katalog\/ventilator-vortice-v-300-12-ar\/"]}]},{"@type":"ImageObject","inLanguage":"cs","@id":"https:\/\/klimavex.eu\/cz\/katalog\/ventilator-vortice-v-300-12-ar\/#primaryimage","url":"https:\/\/klimavex.eu\/cz\/wp-content\/uploads\/2025\/09\/DfJj3I-7XXk5ocbXrjh0cRlNcleHtGN938F15rsqHNg-2.png","contentUrl":"https:\/\/klimavex.eu\/cz\/wp-content\/uploads\/2025\/09\/DfJj3I-7XXk5ocbXrjh0cRlNcleHtGN938F15rsqHNg-2.png","width":572,"height":512},{"@type":"BreadcrumbList","@id":"https:\/\/klimavex.eu\/cz\/katalog\/ventilator-vortice-v-300-12-ar\/#breadcrumb","itemListElement":[{"@type":"ListItem","position":1,"name":"Domovsk\u00e1 str\u00e1nka","item":"https:\/\/klimavex.eu\/cz\/"},{"@type":"ListItem","position":2,"name":"Eshop","item":"https:\/\/klimavex.eu\/cz\/eshop\/"},{"@type":"ListItem","position":3,"name":"Ventil\u00e1tor Vortice V 300\/12&#8243; AR"}]},{"@type":"WebSite","@id":"https:\/\/klimavex.eu\/cz\/#website","url":"https:\/\/klimavex.eu\/cz\/","name":"KLIMAVEX GROUP - \u010cesko","description":"","publisher":{"@id":"https:\/\/klimavex.eu\/cz\/#organization"},"alternateName":"KLIMAVEX CZ a.s.","potentialAction":[{"@type":"SearchAction","target":{"@type":"EntryPoint","urlTemplate":"https:\/\/klimavex.eu\/cz\/?s={search_term_string}"},"query-input":{"@type":"PropertyValueSpecification","valueRequired":true,"valueName":"search_term_string"}}],"inLanguage":"cs"},{"@type":"Organization","@id":"https:\/\/klimavex.eu\/cz\/#organization","name":"KLIMAVEX GROUP","alternateName":"KLIMAVEX","url":"https:\/\/klimavex.eu\/cz\/","logo":{"@type":"ImageObject","inLanguage":"cs","@id":"https:\/\/klimavex.eu\/cz\/#\/schema\/logo\/image\/","url":"https:\/\/klimavex.eu\/cz\/wp-content\/uploads\/2024\/04\/Klimavex-Group-logo.png","contentUrl":"https:\/\/klimavex.eu\/cz\/wp-content\/uploads\/2024\/04\/Klimavex-Group-logo.png","width":1681,"height":472,"caption":"KLIMAVEX GROUP"},"image":{"@id":"https:\/\/klimavex.eu\/cz\/#\/schema\/logo\/image\/"},"sameAs":["https:\/\/www.facebook.com\/klimavex.cz","https:\/\/www.instagram.com\/klimavex_cz\/"]}]}},"_links":{"self":[{"href":"https:\/\/klimavex.eu\/cz\/wp-json\/wp\/v2\/product\/544266","targetHints":{"allow":["GET"]}}],"collection":[{"href":"https:\/\/klimavex.eu\/cz\/wp-json\/wp\/v2\/product"}],"about":[{"href":"https:\/\/klimavex.eu\/cz\/wp-json\/wp\/v2\/types\/product"}],"version-history":[{"count":0,"href":"https:\/\/klimavex.eu\/cz\/wp-json\/wp\/v2\/product\/544266\/revisions"}],"wp:featuredmedia":[{"embeddable":true,"href":"https:\/\/klimavex.eu\/cz\/wp-json\/wp\/v2\/media\/551765"}],"wp:attachment":[{"href":"https:\/\/klimavex.eu\/cz\/wp-json\/wp\/v2\/media?parent=544266"}],"wp:term":[{"taxonomy":"product_cat","embeddable":true,"href":"https:\/\/klimavex.eu\/cz\/wp-json\/wp\/v2\/product_cat?post=544266"},{"taxonomy":"product_tag","embeddable":true,"href":"https:\/\/klimavex.eu\/cz\/wp-json\/wp\/v2\/product_tag?post=544266"}],"curies":[{"name":"wp","href":"https:\/\/api.w.org\/{rel}","templated":true}]}}