{"id":544270,"date":"2026-03-31T18:51:38","date_gmt":"2026-03-31T16:51:38","guid":{"rendered":"https:\/\/klimavex.eu\/cz\/katalog\/infracerveny-ohrivac-vortice-thermologika-soleil-system\/"},"modified":"2026-03-31T18:52:33","modified_gmt":"2026-03-31T16:52:33","slug":"infracerveny-ohrivac-vortice-thermologika-soleil-system","status":"publish","type":"product","link":"https:\/\/klimavex.eu\/cz\/katalog\/infracerveny-ohrivac-vortice-thermologika-soleil-system\/","title":{"rendered":"Infra\u010derven\u00fd oh\u0159\u00edva\u010d Vortice Thermologika Soleil System"},"content":{"rendered":"<p style=\"text-align: justify;\"><strong>Kl&iacute;\u010dov&eacute; vlastnosti:<\/strong><\/p>\n<ul>\n<li style=\"text-align: justify;\">Zaoblen&aacute; p\u0159edn&iacute; m\u0159&iacute;\u017eka vyroben&aacute; z hlin&iacute;ku.<\/li>\n<li style=\"text-align: justify;\">Opl&aacute;&scaron;t\u011bn&iacute; vyrobeno z hlin&iacute;ku chr&aacute;n\u011bno epoxidov&yacute;m polyesterov&yacute;m n&aacute;t\u011brem.<\/li>\n<li style=\"text-align: justify;\">Pevn&aacute; a lehk&aacute; konstrukce.<\/li>\n<li style=\"text-align: justify;\">Halogenov&aacute; \u017e&aacute;rovka (vyroben&aacute; Halogen HeLen technologi&iacute;) garantuje vysokou &uacute;\u010dinnost a dlouhou \u017eivotnost &ndash; a\u017e 5000 hodin sv&iacute;cen&iacute;.<\/li>\n<li style=\"text-align: justify;\">Krystalov&eacute; opl&aacute;&scaron;t\u011bn&iacute; halogenov&eacute; \u017e&aacute;rovky zaji&scaron;\u0165uje zv&yacute;&scaron;enou odolnost v\u016f\u010di tepeln&yacute;m v&yacute;kyv\u016fm.<\/li>\n<li style=\"text-align: justify;\">Teplo se &scaron;&iacute;\u0159&iacute; radiac&iacute; &ndash; &uacute;\u010dinn&eacute; z hlediska lok&aacute;ln&iacute; a koncentrovan&eacute; pot\u0159eby pro oh\u0159&aacute;t&iacute; p\u0159&iacute;slu&scaron;n&eacute;ho m&iacute;sta.<\/li>\n<li style=\"text-align: justify;\">Okam\u017eit&eacute; &scaron;&iacute;\u0159en&iacute; tepla &ndash; v&iacute;ce ne\u017e 90% generovan&eacute;ho tepla je dosa\u017eeno ji\u017e v prvn&iacute; vte\u0159in\u011b od zapnut&iacute;.<\/li>\n<li style=\"text-align: justify;\">\u017d&aacute;dn&eacute; spalov&aacute;n&iacute; &ndash; bez produkce z&aacute;pach\u016f a &scaron;kodliv&yacute;ch l&aacute;tek vznikaj&iacute;c&iacute;ch p\u0159i ho\u0159en&iacute;.<\/li>\n<li style=\"text-align: justify;\">Vysok&aacute; &uacute;\u010dinnost radiace zaji&scaron;\u0165uje &uacute;sporu energetick&yacute;ch n&aacute;klad\u016f.<\/li>\n<li style=\"text-align: justify;\">Kryt&iacute; IPX5 (ochrana proti n&iacute;zkotlak&eacute;mu st\u0159&iacute;k&aacute;n&iacute; vody) &ndash; vhodn&eacute; pro um&iacute;st\u011bn&iacute; i do venkovn&iacute;ho prostoru.<\/li>\n<li style=\"text-align: justify;\">Kovov&aacute; konzole pro mont&aacute;\u017e oh\u0159&iacute;va\u010de na ze\u010f je sou\u010d&aacute;st&iacute; dod&aacute;vky.<\/li>\n<li style=\"text-align: justify;\">Za\u0159&iacute;zen&iacute; mus&iacute; b&yacute;t uzemn\u011bno.<\/li>\n<li style=\"text-align: justify;\">Sada umo\u017enuj&iacute;c&iacute; jednoduchou mont&aacute;\u017e 2 oh\u0159&iacute;va\u010d\u016f vedle sebe nebo nad sebou.<\/li>\n<li style=\"text-align: justify;\">Provozn&iacute; teplota: 0 &deg;C &ndash; 40 &deg;C.<\/li>\n<\/ul>\n","protected":false},"excerpt":{"rendered":"<p style=\"text-align: justify;\">N&aacute;st\u011bnn&yacute; infra\u010derven&yacute; oh\u0159&iacute;va\u010d <strong>Vortice Thermologika <\/strong>je vhodn&yacute; pro <strong>vyt&aacute;p\u011bn&iacute; v uzav\u0159en&yacute;ch nebo otev\u0159en&yacute;ch prostor&aacute;ch<\/strong>, jako jsou stavebn&iacute; prostory, obchody, sklady, dom&aacute;cnosti, zimn&iacute; terasy, gar&aacute;\u017ee apod., s po\u017eadavkem <strong>p\u0159&iacute;m&eacute;ho tepla<\/strong>. Teplo z oh\u0159&iacute;va\u010de se &scaron;&iacute;\u0159&iacute; rychlost&iacute; sv\u011btla k lidem a okoln&iacute;m p\u0159edm\u011bt\u016fm (nen&iacute; t\u0159eba oh\u0159&aacute;t celou m&iacute;stnost) a vytv&aacute;\u0159&iacute; tak pohodln&eacute; teplotn&iacute; podm&iacute;nky. Princip podobn&yacute; slune\u010dn&iacute;mu z&aacute;\u0159en&iacute;. <strong>Mo\u017enost horizont&aacute;ln&iacute; nebo vertik&aacute;ln&iacute; mont&aacute;\u017ee<\/strong>.<\/p>\n","protected":false},"featured_media":551790,"template":"","meta":[],"product_cat":[7562,7632,7631],"product_tag":[],"class_list":{"0":"post-544270","1":"product","2":"type-product","3":"status-publish","4":"has-post-thumbnail","6":"product_cat-ventilatory","7":"product_cat-thermologika","8":"product_cat-elektricke-ohrivace-a-cistice-vzduchu","9":"pa_el-prikon-w-13358","10":"pa_kryti-ip65","11":"pa_provedeni-infraohrivac","12":"pa_typ-thermologika","13":"pa_znacka-vortice","15":"first","16":"instock","17":"taxable","18":"shipping-taxable","19":"purchasable","20":"product-type-simple"},"yoast_head":"<!-- This site is optimized with the Yoast SEO plugin v23.9 - https:\/\/yoast.com\/wordpress\/plugins\/seo\/ -->\n<title>Infra\u010derven\u00fd oh\u0159\u00edva\u010d Vortice Thermologika Soleil System - KLIMAVEX GROUP - \u010cesko<\/title>\n<meta name=\"robots\" content=\"index, follow, max-snippet:-1, max-image-preview:large, max-video-preview:-1\" \/>\n<link rel=\"canonical\" href=\"https:\/\/klimavex.eu\/cz\/katalog\/infracerveny-ohrivac-vortice-thermologika-soleil-system\/\" \/>\n<meta property=\"og:locale\" content=\"cs_CZ\" \/>\n<meta property=\"og:type\" content=\"article\" \/>\n<meta property=\"og:title\" content=\"Infra\u010derven\u00fd oh\u0159\u00edva\u010d Vortice Thermologika Soleil System - KLIMAVEX GROUP - \u010cesko\" \/>\n<meta property=\"og:description\" content=\"N&aacute;st\u011bnn&yacute; infra\u010derven&yacute; oh\u0159&iacute;va\u010d Vortice Thermologika je vhodn&yacute; pro vyt&aacute;p\u011bn&iacute; v uzav\u0159en&yacute;ch nebo otev\u0159en&yacute;ch prostor&aacute;ch, jako jsou stavebn&iacute; prostory, obchody, sklady, dom&aacute;cnosti, zimn&iacute; terasy, gar&aacute;\u017ee apod., s po\u017eadavkem p\u0159&iacute;m&eacute;ho tepla. Teplo z oh\u0159&iacute;va\u010de se &scaron;&iacute;\u0159&iacute; rychlost&iacute; sv\u011btla k lidem a okoln&iacute;m p\u0159edm\u011bt\u016fm (nen&iacute; t\u0159eba oh\u0159&aacute;t celou m&iacute;stnost) a vytv&aacute;\u0159&iacute; tak pohodln&eacute; teplotn&iacute; podm&iacute;nky. Princip podobn&yacute; slune\u010dn&iacute;mu z&aacute;\u0159en&iacute;. Mo\u017enost horizont&aacute;ln&iacute; nebo vertik&aacute;ln&iacute; mont&aacute;\u017ee.\" \/>\n<meta property=\"og:url\" content=\"https:\/\/klimavex.eu\/cz\/katalog\/infracerveny-ohrivac-vortice-thermologika-soleil-system\/\" \/>\n<meta property=\"og:site_name\" content=\"KLIMAVEX GROUP - \u010cesko\" \/>\n<meta property=\"article:publisher\" content=\"https:\/\/www.facebook.com\/klimavex.cz\" \/>\n<meta property=\"article:modified_time\" content=\"2026-03-31T16:52:33+00:00\" \/>\n<meta property=\"og:image\" content=\"https:\/\/klimavex.eu\/cz\/wp-content\/uploads\/2025\/09\/kpYlP7Hb8mkllD1Tr4zK82UwQRLbVumKlvzoUPGnAGE.png\" \/>\n\t<meta property=\"og:image:width\" content=\"572\" \/>\n\t<meta property=\"og:image:height\" content=\"512\" \/>\n\t<meta property=\"og:image:type\" content=\"image\/png\" \/>\n<meta name=\"twitter:card\" content=\"summary_large_image\" \/>\n<meta name=\"twitter:label1\" content=\"Odhadovan\u00e1 doba \u010dten\u00ed\" \/>\n\t<meta name=\"twitter:data1\" content=\"2 minuty\" \/>\n<script type=\"application\/ld+json\" class=\"yoast-schema-graph\">{\"@context\":\"https:\/\/schema.org\",\"@graph\":[{\"@type\":\"WebPage\",\"@id\":\"https:\/\/klimavex.eu\/cz\/katalog\/infracerveny-ohrivac-vortice-thermologika-soleil-system\/\",\"url\":\"https:\/\/klimavex.eu\/cz\/katalog\/infracerveny-ohrivac-vortice-thermologika-soleil-system\/\",\"name\":\"Infra\u010derven\u00fd oh\u0159\u00edva\u010d Vortice Thermologika Soleil System - KLIMAVEX GROUP - \u010cesko\",\"isPartOf\":{\"@id\":\"https:\/\/klimavex.eu\/cz\/#website\"},\"primaryImageOfPage\":{\"@id\":\"https:\/\/klimavex.eu\/cz\/katalog\/infracerveny-ohrivac-vortice-thermologika-soleil-system\/#primaryimage\"},\"image\":{\"@id\":\"https:\/\/klimavex.eu\/cz\/katalog\/infracerveny-ohrivac-vortice-thermologika-soleil-system\/#primaryimage\"},\"thumbnailUrl\":\"https:\/\/klimavex.eu\/cz\/wp-content\/uploads\/2025\/09\/kpYlP7Hb8mkllD1Tr4zK82UwQRLbVumKlvzoUPGnAGE.png\",\"datePublished\":\"2026-03-31T16:51:38+00:00\",\"dateModified\":\"2026-03-31T16:52:33+00:00\",\"breadcrumb\":{\"@id\":\"https:\/\/klimavex.eu\/cz\/katalog\/infracerveny-ohrivac-vortice-thermologika-soleil-system\/#breadcrumb\"},\"inLanguage\":\"cs\",\"potentialAction\":[{\"@type\":\"ReadAction\",\"target\":[\"https:\/\/klimavex.eu\/cz\/katalog\/infracerveny-ohrivac-vortice-thermologika-soleil-system\/\"]}]},{\"@type\":\"ImageObject\",\"inLanguage\":\"cs\",\"@id\":\"https:\/\/klimavex.eu\/cz\/katalog\/infracerveny-ohrivac-vortice-thermologika-soleil-system\/#primaryimage\",\"url\":\"https:\/\/klimavex.eu\/cz\/wp-content\/uploads\/2025\/09\/kpYlP7Hb8mkllD1Tr4zK82UwQRLbVumKlvzoUPGnAGE.png\",\"contentUrl\":\"https:\/\/klimavex.eu\/cz\/wp-content\/uploads\/2025\/09\/kpYlP7Hb8mkllD1Tr4zK82UwQRLbVumKlvzoUPGnAGE.png\",\"width\":572,\"height\":512},{\"@type\":\"BreadcrumbList\",\"@id\":\"https:\/\/klimavex.eu\/cz\/katalog\/infracerveny-ohrivac-vortice-thermologika-soleil-system\/#breadcrumb\",\"itemListElement\":[{\"@type\":\"ListItem\",\"position\":1,\"name\":\"Domovsk\u00e1 str\u00e1nka\",\"item\":\"https:\/\/klimavex.eu\/cz\/\"},{\"@type\":\"ListItem\",\"position\":2,\"name\":\"Eshop\",\"item\":\"https:\/\/klimavex.eu\/cz\/eshop\/\"},{\"@type\":\"ListItem\",\"position\":3,\"name\":\"Infra\u010derven\u00fd oh\u0159\u00edva\u010d Vortice Thermologika Soleil System\"}]},{\"@type\":\"WebSite\",\"@id\":\"https:\/\/klimavex.eu\/cz\/#website\",\"url\":\"https:\/\/klimavex.eu\/cz\/\",\"name\":\"KLIMAVEX GROUP - \u010cesko\",\"description\":\"\",\"publisher\":{\"@id\":\"https:\/\/klimavex.eu\/cz\/#organization\"},\"alternateName\":\"KLIMAVEX CZ a.s.\",\"potentialAction\":[{\"@type\":\"SearchAction\",\"target\":{\"@type\":\"EntryPoint\",\"urlTemplate\":\"https:\/\/klimavex.eu\/cz\/?s={search_term_string}\"},\"query-input\":{\"@type\":\"PropertyValueSpecification\",\"valueRequired\":true,\"valueName\":\"search_term_string\"}}],\"inLanguage\":\"cs\"},{\"@type\":\"Organization\",\"@id\":\"https:\/\/klimavex.eu\/cz\/#organization\",\"name\":\"KLIMAVEX GROUP\",\"alternateName\":\"KLIMAVEX\",\"url\":\"https:\/\/klimavex.eu\/cz\/\",\"logo\":{\"@type\":\"ImageObject\",\"inLanguage\":\"cs\",\"@id\":\"https:\/\/klimavex.eu\/cz\/#\/schema\/logo\/image\/\",\"url\":\"https:\/\/klimavex.eu\/cz\/wp-content\/uploads\/2024\/04\/Klimavex-Group-logo.png\",\"contentUrl\":\"https:\/\/klimavex.eu\/cz\/wp-content\/uploads\/2024\/04\/Klimavex-Group-logo.png\",\"width\":1681,\"height\":472,\"caption\":\"KLIMAVEX GROUP\"},\"image\":{\"@id\":\"https:\/\/klimavex.eu\/cz\/#\/schema\/logo\/image\/\"},\"sameAs\":[\"https:\/\/www.facebook.com\/klimavex.cz\",\"https:\/\/www.instagram.com\/klimavex_cz\/\"]}]}<\/script>\n<!-- \/ Yoast SEO plugin. -->","yoast_head_json":{"title":"Infra\u010derven\u00fd oh\u0159\u00edva\u010d Vortice Thermologika Soleil System - KLIMAVEX GROUP - \u010cesko","robots":{"index":"index","follow":"follow","max-snippet":"max-snippet:-1","max-image-preview":"max-image-preview:large","max-video-preview":"max-video-preview:-1"},"canonical":"https:\/\/klimavex.eu\/cz\/katalog\/infracerveny-ohrivac-vortice-thermologika-soleil-system\/","og_locale":"cs_CZ","og_type":"article","og_title":"Infra\u010derven\u00fd oh\u0159\u00edva\u010d Vortice Thermologika Soleil System - KLIMAVEX GROUP - \u010cesko","og_description":"N&aacute;st\u011bnn&yacute; infra\u010derven&yacute; oh\u0159&iacute;va\u010d Vortice Thermologika je vhodn&yacute; pro vyt&aacute;p\u011bn&iacute; v uzav\u0159en&yacute;ch nebo otev\u0159en&yacute;ch prostor&aacute;ch, jako jsou stavebn&iacute; prostory, obchody, sklady, dom&aacute;cnosti, zimn&iacute; terasy, gar&aacute;\u017ee apod., s po\u017eadavkem p\u0159&iacute;m&eacute;ho tepla. Teplo z oh\u0159&iacute;va\u010de se &scaron;&iacute;\u0159&iacute; rychlost&iacute; sv\u011btla k lidem a okoln&iacute;m p\u0159edm\u011bt\u016fm (nen&iacute; t\u0159eba oh\u0159&aacute;t celou m&iacute;stnost) a vytv&aacute;\u0159&iacute; tak pohodln&eacute; teplotn&iacute; podm&iacute;nky. Princip podobn&yacute; slune\u010dn&iacute;mu z&aacute;\u0159en&iacute;. Mo\u017enost horizont&aacute;ln&iacute; nebo vertik&aacute;ln&iacute; mont&aacute;\u017ee.","og_url":"https:\/\/klimavex.eu\/cz\/katalog\/infracerveny-ohrivac-vortice-thermologika-soleil-system\/","og_site_name":"KLIMAVEX GROUP - \u010cesko","article_publisher":"https:\/\/www.facebook.com\/klimavex.cz","article_modified_time":"2026-03-31T16:52:33+00:00","og_image":[{"width":572,"height":512,"url":"https:\/\/klimavex.eu\/cz\/wp-content\/uploads\/2025\/09\/kpYlP7Hb8mkllD1Tr4zK82UwQRLbVumKlvzoUPGnAGE.png","type":"image\/png"}],"twitter_card":"summary_large_image","twitter_misc":{"Odhadovan\u00e1 doba \u010dten\u00ed":"2 minuty"},"schema":{"@context":"https:\/\/schema.org","@graph":[{"@type":"WebPage","@id":"https:\/\/klimavex.eu\/cz\/katalog\/infracerveny-ohrivac-vortice-thermologika-soleil-system\/","url":"https:\/\/klimavex.eu\/cz\/katalog\/infracerveny-ohrivac-vortice-thermologika-soleil-system\/","name":"Infra\u010derven\u00fd oh\u0159\u00edva\u010d Vortice Thermologika Soleil System - KLIMAVEX GROUP - \u010cesko","isPartOf":{"@id":"https:\/\/klimavex.eu\/cz\/#website"},"primaryImageOfPage":{"@id":"https:\/\/klimavex.eu\/cz\/katalog\/infracerveny-ohrivac-vortice-thermologika-soleil-system\/#primaryimage"},"image":{"@id":"https:\/\/klimavex.eu\/cz\/katalog\/infracerveny-ohrivac-vortice-thermologika-soleil-system\/#primaryimage"},"thumbnailUrl":"https:\/\/klimavex.eu\/cz\/wp-content\/uploads\/2025\/09\/kpYlP7Hb8mkllD1Tr4zK82UwQRLbVumKlvzoUPGnAGE.png","datePublished":"2026-03-31T16:51:38+00:00","dateModified":"2026-03-31T16:52:33+00:00","breadcrumb":{"@id":"https:\/\/klimavex.eu\/cz\/katalog\/infracerveny-ohrivac-vortice-thermologika-soleil-system\/#breadcrumb"},"inLanguage":"cs","potentialAction":[{"@type":"ReadAction","target":["https:\/\/klimavex.eu\/cz\/katalog\/infracerveny-ohrivac-vortice-thermologika-soleil-system\/"]}]},{"@type":"ImageObject","inLanguage":"cs","@id":"https:\/\/klimavex.eu\/cz\/katalog\/infracerveny-ohrivac-vortice-thermologika-soleil-system\/#primaryimage","url":"https:\/\/klimavex.eu\/cz\/wp-content\/uploads\/2025\/09\/kpYlP7Hb8mkllD1Tr4zK82UwQRLbVumKlvzoUPGnAGE.png","contentUrl":"https:\/\/klimavex.eu\/cz\/wp-content\/uploads\/2025\/09\/kpYlP7Hb8mkllD1Tr4zK82UwQRLbVumKlvzoUPGnAGE.png","width":572,"height":512},{"@type":"BreadcrumbList","@id":"https:\/\/klimavex.eu\/cz\/katalog\/infracerveny-ohrivac-vortice-thermologika-soleil-system\/#breadcrumb","itemListElement":[{"@type":"ListItem","position":1,"name":"Domovsk\u00e1 str\u00e1nka","item":"https:\/\/klimavex.eu\/cz\/"},{"@type":"ListItem","position":2,"name":"Eshop","item":"https:\/\/klimavex.eu\/cz\/eshop\/"},{"@type":"ListItem","position":3,"name":"Infra\u010derven\u00fd oh\u0159\u00edva\u010d Vortice Thermologika Soleil System"}]},{"@type":"WebSite","@id":"https:\/\/klimavex.eu\/cz\/#website","url":"https:\/\/klimavex.eu\/cz\/","name":"KLIMAVEX GROUP - \u010cesko","description":"","publisher":{"@id":"https:\/\/klimavex.eu\/cz\/#organization"},"alternateName":"KLIMAVEX CZ a.s.","potentialAction":[{"@type":"SearchAction","target":{"@type":"EntryPoint","urlTemplate":"https:\/\/klimavex.eu\/cz\/?s={search_term_string}"},"query-input":{"@type":"PropertyValueSpecification","valueRequired":true,"valueName":"search_term_string"}}],"inLanguage":"cs"},{"@type":"Organization","@id":"https:\/\/klimavex.eu\/cz\/#organization","name":"KLIMAVEX GROUP","alternateName":"KLIMAVEX","url":"https:\/\/klimavex.eu\/cz\/","logo":{"@type":"ImageObject","inLanguage":"cs","@id":"https:\/\/klimavex.eu\/cz\/#\/schema\/logo\/image\/","url":"https:\/\/klimavex.eu\/cz\/wp-content\/uploads\/2024\/04\/Klimavex-Group-logo.png","contentUrl":"https:\/\/klimavex.eu\/cz\/wp-content\/uploads\/2024\/04\/Klimavex-Group-logo.png","width":1681,"height":472,"caption":"KLIMAVEX GROUP"},"image":{"@id":"https:\/\/klimavex.eu\/cz\/#\/schema\/logo\/image\/"},"sameAs":["https:\/\/www.facebook.com\/klimavex.cz","https:\/\/www.instagram.com\/klimavex_cz\/"]}]}},"_links":{"self":[{"href":"https:\/\/klimavex.eu\/cz\/wp-json\/wp\/v2\/product\/544270","targetHints":{"allow":["GET"]}}],"collection":[{"href":"https:\/\/klimavex.eu\/cz\/wp-json\/wp\/v2\/product"}],"about":[{"href":"https:\/\/klimavex.eu\/cz\/wp-json\/wp\/v2\/types\/product"}],"version-history":[{"count":0,"href":"https:\/\/klimavex.eu\/cz\/wp-json\/wp\/v2\/product\/544270\/revisions"}],"wp:featuredmedia":[{"embeddable":true,"href":"https:\/\/klimavex.eu\/cz\/wp-json\/wp\/v2\/media\/551790"}],"wp:attachment":[{"href":"https:\/\/klimavex.eu\/cz\/wp-json\/wp\/v2\/media?parent=544270"}],"wp:term":[{"taxonomy":"product_cat","embeddable":true,"href":"https:\/\/klimavex.eu\/cz\/wp-json\/wp\/v2\/product_cat?post=544270"},{"taxonomy":"product_tag","embeddable":true,"href":"https:\/\/klimavex.eu\/cz\/wp-json\/wp\/v2\/product_tag?post=544270"}],"curies":[{"name":"wp","href":"https:\/\/api.w.org\/{rel}","templated":true}]}}