{"id":544278,"date":"2026-03-31T18:51:38","date_gmt":"2026-03-31T16:51:38","guid":{"rendered":"https:\/\/klimavex.eu\/cz\/katalog\/ventilator-vortice-ca-100-v0-d\/"},"modified":"2026-03-31T18:52:44","modified_gmt":"2026-03-31T16:52:44","slug":"ventilator-vortice-ca-100-v0-d","status":"publish","type":"product","link":"https:\/\/klimavex.eu\/cz\/katalog\/ventilator-vortice-ca-100-v0-d\/","title":{"rendered":"Ventil\u00e1tor Vortice CA 100 V0 D"},"content":{"rendered":"<p style=\"text-align:justify\">&nbsp;<\/p>\n<p style=\"text-align:justify\"><span style=\"font-size:11pt\"><span style=\"font-family:Calibri,sans-serif\"><strong>Detailn&iacute; popis<\/strong><\/span><\/span><\/p>\n<ul>\n<li style=\"text-align:justify\"><span style=\"font-size:11pt\"><span style=\"color:black\"><span style=\"font-family:Calibri,sans-serif\"><span style=\"background-color:white\">Do potrub&iacute; s vy&scaron;&scaron;&iacute; tlakovou ztr&aacute;tou &#8211; dosahuje vysok&yacute;ch vzduchov&yacute;ch v&yacute;kon\u016f p\u0159i sou\u010dasn&eacute;m dodr\u017een&iacute; n&iacute;zk&eacute; hlu\u010dnosti.&nbsp;<\/span><\/span><\/span><\/span><\/li>\n<li style=\"text-align:justify\"><span style=\"font-size:11pt\"><span style=\"font-family:Calibri,sans-serif\">Konstrukce z termoplastick&eacute; prysky\u0159ice PP, samozh&aacute;&scaron;iv&aacute; V0 <span style=\"background-color:white\"><span style=\"color:black\">(<strong>samo zh&aacute;&scaron;en&iacute;<\/strong> ohn\u011b do 10 vte\u0159in bez kap&aacute;n&iacute; plastu)<\/span><\/span><\/span><\/span><\/li>\n<li style=\"text-align:justify\"><span style=\"font-size:11pt\"><span style=\"font-family:Calibri,sans-serif\">T\u0159&iacute;rychlostn&iacute; ventil&aacute;tor se skl&aacute;d&aacute; z:<\/span><\/span><\/li>\n<\/ul>\n<ul style=\"list-style-type:square\">\n<li style=\"text-align:justify\"><span style=\"font-size:11pt\"><span style=\"font-family:Calibri,sans-serif\">AC motor, tepeln\u011b chr&aacute;n\u011bn&yacute;, s h\u0159&iacute;del&iacute; ulo\u017eenou na kuli\u010dkov&eacute;m lo\u017eisku,<\/span><\/span><\/li>\n<li style=\"text-align:justify\"><span style=\"font-size:11pt\"><span style=\"font-family:Calibri,sans-serif\">odst\u0159ediv&eacute;ho ob\u011b\u017en&eacute;ho kola s dozadu zahnut&yacute;mi lopatkami<\/span><\/span><\/li>\n<\/ul>\n<ul>\n<li style=\"text-align:justify\"><span style=\"font-size:11pt\"><span style=\"font-family:Calibri,sans-serif\">Kompatibiln&iacute; s d&aacute;lkov&yacute;mi senzory: Teploty, relativn&iacute; vlhkosti, kou\u0159e a pohybu.<\/span><\/span><\/li>\n<li style=\"text-align:justify\"><span style=\"font-size:11pt\"><span style=\"font-family:Calibri,sans-serif\">Vylep&scaron;en&aacute; konstrukce ukotven&iacute; motoru a deflektoru vzduchu pro minimalizaci turbulenc&iacute; a hlu\u010dnosti<\/span><\/span><\/li>\n<li style=\"text-align:justify\"><span style=\"font-size:11pt\"><span style=\"font-family:Calibri,sans-serif\">Mo\u017enost horizont&aacute;ln&iacute; i vertik&aacute;ln&iacute; mont&aacute;\u017ee<\/span><\/span><\/li>\n<li style=\"text-align:justify\"><span style=\"font-size:11pt\"><span style=\"font-family:Calibri,sans-serif\">Sou\u010d&aacute;st&iacute; dod&aacute;vky jsou mont&aacute;\u017en&iacute; konzoly pro instalaci za\u0159&iacute;zen&iacute; na st\u011bnu nebo strop <\/span><\/span><\/li>\n<\/ul>\n<p style=\"text-align:justify\"><span style=\"font-size:11pt\"><span style=\"font-family:Calibri,sans-serif\"><strong>Kl&iacute;\u010dov&eacute; vlastnosti<\/strong><\/span><\/span><\/p>\n<ul>\n<li style=\"text-align:justify\"><span style=\"font-size:11pt\"><span style=\"background-color:white\"><span style=\"color:black\"><span style=\"font-family:Calibri,sans-serif\"><span style=\"background-color:white\">T\u0159&iacute;rychlostn&iacute; &#8211; za pou\u017eit&iacute;&nbsp;<\/span><span style=\"color:black\"><a href=\"https:\/\/www.ventishop.cz\/regulator-otacek-vortice-trio-ca\/\" target=\"_blank\"><span style=\"background-color:white\"><span style=\"color:black\">regul&aacute;toru ot&aacute;\u010dek Vortice TRIO CA<\/span><\/span><\/a><\/span><\/span><\/span><\/span><\/span><\/li>\n<li style=\"text-align:justify\"><span style=\"font-size:11pt\"><span style=\"background-color:white\"><span style=\"color:black\"><span style=\"font-family:Calibri,sans-serif\"><span style=\"color:black\"><a href=\"https:\/\/www.ventishop.cz\/slovnik-pojmu\/kulickova-loziska\/\"><strong><span style=\"color:black\">Kuli\u010dkov&aacute; lo\u017eiska<\/span><\/strong><\/a><\/span><\/span><\/span><\/span><\/span><\/li>\n<li style=\"text-align:justify\"><span style=\"font-size:11pt\"><span style=\"background-color:white\"><span style=\"color:black\"><span style=\"font-family:Calibri,sans-serif\"><span style=\"background-color:white\">Za\u0159&iacute;zen&iacute; nemus&iacute; b&yacute;t uzemn\u011bno, m&aacute; dvojitou izolaci<\/span><\/span><\/span><\/span><\/span><\/li>\n<li style=\"text-align:justify\"><span style=\"font-size:11pt\"><span style=\"background-color:white\"><span style=\"color:black\"><span style=\"font-family:Calibri,sans-serif\"><span style=\"background-color:white\">S tepelnou ochranou proti p\u0159et&iacute;\u017een&iacute; a ot&aacute;\u010den&iacute; h\u0159&iacute;dele v kuli\u010dkov&yacute;ch lo\u017eisk&aacute;ch<\/span><\/span><\/span><\/span><\/span><\/li>\n<li style=\"text-align:justify\"><span style=\"font-size:11pt\"><span style=\"background-color:white\"><span style=\"color:black\"><span style=\"font-family:Calibri,sans-serif\"><span style=\"background-color:white\">Ob\u011b\u017en&eacute; kolo ventil&aacute;toru je vyv&aacute;\u017een&eacute; p\u0159&iacute;mo na motoru<\/span><\/span><\/span><\/span><\/span><\/li>\n<li style=\"text-align:justify\"><span style=\"font-size:11pt\"><span style=\"background-color:white\"><span style=\"color:black\"><span style=\"font-family:Calibri,sans-serif\"><span style=\"background-color:white\">D-dvouot&aacute;\u010dkov&yacute; motor<\/span><\/span><\/span><\/span><\/span><\/li>\n<\/ul>\n","protected":false},"excerpt":{"rendered":"<p style=\"text-align:justify\"><span style=\"font-size:11pt\"><span style=\"font-family:Calibri,sans-serif\"><a href=\"https:\/\/www.ventishop.cz\/slovnik-pojmu\/radialni-ventilator\/\"><strong><span style=\"color:black\">Radi&aacute;ln&iacute;<\/span><\/strong><\/a><span style=\"background-color:white\"><span style=\"color:black\">&nbsp;potrubn&iacute; ventil&aacute;tor <strong>Vortice CA 100 V0 D<\/strong>&nbsp;s pr\u016fm\u011brem p\u0159ipojen&iacute; vzduchotechnick&eacute;ho potrub&iacute; <\/span><\/span><strong><span style=\"color:black\">&oslash; 100<span style=\"background-color:white\">mm<\/span><\/span><\/strong><span style=\"background-color:white\"><span style=\"color:black\">. Motor se st&iacute;n\u011bn&yacute;mi p&oacute;ly m&aacute; kuli\u010dkov&aacute; lo\u017eiska z&nbsp;nerez oceli. Ventil&aacute;tor je ur\u010den&yacute; pro napojen&iacute; na kruhov&eacute; potrub&iacute; a ods&aacute;v&aacute;n&iacute; komer\u010dn&iacute;ch i reziden\u010dn&iacute;ch objekt\u016f a je vhodn&yacute; na p\u0159ipojen&iacute; do potrub&iacute; s vy&scaron;&scaron;&iacute; tlakovou ztr&aacute;tou, dosahuje vysok&yacute;ch vzduchov&yacute;ch v&yacute;kon\u016f p\u0159i sou\u010dasn&eacute;m dodr\u017een&iacute; n&iacute;zk&eacute; hlu\u010dnosti. (Dostupn&yacute; tlak<strong>&nbsp;366 Pa \/&nbsp;<\/strong><\/span><\/span><a href=\"https:\/\/www.ventishop.cz\/slovnik-pojmu\/prutok-vzduchu\/\"><strong><span style=\"color:black\">Pr\u016ftok vzduchu<\/span><\/strong><\/a><strong><span style=\"background-color:white\"><span style=\"color:black\">&nbsp;251&nbsp;m3\/h<\/span><\/span><\/strong><span style=\"background-color:white\"><span style=\"color:black\">).<\/span><\/span><\/span><\/span><\/p>\n","protected":false},"featured_media":551830,"template":"","meta":[],"product_cat":[7582,7581,7562,7603,7583],"product_tag":[],"class_list":{"0":"post-544278","1":"product","2":"type-product","3":"status-publish","4":"has-post-thumbnail","6":"product_cat-ca","7":"product_cat-potrubni-ventilatory","8":"product_cat-ventilatory","9":"product_cat-potrubni","10":"product_cat-ca-vo","11":"pa_dostupny-tlak-pa-274-392","12":"pa_hlucnost-lp-3m-51-56","13":"pa_kryti-ipx4","14":"pa_kulickova-loziska-ll-ano","15":"pa_provedeni-potrubni-plastovy","16":"pa_prumer-napojeni-mm-11619","17":"pa_typ-ca-vo","18":"pa_vzduchovy-vykon-qv-m3-150-235","19":"pa_znacka-vortice","21":"first","22":"instock","23":"taxable","24":"shipping-taxable","25":"purchasable","26":"product-type-simple"},"yoast_head":"<!-- This site is optimized with the Yoast SEO plugin v23.9 - https:\/\/yoast.com\/wordpress\/plugins\/seo\/ -->\n<title>Ventil\u00e1tor Vortice CA 100 V0 D - KLIMAVEX GROUP - \u010cesko<\/title>\n<meta name=\"robots\" content=\"index, follow, max-snippet:-1, max-image-preview:large, max-video-preview:-1\" \/>\n<link rel=\"canonical\" href=\"https:\/\/klimavex.eu\/cz\/katalog\/ventilator-vortice-ca-100-v0-d\/\" \/>\n<meta property=\"og:locale\" content=\"cs_CZ\" \/>\n<meta property=\"og:type\" content=\"article\" \/>\n<meta property=\"og:title\" content=\"Ventil\u00e1tor Vortice CA 100 V0 D - KLIMAVEX GROUP - \u010cesko\" \/>\n<meta property=\"og:description\" content=\"Radi&aacute;ln&iacute;&nbsp;potrubn&iacute; ventil&aacute;tor Vortice CA 100 V0 D&nbsp;s pr\u016fm\u011brem p\u0159ipojen&iacute; vzduchotechnick&eacute;ho potrub&iacute; &oslash; 100mm. Motor se st&iacute;n\u011bn&yacute;mi p&oacute;ly m&aacute; kuli\u010dkov&aacute; lo\u017eiska z&nbsp;nerez oceli. Ventil&aacute;tor je ur\u010den&yacute; pro napojen&iacute; na kruhov&eacute; potrub&iacute; a ods&aacute;v&aacute;n&iacute; komer\u010dn&iacute;ch i reziden\u010dn&iacute;ch objekt\u016f a je vhodn&yacute; na p\u0159ipojen&iacute; do potrub&iacute; s vy&scaron;&scaron;&iacute; tlakovou ztr&aacute;tou, dosahuje vysok&yacute;ch vzduchov&yacute;ch v&yacute;kon\u016f p\u0159i sou\u010dasn&eacute;m dodr\u017een&iacute; n&iacute;zk&eacute; hlu\u010dnosti. (Dostupn&yacute; tlak&nbsp;366 Pa \/&nbsp;Pr\u016ftok vzduchu&nbsp;251&nbsp;m3\/h).\" \/>\n<meta property=\"og:url\" content=\"https:\/\/klimavex.eu\/cz\/katalog\/ventilator-vortice-ca-100-v0-d\/\" \/>\n<meta property=\"og:site_name\" content=\"KLIMAVEX GROUP - \u010cesko\" \/>\n<meta property=\"article:publisher\" content=\"https:\/\/www.facebook.com\/klimavex.cz\" \/>\n<meta property=\"article:modified_time\" content=\"2026-03-31T16:52:44+00:00\" \/>\n<meta property=\"og:image\" content=\"https:\/\/klimavex.eu\/cz\/wp-content\/uploads\/2025\/09\/gnklLJrAivnaqgejxFaGL1eXK41ZVtnV0cgHgtDWasc-5.png\" \/>\n\t<meta property=\"og:image:width\" content=\"572\" \/>\n\t<meta property=\"og:image:height\" content=\"512\" \/>\n\t<meta property=\"og:image:type\" content=\"image\/png\" \/>\n<meta name=\"twitter:card\" content=\"summary_large_image\" \/>\n<meta name=\"twitter:label1\" content=\"Odhadovan\u00e1 doba \u010dten\u00ed\" \/>\n\t<meta name=\"twitter:data1\" content=\"1 minuta\" \/>\n<script type=\"application\/ld+json\" class=\"yoast-schema-graph\">{\"@context\":\"https:\/\/schema.org\",\"@graph\":[{\"@type\":\"WebPage\",\"@id\":\"https:\/\/klimavex.eu\/cz\/katalog\/ventilator-vortice-ca-100-v0-d\/\",\"url\":\"https:\/\/klimavex.eu\/cz\/katalog\/ventilator-vortice-ca-100-v0-d\/\",\"name\":\"Ventil\u00e1tor Vortice CA 100 V0 D - KLIMAVEX GROUP - \u010cesko\",\"isPartOf\":{\"@id\":\"https:\/\/klimavex.eu\/cz\/#website\"},\"primaryImageOfPage\":{\"@id\":\"https:\/\/klimavex.eu\/cz\/katalog\/ventilator-vortice-ca-100-v0-d\/#primaryimage\"},\"image\":{\"@id\":\"https:\/\/klimavex.eu\/cz\/katalog\/ventilator-vortice-ca-100-v0-d\/#primaryimage\"},\"thumbnailUrl\":\"https:\/\/klimavex.eu\/cz\/wp-content\/uploads\/2025\/09\/gnklLJrAivnaqgejxFaGL1eXK41ZVtnV0cgHgtDWasc-5.png\",\"datePublished\":\"2026-03-31T16:51:38+00:00\",\"dateModified\":\"2026-03-31T16:52:44+00:00\",\"breadcrumb\":{\"@id\":\"https:\/\/klimavex.eu\/cz\/katalog\/ventilator-vortice-ca-100-v0-d\/#breadcrumb\"},\"inLanguage\":\"cs\",\"potentialAction\":[{\"@type\":\"ReadAction\",\"target\":[\"https:\/\/klimavex.eu\/cz\/katalog\/ventilator-vortice-ca-100-v0-d\/\"]}]},{\"@type\":\"ImageObject\",\"inLanguage\":\"cs\",\"@id\":\"https:\/\/klimavex.eu\/cz\/katalog\/ventilator-vortice-ca-100-v0-d\/#primaryimage\",\"url\":\"https:\/\/klimavex.eu\/cz\/wp-content\/uploads\/2025\/09\/gnklLJrAivnaqgejxFaGL1eXK41ZVtnV0cgHgtDWasc-5.png\",\"contentUrl\":\"https:\/\/klimavex.eu\/cz\/wp-content\/uploads\/2025\/09\/gnklLJrAivnaqgejxFaGL1eXK41ZVtnV0cgHgtDWasc-5.png\",\"width\":572,\"height\":512},{\"@type\":\"BreadcrumbList\",\"@id\":\"https:\/\/klimavex.eu\/cz\/katalog\/ventilator-vortice-ca-100-v0-d\/#breadcrumb\",\"itemListElement\":[{\"@type\":\"ListItem\",\"position\":1,\"name\":\"Domovsk\u00e1 str\u00e1nka\",\"item\":\"https:\/\/klimavex.eu\/cz\/\"},{\"@type\":\"ListItem\",\"position\":2,\"name\":\"Eshop\",\"item\":\"https:\/\/klimavex.eu\/cz\/eshop\/\"},{\"@type\":\"ListItem\",\"position\":3,\"name\":\"Ventil\u00e1tor Vortice CA 100 V0 D\"}]},{\"@type\":\"WebSite\",\"@id\":\"https:\/\/klimavex.eu\/cz\/#website\",\"url\":\"https:\/\/klimavex.eu\/cz\/\",\"name\":\"KLIMAVEX GROUP - \u010cesko\",\"description\":\"\",\"publisher\":{\"@id\":\"https:\/\/klimavex.eu\/cz\/#organization\"},\"alternateName\":\"KLIMAVEX CZ a.s.\",\"potentialAction\":[{\"@type\":\"SearchAction\",\"target\":{\"@type\":\"EntryPoint\",\"urlTemplate\":\"https:\/\/klimavex.eu\/cz\/?s={search_term_string}\"},\"query-input\":{\"@type\":\"PropertyValueSpecification\",\"valueRequired\":true,\"valueName\":\"search_term_string\"}}],\"inLanguage\":\"cs\"},{\"@type\":\"Organization\",\"@id\":\"https:\/\/klimavex.eu\/cz\/#organization\",\"name\":\"KLIMAVEX GROUP\",\"alternateName\":\"KLIMAVEX\",\"url\":\"https:\/\/klimavex.eu\/cz\/\",\"logo\":{\"@type\":\"ImageObject\",\"inLanguage\":\"cs\",\"@id\":\"https:\/\/klimavex.eu\/cz\/#\/schema\/logo\/image\/\",\"url\":\"https:\/\/klimavex.eu\/cz\/wp-content\/uploads\/2024\/04\/Klimavex-Group-logo.png\",\"contentUrl\":\"https:\/\/klimavex.eu\/cz\/wp-content\/uploads\/2024\/04\/Klimavex-Group-logo.png\",\"width\":1681,\"height\":472,\"caption\":\"KLIMAVEX GROUP\"},\"image\":{\"@id\":\"https:\/\/klimavex.eu\/cz\/#\/schema\/logo\/image\/\"},\"sameAs\":[\"https:\/\/www.facebook.com\/klimavex.cz\",\"https:\/\/www.instagram.com\/klimavex_cz\/\"]}]}<\/script>\n<!-- \/ Yoast SEO plugin. -->","yoast_head_json":{"title":"Ventil\u00e1tor Vortice CA 100 V0 D - KLIMAVEX GROUP - \u010cesko","robots":{"index":"index","follow":"follow","max-snippet":"max-snippet:-1","max-image-preview":"max-image-preview:large","max-video-preview":"max-video-preview:-1"},"canonical":"https:\/\/klimavex.eu\/cz\/katalog\/ventilator-vortice-ca-100-v0-d\/","og_locale":"cs_CZ","og_type":"article","og_title":"Ventil\u00e1tor Vortice CA 100 V0 D - KLIMAVEX GROUP - \u010cesko","og_description":"Radi&aacute;ln&iacute;&nbsp;potrubn&iacute; ventil&aacute;tor Vortice CA 100 V0 D&nbsp;s pr\u016fm\u011brem p\u0159ipojen&iacute; vzduchotechnick&eacute;ho potrub&iacute; &oslash; 100mm. Motor se st&iacute;n\u011bn&yacute;mi p&oacute;ly m&aacute; kuli\u010dkov&aacute; lo\u017eiska z&nbsp;nerez oceli. Ventil&aacute;tor je ur\u010den&yacute; pro napojen&iacute; na kruhov&eacute; potrub&iacute; a ods&aacute;v&aacute;n&iacute; komer\u010dn&iacute;ch i reziden\u010dn&iacute;ch objekt\u016f a je vhodn&yacute; na p\u0159ipojen&iacute; do potrub&iacute; s vy&scaron;&scaron;&iacute; tlakovou ztr&aacute;tou, dosahuje vysok&yacute;ch vzduchov&yacute;ch v&yacute;kon\u016f p\u0159i sou\u010dasn&eacute;m dodr\u017een&iacute; n&iacute;zk&eacute; hlu\u010dnosti. (Dostupn&yacute; tlak&nbsp;366 Pa \/&nbsp;Pr\u016ftok vzduchu&nbsp;251&nbsp;m3\/h).","og_url":"https:\/\/klimavex.eu\/cz\/katalog\/ventilator-vortice-ca-100-v0-d\/","og_site_name":"KLIMAVEX GROUP - \u010cesko","article_publisher":"https:\/\/www.facebook.com\/klimavex.cz","article_modified_time":"2026-03-31T16:52:44+00:00","og_image":[{"width":572,"height":512,"url":"https:\/\/klimavex.eu\/cz\/wp-content\/uploads\/2025\/09\/gnklLJrAivnaqgejxFaGL1eXK41ZVtnV0cgHgtDWasc-5.png","type":"image\/png"}],"twitter_card":"summary_large_image","twitter_misc":{"Odhadovan\u00e1 doba \u010dten\u00ed":"1 minuta"},"schema":{"@context":"https:\/\/schema.org","@graph":[{"@type":"WebPage","@id":"https:\/\/klimavex.eu\/cz\/katalog\/ventilator-vortice-ca-100-v0-d\/","url":"https:\/\/klimavex.eu\/cz\/katalog\/ventilator-vortice-ca-100-v0-d\/","name":"Ventil\u00e1tor Vortice CA 100 V0 D - KLIMAVEX GROUP - \u010cesko","isPartOf":{"@id":"https:\/\/klimavex.eu\/cz\/#website"},"primaryImageOfPage":{"@id":"https:\/\/klimavex.eu\/cz\/katalog\/ventilator-vortice-ca-100-v0-d\/#primaryimage"},"image":{"@id":"https:\/\/klimavex.eu\/cz\/katalog\/ventilator-vortice-ca-100-v0-d\/#primaryimage"},"thumbnailUrl":"https:\/\/klimavex.eu\/cz\/wp-content\/uploads\/2025\/09\/gnklLJrAivnaqgejxFaGL1eXK41ZVtnV0cgHgtDWasc-5.png","datePublished":"2026-03-31T16:51:38+00:00","dateModified":"2026-03-31T16:52:44+00:00","breadcrumb":{"@id":"https:\/\/klimavex.eu\/cz\/katalog\/ventilator-vortice-ca-100-v0-d\/#breadcrumb"},"inLanguage":"cs","potentialAction":[{"@type":"ReadAction","target":["https:\/\/klimavex.eu\/cz\/katalog\/ventilator-vortice-ca-100-v0-d\/"]}]},{"@type":"ImageObject","inLanguage":"cs","@id":"https:\/\/klimavex.eu\/cz\/katalog\/ventilator-vortice-ca-100-v0-d\/#primaryimage","url":"https:\/\/klimavex.eu\/cz\/wp-content\/uploads\/2025\/09\/gnklLJrAivnaqgejxFaGL1eXK41ZVtnV0cgHgtDWasc-5.png","contentUrl":"https:\/\/klimavex.eu\/cz\/wp-content\/uploads\/2025\/09\/gnklLJrAivnaqgejxFaGL1eXK41ZVtnV0cgHgtDWasc-5.png","width":572,"height":512},{"@type":"BreadcrumbList","@id":"https:\/\/klimavex.eu\/cz\/katalog\/ventilator-vortice-ca-100-v0-d\/#breadcrumb","itemListElement":[{"@type":"ListItem","position":1,"name":"Domovsk\u00e1 str\u00e1nka","item":"https:\/\/klimavex.eu\/cz\/"},{"@type":"ListItem","position":2,"name":"Eshop","item":"https:\/\/klimavex.eu\/cz\/eshop\/"},{"@type":"ListItem","position":3,"name":"Ventil\u00e1tor Vortice CA 100 V0 D"}]},{"@type":"WebSite","@id":"https:\/\/klimavex.eu\/cz\/#website","url":"https:\/\/klimavex.eu\/cz\/","name":"KLIMAVEX GROUP - \u010cesko","description":"","publisher":{"@id":"https:\/\/klimavex.eu\/cz\/#organization"},"alternateName":"KLIMAVEX CZ a.s.","potentialAction":[{"@type":"SearchAction","target":{"@type":"EntryPoint","urlTemplate":"https:\/\/klimavex.eu\/cz\/?s={search_term_string}"},"query-input":{"@type":"PropertyValueSpecification","valueRequired":true,"valueName":"search_term_string"}}],"inLanguage":"cs"},{"@type":"Organization","@id":"https:\/\/klimavex.eu\/cz\/#organization","name":"KLIMAVEX GROUP","alternateName":"KLIMAVEX","url":"https:\/\/klimavex.eu\/cz\/","logo":{"@type":"ImageObject","inLanguage":"cs","@id":"https:\/\/klimavex.eu\/cz\/#\/schema\/logo\/image\/","url":"https:\/\/klimavex.eu\/cz\/wp-content\/uploads\/2024\/04\/Klimavex-Group-logo.png","contentUrl":"https:\/\/klimavex.eu\/cz\/wp-content\/uploads\/2024\/04\/Klimavex-Group-logo.png","width":1681,"height":472,"caption":"KLIMAVEX GROUP"},"image":{"@id":"https:\/\/klimavex.eu\/cz\/#\/schema\/logo\/image\/"},"sameAs":["https:\/\/www.facebook.com\/klimavex.cz","https:\/\/www.instagram.com\/klimavex_cz\/"]}]}},"_links":{"self":[{"href":"https:\/\/klimavex.eu\/cz\/wp-json\/wp\/v2\/product\/544278","targetHints":{"allow":["GET"]}}],"collection":[{"href":"https:\/\/klimavex.eu\/cz\/wp-json\/wp\/v2\/product"}],"about":[{"href":"https:\/\/klimavex.eu\/cz\/wp-json\/wp\/v2\/types\/product"}],"version-history":[{"count":0,"href":"https:\/\/klimavex.eu\/cz\/wp-json\/wp\/v2\/product\/544278\/revisions"}],"wp:featuredmedia":[{"embeddable":true,"href":"https:\/\/klimavex.eu\/cz\/wp-json\/wp\/v2\/media\/551830"}],"wp:attachment":[{"href":"https:\/\/klimavex.eu\/cz\/wp-json\/wp\/v2\/media?parent=544278"}],"wp:term":[{"taxonomy":"product_cat","embeddable":true,"href":"https:\/\/klimavex.eu\/cz\/wp-json\/wp\/v2\/product_cat?post=544278"},{"taxonomy":"product_tag","embeddable":true,"href":"https:\/\/klimavex.eu\/cz\/wp-json\/wp\/v2\/product_tag?post=544278"}],"curies":[{"name":"wp","href":"https:\/\/api.w.org\/{rel}","templated":true}]}}