{"id":544282,"date":"2026-04-08T21:06:33","date_gmt":"2026-04-08T19:06:33","guid":{"rendered":"https:\/\/klimavex.eu\/cz\/katalog\/ventilator-vortice-c15-2-t-atex\/"},"modified":"2026-04-08T21:06:50","modified_gmt":"2026-04-08T19:06:50","slug":"ventilator-vortice-c15-2-t-atex","status":"publish","type":"product","link":"https:\/\/klimavex.eu\/cz\/katalog\/ventilator-vortice-c15-2-t-atex\/","title":{"rendered":"Ventil\u00e1tor Vortice C15\/2 T ATEX"},"content":{"rendered":"<p style=\"text-align: justify;\"><strong>Kl&iacute;\u010dov&eacute; vlastnosti:<\/strong><\/p>\n<ul>\n<li style=\"text-align: justify;\">ATEX certifikovan&eacute; induk\u010dn&iacute; asynchronn&iacute; motory.<\/li>\n<li style=\"text-align: justify;\">Hlin&iacute;kov&yacute; radi&aacute;ln&iacute; ventil&aacute;tor s dop\u0159edu zahnut&yacute;mi lopatkami.<\/li>\n<li style=\"text-align: justify;\">Ocelov&yacute; r&aacute;m ve tvaru spir&aacute;ly.<\/li>\n<li style=\"text-align: justify;\">Difuzor z le&scaron;t\u011bn&eacute; m\u011bdi.<\/li>\n<li style=\"text-align: justify;\">Ochrann&aacute; m\u0159&iacute;\u017eka z galvanizovan&eacute; oceli opat\u0159en&aacute; ochrann&yacute;m n&aacute;t\u011brem.<\/li>\n<li style=\"text-align: justify;\">Kovov&eacute; kabelov&eacute; pr\u016fchodky pro ATEX certifikovan&eacute; elektrick&eacute; p\u0159ipojen&iacute;.<\/li>\n<li style=\"text-align: justify;\">Chr&aacute;n\u011bno z&aacute;kladn&iacute; n&aacute;t\u011brem a polyuretanovou vrchn&iacute; vrstvou.<\/li>\n<li style=\"text-align: justify;\">Kryt&iacute; IP65, t\u0159&iacute;da izolace I.<\/li>\n<li style=\"text-align: justify;\">Vyrobeno v souladu s normou EN 14986 (navrhov&aacute;n&iacute; ventil&aacute;tor\u016f ur\u010den&yacute;ch do potenci&aacute;ln\u011b v&yacute;bu&scaron;n&yacute;ch prost\u0159ed&iacute;).<\/li>\n<li style=\"text-align: justify;\">Certifikov&aacute;no nez&aacute;vislou zku&scaron;ebnou s certifik&aacute;tem IMQ 10 ATEX 030 X.<\/li>\n<\/ul>\n","protected":false},"excerpt":{"rendered":"<p style=\"text-align: justify;\"><strong>T\u0159&iacute;f&aacute;zov&yacute; radi&aacute;ln&iacute; <\/strong>ventil&aacute;tor italsk&eacute;ho v&yacute;robce Vortice C ATEX <strong>ur\u010den&yacute; do prostor, kde hroz&iacute; nebezpe\u010d&iacute; v&yacute;buchu z plyn\u016f a\/nebo prachov&yacute;ch \u010d&aacute;stic. <\/strong>Ventil&aacute;tor ur\u010den&yacute; k mont&aacute;\u017ei do zdi, stropu nebo tak&eacute; do potrub&iacute;. Vhodnost um&iacute;st\u011bn&iacute; mus&iacute; b&yacute;t potvrzena opr&aacute;vn\u011bnou osobou.<\/p>\n","protected":false},"featured_media":551855,"template":"","meta":[],"product_cat":[10775,10769,10776],"product_tag":[],"class_list":{"0":"post-544282","1":"product","2":"type-product","3":"status-publish","4":"has-post-thumbnail","6":"product_cat-ventilatory-archivovane-produkty","7":"product_cat-archivovane-produkty","8":"product_cat-archivovane-produkty-ventilatory","9":"pa_dostupny-tlak-pa-13368","10":"pa_hlucnost-lp-3m-11834","11":"pa_kryti-ip65","12":"pa_label-archivovany","13":"pa_provedeni-radialni-atex","14":"pa_typ-c-atex","15":"pa_vzduchovy-vykon-qv-m3-13202","16":"pa_znacka-vortice","18":"first","19":"outofstock","20":"taxable","21":"shipping-taxable","22":"purchasable","23":"product-type-simple"},"yoast_head":"<!-- This site is optimized with the Yoast SEO plugin v23.9 - https:\/\/yoast.com\/wordpress\/plugins\/seo\/ -->\n<title>Ventil\u00e1tor Vortice C15\/2 T ATEX - KLIMAVEX GROUP - \u010cesko<\/title>\n<meta name=\"robots\" content=\"index, follow, max-snippet:-1, max-image-preview:large, max-video-preview:-1\" \/>\n<link rel=\"canonical\" href=\"https:\/\/klimavex.eu\/cz\/katalog\/ventilator-vortice-c15-2-t-atex\/\" \/>\n<meta property=\"og:locale\" content=\"cs_CZ\" \/>\n<meta property=\"og:type\" content=\"article\" \/>\n<meta property=\"og:title\" content=\"Ventil\u00e1tor Vortice C15\/2 T ATEX - KLIMAVEX GROUP - \u010cesko\" \/>\n<meta property=\"og:description\" content=\"T\u0159&iacute;f&aacute;zov&yacute; radi&aacute;ln&iacute; ventil&aacute;tor italsk&eacute;ho v&yacute;robce Vortice C ATEX ur\u010den&yacute; do prostor, kde hroz&iacute; nebezpe\u010d&iacute; v&yacute;buchu z plyn\u016f a\/nebo prachov&yacute;ch \u010d&aacute;stic. Ventil&aacute;tor ur\u010den&yacute; k mont&aacute;\u017ei do zdi, stropu nebo tak&eacute; do potrub&iacute;. Vhodnost um&iacute;st\u011bn&iacute; mus&iacute; b&yacute;t potvrzena opr&aacute;vn\u011bnou osobou.\" \/>\n<meta property=\"og:url\" content=\"https:\/\/klimavex.eu\/cz\/katalog\/ventilator-vortice-c15-2-t-atex\/\" \/>\n<meta property=\"og:site_name\" content=\"KLIMAVEX GROUP - \u010cesko\" \/>\n<meta property=\"article:publisher\" content=\"https:\/\/www.facebook.com\/klimavex.cz\" \/>\n<meta property=\"article:modified_time\" content=\"2026-04-08T19:06:50+00:00\" \/>\n<meta property=\"og:image\" content=\"https:\/\/klimavex.eu\/cz\/wp-content\/uploads\/2024\/02\/LOGO-KLIMAVEX-modra-kostka-1.png\" \/>\n\t<meta property=\"og:image:width\" content=\"9184\" \/>\n\t<meta property=\"og:image:height\" content=\"9184\" \/>\n\t<meta property=\"og:image:type\" content=\"image\/png\" \/>\n<meta name=\"twitter:card\" content=\"summary_large_image\" \/>\n<meta name=\"twitter:label1\" content=\"Odhadovan\u00e1 doba \u010dten\u00ed\" \/>\n\t<meta name=\"twitter:data1\" content=\"1 minuta\" \/>\n<script type=\"application\/ld+json\" class=\"yoast-schema-graph\">{\"@context\":\"https:\/\/schema.org\",\"@graph\":[{\"@type\":\"WebPage\",\"@id\":\"https:\/\/klimavex.eu\/cz\/katalog\/ventilator-vortice-c15-2-t-atex\/\",\"url\":\"https:\/\/klimavex.eu\/cz\/katalog\/ventilator-vortice-c15-2-t-atex\/\",\"name\":\"Ventil\u00e1tor Vortice C15\/2 T ATEX - KLIMAVEX GROUP - \u010cesko\",\"isPartOf\":{\"@id\":\"https:\/\/klimavex.eu\/cz\/#website\"},\"primaryImageOfPage\":{\"@id\":\"https:\/\/klimavex.eu\/cz\/katalog\/ventilator-vortice-c15-2-t-atex\/#primaryimage\"},\"image\":{\"@id\":\"https:\/\/klimavex.eu\/cz\/katalog\/ventilator-vortice-c15-2-t-atex\/#primaryimage\"},\"thumbnailUrl\":\"https:\/\/klimavex.eu\/cz\/wp-content\/uploads\/2025\/09\/lc4lH6N5AjHK4dUaFEh3aiU4TlVlWtzN3MszQI_PUPs-5.png\",\"datePublished\":\"2026-04-08T19:06:33+00:00\",\"dateModified\":\"2026-04-08T19:06:50+00:00\",\"breadcrumb\":{\"@id\":\"https:\/\/klimavex.eu\/cz\/katalog\/ventilator-vortice-c15-2-t-atex\/#breadcrumb\"},\"inLanguage\":\"cs\",\"potentialAction\":[{\"@type\":\"ReadAction\",\"target\":[\"https:\/\/klimavex.eu\/cz\/katalog\/ventilator-vortice-c15-2-t-atex\/\"]}]},{\"@type\":\"ImageObject\",\"inLanguage\":\"cs\",\"@id\":\"https:\/\/klimavex.eu\/cz\/katalog\/ventilator-vortice-c15-2-t-atex\/#primaryimage\",\"url\":\"https:\/\/klimavex.eu\/cz\/wp-content\/uploads\/2025\/09\/lc4lH6N5AjHK4dUaFEh3aiU4TlVlWtzN3MszQI_PUPs-5.png\",\"contentUrl\":\"https:\/\/klimavex.eu\/cz\/wp-content\/uploads\/2025\/09\/lc4lH6N5AjHK4dUaFEh3aiU4TlVlWtzN3MszQI_PUPs-5.png\",\"width\":572,\"height\":512},{\"@type\":\"BreadcrumbList\",\"@id\":\"https:\/\/klimavex.eu\/cz\/katalog\/ventilator-vortice-c15-2-t-atex\/#breadcrumb\",\"itemListElement\":[{\"@type\":\"ListItem\",\"position\":1,\"name\":\"Domovsk\u00e1 str\u00e1nka\",\"item\":\"https:\/\/klimavex.eu\/cz\/\"},{\"@type\":\"ListItem\",\"position\":2,\"name\":\"Eshop\",\"item\":\"https:\/\/klimavex.eu\/cz\/eshop\/\"},{\"@type\":\"ListItem\",\"position\":3,\"name\":\"Ventil\u00e1tor Vortice C15\/2 T ATEX\"}]},{\"@type\":\"WebSite\",\"@id\":\"https:\/\/klimavex.eu\/cz\/#website\",\"url\":\"https:\/\/klimavex.eu\/cz\/\",\"name\":\"KLIMAVEX GROUP - \u010cesko\",\"description\":\"\",\"publisher\":{\"@id\":\"https:\/\/klimavex.eu\/cz\/#organization\"},\"alternateName\":\"KLIMAVEX CZ a.s.\",\"potentialAction\":[{\"@type\":\"SearchAction\",\"target\":{\"@type\":\"EntryPoint\",\"urlTemplate\":\"https:\/\/klimavex.eu\/cz\/?s={search_term_string}\"},\"query-input\":{\"@type\":\"PropertyValueSpecification\",\"valueRequired\":true,\"valueName\":\"search_term_string\"}}],\"inLanguage\":\"cs\"},{\"@type\":\"Organization\",\"@id\":\"https:\/\/klimavex.eu\/cz\/#organization\",\"name\":\"KLIMAVEX GROUP\",\"alternateName\":\"KLIMAVEX\",\"url\":\"https:\/\/klimavex.eu\/cz\/\",\"logo\":{\"@type\":\"ImageObject\",\"inLanguage\":\"cs\",\"@id\":\"https:\/\/klimavex.eu\/cz\/#\/schema\/logo\/image\/\",\"url\":\"https:\/\/klimavex.eu\/cz\/wp-content\/uploads\/2024\/04\/Klimavex-Group-logo.png\",\"contentUrl\":\"https:\/\/klimavex.eu\/cz\/wp-content\/uploads\/2024\/04\/Klimavex-Group-logo.png\",\"width\":1681,\"height\":472,\"caption\":\"KLIMAVEX GROUP\"},\"image\":{\"@id\":\"https:\/\/klimavex.eu\/cz\/#\/schema\/logo\/image\/\"},\"sameAs\":[\"https:\/\/www.facebook.com\/klimavex.cz\",\"https:\/\/www.instagram.com\/klimavex_cz\/\"]}]}<\/script>\n<!-- \/ Yoast SEO plugin. -->","yoast_head_json":{"title":"Ventil\u00e1tor Vortice C15\/2 T ATEX - KLIMAVEX GROUP - \u010cesko","robots":{"index":"index","follow":"follow","max-snippet":"max-snippet:-1","max-image-preview":"max-image-preview:large","max-video-preview":"max-video-preview:-1"},"canonical":"https:\/\/klimavex.eu\/cz\/katalog\/ventilator-vortice-c15-2-t-atex\/","og_locale":"cs_CZ","og_type":"article","og_title":"Ventil\u00e1tor Vortice C15\/2 T ATEX - KLIMAVEX GROUP - \u010cesko","og_description":"T\u0159&iacute;f&aacute;zov&yacute; radi&aacute;ln&iacute; ventil&aacute;tor italsk&eacute;ho v&yacute;robce Vortice C ATEX ur\u010den&yacute; do prostor, kde hroz&iacute; nebezpe\u010d&iacute; v&yacute;buchu z plyn\u016f a\/nebo prachov&yacute;ch \u010d&aacute;stic. Ventil&aacute;tor ur\u010den&yacute; k mont&aacute;\u017ei do zdi, stropu nebo tak&eacute; do potrub&iacute;. Vhodnost um&iacute;st\u011bn&iacute; mus&iacute; b&yacute;t potvrzena opr&aacute;vn\u011bnou osobou.","og_url":"https:\/\/klimavex.eu\/cz\/katalog\/ventilator-vortice-c15-2-t-atex\/","og_site_name":"KLIMAVEX GROUP - \u010cesko","article_publisher":"https:\/\/www.facebook.com\/klimavex.cz","article_modified_time":"2026-04-08T19:06:50+00:00","og_image":[{"width":9184,"height":9184,"url":"https:\/\/klimavex.eu\/cz\/wp-content\/uploads\/2024\/02\/LOGO-KLIMAVEX-modra-kostka-1.png","type":"image\/png"}],"twitter_card":"summary_large_image","twitter_misc":{"Odhadovan\u00e1 doba \u010dten\u00ed":"1 minuta"},"schema":{"@context":"https:\/\/schema.org","@graph":[{"@type":"WebPage","@id":"https:\/\/klimavex.eu\/cz\/katalog\/ventilator-vortice-c15-2-t-atex\/","url":"https:\/\/klimavex.eu\/cz\/katalog\/ventilator-vortice-c15-2-t-atex\/","name":"Ventil\u00e1tor Vortice C15\/2 T ATEX - KLIMAVEX GROUP - \u010cesko","isPartOf":{"@id":"https:\/\/klimavex.eu\/cz\/#website"},"primaryImageOfPage":{"@id":"https:\/\/klimavex.eu\/cz\/katalog\/ventilator-vortice-c15-2-t-atex\/#primaryimage"},"image":{"@id":"https:\/\/klimavex.eu\/cz\/katalog\/ventilator-vortice-c15-2-t-atex\/#primaryimage"},"thumbnailUrl":"https:\/\/klimavex.eu\/cz\/wp-content\/uploads\/2025\/09\/lc4lH6N5AjHK4dUaFEh3aiU4TlVlWtzN3MszQI_PUPs-5.png","datePublished":"2026-04-08T19:06:33+00:00","dateModified":"2026-04-08T19:06:50+00:00","breadcrumb":{"@id":"https:\/\/klimavex.eu\/cz\/katalog\/ventilator-vortice-c15-2-t-atex\/#breadcrumb"},"inLanguage":"cs","potentialAction":[{"@type":"ReadAction","target":["https:\/\/klimavex.eu\/cz\/katalog\/ventilator-vortice-c15-2-t-atex\/"]}]},{"@type":"ImageObject","inLanguage":"cs","@id":"https:\/\/klimavex.eu\/cz\/katalog\/ventilator-vortice-c15-2-t-atex\/#primaryimage","url":"https:\/\/klimavex.eu\/cz\/wp-content\/uploads\/2025\/09\/lc4lH6N5AjHK4dUaFEh3aiU4TlVlWtzN3MszQI_PUPs-5.png","contentUrl":"https:\/\/klimavex.eu\/cz\/wp-content\/uploads\/2025\/09\/lc4lH6N5AjHK4dUaFEh3aiU4TlVlWtzN3MszQI_PUPs-5.png","width":572,"height":512},{"@type":"BreadcrumbList","@id":"https:\/\/klimavex.eu\/cz\/katalog\/ventilator-vortice-c15-2-t-atex\/#breadcrumb","itemListElement":[{"@type":"ListItem","position":1,"name":"Domovsk\u00e1 str\u00e1nka","item":"https:\/\/klimavex.eu\/cz\/"},{"@type":"ListItem","position":2,"name":"Eshop","item":"https:\/\/klimavex.eu\/cz\/eshop\/"},{"@type":"ListItem","position":3,"name":"Ventil\u00e1tor Vortice C15\/2 T ATEX"}]},{"@type":"WebSite","@id":"https:\/\/klimavex.eu\/cz\/#website","url":"https:\/\/klimavex.eu\/cz\/","name":"KLIMAVEX GROUP - \u010cesko","description":"","publisher":{"@id":"https:\/\/klimavex.eu\/cz\/#organization"},"alternateName":"KLIMAVEX CZ a.s.","potentialAction":[{"@type":"SearchAction","target":{"@type":"EntryPoint","urlTemplate":"https:\/\/klimavex.eu\/cz\/?s={search_term_string}"},"query-input":{"@type":"PropertyValueSpecification","valueRequired":true,"valueName":"search_term_string"}}],"inLanguage":"cs"},{"@type":"Organization","@id":"https:\/\/klimavex.eu\/cz\/#organization","name":"KLIMAVEX GROUP","alternateName":"KLIMAVEX","url":"https:\/\/klimavex.eu\/cz\/","logo":{"@type":"ImageObject","inLanguage":"cs","@id":"https:\/\/klimavex.eu\/cz\/#\/schema\/logo\/image\/","url":"https:\/\/klimavex.eu\/cz\/wp-content\/uploads\/2024\/04\/Klimavex-Group-logo.png","contentUrl":"https:\/\/klimavex.eu\/cz\/wp-content\/uploads\/2024\/04\/Klimavex-Group-logo.png","width":1681,"height":472,"caption":"KLIMAVEX GROUP"},"image":{"@id":"https:\/\/klimavex.eu\/cz\/#\/schema\/logo\/image\/"},"sameAs":["https:\/\/www.facebook.com\/klimavex.cz","https:\/\/www.instagram.com\/klimavex_cz\/"]}]}},"_links":{"self":[{"href":"https:\/\/klimavex.eu\/cz\/wp-json\/wp\/v2\/product\/544282","targetHints":{"allow":["GET"]}}],"collection":[{"href":"https:\/\/klimavex.eu\/cz\/wp-json\/wp\/v2\/product"}],"about":[{"href":"https:\/\/klimavex.eu\/cz\/wp-json\/wp\/v2\/types\/product"}],"version-history":[{"count":0,"href":"https:\/\/klimavex.eu\/cz\/wp-json\/wp\/v2\/product\/544282\/revisions"}],"wp:featuredmedia":[{"embeddable":true,"href":"https:\/\/klimavex.eu\/cz\/wp-json\/wp\/v2\/media\/551855"}],"wp:attachment":[{"href":"https:\/\/klimavex.eu\/cz\/wp-json\/wp\/v2\/media?parent=544282"}],"wp:term":[{"taxonomy":"product_cat","embeddable":true,"href":"https:\/\/klimavex.eu\/cz\/wp-json\/wp\/v2\/product_cat?post=544282"},{"taxonomy":"product_tag","embeddable":true,"href":"https:\/\/klimavex.eu\/cz\/wp-json\/wp\/v2\/product_tag?post=544282"}],"curies":[{"name":"wp","href":"https:\/\/api.w.org\/{rel}","templated":true}]}}