{"id":544304,"date":"2026-04-15T12:06:50","date_gmt":"2026-04-15T10:06:50","guid":{"rendered":"https:\/\/klimavex.eu\/cz\/katalog\/nastenny-elektricky-ohrivac-vortice-microrapid-2000-v0\/"},"modified":"2026-04-15T12:07:20","modified_gmt":"2026-04-15T10:07:20","slug":"nastenny-elektricky-ohrivac-vortice-microrapid-2000-v0","status":"publish","type":"product","link":"https:\/\/klimavex.eu\/cz\/katalog\/nastenny-elektricky-ohrivac-vortice-microrapid-2000-v0\/","title":{"rendered":"N\u00e1st\u011bnn\u00fd elektrick\u00fd oh\u0159\u00edva\u010d Vortice Microrapid 2000-V0"},"content":{"rendered":"<p style=\"text-align: justify;\"><strong>Kl&iacute;\u010dov&eacute; vlastnosti:<\/strong><\/p>\n<ul>\n<li style=\"text-align: justify;\">T\u0159i v&yacute;konov&eacute; stupn\u011b vyt&aacute;p\u011bn&iacute;.<\/li>\n<li style=\"text-align: justify;\">Tangenci&aacute;ln&iacute; ventil&aacute;tor, kter&yacute; garantuje vysok&yacute; v&yacute;kon a n&iacute;zkou provozn&iacute; hlu\u010dnost.<\/li>\n<li style=\"text-align: justify;\">Funkce protimrazov&eacute; ochrany. Automatick&eacute; zapnut&iacute; p\u0159i poklesu okoln&iacute; teploty pod 5&deg;C.<\/li>\n<li style=\"text-align: justify;\">Ovl&aacute;dac&iacute; panel s mo\u017enost&iacute; denn&iacute;ho\/t&yacute;denn&iacute;ho programov&aacute;n&iacute;, ukryt&yacute; pod zvedac&iacute;mi dv&iacute;\u0159ky na prav&eacute; stran\u011b.<\/li>\n<li style=\"text-align: justify;\">Mo\u017enost mont&aacute;\u017ee v m&iacute;stnostech s vysokou relativn&iacute; vlhkost&iacute;.<\/li>\n<li style=\"text-align: justify;\">V&scaron;echny modely maj&iacute; kryt&iacute; IPX4 (ochrana proti st\u0159&iacute;kaj&iacute;c&iacute; vod\u011b).<\/li>\n<li style=\"text-align: justify;\">Za\u0159&iacute;zen&iacute; mus&iacute; b&yacute;t uzemn\u011bno.<\/li>\n<\/ul>\n","protected":false},"excerpt":{"rendered":"<p style=\"text-align: justify;\">Pokojov&yacute; elektrick&yacute; oh\u0159&iacute;va\u010d <strong>Vortice Microsol <\/strong>je vhodn&yacute; <strong>do mal&yacute;ch m&iacute;stnost&iacute;<\/strong>, jako <strong>dopln\u011bk ke st&aacute;vaj&iacute;c&iacute;mu topn&eacute;mu syst&eacute;mu<\/strong>. Mo\u017enost mont&aacute;\u017ee v m&iacute;stnostech s vysokou relativn&iacute; vlhkost&iacute;, mont&aacute;\u017e na ze\u010f.<\/p>\n","protected":false},"featured_media":551936,"template":"","meta":[],"product_cat":[10775,10769,10776],"product_tag":[],"class_list":{"0":"post-544304","1":"product","2":"type-product","3":"status-publish","4":"has-post-thumbnail","6":"product_cat-ventilatory-archivovane-produkty","7":"product_cat-archivovane-produkty","8":"product_cat-archivovane-produkty-ventilatory","9":"pa_el-prikon-w-800-1200-2000","10":"pa_kryti-ipx4","11":"pa_label-archivovany","12":"pa_typ-ohrivac","13":"pa_znacka-vortice","15":"first","16":"outofstock","17":"taxable","18":"shipping-taxable","19":"purchasable","20":"product-type-simple"},"yoast_head":"<!-- This site is optimized with the Yoast SEO plugin v23.9 - https:\/\/yoast.com\/wordpress\/plugins\/seo\/ -->\n<title>N\u00e1st\u011bnn\u00fd elektrick\u00fd oh\u0159\u00edva\u010d Vortice Microrapid 2000-V0 - KLIMAVEX GROUP - \u010cesko<\/title>\n<meta name=\"robots\" content=\"index, follow, max-snippet:-1, max-image-preview:large, max-video-preview:-1\" \/>\n<link rel=\"canonical\" href=\"https:\/\/klimavex.eu\/cz\/katalog\/nastenny-elektricky-ohrivac-vortice-microrapid-2000-v0\/\" \/>\n<meta property=\"og:locale\" content=\"cs_CZ\" \/>\n<meta property=\"og:type\" content=\"article\" \/>\n<meta property=\"og:title\" content=\"N\u00e1st\u011bnn\u00fd elektrick\u00fd oh\u0159\u00edva\u010d Vortice Microrapid 2000-V0 - KLIMAVEX GROUP - \u010cesko\" \/>\n<meta property=\"og:description\" content=\"Pokojov&yacute; elektrick&yacute; oh\u0159&iacute;va\u010d Vortice Microsol je vhodn&yacute; do mal&yacute;ch m&iacute;stnost&iacute;, jako dopln\u011bk ke st&aacute;vaj&iacute;c&iacute;mu topn&eacute;mu syst&eacute;mu. Mo\u017enost mont&aacute;\u017ee v m&iacute;stnostech s vysokou relativn&iacute; vlhkost&iacute;, mont&aacute;\u017e na ze\u010f.\" \/>\n<meta property=\"og:url\" content=\"https:\/\/klimavex.eu\/cz\/katalog\/nastenny-elektricky-ohrivac-vortice-microrapid-2000-v0\/\" \/>\n<meta property=\"og:site_name\" content=\"KLIMAVEX GROUP - \u010cesko\" \/>\n<meta property=\"article:publisher\" content=\"https:\/\/www.facebook.com\/klimavex.cz\" \/>\n<meta property=\"article:modified_time\" content=\"2026-04-15T10:07:20+00:00\" \/>\n<meta property=\"og:image\" content=\"https:\/\/klimavex.eu\/cz\/wp-content\/uploads\/2025\/09\/1z_UXiZak4HzoB4AJrtRzuNbDCwasyLQh2SrJHeAIXg.png\" \/>\n\t<meta property=\"og:image:width\" content=\"572\" \/>\n\t<meta property=\"og:image:height\" content=\"512\" \/>\n\t<meta property=\"og:image:type\" content=\"image\/png\" \/>\n<meta name=\"twitter:card\" content=\"summary_large_image\" \/>\n<meta name=\"twitter:label1\" content=\"Odhadovan\u00e1 doba \u010dten\u00ed\" \/>\n\t<meta name=\"twitter:data1\" content=\"1 minuta\" \/>\n<script type=\"application\/ld+json\" class=\"yoast-schema-graph\">{\"@context\":\"https:\/\/schema.org\",\"@graph\":[{\"@type\":\"WebPage\",\"@id\":\"https:\/\/klimavex.eu\/cz\/katalog\/nastenny-elektricky-ohrivac-vortice-microrapid-2000-v0\/\",\"url\":\"https:\/\/klimavex.eu\/cz\/katalog\/nastenny-elektricky-ohrivac-vortice-microrapid-2000-v0\/\",\"name\":\"N\u00e1st\u011bnn\u00fd elektrick\u00fd oh\u0159\u00edva\u010d Vortice Microrapid 2000-V0 - KLIMAVEX GROUP - \u010cesko\",\"isPartOf\":{\"@id\":\"https:\/\/klimavex.eu\/cz\/#website\"},\"primaryImageOfPage\":{\"@id\":\"https:\/\/klimavex.eu\/cz\/katalog\/nastenny-elektricky-ohrivac-vortice-microrapid-2000-v0\/#primaryimage\"},\"image\":{\"@id\":\"https:\/\/klimavex.eu\/cz\/katalog\/nastenny-elektricky-ohrivac-vortice-microrapid-2000-v0\/#primaryimage\"},\"thumbnailUrl\":\"https:\/\/klimavex.eu\/cz\/wp-content\/uploads\/2025\/09\/1z_UXiZak4HzoB4AJrtRzuNbDCwasyLQh2SrJHeAIXg.png\",\"datePublished\":\"2026-04-15T10:06:50+00:00\",\"dateModified\":\"2026-04-15T10:07:20+00:00\",\"breadcrumb\":{\"@id\":\"https:\/\/klimavex.eu\/cz\/katalog\/nastenny-elektricky-ohrivac-vortice-microrapid-2000-v0\/#breadcrumb\"},\"inLanguage\":\"cs\",\"potentialAction\":[{\"@type\":\"ReadAction\",\"target\":[\"https:\/\/klimavex.eu\/cz\/katalog\/nastenny-elektricky-ohrivac-vortice-microrapid-2000-v0\/\"]}]},{\"@type\":\"ImageObject\",\"inLanguage\":\"cs\",\"@id\":\"https:\/\/klimavex.eu\/cz\/katalog\/nastenny-elektricky-ohrivac-vortice-microrapid-2000-v0\/#primaryimage\",\"url\":\"https:\/\/klimavex.eu\/cz\/wp-content\/uploads\/2025\/09\/1z_UXiZak4HzoB4AJrtRzuNbDCwasyLQh2SrJHeAIXg.png\",\"contentUrl\":\"https:\/\/klimavex.eu\/cz\/wp-content\/uploads\/2025\/09\/1z_UXiZak4HzoB4AJrtRzuNbDCwasyLQh2SrJHeAIXg.png\",\"width\":572,\"height\":512},{\"@type\":\"BreadcrumbList\",\"@id\":\"https:\/\/klimavex.eu\/cz\/katalog\/nastenny-elektricky-ohrivac-vortice-microrapid-2000-v0\/#breadcrumb\",\"itemListElement\":[{\"@type\":\"ListItem\",\"position\":1,\"name\":\"Domovsk\u00e1 str\u00e1nka\",\"item\":\"https:\/\/klimavex.eu\/cz\/\"},{\"@type\":\"ListItem\",\"position\":2,\"name\":\"Eshop\",\"item\":\"https:\/\/klimavex.eu\/cz\/eshop\/\"},{\"@type\":\"ListItem\",\"position\":3,\"name\":\"N\u00e1st\u011bnn\u00fd elektrick\u00fd oh\u0159\u00edva\u010d Vortice Microrapid 2000-V0\"}]},{\"@type\":\"WebSite\",\"@id\":\"https:\/\/klimavex.eu\/cz\/#website\",\"url\":\"https:\/\/klimavex.eu\/cz\/\",\"name\":\"KLIMAVEX GROUP - \u010cesko\",\"description\":\"\",\"publisher\":{\"@id\":\"https:\/\/klimavex.eu\/cz\/#organization\"},\"alternateName\":\"KLIMAVEX CZ a.s.\",\"potentialAction\":[{\"@type\":\"SearchAction\",\"target\":{\"@type\":\"EntryPoint\",\"urlTemplate\":\"https:\/\/klimavex.eu\/cz\/?s={search_term_string}\"},\"query-input\":{\"@type\":\"PropertyValueSpecification\",\"valueRequired\":true,\"valueName\":\"search_term_string\"}}],\"inLanguage\":\"cs\"},{\"@type\":\"Organization\",\"@id\":\"https:\/\/klimavex.eu\/cz\/#organization\",\"name\":\"KLIMAVEX GROUP\",\"alternateName\":\"KLIMAVEX\",\"url\":\"https:\/\/klimavex.eu\/cz\/\",\"logo\":{\"@type\":\"ImageObject\",\"inLanguage\":\"cs\",\"@id\":\"https:\/\/klimavex.eu\/cz\/#\/schema\/logo\/image\/\",\"url\":\"https:\/\/klimavex.eu\/cz\/wp-content\/uploads\/2024\/04\/Klimavex-Group-logo.png\",\"contentUrl\":\"https:\/\/klimavex.eu\/cz\/wp-content\/uploads\/2024\/04\/Klimavex-Group-logo.png\",\"width\":1681,\"height\":472,\"caption\":\"KLIMAVEX GROUP\"},\"image\":{\"@id\":\"https:\/\/klimavex.eu\/cz\/#\/schema\/logo\/image\/\"},\"sameAs\":[\"https:\/\/www.facebook.com\/klimavex.cz\",\"https:\/\/www.instagram.com\/klimavex_cz\/\"]}]}<\/script>\n<!-- \/ Yoast SEO plugin. -->","yoast_head_json":{"title":"N\u00e1st\u011bnn\u00fd elektrick\u00fd oh\u0159\u00edva\u010d Vortice Microrapid 2000-V0 - KLIMAVEX GROUP - \u010cesko","robots":{"index":"index","follow":"follow","max-snippet":"max-snippet:-1","max-image-preview":"max-image-preview:large","max-video-preview":"max-video-preview:-1"},"canonical":"https:\/\/klimavex.eu\/cz\/katalog\/nastenny-elektricky-ohrivac-vortice-microrapid-2000-v0\/","og_locale":"cs_CZ","og_type":"article","og_title":"N\u00e1st\u011bnn\u00fd elektrick\u00fd oh\u0159\u00edva\u010d Vortice Microrapid 2000-V0 - KLIMAVEX GROUP - \u010cesko","og_description":"Pokojov&yacute; elektrick&yacute; oh\u0159&iacute;va\u010d Vortice Microsol je vhodn&yacute; do mal&yacute;ch m&iacute;stnost&iacute;, jako dopln\u011bk ke st&aacute;vaj&iacute;c&iacute;mu topn&eacute;mu syst&eacute;mu. Mo\u017enost mont&aacute;\u017ee v m&iacute;stnostech s vysokou relativn&iacute; vlhkost&iacute;, mont&aacute;\u017e na ze\u010f.","og_url":"https:\/\/klimavex.eu\/cz\/katalog\/nastenny-elektricky-ohrivac-vortice-microrapid-2000-v0\/","og_site_name":"KLIMAVEX GROUP - \u010cesko","article_publisher":"https:\/\/www.facebook.com\/klimavex.cz","article_modified_time":"2026-04-15T10:07:20+00:00","og_image":[{"width":572,"height":512,"url":"https:\/\/klimavex.eu\/cz\/wp-content\/uploads\/2025\/09\/1z_UXiZak4HzoB4AJrtRzuNbDCwasyLQh2SrJHeAIXg.png","type":"image\/png"}],"twitter_card":"summary_large_image","twitter_misc":{"Odhadovan\u00e1 doba \u010dten\u00ed":"1 minuta"},"schema":{"@context":"https:\/\/schema.org","@graph":[{"@type":"WebPage","@id":"https:\/\/klimavex.eu\/cz\/katalog\/nastenny-elektricky-ohrivac-vortice-microrapid-2000-v0\/","url":"https:\/\/klimavex.eu\/cz\/katalog\/nastenny-elektricky-ohrivac-vortice-microrapid-2000-v0\/","name":"N\u00e1st\u011bnn\u00fd elektrick\u00fd oh\u0159\u00edva\u010d Vortice Microrapid 2000-V0 - KLIMAVEX GROUP - \u010cesko","isPartOf":{"@id":"https:\/\/klimavex.eu\/cz\/#website"},"primaryImageOfPage":{"@id":"https:\/\/klimavex.eu\/cz\/katalog\/nastenny-elektricky-ohrivac-vortice-microrapid-2000-v0\/#primaryimage"},"image":{"@id":"https:\/\/klimavex.eu\/cz\/katalog\/nastenny-elektricky-ohrivac-vortice-microrapid-2000-v0\/#primaryimage"},"thumbnailUrl":"https:\/\/klimavex.eu\/cz\/wp-content\/uploads\/2025\/09\/1z_UXiZak4HzoB4AJrtRzuNbDCwasyLQh2SrJHeAIXg.png","datePublished":"2026-04-15T10:06:50+00:00","dateModified":"2026-04-15T10:07:20+00:00","breadcrumb":{"@id":"https:\/\/klimavex.eu\/cz\/katalog\/nastenny-elektricky-ohrivac-vortice-microrapid-2000-v0\/#breadcrumb"},"inLanguage":"cs","potentialAction":[{"@type":"ReadAction","target":["https:\/\/klimavex.eu\/cz\/katalog\/nastenny-elektricky-ohrivac-vortice-microrapid-2000-v0\/"]}]},{"@type":"ImageObject","inLanguage":"cs","@id":"https:\/\/klimavex.eu\/cz\/katalog\/nastenny-elektricky-ohrivac-vortice-microrapid-2000-v0\/#primaryimage","url":"https:\/\/klimavex.eu\/cz\/wp-content\/uploads\/2025\/09\/1z_UXiZak4HzoB4AJrtRzuNbDCwasyLQh2SrJHeAIXg.png","contentUrl":"https:\/\/klimavex.eu\/cz\/wp-content\/uploads\/2025\/09\/1z_UXiZak4HzoB4AJrtRzuNbDCwasyLQh2SrJHeAIXg.png","width":572,"height":512},{"@type":"BreadcrumbList","@id":"https:\/\/klimavex.eu\/cz\/katalog\/nastenny-elektricky-ohrivac-vortice-microrapid-2000-v0\/#breadcrumb","itemListElement":[{"@type":"ListItem","position":1,"name":"Domovsk\u00e1 str\u00e1nka","item":"https:\/\/klimavex.eu\/cz\/"},{"@type":"ListItem","position":2,"name":"Eshop","item":"https:\/\/klimavex.eu\/cz\/eshop\/"},{"@type":"ListItem","position":3,"name":"N\u00e1st\u011bnn\u00fd elektrick\u00fd oh\u0159\u00edva\u010d Vortice Microrapid 2000-V0"}]},{"@type":"WebSite","@id":"https:\/\/klimavex.eu\/cz\/#website","url":"https:\/\/klimavex.eu\/cz\/","name":"KLIMAVEX GROUP - \u010cesko","description":"","publisher":{"@id":"https:\/\/klimavex.eu\/cz\/#organization"},"alternateName":"KLIMAVEX CZ a.s.","potentialAction":[{"@type":"SearchAction","target":{"@type":"EntryPoint","urlTemplate":"https:\/\/klimavex.eu\/cz\/?s={search_term_string}"},"query-input":{"@type":"PropertyValueSpecification","valueRequired":true,"valueName":"search_term_string"}}],"inLanguage":"cs"},{"@type":"Organization","@id":"https:\/\/klimavex.eu\/cz\/#organization","name":"KLIMAVEX GROUP","alternateName":"KLIMAVEX","url":"https:\/\/klimavex.eu\/cz\/","logo":{"@type":"ImageObject","inLanguage":"cs","@id":"https:\/\/klimavex.eu\/cz\/#\/schema\/logo\/image\/","url":"https:\/\/klimavex.eu\/cz\/wp-content\/uploads\/2024\/04\/Klimavex-Group-logo.png","contentUrl":"https:\/\/klimavex.eu\/cz\/wp-content\/uploads\/2024\/04\/Klimavex-Group-logo.png","width":1681,"height":472,"caption":"KLIMAVEX GROUP"},"image":{"@id":"https:\/\/klimavex.eu\/cz\/#\/schema\/logo\/image\/"},"sameAs":["https:\/\/www.facebook.com\/klimavex.cz","https:\/\/www.instagram.com\/klimavex_cz\/"]}]}},"_links":{"self":[{"href":"https:\/\/klimavex.eu\/cz\/wp-json\/wp\/v2\/product\/544304","targetHints":{"allow":["GET"]}}],"collection":[{"href":"https:\/\/klimavex.eu\/cz\/wp-json\/wp\/v2\/product"}],"about":[{"href":"https:\/\/klimavex.eu\/cz\/wp-json\/wp\/v2\/types\/product"}],"version-history":[{"count":0,"href":"https:\/\/klimavex.eu\/cz\/wp-json\/wp\/v2\/product\/544304\/revisions"}],"wp:featuredmedia":[{"embeddable":true,"href":"https:\/\/klimavex.eu\/cz\/wp-json\/wp\/v2\/media\/551936"}],"wp:attachment":[{"href":"https:\/\/klimavex.eu\/cz\/wp-json\/wp\/v2\/media?parent=544304"}],"wp:term":[{"taxonomy":"product_cat","embeddable":true,"href":"https:\/\/klimavex.eu\/cz\/wp-json\/wp\/v2\/product_cat?post=544304"},{"taxonomy":"product_tag","embeddable":true,"href":"https:\/\/klimavex.eu\/cz\/wp-json\/wp\/v2\/product_tag?post=544304"}],"curies":[{"name":"wp","href":"https:\/\/api.w.org\/{rel}","templated":true}]}}