{"id":544317,"date":"2026-03-31T18:52:50","date_gmt":"2026-03-31T16:52:50","guid":{"rendered":"https:\/\/klimavex.eu\/cz\/katalog\/ventilator-vortice-vort-press-habitat-ll-30-90\/"},"modified":"2026-03-31T18:53:42","modified_gmt":"2026-03-31T16:53:42","slug":"ventilator-vortice-vort-press-habitat-ll-30-90","status":"publish","type":"product","link":"https:\/\/klimavex.eu\/cz\/katalog\/ventilator-vortice-vort-press-habitat-ll-30-90\/","title":{"rendered":"Ventil\u00e1tor Vortice Vort Press Habitat LL 30\/90"},"content":{"rendered":"<p style=\"text-align: justify;\"><strong>Kl&iacute;\u010dov&eacute; vlastnosti:<\/strong><\/p>\n<ul>\n<li style=\"text-align: justify;\">Motor s kuli\u010dkov&yacute;mi lo\u017eisky, kter&aacute; zaji&scaron;\u0165uj&iacute; dlouhou \u017eivotnost a bezporuchov&yacute; provoz ventil&aacute;toru po dobu 30 000 hodin.<\/li>\n<li style=\"text-align: justify;\">Sou\u010d&aacute;st&iacute; dod&aacute;vky je pevn&aacute; m\u0159&iacute;\u017eka.<\/li>\n<li style=\"text-align: justify;\">Mont&aacute;\u017e na ze\u010f nebo strop.<\/li>\n<li style=\"text-align: justify;\">Dvouot&aacute;\u010dkov&yacute; motor.<\/li>\n<li style=\"text-align: justify;\">Dvojit&eacute; opl&aacute;&scaron;t\u011bn&iacute; motoru ventil&aacute;toru a m\u011bkk&eacute; gumov&eacute; t\u011bsn\u011bn&iacute; pro tlumen&iacute; vibrac&iacute; pro tich&yacute; provoz.<\/li>\n<li style=\"text-align: justify;\">Silikonov&aacute; zp\u011btn&aacute; klapka pro zabr&aacute;n\u011bn&iacute; zp\u011btn&eacute;ho proud\u011bn&iacute; vzduchu, pokud ventil&aacute;tor nen&iacute; v provozu.<\/li>\n<li style=\"text-align: justify;\">V&scaron;echny modely maj&iacute; kryt&iacute; IPX4 (ochrana proti st\u0159&iacute;kaj&iacute;c&iacute; vod\u011b).<\/li>\n<li style=\"text-align: justify;\">Za\u0159&iacute;zen&iacute; nemus&iacute; b&yacute;t uzemn\u011bno, m&aacute; dvojitou izolaci.<\/li>\n<\/ul>\n","protected":false},"excerpt":{"rendered":"<p style=\"text-align: justify;\"><strong>Radi&aacute;ln&iacute; <\/strong>dvourychlostn&iacute; ods&aacute;vac&iacute; ventil&aacute;tor Vortice vhodn&yacute; pro <strong>ods&aacute;v&aacute;n&iacute; st\u0159edn&iacute;ch a velk&yacute;ch m&iacute;stnost&iacute; <\/strong>v bytech, kancel&aacute;\u0159&iacute;ch, v\u010detn\u011b m&iacute;stnost&iacute; s vysokou relativn&iacute; vlhkost&iacute;. S <strong>p\u0159ipojen&iacute;m na potrub&iacute; &Oslash; 100mm<\/strong>. <strong>Mont&aacute;\u017e na ze\u010f nebo strop.<\/strong><\/p>\n","protected":false},"featured_media":552019,"template":"","meta":[],"product_cat":[7566,7568,7562],"product_tag":[],"class_list":{"0":"post-544317","1":"product","2":"type-product","3":"status-publish","4":"has-post-thumbnail","6":"product_cat-ventilatory-do-koupelny-radialni","7":"product_cat-vort-press","8":"product_cat-ventilatory","9":"pa_dostupny-tlak-pa-39-137","10":"pa_hlucnost-lp-3m-285-445","11":"pa_kryti-ipx4","12":"pa_kulickova-loziska-ll-ano","13":"pa_provedeni-radialni","14":"pa_prumer-napojeni-mm-11619","15":"pa_typ-vort-press","16":"pa_vzduchovy-vykon-qv-m3-51-101","17":"pa_znacka-vortice","19":"first","20":"instock","21":"taxable","22":"shipping-taxable","23":"purchasable","24":"product-type-simple"},"yoast_head":"<!-- This site is optimized with the Yoast SEO plugin v23.9 - https:\/\/yoast.com\/wordpress\/plugins\/seo\/ -->\n<title>Ventil\u00e1tor Vortice Vort Press Habitat LL 30\/90 - KLIMAVEX GROUP - \u010cesko<\/title>\n<meta name=\"robots\" content=\"index, follow, max-snippet:-1, max-image-preview:large, max-video-preview:-1\" \/>\n<link rel=\"canonical\" href=\"https:\/\/klimavex.eu\/cz\/katalog\/ventilator-vortice-vort-press-habitat-ll-30-90\/\" \/>\n<meta property=\"og:locale\" content=\"cs_CZ\" \/>\n<meta property=\"og:type\" content=\"article\" \/>\n<meta property=\"og:title\" content=\"Ventil\u00e1tor Vortice Vort Press Habitat LL 30\/90 - KLIMAVEX GROUP - \u010cesko\" \/>\n<meta property=\"og:description\" content=\"Radi&aacute;ln&iacute; dvourychlostn&iacute; ods&aacute;vac&iacute; ventil&aacute;tor Vortice vhodn&yacute; pro ods&aacute;v&aacute;n&iacute; st\u0159edn&iacute;ch a velk&yacute;ch m&iacute;stnost&iacute; v bytech, kancel&aacute;\u0159&iacute;ch, v\u010detn\u011b m&iacute;stnost&iacute; s vysokou relativn&iacute; vlhkost&iacute;. S p\u0159ipojen&iacute;m na potrub&iacute; &Oslash; 100mm. Mont&aacute;\u017e na ze\u010f nebo strop.\" \/>\n<meta property=\"og:url\" content=\"https:\/\/klimavex.eu\/cz\/katalog\/ventilator-vortice-vort-press-habitat-ll-30-90\/\" \/>\n<meta property=\"og:site_name\" content=\"KLIMAVEX GROUP - \u010cesko\" \/>\n<meta property=\"article:publisher\" content=\"https:\/\/www.facebook.com\/klimavex.cz\" \/>\n<meta property=\"article:modified_time\" content=\"2026-03-31T16:53:42+00:00\" \/>\n<meta property=\"og:image\" content=\"https:\/\/klimavex.eu\/cz\/wp-content\/uploads\/2025\/09\/LgN90dKEMOlpTMeuD14hbzNeLZ5xs7X72BWgK7PoxFA-3.png\" \/>\n\t<meta property=\"og:image:width\" content=\"572\" \/>\n\t<meta property=\"og:image:height\" content=\"512\" \/>\n\t<meta property=\"og:image:type\" content=\"image\/png\" \/>\n<meta name=\"twitter:card\" content=\"summary_large_image\" \/>\n<meta name=\"twitter:label1\" content=\"Odhadovan\u00e1 doba \u010dten\u00ed\" \/>\n\t<meta name=\"twitter:data1\" content=\"1 minuta\" \/>\n<script type=\"application\/ld+json\" class=\"yoast-schema-graph\">{\"@context\":\"https:\/\/schema.org\",\"@graph\":[{\"@type\":\"WebPage\",\"@id\":\"https:\/\/klimavex.eu\/cz\/katalog\/ventilator-vortice-vort-press-habitat-ll-30-90\/\",\"url\":\"https:\/\/klimavex.eu\/cz\/katalog\/ventilator-vortice-vort-press-habitat-ll-30-90\/\",\"name\":\"Ventil\u00e1tor Vortice Vort Press Habitat LL 30\/90 - KLIMAVEX GROUP - \u010cesko\",\"isPartOf\":{\"@id\":\"https:\/\/klimavex.eu\/cz\/#website\"},\"primaryImageOfPage\":{\"@id\":\"https:\/\/klimavex.eu\/cz\/katalog\/ventilator-vortice-vort-press-habitat-ll-30-90\/#primaryimage\"},\"image\":{\"@id\":\"https:\/\/klimavex.eu\/cz\/katalog\/ventilator-vortice-vort-press-habitat-ll-30-90\/#primaryimage\"},\"thumbnailUrl\":\"https:\/\/klimavex.eu\/cz\/wp-content\/uploads\/2025\/09\/LgN90dKEMOlpTMeuD14hbzNeLZ5xs7X72BWgK7PoxFA-3.png\",\"datePublished\":\"2026-03-31T16:52:50+00:00\",\"dateModified\":\"2026-03-31T16:53:42+00:00\",\"breadcrumb\":{\"@id\":\"https:\/\/klimavex.eu\/cz\/katalog\/ventilator-vortice-vort-press-habitat-ll-30-90\/#breadcrumb\"},\"inLanguage\":\"cs\",\"potentialAction\":[{\"@type\":\"ReadAction\",\"target\":[\"https:\/\/klimavex.eu\/cz\/katalog\/ventilator-vortice-vort-press-habitat-ll-30-90\/\"]}]},{\"@type\":\"ImageObject\",\"inLanguage\":\"cs\",\"@id\":\"https:\/\/klimavex.eu\/cz\/katalog\/ventilator-vortice-vort-press-habitat-ll-30-90\/#primaryimage\",\"url\":\"https:\/\/klimavex.eu\/cz\/wp-content\/uploads\/2025\/09\/LgN90dKEMOlpTMeuD14hbzNeLZ5xs7X72BWgK7PoxFA-3.png\",\"contentUrl\":\"https:\/\/klimavex.eu\/cz\/wp-content\/uploads\/2025\/09\/LgN90dKEMOlpTMeuD14hbzNeLZ5xs7X72BWgK7PoxFA-3.png\",\"width\":572,\"height\":512},{\"@type\":\"BreadcrumbList\",\"@id\":\"https:\/\/klimavex.eu\/cz\/katalog\/ventilator-vortice-vort-press-habitat-ll-30-90\/#breadcrumb\",\"itemListElement\":[{\"@type\":\"ListItem\",\"position\":1,\"name\":\"Domovsk\u00e1 str\u00e1nka\",\"item\":\"https:\/\/klimavex.eu\/cz\/\"},{\"@type\":\"ListItem\",\"position\":2,\"name\":\"Eshop\",\"item\":\"https:\/\/klimavex.eu\/cz\/eshop\/\"},{\"@type\":\"ListItem\",\"position\":3,\"name\":\"Ventil\u00e1tor Vortice Vort Press Habitat LL 30\/90\"}]},{\"@type\":\"WebSite\",\"@id\":\"https:\/\/klimavex.eu\/cz\/#website\",\"url\":\"https:\/\/klimavex.eu\/cz\/\",\"name\":\"KLIMAVEX GROUP - \u010cesko\",\"description\":\"\",\"publisher\":{\"@id\":\"https:\/\/klimavex.eu\/cz\/#organization\"},\"alternateName\":\"KLIMAVEX CZ a.s.\",\"potentialAction\":[{\"@type\":\"SearchAction\",\"target\":{\"@type\":\"EntryPoint\",\"urlTemplate\":\"https:\/\/klimavex.eu\/cz\/?s={search_term_string}\"},\"query-input\":{\"@type\":\"PropertyValueSpecification\",\"valueRequired\":true,\"valueName\":\"search_term_string\"}}],\"inLanguage\":\"cs\"},{\"@type\":\"Organization\",\"@id\":\"https:\/\/klimavex.eu\/cz\/#organization\",\"name\":\"KLIMAVEX GROUP\",\"alternateName\":\"KLIMAVEX\",\"url\":\"https:\/\/klimavex.eu\/cz\/\",\"logo\":{\"@type\":\"ImageObject\",\"inLanguage\":\"cs\",\"@id\":\"https:\/\/klimavex.eu\/cz\/#\/schema\/logo\/image\/\",\"url\":\"https:\/\/klimavex.eu\/cz\/wp-content\/uploads\/2024\/04\/Klimavex-Group-logo.png\",\"contentUrl\":\"https:\/\/klimavex.eu\/cz\/wp-content\/uploads\/2024\/04\/Klimavex-Group-logo.png\",\"width\":1681,\"height\":472,\"caption\":\"KLIMAVEX GROUP\"},\"image\":{\"@id\":\"https:\/\/klimavex.eu\/cz\/#\/schema\/logo\/image\/\"},\"sameAs\":[\"https:\/\/www.facebook.com\/klimavex.cz\",\"https:\/\/www.instagram.com\/klimavex_cz\/\"]}]}<\/script>\n<!-- \/ Yoast SEO plugin. -->","yoast_head_json":{"title":"Ventil\u00e1tor Vortice Vort Press Habitat LL 30\/90 - KLIMAVEX GROUP - \u010cesko","robots":{"index":"index","follow":"follow","max-snippet":"max-snippet:-1","max-image-preview":"max-image-preview:large","max-video-preview":"max-video-preview:-1"},"canonical":"https:\/\/klimavex.eu\/cz\/katalog\/ventilator-vortice-vort-press-habitat-ll-30-90\/","og_locale":"cs_CZ","og_type":"article","og_title":"Ventil\u00e1tor Vortice Vort Press Habitat LL 30\/90 - KLIMAVEX GROUP - \u010cesko","og_description":"Radi&aacute;ln&iacute; dvourychlostn&iacute; ods&aacute;vac&iacute; ventil&aacute;tor Vortice vhodn&yacute; pro ods&aacute;v&aacute;n&iacute; st\u0159edn&iacute;ch a velk&yacute;ch m&iacute;stnost&iacute; v bytech, kancel&aacute;\u0159&iacute;ch, v\u010detn\u011b m&iacute;stnost&iacute; s vysokou relativn&iacute; vlhkost&iacute;. S p\u0159ipojen&iacute;m na potrub&iacute; &Oslash; 100mm. Mont&aacute;\u017e na ze\u010f nebo strop.","og_url":"https:\/\/klimavex.eu\/cz\/katalog\/ventilator-vortice-vort-press-habitat-ll-30-90\/","og_site_name":"KLIMAVEX GROUP - \u010cesko","article_publisher":"https:\/\/www.facebook.com\/klimavex.cz","article_modified_time":"2026-03-31T16:53:42+00:00","og_image":[{"width":572,"height":512,"url":"https:\/\/klimavex.eu\/cz\/wp-content\/uploads\/2025\/09\/LgN90dKEMOlpTMeuD14hbzNeLZ5xs7X72BWgK7PoxFA-3.png","type":"image\/png"}],"twitter_card":"summary_large_image","twitter_misc":{"Odhadovan\u00e1 doba \u010dten\u00ed":"1 minuta"},"schema":{"@context":"https:\/\/schema.org","@graph":[{"@type":"WebPage","@id":"https:\/\/klimavex.eu\/cz\/katalog\/ventilator-vortice-vort-press-habitat-ll-30-90\/","url":"https:\/\/klimavex.eu\/cz\/katalog\/ventilator-vortice-vort-press-habitat-ll-30-90\/","name":"Ventil\u00e1tor Vortice Vort Press Habitat LL 30\/90 - KLIMAVEX GROUP - \u010cesko","isPartOf":{"@id":"https:\/\/klimavex.eu\/cz\/#website"},"primaryImageOfPage":{"@id":"https:\/\/klimavex.eu\/cz\/katalog\/ventilator-vortice-vort-press-habitat-ll-30-90\/#primaryimage"},"image":{"@id":"https:\/\/klimavex.eu\/cz\/katalog\/ventilator-vortice-vort-press-habitat-ll-30-90\/#primaryimage"},"thumbnailUrl":"https:\/\/klimavex.eu\/cz\/wp-content\/uploads\/2025\/09\/LgN90dKEMOlpTMeuD14hbzNeLZ5xs7X72BWgK7PoxFA-3.png","datePublished":"2026-03-31T16:52:50+00:00","dateModified":"2026-03-31T16:53:42+00:00","breadcrumb":{"@id":"https:\/\/klimavex.eu\/cz\/katalog\/ventilator-vortice-vort-press-habitat-ll-30-90\/#breadcrumb"},"inLanguage":"cs","potentialAction":[{"@type":"ReadAction","target":["https:\/\/klimavex.eu\/cz\/katalog\/ventilator-vortice-vort-press-habitat-ll-30-90\/"]}]},{"@type":"ImageObject","inLanguage":"cs","@id":"https:\/\/klimavex.eu\/cz\/katalog\/ventilator-vortice-vort-press-habitat-ll-30-90\/#primaryimage","url":"https:\/\/klimavex.eu\/cz\/wp-content\/uploads\/2025\/09\/LgN90dKEMOlpTMeuD14hbzNeLZ5xs7X72BWgK7PoxFA-3.png","contentUrl":"https:\/\/klimavex.eu\/cz\/wp-content\/uploads\/2025\/09\/LgN90dKEMOlpTMeuD14hbzNeLZ5xs7X72BWgK7PoxFA-3.png","width":572,"height":512},{"@type":"BreadcrumbList","@id":"https:\/\/klimavex.eu\/cz\/katalog\/ventilator-vortice-vort-press-habitat-ll-30-90\/#breadcrumb","itemListElement":[{"@type":"ListItem","position":1,"name":"Domovsk\u00e1 str\u00e1nka","item":"https:\/\/klimavex.eu\/cz\/"},{"@type":"ListItem","position":2,"name":"Eshop","item":"https:\/\/klimavex.eu\/cz\/eshop\/"},{"@type":"ListItem","position":3,"name":"Ventil\u00e1tor Vortice Vort Press Habitat LL 30\/90"}]},{"@type":"WebSite","@id":"https:\/\/klimavex.eu\/cz\/#website","url":"https:\/\/klimavex.eu\/cz\/","name":"KLIMAVEX GROUP - \u010cesko","description":"","publisher":{"@id":"https:\/\/klimavex.eu\/cz\/#organization"},"alternateName":"KLIMAVEX CZ a.s.","potentialAction":[{"@type":"SearchAction","target":{"@type":"EntryPoint","urlTemplate":"https:\/\/klimavex.eu\/cz\/?s={search_term_string}"},"query-input":{"@type":"PropertyValueSpecification","valueRequired":true,"valueName":"search_term_string"}}],"inLanguage":"cs"},{"@type":"Organization","@id":"https:\/\/klimavex.eu\/cz\/#organization","name":"KLIMAVEX GROUP","alternateName":"KLIMAVEX","url":"https:\/\/klimavex.eu\/cz\/","logo":{"@type":"ImageObject","inLanguage":"cs","@id":"https:\/\/klimavex.eu\/cz\/#\/schema\/logo\/image\/","url":"https:\/\/klimavex.eu\/cz\/wp-content\/uploads\/2024\/04\/Klimavex-Group-logo.png","contentUrl":"https:\/\/klimavex.eu\/cz\/wp-content\/uploads\/2024\/04\/Klimavex-Group-logo.png","width":1681,"height":472,"caption":"KLIMAVEX GROUP"},"image":{"@id":"https:\/\/klimavex.eu\/cz\/#\/schema\/logo\/image\/"},"sameAs":["https:\/\/www.facebook.com\/klimavex.cz","https:\/\/www.instagram.com\/klimavex_cz\/"]}]}},"_links":{"self":[{"href":"https:\/\/klimavex.eu\/cz\/wp-json\/wp\/v2\/product\/544317","targetHints":{"allow":["GET"]}}],"collection":[{"href":"https:\/\/klimavex.eu\/cz\/wp-json\/wp\/v2\/product"}],"about":[{"href":"https:\/\/klimavex.eu\/cz\/wp-json\/wp\/v2\/types\/product"}],"version-history":[{"count":0,"href":"https:\/\/klimavex.eu\/cz\/wp-json\/wp\/v2\/product\/544317\/revisions"}],"wp:featuredmedia":[{"embeddable":true,"href":"https:\/\/klimavex.eu\/cz\/wp-json\/wp\/v2\/media\/552019"}],"wp:attachment":[{"href":"https:\/\/klimavex.eu\/cz\/wp-json\/wp\/v2\/media?parent=544317"}],"wp:term":[{"taxonomy":"product_cat","embeddable":true,"href":"https:\/\/klimavex.eu\/cz\/wp-json\/wp\/v2\/product_cat?post=544317"},{"taxonomy":"product_tag","embeddable":true,"href":"https:\/\/klimavex.eu\/cz\/wp-json\/wp\/v2\/product_tag?post=544317"}],"curies":[{"name":"wp","href":"https:\/\/api.w.org\/{rel}","templated":true}]}}