{"id":544319,"date":"2026-04-27T14:18:05","date_gmt":"2026-04-27T12:18:05","guid":{"rendered":"https:\/\/klimavex.eu\/cz\/katalog\/cistic-vzduchu-vortice-vortronic-100-fr\/"},"modified":"2026-04-27T14:18:09","modified_gmt":"2026-04-27T12:18:09","slug":"cistic-vzduchu-vortice-vortronic-100-fr","status":"publish","type":"product","link":"https:\/\/klimavex.eu\/cz\/katalog\/cistic-vzduchu-vortice-vortronic-100-fr\/","title":{"rendered":"\u010cisti\u010d vzduchu Vortice Vortronic 100 FR"},"content":{"rendered":"<p style=\"text-align: justify;\"><strong>Kl&iacute;\u010dov&eacute; vlastnosti:<\/strong><\/p>\n<ul>\n<li style=\"text-align: justify;\">Vym\u011bniteln&yacute; filtr s aktivn&iacute;m uhl&iacute;kem.<\/li>\n<li style=\"text-align: justify;\">Pou\u017eit&iacute; s nebo bez ioniz&aacute;toru.<\/li>\n<li style=\"text-align: justify;\">Bezpe\u010dnostn&iacute; funkce &ndash; automatick&eacute; vypnut&iacute; za\u0159&iacute;zen&iacute; p\u0159i otev\u0159en&yacute;ch filtra\u010dn&iacute;ch dv&iacute;\u0159k&aacute;ch nebo p\u0159i zanesen&eacute;m filtru.<\/li>\n<li style=\"text-align: justify;\">Za\u0159&iacute;zen&iacute; nemus&iacute; b&yacute;t uzemn\u011bno.<\/li>\n<\/ul>\n","protected":false},"excerpt":{"rendered":"<p style=\"text-align: justify;\">\u010cisti\u010d vzduchu <strong>Vortice Vortronic <\/strong>vhodn&yacute; do <strong>mal&yacute;ch i velk&yacute;ch m&iacute;stnost&iacute; <\/strong>\u010dist&iacute; vzduch od tab&aacute;kov&eacute;ho kou\u0159e, prachu a ne\u010distot. T\u0159&iacute;ot&aacute;\u010dkov&yacute; motor s mo\u017enost&iacute; regulace ot&aacute;\u010dek. Dod&aacute;v&aacute;n s <strong>24hodinov&yacute;m \u010dasov&yacute;m sp&iacute;na\u010dem <\/strong>s 15minutov&yacute;m cyklem. Obsahuje <strong>elektrostatick&yacute; filtr se siln&yacute;m \u010dist&iacute;c&iacute;m &uacute;\u010dinkem<\/strong>, kter&yacute; p\u0159itahuje \u010d&aacute;stice ne\u010distot.<\/p>\n","protected":false},"featured_media":552033,"template":"","meta":[],"product_cat":[7562,7641,7631],"product_tag":[],"class_list":{"0":"post-544319","1":"product","2":"type-product","3":"status-publish","4":"has-post-thumbnail","6":"product_cat-ventilatory","7":"product_cat-vortronic","8":"product_cat-elektricke-ohrivace-a-cistice-vzduchu","9":"pa_hlucnost-lp-6m-277-356-404","10":"pa_kryti-ip20","11":"pa_objem-do-m3-13389","12":"pa_provedeni-cistic-vzduchu","13":"pa_typ-vortronic","14":"pa_znacka-vortice","16":"first","17":"instock","18":"taxable","19":"shipping-taxable","20":"purchasable","21":"product-type-simple"},"yoast_head":"<!-- This site is optimized with the Yoast SEO plugin v23.9 - https:\/\/yoast.com\/wordpress\/plugins\/seo\/ -->\n<title>\u010cisti\u010d vzduchu Vortice Vortronic 100 FR - KLIMAVEX GROUP - \u010cesko<\/title>\n<meta name=\"robots\" content=\"index, follow, max-snippet:-1, max-image-preview:large, max-video-preview:-1\" \/>\n<link rel=\"canonical\" href=\"https:\/\/klimavex.eu\/cz\/katalog\/cistic-vzduchu-vortice-vortronic-100-fr\/\" \/>\n<meta property=\"og:locale\" content=\"cs_CZ\" \/>\n<meta property=\"og:type\" content=\"article\" \/>\n<meta property=\"og:title\" content=\"\u010cisti\u010d vzduchu Vortice Vortronic 100 FR - KLIMAVEX GROUP - \u010cesko\" \/>\n<meta property=\"og:description\" content=\"\u010cisti\u010d vzduchu Vortice Vortronic vhodn&yacute; do mal&yacute;ch i velk&yacute;ch m&iacute;stnost&iacute; \u010dist&iacute; vzduch od tab&aacute;kov&eacute;ho kou\u0159e, prachu a ne\u010distot. T\u0159&iacute;ot&aacute;\u010dkov&yacute; motor s mo\u017enost&iacute; regulace ot&aacute;\u010dek. Dod&aacute;v&aacute;n s 24hodinov&yacute;m \u010dasov&yacute;m sp&iacute;na\u010dem s 15minutov&yacute;m cyklem. Obsahuje elektrostatick&yacute; filtr se siln&yacute;m \u010dist&iacute;c&iacute;m &uacute;\u010dinkem, kter&yacute; p\u0159itahuje \u010d&aacute;stice ne\u010distot.\" \/>\n<meta property=\"og:url\" content=\"https:\/\/klimavex.eu\/cz\/katalog\/cistic-vzduchu-vortice-vortronic-100-fr\/\" \/>\n<meta property=\"og:site_name\" content=\"KLIMAVEX GROUP - \u010cesko\" \/>\n<meta property=\"article:publisher\" content=\"https:\/\/www.facebook.com\/klimavex.cz\" \/>\n<meta property=\"article:modified_time\" content=\"2026-04-27T12:18:09+00:00\" \/>\n<meta property=\"og:image\" content=\"https:\/\/klimavex.eu\/cz\/wp-content\/uploads\/2025\/09\/2qMoMDztzFVr06Z30D2PwoYlLrlK9TP-_VXzujAy4SE.png\" \/>\n\t<meta property=\"og:image:width\" content=\"572\" \/>\n\t<meta property=\"og:image:height\" content=\"512\" \/>\n\t<meta property=\"og:image:type\" content=\"image\/png\" \/>\n<meta name=\"twitter:card\" content=\"summary_large_image\" \/>\n<script type=\"application\/ld+json\" class=\"yoast-schema-graph\">{\"@context\":\"https:\/\/schema.org\",\"@graph\":[{\"@type\":\"WebPage\",\"@id\":\"https:\/\/klimavex.eu\/cz\/katalog\/cistic-vzduchu-vortice-vortronic-100-fr\/\",\"url\":\"https:\/\/klimavex.eu\/cz\/katalog\/cistic-vzduchu-vortice-vortronic-100-fr\/\",\"name\":\"\u010cisti\u010d vzduchu Vortice Vortronic 100 FR - KLIMAVEX GROUP - \u010cesko\",\"isPartOf\":{\"@id\":\"https:\/\/klimavex.eu\/cz\/#website\"},\"primaryImageOfPage\":{\"@id\":\"https:\/\/klimavex.eu\/cz\/katalog\/cistic-vzduchu-vortice-vortronic-100-fr\/#primaryimage\"},\"image\":{\"@id\":\"https:\/\/klimavex.eu\/cz\/katalog\/cistic-vzduchu-vortice-vortronic-100-fr\/#primaryimage\"},\"thumbnailUrl\":\"https:\/\/klimavex.eu\/cz\/wp-content\/uploads\/2025\/09\/2qMoMDztzFVr06Z30D2PwoYlLrlK9TP-_VXzujAy4SE.png\",\"datePublished\":\"2026-04-27T12:18:05+00:00\",\"dateModified\":\"2026-04-27T12:18:09+00:00\",\"breadcrumb\":{\"@id\":\"https:\/\/klimavex.eu\/cz\/katalog\/cistic-vzduchu-vortice-vortronic-100-fr\/#breadcrumb\"},\"inLanguage\":\"cs\",\"potentialAction\":[{\"@type\":\"ReadAction\",\"target\":[\"https:\/\/klimavex.eu\/cz\/katalog\/cistic-vzduchu-vortice-vortronic-100-fr\/\"]}]},{\"@type\":\"ImageObject\",\"inLanguage\":\"cs\",\"@id\":\"https:\/\/klimavex.eu\/cz\/katalog\/cistic-vzduchu-vortice-vortronic-100-fr\/#primaryimage\",\"url\":\"https:\/\/klimavex.eu\/cz\/wp-content\/uploads\/2025\/09\/2qMoMDztzFVr06Z30D2PwoYlLrlK9TP-_VXzujAy4SE.png\",\"contentUrl\":\"https:\/\/klimavex.eu\/cz\/wp-content\/uploads\/2025\/09\/2qMoMDztzFVr06Z30D2PwoYlLrlK9TP-_VXzujAy4SE.png\",\"width\":572,\"height\":512},{\"@type\":\"BreadcrumbList\",\"@id\":\"https:\/\/klimavex.eu\/cz\/katalog\/cistic-vzduchu-vortice-vortronic-100-fr\/#breadcrumb\",\"itemListElement\":[{\"@type\":\"ListItem\",\"position\":1,\"name\":\"Domovsk\u00e1 str\u00e1nka\",\"item\":\"https:\/\/klimavex.eu\/cz\/\"},{\"@type\":\"ListItem\",\"position\":2,\"name\":\"Eshop\",\"item\":\"https:\/\/klimavex.eu\/cz\/eshop\/\"},{\"@type\":\"ListItem\",\"position\":3,\"name\":\"\u010cisti\u010d vzduchu Vortice Vortronic 100 FR\"}]},{\"@type\":\"WebSite\",\"@id\":\"https:\/\/klimavex.eu\/cz\/#website\",\"url\":\"https:\/\/klimavex.eu\/cz\/\",\"name\":\"KLIMAVEX GROUP - \u010cesko\",\"description\":\"\",\"publisher\":{\"@id\":\"https:\/\/klimavex.eu\/cz\/#organization\"},\"alternateName\":\"KLIMAVEX CZ a.s.\",\"potentialAction\":[{\"@type\":\"SearchAction\",\"target\":{\"@type\":\"EntryPoint\",\"urlTemplate\":\"https:\/\/klimavex.eu\/cz\/?s={search_term_string}\"},\"query-input\":{\"@type\":\"PropertyValueSpecification\",\"valueRequired\":true,\"valueName\":\"search_term_string\"}}],\"inLanguage\":\"cs\"},{\"@type\":\"Organization\",\"@id\":\"https:\/\/klimavex.eu\/cz\/#organization\",\"name\":\"KLIMAVEX GROUP\",\"alternateName\":\"KLIMAVEX\",\"url\":\"https:\/\/klimavex.eu\/cz\/\",\"logo\":{\"@type\":\"ImageObject\",\"inLanguage\":\"cs\",\"@id\":\"https:\/\/klimavex.eu\/cz\/#\/schema\/logo\/image\/\",\"url\":\"https:\/\/klimavex.eu\/cz\/wp-content\/uploads\/2024\/04\/Klimavex-Group-logo.png\",\"contentUrl\":\"https:\/\/klimavex.eu\/cz\/wp-content\/uploads\/2024\/04\/Klimavex-Group-logo.png\",\"width\":1681,\"height\":472,\"caption\":\"KLIMAVEX GROUP\"},\"image\":{\"@id\":\"https:\/\/klimavex.eu\/cz\/#\/schema\/logo\/image\/\"},\"sameAs\":[\"https:\/\/www.facebook.com\/klimavex.cz\",\"https:\/\/www.instagram.com\/klimavex_cz\/\"]}]}<\/script>\n<!-- \/ Yoast SEO plugin. -->","yoast_head_json":{"title":"\u010cisti\u010d vzduchu Vortice Vortronic 100 FR - KLIMAVEX GROUP - \u010cesko","robots":{"index":"index","follow":"follow","max-snippet":"max-snippet:-1","max-image-preview":"max-image-preview:large","max-video-preview":"max-video-preview:-1"},"canonical":"https:\/\/klimavex.eu\/cz\/katalog\/cistic-vzduchu-vortice-vortronic-100-fr\/","og_locale":"cs_CZ","og_type":"article","og_title":"\u010cisti\u010d vzduchu Vortice Vortronic 100 FR - KLIMAVEX GROUP - \u010cesko","og_description":"\u010cisti\u010d vzduchu Vortice Vortronic vhodn&yacute; do mal&yacute;ch i velk&yacute;ch m&iacute;stnost&iacute; \u010dist&iacute; vzduch od tab&aacute;kov&eacute;ho kou\u0159e, prachu a ne\u010distot. T\u0159&iacute;ot&aacute;\u010dkov&yacute; motor s mo\u017enost&iacute; regulace ot&aacute;\u010dek. Dod&aacute;v&aacute;n s 24hodinov&yacute;m \u010dasov&yacute;m sp&iacute;na\u010dem s 15minutov&yacute;m cyklem. Obsahuje elektrostatick&yacute; filtr se siln&yacute;m \u010dist&iacute;c&iacute;m &uacute;\u010dinkem, kter&yacute; p\u0159itahuje \u010d&aacute;stice ne\u010distot.","og_url":"https:\/\/klimavex.eu\/cz\/katalog\/cistic-vzduchu-vortice-vortronic-100-fr\/","og_site_name":"KLIMAVEX GROUP - \u010cesko","article_publisher":"https:\/\/www.facebook.com\/klimavex.cz","article_modified_time":"2026-04-27T12:18:09+00:00","og_image":[{"width":572,"height":512,"url":"https:\/\/klimavex.eu\/cz\/wp-content\/uploads\/2025\/09\/2qMoMDztzFVr06Z30D2PwoYlLrlK9TP-_VXzujAy4SE.png","type":"image\/png"}],"twitter_card":"summary_large_image","schema":{"@context":"https:\/\/schema.org","@graph":[{"@type":"WebPage","@id":"https:\/\/klimavex.eu\/cz\/katalog\/cistic-vzduchu-vortice-vortronic-100-fr\/","url":"https:\/\/klimavex.eu\/cz\/katalog\/cistic-vzduchu-vortice-vortronic-100-fr\/","name":"\u010cisti\u010d vzduchu Vortice Vortronic 100 FR - KLIMAVEX GROUP - \u010cesko","isPartOf":{"@id":"https:\/\/klimavex.eu\/cz\/#website"},"primaryImageOfPage":{"@id":"https:\/\/klimavex.eu\/cz\/katalog\/cistic-vzduchu-vortice-vortronic-100-fr\/#primaryimage"},"image":{"@id":"https:\/\/klimavex.eu\/cz\/katalog\/cistic-vzduchu-vortice-vortronic-100-fr\/#primaryimage"},"thumbnailUrl":"https:\/\/klimavex.eu\/cz\/wp-content\/uploads\/2025\/09\/2qMoMDztzFVr06Z30D2PwoYlLrlK9TP-_VXzujAy4SE.png","datePublished":"2026-04-27T12:18:05+00:00","dateModified":"2026-04-27T12:18:09+00:00","breadcrumb":{"@id":"https:\/\/klimavex.eu\/cz\/katalog\/cistic-vzduchu-vortice-vortronic-100-fr\/#breadcrumb"},"inLanguage":"cs","potentialAction":[{"@type":"ReadAction","target":["https:\/\/klimavex.eu\/cz\/katalog\/cistic-vzduchu-vortice-vortronic-100-fr\/"]}]},{"@type":"ImageObject","inLanguage":"cs","@id":"https:\/\/klimavex.eu\/cz\/katalog\/cistic-vzduchu-vortice-vortronic-100-fr\/#primaryimage","url":"https:\/\/klimavex.eu\/cz\/wp-content\/uploads\/2025\/09\/2qMoMDztzFVr06Z30D2PwoYlLrlK9TP-_VXzujAy4SE.png","contentUrl":"https:\/\/klimavex.eu\/cz\/wp-content\/uploads\/2025\/09\/2qMoMDztzFVr06Z30D2PwoYlLrlK9TP-_VXzujAy4SE.png","width":572,"height":512},{"@type":"BreadcrumbList","@id":"https:\/\/klimavex.eu\/cz\/katalog\/cistic-vzduchu-vortice-vortronic-100-fr\/#breadcrumb","itemListElement":[{"@type":"ListItem","position":1,"name":"Domovsk\u00e1 str\u00e1nka","item":"https:\/\/klimavex.eu\/cz\/"},{"@type":"ListItem","position":2,"name":"Eshop","item":"https:\/\/klimavex.eu\/cz\/eshop\/"},{"@type":"ListItem","position":3,"name":"\u010cisti\u010d vzduchu Vortice Vortronic 100 FR"}]},{"@type":"WebSite","@id":"https:\/\/klimavex.eu\/cz\/#website","url":"https:\/\/klimavex.eu\/cz\/","name":"KLIMAVEX GROUP - \u010cesko","description":"","publisher":{"@id":"https:\/\/klimavex.eu\/cz\/#organization"},"alternateName":"KLIMAVEX CZ a.s.","potentialAction":[{"@type":"SearchAction","target":{"@type":"EntryPoint","urlTemplate":"https:\/\/klimavex.eu\/cz\/?s={search_term_string}"},"query-input":{"@type":"PropertyValueSpecification","valueRequired":true,"valueName":"search_term_string"}}],"inLanguage":"cs"},{"@type":"Organization","@id":"https:\/\/klimavex.eu\/cz\/#organization","name":"KLIMAVEX GROUP","alternateName":"KLIMAVEX","url":"https:\/\/klimavex.eu\/cz\/","logo":{"@type":"ImageObject","inLanguage":"cs","@id":"https:\/\/klimavex.eu\/cz\/#\/schema\/logo\/image\/","url":"https:\/\/klimavex.eu\/cz\/wp-content\/uploads\/2024\/04\/Klimavex-Group-logo.png","contentUrl":"https:\/\/klimavex.eu\/cz\/wp-content\/uploads\/2024\/04\/Klimavex-Group-logo.png","width":1681,"height":472,"caption":"KLIMAVEX GROUP"},"image":{"@id":"https:\/\/klimavex.eu\/cz\/#\/schema\/logo\/image\/"},"sameAs":["https:\/\/www.facebook.com\/klimavex.cz","https:\/\/www.instagram.com\/klimavex_cz\/"]}]}},"_links":{"self":[{"href":"https:\/\/klimavex.eu\/cz\/wp-json\/wp\/v2\/product\/544319","targetHints":{"allow":["GET"]}}],"collection":[{"href":"https:\/\/klimavex.eu\/cz\/wp-json\/wp\/v2\/product"}],"about":[{"href":"https:\/\/klimavex.eu\/cz\/wp-json\/wp\/v2\/types\/product"}],"version-history":[{"count":0,"href":"https:\/\/klimavex.eu\/cz\/wp-json\/wp\/v2\/product\/544319\/revisions"}],"wp:featuredmedia":[{"embeddable":true,"href":"https:\/\/klimavex.eu\/cz\/wp-json\/wp\/v2\/media\/552033"}],"wp:attachment":[{"href":"https:\/\/klimavex.eu\/cz\/wp-json\/wp\/v2\/media?parent=544319"}],"wp:term":[{"taxonomy":"product_cat","embeddable":true,"href":"https:\/\/klimavex.eu\/cz\/wp-json\/wp\/v2\/product_cat?post=544319"},{"taxonomy":"product_tag","embeddable":true,"href":"https:\/\/klimavex.eu\/cz\/wp-json\/wp\/v2\/product_tag?post=544319"}],"curies":[{"name":"wp","href":"https:\/\/api.w.org\/{rel}","templated":true}]}}