{"id":544347,"date":"2026-04-08T21:06:33","date_gmt":"2026-04-08T19:06:33","guid":{"rendered":"https:\/\/klimavex.eu\/cz\/katalog\/vetraci-rekuperacni-jednotka-vortice-vort-prometeo-plus-hr-400\/"},"modified":"2026-04-08T21:07:07","modified_gmt":"2026-04-08T19:07:07","slug":"vetraci-rekuperacni-jednotka-vortice-vort-prometeo-plus-hr-400","status":"publish","type":"product","link":"https:\/\/klimavex.eu\/cz\/katalog\/vetraci-rekuperacni-jednotka-vortice-vort-prometeo-plus-hr-400\/","title":{"rendered":"V\u011btrac\u00ed rekupera\u010dn\u00ed jednotka Vortice VORT PROMETEO PLUS HR 400"},"content":{"rendered":"<p style=\"margin-left:0cm;text-align:justify;\"><span style=\"font-family:Calibri, sans-serif;font-size:11pt;\"><strong>Kl\u00ed\u010dov\u00e9 vlastnosti<\/strong><\/span><\/p>\n<ul>\n<li>\n<p style=\"text-align:justify;\"><span style=\"font-family:Calibri, sans-serif;font-size:11pt;\">Ohnivzdorn\u00e1 konstrukce z expandovan\u00e9ho polypropylenu<\/span><\/p>\n<\/li>\n<li>\n<p style=\"text-align:justify;\"><span style=\"font-family:Calibri, sans-serif;font-size:11pt;\">2 EC motory s h\u0159\u00eddeli ulo\u017een\u00fdmi na kuli\u010dkov\u00fdch lo\u017eisk\u00e1ch, ka\u017ed\u00fd p\u0159ipojen\u00fd k&nbsp;vrtuli s&nbsp;dop\u0159edu zahnut\u00fdmi lopatkami; 3 rychlosti nez\u00e1visle nastaviteln\u00e9 p\u0159i instalaci<\/span><\/p>\n<\/li>\n<li>\n<p style=\"text-align:justify;\"><span style=\"font-family:Calibri, sans-serif;font-size:11pt;\">Pr\u016ftok nastaviteln\u00fd v rozmez\u00ed 50 m<sup>3<\/sup>\/h a\u017e 380 m<sup>3<\/sup>\/h<\/span><\/p>\n<\/li>\n<li>\n<p style=\"text-align:justify;\"><span style=\"font-family:Calibri, sans-serif;font-size:11pt;\">Automatick\u00fd nebo ru\u010dn\u00ed provoz<\/span><\/p>\n<\/li>\n<li>\n<p style=\"text-align:justify;\"><span style=\"font-family:Calibri, sans-serif;font-size:11pt;\">Vybaveno obousm\u011brn\u00fdm radiofrekven\u010dn\u00edm d\u00e1lkov\u00fdm ovl\u00e1d\u00e1n\u00edm pro po\u010d\u00e1te\u010dn\u00ed nastaven\u00ed, nastaven\u00ed provozn\u00edho re\u017eimu a diagnostiku v\u00fdrobku<\/span><\/p>\n<\/li>\n<li>\n<p style=\"text-align:justify;\"><span style=\"font-family:Calibri, sans-serif;font-size:11pt;\">Automatick\u00e1 kontrola stavu zanesen\u00ed filtru<\/span><\/p>\n<\/li>\n<li>\n<p style=\"text-align:justify;\"><span style=\"font-family:Calibri, sans-serif;font-size:11pt;\">Vybaveno \u010didlem teploty, relativn\u00ed vlhkosti a CO<sub>2<\/sub>, jejich\u017e \u00fadaje umo\u017e\u0148uj\u00ed automatick\u00e9 nastaven\u00ed provozn\u00edch ot\u00e1\u010dek pro dosa\u017een\u00ed nejlep\u0161\u00edho kompromisu mezi kvalitou okoln\u00edho vzduchu, spot\u0159ebou a emisemi hluku<\/span><\/p>\n<\/li>\n<li>\n<p style=\"text-align:justify;\"><span style=\"font-family:Calibri, sans-serif;font-size:11pt;\">Automaticky aktivovan\u00fd syst\u00e9m zabra\u0148uj\u00edc\u00ed tvorb\u011b n\u00e1mrazy na v\u00fdm\u011bn\u00edku tepla<\/span><\/p>\n<\/li>\n<li>\n<p style=\"text-align:justify;\"><span style=\"font-family:Calibri, sans-serif;font-size:11pt;\">2 filtry M5 (voliteln\u011b dal\u0161\u00ed filtr F7 na p\u0159\u00edvodn\u00edm potrub\u00ed)<\/span><\/p>\n<\/li>\n<li>\n<p style=\"text-align:justify;\"><span style=\"font-family:Calibri, sans-serif;font-size:11pt;\">Tlumi\u010d hluku o jmenovit\u00e9m pr\u016fm\u011bru 150 mm a d\u00e9lce 0,5 m, kter\u00fd se um\u00edst\u00ed za za\u0159\u00edzen\u00ed na p\u0159\u00edvodn\u00ed potrub\u00ed do m\u00edstnost\u00ed<\/span><\/p>\n<\/li>\n<li>\n<p style=\"text-align:justify;\"><span style=\"font-family:Calibri, sans-serif;font-size:11pt;\">2 kovov\u00e9 dr\u017e\u00e1ky pro svislou z\u00e1v\u011bsnou instalaci jednotky<\/span><\/p>\n<\/li>\n<li>\n<p style=\"text-align:justify;\"><span style=\"font-family:Calibri, sans-serif;font-size:11pt;\">4 dr\u017e\u00e1ky pro vodorovnou instalaci<\/span><\/p>\n<\/li>\n<\/ul>\n","protected":false},"excerpt":{"rendered":"<p style=\"margin-left:0cm;text-align:justify;\"><span style=\"font-family:Calibri, sans-serif;font-size:11pt;\">Automatick\u00e1 rekupera\u010dn\u00ed jednotka <strong>VORT PROMETEO PLUS HR 400<\/strong> s <strong>vysoce \u00fa\u010dinn\u00fdm protiproud\u00fdm v\u00fdm\u011bn\u00edkem tepla&nbsp;<\/strong>z plastov\u00e9ho materi\u00e1lu. P\u0159ipojovac\u00ed otvory pro potrub\u00ed jsou o jmenovit\u00e9m <strong>pr\u016fm\u011bru 150 mm<\/strong>.<\/span><\/p>\n","protected":false},"featured_media":0,"template":"","meta":[],"product_cat":[10775,10769,10776],"product_tag":[],"class_list":{"0":"post-544347","1":"product","2":"type-product","3":"status-publish","5":"product_cat-ventilatory-archivovane-produkty","6":"product_cat-archivovane-produkty","7":"product_cat-archivovane-produkty-ventilatory","8":"pa_dostupny-tlak-pa-13401","9":"pa_hlucnost-lp-3m-13402","10":"pa_kryti-ipx2","11":"pa_label-archivovany","12":"pa_typ-rekuperace","13":"pa_vzduchovy-vykon-qv-m3-13400","14":"pa_znacka-vortice","16":"first","17":"outofstock","18":"taxable","19":"shipping-taxable","20":"purchasable","21":"product-type-simple"},"yoast_head":"<!-- This site is optimized with the Yoast SEO plugin v23.9 - https:\/\/yoast.com\/wordpress\/plugins\/seo\/ -->\n<title>V\u011btrac\u00ed rekupera\u010dn\u00ed jednotka Vortice VORT PROMETEO PLUS HR 400 - KLIMAVEX GROUP - \u010cesko<\/title>\n<meta name=\"robots\" content=\"index, follow, max-snippet:-1, max-image-preview:large, max-video-preview:-1\" \/>\n<link rel=\"canonical\" href=\"https:\/\/klimavex.eu\/cz\/katalog\/vetraci-rekuperacni-jednotka-vortice-vort-prometeo-plus-hr-400\/\" \/>\n<meta property=\"og:locale\" content=\"cs_CZ\" \/>\n<meta property=\"og:type\" content=\"article\" \/>\n<meta property=\"og:title\" content=\"V\u011btrac\u00ed rekupera\u010dn\u00ed jednotka Vortice VORT PROMETEO PLUS HR 400 - KLIMAVEX GROUP - \u010cesko\" \/>\n<meta property=\"og:description\" content=\"Automatick\u00e1 rekupera\u010dn\u00ed jednotka VORT PROMETEO PLUS HR 400 s vysoce \u00fa\u010dinn\u00fdm protiproud\u00fdm v\u00fdm\u011bn\u00edkem tepla&nbsp;z plastov\u00e9ho materi\u00e1lu. P\u0159ipojovac\u00ed otvory pro potrub\u00ed jsou o jmenovit\u00e9m pr\u016fm\u011bru 150 mm.\" \/>\n<meta property=\"og:url\" content=\"https:\/\/klimavex.eu\/cz\/katalog\/vetraci-rekuperacni-jednotka-vortice-vort-prometeo-plus-hr-400\/\" \/>\n<meta property=\"og:site_name\" content=\"KLIMAVEX GROUP - \u010cesko\" \/>\n<meta property=\"article:publisher\" content=\"https:\/\/www.facebook.com\/klimavex.cz\" \/>\n<meta property=\"article:modified_time\" content=\"2026-04-08T19:07:07+00:00\" \/>\n<meta property=\"og:image\" content=\"https:\/\/klimavex.eu\/cz\/wp-content\/uploads\/2024\/02\/LOGO-KLIMAVEX-modra-kostka-1.png\" \/>\n\t<meta property=\"og:image:width\" content=\"9184\" \/>\n\t<meta property=\"og:image:height\" content=\"9184\" \/>\n\t<meta property=\"og:image:type\" content=\"image\/png\" \/>\n<meta name=\"twitter:card\" content=\"summary_large_image\" \/>\n<meta name=\"twitter:label1\" content=\"Odhadovan\u00e1 doba \u010dten\u00ed\" \/>\n\t<meta name=\"twitter:data1\" content=\"1 minuta\" \/>\n<script type=\"application\/ld+json\" class=\"yoast-schema-graph\">{\"@context\":\"https:\/\/schema.org\",\"@graph\":[{\"@type\":\"WebPage\",\"@id\":\"https:\/\/klimavex.eu\/cz\/katalog\/vetraci-rekuperacni-jednotka-vortice-vort-prometeo-plus-hr-400\/\",\"url\":\"https:\/\/klimavex.eu\/cz\/katalog\/vetraci-rekuperacni-jednotka-vortice-vort-prometeo-plus-hr-400\/\",\"name\":\"V\u011btrac\u00ed rekupera\u010dn\u00ed jednotka Vortice VORT PROMETEO PLUS HR 400 - KLIMAVEX GROUP - \u010cesko\",\"isPartOf\":{\"@id\":\"https:\/\/klimavex.eu\/cz\/#website\"},\"datePublished\":\"2026-04-08T19:06:33+00:00\",\"dateModified\":\"2026-04-08T19:07:07+00:00\",\"breadcrumb\":{\"@id\":\"https:\/\/klimavex.eu\/cz\/katalog\/vetraci-rekuperacni-jednotka-vortice-vort-prometeo-plus-hr-400\/#breadcrumb\"},\"inLanguage\":\"cs\",\"potentialAction\":[{\"@type\":\"ReadAction\",\"target\":[\"https:\/\/klimavex.eu\/cz\/katalog\/vetraci-rekuperacni-jednotka-vortice-vort-prometeo-plus-hr-400\/\"]}]},{\"@type\":\"BreadcrumbList\",\"@id\":\"https:\/\/klimavex.eu\/cz\/katalog\/vetraci-rekuperacni-jednotka-vortice-vort-prometeo-plus-hr-400\/#breadcrumb\",\"itemListElement\":[{\"@type\":\"ListItem\",\"position\":1,\"name\":\"Domovsk\u00e1 str\u00e1nka\",\"item\":\"https:\/\/klimavex.eu\/cz\/\"},{\"@type\":\"ListItem\",\"position\":2,\"name\":\"Eshop\",\"item\":\"https:\/\/klimavex.eu\/cz\/eshop\/\"},{\"@type\":\"ListItem\",\"position\":3,\"name\":\"V\u011btrac\u00ed rekupera\u010dn\u00ed jednotka Vortice VORT PROMETEO PLUS HR 400\"}]},{\"@type\":\"WebSite\",\"@id\":\"https:\/\/klimavex.eu\/cz\/#website\",\"url\":\"https:\/\/klimavex.eu\/cz\/\",\"name\":\"KLIMAVEX GROUP - \u010cesko\",\"description\":\"\",\"publisher\":{\"@id\":\"https:\/\/klimavex.eu\/cz\/#organization\"},\"alternateName\":\"KLIMAVEX CZ a.s.\",\"potentialAction\":[{\"@type\":\"SearchAction\",\"target\":{\"@type\":\"EntryPoint\",\"urlTemplate\":\"https:\/\/klimavex.eu\/cz\/?s={search_term_string}\"},\"query-input\":{\"@type\":\"PropertyValueSpecification\",\"valueRequired\":true,\"valueName\":\"search_term_string\"}}],\"inLanguage\":\"cs\"},{\"@type\":\"Organization\",\"@id\":\"https:\/\/klimavex.eu\/cz\/#organization\",\"name\":\"KLIMAVEX GROUP\",\"alternateName\":\"KLIMAVEX\",\"url\":\"https:\/\/klimavex.eu\/cz\/\",\"logo\":{\"@type\":\"ImageObject\",\"inLanguage\":\"cs\",\"@id\":\"https:\/\/klimavex.eu\/cz\/#\/schema\/logo\/image\/\",\"url\":\"https:\/\/klimavex.eu\/cz\/wp-content\/uploads\/2024\/04\/Klimavex-Group-logo.png\",\"contentUrl\":\"https:\/\/klimavex.eu\/cz\/wp-content\/uploads\/2024\/04\/Klimavex-Group-logo.png\",\"width\":1681,\"height\":472,\"caption\":\"KLIMAVEX GROUP\"},\"image\":{\"@id\":\"https:\/\/klimavex.eu\/cz\/#\/schema\/logo\/image\/\"},\"sameAs\":[\"https:\/\/www.facebook.com\/klimavex.cz\",\"https:\/\/www.instagram.com\/klimavex_cz\/\"]}]}<\/script>\n<!-- \/ Yoast SEO plugin. -->","yoast_head_json":{"title":"V\u011btrac\u00ed rekupera\u010dn\u00ed jednotka Vortice VORT PROMETEO PLUS HR 400 - KLIMAVEX GROUP - \u010cesko","robots":{"index":"index","follow":"follow","max-snippet":"max-snippet:-1","max-image-preview":"max-image-preview:large","max-video-preview":"max-video-preview:-1"},"canonical":"https:\/\/klimavex.eu\/cz\/katalog\/vetraci-rekuperacni-jednotka-vortice-vort-prometeo-plus-hr-400\/","og_locale":"cs_CZ","og_type":"article","og_title":"V\u011btrac\u00ed rekupera\u010dn\u00ed jednotka Vortice VORT PROMETEO PLUS HR 400 - KLIMAVEX GROUP - \u010cesko","og_description":"Automatick\u00e1 rekupera\u010dn\u00ed jednotka VORT PROMETEO PLUS HR 400 s vysoce \u00fa\u010dinn\u00fdm protiproud\u00fdm v\u00fdm\u011bn\u00edkem tepla&nbsp;z plastov\u00e9ho materi\u00e1lu. P\u0159ipojovac\u00ed otvory pro potrub\u00ed jsou o jmenovit\u00e9m pr\u016fm\u011bru 150 mm.","og_url":"https:\/\/klimavex.eu\/cz\/katalog\/vetraci-rekuperacni-jednotka-vortice-vort-prometeo-plus-hr-400\/","og_site_name":"KLIMAVEX GROUP - \u010cesko","article_publisher":"https:\/\/www.facebook.com\/klimavex.cz","article_modified_time":"2026-04-08T19:07:07+00:00","og_image":[{"width":9184,"height":9184,"url":"https:\/\/klimavex.eu\/cz\/wp-content\/uploads\/2024\/02\/LOGO-KLIMAVEX-modra-kostka-1.png","type":"image\/png"}],"twitter_card":"summary_large_image","twitter_misc":{"Odhadovan\u00e1 doba \u010dten\u00ed":"1 minuta"},"schema":{"@context":"https:\/\/schema.org","@graph":[{"@type":"WebPage","@id":"https:\/\/klimavex.eu\/cz\/katalog\/vetraci-rekuperacni-jednotka-vortice-vort-prometeo-plus-hr-400\/","url":"https:\/\/klimavex.eu\/cz\/katalog\/vetraci-rekuperacni-jednotka-vortice-vort-prometeo-plus-hr-400\/","name":"V\u011btrac\u00ed rekupera\u010dn\u00ed jednotka Vortice VORT PROMETEO PLUS HR 400 - KLIMAVEX GROUP - \u010cesko","isPartOf":{"@id":"https:\/\/klimavex.eu\/cz\/#website"},"datePublished":"2026-04-08T19:06:33+00:00","dateModified":"2026-04-08T19:07:07+00:00","breadcrumb":{"@id":"https:\/\/klimavex.eu\/cz\/katalog\/vetraci-rekuperacni-jednotka-vortice-vort-prometeo-plus-hr-400\/#breadcrumb"},"inLanguage":"cs","potentialAction":[{"@type":"ReadAction","target":["https:\/\/klimavex.eu\/cz\/katalog\/vetraci-rekuperacni-jednotka-vortice-vort-prometeo-plus-hr-400\/"]}]},{"@type":"BreadcrumbList","@id":"https:\/\/klimavex.eu\/cz\/katalog\/vetraci-rekuperacni-jednotka-vortice-vort-prometeo-plus-hr-400\/#breadcrumb","itemListElement":[{"@type":"ListItem","position":1,"name":"Domovsk\u00e1 str\u00e1nka","item":"https:\/\/klimavex.eu\/cz\/"},{"@type":"ListItem","position":2,"name":"Eshop","item":"https:\/\/klimavex.eu\/cz\/eshop\/"},{"@type":"ListItem","position":3,"name":"V\u011btrac\u00ed rekupera\u010dn\u00ed jednotka Vortice VORT PROMETEO PLUS HR 400"}]},{"@type":"WebSite","@id":"https:\/\/klimavex.eu\/cz\/#website","url":"https:\/\/klimavex.eu\/cz\/","name":"KLIMAVEX GROUP - \u010cesko","description":"","publisher":{"@id":"https:\/\/klimavex.eu\/cz\/#organization"},"alternateName":"KLIMAVEX CZ a.s.","potentialAction":[{"@type":"SearchAction","target":{"@type":"EntryPoint","urlTemplate":"https:\/\/klimavex.eu\/cz\/?s={search_term_string}"},"query-input":{"@type":"PropertyValueSpecification","valueRequired":true,"valueName":"search_term_string"}}],"inLanguage":"cs"},{"@type":"Organization","@id":"https:\/\/klimavex.eu\/cz\/#organization","name":"KLIMAVEX GROUP","alternateName":"KLIMAVEX","url":"https:\/\/klimavex.eu\/cz\/","logo":{"@type":"ImageObject","inLanguage":"cs","@id":"https:\/\/klimavex.eu\/cz\/#\/schema\/logo\/image\/","url":"https:\/\/klimavex.eu\/cz\/wp-content\/uploads\/2024\/04\/Klimavex-Group-logo.png","contentUrl":"https:\/\/klimavex.eu\/cz\/wp-content\/uploads\/2024\/04\/Klimavex-Group-logo.png","width":1681,"height":472,"caption":"KLIMAVEX GROUP"},"image":{"@id":"https:\/\/klimavex.eu\/cz\/#\/schema\/logo\/image\/"},"sameAs":["https:\/\/www.facebook.com\/klimavex.cz","https:\/\/www.instagram.com\/klimavex_cz\/"]}]}},"_links":{"self":[{"href":"https:\/\/klimavex.eu\/cz\/wp-json\/wp\/v2\/product\/544347","targetHints":{"allow":["GET"]}}],"collection":[{"href":"https:\/\/klimavex.eu\/cz\/wp-json\/wp\/v2\/product"}],"about":[{"href":"https:\/\/klimavex.eu\/cz\/wp-json\/wp\/v2\/types\/product"}],"version-history":[{"count":0,"href":"https:\/\/klimavex.eu\/cz\/wp-json\/wp\/v2\/product\/544347\/revisions"}],"wp:attachment":[{"href":"https:\/\/klimavex.eu\/cz\/wp-json\/wp\/v2\/media?parent=544347"}],"wp:term":[{"taxonomy":"product_cat","embeddable":true,"href":"https:\/\/klimavex.eu\/cz\/wp-json\/wp\/v2\/product_cat?post=544347"},{"taxonomy":"product_tag","embeddable":true,"href":"https:\/\/klimavex.eu\/cz\/wp-json\/wp\/v2\/product_tag?post=544347"}],"curies":[{"name":"wp","href":"https:\/\/api.w.org\/{rel}","templated":true}]}}