{"id":544358,"date":"2026-03-31T18:54:06","date_gmt":"2026-03-31T16:54:06","guid":{"rendered":"https:\/\/klimavex.eu\/cz\/katalog\/ventilator-vortice-lineo-315-es\/"},"modified":"2026-03-31T18:54:50","modified_gmt":"2026-03-31T16:54:50","slug":"ventilator-vortice-lineo-315-es","status":"publish","type":"product","link":"https:\/\/klimavex.eu\/cz\/katalog\/ventilator-vortice-lineo-315-es\/","title":{"rendered":"Ventil\u00e1tor Vortice LINEO 315 ES"},"content":{"rendered":"<p style=\"text-align:justify\"><span style=\"font-size:11pt\"><span style=\"font-family:Calibri,sans-serif\"><strong>Detailn&iacute; popis<\/strong><\/span><\/span><\/p>\n<ul>\n<li style=\"text-align:justify\"><span style=\"font-size:11pt\"><span style=\"font-family:Calibri,sans-serif\"><span style=\"background-color:white\"><span style=\"color:black\">Ventil&aacute;tory \u0159ady&nbsp;<strong><span style=\"font-family:&quot;Calibri&quot;,sans-serif\">LINEO ES<\/span><\/strong>&nbsp;se li&scaron;&iacute; od \u0159ady&nbsp;<strong><span style=\"font-family:&quot;Calibri&quot;,sans-serif\">LINEO<\/span><\/strong>&nbsp;pou\u017eit&iacute;m vysoce &uacute;\u010dinn&yacute;ch elektronicky \u0159&iacute;zen&yacute;ch 2ot&aacute;\u010dkov&yacute;ch EC motor\u016f s n&iacute;zkou spot\u0159ebou. Jednotliv&eacute; ot&aacute;\u010dky lze nastavit p\u0159i instalaci. Alternativn\u011b mohou pracovat jako&nbsp;1ot&aacute;\u010dkov&eacute;, s \u0159&iacute;zen&iacute;m v&yacute;konu p\u0159es sign&aacute;l 0-10V.<\/span><\/span><\/span><\/span><\/li>\n<li style=\"text-align:justify\"><span style=\"font-size:11pt\"><span style=\"font-family:Calibri,sans-serif\"><span style=\"background-color:white\"><span style=\"color:black\">Regulace se prov&aacute;d&iacute; pomoc&iacute; potenciometru&nbsp;<\/span><\/span><a href=\"https:\/\/www.ventishop.cz\/pot-it-potenciometr\/\" style=\"color:#0563c1; text-decoration:underline\" target=\"_blank\"><span style=\"background-color:white\"><span style=\"color:black\">POT-IT.<\/span><\/span><\/a><span style=\"background-color:white\"><span style=\"color:black\">&nbsp;Jako alternativu m\u016f\u017eete zvolit&nbsp;<\/span><\/span><a href=\"https:\/\/www.ventishop.cz\/reb-ecowatt-regulator-otacek\/\" style=\"color:#0563c1; text-decoration:underline\" target=\"_blank\"><strong><span style=\"background-color:white\"><span style=\"color:black\">REB Ecowatt regul&aacute;tor ot&aacute;\u010dek<\/span><\/span><\/strong><\/a><strong><span style=\"color:black\">.<\/span><\/strong><\/span><\/span><\/li>\n<\/ul>\n<p style=\"text-align:justify\"><span style=\"font-size:11pt\"><span style=\"font-family:Calibri,sans-serif\"><strong>Kl&iacute;\u010dov&eacute; vlastnosti<\/strong><\/span><\/span><\/p>\n<ul>\n<li style=\"text-align:justify\"><span style=\"font-size:11pt\"><span style=\"font-family:Calibri,sans-serif\">Kuli\u010dkov&aacute; lo\u017eiska s \u017eivotnost&iacute; 30 000 hodin. <\/span><\/span><\/li>\n<li style=\"text-align:justify\"><span style=\"font-size:11pt\"><span style=\"font-family:Calibri,sans-serif\">Opl&aacute;&scaron;t\u011bn&iacute; vyroben&eacute; z <strong>materi&aacute;lu<\/strong> <strong>z&nbsp;ohnivzdorn&eacute; plastov&eacute; prysky\u0159ice t\u0159&iacute;dy E2 normy ISO EN 11925-2:2010.<\/strong><\/span><\/span><\/li>\n<li style=\"text-align:justify\"><span style=\"font-size:11pt\"><span style=\"font-family:Calibri,sans-serif\">Vylep&scaron;en&yacute; usm\u011br\u0148ova\u010d pr\u016ftoku.<\/span><\/span><\/li>\n<li style=\"text-align:justify\"><span style=\"font-size:11pt\"><span style=\"font-family:Calibri,sans-serif\"><span style=\"background-color:white\"><span style=\"color:black\">Dvouot&aacute;\u010dkov&yacute;<\/span><\/span>&nbsp;<strong>energeticky &uacute;sporn&yacute; EC motor.<\/strong><\/span><\/span><\/li>\n<li style=\"text-align:justify\"><span style=\"font-size:11pt\"><span style=\"font-family:Calibri,sans-serif\">Kryt&iacute; IP45.<\/span><\/span><\/li>\n<\/ul>\n","protected":false},"excerpt":{"rendered":"<p style=\"text-align:justify\"><span style=\"font-size:11pt\"><span style=\"font-family:Calibri,sans-serif\"><span style=\"background-color:white\"><span style=\"color:black\">Dvouot&aacute;\u010dkov&yacute; potrubn&iacute; ventil&aacute;tor \u0159ady Lineo ES je vybaven&yacute;&nbsp;velmi&nbsp;<strong><span style=\"font-family:&quot;Calibri&quot;,sans-serif\">&uacute;sporn&yacute;m a &uacute;\u010dinn&yacute;m EC motorem s kuli\u010dkov&yacute;mi lo\u017eisky&nbsp;<\/span><\/strong>a mo\u017enost&iacute; dvoustup\u0148ov&eacute; nebo&nbsp;<strong><span style=\"font-family:&quot;Calibri&quot;,sans-serif\">plynul&eacute; regulace<\/span><\/strong><\/span><\/span>. Ur\u010den pro p\u0159ipojen&iacute; potrub&iacute; <strong>&oslash; 315mm<\/strong>. D&iacute;ky sv&yacute;m vlastnostem a konstrukci je vhodn&yacute; pro del&scaron;&iacute; vzduchotechnick&eacute; potrub&iacute;. <strong>Kryt&iacute; IP4,5<\/strong> zaji&scaron;\u0165uje ochranu proti prachu a st\u0159&iacute;kaj&iacute;c&iacute; vod\u011b ze v&scaron;ech stran. <\/span><\/span><\/p>\n","protected":false},"featured_media":552184,"template":"","meta":[],"product_cat":[7587,7588,7581,7562],"product_tag":[],"class_list":{"0":"post-544358","1":"product","2":"type-product","3":"status-publish","4":"has-post-thumbnail","6":"product_cat-lineo","7":"product_cat-lineo-lineo","8":"product_cat-potrubni-ventilatory","9":"product_cat-ventilatory","10":"pa_dostupny-tlak-pa-1432-4217","11":"pa_hlucnost-lp-3m-425-475","12":"pa_kryti-ip45","13":"pa_kulickova-loziska-ll-ano","14":"pa_provedeni-potrubni-plastovy","15":"pa_prumer-napojeni-mm-11713","16":"pa_typ-lineo","17":"pa_typ-motoru-ec","18":"pa_vzduchovy-vykon-qv-m3-1415-2625","19":"pa_znacka-vortice","21":"first","22":"instock","23":"taxable","24":"shipping-taxable","25":"purchasable","26":"product-type-simple"},"yoast_head":"<!-- This site is optimized with the Yoast SEO plugin v23.9 - https:\/\/yoast.com\/wordpress\/plugins\/seo\/ -->\n<title>Ventil\u00e1tor Vortice LINEO 315 ES - KLIMAVEX GROUP - \u010cesko<\/title>\n<meta name=\"robots\" content=\"index, follow, max-snippet:-1, max-image-preview:large, max-video-preview:-1\" \/>\n<link rel=\"canonical\" href=\"https:\/\/klimavex.eu\/cz\/katalog\/ventilator-vortice-lineo-315-es\/\" \/>\n<meta property=\"og:locale\" content=\"cs_CZ\" \/>\n<meta property=\"og:type\" content=\"article\" \/>\n<meta property=\"og:title\" content=\"Ventil\u00e1tor Vortice LINEO 315 ES - KLIMAVEX GROUP - \u010cesko\" \/>\n<meta property=\"og:description\" content=\"Dvouot&aacute;\u010dkov&yacute; potrubn&iacute; ventil&aacute;tor \u0159ady Lineo ES je vybaven&yacute;&nbsp;velmi&nbsp;&uacute;sporn&yacute;m a &uacute;\u010dinn&yacute;m EC motorem s kuli\u010dkov&yacute;mi lo\u017eisky&nbsp;a mo\u017enost&iacute; dvoustup\u0148ov&eacute; nebo&nbsp;plynul&eacute; regulace. Ur\u010den pro p\u0159ipojen&iacute; potrub&iacute; &oslash; 315mm. D&iacute;ky sv&yacute;m vlastnostem a konstrukci je vhodn&yacute; pro del&scaron;&iacute; vzduchotechnick&eacute; potrub&iacute;. Kryt&iacute; IP4,5 zaji&scaron;\u0165uje ochranu proti prachu a st\u0159&iacute;kaj&iacute;c&iacute; vod\u011b ze v&scaron;ech stran.\" \/>\n<meta property=\"og:url\" content=\"https:\/\/klimavex.eu\/cz\/katalog\/ventilator-vortice-lineo-315-es\/\" \/>\n<meta property=\"og:site_name\" content=\"KLIMAVEX GROUP - \u010cesko\" \/>\n<meta property=\"article:publisher\" content=\"https:\/\/www.facebook.com\/klimavex.cz\" \/>\n<meta property=\"article:modified_time\" content=\"2026-03-31T16:54:50+00:00\" \/>\n<meta property=\"og:image\" content=\"https:\/\/klimavex.eu\/cz\/wp-content\/uploads\/2025\/09\/nCznTE88UqypxIqNPhvUInrSHdUMCUW_lDyjIL_Vvs4.png\" \/>\n\t<meta property=\"og:image:width\" content=\"400\" \/>\n\t<meta property=\"og:image:height\" content=\"326\" \/>\n\t<meta property=\"og:image:type\" content=\"image\/png\" \/>\n<meta name=\"twitter:card\" content=\"summary_large_image\" \/>\n<meta name=\"twitter:label1\" content=\"Odhadovan\u00e1 doba \u010dten\u00ed\" \/>\n\t<meta name=\"twitter:data1\" content=\"1 minuta\" \/>\n<script type=\"application\/ld+json\" class=\"yoast-schema-graph\">{\"@context\":\"https:\/\/schema.org\",\"@graph\":[{\"@type\":\"WebPage\",\"@id\":\"https:\/\/klimavex.eu\/cz\/katalog\/ventilator-vortice-lineo-315-es\/\",\"url\":\"https:\/\/klimavex.eu\/cz\/katalog\/ventilator-vortice-lineo-315-es\/\",\"name\":\"Ventil\u00e1tor Vortice LINEO 315 ES - KLIMAVEX GROUP - \u010cesko\",\"isPartOf\":{\"@id\":\"https:\/\/klimavex.eu\/cz\/#website\"},\"primaryImageOfPage\":{\"@id\":\"https:\/\/klimavex.eu\/cz\/katalog\/ventilator-vortice-lineo-315-es\/#primaryimage\"},\"image\":{\"@id\":\"https:\/\/klimavex.eu\/cz\/katalog\/ventilator-vortice-lineo-315-es\/#primaryimage\"},\"thumbnailUrl\":\"https:\/\/klimavex.eu\/cz\/wp-content\/uploads\/2025\/09\/nCznTE88UqypxIqNPhvUInrSHdUMCUW_lDyjIL_Vvs4.png\",\"datePublished\":\"2026-03-31T16:54:06+00:00\",\"dateModified\":\"2026-03-31T16:54:50+00:00\",\"breadcrumb\":{\"@id\":\"https:\/\/klimavex.eu\/cz\/katalog\/ventilator-vortice-lineo-315-es\/#breadcrumb\"},\"inLanguage\":\"cs\",\"potentialAction\":[{\"@type\":\"ReadAction\",\"target\":[\"https:\/\/klimavex.eu\/cz\/katalog\/ventilator-vortice-lineo-315-es\/\"]}]},{\"@type\":\"ImageObject\",\"inLanguage\":\"cs\",\"@id\":\"https:\/\/klimavex.eu\/cz\/katalog\/ventilator-vortice-lineo-315-es\/#primaryimage\",\"url\":\"https:\/\/klimavex.eu\/cz\/wp-content\/uploads\/2025\/09\/nCznTE88UqypxIqNPhvUInrSHdUMCUW_lDyjIL_Vvs4.png\",\"contentUrl\":\"https:\/\/klimavex.eu\/cz\/wp-content\/uploads\/2025\/09\/nCznTE88UqypxIqNPhvUInrSHdUMCUW_lDyjIL_Vvs4.png\",\"width\":400,\"height\":326},{\"@type\":\"BreadcrumbList\",\"@id\":\"https:\/\/klimavex.eu\/cz\/katalog\/ventilator-vortice-lineo-315-es\/#breadcrumb\",\"itemListElement\":[{\"@type\":\"ListItem\",\"position\":1,\"name\":\"Domovsk\u00e1 str\u00e1nka\",\"item\":\"https:\/\/klimavex.eu\/cz\/\"},{\"@type\":\"ListItem\",\"position\":2,\"name\":\"Eshop\",\"item\":\"https:\/\/klimavex.eu\/cz\/eshop\/\"},{\"@type\":\"ListItem\",\"position\":3,\"name\":\"Ventil\u00e1tor Vortice LINEO 315 ES\"}]},{\"@type\":\"WebSite\",\"@id\":\"https:\/\/klimavex.eu\/cz\/#website\",\"url\":\"https:\/\/klimavex.eu\/cz\/\",\"name\":\"KLIMAVEX GROUP - \u010cesko\",\"description\":\"\",\"publisher\":{\"@id\":\"https:\/\/klimavex.eu\/cz\/#organization\"},\"alternateName\":\"KLIMAVEX CZ a.s.\",\"potentialAction\":[{\"@type\":\"SearchAction\",\"target\":{\"@type\":\"EntryPoint\",\"urlTemplate\":\"https:\/\/klimavex.eu\/cz\/?s={search_term_string}\"},\"query-input\":{\"@type\":\"PropertyValueSpecification\",\"valueRequired\":true,\"valueName\":\"search_term_string\"}}],\"inLanguage\":\"cs\"},{\"@type\":\"Organization\",\"@id\":\"https:\/\/klimavex.eu\/cz\/#organization\",\"name\":\"KLIMAVEX GROUP\",\"alternateName\":\"KLIMAVEX\",\"url\":\"https:\/\/klimavex.eu\/cz\/\",\"logo\":{\"@type\":\"ImageObject\",\"inLanguage\":\"cs\",\"@id\":\"https:\/\/klimavex.eu\/cz\/#\/schema\/logo\/image\/\",\"url\":\"https:\/\/klimavex.eu\/cz\/wp-content\/uploads\/2024\/04\/Klimavex-Group-logo.png\",\"contentUrl\":\"https:\/\/klimavex.eu\/cz\/wp-content\/uploads\/2024\/04\/Klimavex-Group-logo.png\",\"width\":1681,\"height\":472,\"caption\":\"KLIMAVEX GROUP\"},\"image\":{\"@id\":\"https:\/\/klimavex.eu\/cz\/#\/schema\/logo\/image\/\"},\"sameAs\":[\"https:\/\/www.facebook.com\/klimavex.cz\",\"https:\/\/www.instagram.com\/klimavex_cz\/\"]}]}<\/script>\n<!-- \/ Yoast SEO plugin. -->","yoast_head_json":{"title":"Ventil\u00e1tor Vortice LINEO 315 ES - KLIMAVEX GROUP - \u010cesko","robots":{"index":"index","follow":"follow","max-snippet":"max-snippet:-1","max-image-preview":"max-image-preview:large","max-video-preview":"max-video-preview:-1"},"canonical":"https:\/\/klimavex.eu\/cz\/katalog\/ventilator-vortice-lineo-315-es\/","og_locale":"cs_CZ","og_type":"article","og_title":"Ventil\u00e1tor Vortice LINEO 315 ES - KLIMAVEX GROUP - \u010cesko","og_description":"Dvouot&aacute;\u010dkov&yacute; potrubn&iacute; ventil&aacute;tor \u0159ady Lineo ES je vybaven&yacute;&nbsp;velmi&nbsp;&uacute;sporn&yacute;m a &uacute;\u010dinn&yacute;m EC motorem s kuli\u010dkov&yacute;mi lo\u017eisky&nbsp;a mo\u017enost&iacute; dvoustup\u0148ov&eacute; nebo&nbsp;plynul&eacute; regulace. Ur\u010den pro p\u0159ipojen&iacute; potrub&iacute; &oslash; 315mm. D&iacute;ky sv&yacute;m vlastnostem a konstrukci je vhodn&yacute; pro del&scaron;&iacute; vzduchotechnick&eacute; potrub&iacute;. Kryt&iacute; IP4,5 zaji&scaron;\u0165uje ochranu proti prachu a st\u0159&iacute;kaj&iacute;c&iacute; vod\u011b ze v&scaron;ech stran.","og_url":"https:\/\/klimavex.eu\/cz\/katalog\/ventilator-vortice-lineo-315-es\/","og_site_name":"KLIMAVEX GROUP - \u010cesko","article_publisher":"https:\/\/www.facebook.com\/klimavex.cz","article_modified_time":"2026-03-31T16:54:50+00:00","og_image":[{"width":400,"height":326,"url":"https:\/\/klimavex.eu\/cz\/wp-content\/uploads\/2025\/09\/nCznTE88UqypxIqNPhvUInrSHdUMCUW_lDyjIL_Vvs4.png","type":"image\/png"}],"twitter_card":"summary_large_image","twitter_misc":{"Odhadovan\u00e1 doba \u010dten\u00ed":"1 minuta"},"schema":{"@context":"https:\/\/schema.org","@graph":[{"@type":"WebPage","@id":"https:\/\/klimavex.eu\/cz\/katalog\/ventilator-vortice-lineo-315-es\/","url":"https:\/\/klimavex.eu\/cz\/katalog\/ventilator-vortice-lineo-315-es\/","name":"Ventil\u00e1tor Vortice LINEO 315 ES - KLIMAVEX GROUP - \u010cesko","isPartOf":{"@id":"https:\/\/klimavex.eu\/cz\/#website"},"primaryImageOfPage":{"@id":"https:\/\/klimavex.eu\/cz\/katalog\/ventilator-vortice-lineo-315-es\/#primaryimage"},"image":{"@id":"https:\/\/klimavex.eu\/cz\/katalog\/ventilator-vortice-lineo-315-es\/#primaryimage"},"thumbnailUrl":"https:\/\/klimavex.eu\/cz\/wp-content\/uploads\/2025\/09\/nCznTE88UqypxIqNPhvUInrSHdUMCUW_lDyjIL_Vvs4.png","datePublished":"2026-03-31T16:54:06+00:00","dateModified":"2026-03-31T16:54:50+00:00","breadcrumb":{"@id":"https:\/\/klimavex.eu\/cz\/katalog\/ventilator-vortice-lineo-315-es\/#breadcrumb"},"inLanguage":"cs","potentialAction":[{"@type":"ReadAction","target":["https:\/\/klimavex.eu\/cz\/katalog\/ventilator-vortice-lineo-315-es\/"]}]},{"@type":"ImageObject","inLanguage":"cs","@id":"https:\/\/klimavex.eu\/cz\/katalog\/ventilator-vortice-lineo-315-es\/#primaryimage","url":"https:\/\/klimavex.eu\/cz\/wp-content\/uploads\/2025\/09\/nCznTE88UqypxIqNPhvUInrSHdUMCUW_lDyjIL_Vvs4.png","contentUrl":"https:\/\/klimavex.eu\/cz\/wp-content\/uploads\/2025\/09\/nCznTE88UqypxIqNPhvUInrSHdUMCUW_lDyjIL_Vvs4.png","width":400,"height":326},{"@type":"BreadcrumbList","@id":"https:\/\/klimavex.eu\/cz\/katalog\/ventilator-vortice-lineo-315-es\/#breadcrumb","itemListElement":[{"@type":"ListItem","position":1,"name":"Domovsk\u00e1 str\u00e1nka","item":"https:\/\/klimavex.eu\/cz\/"},{"@type":"ListItem","position":2,"name":"Eshop","item":"https:\/\/klimavex.eu\/cz\/eshop\/"},{"@type":"ListItem","position":3,"name":"Ventil\u00e1tor Vortice LINEO 315 ES"}]},{"@type":"WebSite","@id":"https:\/\/klimavex.eu\/cz\/#website","url":"https:\/\/klimavex.eu\/cz\/","name":"KLIMAVEX GROUP - \u010cesko","description":"","publisher":{"@id":"https:\/\/klimavex.eu\/cz\/#organization"},"alternateName":"KLIMAVEX CZ a.s.","potentialAction":[{"@type":"SearchAction","target":{"@type":"EntryPoint","urlTemplate":"https:\/\/klimavex.eu\/cz\/?s={search_term_string}"},"query-input":{"@type":"PropertyValueSpecification","valueRequired":true,"valueName":"search_term_string"}}],"inLanguage":"cs"},{"@type":"Organization","@id":"https:\/\/klimavex.eu\/cz\/#organization","name":"KLIMAVEX GROUP","alternateName":"KLIMAVEX","url":"https:\/\/klimavex.eu\/cz\/","logo":{"@type":"ImageObject","inLanguage":"cs","@id":"https:\/\/klimavex.eu\/cz\/#\/schema\/logo\/image\/","url":"https:\/\/klimavex.eu\/cz\/wp-content\/uploads\/2024\/04\/Klimavex-Group-logo.png","contentUrl":"https:\/\/klimavex.eu\/cz\/wp-content\/uploads\/2024\/04\/Klimavex-Group-logo.png","width":1681,"height":472,"caption":"KLIMAVEX GROUP"},"image":{"@id":"https:\/\/klimavex.eu\/cz\/#\/schema\/logo\/image\/"},"sameAs":["https:\/\/www.facebook.com\/klimavex.cz","https:\/\/www.instagram.com\/klimavex_cz\/"]}]}},"_links":{"self":[{"href":"https:\/\/klimavex.eu\/cz\/wp-json\/wp\/v2\/product\/544358","targetHints":{"allow":["GET"]}}],"collection":[{"href":"https:\/\/klimavex.eu\/cz\/wp-json\/wp\/v2\/product"}],"about":[{"href":"https:\/\/klimavex.eu\/cz\/wp-json\/wp\/v2\/types\/product"}],"version-history":[{"count":0,"href":"https:\/\/klimavex.eu\/cz\/wp-json\/wp\/v2\/product\/544358\/revisions"}],"wp:featuredmedia":[{"embeddable":true,"href":"https:\/\/klimavex.eu\/cz\/wp-json\/wp\/v2\/media\/552184"}],"wp:attachment":[{"href":"https:\/\/klimavex.eu\/cz\/wp-json\/wp\/v2\/media?parent=544358"}],"wp:term":[{"taxonomy":"product_cat","embeddable":true,"href":"https:\/\/klimavex.eu\/cz\/wp-json\/wp\/v2\/product_cat?post=544358"},{"taxonomy":"product_tag","embeddable":true,"href":"https:\/\/klimavex.eu\/cz\/wp-json\/wp\/v2\/product_tag?post=544358"}],"curies":[{"name":"wp","href":"https:\/\/api.w.org\/{rel}","templated":true}]}}