{"id":544379,"date":"2026-03-31T18:54:06","date_gmt":"2026-03-31T16:54:06","guid":{"rendered":"https:\/\/klimavex.eu\/cz\/katalog\/ventilator-vortice-a-e-566-m\/"},"modified":"2026-03-31T18:55:19","modified_gmt":"2026-03-31T16:55:19","slug":"ventilator-vortice-a-e-566-m","status":"publish","type":"product","link":"https:\/\/klimavex.eu\/cz\/katalog\/ventilator-vortice-a-e-566-m\/","title":{"rendered":"Ventil\u00e1tor Vortice A-E 566 M"},"content":{"rendered":"<p style=\"text-align: justify;\"><strong>Kl&iacute;\u010dov&eacute; vlastnosti:<\/strong><\/p>\n<ul>\n<li style=\"text-align: justify;\">Aerodynamicky vytvarovan&yacute; r&aacute;m ventil&aacute;toru je vyroben z oceli s fosf&aacute;tovou povrchovou &uacute;pravou, nat\u0159en&yacute; klad&iacute;vkovou epoxidovou barvou, co\u017e zaru\u010duje dokonalou ochranu proti vn\u011bj&scaron;&iacute;m pov\u011btrnostn&iacute;m vliv\u016fm.<\/li>\n<li style=\"text-align: justify;\">AC motor izola\u010dn&iacute; t\u0159&iacute;dy F s extern&iacute;m rotorem a kuli\u010dkov&yacute;mi lo\u017eisky (kter&eacute; zaji&scaron;\u0165uj&iacute; dlouhou \u017eivotnost a bezporuchov&yacute; provoz ventil&aacute;toru po dobu 30 000 hodin).<\/li>\n<li style=\"text-align: justify;\">Ochrann&aacute; m\u0159&iacute;\u017eka nat\u0159en&aacute; \u010dern&yacute;m epoxidov&yacute;m n&aacute;t\u011brem.<\/li>\n<li style=\"text-align: justify;\">Mo\u017enost regulace ot&aacute;\u010dek.<\/li>\n<li style=\"text-align: justify;\">Za\u0159&iacute;zen&iacute; mus&iacute; b&yacute;t uzemn\u011bno.<\/li>\n<\/ul>\n","protected":false},"excerpt":{"rendered":"<p style=\"text-align: justify;\"><strong>Axi&aacute;ln&iacute; jednof&aacute;zov&yacute; <\/strong>n&aacute;st\u011bnn&yacute; ventil&aacute;tor Vorticel AE pro <strong>pr\u016fmyslov&eacute; vyu\u017eit&iacute;<\/strong>, s p\u0159&iacute;m&yacute;m v&yacute;fukem, pro ods&aacute;v&aacute;n&iacute; s mont&aacute;\u017e&iacute; na st\u011bnu s mal&yacute;m p\u0159esahem motoru. Vhodn&yacute; pro <strong>pr\u016fmyslov&eacute; a komer\u010dn&iacute;<\/strong> <strong>objekty <\/strong>pro ods&aacute;n&iacute; nepra&scaron;n&eacute;ho, neagresivn&iacute;ho a nekorozetvorn&eacute;ho vzduchu bez kyselin. Profil lopatek ventil&aacute;tor\u016f je navr\u017een tak, aby dosahovaly <strong>n&iacute;zk&eacute; hladiny hluku<\/strong>.<\/p>\n","protected":false},"featured_media":552281,"template":"","meta":[],"product_cat":[7616,7610,7615,7562,7597,7578],"product_tag":[],"class_list":{"0":"post-544379","1":"product","2":"type-product","3":"status-publish","4":"has-post-thumbnail","6":"product_cat-a-e-stenove","7":"product_cat-stenove","8":"product_cat-a-e","9":"product_cat-ventilatory","10":"product_cat-nastenne-stenove-okenni-ventilatory","11":"product_cat-prumyslove-ventilatory","12":"pa_dostupny-tlak-pa-13423","13":"pa_hlucnost-lp-1m-3m-644-549","14":"pa_kryti-ip54","15":"pa_provedeni-axialni","16":"pa_typ-a-e","17":"pa_vzduchovy-vykon-qv-m3-13422","18":"pa_znacka-vortice","20":"first","21":"instock","22":"taxable","23":"shipping-taxable","24":"purchasable","25":"product-type-simple"},"yoast_head":"<!-- This site is optimized with the Yoast SEO plugin v23.9 - https:\/\/yoast.com\/wordpress\/plugins\/seo\/ -->\n<title>Ventil\u00e1tor Vortice A-E 566 M - KLIMAVEX GROUP - \u010cesko<\/title>\n<meta name=\"robots\" content=\"index, follow, max-snippet:-1, max-image-preview:large, max-video-preview:-1\" \/>\n<link rel=\"canonical\" href=\"https:\/\/klimavex.eu\/cz\/katalog\/ventilator-vortice-a-e-566-m\/\" \/>\n<meta property=\"og:locale\" content=\"cs_CZ\" \/>\n<meta property=\"og:type\" content=\"article\" \/>\n<meta property=\"og:title\" content=\"Ventil\u00e1tor Vortice A-E 566 M - KLIMAVEX GROUP - \u010cesko\" \/>\n<meta property=\"og:description\" content=\"Axi&aacute;ln&iacute; jednof&aacute;zov&yacute; n&aacute;st\u011bnn&yacute; ventil&aacute;tor Vorticel AE pro pr\u016fmyslov&eacute; vyu\u017eit&iacute;, s p\u0159&iacute;m&yacute;m v&yacute;fukem, pro ods&aacute;v&aacute;n&iacute; s mont&aacute;\u017e&iacute; na st\u011bnu s mal&yacute;m p\u0159esahem motoru. Vhodn&yacute; pro pr\u016fmyslov&eacute; a komer\u010dn&iacute; objekty pro ods&aacute;n&iacute; nepra&scaron;n&eacute;ho, neagresivn&iacute;ho a nekorozetvorn&eacute;ho vzduchu bez kyselin. Profil lopatek ventil&aacute;tor\u016f je navr\u017een tak, aby dosahovaly n&iacute;zk&eacute; hladiny hluku.\" \/>\n<meta property=\"og:url\" content=\"https:\/\/klimavex.eu\/cz\/katalog\/ventilator-vortice-a-e-566-m\/\" \/>\n<meta property=\"og:site_name\" content=\"KLIMAVEX GROUP - \u010cesko\" \/>\n<meta property=\"article:publisher\" content=\"https:\/\/www.facebook.com\/klimavex.cz\" \/>\n<meta property=\"article:modified_time\" content=\"2026-03-31T16:55:19+00:00\" \/>\n<meta property=\"og:image\" content=\"https:\/\/klimavex.eu\/cz\/wp-content\/uploads\/2025\/09\/WoMWZRSk1eyH8aUVAAGRUiMpF6fdYgOsfr6vNIW-1pM-12.png\" \/>\n\t<meta property=\"og:image:width\" content=\"572\" \/>\n\t<meta property=\"og:image:height\" content=\"512\" \/>\n\t<meta property=\"og:image:type\" content=\"image\/png\" \/>\n<meta name=\"twitter:card\" content=\"summary_large_image\" \/>\n<meta name=\"twitter:label1\" content=\"Odhadovan\u00e1 doba \u010dten\u00ed\" \/>\n\t<meta name=\"twitter:data1\" content=\"1 minuta\" \/>\n<script type=\"application\/ld+json\" class=\"yoast-schema-graph\">{\"@context\":\"https:\/\/schema.org\",\"@graph\":[{\"@type\":\"WebPage\",\"@id\":\"https:\/\/klimavex.eu\/cz\/katalog\/ventilator-vortice-a-e-566-m\/\",\"url\":\"https:\/\/klimavex.eu\/cz\/katalog\/ventilator-vortice-a-e-566-m\/\",\"name\":\"Ventil\u00e1tor Vortice A-E 566 M - KLIMAVEX GROUP - \u010cesko\",\"isPartOf\":{\"@id\":\"https:\/\/klimavex.eu\/cz\/#website\"},\"primaryImageOfPage\":{\"@id\":\"https:\/\/klimavex.eu\/cz\/katalog\/ventilator-vortice-a-e-566-m\/#primaryimage\"},\"image\":{\"@id\":\"https:\/\/klimavex.eu\/cz\/katalog\/ventilator-vortice-a-e-566-m\/#primaryimage\"},\"thumbnailUrl\":\"https:\/\/klimavex.eu\/cz\/wp-content\/uploads\/2025\/09\/WoMWZRSk1eyH8aUVAAGRUiMpF6fdYgOsfr6vNIW-1pM-12.png\",\"datePublished\":\"2026-03-31T16:54:06+00:00\",\"dateModified\":\"2026-03-31T16:55:19+00:00\",\"breadcrumb\":{\"@id\":\"https:\/\/klimavex.eu\/cz\/katalog\/ventilator-vortice-a-e-566-m\/#breadcrumb\"},\"inLanguage\":\"cs\",\"potentialAction\":[{\"@type\":\"ReadAction\",\"target\":[\"https:\/\/klimavex.eu\/cz\/katalog\/ventilator-vortice-a-e-566-m\/\"]}]},{\"@type\":\"ImageObject\",\"inLanguage\":\"cs\",\"@id\":\"https:\/\/klimavex.eu\/cz\/katalog\/ventilator-vortice-a-e-566-m\/#primaryimage\",\"url\":\"https:\/\/klimavex.eu\/cz\/wp-content\/uploads\/2025\/09\/WoMWZRSk1eyH8aUVAAGRUiMpF6fdYgOsfr6vNIW-1pM-12.png\",\"contentUrl\":\"https:\/\/klimavex.eu\/cz\/wp-content\/uploads\/2025\/09\/WoMWZRSk1eyH8aUVAAGRUiMpF6fdYgOsfr6vNIW-1pM-12.png\",\"width\":572,\"height\":512},{\"@type\":\"BreadcrumbList\",\"@id\":\"https:\/\/klimavex.eu\/cz\/katalog\/ventilator-vortice-a-e-566-m\/#breadcrumb\",\"itemListElement\":[{\"@type\":\"ListItem\",\"position\":1,\"name\":\"Domovsk\u00e1 str\u00e1nka\",\"item\":\"https:\/\/klimavex.eu\/cz\/\"},{\"@type\":\"ListItem\",\"position\":2,\"name\":\"Eshop\",\"item\":\"https:\/\/klimavex.eu\/cz\/eshop\/\"},{\"@type\":\"ListItem\",\"position\":3,\"name\":\"Ventil\u00e1tor Vortice A-E 566 M\"}]},{\"@type\":\"WebSite\",\"@id\":\"https:\/\/klimavex.eu\/cz\/#website\",\"url\":\"https:\/\/klimavex.eu\/cz\/\",\"name\":\"KLIMAVEX GROUP - \u010cesko\",\"description\":\"\",\"publisher\":{\"@id\":\"https:\/\/klimavex.eu\/cz\/#organization\"},\"alternateName\":\"KLIMAVEX CZ a.s.\",\"potentialAction\":[{\"@type\":\"SearchAction\",\"target\":{\"@type\":\"EntryPoint\",\"urlTemplate\":\"https:\/\/klimavex.eu\/cz\/?s={search_term_string}\"},\"query-input\":{\"@type\":\"PropertyValueSpecification\",\"valueRequired\":true,\"valueName\":\"search_term_string\"}}],\"inLanguage\":\"cs\"},{\"@type\":\"Organization\",\"@id\":\"https:\/\/klimavex.eu\/cz\/#organization\",\"name\":\"KLIMAVEX GROUP\",\"alternateName\":\"KLIMAVEX\",\"url\":\"https:\/\/klimavex.eu\/cz\/\",\"logo\":{\"@type\":\"ImageObject\",\"inLanguage\":\"cs\",\"@id\":\"https:\/\/klimavex.eu\/cz\/#\/schema\/logo\/image\/\",\"url\":\"https:\/\/klimavex.eu\/cz\/wp-content\/uploads\/2024\/04\/Klimavex-Group-logo.png\",\"contentUrl\":\"https:\/\/klimavex.eu\/cz\/wp-content\/uploads\/2024\/04\/Klimavex-Group-logo.png\",\"width\":1681,\"height\":472,\"caption\":\"KLIMAVEX GROUP\"},\"image\":{\"@id\":\"https:\/\/klimavex.eu\/cz\/#\/schema\/logo\/image\/\"},\"sameAs\":[\"https:\/\/www.facebook.com\/klimavex.cz\",\"https:\/\/www.instagram.com\/klimavex_cz\/\"]}]}<\/script>\n<!-- \/ Yoast SEO plugin. -->","yoast_head_json":{"title":"Ventil\u00e1tor Vortice A-E 566 M - KLIMAVEX GROUP - \u010cesko","robots":{"index":"index","follow":"follow","max-snippet":"max-snippet:-1","max-image-preview":"max-image-preview:large","max-video-preview":"max-video-preview:-1"},"canonical":"https:\/\/klimavex.eu\/cz\/katalog\/ventilator-vortice-a-e-566-m\/","og_locale":"cs_CZ","og_type":"article","og_title":"Ventil\u00e1tor Vortice A-E 566 M - KLIMAVEX GROUP - \u010cesko","og_description":"Axi&aacute;ln&iacute; jednof&aacute;zov&yacute; n&aacute;st\u011bnn&yacute; ventil&aacute;tor Vorticel AE pro pr\u016fmyslov&eacute; vyu\u017eit&iacute;, s p\u0159&iacute;m&yacute;m v&yacute;fukem, pro ods&aacute;v&aacute;n&iacute; s mont&aacute;\u017e&iacute; na st\u011bnu s mal&yacute;m p\u0159esahem motoru. Vhodn&yacute; pro pr\u016fmyslov&eacute; a komer\u010dn&iacute; objekty pro ods&aacute;n&iacute; nepra&scaron;n&eacute;ho, neagresivn&iacute;ho a nekorozetvorn&eacute;ho vzduchu bez kyselin. Profil lopatek ventil&aacute;tor\u016f je navr\u017een tak, aby dosahovaly n&iacute;zk&eacute; hladiny hluku.","og_url":"https:\/\/klimavex.eu\/cz\/katalog\/ventilator-vortice-a-e-566-m\/","og_site_name":"KLIMAVEX GROUP - \u010cesko","article_publisher":"https:\/\/www.facebook.com\/klimavex.cz","article_modified_time":"2026-03-31T16:55:19+00:00","og_image":[{"width":572,"height":512,"url":"https:\/\/klimavex.eu\/cz\/wp-content\/uploads\/2025\/09\/WoMWZRSk1eyH8aUVAAGRUiMpF6fdYgOsfr6vNIW-1pM-12.png","type":"image\/png"}],"twitter_card":"summary_large_image","twitter_misc":{"Odhadovan\u00e1 doba \u010dten\u00ed":"1 minuta"},"schema":{"@context":"https:\/\/schema.org","@graph":[{"@type":"WebPage","@id":"https:\/\/klimavex.eu\/cz\/katalog\/ventilator-vortice-a-e-566-m\/","url":"https:\/\/klimavex.eu\/cz\/katalog\/ventilator-vortice-a-e-566-m\/","name":"Ventil\u00e1tor Vortice A-E 566 M - KLIMAVEX GROUP - \u010cesko","isPartOf":{"@id":"https:\/\/klimavex.eu\/cz\/#website"},"primaryImageOfPage":{"@id":"https:\/\/klimavex.eu\/cz\/katalog\/ventilator-vortice-a-e-566-m\/#primaryimage"},"image":{"@id":"https:\/\/klimavex.eu\/cz\/katalog\/ventilator-vortice-a-e-566-m\/#primaryimage"},"thumbnailUrl":"https:\/\/klimavex.eu\/cz\/wp-content\/uploads\/2025\/09\/WoMWZRSk1eyH8aUVAAGRUiMpF6fdYgOsfr6vNIW-1pM-12.png","datePublished":"2026-03-31T16:54:06+00:00","dateModified":"2026-03-31T16:55:19+00:00","breadcrumb":{"@id":"https:\/\/klimavex.eu\/cz\/katalog\/ventilator-vortice-a-e-566-m\/#breadcrumb"},"inLanguage":"cs","potentialAction":[{"@type":"ReadAction","target":["https:\/\/klimavex.eu\/cz\/katalog\/ventilator-vortice-a-e-566-m\/"]}]},{"@type":"ImageObject","inLanguage":"cs","@id":"https:\/\/klimavex.eu\/cz\/katalog\/ventilator-vortice-a-e-566-m\/#primaryimage","url":"https:\/\/klimavex.eu\/cz\/wp-content\/uploads\/2025\/09\/WoMWZRSk1eyH8aUVAAGRUiMpF6fdYgOsfr6vNIW-1pM-12.png","contentUrl":"https:\/\/klimavex.eu\/cz\/wp-content\/uploads\/2025\/09\/WoMWZRSk1eyH8aUVAAGRUiMpF6fdYgOsfr6vNIW-1pM-12.png","width":572,"height":512},{"@type":"BreadcrumbList","@id":"https:\/\/klimavex.eu\/cz\/katalog\/ventilator-vortice-a-e-566-m\/#breadcrumb","itemListElement":[{"@type":"ListItem","position":1,"name":"Domovsk\u00e1 str\u00e1nka","item":"https:\/\/klimavex.eu\/cz\/"},{"@type":"ListItem","position":2,"name":"Eshop","item":"https:\/\/klimavex.eu\/cz\/eshop\/"},{"@type":"ListItem","position":3,"name":"Ventil\u00e1tor Vortice A-E 566 M"}]},{"@type":"WebSite","@id":"https:\/\/klimavex.eu\/cz\/#website","url":"https:\/\/klimavex.eu\/cz\/","name":"KLIMAVEX GROUP - \u010cesko","description":"","publisher":{"@id":"https:\/\/klimavex.eu\/cz\/#organization"},"alternateName":"KLIMAVEX CZ a.s.","potentialAction":[{"@type":"SearchAction","target":{"@type":"EntryPoint","urlTemplate":"https:\/\/klimavex.eu\/cz\/?s={search_term_string}"},"query-input":{"@type":"PropertyValueSpecification","valueRequired":true,"valueName":"search_term_string"}}],"inLanguage":"cs"},{"@type":"Organization","@id":"https:\/\/klimavex.eu\/cz\/#organization","name":"KLIMAVEX GROUP","alternateName":"KLIMAVEX","url":"https:\/\/klimavex.eu\/cz\/","logo":{"@type":"ImageObject","inLanguage":"cs","@id":"https:\/\/klimavex.eu\/cz\/#\/schema\/logo\/image\/","url":"https:\/\/klimavex.eu\/cz\/wp-content\/uploads\/2024\/04\/Klimavex-Group-logo.png","contentUrl":"https:\/\/klimavex.eu\/cz\/wp-content\/uploads\/2024\/04\/Klimavex-Group-logo.png","width":1681,"height":472,"caption":"KLIMAVEX GROUP"},"image":{"@id":"https:\/\/klimavex.eu\/cz\/#\/schema\/logo\/image\/"},"sameAs":["https:\/\/www.facebook.com\/klimavex.cz","https:\/\/www.instagram.com\/klimavex_cz\/"]}]}},"_links":{"self":[{"href":"https:\/\/klimavex.eu\/cz\/wp-json\/wp\/v2\/product\/544379","targetHints":{"allow":["GET"]}}],"collection":[{"href":"https:\/\/klimavex.eu\/cz\/wp-json\/wp\/v2\/product"}],"about":[{"href":"https:\/\/klimavex.eu\/cz\/wp-json\/wp\/v2\/types\/product"}],"version-history":[{"count":0,"href":"https:\/\/klimavex.eu\/cz\/wp-json\/wp\/v2\/product\/544379\/revisions"}],"wp:featuredmedia":[{"embeddable":true,"href":"https:\/\/klimavex.eu\/cz\/wp-json\/wp\/v2\/media\/552281"}],"wp:attachment":[{"href":"https:\/\/klimavex.eu\/cz\/wp-json\/wp\/v2\/media?parent=544379"}],"wp:term":[{"taxonomy":"product_cat","embeddable":true,"href":"https:\/\/klimavex.eu\/cz\/wp-json\/wp\/v2\/product_cat?post=544379"},{"taxonomy":"product_tag","embeddable":true,"href":"https:\/\/klimavex.eu\/cz\/wp-json\/wp\/v2\/product_tag?post=544379"}],"curies":[{"name":"wp","href":"https:\/\/api.w.org\/{rel}","templated":true}]}}