{"id":544394,"date":"2026-03-31T18:55:24","date_gmt":"2026-03-31T16:55:24","guid":{"rendered":"https:\/\/klimavex.eu\/cz\/katalog\/ventilator-vortice-nordik-evolution-r-140-56-imitace-dreva\/"},"modified":"2026-03-31T18:55:42","modified_gmt":"2026-03-31T16:55:42","slug":"ventilator-vortice-nordik-evolution-r-140-56-imitace-dreva","status":"publish","type":"product","link":"https:\/\/klimavex.eu\/cz\/katalog\/ventilator-vortice-nordik-evolution-r-140-56-imitace-dreva\/","title":{"rendered":"Ventil\u00e1tor Vortice Nordik Evolution R 140\/56&#8243; imitace d\u0159eva"},"content":{"rendered":"<p style=\"text-align:justify\"><span style=\"font-size:12pt\"><span style=\"background-color:white\"><span style=\"font-family:&quot;Times New Roman&quot;,serif\"><strong><span style=\"font-size:11.0pt\"><span style=\"background-color:white\"><span style=\"font-family:&quot;Calibri&quot;,sans-serif\"><span style=\"color:black\">Kl&iacute;\u010dov&eacute; vlastnosti:<\/span><\/span><\/span><\/span><\/strong><\/span><\/span><\/span><\/p>\n<ul>\n<li style=\"text-align:justify\"><span style=\"font-size:11pt\"><span style=\"background-color:white\"><span style=\"font-family:Calibri,sans-serif\"><span style=\"color:black\">Reverzibiln&iacute; funkce &#8211; pracuje v l&eacute;t\u011b i v zim\u011b.<\/span><\/span><\/span><\/span><\/li>\n<li style=\"text-align:justify\"><span style=\"font-size:11pt\"><span style=\"background-color:white\"><span style=\"font-family:Calibri,sans-serif\"><span style=\"color:black\">Motor s kuli\u010dkov&yacute;mi lo\u017eisky.<\/span><\/span><\/span><\/span><\/li>\n<li style=\"text-align:justify\"><span style=\"font-size:11pt\"><span style=\"background-color:white\"><span style=\"font-family:Calibri,sans-serif\"><span style=\"color:black\">N&iacute;zk&aacute; spot\u0159eba a vysok&yacute; v&yacute;kon.<\/span><\/span><\/span><\/span><\/li>\n<li style=\"text-align:justify\"><span style=\"font-size:11pt\"><span style=\"background-color:white\"><span style=\"font-family:Calibri,sans-serif\"><span style=\"color:black\">3 \u010depele z pozinkovan&eacute;ho ocelov&eacute;ho plechu pr&aacute;&scaron;kov\u011b lakovan&eacute; polyesterem odoln&yacute;m proti po&scaron;kr&aacute;b&aacute;n&iacute;.<\/span><\/span><\/span><\/span><\/li>\n<li style=\"text-align:justify\"><span style=\"font-size:11pt\"><span style=\"background-color:white\"><span style=\"font-family:Calibri,sans-serif\"><span style=\"color:black\">Tov&aacute;rn\u011b p\u0159ipraveno na p\u0159ijet&iacute; 2 specifick&yacute;ch voliteln&yacute;ch sv\u011bteln&yacute;ch sad:&nbsp;105 W max a&nbsp;2&#215;15 W max.<\/span><\/span><\/span><\/span><\/li>\n<li style=\"text-align:justify\"><span style=\"font-size:11pt\"><span style=\"background-color:white\"><span style=\"font-family:Calibri,sans-serif\"><span style=\"color:black\">Rychlost voliteln&aacute; pomoc&iacute; \u0159&iacute;dic&iacute;ch jednotek nebo d&aacute;lkov&eacute;ho ovl&aacute;d&aacute;n&iacute; Telenordik 5TR (voliteln&eacute;).<\/span><\/span><\/span><\/span><\/li>\n<\/ul>\n","protected":false},"excerpt":{"rendered":"<p style=\"text-align:justify\"><span style=\"font-size:11pt\"><span style=\"font-family:Calibri,sans-serif\">Stropn&iacute; ventil&aacute;tor Vortice <strong>Nordik Evolution R 140\/56&#39;&#39;<\/strong> v&nbsp;proveden&iacute; p\u0159ipom&iacute;naj&iacute;c&iacute;m d\u0159evo je ide&aacute;ln&iacute; pro <strong>recirkulaci vzduchu v reziden\u010dn&iacute;ch i komer\u010dn&iacute;ch prostorech<\/strong>. Je schopn&yacute; obslou\u017eit a\u017e 2,5x v\u011bt&scaron;&iacute; prostor, ne\u017e je pr\u016fm\u011br vrtule. D&iacute;ky speci&aacute;ln&iacute;mu tvaru lopatek je provoz ventil&aacute;toru <strong>velmi tich&yacute;<\/strong>. Hlu\u010dnost je sn&iacute;\u017eena i d&iacute;ky <strong>motoru s kuli\u010dkov&yacute;mi lo\u017eisky<\/strong>, kter&yacute; zaji&scaron;\u0165uje maxim&aacute;ln&iacute; &uacute;\u010dinnost p\u0159i n&iacute;zk&yacute;ch ot&aacute;\u010dk&aacute;ch. Sou\u010d&aacute;st&iacute; balen&iacute; je z&aacute;v\u011bsn&aacute; ty\u010d (37,5cm) pro snadnou instalaci. Ventil&aacute;tor je vyroben z <strong>ABS um\u011bl&eacute; hmoty odoln&eacute; proti UV z&aacute;\u0159en&iacute;<\/strong> a v&scaron;echny komponenty v\u010detn\u011b obalu jsou pln\u011b recyklovateln&eacute;.<\/span><\/span><\/p>\n<p style=\"text-align:justify\"><span style=\"font-size:11pt\"><span style=\"font-family:Calibri,sans-serif\"><strong>Reverzn&iacute; chod ventil&aacute;toru<\/strong> vyu\u017eijete zejm&eacute;na v&nbsp;zim\u011b. D&iacute;ky t&eacute;to funkci dok&aacute;\u017ee ventil&aacute;tor <strong>rozpt&yacute;lit tepl&yacute; vzduch<\/strong> usazen&yacute; u stropu po m&iacute;stnosti. U&scaron;et\u0159&iacute;te tak za vyt&aacute;p\u011bn&iacute; a bude V&aacute;m p\u0159&iacute;jemn\u011bji. <\/span><\/span><\/p>\n","protected":false},"featured_media":552344,"template":"","meta":[],"product_cat":[7562,7613,7614],"product_tag":[],"class_list":{"0":"post-544394","1":"product","2":"type-product","3":"status-publish","4":"has-post-thumbnail","6":"product_cat-ventilatory","7":"product_cat-stropni-ventilatory","8":"product_cat-nordik-evolution","9":"pa_kryti-ip20","10":"pa_provedeni-stropni","11":"pa_typ-nordik-evolution-r","12":"pa_vzduchovy-vykon-qv-m3-12906","13":"pa_znacka-vortice","15":"first","16":"instock","17":"taxable","18":"shipping-taxable","19":"purchasable","20":"product-type-simple"},"yoast_head":"<!-- This site is optimized with the Yoast SEO plugin v23.9 - https:\/\/yoast.com\/wordpress\/plugins\/seo\/ -->\n<title>Ventil\u00e1tor Vortice Nordik Evolution R 140\/56&quot; imitace d\u0159eva - KLIMAVEX GROUP - \u010cesko<\/title>\n<meta name=\"robots\" content=\"index, follow, max-snippet:-1, max-image-preview:large, max-video-preview:-1\" \/>\n<link rel=\"canonical\" href=\"https:\/\/klimavex.eu\/cz\/katalog\/ventilator-vortice-nordik-evolution-r-140-56-imitace-dreva\/\" \/>\n<meta property=\"og:locale\" content=\"cs_CZ\" \/>\n<meta property=\"og:type\" content=\"article\" \/>\n<meta property=\"og:title\" content=\"Ventil\u00e1tor Vortice Nordik Evolution R 140\/56&quot; imitace d\u0159eva - KLIMAVEX GROUP - \u010cesko\" \/>\n<meta property=\"og:description\" content=\"Stropn&iacute; ventil&aacute;tor Vortice Nordik Evolution R 140\/56&#039;&#039; v&nbsp;proveden&iacute; p\u0159ipom&iacute;naj&iacute;c&iacute;m d\u0159evo je ide&aacute;ln&iacute; pro recirkulaci vzduchu v reziden\u010dn&iacute;ch i komer\u010dn&iacute;ch prostorech. Je schopn&yacute; obslou\u017eit a\u017e 2,5x v\u011bt&scaron;&iacute; prostor, ne\u017e je pr\u016fm\u011br vrtule. D&iacute;ky speci&aacute;ln&iacute;mu tvaru lopatek je provoz ventil&aacute;toru velmi tich&yacute;. Hlu\u010dnost je sn&iacute;\u017eena i d&iacute;ky motoru s kuli\u010dkov&yacute;mi lo\u017eisky, kter&yacute; zaji&scaron;\u0165uje maxim&aacute;ln&iacute; &uacute;\u010dinnost p\u0159i n&iacute;zk&yacute;ch ot&aacute;\u010dk&aacute;ch. Sou\u010d&aacute;st&iacute; balen&iacute; je z&aacute;v\u011bsn&aacute; ty\u010d (37,5cm) pro snadnou instalaci. Ventil&aacute;tor je vyroben z ABS um\u011bl&eacute; hmoty odoln&eacute; proti UV z&aacute;\u0159en&iacute; a v&scaron;echny komponenty v\u010detn\u011b obalu jsou pln\u011b recyklovateln&eacute;. Reverzn&iacute; chod ventil&aacute;toru vyu\u017eijete zejm&eacute;na v&nbsp;zim\u011b. D&iacute;ky t&eacute;to funkci dok&aacute;\u017ee ventil&aacute;tor rozpt&yacute;lit tepl&yacute; vzduch usazen&yacute; u stropu po m&iacute;stnosti. U&scaron;et\u0159&iacute;te tak za vyt&aacute;p\u011bn&iacute; a bude V&aacute;m p\u0159&iacute;jemn\u011bji.\" \/>\n<meta property=\"og:url\" content=\"https:\/\/klimavex.eu\/cz\/katalog\/ventilator-vortice-nordik-evolution-r-140-56-imitace-dreva\/\" \/>\n<meta property=\"og:site_name\" content=\"KLIMAVEX GROUP - \u010cesko\" \/>\n<meta property=\"article:publisher\" content=\"https:\/\/www.facebook.com\/klimavex.cz\" \/>\n<meta property=\"article:modified_time\" content=\"2026-03-31T16:55:42+00:00\" \/>\n<meta property=\"og:image\" content=\"https:\/\/klimavex.eu\/cz\/wp-content\/uploads\/2025\/09\/IJlYvomVowNfpSMvtTPqfi6Lu-Xo-ukLANvnmkRqOLQ-1.png\" \/>\n\t<meta property=\"og:image:width\" content=\"572\" \/>\n\t<meta property=\"og:image:height\" content=\"512\" \/>\n\t<meta property=\"og:image:type\" content=\"image\/png\" \/>\n<meta name=\"twitter:card\" content=\"summary_large_image\" \/>\n<meta name=\"twitter:label1\" content=\"Odhadovan\u00e1 doba \u010dten\u00ed\" \/>\n\t<meta name=\"twitter:data1\" content=\"1 minuta\" \/>\n<script type=\"application\/ld+json\" class=\"yoast-schema-graph\">{\"@context\":\"https:\/\/schema.org\",\"@graph\":[{\"@type\":\"WebPage\",\"@id\":\"https:\/\/klimavex.eu\/cz\/katalog\/ventilator-vortice-nordik-evolution-r-140-56-imitace-dreva\/\",\"url\":\"https:\/\/klimavex.eu\/cz\/katalog\/ventilator-vortice-nordik-evolution-r-140-56-imitace-dreva\/\",\"name\":\"Ventil\u00e1tor Vortice Nordik Evolution R 140\/56\\\" imitace d\u0159eva - KLIMAVEX GROUP - \u010cesko\",\"isPartOf\":{\"@id\":\"https:\/\/klimavex.eu\/cz\/#website\"},\"primaryImageOfPage\":{\"@id\":\"https:\/\/klimavex.eu\/cz\/katalog\/ventilator-vortice-nordik-evolution-r-140-56-imitace-dreva\/#primaryimage\"},\"image\":{\"@id\":\"https:\/\/klimavex.eu\/cz\/katalog\/ventilator-vortice-nordik-evolution-r-140-56-imitace-dreva\/#primaryimage\"},\"thumbnailUrl\":\"https:\/\/klimavex.eu\/cz\/wp-content\/uploads\/2025\/09\/IJlYvomVowNfpSMvtTPqfi6Lu-Xo-ukLANvnmkRqOLQ-1.png\",\"datePublished\":\"2026-03-31T16:55:24+00:00\",\"dateModified\":\"2026-03-31T16:55:42+00:00\",\"breadcrumb\":{\"@id\":\"https:\/\/klimavex.eu\/cz\/katalog\/ventilator-vortice-nordik-evolution-r-140-56-imitace-dreva\/#breadcrumb\"},\"inLanguage\":\"cs\",\"potentialAction\":[{\"@type\":\"ReadAction\",\"target\":[\"https:\/\/klimavex.eu\/cz\/katalog\/ventilator-vortice-nordik-evolution-r-140-56-imitace-dreva\/\"]}]},{\"@type\":\"ImageObject\",\"inLanguage\":\"cs\",\"@id\":\"https:\/\/klimavex.eu\/cz\/katalog\/ventilator-vortice-nordik-evolution-r-140-56-imitace-dreva\/#primaryimage\",\"url\":\"https:\/\/klimavex.eu\/cz\/wp-content\/uploads\/2025\/09\/IJlYvomVowNfpSMvtTPqfi6Lu-Xo-ukLANvnmkRqOLQ-1.png\",\"contentUrl\":\"https:\/\/klimavex.eu\/cz\/wp-content\/uploads\/2025\/09\/IJlYvomVowNfpSMvtTPqfi6Lu-Xo-ukLANvnmkRqOLQ-1.png\",\"width\":572,\"height\":512},{\"@type\":\"BreadcrumbList\",\"@id\":\"https:\/\/klimavex.eu\/cz\/katalog\/ventilator-vortice-nordik-evolution-r-140-56-imitace-dreva\/#breadcrumb\",\"itemListElement\":[{\"@type\":\"ListItem\",\"position\":1,\"name\":\"Domovsk\u00e1 str\u00e1nka\",\"item\":\"https:\/\/klimavex.eu\/cz\/\"},{\"@type\":\"ListItem\",\"position\":2,\"name\":\"Eshop\",\"item\":\"https:\/\/klimavex.eu\/cz\/eshop\/\"},{\"@type\":\"ListItem\",\"position\":3,\"name\":\"Ventil\u00e1tor Vortice Nordik Evolution R 140\/56&#8243; imitace d\u0159eva\"}]},{\"@type\":\"WebSite\",\"@id\":\"https:\/\/klimavex.eu\/cz\/#website\",\"url\":\"https:\/\/klimavex.eu\/cz\/\",\"name\":\"KLIMAVEX GROUP - \u010cesko\",\"description\":\"\",\"publisher\":{\"@id\":\"https:\/\/klimavex.eu\/cz\/#organization\"},\"alternateName\":\"KLIMAVEX CZ a.s.\",\"potentialAction\":[{\"@type\":\"SearchAction\",\"target\":{\"@type\":\"EntryPoint\",\"urlTemplate\":\"https:\/\/klimavex.eu\/cz\/?s={search_term_string}\"},\"query-input\":{\"@type\":\"PropertyValueSpecification\",\"valueRequired\":true,\"valueName\":\"search_term_string\"}}],\"inLanguage\":\"cs\"},{\"@type\":\"Organization\",\"@id\":\"https:\/\/klimavex.eu\/cz\/#organization\",\"name\":\"KLIMAVEX GROUP\",\"alternateName\":\"KLIMAVEX\",\"url\":\"https:\/\/klimavex.eu\/cz\/\",\"logo\":{\"@type\":\"ImageObject\",\"inLanguage\":\"cs\",\"@id\":\"https:\/\/klimavex.eu\/cz\/#\/schema\/logo\/image\/\",\"url\":\"https:\/\/klimavex.eu\/cz\/wp-content\/uploads\/2024\/04\/Klimavex-Group-logo.png\",\"contentUrl\":\"https:\/\/klimavex.eu\/cz\/wp-content\/uploads\/2024\/04\/Klimavex-Group-logo.png\",\"width\":1681,\"height\":472,\"caption\":\"KLIMAVEX GROUP\"},\"image\":{\"@id\":\"https:\/\/klimavex.eu\/cz\/#\/schema\/logo\/image\/\"},\"sameAs\":[\"https:\/\/www.facebook.com\/klimavex.cz\",\"https:\/\/www.instagram.com\/klimavex_cz\/\"]}]}<\/script>\n<!-- \/ Yoast SEO plugin. -->","yoast_head_json":{"title":"Ventil\u00e1tor Vortice Nordik Evolution R 140\/56\" imitace d\u0159eva - KLIMAVEX GROUP - \u010cesko","robots":{"index":"index","follow":"follow","max-snippet":"max-snippet:-1","max-image-preview":"max-image-preview:large","max-video-preview":"max-video-preview:-1"},"canonical":"https:\/\/klimavex.eu\/cz\/katalog\/ventilator-vortice-nordik-evolution-r-140-56-imitace-dreva\/","og_locale":"cs_CZ","og_type":"article","og_title":"Ventil\u00e1tor Vortice Nordik Evolution R 140\/56\" imitace d\u0159eva - KLIMAVEX GROUP - \u010cesko","og_description":"Stropn&iacute; ventil&aacute;tor Vortice Nordik Evolution R 140\/56&#39;&#39; v&nbsp;proveden&iacute; p\u0159ipom&iacute;naj&iacute;c&iacute;m d\u0159evo je ide&aacute;ln&iacute; pro recirkulaci vzduchu v reziden\u010dn&iacute;ch i komer\u010dn&iacute;ch prostorech. Je schopn&yacute; obslou\u017eit a\u017e 2,5x v\u011bt&scaron;&iacute; prostor, ne\u017e je pr\u016fm\u011br vrtule. D&iacute;ky speci&aacute;ln&iacute;mu tvaru lopatek je provoz ventil&aacute;toru velmi tich&yacute;. Hlu\u010dnost je sn&iacute;\u017eena i d&iacute;ky motoru s kuli\u010dkov&yacute;mi lo\u017eisky, kter&yacute; zaji&scaron;\u0165uje maxim&aacute;ln&iacute; &uacute;\u010dinnost p\u0159i n&iacute;zk&yacute;ch ot&aacute;\u010dk&aacute;ch. Sou\u010d&aacute;st&iacute; balen&iacute; je z&aacute;v\u011bsn&aacute; ty\u010d (37,5cm) pro snadnou instalaci. Ventil&aacute;tor je vyroben z ABS um\u011bl&eacute; hmoty odoln&eacute; proti UV z&aacute;\u0159en&iacute; a v&scaron;echny komponenty v\u010detn\u011b obalu jsou pln\u011b recyklovateln&eacute;. Reverzn&iacute; chod ventil&aacute;toru vyu\u017eijete zejm&eacute;na v&nbsp;zim\u011b. D&iacute;ky t&eacute;to funkci dok&aacute;\u017ee ventil&aacute;tor rozpt&yacute;lit tepl&yacute; vzduch usazen&yacute; u stropu po m&iacute;stnosti. U&scaron;et\u0159&iacute;te tak za vyt&aacute;p\u011bn&iacute; a bude V&aacute;m p\u0159&iacute;jemn\u011bji.","og_url":"https:\/\/klimavex.eu\/cz\/katalog\/ventilator-vortice-nordik-evolution-r-140-56-imitace-dreva\/","og_site_name":"KLIMAVEX GROUP - \u010cesko","article_publisher":"https:\/\/www.facebook.com\/klimavex.cz","article_modified_time":"2026-03-31T16:55:42+00:00","og_image":[{"width":572,"height":512,"url":"https:\/\/klimavex.eu\/cz\/wp-content\/uploads\/2025\/09\/IJlYvomVowNfpSMvtTPqfi6Lu-Xo-ukLANvnmkRqOLQ-1.png","type":"image\/png"}],"twitter_card":"summary_large_image","twitter_misc":{"Odhadovan\u00e1 doba \u010dten\u00ed":"1 minuta"},"schema":{"@context":"https:\/\/schema.org","@graph":[{"@type":"WebPage","@id":"https:\/\/klimavex.eu\/cz\/katalog\/ventilator-vortice-nordik-evolution-r-140-56-imitace-dreva\/","url":"https:\/\/klimavex.eu\/cz\/katalog\/ventilator-vortice-nordik-evolution-r-140-56-imitace-dreva\/","name":"Ventil\u00e1tor Vortice Nordik Evolution R 140\/56\" imitace d\u0159eva - KLIMAVEX GROUP - \u010cesko","isPartOf":{"@id":"https:\/\/klimavex.eu\/cz\/#website"},"primaryImageOfPage":{"@id":"https:\/\/klimavex.eu\/cz\/katalog\/ventilator-vortice-nordik-evolution-r-140-56-imitace-dreva\/#primaryimage"},"image":{"@id":"https:\/\/klimavex.eu\/cz\/katalog\/ventilator-vortice-nordik-evolution-r-140-56-imitace-dreva\/#primaryimage"},"thumbnailUrl":"https:\/\/klimavex.eu\/cz\/wp-content\/uploads\/2025\/09\/IJlYvomVowNfpSMvtTPqfi6Lu-Xo-ukLANvnmkRqOLQ-1.png","datePublished":"2026-03-31T16:55:24+00:00","dateModified":"2026-03-31T16:55:42+00:00","breadcrumb":{"@id":"https:\/\/klimavex.eu\/cz\/katalog\/ventilator-vortice-nordik-evolution-r-140-56-imitace-dreva\/#breadcrumb"},"inLanguage":"cs","potentialAction":[{"@type":"ReadAction","target":["https:\/\/klimavex.eu\/cz\/katalog\/ventilator-vortice-nordik-evolution-r-140-56-imitace-dreva\/"]}]},{"@type":"ImageObject","inLanguage":"cs","@id":"https:\/\/klimavex.eu\/cz\/katalog\/ventilator-vortice-nordik-evolution-r-140-56-imitace-dreva\/#primaryimage","url":"https:\/\/klimavex.eu\/cz\/wp-content\/uploads\/2025\/09\/IJlYvomVowNfpSMvtTPqfi6Lu-Xo-ukLANvnmkRqOLQ-1.png","contentUrl":"https:\/\/klimavex.eu\/cz\/wp-content\/uploads\/2025\/09\/IJlYvomVowNfpSMvtTPqfi6Lu-Xo-ukLANvnmkRqOLQ-1.png","width":572,"height":512},{"@type":"BreadcrumbList","@id":"https:\/\/klimavex.eu\/cz\/katalog\/ventilator-vortice-nordik-evolution-r-140-56-imitace-dreva\/#breadcrumb","itemListElement":[{"@type":"ListItem","position":1,"name":"Domovsk\u00e1 str\u00e1nka","item":"https:\/\/klimavex.eu\/cz\/"},{"@type":"ListItem","position":2,"name":"Eshop","item":"https:\/\/klimavex.eu\/cz\/eshop\/"},{"@type":"ListItem","position":3,"name":"Ventil\u00e1tor Vortice Nordik Evolution R 140\/56&#8243; imitace d\u0159eva"}]},{"@type":"WebSite","@id":"https:\/\/klimavex.eu\/cz\/#website","url":"https:\/\/klimavex.eu\/cz\/","name":"KLIMAVEX GROUP - \u010cesko","description":"","publisher":{"@id":"https:\/\/klimavex.eu\/cz\/#organization"},"alternateName":"KLIMAVEX CZ a.s.","potentialAction":[{"@type":"SearchAction","target":{"@type":"EntryPoint","urlTemplate":"https:\/\/klimavex.eu\/cz\/?s={search_term_string}"},"query-input":{"@type":"PropertyValueSpecification","valueRequired":true,"valueName":"search_term_string"}}],"inLanguage":"cs"},{"@type":"Organization","@id":"https:\/\/klimavex.eu\/cz\/#organization","name":"KLIMAVEX GROUP","alternateName":"KLIMAVEX","url":"https:\/\/klimavex.eu\/cz\/","logo":{"@type":"ImageObject","inLanguage":"cs","@id":"https:\/\/klimavex.eu\/cz\/#\/schema\/logo\/image\/","url":"https:\/\/klimavex.eu\/cz\/wp-content\/uploads\/2024\/04\/Klimavex-Group-logo.png","contentUrl":"https:\/\/klimavex.eu\/cz\/wp-content\/uploads\/2024\/04\/Klimavex-Group-logo.png","width":1681,"height":472,"caption":"KLIMAVEX GROUP"},"image":{"@id":"https:\/\/klimavex.eu\/cz\/#\/schema\/logo\/image\/"},"sameAs":["https:\/\/www.facebook.com\/klimavex.cz","https:\/\/www.instagram.com\/klimavex_cz\/"]}]}},"_links":{"self":[{"href":"https:\/\/klimavex.eu\/cz\/wp-json\/wp\/v2\/product\/544394","targetHints":{"allow":["GET"]}}],"collection":[{"href":"https:\/\/klimavex.eu\/cz\/wp-json\/wp\/v2\/product"}],"about":[{"href":"https:\/\/klimavex.eu\/cz\/wp-json\/wp\/v2\/types\/product"}],"version-history":[{"count":0,"href":"https:\/\/klimavex.eu\/cz\/wp-json\/wp\/v2\/product\/544394\/revisions"}],"wp:featuredmedia":[{"embeddable":true,"href":"https:\/\/klimavex.eu\/cz\/wp-json\/wp\/v2\/media\/552344"}],"wp:attachment":[{"href":"https:\/\/klimavex.eu\/cz\/wp-json\/wp\/v2\/media?parent=544394"}],"wp:term":[{"taxonomy":"product_cat","embeddable":true,"href":"https:\/\/klimavex.eu\/cz\/wp-json\/wp\/v2\/product_cat?post=544394"},{"taxonomy":"product_tag","embeddable":true,"href":"https:\/\/klimavex.eu\/cz\/wp-json\/wp\/v2\/product_tag?post=544394"}],"curies":[{"name":"wp","href":"https:\/\/api.w.org\/{rel}","templated":true}]}}