{"id":544406,"date":"2026-03-27T08:07:13","date_gmt":"2026-03-27T07:07:13","guid":{"rendered":"https:\/\/klimavex.eu\/cz\/katalog\/cb-touch-lcd-w-dalkovy-ovladac-pro-vort-hr-350-avel\/"},"modified":"2026-03-27T08:08:04","modified_gmt":"2026-03-27T07:08:04","slug":"cb-touch-lcd-w-dalkovy-ovladac-pro-vort-hr-350-avel","status":"publish","type":"product","link":"https:\/\/klimavex.eu\/cz\/katalog\/cb-touch-lcd-w-dalkovy-ovladac-pro-vort-hr-350-avel\/","title":{"rendered":"CB TOUCH LCD W d\u00e1lkov\u00fd ovlada\u010d pro VORT HR 350 AVEL"},"content":{"rendered":"<p style=\"text-align:justify\"><span style=\"font-size:11pt\"><span style=\"font-family:Calibri,sans-serif\"><strong>Technick&eacute; vlastnosti<\/strong>:<\/span><\/span><\/p>\n<ul>\n<li style=\"text-align:justify\"><span style=\"font-size:11pt\"><span style=\"font-family:Calibri,sans-serif\">Dotykov&yacute; barevn&yacute; displej o velikosti 4,5&quot;.<\/span><\/span><\/li>\n<li style=\"text-align:justify\"><span style=\"font-size:11pt\"><span style=\"font-family:Calibri,sans-serif\">Deska pro mont&aacute;\u017e na st\u011bnu bez nutnosti pou\u017eit&iacute; standardn&iacute;ch elektrick&yacute;ch krabic.<\/span><\/span><\/li>\n<li style=\"text-align:justify\"><span style=\"font-size:11pt\"><span style=\"font-family:Calibri,sans-serif\">P\u0159ipojen&iacute; k rekupera\u010dn&iacute; jednotce p\u0159es bezpe\u010dnostn&iacute; n&iacute;zkonap\u011b\u0165ov&yacute; port (maxim&aacute;ln&iacute; d&eacute;lka kabelu 70 metr\u016f).<\/span><\/span><\/li>\n<li style=\"text-align:justify\"><span style=\"font-size:11pt\"><span style=\"font-family:Calibri,sans-serif\">U\u017eivatelsky nastaviteln&yacute; jas obrazovky ve 3 r\u016fzn&yacute;ch &uacute;rovn&iacute;ch intenzity.<\/span><\/span><\/li>\n<li style=\"text-align:justify\"><span style=\"font-size:11pt\"><span style=\"font-family:Calibri,sans-serif\">\u010casov&yacute; limit zobrazen&iacute; nastaviteln&yacute; na 30, 60 a 120 sekund.<\/span><\/span><\/li>\n<li style=\"text-align:justify\"><span style=\"font-size:11pt\"><span style=\"font-family:Calibri,sans-serif\">No\u010dn&iacute; sv\u011btlo um&iacute;st\u011bn&eacute; ve spodn&iacute; \u010d&aacute;sti ovl&aacute;dac&iacute;ho panelu a u\u017eivatelsky nastaviteln&eacute; na 4 &uacute;rovn\u011b intenzity sv\u011btla.<\/span><\/span><\/li>\n<li style=\"text-align:justify\"><span style=\"font-size:11pt\"><span style=\"font-family:Calibri,sans-serif\">Software pro spr&aacute;vu dostupn&yacute; v 6 jazyc&iacute;ch: ital&scaron;tin\u011b, angli\u010dtin\u011b, francouz&scaron;tin\u011b, n\u011bm\u010din\u011b, &scaron;pan\u011bl&scaron;tin\u011b a \u010d&iacute;n&scaron;tin\u011b.<\/span><\/span><\/li>\n<li style=\"text-align:justify\"><span style=\"font-size:11pt\"><span style=\"font-family:Calibri,sans-serif\">Bezpe\u010dnost ov\u011b\u0159en&aacute; podle TUV SUD.<\/span><\/span><\/li>\n<\/ul>\n<p style=\"text-align:justify\"><span style=\"font-size:11pt\"><span style=\"font-family:Calibri,sans-serif\"><strong>Funkce a nastaven&iacute;<\/strong><\/span><\/span><\/p>\n<p style=\"text-align:justify\"><span style=\"font-size:11pt\"><span style=\"font-family:Calibri,sans-serif\">N&iacute;\u017ee popsan&eacute; funkce a &uacute;daje na displeji se mohou li&scaron;it v z&aacute;vislosti na tom, s jakou jednotkou \u0159&iacute;zen&eacute;ho mechanick&eacute;ho v\u011btr&aacute;n&iacute; je ovl&aacute;dac&iacute; panel CB LCD TOUCH W kombinov&aacute;n.<\/span><\/span><\/p>\n<ul>\n<li style=\"text-align:justify\"><span style=\"font-size:11pt\"><span style=\"font-family:Calibri,sans-serif\">Zapnut&iacute;\/vypnut&iacute; jednotky \u0159&iacute;zen&eacute;ho mechanick&eacute;ho v\u011btr&aacute;n&iacute;.<\/span><\/span><\/li>\n<li style=\"text-align:justify\"><span style=\"font-size:11pt\"><span style=\"font-family:Calibri,sans-serif\">Po\u010d&aacute;te\u010dn&iacute; nastaven&iacute; chr&aacute;n\u011bn&eacute; heslem, ke kter&eacute;mu m&aacute; p\u0159&iacute;stup pouze instalat&eacute;r.<\/span><\/span><\/li>\n<li style=\"text-align:justify\"><span style=\"font-size:11pt\"><span style=\"font-family:Calibri,sans-serif\">Ru\u010dn&iacute; volba provozn&iacute; rychlosti (MANU&Aacute;LN&Iacute; RE\u017dIM).<\/span><\/span><\/li>\n<li style=\"text-align:justify\"><span style=\"font-size:11pt\"><span style=\"font-family:Calibri,sans-serif\">Aktivace automatick&eacute;ho re\u017eimu (AUTO MODE): v&yacute;robek automaticky nastav&iacute; sv\u016fj provoz podle p\u0159edem nastaven&eacute;ho t&yacute;denn&iacute;ho \u010dasov&eacute;ho programu.<\/span><\/span><\/li>\n<li style=\"text-align:justify\"><span style=\"font-size:11pt\"><span style=\"font-family:Calibri,sans-serif\">Aktivace re\u017eimu BOOST: v&yacute;robek se p\u0159epne na maxim&aacute;ln&iacute; rychlost.<\/span><\/span><\/li>\n<li style=\"text-align:justify\"><span style=\"font-size:11pt\"><span style=\"font-family:Calibri,sans-serif\">Aktivace re\u017eimu QUIET (TICH&Yacute;): v&yacute;robek nikdy nep\u0159epne na provoz na maxim&aacute;ln&iacute; rychlost b\u011bhem no\u010dn&iacute;ho \u010dasov&eacute;ho obdob&iacute;, kter&eacute; m\u016f\u017ee nastavit u\u017eivatel.<\/span><\/span><\/li>\n<li style=\"text-align:justify\"><span style=\"font-size:11pt\"><span style=\"font-family:Calibri,sans-serif\">Aktivace pr&aacute;zdninov&eacute;ho re\u017eimu (HOLIDAY MODE): p\u0159&iacute;stroj pracuje nep\u0159etr\u017eit\u011b p\u0159i sn&iacute;\u017een&yacute;ch ot&aacute;\u010dk&aacute;ch, aby byla zaru\u010dena pot\u0159ebn&aacute; v&yacute;m\u011bna vzduchu i v p\u0159&iacute;pad\u011b del&scaron;&iacute; nep\u0159&iacute;tomnosti osob v dom&aacute;cnosti.<\/span><\/span><\/li>\n<li style=\"text-align:justify\"><span style=\"font-size:11pt\"><span style=\"font-family:Calibri,sans-serif\">Nastaven&iacute; t&yacute;denn&iacute;ho provozn&iacute;ho pl&aacute;nu pro VMC.<\/span><\/span><\/li>\n<li style=\"text-align:justify\"><span style=\"font-size:11pt\"><span style=\"font-family:Calibri,sans-serif\">Ru\u010dn&iacute; aktivace obtokov&eacute; klapky.<\/span><\/span><\/li>\n<li style=\"text-align:justify\"><span style=\"font-size:11pt\"><span style=\"font-family:Calibri,sans-serif\">Aktivace\/vypnut&iacute; p\u0159edeh\u0159&iacute;vac&iacute;ch\/dooh\u0159&iacute;vac&iacute;ch bateri&iacute; (pokud jsou nainstalov&aacute;ny).<\/span><\/span><\/li>\n<li style=\"text-align:justify\"><span style=\"font-size:11pt\"><span style=\"font-family:Calibri,sans-serif\">Zobrazen&iacute; hodnot pro:<\/span><\/span>\n<ul style=\"list-style-type:circle\">\n<li style=\"text-align:justify\"><span style=\"font-size:11pt\"><span style=\"font-family:Calibri,sans-serif\">Teplota vzduchu (&deg;C \/ &deg;F) VNIT\u0158N&Iacute; a VENKOVN&Iacute;.<\/span><\/span><\/li>\n<li style=\"text-align:justify\"><span style=\"font-size:11pt\"><span style=\"font-family:Calibri,sans-serif\">Relativn&iacute; vlhkost (RH) v m&iacute;stnosti.<\/span><\/span><\/li>\n<\/ul>\n<\/li>\n<li style=\"text-align:justify\"><span style=\"font-size:11pt\"><span style=\"font-family:Calibri,sans-serif\">Zobrazen&iacute; spr&aacute;vn&eacute; aktivace postupu odmrazov&aacute;n&iacute; v p\u0159&iacute;pad\u011b p\u0159&iacute;li&scaron; n&iacute;zk&yacute;ch teplot.<\/span><\/span><\/li>\n<li style=\"text-align:justify\"><span style=\"font-size:11pt\"><span style=\"font-family:Calibri,sans-serif\">Sledov&aacute;n&iacute; spr&aacute;vn&eacute; funkce VMC: na p\u0159&iacute;padn&eacute; poruchy upozor\u0148uj&iacute; chybov&aacute; hl&aacute;&scaron;en&iacute; zobrazen&aacute; na displeji.<\/span><\/span><\/li>\n<li style=\"text-align:justify\"><span style=\"font-size:11pt\"><span style=\"font-family:Calibri,sans-serif\">Signalizace stavu zanesen&iacute; filtru pro spr&aacute;vnou pravidelnou &uacute;dr\u017ebu.<\/span><\/span><\/li>\n<\/ul>\n","protected":false},"excerpt":{"rendered":"<p style=\"text-align:justify\"><span style=\"font-size:11pt\"><span style=\"font-family:Calibri,sans-serif\">D&aacute;lkov&yacute; ovl&aacute;dac&iacute; panel s barevn&yacute;m grafick&yacute;m displejem LCD, kter&yacute; lze kombinovat s centr&aacute;ln&iacute;mi rekupera\u010dn&iacute;mi jednotkami VORTICE pro obytn&eacute; budovy. V&iacute;ce informac&iacute; naleznete n&iacute;\u017ee v&nbsp;sekci Popis.<\/span><\/span><\/p>\n<p style=\"text-align:justify\"><span style=\"font-size:11pt\"><span style=\"font-family:Calibri,sans-serif\"><strong>Dostupnost<\/strong>: Obvykl&eacute; dod&aacute;n&iacute; 2-3 t&yacute;dny.<\/span><\/span><\/p>\n","protected":false},"featured_media":0,"template":"","meta":[],"product_cat":[7605],"product_tag":[],"class_list":{"0":"post-544406","1":"product","2":"type-product","3":"status-publish","5":"product_cat-prislusenstvi-ventilatory","6":"pa_typ-prislusenstvi","7":"pa_znacka-vortice","9":"first","10":"instock","11":"taxable","12":"shipping-taxable","13":"purchasable","14":"product-type-simple"},"yoast_head":"<!-- This site is optimized with the Yoast SEO plugin v23.9 - https:\/\/yoast.com\/wordpress\/plugins\/seo\/ -->\n<title>CB TOUCH LCD W d\u00e1lkov\u00fd ovlada\u010d pro VORT HR 350 AVEL - KLIMAVEX GROUP - \u010cesko<\/title>\n<meta name=\"robots\" content=\"index, follow, max-snippet:-1, max-image-preview:large, max-video-preview:-1\" \/>\n<link rel=\"canonical\" href=\"https:\/\/klimavex.eu\/cz\/katalog\/cb-touch-lcd-w-dalkovy-ovladac-pro-vort-hr-350-avel\/\" \/>\n<meta property=\"og:locale\" content=\"cs_CZ\" \/>\n<meta property=\"og:type\" content=\"article\" \/>\n<meta property=\"og:title\" content=\"CB TOUCH LCD W d\u00e1lkov\u00fd ovlada\u010d pro VORT HR 350 AVEL - KLIMAVEX GROUP - \u010cesko\" \/>\n<meta property=\"og:description\" content=\"D&aacute;lkov&yacute; ovl&aacute;dac&iacute; panel s barevn&yacute;m grafick&yacute;m displejem LCD, kter&yacute; lze kombinovat s centr&aacute;ln&iacute;mi rekupera\u010dn&iacute;mi jednotkami VORTICE pro obytn&eacute; budovy. V&iacute;ce informac&iacute; naleznete n&iacute;\u017ee v&nbsp;sekci Popis. Dostupnost: Obvykl&eacute; dod&aacute;n&iacute; 2-3 t&yacute;dny.\" \/>\n<meta property=\"og:url\" content=\"https:\/\/klimavex.eu\/cz\/katalog\/cb-touch-lcd-w-dalkovy-ovladac-pro-vort-hr-350-avel\/\" \/>\n<meta property=\"og:site_name\" content=\"KLIMAVEX GROUP - \u010cesko\" \/>\n<meta property=\"article:publisher\" content=\"https:\/\/www.facebook.com\/klimavex.cz\" \/>\n<meta property=\"article:modified_time\" content=\"2026-03-27T07:08:04+00:00\" \/>\n<meta property=\"og:image\" content=\"https:\/\/klimavex.eu\/cz\/wp-content\/uploads\/2024\/02\/LOGO-KLIMAVEX-modra-kostka-1.png\" \/>\n\t<meta property=\"og:image:width\" content=\"9184\" \/>\n\t<meta property=\"og:image:height\" content=\"9184\" \/>\n\t<meta property=\"og:image:type\" content=\"image\/png\" \/>\n<meta name=\"twitter:card\" content=\"summary_large_image\" \/>\n<meta name=\"twitter:label1\" content=\"Odhadovan\u00e1 doba \u010dten\u00ed\" \/>\n\t<meta name=\"twitter:data1\" content=\"3 minuty\" \/>\n<script type=\"application\/ld+json\" class=\"yoast-schema-graph\">{\"@context\":\"https:\/\/schema.org\",\"@graph\":[{\"@type\":\"WebPage\",\"@id\":\"https:\/\/klimavex.eu\/cz\/katalog\/cb-touch-lcd-w-dalkovy-ovladac-pro-vort-hr-350-avel\/\",\"url\":\"https:\/\/klimavex.eu\/cz\/katalog\/cb-touch-lcd-w-dalkovy-ovladac-pro-vort-hr-350-avel\/\",\"name\":\"CB TOUCH LCD W d\u00e1lkov\u00fd ovlada\u010d pro VORT HR 350 AVEL - KLIMAVEX GROUP - \u010cesko\",\"isPartOf\":{\"@id\":\"https:\/\/klimavex.eu\/cz\/#website\"},\"datePublished\":\"2026-03-27T07:07:13+00:00\",\"dateModified\":\"2026-03-27T07:08:04+00:00\",\"breadcrumb\":{\"@id\":\"https:\/\/klimavex.eu\/cz\/katalog\/cb-touch-lcd-w-dalkovy-ovladac-pro-vort-hr-350-avel\/#breadcrumb\"},\"inLanguage\":\"cs\",\"potentialAction\":[{\"@type\":\"ReadAction\",\"target\":[\"https:\/\/klimavex.eu\/cz\/katalog\/cb-touch-lcd-w-dalkovy-ovladac-pro-vort-hr-350-avel\/\"]}]},{\"@type\":\"BreadcrumbList\",\"@id\":\"https:\/\/klimavex.eu\/cz\/katalog\/cb-touch-lcd-w-dalkovy-ovladac-pro-vort-hr-350-avel\/#breadcrumb\",\"itemListElement\":[{\"@type\":\"ListItem\",\"position\":1,\"name\":\"Domovsk\u00e1 str\u00e1nka\",\"item\":\"https:\/\/klimavex.eu\/cz\/\"},{\"@type\":\"ListItem\",\"position\":2,\"name\":\"Eshop\",\"item\":\"https:\/\/klimavex.eu\/cz\/eshop\/\"},{\"@type\":\"ListItem\",\"position\":3,\"name\":\"CB TOUCH LCD W d\u00e1lkov\u00fd ovlada\u010d pro VORT HR 350 AVEL\"}]},{\"@type\":\"WebSite\",\"@id\":\"https:\/\/klimavex.eu\/cz\/#website\",\"url\":\"https:\/\/klimavex.eu\/cz\/\",\"name\":\"KLIMAVEX GROUP - \u010cesko\",\"description\":\"\",\"publisher\":{\"@id\":\"https:\/\/klimavex.eu\/cz\/#organization\"},\"alternateName\":\"KLIMAVEX CZ a.s.\",\"potentialAction\":[{\"@type\":\"SearchAction\",\"target\":{\"@type\":\"EntryPoint\",\"urlTemplate\":\"https:\/\/klimavex.eu\/cz\/?s={search_term_string}\"},\"query-input\":{\"@type\":\"PropertyValueSpecification\",\"valueRequired\":true,\"valueName\":\"search_term_string\"}}],\"inLanguage\":\"cs\"},{\"@type\":\"Organization\",\"@id\":\"https:\/\/klimavex.eu\/cz\/#organization\",\"name\":\"KLIMAVEX GROUP\",\"alternateName\":\"KLIMAVEX\",\"url\":\"https:\/\/klimavex.eu\/cz\/\",\"logo\":{\"@type\":\"ImageObject\",\"inLanguage\":\"cs\",\"@id\":\"https:\/\/klimavex.eu\/cz\/#\/schema\/logo\/image\/\",\"url\":\"https:\/\/klimavex.eu\/cz\/wp-content\/uploads\/2024\/04\/Klimavex-Group-logo.png\",\"contentUrl\":\"https:\/\/klimavex.eu\/cz\/wp-content\/uploads\/2024\/04\/Klimavex-Group-logo.png\",\"width\":1681,\"height\":472,\"caption\":\"KLIMAVEX GROUP\"},\"image\":{\"@id\":\"https:\/\/klimavex.eu\/cz\/#\/schema\/logo\/image\/\"},\"sameAs\":[\"https:\/\/www.facebook.com\/klimavex.cz\",\"https:\/\/www.instagram.com\/klimavex_cz\/\"]}]}<\/script>\n<!-- \/ Yoast SEO plugin. -->","yoast_head_json":{"title":"CB TOUCH LCD W d\u00e1lkov\u00fd ovlada\u010d pro VORT HR 350 AVEL - KLIMAVEX GROUP - \u010cesko","robots":{"index":"index","follow":"follow","max-snippet":"max-snippet:-1","max-image-preview":"max-image-preview:large","max-video-preview":"max-video-preview:-1"},"canonical":"https:\/\/klimavex.eu\/cz\/katalog\/cb-touch-lcd-w-dalkovy-ovladac-pro-vort-hr-350-avel\/","og_locale":"cs_CZ","og_type":"article","og_title":"CB TOUCH LCD W d\u00e1lkov\u00fd ovlada\u010d pro VORT HR 350 AVEL - KLIMAVEX GROUP - \u010cesko","og_description":"D&aacute;lkov&yacute; ovl&aacute;dac&iacute; panel s barevn&yacute;m grafick&yacute;m displejem LCD, kter&yacute; lze kombinovat s centr&aacute;ln&iacute;mi rekupera\u010dn&iacute;mi jednotkami VORTICE pro obytn&eacute; budovy. V&iacute;ce informac&iacute; naleznete n&iacute;\u017ee v&nbsp;sekci Popis. Dostupnost: Obvykl&eacute; dod&aacute;n&iacute; 2-3 t&yacute;dny.","og_url":"https:\/\/klimavex.eu\/cz\/katalog\/cb-touch-lcd-w-dalkovy-ovladac-pro-vort-hr-350-avel\/","og_site_name":"KLIMAVEX GROUP - \u010cesko","article_publisher":"https:\/\/www.facebook.com\/klimavex.cz","article_modified_time":"2026-03-27T07:08:04+00:00","og_image":[{"width":9184,"height":9184,"url":"https:\/\/klimavex.eu\/cz\/wp-content\/uploads\/2024\/02\/LOGO-KLIMAVEX-modra-kostka-1.png","type":"image\/png"}],"twitter_card":"summary_large_image","twitter_misc":{"Odhadovan\u00e1 doba \u010dten\u00ed":"3 minuty"},"schema":{"@context":"https:\/\/schema.org","@graph":[{"@type":"WebPage","@id":"https:\/\/klimavex.eu\/cz\/katalog\/cb-touch-lcd-w-dalkovy-ovladac-pro-vort-hr-350-avel\/","url":"https:\/\/klimavex.eu\/cz\/katalog\/cb-touch-lcd-w-dalkovy-ovladac-pro-vort-hr-350-avel\/","name":"CB TOUCH LCD W d\u00e1lkov\u00fd ovlada\u010d pro VORT HR 350 AVEL - KLIMAVEX GROUP - \u010cesko","isPartOf":{"@id":"https:\/\/klimavex.eu\/cz\/#website"},"datePublished":"2026-03-27T07:07:13+00:00","dateModified":"2026-03-27T07:08:04+00:00","breadcrumb":{"@id":"https:\/\/klimavex.eu\/cz\/katalog\/cb-touch-lcd-w-dalkovy-ovladac-pro-vort-hr-350-avel\/#breadcrumb"},"inLanguage":"cs","potentialAction":[{"@type":"ReadAction","target":["https:\/\/klimavex.eu\/cz\/katalog\/cb-touch-lcd-w-dalkovy-ovladac-pro-vort-hr-350-avel\/"]}]},{"@type":"BreadcrumbList","@id":"https:\/\/klimavex.eu\/cz\/katalog\/cb-touch-lcd-w-dalkovy-ovladac-pro-vort-hr-350-avel\/#breadcrumb","itemListElement":[{"@type":"ListItem","position":1,"name":"Domovsk\u00e1 str\u00e1nka","item":"https:\/\/klimavex.eu\/cz\/"},{"@type":"ListItem","position":2,"name":"Eshop","item":"https:\/\/klimavex.eu\/cz\/eshop\/"},{"@type":"ListItem","position":3,"name":"CB TOUCH LCD W d\u00e1lkov\u00fd ovlada\u010d pro VORT HR 350 AVEL"}]},{"@type":"WebSite","@id":"https:\/\/klimavex.eu\/cz\/#website","url":"https:\/\/klimavex.eu\/cz\/","name":"KLIMAVEX GROUP - \u010cesko","description":"","publisher":{"@id":"https:\/\/klimavex.eu\/cz\/#organization"},"alternateName":"KLIMAVEX CZ a.s.","potentialAction":[{"@type":"SearchAction","target":{"@type":"EntryPoint","urlTemplate":"https:\/\/klimavex.eu\/cz\/?s={search_term_string}"},"query-input":{"@type":"PropertyValueSpecification","valueRequired":true,"valueName":"search_term_string"}}],"inLanguage":"cs"},{"@type":"Organization","@id":"https:\/\/klimavex.eu\/cz\/#organization","name":"KLIMAVEX GROUP","alternateName":"KLIMAVEX","url":"https:\/\/klimavex.eu\/cz\/","logo":{"@type":"ImageObject","inLanguage":"cs","@id":"https:\/\/klimavex.eu\/cz\/#\/schema\/logo\/image\/","url":"https:\/\/klimavex.eu\/cz\/wp-content\/uploads\/2024\/04\/Klimavex-Group-logo.png","contentUrl":"https:\/\/klimavex.eu\/cz\/wp-content\/uploads\/2024\/04\/Klimavex-Group-logo.png","width":1681,"height":472,"caption":"KLIMAVEX GROUP"},"image":{"@id":"https:\/\/klimavex.eu\/cz\/#\/schema\/logo\/image\/"},"sameAs":["https:\/\/www.facebook.com\/klimavex.cz","https:\/\/www.instagram.com\/klimavex_cz\/"]}]}},"_links":{"self":[{"href":"https:\/\/klimavex.eu\/cz\/wp-json\/wp\/v2\/product\/544406","targetHints":{"allow":["GET"]}}],"collection":[{"href":"https:\/\/klimavex.eu\/cz\/wp-json\/wp\/v2\/product"}],"about":[{"href":"https:\/\/klimavex.eu\/cz\/wp-json\/wp\/v2\/types\/product"}],"version-history":[{"count":0,"href":"https:\/\/klimavex.eu\/cz\/wp-json\/wp\/v2\/product\/544406\/revisions"}],"wp:attachment":[{"href":"https:\/\/klimavex.eu\/cz\/wp-json\/wp\/v2\/media?parent=544406"}],"wp:term":[{"taxonomy":"product_cat","embeddable":true,"href":"https:\/\/klimavex.eu\/cz\/wp-json\/wp\/v2\/product_cat?post=544406"},{"taxonomy":"product_tag","embeddable":true,"href":"https:\/\/klimavex.eu\/cz\/wp-json\/wp\/v2\/product_tag?post=544406"}],"curies":[{"name":"wp","href":"https:\/\/api.w.org\/{rel}","templated":true}]}}