{"id":544422,"date":"2026-03-31T18:55:24","date_gmt":"2026-03-31T16:55:24","guid":{"rendered":"https:\/\/klimavex.eu\/cz\/katalog\/vzduchova-clona-vortice-ad-2000-230v\/"},"modified":"2026-03-31T18:56:17","modified_gmt":"2026-03-31T16:56:17","slug":"vzduchova-clona-vortice-ad-2000-230v","status":"publish","type":"product","link":"https:\/\/klimavex.eu\/cz\/katalog\/vzduchova-clona-vortice-ad-2000-230v\/","title":{"rendered":"Vzduchov\u00e1 clona Vortice AD 2000 (230V)"},"content":{"rendered":"<p style=\"text-align: justify;\"><strong>Kl&iacute;\u010dov&eacute; vlastnosti:<\/strong><\/p>\n<ul>\n<li style=\"text-align: justify;\">Motor se dv\u011bma h\u0159&iacute;deli vybaven tepelnou pojistkou.<\/li>\n<li style=\"text-align: justify;\">Obsahuje nap&aacute;jec&iacute; kabel se standardn&iacute; z&aacute;str\u010dkou.<\/li>\n<li style=\"text-align: justify;\">M\u016f\u017ee b&yacute;t pou\u017eita v sou\u010dinnosti s dve\u0159n&iacute;m sn&iacute;ma\u010dem.<\/li>\n<li style=\"text-align: justify;\">Tangenci&aacute;ln&iacute; ventil&aacute;tory zaji&scaron;\u0165uj&iacute;c&iacute; tich&yacute; provoz.<\/li>\n<li style=\"text-align: justify;\">Dvouot&aacute;\u010dkov&eacute; motory.<\/li>\n<li style=\"text-align: justify;\">Infra\u010derven&yacute; d&aacute;lkov&yacute; ovlada\u010d s jedn&iacute;m tla\u010d&iacute;tkem umo\u017e\u0148uj&iacute;c&iacute;m zapnut&iacute;\/vypnut&iacute; za\u0159&iacute;zen&iacute; a zvolen&iacute; ot&aacute;\u010dek ve sledu: zapnuto \/ max. ot&aacute;\u010dky \/ min. ot&aacute;\u010dky \/ vypnuto.<\/li>\n<li style=\"text-align: justify;\">P\u0159edn&iacute; panel obsahuje t\u0159i tla\u010d&iacute;tka &ndash; zapnut&iacute;\/vypnut&iacute; za\u0159&iacute;zen&iacute; a zm\u011bna ot&aacute;\u010dek.<\/li>\n<li style=\"text-align: justify;\">LED kontrolka na p\u0159edn&iacute;m panelu signalizuj&iacute;c&iacute; provoz.<\/li>\n<li style=\"text-align: justify;\">Minim&aacute;ln&iacute; instala\u010dn&iacute; v&yacute;&scaron;ka od podlahy 2,3m. Maxim&aacute;ln&iacute; instala\u010dn&iacute; v&yacute;&scaron;ka 4m.<\/li>\n<\/ul>\n","protected":false},"excerpt":{"rendered":"<p style=\"text-align: justify;\">Vzduchov&aacute; clona <strong>Vortice AD <\/strong>se stylov&yacute;m p\u0159edn&iacute;m panelem je vhodn&aacute; pro jak&yacute;koli interi&eacute;r. Vzduchov&eacute; clony vytv&aacute;\u0159ej&iacute; <strong>neviditeln&yacute; proud vzduchu <\/strong>&ndash; bari&eacute;ru, slou\u017e&iacute;c&iacute; k odd\u011blen&iacute; prost\u0159ed&iacute; s r\u016fznou teplotou, \u010d&iacute;m\u017e zabra\u0148uj&iacute; p\u0159enosu tepla mezi t\u011bmito dv\u011bma prost\u0159ed&iacute;mi. Pom&aacute;haj&iacute; tak <strong>eliminovat energetick&eacute; n&aacute;roky <\/strong>pro chlazen&iacute;\/vyt&aacute;p\u011bn&iacute; m&iacute;stnost&iacute; a z&aacute;rove\u0148 zabezpe\u010duj&iacute;, aby se do vnit\u0159n&iacute;ho prost\u0159ed&iacute; nedostaly r\u016fzn&eacute; z&aacute;pachy, kou\u0159, hmyz nebo jin&eacute;. S nastavitelnou klapkou pro nasm\u011brov&aacute;n&iacute; proud&iacute;c&iacute;ho vzduchu. <strong>D&eacute;lka clony 2000mm<\/strong>.<\/p>\n","protected":false},"featured_media":552445,"template":"","meta":[],"product_cat":[7562,10754],"product_tag":[],"class_list":{"0":"post-544422","1":"product","2":"type-product","3":"status-publish","4":"has-post-thumbnail","6":"product_cat-ventilatory","7":"product_cat-vzduchove-clony-ventilatory","8":"pa_kryti-ipx0","9":"pa_provedeni-vzduchova-clona","10":"pa_typ-ad","11":"pa_vzduchovy-vykon-qv-m3-2900-3600","12":"pa_znacka-vortice","14":"first","15":"instock","16":"taxable","17":"shipping-taxable","18":"purchasable","19":"product-type-simple"},"yoast_head":"<!-- This site is optimized with the Yoast SEO plugin v23.9 - https:\/\/yoast.com\/wordpress\/plugins\/seo\/ -->\n<title>Vzduchov\u00e1 clona Vortice AD 2000 (230V) - KLIMAVEX GROUP - \u010cesko<\/title>\n<meta name=\"robots\" content=\"index, follow, max-snippet:-1, max-image-preview:large, max-video-preview:-1\" \/>\n<link rel=\"canonical\" href=\"https:\/\/klimavex.eu\/cz\/katalog\/vzduchova-clona-vortice-ad-2000-230v\/\" \/>\n<meta property=\"og:locale\" content=\"cs_CZ\" \/>\n<meta property=\"og:type\" content=\"article\" \/>\n<meta property=\"og:title\" content=\"Vzduchov\u00e1 clona Vortice AD 2000 (230V) - KLIMAVEX GROUP - \u010cesko\" \/>\n<meta property=\"og:description\" content=\"Vzduchov&aacute; clona Vortice AD se stylov&yacute;m p\u0159edn&iacute;m panelem je vhodn&aacute; pro jak&yacute;koli interi&eacute;r. Vzduchov&eacute; clony vytv&aacute;\u0159ej&iacute; neviditeln&yacute; proud vzduchu &ndash; bari&eacute;ru, slou\u017e&iacute;c&iacute; k odd\u011blen&iacute; prost\u0159ed&iacute; s r\u016fznou teplotou, \u010d&iacute;m\u017e zabra\u0148uj&iacute; p\u0159enosu tepla mezi t\u011bmito dv\u011bma prost\u0159ed&iacute;mi. Pom&aacute;haj&iacute; tak eliminovat energetick&eacute; n&aacute;roky pro chlazen&iacute;\/vyt&aacute;p\u011bn&iacute; m&iacute;stnost&iacute; a z&aacute;rove\u0148 zabezpe\u010duj&iacute;, aby se do vnit\u0159n&iacute;ho prost\u0159ed&iacute; nedostaly r\u016fzn&eacute; z&aacute;pachy, kou\u0159, hmyz nebo jin&eacute;. S nastavitelnou klapkou pro nasm\u011brov&aacute;n&iacute; proud&iacute;c&iacute;ho vzduchu. D&eacute;lka clony 2000mm.\" \/>\n<meta property=\"og:url\" content=\"https:\/\/klimavex.eu\/cz\/katalog\/vzduchova-clona-vortice-ad-2000-230v\/\" \/>\n<meta property=\"og:site_name\" content=\"KLIMAVEX GROUP - \u010cesko\" \/>\n<meta property=\"article:publisher\" content=\"https:\/\/www.facebook.com\/klimavex.cz\" \/>\n<meta property=\"article:modified_time\" content=\"2026-03-31T16:56:17+00:00\" \/>\n<meta property=\"og:image\" content=\"https:\/\/klimavex.eu\/cz\/wp-content\/uploads\/2025\/09\/9c1f6uCSzdrDv5G3J0L1gtoPtbnwizIZ-au2C7H1xzI.png\" \/>\n\t<meta property=\"og:image:width\" content=\"572\" \/>\n\t<meta property=\"og:image:height\" content=\"512\" \/>\n\t<meta property=\"og:image:type\" content=\"image\/png\" \/>\n<meta name=\"twitter:card\" content=\"summary_large_image\" \/>\n<meta name=\"twitter:label1\" content=\"Odhadovan\u00e1 doba \u010dten\u00ed\" \/>\n\t<meta name=\"twitter:data1\" content=\"1 minuta\" \/>\n<script type=\"application\/ld+json\" class=\"yoast-schema-graph\">{\"@context\":\"https:\/\/schema.org\",\"@graph\":[{\"@type\":\"WebPage\",\"@id\":\"https:\/\/klimavex.eu\/cz\/katalog\/vzduchova-clona-vortice-ad-2000-230v\/\",\"url\":\"https:\/\/klimavex.eu\/cz\/katalog\/vzduchova-clona-vortice-ad-2000-230v\/\",\"name\":\"Vzduchov\u00e1 clona Vortice AD 2000 (230V) - KLIMAVEX GROUP - \u010cesko\",\"isPartOf\":{\"@id\":\"https:\/\/klimavex.eu\/cz\/#website\"},\"primaryImageOfPage\":{\"@id\":\"https:\/\/klimavex.eu\/cz\/katalog\/vzduchova-clona-vortice-ad-2000-230v\/#primaryimage\"},\"image\":{\"@id\":\"https:\/\/klimavex.eu\/cz\/katalog\/vzduchova-clona-vortice-ad-2000-230v\/#primaryimage\"},\"thumbnailUrl\":\"https:\/\/klimavex.eu\/cz\/wp-content\/uploads\/2025\/09\/9c1f6uCSzdrDv5G3J0L1gtoPtbnwizIZ-au2C7H1xzI.png\",\"datePublished\":\"2026-03-31T16:55:24+00:00\",\"dateModified\":\"2026-03-31T16:56:17+00:00\",\"breadcrumb\":{\"@id\":\"https:\/\/klimavex.eu\/cz\/katalog\/vzduchova-clona-vortice-ad-2000-230v\/#breadcrumb\"},\"inLanguage\":\"cs\",\"potentialAction\":[{\"@type\":\"ReadAction\",\"target\":[\"https:\/\/klimavex.eu\/cz\/katalog\/vzduchova-clona-vortice-ad-2000-230v\/\"]}]},{\"@type\":\"ImageObject\",\"inLanguage\":\"cs\",\"@id\":\"https:\/\/klimavex.eu\/cz\/katalog\/vzduchova-clona-vortice-ad-2000-230v\/#primaryimage\",\"url\":\"https:\/\/klimavex.eu\/cz\/wp-content\/uploads\/2025\/09\/9c1f6uCSzdrDv5G3J0L1gtoPtbnwizIZ-au2C7H1xzI.png\",\"contentUrl\":\"https:\/\/klimavex.eu\/cz\/wp-content\/uploads\/2025\/09\/9c1f6uCSzdrDv5G3J0L1gtoPtbnwizIZ-au2C7H1xzI.png\",\"width\":572,\"height\":512},{\"@type\":\"BreadcrumbList\",\"@id\":\"https:\/\/klimavex.eu\/cz\/katalog\/vzduchova-clona-vortice-ad-2000-230v\/#breadcrumb\",\"itemListElement\":[{\"@type\":\"ListItem\",\"position\":1,\"name\":\"Domovsk\u00e1 str\u00e1nka\",\"item\":\"https:\/\/klimavex.eu\/cz\/\"},{\"@type\":\"ListItem\",\"position\":2,\"name\":\"Eshop\",\"item\":\"https:\/\/klimavex.eu\/cz\/eshop\/\"},{\"@type\":\"ListItem\",\"position\":3,\"name\":\"Vzduchov\u00e1 clona Vortice AD 2000 (230V)\"}]},{\"@type\":\"WebSite\",\"@id\":\"https:\/\/klimavex.eu\/cz\/#website\",\"url\":\"https:\/\/klimavex.eu\/cz\/\",\"name\":\"KLIMAVEX GROUP - \u010cesko\",\"description\":\"\",\"publisher\":{\"@id\":\"https:\/\/klimavex.eu\/cz\/#organization\"},\"alternateName\":\"KLIMAVEX CZ a.s.\",\"potentialAction\":[{\"@type\":\"SearchAction\",\"target\":{\"@type\":\"EntryPoint\",\"urlTemplate\":\"https:\/\/klimavex.eu\/cz\/?s={search_term_string}\"},\"query-input\":{\"@type\":\"PropertyValueSpecification\",\"valueRequired\":true,\"valueName\":\"search_term_string\"}}],\"inLanguage\":\"cs\"},{\"@type\":\"Organization\",\"@id\":\"https:\/\/klimavex.eu\/cz\/#organization\",\"name\":\"KLIMAVEX GROUP\",\"alternateName\":\"KLIMAVEX\",\"url\":\"https:\/\/klimavex.eu\/cz\/\",\"logo\":{\"@type\":\"ImageObject\",\"inLanguage\":\"cs\",\"@id\":\"https:\/\/klimavex.eu\/cz\/#\/schema\/logo\/image\/\",\"url\":\"https:\/\/klimavex.eu\/cz\/wp-content\/uploads\/2024\/04\/Klimavex-Group-logo.png\",\"contentUrl\":\"https:\/\/klimavex.eu\/cz\/wp-content\/uploads\/2024\/04\/Klimavex-Group-logo.png\",\"width\":1681,\"height\":472,\"caption\":\"KLIMAVEX GROUP\"},\"image\":{\"@id\":\"https:\/\/klimavex.eu\/cz\/#\/schema\/logo\/image\/\"},\"sameAs\":[\"https:\/\/www.facebook.com\/klimavex.cz\",\"https:\/\/www.instagram.com\/klimavex_cz\/\"]}]}<\/script>\n<!-- \/ Yoast SEO plugin. -->","yoast_head_json":{"title":"Vzduchov\u00e1 clona Vortice AD 2000 (230V) - KLIMAVEX GROUP - \u010cesko","robots":{"index":"index","follow":"follow","max-snippet":"max-snippet:-1","max-image-preview":"max-image-preview:large","max-video-preview":"max-video-preview:-1"},"canonical":"https:\/\/klimavex.eu\/cz\/katalog\/vzduchova-clona-vortice-ad-2000-230v\/","og_locale":"cs_CZ","og_type":"article","og_title":"Vzduchov\u00e1 clona Vortice AD 2000 (230V) - KLIMAVEX GROUP - \u010cesko","og_description":"Vzduchov&aacute; clona Vortice AD se stylov&yacute;m p\u0159edn&iacute;m panelem je vhodn&aacute; pro jak&yacute;koli interi&eacute;r. Vzduchov&eacute; clony vytv&aacute;\u0159ej&iacute; neviditeln&yacute; proud vzduchu &ndash; bari&eacute;ru, slou\u017e&iacute;c&iacute; k odd\u011blen&iacute; prost\u0159ed&iacute; s r\u016fznou teplotou, \u010d&iacute;m\u017e zabra\u0148uj&iacute; p\u0159enosu tepla mezi t\u011bmito dv\u011bma prost\u0159ed&iacute;mi. Pom&aacute;haj&iacute; tak eliminovat energetick&eacute; n&aacute;roky pro chlazen&iacute;\/vyt&aacute;p\u011bn&iacute; m&iacute;stnost&iacute; a z&aacute;rove\u0148 zabezpe\u010duj&iacute;, aby se do vnit\u0159n&iacute;ho prost\u0159ed&iacute; nedostaly r\u016fzn&eacute; z&aacute;pachy, kou\u0159, hmyz nebo jin&eacute;. S nastavitelnou klapkou pro nasm\u011brov&aacute;n&iacute; proud&iacute;c&iacute;ho vzduchu. D&eacute;lka clony 2000mm.","og_url":"https:\/\/klimavex.eu\/cz\/katalog\/vzduchova-clona-vortice-ad-2000-230v\/","og_site_name":"KLIMAVEX GROUP - \u010cesko","article_publisher":"https:\/\/www.facebook.com\/klimavex.cz","article_modified_time":"2026-03-31T16:56:17+00:00","og_image":[{"width":572,"height":512,"url":"https:\/\/klimavex.eu\/cz\/wp-content\/uploads\/2025\/09\/9c1f6uCSzdrDv5G3J0L1gtoPtbnwizIZ-au2C7H1xzI.png","type":"image\/png"}],"twitter_card":"summary_large_image","twitter_misc":{"Odhadovan\u00e1 doba \u010dten\u00ed":"1 minuta"},"schema":{"@context":"https:\/\/schema.org","@graph":[{"@type":"WebPage","@id":"https:\/\/klimavex.eu\/cz\/katalog\/vzduchova-clona-vortice-ad-2000-230v\/","url":"https:\/\/klimavex.eu\/cz\/katalog\/vzduchova-clona-vortice-ad-2000-230v\/","name":"Vzduchov\u00e1 clona Vortice AD 2000 (230V) - KLIMAVEX GROUP - \u010cesko","isPartOf":{"@id":"https:\/\/klimavex.eu\/cz\/#website"},"primaryImageOfPage":{"@id":"https:\/\/klimavex.eu\/cz\/katalog\/vzduchova-clona-vortice-ad-2000-230v\/#primaryimage"},"image":{"@id":"https:\/\/klimavex.eu\/cz\/katalog\/vzduchova-clona-vortice-ad-2000-230v\/#primaryimage"},"thumbnailUrl":"https:\/\/klimavex.eu\/cz\/wp-content\/uploads\/2025\/09\/9c1f6uCSzdrDv5G3J0L1gtoPtbnwizIZ-au2C7H1xzI.png","datePublished":"2026-03-31T16:55:24+00:00","dateModified":"2026-03-31T16:56:17+00:00","breadcrumb":{"@id":"https:\/\/klimavex.eu\/cz\/katalog\/vzduchova-clona-vortice-ad-2000-230v\/#breadcrumb"},"inLanguage":"cs","potentialAction":[{"@type":"ReadAction","target":["https:\/\/klimavex.eu\/cz\/katalog\/vzduchova-clona-vortice-ad-2000-230v\/"]}]},{"@type":"ImageObject","inLanguage":"cs","@id":"https:\/\/klimavex.eu\/cz\/katalog\/vzduchova-clona-vortice-ad-2000-230v\/#primaryimage","url":"https:\/\/klimavex.eu\/cz\/wp-content\/uploads\/2025\/09\/9c1f6uCSzdrDv5G3J0L1gtoPtbnwizIZ-au2C7H1xzI.png","contentUrl":"https:\/\/klimavex.eu\/cz\/wp-content\/uploads\/2025\/09\/9c1f6uCSzdrDv5G3J0L1gtoPtbnwizIZ-au2C7H1xzI.png","width":572,"height":512},{"@type":"BreadcrumbList","@id":"https:\/\/klimavex.eu\/cz\/katalog\/vzduchova-clona-vortice-ad-2000-230v\/#breadcrumb","itemListElement":[{"@type":"ListItem","position":1,"name":"Domovsk\u00e1 str\u00e1nka","item":"https:\/\/klimavex.eu\/cz\/"},{"@type":"ListItem","position":2,"name":"Eshop","item":"https:\/\/klimavex.eu\/cz\/eshop\/"},{"@type":"ListItem","position":3,"name":"Vzduchov\u00e1 clona Vortice AD 2000 (230V)"}]},{"@type":"WebSite","@id":"https:\/\/klimavex.eu\/cz\/#website","url":"https:\/\/klimavex.eu\/cz\/","name":"KLIMAVEX GROUP - \u010cesko","description":"","publisher":{"@id":"https:\/\/klimavex.eu\/cz\/#organization"},"alternateName":"KLIMAVEX CZ a.s.","potentialAction":[{"@type":"SearchAction","target":{"@type":"EntryPoint","urlTemplate":"https:\/\/klimavex.eu\/cz\/?s={search_term_string}"},"query-input":{"@type":"PropertyValueSpecification","valueRequired":true,"valueName":"search_term_string"}}],"inLanguage":"cs"},{"@type":"Organization","@id":"https:\/\/klimavex.eu\/cz\/#organization","name":"KLIMAVEX GROUP","alternateName":"KLIMAVEX","url":"https:\/\/klimavex.eu\/cz\/","logo":{"@type":"ImageObject","inLanguage":"cs","@id":"https:\/\/klimavex.eu\/cz\/#\/schema\/logo\/image\/","url":"https:\/\/klimavex.eu\/cz\/wp-content\/uploads\/2024\/04\/Klimavex-Group-logo.png","contentUrl":"https:\/\/klimavex.eu\/cz\/wp-content\/uploads\/2024\/04\/Klimavex-Group-logo.png","width":1681,"height":472,"caption":"KLIMAVEX GROUP"},"image":{"@id":"https:\/\/klimavex.eu\/cz\/#\/schema\/logo\/image\/"},"sameAs":["https:\/\/www.facebook.com\/klimavex.cz","https:\/\/www.instagram.com\/klimavex_cz\/"]}]}},"_links":{"self":[{"href":"https:\/\/klimavex.eu\/cz\/wp-json\/wp\/v2\/product\/544422","targetHints":{"allow":["GET"]}}],"collection":[{"href":"https:\/\/klimavex.eu\/cz\/wp-json\/wp\/v2\/product"}],"about":[{"href":"https:\/\/klimavex.eu\/cz\/wp-json\/wp\/v2\/types\/product"}],"version-history":[{"count":0,"href":"https:\/\/klimavex.eu\/cz\/wp-json\/wp\/v2\/product\/544422\/revisions"}],"wp:featuredmedia":[{"embeddable":true,"href":"https:\/\/klimavex.eu\/cz\/wp-json\/wp\/v2\/media\/552445"}],"wp:attachment":[{"href":"https:\/\/klimavex.eu\/cz\/wp-json\/wp\/v2\/media?parent=544422"}],"wp:term":[{"taxonomy":"product_cat","embeddable":true,"href":"https:\/\/klimavex.eu\/cz\/wp-json\/wp\/v2\/product_cat?post=544422"},{"taxonomy":"product_tag","embeddable":true,"href":"https:\/\/klimavex.eu\/cz\/wp-json\/wp\/v2\/product_tag?post=544422"}],"curies":[{"name":"wp","href":"https:\/\/api.w.org\/{rel}","templated":true}]}}