{"id":544458,"date":"2026-03-31T18:56:32","date_gmt":"2026-03-31T16:56:32","guid":{"rendered":"https:\/\/klimavex.eu\/cz\/katalog\/ventilator-vortice-vort-notus\/"},"modified":"2026-03-31T18:57:11","modified_gmt":"2026-03-31T16:57:11","slug":"ventilator-vortice-vort-notus","status":"publish","type":"product","link":"https:\/\/klimavex.eu\/cz\/katalog\/ventilator-vortice-vort-notus\/","title":{"rendered":"Ventil\u00e1tor Vortice Vort Notus"},"content":{"rendered":"<p style=\"text-align: justify;\"><strong>Kl&iacute;\u010dov&eacute; vlastnosti:<\/strong><\/p>\n<ul>\n<li style=\"text-align: justify;\">3 v&yacute;konov&eacute; stupn\u011b &ndash; minim&aacute;ln&iacute; ot&aacute;\u010dky lze zvolit s v&yacute;konem 11,7 m<sup>3<\/sup>\/h nebo 27,5m<sup>3<\/sup&gt;\/h; funkce &bdquo;turbo&ldquo; - 42 m<sup>3<\/sup>\/h (zv&yacute;&scaron;en&yacute; vzduchov&yacute; v&yacute;kon).<\/li>\n<li style=\"text-align: justify;\">Funkce &bdquo;turbo&ldquo; m\u016f\u017ee b&yacute;t aktivov&aacute;na i extern&iacute;m sp&iacute;na\u010dem. Po vypnut&iacute; funkce &bdquo;turbo&ldquo;, ventil&aacute;tor bude pracovat na max. ot&aacute;\u010dk&aacute;ch je&scaron;t\u011b b\u011bhem p\u0159ednastaven&eacute;ho \u010dasov&eacute;ho dob\u011bhu od cca 3 do 20 minut.<\/li>\n<li style=\"text-align: justify;\">Elektronicky \u0159&iacute;zen&yacute; bezkart&aacute;\u010dov&yacute; DC-EC motor s vysokou &uacute;\u010dinnost&iacute; vybaven&yacute; kuli\u010dkov&yacute;mi lo\u017eisky (kter&eacute; zaji&scaron;\u0165uj&iacute; dlouhou \u017eivotnost a bezporuchov&yacute; provoz ventil&aacute;toru po dobu 30 000 hodin).<\/li>\n<li style=\"text-align: justify;\">Elektronika za\u0159&iacute;zen&iacute; automaticky nastav&iacute; pot\u0159ebn&eacute; ot&aacute;\u010dky, aby zajistila nomin&aacute;ln&iacute; vzduchov&yacute; v&yacute;kon p\u0159i r\u016fzn&yacute;ch zp\u016fsobech instalace (r\u016fzn&yacute;ch tlakov&yacute;ch ztr&aacute;t&aacute;ch).<\/li>\n<li style=\"text-align: justify;\">Atraktivn&iacute; design se stylov&yacute;m p\u0159edn&iacute;m panelem z ABS plastu.<\/li>\n<li style=\"text-align: justify;\">Opl&aacute;&scaron;t\u011bn&iacute; motoru vyrobeno ze samozh&aacute;&scaron;iv&eacute;ho polypropylenu.<\/li>\n<li style=\"text-align: justify;\">V&scaron;echny modely maj&iacute; kryt&iacute; IPX4.<\/li>\n<li style=\"text-align: justify;\">Za\u0159&iacute;zen&iacute; nemus&iacute; b&yacute;t uzemn\u011bno, m&aacute; dvojitou izolaci.<\/li>\n<\/ul>\n","protected":false},"excerpt":{"rendered":"<p style=\"text-align: justify;\"><strong>Axi&aacute;ln&iacute; <\/strong>ods&aacute;vac&iacute; ventil&aacute;tor vybaven&yacute; DC-EC motorem, navr\u017een&yacute; pro <strong>nep\u0159etr\u017eit&yacute; provoz<\/strong>. Vhodn&yacute; pro men&scaron;&iacute; a st\u0159edn\u011b velk&eacute; m&iacute;stnosti (koupelny, toalety, sklepy apod.). S p\u0159&iacute;m&yacute;m v&yacute;fukem nebo <strong>napojen&iacute;m na potrub&iacute; &Oslash; 100mm<\/strong>. Mont&aacute;\u017e na ze\u010f, do stropu nebo potrub&iacute;.<\/p>\n","protected":false},"featured_media":552608,"template":"","meta":[],"product_cat":[7563,7562,7565],"product_tag":[],"class_list":{"0":"post-544458","1":"product","2":"type-product","3":"status-publish","4":"has-post-thumbnail","6":"product_cat-ventilatory-do-koupelny-axialni","7":"product_cat-ventilatory","8":"product_cat-vort-notus","9":"pa_dostupny-tlak-pa-236-627-866","10":"pa_hlucnost-lp-3m-22-275-285","11":"pa_kryti-ipx4","12":"pa_provedeni-axialni","13":"pa_prumer-napojeni-mm-11619","14":"pa_typ-vort-notus","15":"pa_vzduchovy-vykon-qv-m3-117-275-42","16":"pa_znacka-vortice","18":"first","19":"instock","20":"taxable","21":"shipping-taxable","22":"purchasable","23":"product-type-simple"},"yoast_head":"<!-- This site is optimized with the Yoast SEO plugin v23.9 - https:\/\/yoast.com\/wordpress\/plugins\/seo\/ -->\n<title>Ventil\u00e1tor Vortice Vort Notus - KLIMAVEX GROUP - \u010cesko<\/title>\n<meta name=\"robots\" content=\"index, follow, max-snippet:-1, max-image-preview:large, max-video-preview:-1\" \/>\n<link rel=\"canonical\" href=\"https:\/\/klimavex.eu\/cz\/katalog\/ventilator-vortice-vort-notus\/\" \/>\n<meta property=\"og:locale\" content=\"cs_CZ\" \/>\n<meta property=\"og:type\" content=\"article\" \/>\n<meta property=\"og:title\" content=\"Ventil\u00e1tor Vortice Vort Notus - KLIMAVEX GROUP - \u010cesko\" \/>\n<meta property=\"og:description\" content=\"Axi&aacute;ln&iacute; ods&aacute;vac&iacute; ventil&aacute;tor vybaven&yacute; DC-EC motorem, navr\u017een&yacute; pro nep\u0159etr\u017eit&yacute; provoz. Vhodn&yacute; pro men&scaron;&iacute; a st\u0159edn\u011b velk&eacute; m&iacute;stnosti (koupelny, toalety, sklepy apod.). S p\u0159&iacute;m&yacute;m v&yacute;fukem nebo napojen&iacute;m na potrub&iacute; &Oslash; 100mm. Mont&aacute;\u017e na ze\u010f, do stropu nebo potrub&iacute;.\" \/>\n<meta property=\"og:url\" content=\"https:\/\/klimavex.eu\/cz\/katalog\/ventilator-vortice-vort-notus\/\" \/>\n<meta property=\"og:site_name\" content=\"KLIMAVEX GROUP - \u010cesko\" \/>\n<meta property=\"article:publisher\" content=\"https:\/\/www.facebook.com\/klimavex.cz\" \/>\n<meta property=\"article:modified_time\" content=\"2026-03-31T16:57:11+00:00\" \/>\n<meta property=\"og:image\" content=\"https:\/\/klimavex.eu\/cz\/wp-content\/uploads\/2025\/09\/eecCLKRP66bEjWALVAvY49d5Tmr26BlmzRU7SU1BJ-Q-1.jpeg\" \/>\n\t<meta property=\"og:image:width\" content=\"565\" \/>\n\t<meta property=\"og:image:height\" content=\"512\" \/>\n\t<meta property=\"og:image:type\" content=\"image\/jpeg\" \/>\n<meta name=\"twitter:card\" content=\"summary_large_image\" \/>\n<script type=\"application\/ld+json\" class=\"yoast-schema-graph\">{\"@context\":\"https:\/\/schema.org\",\"@graph\":[{\"@type\":\"WebPage\",\"@id\":\"https:\/\/klimavex.eu\/cz\/katalog\/ventilator-vortice-vort-notus\/\",\"url\":\"https:\/\/klimavex.eu\/cz\/katalog\/ventilator-vortice-vort-notus\/\",\"name\":\"Ventil\u00e1tor Vortice Vort Notus - KLIMAVEX GROUP - \u010cesko\",\"isPartOf\":{\"@id\":\"https:\/\/klimavex.eu\/cz\/#website\"},\"primaryImageOfPage\":{\"@id\":\"https:\/\/klimavex.eu\/cz\/katalog\/ventilator-vortice-vort-notus\/#primaryimage\"},\"image\":{\"@id\":\"https:\/\/klimavex.eu\/cz\/katalog\/ventilator-vortice-vort-notus\/#primaryimage\"},\"thumbnailUrl\":\"https:\/\/klimavex.eu\/cz\/wp-content\/uploads\/2025\/09\/eecCLKRP66bEjWALVAvY49d5Tmr26BlmzRU7SU1BJ-Q-1.jpeg\",\"datePublished\":\"2026-03-31T16:56:32+00:00\",\"dateModified\":\"2026-03-31T16:57:11+00:00\",\"breadcrumb\":{\"@id\":\"https:\/\/klimavex.eu\/cz\/katalog\/ventilator-vortice-vort-notus\/#breadcrumb\"},\"inLanguage\":\"cs\",\"potentialAction\":[{\"@type\":\"ReadAction\",\"target\":[\"https:\/\/klimavex.eu\/cz\/katalog\/ventilator-vortice-vort-notus\/\"]}]},{\"@type\":\"ImageObject\",\"inLanguage\":\"cs\",\"@id\":\"https:\/\/klimavex.eu\/cz\/katalog\/ventilator-vortice-vort-notus\/#primaryimage\",\"url\":\"https:\/\/klimavex.eu\/cz\/wp-content\/uploads\/2025\/09\/eecCLKRP66bEjWALVAvY49d5Tmr26BlmzRU7SU1BJ-Q-1.jpeg\",\"contentUrl\":\"https:\/\/klimavex.eu\/cz\/wp-content\/uploads\/2025\/09\/eecCLKRP66bEjWALVAvY49d5Tmr26BlmzRU7SU1BJ-Q-1.jpeg\",\"width\":565,\"height\":512},{\"@type\":\"BreadcrumbList\",\"@id\":\"https:\/\/klimavex.eu\/cz\/katalog\/ventilator-vortice-vort-notus\/#breadcrumb\",\"itemListElement\":[{\"@type\":\"ListItem\",\"position\":1,\"name\":\"Domovsk\u00e1 str\u00e1nka\",\"item\":\"https:\/\/klimavex.eu\/cz\/\"},{\"@type\":\"ListItem\",\"position\":2,\"name\":\"Eshop\",\"item\":\"https:\/\/klimavex.eu\/cz\/eshop\/\"},{\"@type\":\"ListItem\",\"position\":3,\"name\":\"Ventil\u00e1tor Vortice Vort Notus\"}]},{\"@type\":\"WebSite\",\"@id\":\"https:\/\/klimavex.eu\/cz\/#website\",\"url\":\"https:\/\/klimavex.eu\/cz\/\",\"name\":\"KLIMAVEX GROUP - \u010cesko\",\"description\":\"\",\"publisher\":{\"@id\":\"https:\/\/klimavex.eu\/cz\/#organization\"},\"alternateName\":\"KLIMAVEX CZ a.s.\",\"potentialAction\":[{\"@type\":\"SearchAction\",\"target\":{\"@type\":\"EntryPoint\",\"urlTemplate\":\"https:\/\/klimavex.eu\/cz\/?s={search_term_string}\"},\"query-input\":{\"@type\":\"PropertyValueSpecification\",\"valueRequired\":true,\"valueName\":\"search_term_string\"}}],\"inLanguage\":\"cs\"},{\"@type\":\"Organization\",\"@id\":\"https:\/\/klimavex.eu\/cz\/#organization\",\"name\":\"KLIMAVEX GROUP\",\"alternateName\":\"KLIMAVEX\",\"url\":\"https:\/\/klimavex.eu\/cz\/\",\"logo\":{\"@type\":\"ImageObject\",\"inLanguage\":\"cs\",\"@id\":\"https:\/\/klimavex.eu\/cz\/#\/schema\/logo\/image\/\",\"url\":\"https:\/\/klimavex.eu\/cz\/wp-content\/uploads\/2024\/04\/Klimavex-Group-logo.png\",\"contentUrl\":\"https:\/\/klimavex.eu\/cz\/wp-content\/uploads\/2024\/04\/Klimavex-Group-logo.png\",\"width\":1681,\"height\":472,\"caption\":\"KLIMAVEX GROUP\"},\"image\":{\"@id\":\"https:\/\/klimavex.eu\/cz\/#\/schema\/logo\/image\/\"},\"sameAs\":[\"https:\/\/www.facebook.com\/klimavex.cz\",\"https:\/\/www.instagram.com\/klimavex_cz\/\"]}]}<\/script>\n<!-- \/ Yoast SEO plugin. -->","yoast_head_json":{"title":"Ventil\u00e1tor Vortice Vort Notus - KLIMAVEX GROUP - \u010cesko","robots":{"index":"index","follow":"follow","max-snippet":"max-snippet:-1","max-image-preview":"max-image-preview:large","max-video-preview":"max-video-preview:-1"},"canonical":"https:\/\/klimavex.eu\/cz\/katalog\/ventilator-vortice-vort-notus\/","og_locale":"cs_CZ","og_type":"article","og_title":"Ventil\u00e1tor Vortice Vort Notus - KLIMAVEX GROUP - \u010cesko","og_description":"Axi&aacute;ln&iacute; ods&aacute;vac&iacute; ventil&aacute;tor vybaven&yacute; DC-EC motorem, navr\u017een&yacute; pro nep\u0159etr\u017eit&yacute; provoz. Vhodn&yacute; pro men&scaron;&iacute; a st\u0159edn\u011b velk&eacute; m&iacute;stnosti (koupelny, toalety, sklepy apod.). S p\u0159&iacute;m&yacute;m v&yacute;fukem nebo napojen&iacute;m na potrub&iacute; &Oslash; 100mm. Mont&aacute;\u017e na ze\u010f, do stropu nebo potrub&iacute;.","og_url":"https:\/\/klimavex.eu\/cz\/katalog\/ventilator-vortice-vort-notus\/","og_site_name":"KLIMAVEX GROUP - \u010cesko","article_publisher":"https:\/\/www.facebook.com\/klimavex.cz","article_modified_time":"2026-03-31T16:57:11+00:00","og_image":[{"width":565,"height":512,"url":"https:\/\/klimavex.eu\/cz\/wp-content\/uploads\/2025\/09\/eecCLKRP66bEjWALVAvY49d5Tmr26BlmzRU7SU1BJ-Q-1.jpeg","type":"image\/jpeg"}],"twitter_card":"summary_large_image","schema":{"@context":"https:\/\/schema.org","@graph":[{"@type":"WebPage","@id":"https:\/\/klimavex.eu\/cz\/katalog\/ventilator-vortice-vort-notus\/","url":"https:\/\/klimavex.eu\/cz\/katalog\/ventilator-vortice-vort-notus\/","name":"Ventil\u00e1tor Vortice Vort Notus - KLIMAVEX GROUP - \u010cesko","isPartOf":{"@id":"https:\/\/klimavex.eu\/cz\/#website"},"primaryImageOfPage":{"@id":"https:\/\/klimavex.eu\/cz\/katalog\/ventilator-vortice-vort-notus\/#primaryimage"},"image":{"@id":"https:\/\/klimavex.eu\/cz\/katalog\/ventilator-vortice-vort-notus\/#primaryimage"},"thumbnailUrl":"https:\/\/klimavex.eu\/cz\/wp-content\/uploads\/2025\/09\/eecCLKRP66bEjWALVAvY49d5Tmr26BlmzRU7SU1BJ-Q-1.jpeg","datePublished":"2026-03-31T16:56:32+00:00","dateModified":"2026-03-31T16:57:11+00:00","breadcrumb":{"@id":"https:\/\/klimavex.eu\/cz\/katalog\/ventilator-vortice-vort-notus\/#breadcrumb"},"inLanguage":"cs","potentialAction":[{"@type":"ReadAction","target":["https:\/\/klimavex.eu\/cz\/katalog\/ventilator-vortice-vort-notus\/"]}]},{"@type":"ImageObject","inLanguage":"cs","@id":"https:\/\/klimavex.eu\/cz\/katalog\/ventilator-vortice-vort-notus\/#primaryimage","url":"https:\/\/klimavex.eu\/cz\/wp-content\/uploads\/2025\/09\/eecCLKRP66bEjWALVAvY49d5Tmr26BlmzRU7SU1BJ-Q-1.jpeg","contentUrl":"https:\/\/klimavex.eu\/cz\/wp-content\/uploads\/2025\/09\/eecCLKRP66bEjWALVAvY49d5Tmr26BlmzRU7SU1BJ-Q-1.jpeg","width":565,"height":512},{"@type":"BreadcrumbList","@id":"https:\/\/klimavex.eu\/cz\/katalog\/ventilator-vortice-vort-notus\/#breadcrumb","itemListElement":[{"@type":"ListItem","position":1,"name":"Domovsk\u00e1 str\u00e1nka","item":"https:\/\/klimavex.eu\/cz\/"},{"@type":"ListItem","position":2,"name":"Eshop","item":"https:\/\/klimavex.eu\/cz\/eshop\/"},{"@type":"ListItem","position":3,"name":"Ventil\u00e1tor Vortice Vort Notus"}]},{"@type":"WebSite","@id":"https:\/\/klimavex.eu\/cz\/#website","url":"https:\/\/klimavex.eu\/cz\/","name":"KLIMAVEX GROUP - \u010cesko","description":"","publisher":{"@id":"https:\/\/klimavex.eu\/cz\/#organization"},"alternateName":"KLIMAVEX CZ a.s.","potentialAction":[{"@type":"SearchAction","target":{"@type":"EntryPoint","urlTemplate":"https:\/\/klimavex.eu\/cz\/?s={search_term_string}"},"query-input":{"@type":"PropertyValueSpecification","valueRequired":true,"valueName":"search_term_string"}}],"inLanguage":"cs"},{"@type":"Organization","@id":"https:\/\/klimavex.eu\/cz\/#organization","name":"KLIMAVEX GROUP","alternateName":"KLIMAVEX","url":"https:\/\/klimavex.eu\/cz\/","logo":{"@type":"ImageObject","inLanguage":"cs","@id":"https:\/\/klimavex.eu\/cz\/#\/schema\/logo\/image\/","url":"https:\/\/klimavex.eu\/cz\/wp-content\/uploads\/2024\/04\/Klimavex-Group-logo.png","contentUrl":"https:\/\/klimavex.eu\/cz\/wp-content\/uploads\/2024\/04\/Klimavex-Group-logo.png","width":1681,"height":472,"caption":"KLIMAVEX GROUP"},"image":{"@id":"https:\/\/klimavex.eu\/cz\/#\/schema\/logo\/image\/"},"sameAs":["https:\/\/www.facebook.com\/klimavex.cz","https:\/\/www.instagram.com\/klimavex_cz\/"]}]}},"_links":{"self":[{"href":"https:\/\/klimavex.eu\/cz\/wp-json\/wp\/v2\/product\/544458","targetHints":{"allow":["GET"]}}],"collection":[{"href":"https:\/\/klimavex.eu\/cz\/wp-json\/wp\/v2\/product"}],"about":[{"href":"https:\/\/klimavex.eu\/cz\/wp-json\/wp\/v2\/types\/product"}],"version-history":[{"count":0,"href":"https:\/\/klimavex.eu\/cz\/wp-json\/wp\/v2\/product\/544458\/revisions"}],"wp:featuredmedia":[{"embeddable":true,"href":"https:\/\/klimavex.eu\/cz\/wp-json\/wp\/v2\/media\/552608"}],"wp:attachment":[{"href":"https:\/\/klimavex.eu\/cz\/wp-json\/wp\/v2\/media?parent=544458"}],"wp:term":[{"taxonomy":"product_cat","embeddable":true,"href":"https:\/\/klimavex.eu\/cz\/wp-json\/wp\/v2\/product_cat?post=544458"},{"taxonomy":"product_tag","embeddable":true,"href":"https:\/\/klimavex.eu\/cz\/wp-json\/wp\/v2\/product_tag?post=544458"}],"curies":[{"name":"wp","href":"https:\/\/api.w.org\/{rel}","templated":true}]}}