{"id":544483,"date":"2026-04-08T21:07:27","date_gmt":"2026-04-08T19:07:27","guid":{"rendered":"https:\/\/klimavex.eu\/cz\/katalog\/vetraci-rekuperacni-jednotka-vortice-vort-hri-200-phantom-bp\/"},"modified":"2026-04-08T21:07:55","modified_gmt":"2026-04-08T19:07:55","slug":"vetraci-rekuperacni-jednotka-vortice-vort-hri-200-phantom-bp","status":"publish","type":"product","link":"https:\/\/klimavex.eu\/cz\/katalog\/vetraci-rekuperacni-jednotka-vortice-vort-hri-200-phantom-bp\/","title":{"rendered":"V\u011btrac\u00ed rekupera\u010dn\u00ed jednotka Vortice VORT HRI 200 PHANTOM BP"},"content":{"rendered":"<p style=\"margin-left:0cm;text-align:justify;\"><span style=\"font-family:Calibri, sans-serif;font-size:11pt;\"><strong>Kl\u00ed\u010dov\u00e9 vlastnosti<\/strong><\/span><\/p>\n<ul>\n<li>\n<p style=\"text-align:justify;\"><span style=\"font-family:Calibri, sans-serif;font-size:11pt;\">Pl\u00e1\u0161\u0165 z pozinkovan\u00e9ho ocelov\u00e9ho plechu, uvnit\u0159 pota\u017een\u00fd materi\u00e1lem pohlcuj\u00edc\u00edm zvuk&nbsp;<\/span><\/p>\n<\/li>\n<li>\n<p style=\"text-align:justify;\"><span style=\"font-family:Calibri, sans-serif;font-size:11pt;\">EC motory s h\u0159\u00eddelemi ulo\u017een\u00fdmi na kuli\u010dkov\u00fdch lo\u017eisk\u00e1ch; 3 rychlosti nastaviteln\u00e9 b\u011bhem instalace<\/span><\/p>\n<\/li>\n<li>\n<p style=\"text-align:justify;\"><span style=\"font-family:Calibri, sans-serif;font-size:11pt;\">Vysoce \u00fa\u010dinn\u00e1 k\u0159\u00ed\u017eov\u00e1 rekupera\u010dn\u00ed jednotka z plastu (polyethylen)&nbsp;<\/span><\/p>\n<\/li>\n<li>\n<p style=\"text-align:justify;\"><span style=\"font-family:Calibri, sans-serif;font-size:11pt;\">\u00d8 125 mm<\/span><\/p>\n<\/li>\n<li>\n<p style=\"text-align:justify;\"><span style=\"font-family:Calibri, sans-serif;font-size:11pt;\">Automaticky aktivovan\u00fd 100% filtrovan\u00fd by-pass<\/span><\/p>\n<\/li>\n<li>\n<p style=\"text-align:justify;\"><span style=\"font-family:Calibri, sans-serif;font-size:11pt;\">Automaticky aktivovan\u00fd syst\u00e9m zabra\u0148uj\u00edc\u00ed tvorb\u011b ledu na v\u00fdm\u011bn\u00edku tepla<\/span><\/p>\n<\/li>\n<li>\n<p style=\"text-align:justify;\"><span style=\"font-family:Calibri, sans-serif;font-size:11pt;\">2 filtry t\u0159\u00eddy ePM10 50 % (F5) \u2013 filtr t\u0159\u00eddy ePM1 70% (F7) je k dispozici jako voliteln\u00e9 p\u0159\u00edslu\u0161enstv\u00ed pro pr\u016fto\u010dn\u00e9 potrub\u00ed<\/span><\/p>\n<\/li>\n<\/ul>\n","protected":false},"excerpt":{"rendered":"<p style=\"margin-left:0cm;text-align:justify;\"><span style=\"font-family:Calibri, sans-serif;font-size:11pt;\">Rekupera\u010dn\u00ed jednotka <strong>VORT HRI 200 PHANTOM BP&nbsp;<\/strong>s&nbsp;extr\u00e9mn\u011b <strong>vysokou \u00fa\u010dinnost\u00ed<\/strong>. Jednotka je vhodn\u00e1 pro <strong>podstropn\u00ed mont\u00e1\u017e<\/strong>. P\u0159ipojovac\u00ed otvory pro potrub\u00ed jsou o jmenovit\u00e9m <strong>pr\u016fm\u011bru 125 mm<\/strong>. Sou\u010d\u00e1st\u00ed dod\u00e1vky jsou v\u00e1zac\u00ed ty\u010de pro z\u00e1v\u011bsnou instalaci.<\/span><\/p>\n","protected":false},"featured_media":0,"template":"","meta":[],"product_cat":[10775,10769,10776],"product_tag":[],"class_list":{"0":"post-544483","1":"product","2":"type-product","3":"status-publish","5":"product_cat-ventilatory-archivovane-produkty","6":"product_cat-archivovane-produkty","7":"product_cat-archivovane-produkty-ventilatory","8":"pa_dostupny-tlak-pa-12958","9":"pa_hlucnost-lp-3m-12959","10":"pa_kryti-ipx2","11":"pa_label-archivovany","12":"pa_typ-rekuperace","13":"pa_vzduchovy-vykon-qv-m3-12957","14":"pa_znacka-vortice","16":"first","17":"outofstock","18":"taxable","19":"shipping-taxable","20":"purchasable","21":"product-type-simple"},"yoast_head":"<!-- This site is optimized with the Yoast SEO plugin v23.9 - https:\/\/yoast.com\/wordpress\/plugins\/seo\/ -->\n<title>V\u011btrac\u00ed rekupera\u010dn\u00ed jednotka Vortice VORT HRI 200 PHANTOM BP - KLIMAVEX GROUP - \u010cesko<\/title>\n<meta name=\"robots\" content=\"index, follow, max-snippet:-1, max-image-preview:large, max-video-preview:-1\" \/>\n<link rel=\"canonical\" href=\"https:\/\/klimavex.eu\/cz\/katalog\/vetraci-rekuperacni-jednotka-vortice-vort-hri-200-phantom-bp\/\" \/>\n<meta property=\"og:locale\" content=\"cs_CZ\" \/>\n<meta property=\"og:type\" content=\"article\" \/>\n<meta property=\"og:title\" content=\"V\u011btrac\u00ed rekupera\u010dn\u00ed jednotka Vortice VORT HRI 200 PHANTOM BP - KLIMAVEX GROUP - \u010cesko\" \/>\n<meta property=\"og:description\" content=\"Rekupera\u010dn\u00ed jednotka VORT HRI 200 PHANTOM BP&nbsp;s&nbsp;extr\u00e9mn\u011b vysokou \u00fa\u010dinnost\u00ed. Jednotka je vhodn\u00e1 pro podstropn\u00ed mont\u00e1\u017e. P\u0159ipojovac\u00ed otvory pro potrub\u00ed jsou o jmenovit\u00e9m pr\u016fm\u011bru 125 mm. Sou\u010d\u00e1st\u00ed dod\u00e1vky jsou v\u00e1zac\u00ed ty\u010de pro z\u00e1v\u011bsnou instalaci.\" \/>\n<meta property=\"og:url\" content=\"https:\/\/klimavex.eu\/cz\/katalog\/vetraci-rekuperacni-jednotka-vortice-vort-hri-200-phantom-bp\/\" \/>\n<meta property=\"og:site_name\" content=\"KLIMAVEX GROUP - \u010cesko\" \/>\n<meta property=\"article:publisher\" content=\"https:\/\/www.facebook.com\/klimavex.cz\" \/>\n<meta property=\"article:modified_time\" content=\"2026-04-08T19:07:55+00:00\" \/>\n<meta property=\"og:image\" content=\"https:\/\/klimavex.eu\/cz\/wp-content\/uploads\/2024\/02\/LOGO-KLIMAVEX-modra-kostka-1.png\" \/>\n\t<meta property=\"og:image:width\" content=\"9184\" \/>\n\t<meta property=\"og:image:height\" content=\"9184\" \/>\n\t<meta property=\"og:image:type\" content=\"image\/png\" \/>\n<meta name=\"twitter:card\" content=\"summary_large_image\" \/>\n<script type=\"application\/ld+json\" class=\"yoast-schema-graph\">{\"@context\":\"https:\/\/schema.org\",\"@graph\":[{\"@type\":\"WebPage\",\"@id\":\"https:\/\/klimavex.eu\/cz\/katalog\/vetraci-rekuperacni-jednotka-vortice-vort-hri-200-phantom-bp\/\",\"url\":\"https:\/\/klimavex.eu\/cz\/katalog\/vetraci-rekuperacni-jednotka-vortice-vort-hri-200-phantom-bp\/\",\"name\":\"V\u011btrac\u00ed rekupera\u010dn\u00ed jednotka Vortice VORT HRI 200 PHANTOM BP - KLIMAVEX GROUP - \u010cesko\",\"isPartOf\":{\"@id\":\"https:\/\/klimavex.eu\/cz\/#website\"},\"datePublished\":\"2026-04-08T19:07:27+00:00\",\"dateModified\":\"2026-04-08T19:07:55+00:00\",\"breadcrumb\":{\"@id\":\"https:\/\/klimavex.eu\/cz\/katalog\/vetraci-rekuperacni-jednotka-vortice-vort-hri-200-phantom-bp\/#breadcrumb\"},\"inLanguage\":\"cs\",\"potentialAction\":[{\"@type\":\"ReadAction\",\"target\":[\"https:\/\/klimavex.eu\/cz\/katalog\/vetraci-rekuperacni-jednotka-vortice-vort-hri-200-phantom-bp\/\"]}]},{\"@type\":\"BreadcrumbList\",\"@id\":\"https:\/\/klimavex.eu\/cz\/katalog\/vetraci-rekuperacni-jednotka-vortice-vort-hri-200-phantom-bp\/#breadcrumb\",\"itemListElement\":[{\"@type\":\"ListItem\",\"position\":1,\"name\":\"Domovsk\u00e1 str\u00e1nka\",\"item\":\"https:\/\/klimavex.eu\/cz\/\"},{\"@type\":\"ListItem\",\"position\":2,\"name\":\"Eshop\",\"item\":\"https:\/\/klimavex.eu\/cz\/eshop\/\"},{\"@type\":\"ListItem\",\"position\":3,\"name\":\"V\u011btrac\u00ed rekupera\u010dn\u00ed jednotka Vortice VORT HRI 200 PHANTOM BP\"}]},{\"@type\":\"WebSite\",\"@id\":\"https:\/\/klimavex.eu\/cz\/#website\",\"url\":\"https:\/\/klimavex.eu\/cz\/\",\"name\":\"KLIMAVEX GROUP - \u010cesko\",\"description\":\"\",\"publisher\":{\"@id\":\"https:\/\/klimavex.eu\/cz\/#organization\"},\"alternateName\":\"KLIMAVEX CZ a.s.\",\"potentialAction\":[{\"@type\":\"SearchAction\",\"target\":{\"@type\":\"EntryPoint\",\"urlTemplate\":\"https:\/\/klimavex.eu\/cz\/?s={search_term_string}\"},\"query-input\":{\"@type\":\"PropertyValueSpecification\",\"valueRequired\":true,\"valueName\":\"search_term_string\"}}],\"inLanguage\":\"cs\"},{\"@type\":\"Organization\",\"@id\":\"https:\/\/klimavex.eu\/cz\/#organization\",\"name\":\"KLIMAVEX GROUP\",\"alternateName\":\"KLIMAVEX\",\"url\":\"https:\/\/klimavex.eu\/cz\/\",\"logo\":{\"@type\":\"ImageObject\",\"inLanguage\":\"cs\",\"@id\":\"https:\/\/klimavex.eu\/cz\/#\/schema\/logo\/image\/\",\"url\":\"https:\/\/klimavex.eu\/cz\/wp-content\/uploads\/2024\/04\/Klimavex-Group-logo.png\",\"contentUrl\":\"https:\/\/klimavex.eu\/cz\/wp-content\/uploads\/2024\/04\/Klimavex-Group-logo.png\",\"width\":1681,\"height\":472,\"caption\":\"KLIMAVEX GROUP\"},\"image\":{\"@id\":\"https:\/\/klimavex.eu\/cz\/#\/schema\/logo\/image\/\"},\"sameAs\":[\"https:\/\/www.facebook.com\/klimavex.cz\",\"https:\/\/www.instagram.com\/klimavex_cz\/\"]}]}<\/script>\n<!-- \/ Yoast SEO plugin. -->","yoast_head_json":{"title":"V\u011btrac\u00ed rekupera\u010dn\u00ed jednotka Vortice VORT HRI 200 PHANTOM BP - KLIMAVEX GROUP - \u010cesko","robots":{"index":"index","follow":"follow","max-snippet":"max-snippet:-1","max-image-preview":"max-image-preview:large","max-video-preview":"max-video-preview:-1"},"canonical":"https:\/\/klimavex.eu\/cz\/katalog\/vetraci-rekuperacni-jednotka-vortice-vort-hri-200-phantom-bp\/","og_locale":"cs_CZ","og_type":"article","og_title":"V\u011btrac\u00ed rekupera\u010dn\u00ed jednotka Vortice VORT HRI 200 PHANTOM BP - KLIMAVEX GROUP - \u010cesko","og_description":"Rekupera\u010dn\u00ed jednotka VORT HRI 200 PHANTOM BP&nbsp;s&nbsp;extr\u00e9mn\u011b vysokou \u00fa\u010dinnost\u00ed. Jednotka je vhodn\u00e1 pro podstropn\u00ed mont\u00e1\u017e. P\u0159ipojovac\u00ed otvory pro potrub\u00ed jsou o jmenovit\u00e9m pr\u016fm\u011bru 125 mm. Sou\u010d\u00e1st\u00ed dod\u00e1vky jsou v\u00e1zac\u00ed ty\u010de pro z\u00e1v\u011bsnou instalaci.","og_url":"https:\/\/klimavex.eu\/cz\/katalog\/vetraci-rekuperacni-jednotka-vortice-vort-hri-200-phantom-bp\/","og_site_name":"KLIMAVEX GROUP - \u010cesko","article_publisher":"https:\/\/www.facebook.com\/klimavex.cz","article_modified_time":"2026-04-08T19:07:55+00:00","og_image":[{"width":9184,"height":9184,"url":"https:\/\/klimavex.eu\/cz\/wp-content\/uploads\/2024\/02\/LOGO-KLIMAVEX-modra-kostka-1.png","type":"image\/png"}],"twitter_card":"summary_large_image","schema":{"@context":"https:\/\/schema.org","@graph":[{"@type":"WebPage","@id":"https:\/\/klimavex.eu\/cz\/katalog\/vetraci-rekuperacni-jednotka-vortice-vort-hri-200-phantom-bp\/","url":"https:\/\/klimavex.eu\/cz\/katalog\/vetraci-rekuperacni-jednotka-vortice-vort-hri-200-phantom-bp\/","name":"V\u011btrac\u00ed rekupera\u010dn\u00ed jednotka Vortice VORT HRI 200 PHANTOM BP - KLIMAVEX GROUP - \u010cesko","isPartOf":{"@id":"https:\/\/klimavex.eu\/cz\/#website"},"datePublished":"2026-04-08T19:07:27+00:00","dateModified":"2026-04-08T19:07:55+00:00","breadcrumb":{"@id":"https:\/\/klimavex.eu\/cz\/katalog\/vetraci-rekuperacni-jednotka-vortice-vort-hri-200-phantom-bp\/#breadcrumb"},"inLanguage":"cs","potentialAction":[{"@type":"ReadAction","target":["https:\/\/klimavex.eu\/cz\/katalog\/vetraci-rekuperacni-jednotka-vortice-vort-hri-200-phantom-bp\/"]}]},{"@type":"BreadcrumbList","@id":"https:\/\/klimavex.eu\/cz\/katalog\/vetraci-rekuperacni-jednotka-vortice-vort-hri-200-phantom-bp\/#breadcrumb","itemListElement":[{"@type":"ListItem","position":1,"name":"Domovsk\u00e1 str\u00e1nka","item":"https:\/\/klimavex.eu\/cz\/"},{"@type":"ListItem","position":2,"name":"Eshop","item":"https:\/\/klimavex.eu\/cz\/eshop\/"},{"@type":"ListItem","position":3,"name":"V\u011btrac\u00ed rekupera\u010dn\u00ed jednotka Vortice VORT HRI 200 PHANTOM BP"}]},{"@type":"WebSite","@id":"https:\/\/klimavex.eu\/cz\/#website","url":"https:\/\/klimavex.eu\/cz\/","name":"KLIMAVEX GROUP - \u010cesko","description":"","publisher":{"@id":"https:\/\/klimavex.eu\/cz\/#organization"},"alternateName":"KLIMAVEX CZ a.s.","potentialAction":[{"@type":"SearchAction","target":{"@type":"EntryPoint","urlTemplate":"https:\/\/klimavex.eu\/cz\/?s={search_term_string}"},"query-input":{"@type":"PropertyValueSpecification","valueRequired":true,"valueName":"search_term_string"}}],"inLanguage":"cs"},{"@type":"Organization","@id":"https:\/\/klimavex.eu\/cz\/#organization","name":"KLIMAVEX GROUP","alternateName":"KLIMAVEX","url":"https:\/\/klimavex.eu\/cz\/","logo":{"@type":"ImageObject","inLanguage":"cs","@id":"https:\/\/klimavex.eu\/cz\/#\/schema\/logo\/image\/","url":"https:\/\/klimavex.eu\/cz\/wp-content\/uploads\/2024\/04\/Klimavex-Group-logo.png","contentUrl":"https:\/\/klimavex.eu\/cz\/wp-content\/uploads\/2024\/04\/Klimavex-Group-logo.png","width":1681,"height":472,"caption":"KLIMAVEX GROUP"},"image":{"@id":"https:\/\/klimavex.eu\/cz\/#\/schema\/logo\/image\/"},"sameAs":["https:\/\/www.facebook.com\/klimavex.cz","https:\/\/www.instagram.com\/klimavex_cz\/"]}]}},"_links":{"self":[{"href":"https:\/\/klimavex.eu\/cz\/wp-json\/wp\/v2\/product\/544483","targetHints":{"allow":["GET"]}}],"collection":[{"href":"https:\/\/klimavex.eu\/cz\/wp-json\/wp\/v2\/product"}],"about":[{"href":"https:\/\/klimavex.eu\/cz\/wp-json\/wp\/v2\/types\/product"}],"version-history":[{"count":0,"href":"https:\/\/klimavex.eu\/cz\/wp-json\/wp\/v2\/product\/544483\/revisions"}],"wp:attachment":[{"href":"https:\/\/klimavex.eu\/cz\/wp-json\/wp\/v2\/media?parent=544483"}],"wp:term":[{"taxonomy":"product_cat","embeddable":true,"href":"https:\/\/klimavex.eu\/cz\/wp-json\/wp\/v2\/product_cat?post=544483"},{"taxonomy":"product_tag","embeddable":true,"href":"https:\/\/klimavex.eu\/cz\/wp-json\/wp\/v2\/product_tag?post=544483"}],"curies":[{"name":"wp","href":"https:\/\/api.w.org\/{rel}","templated":true}]}}