{"id":544499,"date":"2026-03-31T18:57:49","date_gmt":"2026-03-31T16:57:49","guid":{"rendered":"https:\/\/klimavex.eu\/cz\/katalog\/vortice-sc-503-b-5stupnova-regulace-zapustena-montaz-bila-barva\/"},"modified":"2026-03-31T18:58:11","modified_gmt":"2026-03-31T16:58:11","slug":"vortice-sc-503-b-5stupnova-regulace-zapustena-montaz-bila-barva","status":"publish","type":"product","link":"https:\/\/klimavex.eu\/cz\/katalog\/vortice-sc-503-b-5stupnova-regulace-zapustena-montaz-bila-barva\/","title":{"rendered":"Vortice SC 503 B (5stup\u0148ov\u00e1 regulace, zapu\u0161t\u011bn\u00e1 mont\u00e1\u017e, b\u00edl\u00e1 barva)"},"content":{"rendered":"","protected":false},"excerpt":{"rendered":"<p style=\"margin-left:0cm;text-align:justify;\"><span style=\"font-family:Calibri, sans-serif;font-size:11pt;\">SC 503 B (5stup\u0148ov\u00e1 regulace, zapu\u0161t\u011bn\u00e1 mont\u00e1\u017e, b\u00edl\u00e1 barva). Nov\u00e9 regul\u00e1tory ot\u00e1\u010dek na ze\u010f pro celou \u0159adu stropn\u00edch ventil\u00e1tor\u016f Vortice. D\u00edky jednoduch\u00e9mu inovativn\u00edmu designu tyto jednotky spl\u0148uj\u00ed estetick\u00e9 po\u017eadavky, kter\u00e9 se od nich o\u010dek\u00e1vaj\u00ed p\u0159i pou\u017eit\u00ed v dom\u00e1cnostech i v komer\u010dn\u00edch prostor\u00e1ch.<\/span><\/p>\n<p style=\"margin-left:0cm;text-align:justify;\"><span style=\"font-family:Calibri, sans-serif;font-size:11pt;\"><strong>Dostupnost<\/strong>: Obvykl\u00e9 dod\u00e1n\u00ed 2-3 t\u00fddny.<\/span><\/p>\n","protected":false},"featured_media":552771,"template":"","meta":[],"product_cat":[7605],"product_tag":[],"class_list":{"0":"post-544499","1":"product","2":"type-product","3":"status-publish","4":"has-post-thumbnail","6":"product_cat-prislusenstvi-ventilatory","7":"pa_kryti-ip20","8":"pa_typ-prislusenstvi","9":"pa_znacka-vortice","11":"first","12":"instock","13":"taxable","14":"shipping-taxable","15":"purchasable","16":"product-type-simple"},"yoast_head":"<!-- This site is optimized with the Yoast SEO plugin v23.9 - https:\/\/yoast.com\/wordpress\/plugins\/seo\/ -->\n<title>Vortice SC 503 B (5stup\u0148ov\u00e1 regulace, zapu\u0161t\u011bn\u00e1 mont\u00e1\u017e, b\u00edl\u00e1 barva) - KLIMAVEX GROUP - \u010cesko<\/title>\n<meta name=\"robots\" content=\"index, follow, max-snippet:-1, max-image-preview:large, max-video-preview:-1\" \/>\n<link rel=\"canonical\" href=\"https:\/\/klimavex.eu\/cz\/katalog\/vortice-sc-503-b-5stupnova-regulace-zapustena-montaz-bila-barva\/\" \/>\n<meta property=\"og:locale\" content=\"cs_CZ\" \/>\n<meta property=\"og:type\" content=\"article\" \/>\n<meta property=\"og:title\" content=\"Vortice SC 503 B (5stup\u0148ov\u00e1 regulace, zapu\u0161t\u011bn\u00e1 mont\u00e1\u017e, b\u00edl\u00e1 barva) - KLIMAVEX GROUP - \u010cesko\" \/>\n<meta property=\"og:description\" content=\"SC 503 B (5stup\u0148ov\u00e1 regulace, zapu\u0161t\u011bn\u00e1 mont\u00e1\u017e, b\u00edl\u00e1 barva). Nov\u00e9 regul\u00e1tory ot\u00e1\u010dek na ze\u010f pro celou \u0159adu stropn\u00edch ventil\u00e1tor\u016f Vortice. D\u00edky jednoduch\u00e9mu inovativn\u00edmu designu tyto jednotky spl\u0148uj\u00ed estetick\u00e9 po\u017eadavky, kter\u00e9 se od nich o\u010dek\u00e1vaj\u00ed p\u0159i pou\u017eit\u00ed v dom\u00e1cnostech i v komer\u010dn\u00edch prostor\u00e1ch. Dostupnost: Obvykl\u00e9 dod\u00e1n\u00ed 2-3 t\u00fddny.\" \/>\n<meta property=\"og:url\" content=\"https:\/\/klimavex.eu\/cz\/katalog\/vortice-sc-503-b-5stupnova-regulace-zapustena-montaz-bila-barva\/\" \/>\n<meta property=\"og:site_name\" content=\"KLIMAVEX GROUP - \u010cesko\" \/>\n<meta property=\"article:publisher\" content=\"https:\/\/www.facebook.com\/klimavex.cz\" \/>\n<meta property=\"article:modified_time\" content=\"2026-03-31T16:58:11+00:00\" \/>\n<meta property=\"og:image\" content=\"https:\/\/klimavex.eu\/cz\/wp-content\/uploads\/2025\/09\/7yIm3f_Bujoq6D0LEgn_HT5bQqa-XX-GVyWaVi-7ktE.jpeg\" \/>\n\t<meta property=\"og:image:width\" content=\"572\" \/>\n\t<meta property=\"og:image:height\" content=\"512\" \/>\n\t<meta property=\"og:image:type\" content=\"image\/jpeg\" \/>\n<meta name=\"twitter:card\" content=\"summary_large_image\" \/>\n<script type=\"application\/ld+json\" class=\"yoast-schema-graph\">{\"@context\":\"https:\/\/schema.org\",\"@graph\":[{\"@type\":\"WebPage\",\"@id\":\"https:\/\/klimavex.eu\/cz\/katalog\/vortice-sc-503-b-5stupnova-regulace-zapustena-montaz-bila-barva\/\",\"url\":\"https:\/\/klimavex.eu\/cz\/katalog\/vortice-sc-503-b-5stupnova-regulace-zapustena-montaz-bila-barva\/\",\"name\":\"Vortice SC 503 B (5stup\u0148ov\u00e1 regulace, zapu\u0161t\u011bn\u00e1 mont\u00e1\u017e, b\u00edl\u00e1 barva) - KLIMAVEX GROUP - \u010cesko\",\"isPartOf\":{\"@id\":\"https:\/\/klimavex.eu\/cz\/#website\"},\"primaryImageOfPage\":{\"@id\":\"https:\/\/klimavex.eu\/cz\/katalog\/vortice-sc-503-b-5stupnova-regulace-zapustena-montaz-bila-barva\/#primaryimage\"},\"image\":{\"@id\":\"https:\/\/klimavex.eu\/cz\/katalog\/vortice-sc-503-b-5stupnova-regulace-zapustena-montaz-bila-barva\/#primaryimage\"},\"thumbnailUrl\":\"https:\/\/klimavex.eu\/cz\/wp-content\/uploads\/2025\/09\/7yIm3f_Bujoq6D0LEgn_HT5bQqa-XX-GVyWaVi-7ktE.jpeg\",\"datePublished\":\"2026-03-31T16:57:49+00:00\",\"dateModified\":\"2026-03-31T16:58:11+00:00\",\"breadcrumb\":{\"@id\":\"https:\/\/klimavex.eu\/cz\/katalog\/vortice-sc-503-b-5stupnova-regulace-zapustena-montaz-bila-barva\/#breadcrumb\"},\"inLanguage\":\"cs\",\"potentialAction\":[{\"@type\":\"ReadAction\",\"target\":[\"https:\/\/klimavex.eu\/cz\/katalog\/vortice-sc-503-b-5stupnova-regulace-zapustena-montaz-bila-barva\/\"]}]},{\"@type\":\"ImageObject\",\"inLanguage\":\"cs\",\"@id\":\"https:\/\/klimavex.eu\/cz\/katalog\/vortice-sc-503-b-5stupnova-regulace-zapustena-montaz-bila-barva\/#primaryimage\",\"url\":\"https:\/\/klimavex.eu\/cz\/wp-content\/uploads\/2025\/09\/7yIm3f_Bujoq6D0LEgn_HT5bQqa-XX-GVyWaVi-7ktE.jpeg\",\"contentUrl\":\"https:\/\/klimavex.eu\/cz\/wp-content\/uploads\/2025\/09\/7yIm3f_Bujoq6D0LEgn_HT5bQqa-XX-GVyWaVi-7ktE.jpeg\",\"width\":572,\"height\":512},{\"@type\":\"BreadcrumbList\",\"@id\":\"https:\/\/klimavex.eu\/cz\/katalog\/vortice-sc-503-b-5stupnova-regulace-zapustena-montaz-bila-barva\/#breadcrumb\",\"itemListElement\":[{\"@type\":\"ListItem\",\"position\":1,\"name\":\"Domovsk\u00e1 str\u00e1nka\",\"item\":\"https:\/\/klimavex.eu\/cz\/\"},{\"@type\":\"ListItem\",\"position\":2,\"name\":\"Eshop\",\"item\":\"https:\/\/klimavex.eu\/cz\/eshop\/\"},{\"@type\":\"ListItem\",\"position\":3,\"name\":\"Vortice SC 503 B (5stup\u0148ov\u00e1 regulace, zapu\u0161t\u011bn\u00e1 mont\u00e1\u017e, b\u00edl\u00e1 barva)\"}]},{\"@type\":\"WebSite\",\"@id\":\"https:\/\/klimavex.eu\/cz\/#website\",\"url\":\"https:\/\/klimavex.eu\/cz\/\",\"name\":\"KLIMAVEX GROUP - \u010cesko\",\"description\":\"\",\"publisher\":{\"@id\":\"https:\/\/klimavex.eu\/cz\/#organization\"},\"alternateName\":\"KLIMAVEX CZ a.s.\",\"potentialAction\":[{\"@type\":\"SearchAction\",\"target\":{\"@type\":\"EntryPoint\",\"urlTemplate\":\"https:\/\/klimavex.eu\/cz\/?s={search_term_string}\"},\"query-input\":{\"@type\":\"PropertyValueSpecification\",\"valueRequired\":true,\"valueName\":\"search_term_string\"}}],\"inLanguage\":\"cs\"},{\"@type\":\"Organization\",\"@id\":\"https:\/\/klimavex.eu\/cz\/#organization\",\"name\":\"KLIMAVEX GROUP\",\"alternateName\":\"KLIMAVEX\",\"url\":\"https:\/\/klimavex.eu\/cz\/\",\"logo\":{\"@type\":\"ImageObject\",\"inLanguage\":\"cs\",\"@id\":\"https:\/\/klimavex.eu\/cz\/#\/schema\/logo\/image\/\",\"url\":\"https:\/\/klimavex.eu\/cz\/wp-content\/uploads\/2024\/04\/Klimavex-Group-logo.png\",\"contentUrl\":\"https:\/\/klimavex.eu\/cz\/wp-content\/uploads\/2024\/04\/Klimavex-Group-logo.png\",\"width\":1681,\"height\":472,\"caption\":\"KLIMAVEX GROUP\"},\"image\":{\"@id\":\"https:\/\/klimavex.eu\/cz\/#\/schema\/logo\/image\/\"},\"sameAs\":[\"https:\/\/www.facebook.com\/klimavex.cz\",\"https:\/\/www.instagram.com\/klimavex_cz\/\"]}]}<\/script>\n<!-- \/ Yoast SEO plugin. -->","yoast_head_json":{"title":"Vortice SC 503 B (5stup\u0148ov\u00e1 regulace, zapu\u0161t\u011bn\u00e1 mont\u00e1\u017e, b\u00edl\u00e1 barva) - KLIMAVEX GROUP - \u010cesko","robots":{"index":"index","follow":"follow","max-snippet":"max-snippet:-1","max-image-preview":"max-image-preview:large","max-video-preview":"max-video-preview:-1"},"canonical":"https:\/\/klimavex.eu\/cz\/katalog\/vortice-sc-503-b-5stupnova-regulace-zapustena-montaz-bila-barva\/","og_locale":"cs_CZ","og_type":"article","og_title":"Vortice SC 503 B (5stup\u0148ov\u00e1 regulace, zapu\u0161t\u011bn\u00e1 mont\u00e1\u017e, b\u00edl\u00e1 barva) - KLIMAVEX GROUP - \u010cesko","og_description":"SC 503 B (5stup\u0148ov\u00e1 regulace, zapu\u0161t\u011bn\u00e1 mont\u00e1\u017e, b\u00edl\u00e1 barva). Nov\u00e9 regul\u00e1tory ot\u00e1\u010dek na ze\u010f pro celou \u0159adu stropn\u00edch ventil\u00e1tor\u016f Vortice. D\u00edky jednoduch\u00e9mu inovativn\u00edmu designu tyto jednotky spl\u0148uj\u00ed estetick\u00e9 po\u017eadavky, kter\u00e9 se od nich o\u010dek\u00e1vaj\u00ed p\u0159i pou\u017eit\u00ed v dom\u00e1cnostech i v komer\u010dn\u00edch prostor\u00e1ch. Dostupnost: Obvykl\u00e9 dod\u00e1n\u00ed 2-3 t\u00fddny.","og_url":"https:\/\/klimavex.eu\/cz\/katalog\/vortice-sc-503-b-5stupnova-regulace-zapustena-montaz-bila-barva\/","og_site_name":"KLIMAVEX GROUP - \u010cesko","article_publisher":"https:\/\/www.facebook.com\/klimavex.cz","article_modified_time":"2026-03-31T16:58:11+00:00","og_image":[{"width":572,"height":512,"url":"https:\/\/klimavex.eu\/cz\/wp-content\/uploads\/2025\/09\/7yIm3f_Bujoq6D0LEgn_HT5bQqa-XX-GVyWaVi-7ktE.jpeg","type":"image\/jpeg"}],"twitter_card":"summary_large_image","schema":{"@context":"https:\/\/schema.org","@graph":[{"@type":"WebPage","@id":"https:\/\/klimavex.eu\/cz\/katalog\/vortice-sc-503-b-5stupnova-regulace-zapustena-montaz-bila-barva\/","url":"https:\/\/klimavex.eu\/cz\/katalog\/vortice-sc-503-b-5stupnova-regulace-zapustena-montaz-bila-barva\/","name":"Vortice SC 503 B (5stup\u0148ov\u00e1 regulace, zapu\u0161t\u011bn\u00e1 mont\u00e1\u017e, b\u00edl\u00e1 barva) - KLIMAVEX GROUP - \u010cesko","isPartOf":{"@id":"https:\/\/klimavex.eu\/cz\/#website"},"primaryImageOfPage":{"@id":"https:\/\/klimavex.eu\/cz\/katalog\/vortice-sc-503-b-5stupnova-regulace-zapustena-montaz-bila-barva\/#primaryimage"},"image":{"@id":"https:\/\/klimavex.eu\/cz\/katalog\/vortice-sc-503-b-5stupnova-regulace-zapustena-montaz-bila-barva\/#primaryimage"},"thumbnailUrl":"https:\/\/klimavex.eu\/cz\/wp-content\/uploads\/2025\/09\/7yIm3f_Bujoq6D0LEgn_HT5bQqa-XX-GVyWaVi-7ktE.jpeg","datePublished":"2026-03-31T16:57:49+00:00","dateModified":"2026-03-31T16:58:11+00:00","breadcrumb":{"@id":"https:\/\/klimavex.eu\/cz\/katalog\/vortice-sc-503-b-5stupnova-regulace-zapustena-montaz-bila-barva\/#breadcrumb"},"inLanguage":"cs","potentialAction":[{"@type":"ReadAction","target":["https:\/\/klimavex.eu\/cz\/katalog\/vortice-sc-503-b-5stupnova-regulace-zapustena-montaz-bila-barva\/"]}]},{"@type":"ImageObject","inLanguage":"cs","@id":"https:\/\/klimavex.eu\/cz\/katalog\/vortice-sc-503-b-5stupnova-regulace-zapustena-montaz-bila-barva\/#primaryimage","url":"https:\/\/klimavex.eu\/cz\/wp-content\/uploads\/2025\/09\/7yIm3f_Bujoq6D0LEgn_HT5bQqa-XX-GVyWaVi-7ktE.jpeg","contentUrl":"https:\/\/klimavex.eu\/cz\/wp-content\/uploads\/2025\/09\/7yIm3f_Bujoq6D0LEgn_HT5bQqa-XX-GVyWaVi-7ktE.jpeg","width":572,"height":512},{"@type":"BreadcrumbList","@id":"https:\/\/klimavex.eu\/cz\/katalog\/vortice-sc-503-b-5stupnova-regulace-zapustena-montaz-bila-barva\/#breadcrumb","itemListElement":[{"@type":"ListItem","position":1,"name":"Domovsk\u00e1 str\u00e1nka","item":"https:\/\/klimavex.eu\/cz\/"},{"@type":"ListItem","position":2,"name":"Eshop","item":"https:\/\/klimavex.eu\/cz\/eshop\/"},{"@type":"ListItem","position":3,"name":"Vortice SC 503 B (5stup\u0148ov\u00e1 regulace, zapu\u0161t\u011bn\u00e1 mont\u00e1\u017e, b\u00edl\u00e1 barva)"}]},{"@type":"WebSite","@id":"https:\/\/klimavex.eu\/cz\/#website","url":"https:\/\/klimavex.eu\/cz\/","name":"KLIMAVEX GROUP - \u010cesko","description":"","publisher":{"@id":"https:\/\/klimavex.eu\/cz\/#organization"},"alternateName":"KLIMAVEX CZ a.s.","potentialAction":[{"@type":"SearchAction","target":{"@type":"EntryPoint","urlTemplate":"https:\/\/klimavex.eu\/cz\/?s={search_term_string}"},"query-input":{"@type":"PropertyValueSpecification","valueRequired":true,"valueName":"search_term_string"}}],"inLanguage":"cs"},{"@type":"Organization","@id":"https:\/\/klimavex.eu\/cz\/#organization","name":"KLIMAVEX GROUP","alternateName":"KLIMAVEX","url":"https:\/\/klimavex.eu\/cz\/","logo":{"@type":"ImageObject","inLanguage":"cs","@id":"https:\/\/klimavex.eu\/cz\/#\/schema\/logo\/image\/","url":"https:\/\/klimavex.eu\/cz\/wp-content\/uploads\/2024\/04\/Klimavex-Group-logo.png","contentUrl":"https:\/\/klimavex.eu\/cz\/wp-content\/uploads\/2024\/04\/Klimavex-Group-logo.png","width":1681,"height":472,"caption":"KLIMAVEX GROUP"},"image":{"@id":"https:\/\/klimavex.eu\/cz\/#\/schema\/logo\/image\/"},"sameAs":["https:\/\/www.facebook.com\/klimavex.cz","https:\/\/www.instagram.com\/klimavex_cz\/"]}]}},"_links":{"self":[{"href":"https:\/\/klimavex.eu\/cz\/wp-json\/wp\/v2\/product\/544499","targetHints":{"allow":["GET"]}}],"collection":[{"href":"https:\/\/klimavex.eu\/cz\/wp-json\/wp\/v2\/product"}],"about":[{"href":"https:\/\/klimavex.eu\/cz\/wp-json\/wp\/v2\/types\/product"}],"version-history":[{"count":0,"href":"https:\/\/klimavex.eu\/cz\/wp-json\/wp\/v2\/product\/544499\/revisions"}],"wp:featuredmedia":[{"embeddable":true,"href":"https:\/\/klimavex.eu\/cz\/wp-json\/wp\/v2\/media\/552771"}],"wp:attachment":[{"href":"https:\/\/klimavex.eu\/cz\/wp-json\/wp\/v2\/media?parent=544499"}],"wp:term":[{"taxonomy":"product_cat","embeddable":true,"href":"https:\/\/klimavex.eu\/cz\/wp-json\/wp\/v2\/product_cat?post=544499"},{"taxonomy":"product_tag","embeddable":true,"href":"https:\/\/klimavex.eu\/cz\/wp-json\/wp\/v2\/product_tag?post=544499"}],"curies":[{"name":"wp","href":"https:\/\/api.w.org\/{rel}","templated":true}]}}