{"id":544511,"date":"2026-03-31T18:57:49","date_gmt":"2026-03-31T16:57:49","guid":{"rendered":"https:\/\/klimavex.eu\/cz\/katalog\/ventilator-vortice-medio-i-t-hcs\/"},"modified":"2026-03-31T18:58:29","modified_gmt":"2026-03-31T16:58:29","slug":"ventilator-vortice-medio-i-t-hcs","status":"publish","type":"product","link":"https:\/\/klimavex.eu\/cz\/katalog\/ventilator-vortice-medio-i-t-hcs\/","title":{"rendered":"Ventil\u00e1tor Vortice MEDIO I T HCS"},"content":{"rendered":"<p style=\"text-align: justify;\"><strong>Kl&iacute;\u010dov&eacute; vlastnosti:<\/strong><\/p>\n<ul>\n<li style=\"text-align: justify;\">Zabudov&aacute;n&iacute; do zdi &ndash; mo\u017enost ods&aacute;v&aacute;n&iacute; ze dvou m&iacute;stnost&iacute; sou\u010dasn\u011b.<\/li>\n<li style=\"text-align: justify;\">P\u0159ipojen&iacute; na potrub&iacute; &Oslash;100 mm.<\/li>\n<li style=\"text-align: justify;\">Vybaveno asynchronn&iacute;m motorem.<\/li>\n<li style=\"text-align: justify;\">S nastaviteln&yacute;m 3 a\u017e 20minutov&yacute;m \u010dasov&yacute;m sp&iacute;na\u010dem zpo\u017ed\u011bn&eacute;ho vypnut&iacute;. Ventil&aacute;tor se uvede do \u010dinnosti spolu s osv\u011btlen&iacute;m, ale z\u016fstane v \u010dinnosti i po vypnut&iacute; sv\u011btla po dobu p\u0159ednastaven&eacute;ho \u010dasov&eacute;ho zpo\u017ed\u011bn&iacute;.<\/li>\n<li style=\"text-align: justify;\">Se zabudovan&yacute;m sn&iacute;ma\u010dem vlhkosti, kter&yacute; spou&scaron;t&iacute; ventil&aacute;tor, jakmile okoln&iacute; relativn&iacute; vlhkost p\u0159es&aacute;hne 60 % (nebo nastavenou vlhkost &ndash; 60 %, 70 %, 80 % nebo 90 %) p\u0159i teplot\u011b 20&deg;C. Jakmile relativn&iacute; vlhkost klesne pod nastavenou hodnotu, ventil&aacute;tor se automaticky vypne.<\/li>\n<li style=\"text-align: justify;\">Maxim&aacute;ln&iacute; provozn&iacute; teplota 50&deg;C.<\/li>\n<li style=\"text-align: justify;\">Zabudovan&aacute; zp\u011btn&aacute; klapka (plastov&aacute; membr&aacute;na) pro zabr&aacute;n\u011bn&iacute; zp\u011btn&eacute;ho proud\u011bn&iacute; vzduchu, pokud ventil&aacute;tor nen&iacute; v provozu.<\/li>\n<li style=\"text-align: justify;\">Kryt&iacute; IPX4 (ochrana proti st\u0159&iacute;kaj&iacute;c&iacute; vod\u011b).<\/li>\n<li style=\"text-align: justify;\">Za\u0159&iacute;zen&iacute; vyhovuj&iacute; ERP na\u0159&iacute;zen&iacute; &#8211; Erp . Reg . N&deg; 1253\/2014, 2. stupe\u0148.<\/li>\n<\/ul>\n","protected":false},"excerpt":{"rendered":"<p style=\"text-align: justify;\">Dvouot&aacute;\u010dkov&yacute; radi&aacute;ln&iacute; ods&aacute;vac&iacute; ventil&aacute;tor <strong>Vortice Quadro<\/strong>, vhodn&yacute; pro ods&aacute;v&aacute;n&iacute; <strong>mal&yacute;ch a st\u0159edn&iacute;ch m&iacute;stnost&iacute; v dom&aacute;c&iacute; i komer\u010dn&iacute; sf&eacute;\u0159e<\/strong>, v\u010detn\u011b m&iacute;stnost&iacute; s vysokou relativn&iacute; vlhkost&iacute; (koupelny, WC, sklepy). Ventil&aacute;tor je schopen ods&aacute;vat ze dvou m&iacute;stnost&iacute; sou\u010dasn\u011b. Vhodn&yacute; pro p\u0159ipojen&iacute; na potrub&iacute; s vy&scaron;&scaron;&iacute; tlakovou ztr&aacute;tou (del&scaron;&iacute; potrub&iacute;, nad 4m, koleno). S v&yacute;fukem do potrub&iacute;. Se zabudovan&yacute;m \u010dasov&yacute;m sn&iacute;ma\u010dem a sn&iacute;ma\u010dem vlhkosti. Dosahuje <strong>vysok&yacute; vzduchov&yacute; v&yacute;kon <\/strong>p\u0159i sou\u010dasn&eacute;m dodr\u017een&iacute; <strong>n&iacute;zk&eacute; hlu\u010dnosti<\/strong>.<\/p>\n","protected":false},"featured_media":552828,"template":"","meta":[],"product_cat":[7566,7567,7562],"product_tag":[],"class_list":{"0":"post-544511","1":"product","2":"type-product","3":"status-publish","4":"has-post-thumbnail","6":"product_cat-ventilatory-do-koupelny-radialni","7":"product_cat-quadro","8":"product_cat-ventilatory","9":"pa_casovy-dobeh-t-ano","10":"pa_dostupny-tlak-pa-206-331","11":"pa_hl-lp-15m-nas-zap-m-359-396-334-396","12":"pa_hl-lp-3m-vyfuk-pri-zboku-359-396-334-396","13":"pa_kryti-ipx4","14":"pa_provedeni-radialni","15":"pa_prumer-napojeni-mm-11619","16":"pa_snimac-vlhkosti-hcs-ano","17":"pa_typ-quadro-i","18":"pa_vzduchovy-vykon-qv-m3-70-122","19":"pa_znacka-vortice","21":"first","22":"instock","23":"taxable","24":"shipping-taxable","25":"purchasable","26":"product-type-simple"},"yoast_head":"<!-- This site is optimized with the Yoast SEO plugin v23.9 - https:\/\/yoast.com\/wordpress\/plugins\/seo\/ -->\n<title>Ventil\u00e1tor Vortice MEDIO I T HCS - KLIMAVEX GROUP - \u010cesko<\/title>\n<meta name=\"robots\" content=\"index, follow, max-snippet:-1, max-image-preview:large, max-video-preview:-1\" \/>\n<link rel=\"canonical\" href=\"https:\/\/klimavex.eu\/cz\/katalog\/ventilator-vortice-medio-i-t-hcs\/\" \/>\n<meta property=\"og:locale\" content=\"cs_CZ\" \/>\n<meta property=\"og:type\" content=\"article\" \/>\n<meta property=\"og:title\" content=\"Ventil\u00e1tor Vortice MEDIO I T HCS - KLIMAVEX GROUP - \u010cesko\" \/>\n<meta property=\"og:description\" content=\"Dvouot&aacute;\u010dkov&yacute; radi&aacute;ln&iacute; ods&aacute;vac&iacute; ventil&aacute;tor Vortice Quadro, vhodn&yacute; pro ods&aacute;v&aacute;n&iacute; mal&yacute;ch a st\u0159edn&iacute;ch m&iacute;stnost&iacute; v dom&aacute;c&iacute; i komer\u010dn&iacute; sf&eacute;\u0159e, v\u010detn\u011b m&iacute;stnost&iacute; s vysokou relativn&iacute; vlhkost&iacute; (koupelny, WC, sklepy). Ventil&aacute;tor je schopen ods&aacute;vat ze dvou m&iacute;stnost&iacute; sou\u010dasn\u011b. Vhodn&yacute; pro p\u0159ipojen&iacute; na potrub&iacute; s vy&scaron;&scaron;&iacute; tlakovou ztr&aacute;tou (del&scaron;&iacute; potrub&iacute;, nad 4m, koleno). S v&yacute;fukem do potrub&iacute;. Se zabudovan&yacute;m \u010dasov&yacute;m sn&iacute;ma\u010dem a sn&iacute;ma\u010dem vlhkosti. Dosahuje vysok&yacute; vzduchov&yacute; v&yacute;kon p\u0159i sou\u010dasn&eacute;m dodr\u017een&iacute; n&iacute;zk&eacute; hlu\u010dnosti.\" \/>\n<meta property=\"og:url\" content=\"https:\/\/klimavex.eu\/cz\/katalog\/ventilator-vortice-medio-i-t-hcs\/\" \/>\n<meta property=\"og:site_name\" content=\"KLIMAVEX GROUP - \u010cesko\" \/>\n<meta property=\"article:publisher\" content=\"https:\/\/www.facebook.com\/klimavex.cz\" \/>\n<meta property=\"article:modified_time\" content=\"2026-03-31T16:58:29+00:00\" \/>\n<meta property=\"og:image\" content=\"https:\/\/klimavex.eu\/cz\/wp-content\/uploads\/2025\/09\/u8pkg6hA8_A22QTTQpKRC_P_LDnIFCMvRDPYC8Hdt1U-3.png\" \/>\n\t<meta property=\"og:image:width\" content=\"572\" \/>\n\t<meta property=\"og:image:height\" content=\"512\" \/>\n\t<meta property=\"og:image:type\" content=\"image\/png\" \/>\n<meta name=\"twitter:card\" content=\"summary_large_image\" \/>\n<meta name=\"twitter:label1\" content=\"Odhadovan\u00e1 doba \u010dten\u00ed\" \/>\n\t<meta name=\"twitter:data1\" content=\"1 minuta\" \/>\n<script type=\"application\/ld+json\" class=\"yoast-schema-graph\">{\"@context\":\"https:\/\/schema.org\",\"@graph\":[{\"@type\":\"WebPage\",\"@id\":\"https:\/\/klimavex.eu\/cz\/katalog\/ventilator-vortice-medio-i-t-hcs\/\",\"url\":\"https:\/\/klimavex.eu\/cz\/katalog\/ventilator-vortice-medio-i-t-hcs\/\",\"name\":\"Ventil\u00e1tor Vortice MEDIO I T HCS - KLIMAVEX GROUP - \u010cesko\",\"isPartOf\":{\"@id\":\"https:\/\/klimavex.eu\/cz\/#website\"},\"primaryImageOfPage\":{\"@id\":\"https:\/\/klimavex.eu\/cz\/katalog\/ventilator-vortice-medio-i-t-hcs\/#primaryimage\"},\"image\":{\"@id\":\"https:\/\/klimavex.eu\/cz\/katalog\/ventilator-vortice-medio-i-t-hcs\/#primaryimage\"},\"thumbnailUrl\":\"https:\/\/klimavex.eu\/cz\/wp-content\/uploads\/2025\/09\/u8pkg6hA8_A22QTTQpKRC_P_LDnIFCMvRDPYC8Hdt1U-3.png\",\"datePublished\":\"2026-03-31T16:57:49+00:00\",\"dateModified\":\"2026-03-31T16:58:29+00:00\",\"breadcrumb\":{\"@id\":\"https:\/\/klimavex.eu\/cz\/katalog\/ventilator-vortice-medio-i-t-hcs\/#breadcrumb\"},\"inLanguage\":\"cs\",\"potentialAction\":[{\"@type\":\"ReadAction\",\"target\":[\"https:\/\/klimavex.eu\/cz\/katalog\/ventilator-vortice-medio-i-t-hcs\/\"]}]},{\"@type\":\"ImageObject\",\"inLanguage\":\"cs\",\"@id\":\"https:\/\/klimavex.eu\/cz\/katalog\/ventilator-vortice-medio-i-t-hcs\/#primaryimage\",\"url\":\"https:\/\/klimavex.eu\/cz\/wp-content\/uploads\/2025\/09\/u8pkg6hA8_A22QTTQpKRC_P_LDnIFCMvRDPYC8Hdt1U-3.png\",\"contentUrl\":\"https:\/\/klimavex.eu\/cz\/wp-content\/uploads\/2025\/09\/u8pkg6hA8_A22QTTQpKRC_P_LDnIFCMvRDPYC8Hdt1U-3.png\",\"width\":572,\"height\":512},{\"@type\":\"BreadcrumbList\",\"@id\":\"https:\/\/klimavex.eu\/cz\/katalog\/ventilator-vortice-medio-i-t-hcs\/#breadcrumb\",\"itemListElement\":[{\"@type\":\"ListItem\",\"position\":1,\"name\":\"Domovsk\u00e1 str\u00e1nka\",\"item\":\"https:\/\/klimavex.eu\/cz\/\"},{\"@type\":\"ListItem\",\"position\":2,\"name\":\"Eshop\",\"item\":\"https:\/\/klimavex.eu\/cz\/eshop\/\"},{\"@type\":\"ListItem\",\"position\":3,\"name\":\"Ventil\u00e1tor Vortice MEDIO I T HCS\"}]},{\"@type\":\"WebSite\",\"@id\":\"https:\/\/klimavex.eu\/cz\/#website\",\"url\":\"https:\/\/klimavex.eu\/cz\/\",\"name\":\"KLIMAVEX GROUP - \u010cesko\",\"description\":\"\",\"publisher\":{\"@id\":\"https:\/\/klimavex.eu\/cz\/#organization\"},\"alternateName\":\"KLIMAVEX CZ a.s.\",\"potentialAction\":[{\"@type\":\"SearchAction\",\"target\":{\"@type\":\"EntryPoint\",\"urlTemplate\":\"https:\/\/klimavex.eu\/cz\/?s={search_term_string}\"},\"query-input\":{\"@type\":\"PropertyValueSpecification\",\"valueRequired\":true,\"valueName\":\"search_term_string\"}}],\"inLanguage\":\"cs\"},{\"@type\":\"Organization\",\"@id\":\"https:\/\/klimavex.eu\/cz\/#organization\",\"name\":\"KLIMAVEX GROUP\",\"alternateName\":\"KLIMAVEX\",\"url\":\"https:\/\/klimavex.eu\/cz\/\",\"logo\":{\"@type\":\"ImageObject\",\"inLanguage\":\"cs\",\"@id\":\"https:\/\/klimavex.eu\/cz\/#\/schema\/logo\/image\/\",\"url\":\"https:\/\/klimavex.eu\/cz\/wp-content\/uploads\/2024\/04\/Klimavex-Group-logo.png\",\"contentUrl\":\"https:\/\/klimavex.eu\/cz\/wp-content\/uploads\/2024\/04\/Klimavex-Group-logo.png\",\"width\":1681,\"height\":472,\"caption\":\"KLIMAVEX GROUP\"},\"image\":{\"@id\":\"https:\/\/klimavex.eu\/cz\/#\/schema\/logo\/image\/\"},\"sameAs\":[\"https:\/\/www.facebook.com\/klimavex.cz\",\"https:\/\/www.instagram.com\/klimavex_cz\/\"]}]}<\/script>\n<!-- \/ Yoast SEO plugin. -->","yoast_head_json":{"title":"Ventil\u00e1tor Vortice MEDIO I T HCS - KLIMAVEX GROUP - \u010cesko","robots":{"index":"index","follow":"follow","max-snippet":"max-snippet:-1","max-image-preview":"max-image-preview:large","max-video-preview":"max-video-preview:-1"},"canonical":"https:\/\/klimavex.eu\/cz\/katalog\/ventilator-vortice-medio-i-t-hcs\/","og_locale":"cs_CZ","og_type":"article","og_title":"Ventil\u00e1tor Vortice MEDIO I T HCS - KLIMAVEX GROUP - \u010cesko","og_description":"Dvouot&aacute;\u010dkov&yacute; radi&aacute;ln&iacute; ods&aacute;vac&iacute; ventil&aacute;tor Vortice Quadro, vhodn&yacute; pro ods&aacute;v&aacute;n&iacute; mal&yacute;ch a st\u0159edn&iacute;ch m&iacute;stnost&iacute; v dom&aacute;c&iacute; i komer\u010dn&iacute; sf&eacute;\u0159e, v\u010detn\u011b m&iacute;stnost&iacute; s vysokou relativn&iacute; vlhkost&iacute; (koupelny, WC, sklepy). Ventil&aacute;tor je schopen ods&aacute;vat ze dvou m&iacute;stnost&iacute; sou\u010dasn\u011b. Vhodn&yacute; pro p\u0159ipojen&iacute; na potrub&iacute; s vy&scaron;&scaron;&iacute; tlakovou ztr&aacute;tou (del&scaron;&iacute; potrub&iacute;, nad 4m, koleno). S v&yacute;fukem do potrub&iacute;. Se zabudovan&yacute;m \u010dasov&yacute;m sn&iacute;ma\u010dem a sn&iacute;ma\u010dem vlhkosti. Dosahuje vysok&yacute; vzduchov&yacute; v&yacute;kon p\u0159i sou\u010dasn&eacute;m dodr\u017een&iacute; n&iacute;zk&eacute; hlu\u010dnosti.","og_url":"https:\/\/klimavex.eu\/cz\/katalog\/ventilator-vortice-medio-i-t-hcs\/","og_site_name":"KLIMAVEX GROUP - \u010cesko","article_publisher":"https:\/\/www.facebook.com\/klimavex.cz","article_modified_time":"2026-03-31T16:58:29+00:00","og_image":[{"width":572,"height":512,"url":"https:\/\/klimavex.eu\/cz\/wp-content\/uploads\/2025\/09\/u8pkg6hA8_A22QTTQpKRC_P_LDnIFCMvRDPYC8Hdt1U-3.png","type":"image\/png"}],"twitter_card":"summary_large_image","twitter_misc":{"Odhadovan\u00e1 doba \u010dten\u00ed":"1 minuta"},"schema":{"@context":"https:\/\/schema.org","@graph":[{"@type":"WebPage","@id":"https:\/\/klimavex.eu\/cz\/katalog\/ventilator-vortice-medio-i-t-hcs\/","url":"https:\/\/klimavex.eu\/cz\/katalog\/ventilator-vortice-medio-i-t-hcs\/","name":"Ventil\u00e1tor Vortice MEDIO I T HCS - KLIMAVEX GROUP - \u010cesko","isPartOf":{"@id":"https:\/\/klimavex.eu\/cz\/#website"},"primaryImageOfPage":{"@id":"https:\/\/klimavex.eu\/cz\/katalog\/ventilator-vortice-medio-i-t-hcs\/#primaryimage"},"image":{"@id":"https:\/\/klimavex.eu\/cz\/katalog\/ventilator-vortice-medio-i-t-hcs\/#primaryimage"},"thumbnailUrl":"https:\/\/klimavex.eu\/cz\/wp-content\/uploads\/2025\/09\/u8pkg6hA8_A22QTTQpKRC_P_LDnIFCMvRDPYC8Hdt1U-3.png","datePublished":"2026-03-31T16:57:49+00:00","dateModified":"2026-03-31T16:58:29+00:00","breadcrumb":{"@id":"https:\/\/klimavex.eu\/cz\/katalog\/ventilator-vortice-medio-i-t-hcs\/#breadcrumb"},"inLanguage":"cs","potentialAction":[{"@type":"ReadAction","target":["https:\/\/klimavex.eu\/cz\/katalog\/ventilator-vortice-medio-i-t-hcs\/"]}]},{"@type":"ImageObject","inLanguage":"cs","@id":"https:\/\/klimavex.eu\/cz\/katalog\/ventilator-vortice-medio-i-t-hcs\/#primaryimage","url":"https:\/\/klimavex.eu\/cz\/wp-content\/uploads\/2025\/09\/u8pkg6hA8_A22QTTQpKRC_P_LDnIFCMvRDPYC8Hdt1U-3.png","contentUrl":"https:\/\/klimavex.eu\/cz\/wp-content\/uploads\/2025\/09\/u8pkg6hA8_A22QTTQpKRC_P_LDnIFCMvRDPYC8Hdt1U-3.png","width":572,"height":512},{"@type":"BreadcrumbList","@id":"https:\/\/klimavex.eu\/cz\/katalog\/ventilator-vortice-medio-i-t-hcs\/#breadcrumb","itemListElement":[{"@type":"ListItem","position":1,"name":"Domovsk\u00e1 str\u00e1nka","item":"https:\/\/klimavex.eu\/cz\/"},{"@type":"ListItem","position":2,"name":"Eshop","item":"https:\/\/klimavex.eu\/cz\/eshop\/"},{"@type":"ListItem","position":3,"name":"Ventil\u00e1tor Vortice MEDIO I T HCS"}]},{"@type":"WebSite","@id":"https:\/\/klimavex.eu\/cz\/#website","url":"https:\/\/klimavex.eu\/cz\/","name":"KLIMAVEX GROUP - \u010cesko","description":"","publisher":{"@id":"https:\/\/klimavex.eu\/cz\/#organization"},"alternateName":"KLIMAVEX CZ a.s.","potentialAction":[{"@type":"SearchAction","target":{"@type":"EntryPoint","urlTemplate":"https:\/\/klimavex.eu\/cz\/?s={search_term_string}"},"query-input":{"@type":"PropertyValueSpecification","valueRequired":true,"valueName":"search_term_string"}}],"inLanguage":"cs"},{"@type":"Organization","@id":"https:\/\/klimavex.eu\/cz\/#organization","name":"KLIMAVEX GROUP","alternateName":"KLIMAVEX","url":"https:\/\/klimavex.eu\/cz\/","logo":{"@type":"ImageObject","inLanguage":"cs","@id":"https:\/\/klimavex.eu\/cz\/#\/schema\/logo\/image\/","url":"https:\/\/klimavex.eu\/cz\/wp-content\/uploads\/2024\/04\/Klimavex-Group-logo.png","contentUrl":"https:\/\/klimavex.eu\/cz\/wp-content\/uploads\/2024\/04\/Klimavex-Group-logo.png","width":1681,"height":472,"caption":"KLIMAVEX GROUP"},"image":{"@id":"https:\/\/klimavex.eu\/cz\/#\/schema\/logo\/image\/"},"sameAs":["https:\/\/www.facebook.com\/klimavex.cz","https:\/\/www.instagram.com\/klimavex_cz\/"]}]}},"_links":{"self":[{"href":"https:\/\/klimavex.eu\/cz\/wp-json\/wp\/v2\/product\/544511","targetHints":{"allow":["GET"]}}],"collection":[{"href":"https:\/\/klimavex.eu\/cz\/wp-json\/wp\/v2\/product"}],"about":[{"href":"https:\/\/klimavex.eu\/cz\/wp-json\/wp\/v2\/types\/product"}],"version-history":[{"count":0,"href":"https:\/\/klimavex.eu\/cz\/wp-json\/wp\/v2\/product\/544511\/revisions"}],"wp:featuredmedia":[{"embeddable":true,"href":"https:\/\/klimavex.eu\/cz\/wp-json\/wp\/v2\/media\/552828"}],"wp:attachment":[{"href":"https:\/\/klimavex.eu\/cz\/wp-json\/wp\/v2\/media?parent=544511"}],"wp:term":[{"taxonomy":"product_cat","embeddable":true,"href":"https:\/\/klimavex.eu\/cz\/wp-json\/wp\/v2\/product_cat?post=544511"},{"taxonomy":"product_tag","embeddable":true,"href":"https:\/\/klimavex.eu\/cz\/wp-json\/wp\/v2\/product_tag?post=544511"}],"curies":[{"name":"wp","href":"https:\/\/api.w.org\/{rel}","templated":true}]}}