{"id":544540,"date":"2026-03-31T18:59:02","date_gmt":"2026-03-31T16:59:02","guid":{"rendered":"https:\/\/klimavex.eu\/cz\/katalog\/ventilator-vortice-ca-315-md-se-rf\/"},"modified":"2026-03-31T18:59:12","modified_gmt":"2026-03-31T16:59:12","slug":"ventilator-vortice-ca-315-md-se-rf","status":"publish","type":"product","link":"https:\/\/klimavex.eu\/cz\/katalog\/ventilator-vortice-ca-315-md-se-rf\/","title":{"rendered":"Ventil\u00e1tor Vortice CA 315 MD SE RF"},"content":{"rendered":"<p style=\"text-align:justify\"><span style=\"font-size:11pt\"><span style=\"background-color:white\"><span style=\"font-family:Calibri,sans-serif\"><strong><span style=\"color:black\">Kl&iacute;\u010dov&eacute; vlastnosti<\/span><\/strong><\/span><\/span><\/span><\/p>\n<ul>\n<li style=\"text-align:justify\"><span style=\"font-size:11pt\"><span style=\"background-color:white\"><span style=\"font-family:Calibri,sans-serif\"><span style=\"color:black\">Kryt\/st\u0159e&scaron;n&iacute; mont&aacute;\u017en&iacute; deska z mo\u0159en&eacute; a fosf&aacute;tovan&eacute; oceli s polyesterovou pr&aacute;&scaron;kovou povrchovou &uacute;pravou, odoln&aacute; v\u016f\u010di agresivn&iacute;mu p\u016fsoben&iacute; atmosf&eacute;rick&yacute;ch vliv\u016f.<\/span><\/span><\/span><\/span><\/li>\n<li style=\"text-align:justify\"><span style=\"font-size:11pt\"><span style=\"background-color:white\"><span style=\"font-family:Calibri,sans-serif\"><span style=\"color:black\">Jmenovit&yacute; pr\u016fm\u011br 315 mm.<\/span><\/span><\/span><\/span><\/li>\n<li style=\"text-align:justify\"><span style=\"font-size:11pt\"><span style=\"background-color:white\"><span style=\"font-family:Calibri,sans-serif\"><span style=\"color:black\">Motor-ventil&aacute;tor, rychlost nastaviteln&aacute; pomoc&iacute; voliteln&eacute;ho ovl&aacute;d&aacute;n&iacute; IRM5 2B (k&oacute;d. 12861), sest&aacute;vaj&iacute;c&iacute; z:<\/span><\/span><\/span><\/span>\n<ul style=\"list-style-type:circle\">\n<li style=\"text-align:justify\"><span style=\"font-size:11pt\"><span style=\"background-color:white\"><span style=\"font-family:Calibri,sans-serif\"><span style=\"color:black\">AC motor s tepelnou ochranou proti p\u0159et&iacute;\u017een&iacute; a ot&aacute;\u010den&iacute; h\u0159&iacute;dele v kuli\u010dkov&yacute;ch lo\u017eisk&aacute;ch,<\/span><\/span><\/span><\/span><\/li>\n<li style=\"text-align:justify\"><span style=\"font-size:11pt\"><span style=\"background-color:white\"><span style=\"font-family:Calibri,sans-serif\"><span style=\"color:black\">zp\u011btn\u011b zahnut&eacute; ob\u011b\u017en&eacute; kolo.<\/span><\/span><\/span><\/span><\/li>\n<\/ul>\n<\/li>\n<li style=\"text-align:justify\"><span style=\"font-size:11pt\"><span style=\"background-color:white\"><span style=\"font-family:Calibri,sans-serif\"><span style=\"color:black\">Provoz ovladateln&yacute; pomoc&iacute; d&aacute;lkov&eacute;ho monitorov&aacute;n&iacute; senzor\u016f: Teplota, Relativn&iacute; vlhkost, Kou\u0159 a Pohyb.<\/span><\/span><\/span><\/span><\/li>\n<li style=\"text-align:justify\"><span style=\"font-size:11pt\"><span style=\"background-color:white\"><span style=\"font-family:Calibri,sans-serif\"><span style=\"color:black\">Pozinkovan&eacute; ocelov&eacute; dr\u017e&aacute;ky pro mont&aacute;\u017e na st\u011bnu.<\/span><\/span><\/span><\/span><\/li>\n<li style=\"text-align:justify\"><span style=\"font-size:11pt\"><span style=\"background-color:white\"><span style=\"font-family:Calibri,sans-serif\"><span style=\"color:black\">Certifikace IMQ SAFETY a IMQ PERFORMANCE.<\/span><\/span><\/span><\/span><\/li>\n<\/ul>\n","protected":false},"excerpt":{"rendered":"<p style=\"text-align:justify\"><span style=\"font-size:11pt\"><span style=\"background-color:white\"><span style=\"font-family:Calibri,sans-serif\"><span style=\"color:black\">Potrubn&iacute; radi&aacute;ln&iacute; ventil&aacute;tor <strong>Vortice CA 315 MD SE RF<\/strong> <\/span><span style=\"background-color:white\"><span style=\"color:black\">s pr\u016fm\u011brem p\u0159ipojen&iacute; vzduchotechnick&eacute;ho potrub&iacute; <strong>&oslash; <\/strong><\/span><\/span><strong><span style=\"color:black\">315mm<\/span><\/strong><span style=\"color:black\">. Vhodn&yacute; do pr\u016fmyslov&yacute;ch a komer\u010dn&iacute;ch prostor. Dosahuje vy&scaron;&scaron;&iacute;ch vzduchov&yacute;ch v&yacute;kon\u016f p\u0159i sou\u010dasn&eacute;m dodr\u017een&iacute; n&iacute;zk&eacute; hlu\u010dnosti (<strong>Dostupn&yacute; tlak 673 Pa \/ Pr\u016ftok vzduchu 1220 m3\/h<\/strong>). <\/span><\/span><\/span><\/span><\/p>\n","protected":false},"featured_media":552923,"template":"","meta":[],"product_cat":[7582,7581,7562,7579,7595],"product_tag":[],"class_list":{"0":"post-544540","1":"product","2":"type-product","3":"status-publish","4":"has-post-thumbnail","6":"product_cat-ca","7":"product_cat-potrubni-ventilatory","8":"product_cat-ventilatory","9":"product_cat-stresni-ventilatory","10":"product_cat-ca-md-e-rf","11":"pa_dostupny-tlak-pa-13497","12":"pa_hlucnost-lp-3m-13325","13":"pa_kryti-ip44","14":"pa_kulickova-loziska-ll-ano","15":"pa_provedeni-potrubni-nastresni","16":"pa_prumer-napojeni-mm-11713","17":"pa_typ-ca-md-e-rf","18":"pa_vzduchovy-vykon-qv-m3-13496","19":"pa_znacka-vortice","21":"first","22":"instock","23":"taxable","24":"shipping-taxable","25":"purchasable","26":"product-type-simple"},"yoast_head":"<!-- This site is optimized with the Yoast SEO plugin v23.9 - https:\/\/yoast.com\/wordpress\/plugins\/seo\/ -->\n<title>Ventil\u00e1tor Vortice CA 315 MD SE RF - KLIMAVEX GROUP - \u010cesko<\/title>\n<meta name=\"robots\" content=\"index, follow, max-snippet:-1, max-image-preview:large, max-video-preview:-1\" \/>\n<link rel=\"canonical\" href=\"https:\/\/klimavex.eu\/cz\/katalog\/ventilator-vortice-ca-315-md-se-rf\/\" \/>\n<meta property=\"og:locale\" content=\"cs_CZ\" \/>\n<meta property=\"og:type\" content=\"article\" \/>\n<meta property=\"og:title\" content=\"Ventil\u00e1tor Vortice CA 315 MD SE RF - KLIMAVEX GROUP - \u010cesko\" \/>\n<meta property=\"og:description\" content=\"Potrubn&iacute; radi&aacute;ln&iacute; ventil&aacute;tor Vortice CA 315 MD SE RF s pr\u016fm\u011brem p\u0159ipojen&iacute; vzduchotechnick&eacute;ho potrub&iacute; &oslash; 315mm. Vhodn&yacute; do pr\u016fmyslov&yacute;ch a komer\u010dn&iacute;ch prostor. Dosahuje vy&scaron;&scaron;&iacute;ch vzduchov&yacute;ch v&yacute;kon\u016f p\u0159i sou\u010dasn&eacute;m dodr\u017een&iacute; n&iacute;zk&eacute; hlu\u010dnosti (Dostupn&yacute; tlak 673 Pa \/ Pr\u016ftok vzduchu 1220 m3\/h).\" \/>\n<meta property=\"og:url\" content=\"https:\/\/klimavex.eu\/cz\/katalog\/ventilator-vortice-ca-315-md-se-rf\/\" \/>\n<meta property=\"og:site_name\" content=\"KLIMAVEX GROUP - \u010cesko\" \/>\n<meta property=\"article:publisher\" content=\"https:\/\/www.facebook.com\/klimavex.cz\" \/>\n<meta property=\"article:modified_time\" content=\"2026-03-31T16:59:12+00:00\" \/>\n<meta property=\"og:image\" content=\"https:\/\/klimavex.eu\/cz\/wp-content\/uploads\/2024\/02\/LOGO-KLIMAVEX-modra-kostka-1.png\" \/>\n\t<meta property=\"og:image:width\" content=\"9184\" \/>\n\t<meta property=\"og:image:height\" content=\"9184\" \/>\n\t<meta property=\"og:image:type\" content=\"image\/png\" \/>\n<meta name=\"twitter:card\" content=\"summary_large_image\" \/>\n<meta name=\"twitter:label1\" content=\"Odhadovan\u00e1 doba \u010dten\u00ed\" \/>\n\t<meta name=\"twitter:data1\" content=\"1 minuta\" \/>\n<script type=\"application\/ld+json\" class=\"yoast-schema-graph\">{\"@context\":\"https:\/\/schema.org\",\"@graph\":[{\"@type\":\"WebPage\",\"@id\":\"https:\/\/klimavex.eu\/cz\/katalog\/ventilator-vortice-ca-315-md-se-rf\/\",\"url\":\"https:\/\/klimavex.eu\/cz\/katalog\/ventilator-vortice-ca-315-md-se-rf\/\",\"name\":\"Ventil\u00e1tor Vortice CA 315 MD SE RF - KLIMAVEX GROUP - \u010cesko\",\"isPartOf\":{\"@id\":\"https:\/\/klimavex.eu\/cz\/#website\"},\"primaryImageOfPage\":{\"@id\":\"https:\/\/klimavex.eu\/cz\/katalog\/ventilator-vortice-ca-315-md-se-rf\/#primaryimage\"},\"image\":{\"@id\":\"https:\/\/klimavex.eu\/cz\/katalog\/ventilator-vortice-ca-315-md-se-rf\/#primaryimage\"},\"thumbnailUrl\":\"https:\/\/klimavex.eu\/cz\/wp-content\/uploads\/2025\/09\/pSSbuaD8v8u4FSaSb0ccsEvVT0fhXlr01pcKMRioFtM-8.png\",\"datePublished\":\"2026-03-31T16:59:02+00:00\",\"dateModified\":\"2026-03-31T16:59:12+00:00\",\"breadcrumb\":{\"@id\":\"https:\/\/klimavex.eu\/cz\/katalog\/ventilator-vortice-ca-315-md-se-rf\/#breadcrumb\"},\"inLanguage\":\"cs\",\"potentialAction\":[{\"@type\":\"ReadAction\",\"target\":[\"https:\/\/klimavex.eu\/cz\/katalog\/ventilator-vortice-ca-315-md-se-rf\/\"]}]},{\"@type\":\"ImageObject\",\"inLanguage\":\"cs\",\"@id\":\"https:\/\/klimavex.eu\/cz\/katalog\/ventilator-vortice-ca-315-md-se-rf\/#primaryimage\",\"url\":\"https:\/\/klimavex.eu\/cz\/wp-content\/uploads\/2025\/09\/pSSbuaD8v8u4FSaSb0ccsEvVT0fhXlr01pcKMRioFtM-8.png\",\"contentUrl\":\"https:\/\/klimavex.eu\/cz\/wp-content\/uploads\/2025\/09\/pSSbuaD8v8u4FSaSb0ccsEvVT0fhXlr01pcKMRioFtM-8.png\",\"width\":572,\"height\":512},{\"@type\":\"BreadcrumbList\",\"@id\":\"https:\/\/klimavex.eu\/cz\/katalog\/ventilator-vortice-ca-315-md-se-rf\/#breadcrumb\",\"itemListElement\":[{\"@type\":\"ListItem\",\"position\":1,\"name\":\"Domovsk\u00e1 str\u00e1nka\",\"item\":\"https:\/\/klimavex.eu\/cz\/\"},{\"@type\":\"ListItem\",\"position\":2,\"name\":\"Eshop\",\"item\":\"https:\/\/klimavex.eu\/cz\/eshop\/\"},{\"@type\":\"ListItem\",\"position\":3,\"name\":\"Ventil\u00e1tor Vortice CA 315 MD SE RF\"}]},{\"@type\":\"WebSite\",\"@id\":\"https:\/\/klimavex.eu\/cz\/#website\",\"url\":\"https:\/\/klimavex.eu\/cz\/\",\"name\":\"KLIMAVEX GROUP - \u010cesko\",\"description\":\"\",\"publisher\":{\"@id\":\"https:\/\/klimavex.eu\/cz\/#organization\"},\"alternateName\":\"KLIMAVEX CZ a.s.\",\"potentialAction\":[{\"@type\":\"SearchAction\",\"target\":{\"@type\":\"EntryPoint\",\"urlTemplate\":\"https:\/\/klimavex.eu\/cz\/?s={search_term_string}\"},\"query-input\":{\"@type\":\"PropertyValueSpecification\",\"valueRequired\":true,\"valueName\":\"search_term_string\"}}],\"inLanguage\":\"cs\"},{\"@type\":\"Organization\",\"@id\":\"https:\/\/klimavex.eu\/cz\/#organization\",\"name\":\"KLIMAVEX GROUP\",\"alternateName\":\"KLIMAVEX\",\"url\":\"https:\/\/klimavex.eu\/cz\/\",\"logo\":{\"@type\":\"ImageObject\",\"inLanguage\":\"cs\",\"@id\":\"https:\/\/klimavex.eu\/cz\/#\/schema\/logo\/image\/\",\"url\":\"https:\/\/klimavex.eu\/cz\/wp-content\/uploads\/2024\/04\/Klimavex-Group-logo.png\",\"contentUrl\":\"https:\/\/klimavex.eu\/cz\/wp-content\/uploads\/2024\/04\/Klimavex-Group-logo.png\",\"width\":1681,\"height\":472,\"caption\":\"KLIMAVEX GROUP\"},\"image\":{\"@id\":\"https:\/\/klimavex.eu\/cz\/#\/schema\/logo\/image\/\"},\"sameAs\":[\"https:\/\/www.facebook.com\/klimavex.cz\",\"https:\/\/www.instagram.com\/klimavex_cz\/\"]}]}<\/script>\n<!-- \/ Yoast SEO plugin. -->","yoast_head_json":{"title":"Ventil\u00e1tor Vortice CA 315 MD SE RF - KLIMAVEX GROUP - \u010cesko","robots":{"index":"index","follow":"follow","max-snippet":"max-snippet:-1","max-image-preview":"max-image-preview:large","max-video-preview":"max-video-preview:-1"},"canonical":"https:\/\/klimavex.eu\/cz\/katalog\/ventilator-vortice-ca-315-md-se-rf\/","og_locale":"cs_CZ","og_type":"article","og_title":"Ventil\u00e1tor Vortice CA 315 MD SE RF - KLIMAVEX GROUP - \u010cesko","og_description":"Potrubn&iacute; radi&aacute;ln&iacute; ventil&aacute;tor Vortice CA 315 MD SE RF s pr\u016fm\u011brem p\u0159ipojen&iacute; vzduchotechnick&eacute;ho potrub&iacute; &oslash; 315mm. Vhodn&yacute; do pr\u016fmyslov&yacute;ch a komer\u010dn&iacute;ch prostor. Dosahuje vy&scaron;&scaron;&iacute;ch vzduchov&yacute;ch v&yacute;kon\u016f p\u0159i sou\u010dasn&eacute;m dodr\u017een&iacute; n&iacute;zk&eacute; hlu\u010dnosti (Dostupn&yacute; tlak 673 Pa \/ Pr\u016ftok vzduchu 1220 m3\/h).","og_url":"https:\/\/klimavex.eu\/cz\/katalog\/ventilator-vortice-ca-315-md-se-rf\/","og_site_name":"KLIMAVEX GROUP - \u010cesko","article_publisher":"https:\/\/www.facebook.com\/klimavex.cz","article_modified_time":"2026-03-31T16:59:12+00:00","og_image":[{"width":9184,"height":9184,"url":"https:\/\/klimavex.eu\/cz\/wp-content\/uploads\/2024\/02\/LOGO-KLIMAVEX-modra-kostka-1.png","type":"image\/png"}],"twitter_card":"summary_large_image","twitter_misc":{"Odhadovan\u00e1 doba \u010dten\u00ed":"1 minuta"},"schema":{"@context":"https:\/\/schema.org","@graph":[{"@type":"WebPage","@id":"https:\/\/klimavex.eu\/cz\/katalog\/ventilator-vortice-ca-315-md-se-rf\/","url":"https:\/\/klimavex.eu\/cz\/katalog\/ventilator-vortice-ca-315-md-se-rf\/","name":"Ventil\u00e1tor Vortice CA 315 MD SE RF - KLIMAVEX GROUP - \u010cesko","isPartOf":{"@id":"https:\/\/klimavex.eu\/cz\/#website"},"primaryImageOfPage":{"@id":"https:\/\/klimavex.eu\/cz\/katalog\/ventilator-vortice-ca-315-md-se-rf\/#primaryimage"},"image":{"@id":"https:\/\/klimavex.eu\/cz\/katalog\/ventilator-vortice-ca-315-md-se-rf\/#primaryimage"},"thumbnailUrl":"https:\/\/klimavex.eu\/cz\/wp-content\/uploads\/2025\/09\/pSSbuaD8v8u4FSaSb0ccsEvVT0fhXlr01pcKMRioFtM-8.png","datePublished":"2026-03-31T16:59:02+00:00","dateModified":"2026-03-31T16:59:12+00:00","breadcrumb":{"@id":"https:\/\/klimavex.eu\/cz\/katalog\/ventilator-vortice-ca-315-md-se-rf\/#breadcrumb"},"inLanguage":"cs","potentialAction":[{"@type":"ReadAction","target":["https:\/\/klimavex.eu\/cz\/katalog\/ventilator-vortice-ca-315-md-se-rf\/"]}]},{"@type":"ImageObject","inLanguage":"cs","@id":"https:\/\/klimavex.eu\/cz\/katalog\/ventilator-vortice-ca-315-md-se-rf\/#primaryimage","url":"https:\/\/klimavex.eu\/cz\/wp-content\/uploads\/2025\/09\/pSSbuaD8v8u4FSaSb0ccsEvVT0fhXlr01pcKMRioFtM-8.png","contentUrl":"https:\/\/klimavex.eu\/cz\/wp-content\/uploads\/2025\/09\/pSSbuaD8v8u4FSaSb0ccsEvVT0fhXlr01pcKMRioFtM-8.png","width":572,"height":512},{"@type":"BreadcrumbList","@id":"https:\/\/klimavex.eu\/cz\/katalog\/ventilator-vortice-ca-315-md-se-rf\/#breadcrumb","itemListElement":[{"@type":"ListItem","position":1,"name":"Domovsk\u00e1 str\u00e1nka","item":"https:\/\/klimavex.eu\/cz\/"},{"@type":"ListItem","position":2,"name":"Eshop","item":"https:\/\/klimavex.eu\/cz\/eshop\/"},{"@type":"ListItem","position":3,"name":"Ventil\u00e1tor Vortice CA 315 MD SE RF"}]},{"@type":"WebSite","@id":"https:\/\/klimavex.eu\/cz\/#website","url":"https:\/\/klimavex.eu\/cz\/","name":"KLIMAVEX GROUP - \u010cesko","description":"","publisher":{"@id":"https:\/\/klimavex.eu\/cz\/#organization"},"alternateName":"KLIMAVEX CZ a.s.","potentialAction":[{"@type":"SearchAction","target":{"@type":"EntryPoint","urlTemplate":"https:\/\/klimavex.eu\/cz\/?s={search_term_string}"},"query-input":{"@type":"PropertyValueSpecification","valueRequired":true,"valueName":"search_term_string"}}],"inLanguage":"cs"},{"@type":"Organization","@id":"https:\/\/klimavex.eu\/cz\/#organization","name":"KLIMAVEX GROUP","alternateName":"KLIMAVEX","url":"https:\/\/klimavex.eu\/cz\/","logo":{"@type":"ImageObject","inLanguage":"cs","@id":"https:\/\/klimavex.eu\/cz\/#\/schema\/logo\/image\/","url":"https:\/\/klimavex.eu\/cz\/wp-content\/uploads\/2024\/04\/Klimavex-Group-logo.png","contentUrl":"https:\/\/klimavex.eu\/cz\/wp-content\/uploads\/2024\/04\/Klimavex-Group-logo.png","width":1681,"height":472,"caption":"KLIMAVEX GROUP"},"image":{"@id":"https:\/\/klimavex.eu\/cz\/#\/schema\/logo\/image\/"},"sameAs":["https:\/\/www.facebook.com\/klimavex.cz","https:\/\/www.instagram.com\/klimavex_cz\/"]}]}},"_links":{"self":[{"href":"https:\/\/klimavex.eu\/cz\/wp-json\/wp\/v2\/product\/544540","targetHints":{"allow":["GET"]}}],"collection":[{"href":"https:\/\/klimavex.eu\/cz\/wp-json\/wp\/v2\/product"}],"about":[{"href":"https:\/\/klimavex.eu\/cz\/wp-json\/wp\/v2\/types\/product"}],"version-history":[{"count":0,"href":"https:\/\/klimavex.eu\/cz\/wp-json\/wp\/v2\/product\/544540\/revisions"}],"wp:featuredmedia":[{"embeddable":true,"href":"https:\/\/klimavex.eu\/cz\/wp-json\/wp\/v2\/media\/552923"}],"wp:attachment":[{"href":"https:\/\/klimavex.eu\/cz\/wp-json\/wp\/v2\/media?parent=544540"}],"wp:term":[{"taxonomy":"product_cat","embeddable":true,"href":"https:\/\/klimavex.eu\/cz\/wp-json\/wp\/v2\/product_cat?post=544540"},{"taxonomy":"product_tag","embeddable":true,"href":"https:\/\/klimavex.eu\/cz\/wp-json\/wp\/v2\/product_tag?post=544540"}],"curies":[{"name":"wp","href":"https:\/\/api.w.org\/{rel}","templated":true}]}}