{"id":544560,"date":"2026-03-31T18:59:02","date_gmt":"2026-03-31T16:59:02","guid":{"rendered":"https:\/\/klimavex.eu\/cz\/katalog\/osousec-rukou-vortice-vort-super-dry-uv-b-bila-barva\/"},"modified":"2026-03-31T18:59:40","modified_gmt":"2026-03-31T16:59:40","slug":"osousec-rukou-vortice-vort-super-dry-uv-b-bila-barva","status":"publish","type":"product","link":"https:\/\/klimavex.eu\/cz\/katalog\/osousec-rukou-vortice-vort-super-dry-uv-b-bila-barva\/","title":{"rendered":"Osou\u0161e\u010d rukou Vortice Vort Super Dry UV B (b\u00edl\u00e1 barva)"},"content":{"rendered":"<p style=\"text-align: justify;\"><strong>Kl&iacute;\u010dov&eacute; vlastnosti:<\/strong><\/p>\n<ul>\n<li style=\"text-align: justify;\">Elegantn&iacute; a modern&iacute; design, b&iacute;l&aacute; barva.<\/li>\n<li style=\"text-align: justify;\">Pevn&aacute; a lehk&aacute; konstrukce.<\/li>\n<li style=\"text-align: justify;\">Dva v&yacute;konov&eacute; stupn\u011b oh\u0159evu.<\/li>\n<li style=\"text-align: justify;\">Mo\u017enost vypnut&iacute; elektrick&eacute;ho oh\u0159evu.<\/li>\n<\/ul>\n","protected":false},"excerpt":{"rendered":"<p style=\"text-align: justify;\">Pln\u011b automatick&yacute; vysoce v&yacute;konn&yacute; tryskov&yacute; osou&scaron;e\u010d rukou <strong>Vortice Vort Super Dry UV B <\/strong>je navr\u017een speci&aacute;ln\u011b pro <strong>frekventovan&yacute; provoz<\/strong>. Obsahuje v&yacute;konn&yacute; radi&aacute;ln&iacute; ventil&aacute;tor pro <strong>rychl&eacute; su&scaron;en&iacute;<\/strong>.<\/p>\n","protected":false},"featured_media":553003,"template":"","meta":[],"product_cat":[7596,7562,7576],"product_tag":[],"class_list":{"0":"post-544560","1":"product","2":"type-product","3":"status-publish","4":"has-post-thumbnail","6":"product_cat-osousece-rukou","7":"product_cat-ventilatory","8":"product_cat-osousece-rukou-vlasu-davkovace-mydla","9":"pa_el-prikon-spiraly-w-900-1300","10":"pa_hlucnost-lp-1m-13504","11":"pa_kryti-ipx4","12":"pa_provedeni-osousec-rukou","13":"pa_vzduchovy-vykon-qv-m3-13097","14":"pa_znacka-vortice","16":"first","17":"instock","18":"taxable","19":"shipping-taxable","20":"purchasable","21":"product-type-simple"},"yoast_head":"<!-- This site is optimized with the Yoast SEO plugin v23.9 - https:\/\/yoast.com\/wordpress\/plugins\/seo\/ -->\n<title>Osou\u0161e\u010d rukou Vortice Vort Super Dry UV B (b\u00edl\u00e1 barva) - KLIMAVEX GROUP - \u010cesko<\/title>\n<meta name=\"robots\" content=\"index, follow, max-snippet:-1, max-image-preview:large, max-video-preview:-1\" \/>\n<link rel=\"canonical\" href=\"https:\/\/klimavex.eu\/cz\/katalog\/osousec-rukou-vortice-vort-super-dry-uv-b-bila-barva\/\" \/>\n<meta property=\"og:locale\" content=\"cs_CZ\" \/>\n<meta property=\"og:type\" content=\"article\" \/>\n<meta property=\"og:title\" content=\"Osou\u0161e\u010d rukou Vortice Vort Super Dry UV B (b\u00edl\u00e1 barva) - KLIMAVEX GROUP - \u010cesko\" \/>\n<meta property=\"og:description\" content=\"Pln\u011b automatick&yacute; vysoce v&yacute;konn&yacute; tryskov&yacute; osou&scaron;e\u010d rukou Vortice Vort Super Dry UV B je navr\u017een speci&aacute;ln\u011b pro frekventovan&yacute; provoz. Obsahuje v&yacute;konn&yacute; radi&aacute;ln&iacute; ventil&aacute;tor pro rychl&eacute; su&scaron;en&iacute;.\" \/>\n<meta property=\"og:url\" content=\"https:\/\/klimavex.eu\/cz\/katalog\/osousec-rukou-vortice-vort-super-dry-uv-b-bila-barva\/\" \/>\n<meta property=\"og:site_name\" content=\"KLIMAVEX GROUP - \u010cesko\" \/>\n<meta property=\"article:publisher\" content=\"https:\/\/www.facebook.com\/klimavex.cz\" \/>\n<meta property=\"article:modified_time\" content=\"2026-03-31T16:59:40+00:00\" \/>\n<meta property=\"og:image\" content=\"https:\/\/klimavex.eu\/cz\/wp-content\/uploads\/2025\/09\/0dvVvcme74ER7s14zgXQIe3S20UjkvIRynAR3EtvTuk.png\" \/>\n\t<meta property=\"og:image:width\" content=\"572\" \/>\n\t<meta property=\"og:image:height\" content=\"512\" \/>\n\t<meta property=\"og:image:type\" content=\"image\/png\" \/>\n<meta name=\"twitter:card\" content=\"summary_large_image\" \/>\n<script type=\"application\/ld+json\" class=\"yoast-schema-graph\">{\"@context\":\"https:\/\/schema.org\",\"@graph\":[{\"@type\":\"WebPage\",\"@id\":\"https:\/\/klimavex.eu\/cz\/katalog\/osousec-rukou-vortice-vort-super-dry-uv-b-bila-barva\/\",\"url\":\"https:\/\/klimavex.eu\/cz\/katalog\/osousec-rukou-vortice-vort-super-dry-uv-b-bila-barva\/\",\"name\":\"Osou\u0161e\u010d rukou Vortice Vort Super Dry UV B (b\u00edl\u00e1 barva) - KLIMAVEX GROUP - \u010cesko\",\"isPartOf\":{\"@id\":\"https:\/\/klimavex.eu\/cz\/#website\"},\"primaryImageOfPage\":{\"@id\":\"https:\/\/klimavex.eu\/cz\/katalog\/osousec-rukou-vortice-vort-super-dry-uv-b-bila-barva\/#primaryimage\"},\"image\":{\"@id\":\"https:\/\/klimavex.eu\/cz\/katalog\/osousec-rukou-vortice-vort-super-dry-uv-b-bila-barva\/#primaryimage\"},\"thumbnailUrl\":\"https:\/\/klimavex.eu\/cz\/wp-content\/uploads\/2025\/09\/0dvVvcme74ER7s14zgXQIe3S20UjkvIRynAR3EtvTuk.png\",\"datePublished\":\"2026-03-31T16:59:02+00:00\",\"dateModified\":\"2026-03-31T16:59:40+00:00\",\"breadcrumb\":{\"@id\":\"https:\/\/klimavex.eu\/cz\/katalog\/osousec-rukou-vortice-vort-super-dry-uv-b-bila-barva\/#breadcrumb\"},\"inLanguage\":\"cs\",\"potentialAction\":[{\"@type\":\"ReadAction\",\"target\":[\"https:\/\/klimavex.eu\/cz\/katalog\/osousec-rukou-vortice-vort-super-dry-uv-b-bila-barva\/\"]}]},{\"@type\":\"ImageObject\",\"inLanguage\":\"cs\",\"@id\":\"https:\/\/klimavex.eu\/cz\/katalog\/osousec-rukou-vortice-vort-super-dry-uv-b-bila-barva\/#primaryimage\",\"url\":\"https:\/\/klimavex.eu\/cz\/wp-content\/uploads\/2025\/09\/0dvVvcme74ER7s14zgXQIe3S20UjkvIRynAR3EtvTuk.png\",\"contentUrl\":\"https:\/\/klimavex.eu\/cz\/wp-content\/uploads\/2025\/09\/0dvVvcme74ER7s14zgXQIe3S20UjkvIRynAR3EtvTuk.png\",\"width\":572,\"height\":512},{\"@type\":\"BreadcrumbList\",\"@id\":\"https:\/\/klimavex.eu\/cz\/katalog\/osousec-rukou-vortice-vort-super-dry-uv-b-bila-barva\/#breadcrumb\",\"itemListElement\":[{\"@type\":\"ListItem\",\"position\":1,\"name\":\"Domovsk\u00e1 str\u00e1nka\",\"item\":\"https:\/\/klimavex.eu\/cz\/\"},{\"@type\":\"ListItem\",\"position\":2,\"name\":\"Eshop\",\"item\":\"https:\/\/klimavex.eu\/cz\/eshop\/\"},{\"@type\":\"ListItem\",\"position\":3,\"name\":\"Osou\u0161e\u010d rukou Vortice Vort Super Dry UV B (b\u00edl\u00e1 barva)\"}]},{\"@type\":\"WebSite\",\"@id\":\"https:\/\/klimavex.eu\/cz\/#website\",\"url\":\"https:\/\/klimavex.eu\/cz\/\",\"name\":\"KLIMAVEX GROUP - \u010cesko\",\"description\":\"\",\"publisher\":{\"@id\":\"https:\/\/klimavex.eu\/cz\/#organization\"},\"alternateName\":\"KLIMAVEX CZ a.s.\",\"potentialAction\":[{\"@type\":\"SearchAction\",\"target\":{\"@type\":\"EntryPoint\",\"urlTemplate\":\"https:\/\/klimavex.eu\/cz\/?s={search_term_string}\"},\"query-input\":{\"@type\":\"PropertyValueSpecification\",\"valueRequired\":true,\"valueName\":\"search_term_string\"}}],\"inLanguage\":\"cs\"},{\"@type\":\"Organization\",\"@id\":\"https:\/\/klimavex.eu\/cz\/#organization\",\"name\":\"KLIMAVEX GROUP\",\"alternateName\":\"KLIMAVEX\",\"url\":\"https:\/\/klimavex.eu\/cz\/\",\"logo\":{\"@type\":\"ImageObject\",\"inLanguage\":\"cs\",\"@id\":\"https:\/\/klimavex.eu\/cz\/#\/schema\/logo\/image\/\",\"url\":\"https:\/\/klimavex.eu\/cz\/wp-content\/uploads\/2024\/04\/Klimavex-Group-logo.png\",\"contentUrl\":\"https:\/\/klimavex.eu\/cz\/wp-content\/uploads\/2024\/04\/Klimavex-Group-logo.png\",\"width\":1681,\"height\":472,\"caption\":\"KLIMAVEX GROUP\"},\"image\":{\"@id\":\"https:\/\/klimavex.eu\/cz\/#\/schema\/logo\/image\/\"},\"sameAs\":[\"https:\/\/www.facebook.com\/klimavex.cz\",\"https:\/\/www.instagram.com\/klimavex_cz\/\"]}]}<\/script>\n<!-- \/ Yoast SEO plugin. -->","yoast_head_json":{"title":"Osou\u0161e\u010d rukou Vortice Vort Super Dry UV B (b\u00edl\u00e1 barva) - KLIMAVEX GROUP - \u010cesko","robots":{"index":"index","follow":"follow","max-snippet":"max-snippet:-1","max-image-preview":"max-image-preview:large","max-video-preview":"max-video-preview:-1"},"canonical":"https:\/\/klimavex.eu\/cz\/katalog\/osousec-rukou-vortice-vort-super-dry-uv-b-bila-barva\/","og_locale":"cs_CZ","og_type":"article","og_title":"Osou\u0161e\u010d rukou Vortice Vort Super Dry UV B (b\u00edl\u00e1 barva) - KLIMAVEX GROUP - \u010cesko","og_description":"Pln\u011b automatick&yacute; vysoce v&yacute;konn&yacute; tryskov&yacute; osou&scaron;e\u010d rukou Vortice Vort Super Dry UV B je navr\u017een speci&aacute;ln\u011b pro frekventovan&yacute; provoz. Obsahuje v&yacute;konn&yacute; radi&aacute;ln&iacute; ventil&aacute;tor pro rychl&eacute; su&scaron;en&iacute;.","og_url":"https:\/\/klimavex.eu\/cz\/katalog\/osousec-rukou-vortice-vort-super-dry-uv-b-bila-barva\/","og_site_name":"KLIMAVEX GROUP - \u010cesko","article_publisher":"https:\/\/www.facebook.com\/klimavex.cz","article_modified_time":"2026-03-31T16:59:40+00:00","og_image":[{"width":572,"height":512,"url":"https:\/\/klimavex.eu\/cz\/wp-content\/uploads\/2025\/09\/0dvVvcme74ER7s14zgXQIe3S20UjkvIRynAR3EtvTuk.png","type":"image\/png"}],"twitter_card":"summary_large_image","schema":{"@context":"https:\/\/schema.org","@graph":[{"@type":"WebPage","@id":"https:\/\/klimavex.eu\/cz\/katalog\/osousec-rukou-vortice-vort-super-dry-uv-b-bila-barva\/","url":"https:\/\/klimavex.eu\/cz\/katalog\/osousec-rukou-vortice-vort-super-dry-uv-b-bila-barva\/","name":"Osou\u0161e\u010d rukou Vortice Vort Super Dry UV B (b\u00edl\u00e1 barva) - KLIMAVEX GROUP - \u010cesko","isPartOf":{"@id":"https:\/\/klimavex.eu\/cz\/#website"},"primaryImageOfPage":{"@id":"https:\/\/klimavex.eu\/cz\/katalog\/osousec-rukou-vortice-vort-super-dry-uv-b-bila-barva\/#primaryimage"},"image":{"@id":"https:\/\/klimavex.eu\/cz\/katalog\/osousec-rukou-vortice-vort-super-dry-uv-b-bila-barva\/#primaryimage"},"thumbnailUrl":"https:\/\/klimavex.eu\/cz\/wp-content\/uploads\/2025\/09\/0dvVvcme74ER7s14zgXQIe3S20UjkvIRynAR3EtvTuk.png","datePublished":"2026-03-31T16:59:02+00:00","dateModified":"2026-03-31T16:59:40+00:00","breadcrumb":{"@id":"https:\/\/klimavex.eu\/cz\/katalog\/osousec-rukou-vortice-vort-super-dry-uv-b-bila-barva\/#breadcrumb"},"inLanguage":"cs","potentialAction":[{"@type":"ReadAction","target":["https:\/\/klimavex.eu\/cz\/katalog\/osousec-rukou-vortice-vort-super-dry-uv-b-bila-barva\/"]}]},{"@type":"ImageObject","inLanguage":"cs","@id":"https:\/\/klimavex.eu\/cz\/katalog\/osousec-rukou-vortice-vort-super-dry-uv-b-bila-barva\/#primaryimage","url":"https:\/\/klimavex.eu\/cz\/wp-content\/uploads\/2025\/09\/0dvVvcme74ER7s14zgXQIe3S20UjkvIRynAR3EtvTuk.png","contentUrl":"https:\/\/klimavex.eu\/cz\/wp-content\/uploads\/2025\/09\/0dvVvcme74ER7s14zgXQIe3S20UjkvIRynAR3EtvTuk.png","width":572,"height":512},{"@type":"BreadcrumbList","@id":"https:\/\/klimavex.eu\/cz\/katalog\/osousec-rukou-vortice-vort-super-dry-uv-b-bila-barva\/#breadcrumb","itemListElement":[{"@type":"ListItem","position":1,"name":"Domovsk\u00e1 str\u00e1nka","item":"https:\/\/klimavex.eu\/cz\/"},{"@type":"ListItem","position":2,"name":"Eshop","item":"https:\/\/klimavex.eu\/cz\/eshop\/"},{"@type":"ListItem","position":3,"name":"Osou\u0161e\u010d rukou Vortice Vort Super Dry UV B (b\u00edl\u00e1 barva)"}]},{"@type":"WebSite","@id":"https:\/\/klimavex.eu\/cz\/#website","url":"https:\/\/klimavex.eu\/cz\/","name":"KLIMAVEX GROUP - \u010cesko","description":"","publisher":{"@id":"https:\/\/klimavex.eu\/cz\/#organization"},"alternateName":"KLIMAVEX CZ a.s.","potentialAction":[{"@type":"SearchAction","target":{"@type":"EntryPoint","urlTemplate":"https:\/\/klimavex.eu\/cz\/?s={search_term_string}"},"query-input":{"@type":"PropertyValueSpecification","valueRequired":true,"valueName":"search_term_string"}}],"inLanguage":"cs"},{"@type":"Organization","@id":"https:\/\/klimavex.eu\/cz\/#organization","name":"KLIMAVEX GROUP","alternateName":"KLIMAVEX","url":"https:\/\/klimavex.eu\/cz\/","logo":{"@type":"ImageObject","inLanguage":"cs","@id":"https:\/\/klimavex.eu\/cz\/#\/schema\/logo\/image\/","url":"https:\/\/klimavex.eu\/cz\/wp-content\/uploads\/2024\/04\/Klimavex-Group-logo.png","contentUrl":"https:\/\/klimavex.eu\/cz\/wp-content\/uploads\/2024\/04\/Klimavex-Group-logo.png","width":1681,"height":472,"caption":"KLIMAVEX GROUP"},"image":{"@id":"https:\/\/klimavex.eu\/cz\/#\/schema\/logo\/image\/"},"sameAs":["https:\/\/www.facebook.com\/klimavex.cz","https:\/\/www.instagram.com\/klimavex_cz\/"]}]}},"_links":{"self":[{"href":"https:\/\/klimavex.eu\/cz\/wp-json\/wp\/v2\/product\/544560","targetHints":{"allow":["GET"]}}],"collection":[{"href":"https:\/\/klimavex.eu\/cz\/wp-json\/wp\/v2\/product"}],"about":[{"href":"https:\/\/klimavex.eu\/cz\/wp-json\/wp\/v2\/types\/product"}],"version-history":[{"count":0,"href":"https:\/\/klimavex.eu\/cz\/wp-json\/wp\/v2\/product\/544560\/revisions"}],"wp:featuredmedia":[{"embeddable":true,"href":"https:\/\/klimavex.eu\/cz\/wp-json\/wp\/v2\/media\/553003"}],"wp:attachment":[{"href":"https:\/\/klimavex.eu\/cz\/wp-json\/wp\/v2\/media?parent=544560"}],"wp:term":[{"taxonomy":"product_cat","embeddable":true,"href":"https:\/\/klimavex.eu\/cz\/wp-json\/wp\/v2\/product_cat?post=544560"},{"taxonomy":"product_tag","embeddable":true,"href":"https:\/\/klimavex.eu\/cz\/wp-json\/wp\/v2\/product_tag?post=544560"}],"curies":[{"name":"wp","href":"https:\/\/api.w.org\/{rel}","templated":true}]}}