{"id":544562,"date":"2026-04-01T16:03:06","date_gmt":"2026-04-01T14:03:06","guid":{"rendered":"https:\/\/klimavex.eu\/cz\/katalog\/osousec-vlasu-vortice-vort-dry\/"},"modified":"2026-04-01T16:03:28","modified_gmt":"2026-04-01T14:03:28","slug":"osousec-vlasu-vortice-vort-dry","status":"publish","type":"product","link":"https:\/\/klimavex.eu\/cz\/katalog\/osousec-vlasu-vortice-vort-dry\/","title":{"rendered":"Osou\u0161e\u010d vlas\u016f Vortice Vort dry"},"content":{"rendered":"<p style=\"text-align: justify;\"><strong>Kl&iacute;\u010dov&eacute; vlastnosti:<\/strong><\/p>\n<ul>\n<li style=\"text-align: justify;\">1 model s max. tepeln&yacute;m v&yacute;konem 700W a pr\u016ftokem vzduchu 42m<sup>3<\/sup>\/h.<\/li>\n<li style=\"text-align: justify;\">Konstrukce (p\u0159edn&iacute; panel, zadn&iacute; p\u0159&iacute;ruba a vnit\u0159n&iacute; difuzor z plastov&eacute; prysky\u0159ice (ABS plast)).<\/li>\n<li style=\"text-align: justify;\">P\u0159edn&iacute; panel a v&yacute;fukov&yacute; difuzor v b&iacute;l&eacute; barv\u011b RAL 9010.<\/li>\n<li style=\"text-align: justify;\">Ergonomick&yacute; v&yacute;fukov&yacute; difuzor pro pohodln&eacute; a pevn&eacute; uchycen&iacute; i mokrou rukou.<\/li>\n<li style=\"text-align: justify;\">Optimalizovan&aacute; geometrie v&yacute;fukov&eacute; &scaron;t\u011brbiny pro lep&scaron;&iacute; koncentraci vyfukovan&eacute;ho vzduchu.<\/li>\n<li style=\"text-align: justify;\">V&yacute;fukov&yacute; difuzor z polypropylenu (PP) s vnit\u0159n&iacute;m tepeln\u011b-izola\u010dn&iacute;m povlakem pro sn&iacute;\u017een&iacute; povrchov&eacute; teploty p\u0159i dlouh&eacute;m pou\u017e&iacute;v&aacute;n&iacute; vysou&scaron;e\u010de.<\/li>\n<li style=\"text-align: justify;\">Flexibiln&iacute; hadice z polyuretanu (PU) umo\u017e\u0148uj&iacute;c&iacute; prodlou\u017een&iacute; od cca 70cm do 130cm.<\/li>\n<li style=\"text-align: justify;\">Vysoce kvalitn&iacute; kolektorov&yacute; motor s dvojitou tepelnou ochranou.<\/li>\n<li style=\"text-align: justify;\">Axi&aacute;ln&iacute; ventil&aacute;tor.<\/li>\n<li style=\"text-align: justify;\">Integrovan&aacute; elektrick&aacute; spir&aacute;la s tepeln&yacute;m omezova\u010dem, automatick&yacute;m resetem a bezpe\u010dnostn&iacute; tepelnou pojistkou.<\/li>\n<li style=\"text-align: justify;\">Potenciometr (oto\u010dn&eacute; kole\u010dko um&iacute;st\u011bn&eacute; v sedle pro v&yacute;fukov&yacute; difuzor) pro sou\u010dasnou regulaci rychlosti proud\u011bn&iacute; a teploty vyfukovan&eacute;ho vzduchu.<\/li>\n<li style=\"text-align: justify;\">Automatick&eacute; zapnut&iacute; vysou&scaron;e\u010de vyjmut&iacute;m difuz&eacute;ru a automatick&eacute; vypnut&iacute; ulo\u017een&iacute;m difuz&eacute;ru zp\u011bt m&iacute;sto.<\/li>\n<li style=\"text-align: justify;\">Elektronika vybaven&aacute; \u010dasova\u010dem, zabezpe\u010duj&iacute;c&iacute;m automatick&eacute; vypnut&iacute; vysou&scaron;e\u010de po 12min nep\u0159etr\u017eit&eacute;ho provozu.<\/li>\n<li style=\"text-align: justify;\">Jednoduch&aacute; instalace na ze\u010f.<\/li>\n<li style=\"text-align: justify;\">Kryt&iacute; IP24.<\/li>\n<li style=\"text-align: justify;\">Za\u0159&iacute;zen&iacute; nemus&iacute; b&yacute;t uzemn\u011bno, m&aacute; dvojitou izolaci.<\/li>\n<\/ul>\n","protected":false},"excerpt":{"rendered":"<p style=\"text-align: justify;\">N&aacute;st\u011bnn&yacute; automatick&yacute; vysou&scaron;e\u010d vlas\u016f <strong>Vortice Vortdry <\/strong>s flexibiln&iacute; hadic&iacute; je vhodn&yacute; pro pou\u017eit&iacute; ve <strong>sportovn&iacute;ch centrech, hotelov&yacute;ch za\u0159&iacute;zen&iacute;ch, apartm&aacute;nech, dom&aacute;cnostech <\/strong>nebo jin&yacute;ch ubytovac&iacute;ch za\u0159&iacute;zen&iacute;ch. Zapne se automaticky sv\u011b&scaron;en&iacute;m a pota\u017een&iacute;m hadice z p\u0159&iacute;stroje sm\u011brem k u\u017eivateli. Integrovan&eacute; automatick&eacute; vypnut&iacute; zav\u011b&scaron;en&iacute;m hadice do p\u0159&iacute;stroje, p\u0159&iacute;p. po cca 12 min kontinu&aacute;ln&iacute;ho provozu.<\/p>\n","protected":false},"featured_media":553016,"template":"","meta":[],"product_cat":[7627,7562,7576],"product_tag":[],"class_list":{"0":"post-544562","1":"product","2":"type-product","3":"status-publish","4":"has-post-thumbnail","6":"product_cat-osousec-vlasu","7":"product_cat-ventilatory","8":"product_cat-osousece-rukou-vlasu-davkovace-mydla","9":"pa_el-prikon-spiraly-w-13270","10":"pa_hlucnost-lp-1m-13506","11":"pa_kryti-ip24","12":"pa_provedeni-osousec-vlasu","13":"pa_vzduchovy-vykon-qv-m3-13505","14":"pa_znacka-vortice","16":"first","17":"instock","18":"taxable","19":"shipping-taxable","20":"purchasable","21":"product-type-simple"},"yoast_head":"<!-- This site is optimized with the Yoast SEO plugin v23.9 - https:\/\/yoast.com\/wordpress\/plugins\/seo\/ -->\n<title>Osou\u0161e\u010d vlas\u016f Vortice Vort dry - KLIMAVEX GROUP - \u010cesko<\/title>\n<meta name=\"robots\" content=\"index, follow, max-snippet:-1, max-image-preview:large, max-video-preview:-1\" \/>\n<link rel=\"canonical\" href=\"https:\/\/klimavex.eu\/cz\/katalog\/osousec-vlasu-vortice-vort-dry\/\" \/>\n<meta property=\"og:locale\" content=\"cs_CZ\" \/>\n<meta property=\"og:type\" content=\"article\" \/>\n<meta property=\"og:title\" content=\"Osou\u0161e\u010d vlas\u016f Vortice Vort dry - KLIMAVEX GROUP - \u010cesko\" \/>\n<meta property=\"og:description\" content=\"N&aacute;st\u011bnn&yacute; automatick&yacute; vysou&scaron;e\u010d vlas\u016f Vortice Vortdry s flexibiln&iacute; hadic&iacute; je vhodn&yacute; pro pou\u017eit&iacute; ve sportovn&iacute;ch centrech, hotelov&yacute;ch za\u0159&iacute;zen&iacute;ch, apartm&aacute;nech, dom&aacute;cnostech nebo jin&yacute;ch ubytovac&iacute;ch za\u0159&iacute;zen&iacute;ch. Zapne se automaticky sv\u011b&scaron;en&iacute;m a pota\u017een&iacute;m hadice z p\u0159&iacute;stroje sm\u011brem k u\u017eivateli. Integrovan&eacute; automatick&eacute; vypnut&iacute; zav\u011b&scaron;en&iacute;m hadice do p\u0159&iacute;stroje, p\u0159&iacute;p. po cca 12 min kontinu&aacute;ln&iacute;ho provozu.\" \/>\n<meta property=\"og:url\" content=\"https:\/\/klimavex.eu\/cz\/katalog\/osousec-vlasu-vortice-vort-dry\/\" \/>\n<meta property=\"og:site_name\" content=\"KLIMAVEX GROUP - \u010cesko\" \/>\n<meta property=\"article:publisher\" content=\"https:\/\/www.facebook.com\/klimavex.cz\" \/>\n<meta property=\"article:modified_time\" content=\"2026-04-01T14:03:28+00:00\" \/>\n<meta property=\"og:image\" content=\"https:\/\/klimavex.eu\/cz\/wp-content\/uploads\/2025\/09\/OVpMH00dKc_yownYTXIu8pg6JL20m6wuHV6KhnudrxM.png\" \/>\n\t<meta property=\"og:image:width\" content=\"572\" \/>\n\t<meta property=\"og:image:height\" content=\"512\" \/>\n\t<meta property=\"og:image:type\" content=\"image\/png\" \/>\n<meta name=\"twitter:card\" content=\"summary_large_image\" \/>\n<meta name=\"twitter:label1\" content=\"Odhadovan\u00e1 doba \u010dten\u00ed\" \/>\n\t<meta name=\"twitter:data1\" content=\"2 minuty\" \/>\n<script type=\"application\/ld+json\" class=\"yoast-schema-graph\">{\"@context\":\"https:\/\/schema.org\",\"@graph\":[{\"@type\":\"WebPage\",\"@id\":\"https:\/\/klimavex.eu\/cz\/katalog\/osousec-vlasu-vortice-vort-dry\/\",\"url\":\"https:\/\/klimavex.eu\/cz\/katalog\/osousec-vlasu-vortice-vort-dry\/\",\"name\":\"Osou\u0161e\u010d vlas\u016f Vortice Vort dry - KLIMAVEX GROUP - \u010cesko\",\"isPartOf\":{\"@id\":\"https:\/\/klimavex.eu\/cz\/#website\"},\"primaryImageOfPage\":{\"@id\":\"https:\/\/klimavex.eu\/cz\/katalog\/osousec-vlasu-vortice-vort-dry\/#primaryimage\"},\"image\":{\"@id\":\"https:\/\/klimavex.eu\/cz\/katalog\/osousec-vlasu-vortice-vort-dry\/#primaryimage\"},\"thumbnailUrl\":\"https:\/\/klimavex.eu\/cz\/wp-content\/uploads\/2025\/09\/OVpMH00dKc_yownYTXIu8pg6JL20m6wuHV6KhnudrxM.png\",\"datePublished\":\"2026-04-01T14:03:06+00:00\",\"dateModified\":\"2026-04-01T14:03:28+00:00\",\"breadcrumb\":{\"@id\":\"https:\/\/klimavex.eu\/cz\/katalog\/osousec-vlasu-vortice-vort-dry\/#breadcrumb\"},\"inLanguage\":\"cs\",\"potentialAction\":[{\"@type\":\"ReadAction\",\"target\":[\"https:\/\/klimavex.eu\/cz\/katalog\/osousec-vlasu-vortice-vort-dry\/\"]}]},{\"@type\":\"ImageObject\",\"inLanguage\":\"cs\",\"@id\":\"https:\/\/klimavex.eu\/cz\/katalog\/osousec-vlasu-vortice-vort-dry\/#primaryimage\",\"url\":\"https:\/\/klimavex.eu\/cz\/wp-content\/uploads\/2025\/09\/OVpMH00dKc_yownYTXIu8pg6JL20m6wuHV6KhnudrxM.png\",\"contentUrl\":\"https:\/\/klimavex.eu\/cz\/wp-content\/uploads\/2025\/09\/OVpMH00dKc_yownYTXIu8pg6JL20m6wuHV6KhnudrxM.png\",\"width\":572,\"height\":512},{\"@type\":\"BreadcrumbList\",\"@id\":\"https:\/\/klimavex.eu\/cz\/katalog\/osousec-vlasu-vortice-vort-dry\/#breadcrumb\",\"itemListElement\":[{\"@type\":\"ListItem\",\"position\":1,\"name\":\"Domovsk\u00e1 str\u00e1nka\",\"item\":\"https:\/\/klimavex.eu\/cz\/\"},{\"@type\":\"ListItem\",\"position\":2,\"name\":\"Eshop\",\"item\":\"https:\/\/klimavex.eu\/cz\/eshop\/\"},{\"@type\":\"ListItem\",\"position\":3,\"name\":\"Osou\u0161e\u010d vlas\u016f Vortice Vort dry\"}]},{\"@type\":\"WebSite\",\"@id\":\"https:\/\/klimavex.eu\/cz\/#website\",\"url\":\"https:\/\/klimavex.eu\/cz\/\",\"name\":\"KLIMAVEX GROUP - \u010cesko\",\"description\":\"\",\"publisher\":{\"@id\":\"https:\/\/klimavex.eu\/cz\/#organization\"},\"alternateName\":\"KLIMAVEX CZ a.s.\",\"potentialAction\":[{\"@type\":\"SearchAction\",\"target\":{\"@type\":\"EntryPoint\",\"urlTemplate\":\"https:\/\/klimavex.eu\/cz\/?s={search_term_string}\"},\"query-input\":{\"@type\":\"PropertyValueSpecification\",\"valueRequired\":true,\"valueName\":\"search_term_string\"}}],\"inLanguage\":\"cs\"},{\"@type\":\"Organization\",\"@id\":\"https:\/\/klimavex.eu\/cz\/#organization\",\"name\":\"KLIMAVEX GROUP\",\"alternateName\":\"KLIMAVEX\",\"url\":\"https:\/\/klimavex.eu\/cz\/\",\"logo\":{\"@type\":\"ImageObject\",\"inLanguage\":\"cs\",\"@id\":\"https:\/\/klimavex.eu\/cz\/#\/schema\/logo\/image\/\",\"url\":\"https:\/\/klimavex.eu\/cz\/wp-content\/uploads\/2024\/04\/Klimavex-Group-logo.png\",\"contentUrl\":\"https:\/\/klimavex.eu\/cz\/wp-content\/uploads\/2024\/04\/Klimavex-Group-logo.png\",\"width\":1681,\"height\":472,\"caption\":\"KLIMAVEX GROUP\"},\"image\":{\"@id\":\"https:\/\/klimavex.eu\/cz\/#\/schema\/logo\/image\/\"},\"sameAs\":[\"https:\/\/www.facebook.com\/klimavex.cz\",\"https:\/\/www.instagram.com\/klimavex_cz\/\"]}]}<\/script>\n<!-- \/ Yoast SEO plugin. -->","yoast_head_json":{"title":"Osou\u0161e\u010d vlas\u016f Vortice Vort dry - KLIMAVEX GROUP - \u010cesko","robots":{"index":"index","follow":"follow","max-snippet":"max-snippet:-1","max-image-preview":"max-image-preview:large","max-video-preview":"max-video-preview:-1"},"canonical":"https:\/\/klimavex.eu\/cz\/katalog\/osousec-vlasu-vortice-vort-dry\/","og_locale":"cs_CZ","og_type":"article","og_title":"Osou\u0161e\u010d vlas\u016f Vortice Vort dry - KLIMAVEX GROUP - \u010cesko","og_description":"N&aacute;st\u011bnn&yacute; automatick&yacute; vysou&scaron;e\u010d vlas\u016f Vortice Vortdry s flexibiln&iacute; hadic&iacute; je vhodn&yacute; pro pou\u017eit&iacute; ve sportovn&iacute;ch centrech, hotelov&yacute;ch za\u0159&iacute;zen&iacute;ch, apartm&aacute;nech, dom&aacute;cnostech nebo jin&yacute;ch ubytovac&iacute;ch za\u0159&iacute;zen&iacute;ch. Zapne se automaticky sv\u011b&scaron;en&iacute;m a pota\u017een&iacute;m hadice z p\u0159&iacute;stroje sm\u011brem k u\u017eivateli. Integrovan&eacute; automatick&eacute; vypnut&iacute; zav\u011b&scaron;en&iacute;m hadice do p\u0159&iacute;stroje, p\u0159&iacute;p. po cca 12 min kontinu&aacute;ln&iacute;ho provozu.","og_url":"https:\/\/klimavex.eu\/cz\/katalog\/osousec-vlasu-vortice-vort-dry\/","og_site_name":"KLIMAVEX GROUP - \u010cesko","article_publisher":"https:\/\/www.facebook.com\/klimavex.cz","article_modified_time":"2026-04-01T14:03:28+00:00","og_image":[{"width":572,"height":512,"url":"https:\/\/klimavex.eu\/cz\/wp-content\/uploads\/2025\/09\/OVpMH00dKc_yownYTXIu8pg6JL20m6wuHV6KhnudrxM.png","type":"image\/png"}],"twitter_card":"summary_large_image","twitter_misc":{"Odhadovan\u00e1 doba \u010dten\u00ed":"2 minuty"},"schema":{"@context":"https:\/\/schema.org","@graph":[{"@type":"WebPage","@id":"https:\/\/klimavex.eu\/cz\/katalog\/osousec-vlasu-vortice-vort-dry\/","url":"https:\/\/klimavex.eu\/cz\/katalog\/osousec-vlasu-vortice-vort-dry\/","name":"Osou\u0161e\u010d vlas\u016f Vortice Vort dry - KLIMAVEX GROUP - \u010cesko","isPartOf":{"@id":"https:\/\/klimavex.eu\/cz\/#website"},"primaryImageOfPage":{"@id":"https:\/\/klimavex.eu\/cz\/katalog\/osousec-vlasu-vortice-vort-dry\/#primaryimage"},"image":{"@id":"https:\/\/klimavex.eu\/cz\/katalog\/osousec-vlasu-vortice-vort-dry\/#primaryimage"},"thumbnailUrl":"https:\/\/klimavex.eu\/cz\/wp-content\/uploads\/2025\/09\/OVpMH00dKc_yownYTXIu8pg6JL20m6wuHV6KhnudrxM.png","datePublished":"2026-04-01T14:03:06+00:00","dateModified":"2026-04-01T14:03:28+00:00","breadcrumb":{"@id":"https:\/\/klimavex.eu\/cz\/katalog\/osousec-vlasu-vortice-vort-dry\/#breadcrumb"},"inLanguage":"cs","potentialAction":[{"@type":"ReadAction","target":["https:\/\/klimavex.eu\/cz\/katalog\/osousec-vlasu-vortice-vort-dry\/"]}]},{"@type":"ImageObject","inLanguage":"cs","@id":"https:\/\/klimavex.eu\/cz\/katalog\/osousec-vlasu-vortice-vort-dry\/#primaryimage","url":"https:\/\/klimavex.eu\/cz\/wp-content\/uploads\/2025\/09\/OVpMH00dKc_yownYTXIu8pg6JL20m6wuHV6KhnudrxM.png","contentUrl":"https:\/\/klimavex.eu\/cz\/wp-content\/uploads\/2025\/09\/OVpMH00dKc_yownYTXIu8pg6JL20m6wuHV6KhnudrxM.png","width":572,"height":512},{"@type":"BreadcrumbList","@id":"https:\/\/klimavex.eu\/cz\/katalog\/osousec-vlasu-vortice-vort-dry\/#breadcrumb","itemListElement":[{"@type":"ListItem","position":1,"name":"Domovsk\u00e1 str\u00e1nka","item":"https:\/\/klimavex.eu\/cz\/"},{"@type":"ListItem","position":2,"name":"Eshop","item":"https:\/\/klimavex.eu\/cz\/eshop\/"},{"@type":"ListItem","position":3,"name":"Osou\u0161e\u010d vlas\u016f Vortice Vort dry"}]},{"@type":"WebSite","@id":"https:\/\/klimavex.eu\/cz\/#website","url":"https:\/\/klimavex.eu\/cz\/","name":"KLIMAVEX GROUP - \u010cesko","description":"","publisher":{"@id":"https:\/\/klimavex.eu\/cz\/#organization"},"alternateName":"KLIMAVEX CZ a.s.","potentialAction":[{"@type":"SearchAction","target":{"@type":"EntryPoint","urlTemplate":"https:\/\/klimavex.eu\/cz\/?s={search_term_string}"},"query-input":{"@type":"PropertyValueSpecification","valueRequired":true,"valueName":"search_term_string"}}],"inLanguage":"cs"},{"@type":"Organization","@id":"https:\/\/klimavex.eu\/cz\/#organization","name":"KLIMAVEX GROUP","alternateName":"KLIMAVEX","url":"https:\/\/klimavex.eu\/cz\/","logo":{"@type":"ImageObject","inLanguage":"cs","@id":"https:\/\/klimavex.eu\/cz\/#\/schema\/logo\/image\/","url":"https:\/\/klimavex.eu\/cz\/wp-content\/uploads\/2024\/04\/Klimavex-Group-logo.png","contentUrl":"https:\/\/klimavex.eu\/cz\/wp-content\/uploads\/2024\/04\/Klimavex-Group-logo.png","width":1681,"height":472,"caption":"KLIMAVEX GROUP"},"image":{"@id":"https:\/\/klimavex.eu\/cz\/#\/schema\/logo\/image\/"},"sameAs":["https:\/\/www.facebook.com\/klimavex.cz","https:\/\/www.instagram.com\/klimavex_cz\/"]}]}},"_links":{"self":[{"href":"https:\/\/klimavex.eu\/cz\/wp-json\/wp\/v2\/product\/544562","targetHints":{"allow":["GET"]}}],"collection":[{"href":"https:\/\/klimavex.eu\/cz\/wp-json\/wp\/v2\/product"}],"about":[{"href":"https:\/\/klimavex.eu\/cz\/wp-json\/wp\/v2\/types\/product"}],"version-history":[{"count":0,"href":"https:\/\/klimavex.eu\/cz\/wp-json\/wp\/v2\/product\/544562\/revisions"}],"wp:featuredmedia":[{"embeddable":true,"href":"https:\/\/klimavex.eu\/cz\/wp-json\/wp\/v2\/media\/553016"}],"wp:attachment":[{"href":"https:\/\/klimavex.eu\/cz\/wp-json\/wp\/v2\/media?parent=544562"}],"wp:term":[{"taxonomy":"product_cat","embeddable":true,"href":"https:\/\/klimavex.eu\/cz\/wp-json\/wp\/v2\/product_cat?post=544562"},{"taxonomy":"product_tag","embeddable":true,"href":"https:\/\/klimavex.eu\/cz\/wp-json\/wp\/v2\/product_tag?post=544562"}],"curies":[{"name":"wp","href":"https:\/\/api.w.org\/{rel}","templated":true}]}}