{"id":544567,"date":"2026-04-08T21:07:27","date_gmt":"2026-04-08T19:07:27","guid":{"rendered":"https:\/\/klimavex.eu\/cz\/katalog\/ventilator-vortice-nordik-hvls-super-blade-500-200\/"},"modified":"2026-04-08T21:08:21","modified_gmt":"2026-04-08T19:08:21","slug":"ventilator-vortice-nordik-hvls-super-blade-500-200","status":"publish","type":"product","link":"https:\/\/klimavex.eu\/cz\/katalog\/ventilator-vortice-nordik-hvls-super-blade-500-200\/","title":{"rendered":"Ventil\u00e1tor Vortice Nordik HVLS SUPER BLADE 500\/200&#8243;"},"content":{"rendered":"<p style=\"text-align:justify\"><span style=\"font-size:11pt\"><span style=\"font-family:Calibri,sans-serif\"><strong><span style=\"color:black\">Kl&iacute;\u010dov&eacute; vlastnosti:<\/span><\/strong><\/span><\/span><\/p>\n<ul>\n<li style=\"text-align:justify\"><span style=\"font-size:11pt\"><span style=\"font-family:Calibri,sans-serif\"><span style=\"color:black\">Jmenovit&yacute; pr\u016fm\u011br lopatek: 5000mm<\/span><\/span><\/span><\/li>\n<li style=\"text-align:justify\"><span style=\"font-size:11pt\"><span style=\"font-family:Calibri,sans-serif\"><span style=\"color:black\">T\u0159&iacute;f&aacute;zov&yacute; tepeln\u011b izolovan&yacute; EC motor<\/span><\/span><\/span><\/li>\n<li style=\"text-align:justify\"><span style=\"font-size:11pt\"><span style=\"font-family:Calibri,sans-serif\"><span style=\"color:black\">Aerodynamick&eacute; lopatky z&nbsp;lisovan&eacute;ho hlin&iacute;ku<\/span><\/span><\/span><\/li>\n<li style=\"text-align:justify\"><span style=\"font-size:11pt\"><span style=\"font-family:Calibri,sans-serif\"><span style=\"color:black\">Elektronick&aacute; deska umo\u017e\u0148uj&iacute;c&iacute; \u0159&iacute;zen&iacute; motoru, s&nbsp;EMI\/EMC filtry, kter&eacute; zabra\u0148uj&iacute; riziku elektromagnetick&eacute;ho ru&scaron;en&iacute;, elektronick&aacute; deska obsahuje:<\/span><\/span><\/span>\n<ul style=\"list-style-type:circle\">\n<li style=\"text-align:justify\"><span style=\"font-size:11pt\"><span style=\"font-family:Calibri,sans-serif\"><span style=\"color:black\">Komunika\u010dn&iacute; port ModBus RTU 485, kter&yacute; umo\u017e\u0148uje integraci BMS<\/span><\/span><\/span><\/li>\n<li style=\"text-align:justify\"><span style=\"font-size:11pt\"><span style=\"font-family:Calibri,sans-serif\"><span style=\"color:black\">Izolovan&yacute; analogov&yacute; port umo\u017e\u0148uj&iacute;c&iacute; regulaci ot&aacute;\u010dek ventil&aacute;toru pomoc&iacute; extern&iacute;ho potenciometru (voliteln&eacute;) nebo jin&eacute;ho za\u0159&iacute;zen&iacute; pracuj&iacute;c&iacute; se sign&aacute;lem 0-10V<\/span><\/span><\/span><\/li>\n<li style=\"text-align:justify\"><span style=\"font-size:11pt\"><span style=\"font-family:Calibri,sans-serif\"><span style=\"color:black\">Bezpe\u010dnostn&iacute; syst&eacute;m integrovan&yacute; do elektronick&eacute; desky v\u010detn\u011b ochrany proti nadproudu, zkratu, p\u0159eh\u0159&aacute;t&iacute;, p\u0159ep\u011bt&iacute; a podp\u011bt&iacute;<\/span><\/span><\/span><\/li>\n<li style=\"text-align:justify\"><span style=\"font-size:11pt\"><span style=\"font-family:Calibri,sans-serif\"><span style=\"color:black\">Extern&iacute; sv\u011bteln&aacute; dioda zobrazuj&iacute;c&iacute; p\u0159&iacute;padnou poruchu v&yacute;robku<\/span><\/span><\/span><\/li>\n<\/ul>\n<\/li>\n<li style=\"text-align:justify\"><span style=\"font-size:11pt\"><span style=\"font-family:Calibri,sans-serif\"><span style=\"color:black\">Kryt&iacute; motoru IP65<\/span><\/span><\/span><\/li>\n<li style=\"text-align:justify\"><span style=\"font-size:11pt\"><span style=\"font-family:Calibri,sans-serif\"><span style=\"color:black\">Nastaviteln&aacute; rychlost pomoc&iacute; potenciometru nebo d&aacute;lkov&eacute; \u0159&iacute;dic&iacute; jednotky (VORT T) schopn&eacute; obslou\u017eit a\u017e 20 jednotek (voliteln&eacute;)<\/span><\/span><\/span><\/li>\n<li style=\"text-align:justify\"><span style=\"font-size:11pt\"><span style=\"font-family:Calibri,sans-serif\"><span style=\"color:black\">Instala\u010dn&iacute; sada na strop z&nbsp;ocelov&eacute;ho plechu obsahuj&iacute;c&iacute;:<\/span><\/span><\/span>\n<ul style=\"list-style-type:circle\">\n<li style=\"text-align:justify\"><span style=\"font-size:11pt\"><span style=\"font-family:Calibri,sans-serif\"><span style=\"color:black\">Ty\u010d (1,5m), dvojice dr\u017e&aacute;k\u016f a souvisej&iacute;c&iacute;ch kovov&yacute;ch d&iacute;l\u016f<\/span><\/span><\/span><\/li>\n<li style=\"text-align:justify\"><span style=\"font-size:11pt\"><span style=\"font-family:Calibri,sans-serif\"><span style=\"color:black\">Tato sada umo\u017e\u0148uje robustn&iacute; mont&aacute;\u017e na strop p\u0159i b\u011b\u017en&yacute;ch typech instalace<\/span><\/span><\/span><\/li>\n<\/ul>\n<\/li>\n<li style=\"text-align:justify\"><span style=\"font-size:11pt\"><span style=\"font-family:Calibri,sans-serif\"><span style=\"color:black\">Voliteln&aacute; instala\u010dn&iacute; sada pro mont&aacute;\u017ee, kde hroz&iacute;:<\/span><\/span><\/span>\n<ul style=\"list-style-type:circle\">\n<li style=\"text-align:justify\"><span style=\"font-size:11pt\"><span style=\"font-family:Calibri,sans-serif\"><span style=\"color:black\">Siln&yacute; v&iacute;tr<\/span><\/span><\/span><\/li>\n<li style=\"text-align:justify\"><span style=\"font-size:11pt\"><span style=\"font-family:Calibri,sans-serif\"><span style=\"color:black\">Nebezpe\u010d&iacute; n&aacute;hodn&eacute; kolize se stroji nebo s&nbsp;p\u0159edm\u011bty v&nbsp;pohybu<\/span><\/span><\/span><\/li>\n<li style=\"text-align:justify\"><span style=\"font-size:11pt\"><span style=\"font-family:Calibri,sans-serif\"><span style=\"color:black\">P\u0159&iacute;tomnost pt&aacute;k\u016f<\/span><\/span><\/span><\/li>\n<li style=\"text-align:justify\"><span style=\"font-size:11pt\"><span style=\"font-family:Calibri,sans-serif\"><span style=\"color:black\">Zem\u011bt\u0159esen&iacute;, vibrace<\/span><\/span><\/span><\/li>\n<\/ul>\n<\/li>\n<\/ul>\n","protected":false},"excerpt":{"rendered":"<p style=\"text-align:justify\"><span style=\"font-size:11pt\"><span style=\"font-family:Calibri,sans-serif\"><span style=\"color:black\">Ventil&aacute;tor <strong>NORDIK HVLS SUPER BLADE<\/strong> je d&iacute;ky velk&eacute;mu jmenovit&eacute;mu <strong>pr\u016fm\u011bru lopatek (5m)<\/strong>, sv&eacute; odolnosti a schopnosti pracovat i <strong>za extr&eacute;mn&iacute;ch teplot<\/strong> (-10&deg;C &ndash; 50&deg;C) vhodn&yacute; pro rozproud\u011bn&iacute; vzduchu <strong>v&nbsp;pr\u016fmyslov&yacute;ch prostorech<\/strong>. Pro instalace, kde hroz&iacute; vych&yacute;len&iacute; osov&eacute; stability nebo kolize s&nbsp;p\u0159edm\u011bty, lze objednat volitelnou mont&aacute;\u017en&iacute; sadu.<\/span><\/span><\/span><\/p>\n","protected":false},"featured_media":553043,"template":"","meta":[],"product_cat":[10775,10769,10776],"product_tag":[],"class_list":{"0":"post-544567","1":"product","2":"type-product","3":"status-publish","4":"has-post-thumbnail","6":"product_cat-ventilatory-archivovane-produkty","7":"product_cat-archivovane-produkty","8":"product_cat-archivovane-produkty-ventilatory","9":"pa_kryti-ip65","10":"pa_label-archivovany","11":"pa_provedeni-stropni","12":"pa_typ-nordik-hvls","13":"pa_vzduchovy-vykon-qv-m3-13469","14":"pa_znacka-vortice","16":"first","17":"outofstock","18":"taxable","19":"shipping-taxable","20":"purchasable","21":"product-type-simple"},"yoast_head":"<!-- This site is optimized with the Yoast SEO plugin v23.9 - https:\/\/yoast.com\/wordpress\/plugins\/seo\/ -->\n<title>Ventil\u00e1tor Vortice Nordik HVLS SUPER BLADE 500\/200&quot; - KLIMAVEX GROUP - \u010cesko<\/title>\n<meta name=\"robots\" content=\"index, follow, max-snippet:-1, max-image-preview:large, max-video-preview:-1\" \/>\n<link rel=\"canonical\" href=\"https:\/\/klimavex.eu\/cz\/katalog\/ventilator-vortice-nordik-hvls-super-blade-500-200\/\" \/>\n<meta property=\"og:locale\" content=\"cs_CZ\" \/>\n<meta property=\"og:type\" content=\"article\" \/>\n<meta property=\"og:title\" content=\"Ventil\u00e1tor Vortice Nordik HVLS SUPER BLADE 500\/200&quot; - KLIMAVEX GROUP - \u010cesko\" \/>\n<meta property=\"og:description\" content=\"Ventil&aacute;tor NORDIK HVLS SUPER BLADE je d&iacute;ky velk&eacute;mu jmenovit&eacute;mu pr\u016fm\u011bru lopatek (5m), sv&eacute; odolnosti a schopnosti pracovat i za extr&eacute;mn&iacute;ch teplot (-10&deg;C &ndash; 50&deg;C) vhodn&yacute; pro rozproud\u011bn&iacute; vzduchu v&nbsp;pr\u016fmyslov&yacute;ch prostorech. Pro instalace, kde hroz&iacute; vych&yacute;len&iacute; osov&eacute; stability nebo kolize s&nbsp;p\u0159edm\u011bty, lze objednat volitelnou mont&aacute;\u017en&iacute; sadu.\" \/>\n<meta property=\"og:url\" content=\"https:\/\/klimavex.eu\/cz\/katalog\/ventilator-vortice-nordik-hvls-super-blade-500-200\/\" \/>\n<meta property=\"og:site_name\" content=\"KLIMAVEX GROUP - \u010cesko\" \/>\n<meta property=\"article:publisher\" content=\"https:\/\/www.facebook.com\/klimavex.cz\" \/>\n<meta property=\"article:modified_time\" content=\"2026-04-08T19:08:21+00:00\" \/>\n<meta property=\"og:image\" content=\"https:\/\/klimavex.eu\/cz\/wp-content\/uploads\/2025\/09\/k_1hX9nJlIu5nux2P7uK9ktlFJ5pqESMTXDoWNjwbqs-11.png\" \/>\n\t<meta property=\"og:image:width\" content=\"572\" \/>\n\t<meta property=\"og:image:height\" content=\"512\" \/>\n\t<meta property=\"og:image:type\" content=\"image\/png\" \/>\n<meta name=\"twitter:card\" content=\"summary_large_image\" \/>\n<meta name=\"twitter:label1\" content=\"Odhadovan\u00e1 doba \u010dten\u00ed\" \/>\n\t<meta name=\"twitter:data1\" content=\"1 minuta\" \/>\n<script type=\"application\/ld+json\" class=\"yoast-schema-graph\">{\"@context\":\"https:\/\/schema.org\",\"@graph\":[{\"@type\":\"WebPage\",\"@id\":\"https:\/\/klimavex.eu\/cz\/katalog\/ventilator-vortice-nordik-hvls-super-blade-500-200\/\",\"url\":\"https:\/\/klimavex.eu\/cz\/katalog\/ventilator-vortice-nordik-hvls-super-blade-500-200\/\",\"name\":\"Ventil\u00e1tor Vortice Nordik HVLS SUPER BLADE 500\/200\\\" - KLIMAVEX GROUP - \u010cesko\",\"isPartOf\":{\"@id\":\"https:\/\/klimavex.eu\/cz\/#website\"},\"primaryImageOfPage\":{\"@id\":\"https:\/\/klimavex.eu\/cz\/katalog\/ventilator-vortice-nordik-hvls-super-blade-500-200\/#primaryimage\"},\"image\":{\"@id\":\"https:\/\/klimavex.eu\/cz\/katalog\/ventilator-vortice-nordik-hvls-super-blade-500-200\/#primaryimage\"},\"thumbnailUrl\":\"https:\/\/klimavex.eu\/cz\/wp-content\/uploads\/2025\/09\/k_1hX9nJlIu5nux2P7uK9ktlFJ5pqESMTXDoWNjwbqs-11.png\",\"datePublished\":\"2026-04-08T19:07:27+00:00\",\"dateModified\":\"2026-04-08T19:08:21+00:00\",\"breadcrumb\":{\"@id\":\"https:\/\/klimavex.eu\/cz\/katalog\/ventilator-vortice-nordik-hvls-super-blade-500-200\/#breadcrumb\"},\"inLanguage\":\"cs\",\"potentialAction\":[{\"@type\":\"ReadAction\",\"target\":[\"https:\/\/klimavex.eu\/cz\/katalog\/ventilator-vortice-nordik-hvls-super-blade-500-200\/\"]}]},{\"@type\":\"ImageObject\",\"inLanguage\":\"cs\",\"@id\":\"https:\/\/klimavex.eu\/cz\/katalog\/ventilator-vortice-nordik-hvls-super-blade-500-200\/#primaryimage\",\"url\":\"https:\/\/klimavex.eu\/cz\/wp-content\/uploads\/2025\/09\/k_1hX9nJlIu5nux2P7uK9ktlFJ5pqESMTXDoWNjwbqs-11.png\",\"contentUrl\":\"https:\/\/klimavex.eu\/cz\/wp-content\/uploads\/2025\/09\/k_1hX9nJlIu5nux2P7uK9ktlFJ5pqESMTXDoWNjwbqs-11.png\",\"width\":572,\"height\":512},{\"@type\":\"BreadcrumbList\",\"@id\":\"https:\/\/klimavex.eu\/cz\/katalog\/ventilator-vortice-nordik-hvls-super-blade-500-200\/#breadcrumb\",\"itemListElement\":[{\"@type\":\"ListItem\",\"position\":1,\"name\":\"Domovsk\u00e1 str\u00e1nka\",\"item\":\"https:\/\/klimavex.eu\/cz\/\"},{\"@type\":\"ListItem\",\"position\":2,\"name\":\"Eshop\",\"item\":\"https:\/\/klimavex.eu\/cz\/eshop\/\"},{\"@type\":\"ListItem\",\"position\":3,\"name\":\"Ventil\u00e1tor Vortice Nordik HVLS SUPER BLADE 500\/200&#8243;\"}]},{\"@type\":\"WebSite\",\"@id\":\"https:\/\/klimavex.eu\/cz\/#website\",\"url\":\"https:\/\/klimavex.eu\/cz\/\",\"name\":\"KLIMAVEX GROUP - \u010cesko\",\"description\":\"\",\"publisher\":{\"@id\":\"https:\/\/klimavex.eu\/cz\/#organization\"},\"alternateName\":\"KLIMAVEX CZ a.s.\",\"potentialAction\":[{\"@type\":\"SearchAction\",\"target\":{\"@type\":\"EntryPoint\",\"urlTemplate\":\"https:\/\/klimavex.eu\/cz\/?s={search_term_string}\"},\"query-input\":{\"@type\":\"PropertyValueSpecification\",\"valueRequired\":true,\"valueName\":\"search_term_string\"}}],\"inLanguage\":\"cs\"},{\"@type\":\"Organization\",\"@id\":\"https:\/\/klimavex.eu\/cz\/#organization\",\"name\":\"KLIMAVEX GROUP\",\"alternateName\":\"KLIMAVEX\",\"url\":\"https:\/\/klimavex.eu\/cz\/\",\"logo\":{\"@type\":\"ImageObject\",\"inLanguage\":\"cs\",\"@id\":\"https:\/\/klimavex.eu\/cz\/#\/schema\/logo\/image\/\",\"url\":\"https:\/\/klimavex.eu\/cz\/wp-content\/uploads\/2024\/04\/Klimavex-Group-logo.png\",\"contentUrl\":\"https:\/\/klimavex.eu\/cz\/wp-content\/uploads\/2024\/04\/Klimavex-Group-logo.png\",\"width\":1681,\"height\":472,\"caption\":\"KLIMAVEX GROUP\"},\"image\":{\"@id\":\"https:\/\/klimavex.eu\/cz\/#\/schema\/logo\/image\/\"},\"sameAs\":[\"https:\/\/www.facebook.com\/klimavex.cz\",\"https:\/\/www.instagram.com\/klimavex_cz\/\"]}]}<\/script>\n<!-- \/ Yoast SEO plugin. -->","yoast_head_json":{"title":"Ventil\u00e1tor Vortice Nordik HVLS SUPER BLADE 500\/200\" - KLIMAVEX GROUP - \u010cesko","robots":{"index":"index","follow":"follow","max-snippet":"max-snippet:-1","max-image-preview":"max-image-preview:large","max-video-preview":"max-video-preview:-1"},"canonical":"https:\/\/klimavex.eu\/cz\/katalog\/ventilator-vortice-nordik-hvls-super-blade-500-200\/","og_locale":"cs_CZ","og_type":"article","og_title":"Ventil\u00e1tor Vortice Nordik HVLS SUPER BLADE 500\/200\" - KLIMAVEX GROUP - \u010cesko","og_description":"Ventil&aacute;tor NORDIK HVLS SUPER BLADE je d&iacute;ky velk&eacute;mu jmenovit&eacute;mu pr\u016fm\u011bru lopatek (5m), sv&eacute; odolnosti a schopnosti pracovat i za extr&eacute;mn&iacute;ch teplot (-10&deg;C &ndash; 50&deg;C) vhodn&yacute; pro rozproud\u011bn&iacute; vzduchu v&nbsp;pr\u016fmyslov&yacute;ch prostorech. Pro instalace, kde hroz&iacute; vych&yacute;len&iacute; osov&eacute; stability nebo kolize s&nbsp;p\u0159edm\u011bty, lze objednat volitelnou mont&aacute;\u017en&iacute; sadu.","og_url":"https:\/\/klimavex.eu\/cz\/katalog\/ventilator-vortice-nordik-hvls-super-blade-500-200\/","og_site_name":"KLIMAVEX GROUP - \u010cesko","article_publisher":"https:\/\/www.facebook.com\/klimavex.cz","article_modified_time":"2026-04-08T19:08:21+00:00","og_image":[{"width":572,"height":512,"url":"https:\/\/klimavex.eu\/cz\/wp-content\/uploads\/2025\/09\/k_1hX9nJlIu5nux2P7uK9ktlFJ5pqESMTXDoWNjwbqs-11.png","type":"image\/png"}],"twitter_card":"summary_large_image","twitter_misc":{"Odhadovan\u00e1 doba \u010dten\u00ed":"1 minuta"},"schema":{"@context":"https:\/\/schema.org","@graph":[{"@type":"WebPage","@id":"https:\/\/klimavex.eu\/cz\/katalog\/ventilator-vortice-nordik-hvls-super-blade-500-200\/","url":"https:\/\/klimavex.eu\/cz\/katalog\/ventilator-vortice-nordik-hvls-super-blade-500-200\/","name":"Ventil\u00e1tor Vortice Nordik HVLS SUPER BLADE 500\/200\" - KLIMAVEX GROUP - \u010cesko","isPartOf":{"@id":"https:\/\/klimavex.eu\/cz\/#website"},"primaryImageOfPage":{"@id":"https:\/\/klimavex.eu\/cz\/katalog\/ventilator-vortice-nordik-hvls-super-blade-500-200\/#primaryimage"},"image":{"@id":"https:\/\/klimavex.eu\/cz\/katalog\/ventilator-vortice-nordik-hvls-super-blade-500-200\/#primaryimage"},"thumbnailUrl":"https:\/\/klimavex.eu\/cz\/wp-content\/uploads\/2025\/09\/k_1hX9nJlIu5nux2P7uK9ktlFJ5pqESMTXDoWNjwbqs-11.png","datePublished":"2026-04-08T19:07:27+00:00","dateModified":"2026-04-08T19:08:21+00:00","breadcrumb":{"@id":"https:\/\/klimavex.eu\/cz\/katalog\/ventilator-vortice-nordik-hvls-super-blade-500-200\/#breadcrumb"},"inLanguage":"cs","potentialAction":[{"@type":"ReadAction","target":["https:\/\/klimavex.eu\/cz\/katalog\/ventilator-vortice-nordik-hvls-super-blade-500-200\/"]}]},{"@type":"ImageObject","inLanguage":"cs","@id":"https:\/\/klimavex.eu\/cz\/katalog\/ventilator-vortice-nordik-hvls-super-blade-500-200\/#primaryimage","url":"https:\/\/klimavex.eu\/cz\/wp-content\/uploads\/2025\/09\/k_1hX9nJlIu5nux2P7uK9ktlFJ5pqESMTXDoWNjwbqs-11.png","contentUrl":"https:\/\/klimavex.eu\/cz\/wp-content\/uploads\/2025\/09\/k_1hX9nJlIu5nux2P7uK9ktlFJ5pqESMTXDoWNjwbqs-11.png","width":572,"height":512},{"@type":"BreadcrumbList","@id":"https:\/\/klimavex.eu\/cz\/katalog\/ventilator-vortice-nordik-hvls-super-blade-500-200\/#breadcrumb","itemListElement":[{"@type":"ListItem","position":1,"name":"Domovsk\u00e1 str\u00e1nka","item":"https:\/\/klimavex.eu\/cz\/"},{"@type":"ListItem","position":2,"name":"Eshop","item":"https:\/\/klimavex.eu\/cz\/eshop\/"},{"@type":"ListItem","position":3,"name":"Ventil\u00e1tor Vortice Nordik HVLS SUPER BLADE 500\/200&#8243;"}]},{"@type":"WebSite","@id":"https:\/\/klimavex.eu\/cz\/#website","url":"https:\/\/klimavex.eu\/cz\/","name":"KLIMAVEX GROUP - \u010cesko","description":"","publisher":{"@id":"https:\/\/klimavex.eu\/cz\/#organization"},"alternateName":"KLIMAVEX CZ a.s.","potentialAction":[{"@type":"SearchAction","target":{"@type":"EntryPoint","urlTemplate":"https:\/\/klimavex.eu\/cz\/?s={search_term_string}"},"query-input":{"@type":"PropertyValueSpecification","valueRequired":true,"valueName":"search_term_string"}}],"inLanguage":"cs"},{"@type":"Organization","@id":"https:\/\/klimavex.eu\/cz\/#organization","name":"KLIMAVEX GROUP","alternateName":"KLIMAVEX","url":"https:\/\/klimavex.eu\/cz\/","logo":{"@type":"ImageObject","inLanguage":"cs","@id":"https:\/\/klimavex.eu\/cz\/#\/schema\/logo\/image\/","url":"https:\/\/klimavex.eu\/cz\/wp-content\/uploads\/2024\/04\/Klimavex-Group-logo.png","contentUrl":"https:\/\/klimavex.eu\/cz\/wp-content\/uploads\/2024\/04\/Klimavex-Group-logo.png","width":1681,"height":472,"caption":"KLIMAVEX GROUP"},"image":{"@id":"https:\/\/klimavex.eu\/cz\/#\/schema\/logo\/image\/"},"sameAs":["https:\/\/www.facebook.com\/klimavex.cz","https:\/\/www.instagram.com\/klimavex_cz\/"]}]}},"_links":{"self":[{"href":"https:\/\/klimavex.eu\/cz\/wp-json\/wp\/v2\/product\/544567","targetHints":{"allow":["GET"]}}],"collection":[{"href":"https:\/\/klimavex.eu\/cz\/wp-json\/wp\/v2\/product"}],"about":[{"href":"https:\/\/klimavex.eu\/cz\/wp-json\/wp\/v2\/types\/product"}],"version-history":[{"count":0,"href":"https:\/\/klimavex.eu\/cz\/wp-json\/wp\/v2\/product\/544567\/revisions"}],"wp:featuredmedia":[{"embeddable":true,"href":"https:\/\/klimavex.eu\/cz\/wp-json\/wp\/v2\/media\/553043"}],"wp:attachment":[{"href":"https:\/\/klimavex.eu\/cz\/wp-json\/wp\/v2\/media?parent=544567"}],"wp:term":[{"taxonomy":"product_cat","embeddable":true,"href":"https:\/\/klimavex.eu\/cz\/wp-json\/wp\/v2\/product_cat?post=544567"},{"taxonomy":"product_tag","embeddable":true,"href":"https:\/\/klimavex.eu\/cz\/wp-json\/wp\/v2\/product_tag?post=544567"}],"curies":[{"name":"wp","href":"https:\/\/api.w.org\/{rel}","templated":true}]}}