{"id":544637,"date":"2026-03-31T19:01:45","date_gmt":"2026-03-31T17:01:45","guid":{"rendered":"https:\/\/klimavex.eu\/cz\/katalog\/infracerveny-ohrivac-vortice-thermologika-design-standard-svetle-seda-barva\/"},"modified":"2026-03-31T19:01:51","modified_gmt":"2026-03-31T17:01:51","slug":"infracerveny-ohrivac-vortice-thermologika-design-standard-svetle-seda-barva","status":"publish","type":"product","link":"https:\/\/klimavex.eu\/cz\/katalog\/infracerveny-ohrivac-vortice-thermologika-design-standard-svetle-seda-barva\/","title":{"rendered":"Infra\u010derven\u00fd oh\u0159\u00edva\u010d Vortice Thermologika Design Standard (sv\u011btle \u0161ed\u00e1 barva)"},"content":{"rendered":"<p style=\"text-align: justify;\"><strong>Kl&iacute;\u010dov&eacute; vlastnosti:<\/strong><\/p>\n<ul>\n<li style=\"text-align: justify;\">Doba nah\u0159&iacute;v&aacute;n&iacute; cca 30s &ndash; stav okam\u017eit&eacute;ho pohodl&iacute; po zapnut&iacute;.<\/li>\n<li style=\"text-align: justify;\">Bo\u010dn&iacute; panely z lit&eacute;ho hlin&iacute;ku v \u010dern&eacute; barv\u011b.<\/li>\n<li style=\"text-align: justify;\">P\u0159edn&iacute; m\u0159&iacute;\u017eka z nerezov&yacute;ch ty\u010dek.<\/li>\n<li style=\"text-align: justify;\">Pevn&aacute; a lehk&aacute; konstrukce.<\/li>\n<li style=\"text-align: justify;\">Obsahuje t\u0159i infra\u010derven&eacute; z&aacute;\u0159ivky &ndash; ka\u017edou o v&yacute;konu 600W.<\/li>\n<li style=\"text-align: justify;\">Lankov&eacute; ovl&aacute;d&aacute;n&iacute;.<\/li>\n<li style=\"text-align: justify;\">Mont&aacute;\u017e na ze\u010f pouze ve vodorovn&eacute; poloze pomoc&iacute; p\u0159ilo\u017een&eacute; konzole. Instalace se prov&aacute;d&iacute; jednoduch&yacute;m nasunut&iacute;m na konzoli a zaji&scaron;t\u011bn&iacute;m pomoc&iacute; bezpe\u010dnostn&iacute;ho &scaron;roubu.<\/li>\n<li style=\"text-align: justify;\">Mo\u017en&yacute; &uacute;hel n&aacute;klonu 0&deg;-20&deg; polohov&aacute;n&iacute;m po nainstalovan&eacute; konzoli.<\/li>\n<li style=\"text-align: justify;\">Tich&yacute; provoz &ndash; neobsahuje \u017e&aacute;dn&eacute; pohybliv&eacute; \u010d&aacute;sti.<\/li>\n<li style=\"text-align: justify;\">Svorkovnice pro el. p\u0159ipojen&iacute; se nach&aacute;z&iacute; v zadn&iacute; \u010d&aacute;sti pod krytem.<\/li>\n<li style=\"text-align: justify;\">Kryt&iacute; IPX4.<\/li>\n<li style=\"text-align: justify;\">T\u0159&iacute;da izolace CL1 &ndash; za\u0159&iacute;zen&iacute; mus&iacute; b&yacute;t uzemn\u011bno.<\/li>\n<li style=\"text-align: justify;\">Mo\u017enost s&eacute;riov&eacute; nebo paraleln&iacute; instalace 2 oh\u0159&iacute;va\u010d\u016f pomoc&iacute; voliteln&eacute;ho p\u0159&iacute;slu&scaron;enstv&iacute;.<\/li>\n<li style=\"text-align: justify;\">Mo\u017enost mont&aacute;\u017ee v m&iacute;stnostech s vysokou relativn&iacute; vlhkost&iacute;.<\/li>\n<li style=\"text-align: justify;\">Minim&aacute;ln&iacute; doporu\u010den&aacute; vzd&aacute;lenost od podlahy je 1,8m a od stropu 50cm.<\/li>\n<\/ul>\n","protected":false},"excerpt":{"rendered":"<p style=\"text-align: justify;\">N&aacute;st\u011bnn&yacute; infra\u010derven&yacute; oh\u0159&iacute;va\u010d <strong>Vortice Thermologika <\/strong>je vhodn&yacute; pro <strong>vyt&aacute;p\u011bn&iacute; v uzav\u0159en&yacute;ch nebo otev\u0159en&yacute;ch prostor&aacute;ch<\/strong>, jako jsou stavebn&iacute; prostory, obchody, sklady, dom&aacute;cnosti, zimn&iacute; terasy, gar&aacute;\u017ee apod., s po\u017eadavkem <strong>p\u0159&iacute;m&eacute;ho tepla<\/strong>. Teplo z oh\u0159&iacute;va\u010de se &scaron;&iacute;\u0159&iacute; rychlost&iacute; sv\u011btla k lidem a okoln&iacute;m p\u0159edm\u011bt\u016fm (nen&iacute; t\u0159eba oh\u0159&aacute;t celou m&iacute;stnost) a vytv&aacute;\u0159&iacute; tak pohodln&eacute; teplotn&iacute; podm&iacute;nky. Princip podobn&yacute; slune\u010dn&iacute;mu z&aacute;\u0159en&iacute;. Sv\u011btle &scaron;ed&eacute; proveden&iacute;.<\/p>\n","protected":false},"featured_media":553340,"template":"","meta":[],"product_cat":[7562,7632,7631],"product_tag":[],"class_list":{"0":"post-544637","1":"product","2":"type-product","3":"status-publish","4":"has-post-thumbnail","6":"product_cat-ventilatory","7":"product_cat-thermologika","8":"product_cat-elektricke-ohrivace-a-cistice-vzduchu","9":"pa_el-prikon-w-600-1200-1800","10":"pa_kryti-ipx4","11":"pa_provedeni-infraohrivac","12":"pa_typ-thermologika","13":"pa_znacka-vortice","15":"first","16":"instock","17":"taxable","18":"shipping-taxable","19":"purchasable","20":"product-type-simple"},"yoast_head":"<!-- This site is optimized with the Yoast SEO plugin v23.9 - https:\/\/yoast.com\/wordpress\/plugins\/seo\/ -->\n<title>Infra\u010derven\u00fd oh\u0159\u00edva\u010d Vortice Thermologika Design Standard (sv\u011btle \u0161ed\u00e1 barva) - KLIMAVEX GROUP - \u010cesko<\/title>\n<meta name=\"robots\" content=\"index, follow, max-snippet:-1, max-image-preview:large, max-video-preview:-1\" \/>\n<link rel=\"canonical\" href=\"https:\/\/klimavex.eu\/cz\/katalog\/infracerveny-ohrivac-vortice-thermologika-design-standard-svetle-seda-barva\/\" \/>\n<meta property=\"og:locale\" content=\"cs_CZ\" \/>\n<meta property=\"og:type\" content=\"article\" \/>\n<meta property=\"og:title\" content=\"Infra\u010derven\u00fd oh\u0159\u00edva\u010d Vortice Thermologika Design Standard (sv\u011btle \u0161ed\u00e1 barva) - KLIMAVEX GROUP - \u010cesko\" \/>\n<meta property=\"og:description\" content=\"N&aacute;st\u011bnn&yacute; infra\u010derven&yacute; oh\u0159&iacute;va\u010d Vortice Thermologika je vhodn&yacute; pro vyt&aacute;p\u011bn&iacute; v uzav\u0159en&yacute;ch nebo otev\u0159en&yacute;ch prostor&aacute;ch, jako jsou stavebn&iacute; prostory, obchody, sklady, dom&aacute;cnosti, zimn&iacute; terasy, gar&aacute;\u017ee apod., s po\u017eadavkem p\u0159&iacute;m&eacute;ho tepla. Teplo z oh\u0159&iacute;va\u010de se &scaron;&iacute;\u0159&iacute; rychlost&iacute; sv\u011btla k lidem a okoln&iacute;m p\u0159edm\u011bt\u016fm (nen&iacute; t\u0159eba oh\u0159&aacute;t celou m&iacute;stnost) a vytv&aacute;\u0159&iacute; tak pohodln&eacute; teplotn&iacute; podm&iacute;nky. Princip podobn&yacute; slune\u010dn&iacute;mu z&aacute;\u0159en&iacute;. Sv\u011btle &scaron;ed&eacute; proveden&iacute;.\" \/>\n<meta property=\"og:url\" content=\"https:\/\/klimavex.eu\/cz\/katalog\/infracerveny-ohrivac-vortice-thermologika-design-standard-svetle-seda-barva\/\" \/>\n<meta property=\"og:site_name\" content=\"KLIMAVEX GROUP - \u010cesko\" \/>\n<meta property=\"article:publisher\" content=\"https:\/\/www.facebook.com\/klimavex.cz\" \/>\n<meta property=\"article:modified_time\" content=\"2026-03-31T17:01:51+00:00\" \/>\n<meta property=\"og:image\" content=\"https:\/\/klimavex.eu\/cz\/wp-content\/uploads\/2025\/09\/yK21_FQcWgY9-lin_reyhZkxZW4ixEfH8CQw9rmY6Vs.png\" \/>\n\t<meta property=\"og:image:width\" content=\"572\" \/>\n\t<meta property=\"og:image:height\" content=\"512\" \/>\n\t<meta property=\"og:image:type\" content=\"image\/png\" \/>\n<meta name=\"twitter:card\" content=\"summary_large_image\" \/>\n<meta name=\"twitter:label1\" content=\"Odhadovan\u00e1 doba \u010dten\u00ed\" \/>\n\t<meta name=\"twitter:data1\" content=\"1 minuta\" \/>\n<script type=\"application\/ld+json\" class=\"yoast-schema-graph\">{\"@context\":\"https:\/\/schema.org\",\"@graph\":[{\"@type\":\"WebPage\",\"@id\":\"https:\/\/klimavex.eu\/cz\/katalog\/infracerveny-ohrivac-vortice-thermologika-design-standard-svetle-seda-barva\/\",\"url\":\"https:\/\/klimavex.eu\/cz\/katalog\/infracerveny-ohrivac-vortice-thermologika-design-standard-svetle-seda-barva\/\",\"name\":\"Infra\u010derven\u00fd oh\u0159\u00edva\u010d Vortice Thermologika Design Standard (sv\u011btle \u0161ed\u00e1 barva) - KLIMAVEX GROUP - \u010cesko\",\"isPartOf\":{\"@id\":\"https:\/\/klimavex.eu\/cz\/#website\"},\"primaryImageOfPage\":{\"@id\":\"https:\/\/klimavex.eu\/cz\/katalog\/infracerveny-ohrivac-vortice-thermologika-design-standard-svetle-seda-barva\/#primaryimage\"},\"image\":{\"@id\":\"https:\/\/klimavex.eu\/cz\/katalog\/infracerveny-ohrivac-vortice-thermologika-design-standard-svetle-seda-barva\/#primaryimage\"},\"thumbnailUrl\":\"https:\/\/klimavex.eu\/cz\/wp-content\/uploads\/2025\/09\/yK21_FQcWgY9-lin_reyhZkxZW4ixEfH8CQw9rmY6Vs.png\",\"datePublished\":\"2026-03-31T17:01:45+00:00\",\"dateModified\":\"2026-03-31T17:01:51+00:00\",\"breadcrumb\":{\"@id\":\"https:\/\/klimavex.eu\/cz\/katalog\/infracerveny-ohrivac-vortice-thermologika-design-standard-svetle-seda-barva\/#breadcrumb\"},\"inLanguage\":\"cs\",\"potentialAction\":[{\"@type\":\"ReadAction\",\"target\":[\"https:\/\/klimavex.eu\/cz\/katalog\/infracerveny-ohrivac-vortice-thermologika-design-standard-svetle-seda-barva\/\"]}]},{\"@type\":\"ImageObject\",\"inLanguage\":\"cs\",\"@id\":\"https:\/\/klimavex.eu\/cz\/katalog\/infracerveny-ohrivac-vortice-thermologika-design-standard-svetle-seda-barva\/#primaryimage\",\"url\":\"https:\/\/klimavex.eu\/cz\/wp-content\/uploads\/2025\/09\/yK21_FQcWgY9-lin_reyhZkxZW4ixEfH8CQw9rmY6Vs.png\",\"contentUrl\":\"https:\/\/klimavex.eu\/cz\/wp-content\/uploads\/2025\/09\/yK21_FQcWgY9-lin_reyhZkxZW4ixEfH8CQw9rmY6Vs.png\",\"width\":572,\"height\":512},{\"@type\":\"BreadcrumbList\",\"@id\":\"https:\/\/klimavex.eu\/cz\/katalog\/infracerveny-ohrivac-vortice-thermologika-design-standard-svetle-seda-barva\/#breadcrumb\",\"itemListElement\":[{\"@type\":\"ListItem\",\"position\":1,\"name\":\"Domovsk\u00e1 str\u00e1nka\",\"item\":\"https:\/\/klimavex.eu\/cz\/\"},{\"@type\":\"ListItem\",\"position\":2,\"name\":\"Eshop\",\"item\":\"https:\/\/klimavex.eu\/cz\/eshop\/\"},{\"@type\":\"ListItem\",\"position\":3,\"name\":\"Infra\u010derven\u00fd oh\u0159\u00edva\u010d Vortice Thermologika Design Standard (sv\u011btle \u0161ed\u00e1 barva)\"}]},{\"@type\":\"WebSite\",\"@id\":\"https:\/\/klimavex.eu\/cz\/#website\",\"url\":\"https:\/\/klimavex.eu\/cz\/\",\"name\":\"KLIMAVEX GROUP - \u010cesko\",\"description\":\"\",\"publisher\":{\"@id\":\"https:\/\/klimavex.eu\/cz\/#organization\"},\"alternateName\":\"KLIMAVEX CZ a.s.\",\"potentialAction\":[{\"@type\":\"SearchAction\",\"target\":{\"@type\":\"EntryPoint\",\"urlTemplate\":\"https:\/\/klimavex.eu\/cz\/?s={search_term_string}\"},\"query-input\":{\"@type\":\"PropertyValueSpecification\",\"valueRequired\":true,\"valueName\":\"search_term_string\"}}],\"inLanguage\":\"cs\"},{\"@type\":\"Organization\",\"@id\":\"https:\/\/klimavex.eu\/cz\/#organization\",\"name\":\"KLIMAVEX GROUP\",\"alternateName\":\"KLIMAVEX\",\"url\":\"https:\/\/klimavex.eu\/cz\/\",\"logo\":{\"@type\":\"ImageObject\",\"inLanguage\":\"cs\",\"@id\":\"https:\/\/klimavex.eu\/cz\/#\/schema\/logo\/image\/\",\"url\":\"https:\/\/klimavex.eu\/cz\/wp-content\/uploads\/2024\/04\/Klimavex-Group-logo.png\",\"contentUrl\":\"https:\/\/klimavex.eu\/cz\/wp-content\/uploads\/2024\/04\/Klimavex-Group-logo.png\",\"width\":1681,\"height\":472,\"caption\":\"KLIMAVEX GROUP\"},\"image\":{\"@id\":\"https:\/\/klimavex.eu\/cz\/#\/schema\/logo\/image\/\"},\"sameAs\":[\"https:\/\/www.facebook.com\/klimavex.cz\",\"https:\/\/www.instagram.com\/klimavex_cz\/\"]}]}<\/script>\n<!-- \/ Yoast SEO plugin. -->","yoast_head_json":{"title":"Infra\u010derven\u00fd oh\u0159\u00edva\u010d Vortice Thermologika Design Standard (sv\u011btle \u0161ed\u00e1 barva) - KLIMAVEX GROUP - \u010cesko","robots":{"index":"index","follow":"follow","max-snippet":"max-snippet:-1","max-image-preview":"max-image-preview:large","max-video-preview":"max-video-preview:-1"},"canonical":"https:\/\/klimavex.eu\/cz\/katalog\/infracerveny-ohrivac-vortice-thermologika-design-standard-svetle-seda-barva\/","og_locale":"cs_CZ","og_type":"article","og_title":"Infra\u010derven\u00fd oh\u0159\u00edva\u010d Vortice Thermologika Design Standard (sv\u011btle \u0161ed\u00e1 barva) - KLIMAVEX GROUP - \u010cesko","og_description":"N&aacute;st\u011bnn&yacute; infra\u010derven&yacute; oh\u0159&iacute;va\u010d Vortice Thermologika je vhodn&yacute; pro vyt&aacute;p\u011bn&iacute; v uzav\u0159en&yacute;ch nebo otev\u0159en&yacute;ch prostor&aacute;ch, jako jsou stavebn&iacute; prostory, obchody, sklady, dom&aacute;cnosti, zimn&iacute; terasy, gar&aacute;\u017ee apod., s po\u017eadavkem p\u0159&iacute;m&eacute;ho tepla. Teplo z oh\u0159&iacute;va\u010de se &scaron;&iacute;\u0159&iacute; rychlost&iacute; sv\u011btla k lidem a okoln&iacute;m p\u0159edm\u011bt\u016fm (nen&iacute; t\u0159eba oh\u0159&aacute;t celou m&iacute;stnost) a vytv&aacute;\u0159&iacute; tak pohodln&eacute; teplotn&iacute; podm&iacute;nky. Princip podobn&yacute; slune\u010dn&iacute;mu z&aacute;\u0159en&iacute;. Sv\u011btle &scaron;ed&eacute; proveden&iacute;.","og_url":"https:\/\/klimavex.eu\/cz\/katalog\/infracerveny-ohrivac-vortice-thermologika-design-standard-svetle-seda-barva\/","og_site_name":"KLIMAVEX GROUP - \u010cesko","article_publisher":"https:\/\/www.facebook.com\/klimavex.cz","article_modified_time":"2026-03-31T17:01:51+00:00","og_image":[{"width":572,"height":512,"url":"https:\/\/klimavex.eu\/cz\/wp-content\/uploads\/2025\/09\/yK21_FQcWgY9-lin_reyhZkxZW4ixEfH8CQw9rmY6Vs.png","type":"image\/png"}],"twitter_card":"summary_large_image","twitter_misc":{"Odhadovan\u00e1 doba \u010dten\u00ed":"1 minuta"},"schema":{"@context":"https:\/\/schema.org","@graph":[{"@type":"WebPage","@id":"https:\/\/klimavex.eu\/cz\/katalog\/infracerveny-ohrivac-vortice-thermologika-design-standard-svetle-seda-barva\/","url":"https:\/\/klimavex.eu\/cz\/katalog\/infracerveny-ohrivac-vortice-thermologika-design-standard-svetle-seda-barva\/","name":"Infra\u010derven\u00fd oh\u0159\u00edva\u010d Vortice Thermologika Design Standard (sv\u011btle \u0161ed\u00e1 barva) - KLIMAVEX GROUP - \u010cesko","isPartOf":{"@id":"https:\/\/klimavex.eu\/cz\/#website"},"primaryImageOfPage":{"@id":"https:\/\/klimavex.eu\/cz\/katalog\/infracerveny-ohrivac-vortice-thermologika-design-standard-svetle-seda-barva\/#primaryimage"},"image":{"@id":"https:\/\/klimavex.eu\/cz\/katalog\/infracerveny-ohrivac-vortice-thermologika-design-standard-svetle-seda-barva\/#primaryimage"},"thumbnailUrl":"https:\/\/klimavex.eu\/cz\/wp-content\/uploads\/2025\/09\/yK21_FQcWgY9-lin_reyhZkxZW4ixEfH8CQw9rmY6Vs.png","datePublished":"2026-03-31T17:01:45+00:00","dateModified":"2026-03-31T17:01:51+00:00","breadcrumb":{"@id":"https:\/\/klimavex.eu\/cz\/katalog\/infracerveny-ohrivac-vortice-thermologika-design-standard-svetle-seda-barva\/#breadcrumb"},"inLanguage":"cs","potentialAction":[{"@type":"ReadAction","target":["https:\/\/klimavex.eu\/cz\/katalog\/infracerveny-ohrivac-vortice-thermologika-design-standard-svetle-seda-barva\/"]}]},{"@type":"ImageObject","inLanguage":"cs","@id":"https:\/\/klimavex.eu\/cz\/katalog\/infracerveny-ohrivac-vortice-thermologika-design-standard-svetle-seda-barva\/#primaryimage","url":"https:\/\/klimavex.eu\/cz\/wp-content\/uploads\/2025\/09\/yK21_FQcWgY9-lin_reyhZkxZW4ixEfH8CQw9rmY6Vs.png","contentUrl":"https:\/\/klimavex.eu\/cz\/wp-content\/uploads\/2025\/09\/yK21_FQcWgY9-lin_reyhZkxZW4ixEfH8CQw9rmY6Vs.png","width":572,"height":512},{"@type":"BreadcrumbList","@id":"https:\/\/klimavex.eu\/cz\/katalog\/infracerveny-ohrivac-vortice-thermologika-design-standard-svetle-seda-barva\/#breadcrumb","itemListElement":[{"@type":"ListItem","position":1,"name":"Domovsk\u00e1 str\u00e1nka","item":"https:\/\/klimavex.eu\/cz\/"},{"@type":"ListItem","position":2,"name":"Eshop","item":"https:\/\/klimavex.eu\/cz\/eshop\/"},{"@type":"ListItem","position":3,"name":"Infra\u010derven\u00fd oh\u0159\u00edva\u010d Vortice Thermologika Design Standard (sv\u011btle \u0161ed\u00e1 barva)"}]},{"@type":"WebSite","@id":"https:\/\/klimavex.eu\/cz\/#website","url":"https:\/\/klimavex.eu\/cz\/","name":"KLIMAVEX GROUP - \u010cesko","description":"","publisher":{"@id":"https:\/\/klimavex.eu\/cz\/#organization"},"alternateName":"KLIMAVEX CZ a.s.","potentialAction":[{"@type":"SearchAction","target":{"@type":"EntryPoint","urlTemplate":"https:\/\/klimavex.eu\/cz\/?s={search_term_string}"},"query-input":{"@type":"PropertyValueSpecification","valueRequired":true,"valueName":"search_term_string"}}],"inLanguage":"cs"},{"@type":"Organization","@id":"https:\/\/klimavex.eu\/cz\/#organization","name":"KLIMAVEX GROUP","alternateName":"KLIMAVEX","url":"https:\/\/klimavex.eu\/cz\/","logo":{"@type":"ImageObject","inLanguage":"cs","@id":"https:\/\/klimavex.eu\/cz\/#\/schema\/logo\/image\/","url":"https:\/\/klimavex.eu\/cz\/wp-content\/uploads\/2024\/04\/Klimavex-Group-logo.png","contentUrl":"https:\/\/klimavex.eu\/cz\/wp-content\/uploads\/2024\/04\/Klimavex-Group-logo.png","width":1681,"height":472,"caption":"KLIMAVEX GROUP"},"image":{"@id":"https:\/\/klimavex.eu\/cz\/#\/schema\/logo\/image\/"},"sameAs":["https:\/\/www.facebook.com\/klimavex.cz","https:\/\/www.instagram.com\/klimavex_cz\/"]}]}},"_links":{"self":[{"href":"https:\/\/klimavex.eu\/cz\/wp-json\/wp\/v2\/product\/544637","targetHints":{"allow":["GET"]}}],"collection":[{"href":"https:\/\/klimavex.eu\/cz\/wp-json\/wp\/v2\/product"}],"about":[{"href":"https:\/\/klimavex.eu\/cz\/wp-json\/wp\/v2\/types\/product"}],"version-history":[{"count":0,"href":"https:\/\/klimavex.eu\/cz\/wp-json\/wp\/v2\/product\/544637\/revisions"}],"wp:featuredmedia":[{"embeddable":true,"href":"https:\/\/klimavex.eu\/cz\/wp-json\/wp\/v2\/media\/553340"}],"wp:attachment":[{"href":"https:\/\/klimavex.eu\/cz\/wp-json\/wp\/v2\/media?parent=544637"}],"wp:term":[{"taxonomy":"product_cat","embeddable":true,"href":"https:\/\/klimavex.eu\/cz\/wp-json\/wp\/v2\/product_cat?post=544637"},{"taxonomy":"product_tag","embeddable":true,"href":"https:\/\/klimavex.eu\/cz\/wp-json\/wp\/v2\/product_tag?post=544637"}],"curies":[{"name":"wp","href":"https:\/\/api.w.org\/{rel}","templated":true}]}}