{"id":544662,"date":"2026-03-31T19:01:45","date_gmt":"2026-03-31T17:01:45","guid":{"rendered":"https:\/\/klimavex.eu\/cz\/katalog\/dantherm-danx-2-xd-bazenova-jednotka\/"},"modified":"2026-03-31T19:02:33","modified_gmt":"2026-03-31T17:02:33","slug":"vzduchotechnicka-jednotka-dantherm-bazenova-vetraci-odvlhcovaci-kompaktni-danx-2-xd","status":"publish","type":"product","link":"https:\/\/klimavex.eu\/cz\/katalog\/vzduchotechnicka-jednotka-dantherm-bazenova-vetraci-odvlhcovaci-kompaktni-danx-2-xd\/","title":{"rendered":"Vzduchotechnick\u00e1 jednotka Dantherm baz\u00e9nov\u00e1 v\u011btrac\u00ed odvlh\u010dovac\u00ed kompaktn\u00ed DanX 2 XD"},"content":{"rendered":"<p style=\"text-align:justify\"><span style=\"font-size:11pt\"><span style=\"font-family:Calibri,sans-serif\"><strong><span style=\"color:black\">Kl&iacute;\u010dov&eacute; vlastnosti<\/span><\/strong><\/span><\/span><\/p>\n<ul>\n<li style=\"text-align:justify\"><span style=\"font-size:11pt\"><span style=\"font-family:Calibri,sans-serif\"><span style=\"color:black\">Vestav\u011bn&yacute; u\u017eivatelsky p\u0159&iacute;v\u011btiv&yacute; \u0159&iacute;dic&iacute; syst&eacute;m pro vysoce kvalitn&iacute; \u0159&iacute;zen&iacute; po\u017eadavk\u016f. Automatick&eacute; sledov&aacute;n&iacute; a \u0159&iacute;zen&iacute; teploty a vlhkosti baz&eacute;nov&eacute; haly. Vlastn&iacute; software provozuje jednotku co nejefektivn\u011bji za r\u016fzn&yacute;ch podm&iacute;nek.<\/span><\/span><\/span><\/li>\n<li style=\"text-align:justify\"><span style=\"font-size:11pt\"><span style=\"font-family:Calibri,sans-serif\"><span style=\"color:black\">Dvojit&eacute; k\u0159&iacute;\u017eov&eacute; v&yacute;m\u011bn&iacute;ky tepla s vysokou &uacute;\u010dinnost&iacute; v&iacute;ce ne\u017e 85 % a n&iacute;zkou tlakovou ztr&aacute;tou.<\/span><\/span><\/span><\/li>\n<li style=\"text-align:justify\"><span style=\"font-size:11pt\"><span style=\"font-family:Calibri,sans-serif\"><span style=\"color:black\">Vestav\u011bn&yacute; bypass pro voln&eacute; chlazen&iacute; v l&eacute;t\u011b.<\/span><\/span><\/span><\/li>\n<li style=\"text-align:justify\"><span style=\"font-size:11pt\"><span style=\"font-family:Calibri,sans-serif\"><span style=\"color:black\">Vysoce energeticky &uacute;\u010dinn&eacute; EC z&aacute;str\u010dkov&eacute; ventil&aacute;tory.<\/span><\/span><\/span><\/li>\n<li style=\"text-align:justify\"><span style=\"font-size:11pt\"><span style=\"font-family:Calibri,sans-serif\"><span style=\"color:black\">&Uacute;\u010dinn&eacute; kompaktn&iacute; filtry M5\/ePM10 70 % a F7\/ePM1 55 % s n&iacute;zkou tlakovou ztr&aacute;tou.<\/span><\/span><\/span><\/li>\n<li style=\"text-align:justify\"><span style=\"font-size:11pt\"><span style=\"font-family:Calibri,sans-serif\"><span style=\"color:black\">Samonosn&aacute; sk\u0159&iacute;\u0148 s \u017e&aacute;rov\u011b zinkovan&yacute;mi, pr&aacute;&scaron;kov\u011b lakovan&yacute;mi sendvi\u010dov&yacute;mi panely s 50 mm izolac&iacute; z miner&aacute;ln&iacute; vlny, vnit\u0159n&iacute;mi p\u0159&iacute;\u010dkami 30 mm a spodn&iacute;m r&aacute;mem s nastaviteln&yacute;mi no\u017ei\u010dkami.<\/span><\/span><\/span><\/li>\n<li style=\"text-align:justify\"><span style=\"font-size:11pt\"><span style=\"font-family:Calibri,sans-serif\"><span style=\"color:black\">Navr\u017eeno tak, aby odolalo agresivn&iacute;mu prost\u0159ed&iacute; baz&eacute;nu (t\u0159&iacute;da koroze C4 podle EN\/ISO 12944-2), s epoxidem pota\u017een&yacute;m k\u0159&iacute;\u017eov&yacute;m v&yacute;m\u011bn&iacute;kem tepla, topnou spir&aacute;lou s hlin&iacute;kov&yacute;m r&aacute;mem, p\u0159edem nat\u0159en&yacute;mi \u017eebry a epoxidov&yacute;m n&aacute;t\u011brem pro ochranu v&scaron;ech upev\u0148ovac&iacute;ch prvk\u016f, &scaron;roub\u016f, o\u0159echy.<\/span><\/span><\/span><\/li>\n<li style=\"text-align:justify\"><span style=\"font-size:11pt\"><span style=\"font-family:Calibri,sans-serif\"><span style=\"color:black\">Dv\u011b velk&aacute; revizn&iacute; dv&iacute;\u0159ka se siln&yacute;mi panty a jaz&yacute;\u010dkov&yacute;mi z&aacute;mky a rukojet&iacute; pro snadn&yacute; p\u0159&iacute;stup pro servis.<\/span><\/span><\/span><\/li>\n<li style=\"text-align:justify\"><span style=\"font-size:11pt\"><span style=\"font-family:Calibri,sans-serif\"><span style=\"color:black\">\u0158e&scaron;en&iacute; typu &bdquo;v&scaron;e v jednom&ldquo; pro snadnou a rychlou instalaci &ndash; v&scaron;echny senzory a elektrick&eacute; komponenty jsou p\u0159edem p\u0159ipojeny.<\/span><\/span><\/span><\/li>\n<li style=\"text-align:justify\"><span style=\"font-size:11pt\"><span style=\"font-family:Calibri,sans-serif\"><span style=\"color:black\">BMS komunikace s Modbus nebo BACnet.<\/span><\/span><\/span><\/li>\n<\/ul>\n","protected":false},"excerpt":{"rendered":"<p style=\"text-align:justify\"><span style=\"font-size:11pt\"><span style=\"font-family:Calibri,sans-serif\"><span style=\"color:black\">Vzduchotechnick&aacute; jednotka <strong>Dantherm DanX 2 XD<\/strong> je velmi &uacute;\u010dinn&yacute; ventila\u010dn&iacute; syst&eacute;m, kter&yacute; vyu\u017e&iacute;v&aacute; venkovn&iacute; vzduch k&nbsp;odvlh\u010dov&aacute;n&iacute; pomoc&iacute; <strong>dvojit&eacute;ho v&yacute;m\u011bn&iacute;ku tepla<\/strong>, kter&yacute; poskytuje <strong>a\u017e 95% rekuperaci tepla<\/strong>. To sni\u017euje spot\u0159ebu energie a celkov&eacute; provozn&iacute; n&aacute;klady. D&iacute;ky tomu je jednotka ide&aacute;ln&iacute; pro \u0159&iacute;zen&iacute; vlhkosti a teploty <strong>v&nbsp;m&iacute;stnosti s&nbsp;baz&eacute;nem<\/strong>.<\/span><\/span><\/span><\/p>\n","protected":false},"featured_media":554178,"template":"","meta":[],"product_cat":[7561],"product_tag":[],"class_list":{"0":"post-544662","1":"product","2":"type-product","3":"status-publish","4":"has-post-thumbnail","6":"product_cat-vzt-bazenove-jednotky-danx","7":"pa_vzduchovy-vykon-qv-m3-12636","8":"pa_znacka-dantherm","10":"first","11":"instock","12":"taxable","13":"shipping-taxable","14":"purchasable","15":"product-type-simple"},"yoast_head":"<!-- This site is optimized with the Yoast SEO plugin v23.9 - https:\/\/yoast.com\/wordpress\/plugins\/seo\/ -->\n<title>Vzduchotechnick\u00e1 jednotka Dantherm baz\u00e9nov\u00e1 v\u011btrac\u00ed odvlh\u010dovac\u00ed kompaktn\u00ed DanX 2 XD - KLIMAVEX GROUP - \u010cesko<\/title>\n<meta name=\"robots\" content=\"index, follow, max-snippet:-1, max-image-preview:large, max-video-preview:-1\" \/>\n<link rel=\"canonical\" href=\"https:\/\/klimavex.eu\/cz\/katalog\/dantherm-danx-2-xd-bazenova-jednotka\/\" \/>\n<meta property=\"og:locale\" content=\"cs_CZ\" \/>\n<meta property=\"og:type\" content=\"article\" \/>\n<meta property=\"og:title\" content=\"Vzduchotechnick\u00e1 jednotka Dantherm baz\u00e9nov\u00e1 v\u011btrac\u00ed odvlh\u010dovac\u00ed kompaktn\u00ed DanX 2 XD - KLIMAVEX GROUP - \u010cesko\" \/>\n<meta property=\"og:description\" content=\"Vzduchotechnick&aacute; jednotka Dantherm DanX 2 XD je velmi &uacute;\u010dinn&yacute; ventila\u010dn&iacute; syst&eacute;m, kter&yacute; vyu\u017e&iacute;v&aacute; venkovn&iacute; vzduch k&nbsp;odvlh\u010dov&aacute;n&iacute; pomoc&iacute; dvojit&eacute;ho v&yacute;m\u011bn&iacute;ku tepla, kter&yacute; poskytuje a\u017e 95% rekuperaci tepla. To sni\u017euje spot\u0159ebu energie a celkov&eacute; provozn&iacute; n&aacute;klady. D&iacute;ky tomu je jednotka ide&aacute;ln&iacute; pro \u0159&iacute;zen&iacute; vlhkosti a teploty v&nbsp;m&iacute;stnosti s&nbsp;baz&eacute;nem.\" \/>\n<meta property=\"og:url\" content=\"https:\/\/klimavex.eu\/cz\/katalog\/dantherm-danx-2-xd-bazenova-jednotka\/\" \/>\n<meta property=\"og:site_name\" content=\"KLIMAVEX GROUP - \u010cesko\" \/>\n<meta property=\"article:publisher\" content=\"https:\/\/www.facebook.com\/klimavex.cz\" \/>\n<meta property=\"article:modified_time\" content=\"2026-03-31T17:02:33+00:00\" \/>\n<meta property=\"og:image\" content=\"https:\/\/klimavex.eu\/cz\/wp-content\/uploads\/2025\/09\/hGJyZHbNwMQ2HNzo3L6xzuDcffmKVh6Kvp8X5P1b8zw.png\" \/>\n\t<meta property=\"og:image:width\" content=\"608\" \/>\n\t<meta property=\"og:image:height\" content=\"512\" \/>\n\t<meta property=\"og:image:type\" content=\"image\/png\" \/>\n<meta name=\"twitter:card\" content=\"summary_large_image\" \/>\n<meta name=\"twitter:label1\" content=\"Odhadovan\u00e1 doba \u010dten\u00ed\" \/>\n\t<meta name=\"twitter:data1\" content=\"2 minuty\" \/>\n<script type=\"application\/ld+json\" class=\"yoast-schema-graph\">{\"@context\":\"https:\/\/schema.org\",\"@graph\":[{\"@type\":\"WebPage\",\"@id\":\"https:\/\/klimavex.eu\/cz\/katalog\/dantherm-danx-2-xd-bazenova-jednotka\/\",\"url\":\"https:\/\/klimavex.eu\/cz\/katalog\/dantherm-danx-2-xd-bazenova-jednotka\/\",\"name\":\"Vzduchotechnick\u00e1 jednotka Dantherm baz\u00e9nov\u00e1 v\u011btrac\u00ed odvlh\u010dovac\u00ed kompaktn\u00ed DanX 2 XD - KLIMAVEX GROUP - \u010cesko\",\"isPartOf\":{\"@id\":\"https:\/\/klimavex.eu\/cz\/#website\"},\"primaryImageOfPage\":{\"@id\":\"https:\/\/klimavex.eu\/cz\/katalog\/dantherm-danx-2-xd-bazenova-jednotka\/#primaryimage\"},\"image\":{\"@id\":\"https:\/\/klimavex.eu\/cz\/katalog\/dantherm-danx-2-xd-bazenova-jednotka\/#primaryimage\"},\"thumbnailUrl\":\"https:\/\/klimavex.eu\/cz\/wp-content\/uploads\/2025\/09\/hGJyZHbNwMQ2HNzo3L6xzuDcffmKVh6Kvp8X5P1b8zw.png\",\"datePublished\":\"2026-03-31T17:01:45+00:00\",\"dateModified\":\"2026-03-31T17:02:33+00:00\",\"breadcrumb\":{\"@id\":\"https:\/\/klimavex.eu\/cz\/katalog\/dantherm-danx-2-xd-bazenova-jednotka\/#breadcrumb\"},\"inLanguage\":\"cs\",\"potentialAction\":[{\"@type\":\"ReadAction\",\"target\":[\"https:\/\/klimavex.eu\/cz\/katalog\/dantherm-danx-2-xd-bazenova-jednotka\/\"]}]},{\"@type\":\"ImageObject\",\"inLanguage\":\"cs\",\"@id\":\"https:\/\/klimavex.eu\/cz\/katalog\/dantherm-danx-2-xd-bazenova-jednotka\/#primaryimage\",\"url\":\"https:\/\/klimavex.eu\/cz\/wp-content\/uploads\/2025\/09\/hGJyZHbNwMQ2HNzo3L6xzuDcffmKVh6Kvp8X5P1b8zw.png\",\"contentUrl\":\"https:\/\/klimavex.eu\/cz\/wp-content\/uploads\/2025\/09\/hGJyZHbNwMQ2HNzo3L6xzuDcffmKVh6Kvp8X5P1b8zw.png\",\"width\":608,\"height\":512},{\"@type\":\"BreadcrumbList\",\"@id\":\"https:\/\/klimavex.eu\/cz\/katalog\/dantherm-danx-2-xd-bazenova-jednotka\/#breadcrumb\",\"itemListElement\":[{\"@type\":\"ListItem\",\"position\":1,\"name\":\"Domovsk\u00e1 str\u00e1nka\",\"item\":\"https:\/\/klimavex.eu\/cz\/\"},{\"@type\":\"ListItem\",\"position\":2,\"name\":\"Eshop\",\"item\":\"https:\/\/klimavex.eu\/cz\/eshop\/\"},{\"@type\":\"ListItem\",\"position\":3,\"name\":\"Dantherm DanX 2 XD baz\u00e9nov\u00e1 jednotka\"}]},{\"@type\":\"WebSite\",\"@id\":\"https:\/\/klimavex.eu\/cz\/#website\",\"url\":\"https:\/\/klimavex.eu\/cz\/\",\"name\":\"KLIMAVEX GROUP - \u010cesko\",\"description\":\"\",\"publisher\":{\"@id\":\"https:\/\/klimavex.eu\/cz\/#organization\"},\"alternateName\":\"KLIMAVEX CZ a.s.\",\"potentialAction\":[{\"@type\":\"SearchAction\",\"target\":{\"@type\":\"EntryPoint\",\"urlTemplate\":\"https:\/\/klimavex.eu\/cz\/?s={search_term_string}\"},\"query-input\":{\"@type\":\"PropertyValueSpecification\",\"valueRequired\":true,\"valueName\":\"search_term_string\"}}],\"inLanguage\":\"cs\"},{\"@type\":\"Organization\",\"@id\":\"https:\/\/klimavex.eu\/cz\/#organization\",\"name\":\"KLIMAVEX GROUP\",\"alternateName\":\"KLIMAVEX\",\"url\":\"https:\/\/klimavex.eu\/cz\/\",\"logo\":{\"@type\":\"ImageObject\",\"inLanguage\":\"cs\",\"@id\":\"https:\/\/klimavex.eu\/cz\/#\/schema\/logo\/image\/\",\"url\":\"https:\/\/klimavex.eu\/cz\/wp-content\/uploads\/2024\/04\/Klimavex-Group-logo.png\",\"contentUrl\":\"https:\/\/klimavex.eu\/cz\/wp-content\/uploads\/2024\/04\/Klimavex-Group-logo.png\",\"width\":1681,\"height\":472,\"caption\":\"KLIMAVEX GROUP\"},\"image\":{\"@id\":\"https:\/\/klimavex.eu\/cz\/#\/schema\/logo\/image\/\"},\"sameAs\":[\"https:\/\/www.facebook.com\/klimavex.cz\",\"https:\/\/www.instagram.com\/klimavex_cz\/\"]}]}<\/script>\n<!-- \/ Yoast SEO plugin. -->","yoast_head_json":{"title":"Vzduchotechnick\u00e1 jednotka Dantherm baz\u00e9nov\u00e1 v\u011btrac\u00ed odvlh\u010dovac\u00ed kompaktn\u00ed DanX 2 XD - KLIMAVEX GROUP - \u010cesko","robots":{"index":"index","follow":"follow","max-snippet":"max-snippet:-1","max-image-preview":"max-image-preview:large","max-video-preview":"max-video-preview:-1"},"canonical":"https:\/\/klimavex.eu\/cz\/katalog\/dantherm-danx-2-xd-bazenova-jednotka\/","og_locale":"cs_CZ","og_type":"article","og_title":"Vzduchotechnick\u00e1 jednotka Dantherm baz\u00e9nov\u00e1 v\u011btrac\u00ed odvlh\u010dovac\u00ed kompaktn\u00ed DanX 2 XD - KLIMAVEX GROUP - \u010cesko","og_description":"Vzduchotechnick&aacute; jednotka Dantherm DanX 2 XD je velmi &uacute;\u010dinn&yacute; ventila\u010dn&iacute; syst&eacute;m, kter&yacute; vyu\u017e&iacute;v&aacute; venkovn&iacute; vzduch k&nbsp;odvlh\u010dov&aacute;n&iacute; pomoc&iacute; dvojit&eacute;ho v&yacute;m\u011bn&iacute;ku tepla, kter&yacute; poskytuje a\u017e 95% rekuperaci tepla. To sni\u017euje spot\u0159ebu energie a celkov&eacute; provozn&iacute; n&aacute;klady. D&iacute;ky tomu je jednotka ide&aacute;ln&iacute; pro \u0159&iacute;zen&iacute; vlhkosti a teploty v&nbsp;m&iacute;stnosti s&nbsp;baz&eacute;nem.","og_url":"https:\/\/klimavex.eu\/cz\/katalog\/dantherm-danx-2-xd-bazenova-jednotka\/","og_site_name":"KLIMAVEX GROUP - \u010cesko","article_publisher":"https:\/\/www.facebook.com\/klimavex.cz","article_modified_time":"2026-03-31T17:02:33+00:00","og_image":[{"width":608,"height":512,"url":"https:\/\/klimavex.eu\/cz\/wp-content\/uploads\/2025\/09\/hGJyZHbNwMQ2HNzo3L6xzuDcffmKVh6Kvp8X5P1b8zw.png","type":"image\/png"}],"twitter_card":"summary_large_image","twitter_misc":{"Odhadovan\u00e1 doba \u010dten\u00ed":"2 minuty"},"schema":{"@context":"https:\/\/schema.org","@graph":[{"@type":"WebPage","@id":"https:\/\/klimavex.eu\/cz\/katalog\/dantherm-danx-2-xd-bazenova-jednotka\/","url":"https:\/\/klimavex.eu\/cz\/katalog\/dantherm-danx-2-xd-bazenova-jednotka\/","name":"Vzduchotechnick\u00e1 jednotka Dantherm baz\u00e9nov\u00e1 v\u011btrac\u00ed odvlh\u010dovac\u00ed kompaktn\u00ed DanX 2 XD - KLIMAVEX GROUP - \u010cesko","isPartOf":{"@id":"https:\/\/klimavex.eu\/cz\/#website"},"primaryImageOfPage":{"@id":"https:\/\/klimavex.eu\/cz\/katalog\/dantherm-danx-2-xd-bazenova-jednotka\/#primaryimage"},"image":{"@id":"https:\/\/klimavex.eu\/cz\/katalog\/dantherm-danx-2-xd-bazenova-jednotka\/#primaryimage"},"thumbnailUrl":"https:\/\/klimavex.eu\/cz\/wp-content\/uploads\/2025\/09\/hGJyZHbNwMQ2HNzo3L6xzuDcffmKVh6Kvp8X5P1b8zw.png","datePublished":"2026-03-31T17:01:45+00:00","dateModified":"2026-03-31T17:02:33+00:00","breadcrumb":{"@id":"https:\/\/klimavex.eu\/cz\/katalog\/dantherm-danx-2-xd-bazenova-jednotka\/#breadcrumb"},"inLanguage":"cs","potentialAction":[{"@type":"ReadAction","target":["https:\/\/klimavex.eu\/cz\/katalog\/dantherm-danx-2-xd-bazenova-jednotka\/"]}]},{"@type":"ImageObject","inLanguage":"cs","@id":"https:\/\/klimavex.eu\/cz\/katalog\/dantherm-danx-2-xd-bazenova-jednotka\/#primaryimage","url":"https:\/\/klimavex.eu\/cz\/wp-content\/uploads\/2025\/09\/hGJyZHbNwMQ2HNzo3L6xzuDcffmKVh6Kvp8X5P1b8zw.png","contentUrl":"https:\/\/klimavex.eu\/cz\/wp-content\/uploads\/2025\/09\/hGJyZHbNwMQ2HNzo3L6xzuDcffmKVh6Kvp8X5P1b8zw.png","width":608,"height":512},{"@type":"BreadcrumbList","@id":"https:\/\/klimavex.eu\/cz\/katalog\/dantherm-danx-2-xd-bazenova-jednotka\/#breadcrumb","itemListElement":[{"@type":"ListItem","position":1,"name":"Domovsk\u00e1 str\u00e1nka","item":"https:\/\/klimavex.eu\/cz\/"},{"@type":"ListItem","position":2,"name":"Eshop","item":"https:\/\/klimavex.eu\/cz\/eshop\/"},{"@type":"ListItem","position":3,"name":"Dantherm DanX 2 XD baz\u00e9nov\u00e1 jednotka"}]},{"@type":"WebSite","@id":"https:\/\/klimavex.eu\/cz\/#website","url":"https:\/\/klimavex.eu\/cz\/","name":"KLIMAVEX GROUP - \u010cesko","description":"","publisher":{"@id":"https:\/\/klimavex.eu\/cz\/#organization"},"alternateName":"KLIMAVEX CZ a.s.","potentialAction":[{"@type":"SearchAction","target":{"@type":"EntryPoint","urlTemplate":"https:\/\/klimavex.eu\/cz\/?s={search_term_string}"},"query-input":{"@type":"PropertyValueSpecification","valueRequired":true,"valueName":"search_term_string"}}],"inLanguage":"cs"},{"@type":"Organization","@id":"https:\/\/klimavex.eu\/cz\/#organization","name":"KLIMAVEX GROUP","alternateName":"KLIMAVEX","url":"https:\/\/klimavex.eu\/cz\/","logo":{"@type":"ImageObject","inLanguage":"cs","@id":"https:\/\/klimavex.eu\/cz\/#\/schema\/logo\/image\/","url":"https:\/\/klimavex.eu\/cz\/wp-content\/uploads\/2024\/04\/Klimavex-Group-logo.png","contentUrl":"https:\/\/klimavex.eu\/cz\/wp-content\/uploads\/2024\/04\/Klimavex-Group-logo.png","width":1681,"height":472,"caption":"KLIMAVEX GROUP"},"image":{"@id":"https:\/\/klimavex.eu\/cz\/#\/schema\/logo\/image\/"},"sameAs":["https:\/\/www.facebook.com\/klimavex.cz","https:\/\/www.instagram.com\/klimavex_cz\/"]}]}},"_links":{"self":[{"href":"https:\/\/klimavex.eu\/cz\/wp-json\/wp\/v2\/product\/544662","targetHints":{"allow":["GET"]}}],"collection":[{"href":"https:\/\/klimavex.eu\/cz\/wp-json\/wp\/v2\/product"}],"about":[{"href":"https:\/\/klimavex.eu\/cz\/wp-json\/wp\/v2\/types\/product"}],"version-history":[{"count":0,"href":"https:\/\/klimavex.eu\/cz\/wp-json\/wp\/v2\/product\/544662\/revisions"}],"wp:featuredmedia":[{"embeddable":true,"href":"https:\/\/klimavex.eu\/cz\/wp-json\/wp\/v2\/media\/554178"}],"wp:attachment":[{"href":"https:\/\/klimavex.eu\/cz\/wp-json\/wp\/v2\/media?parent=544662"}],"wp:term":[{"taxonomy":"product_cat","embeddable":true,"href":"https:\/\/klimavex.eu\/cz\/wp-json\/wp\/v2\/product_cat?post=544662"},{"taxonomy":"product_tag","embeddable":true,"href":"https:\/\/klimavex.eu\/cz\/wp-json\/wp\/v2\/product_tag?post=544662"}],"curies":[{"name":"wp","href":"https:\/\/api.w.org\/{rel}","templated":true}]}}