{"id":544666,"date":"2026-03-31T19:01:45","date_gmt":"2026-03-31T17:01:45","guid":{"rendered":"https:\/\/klimavex.eu\/cz\/katalog\/odvlhcovac-dantherm-cdp-135-wcc-3f\/"},"modified":"2026-03-31T19:02:39","modified_gmt":"2026-03-31T17:02:39","slug":"odvlhcovac-dantherm-bazenovy-potrubni-do-strojovny-s-vodou-chlazenym-kondenzatorem-400v-cdp-135-3f-wcc","status":"publish","type":"product","link":"https:\/\/klimavex.eu\/cz\/katalog\/odvlhcovac-dantherm-bazenovy-potrubni-do-strojovny-s-vodou-chlazenym-kondenzatorem-400v-cdp-135-3f-wcc\/","title":{"rendered":"Odvlh\u010dova\u010d Dantherm baz\u00e9nov\u00fd potrubn\u00ed do strojovny s vodou chlazen\u00fdm kondenz\u00e1torem 400V CDP 135 3F WCC"},"content":{"rendered":"<p style=\"text-align: justify;\"><strong>Kl&iacute;\u010dov&eacute; vlastnosti<\/strong><\/p>\n<ul style=\"text-align: justify;\">\n<li>Odvlh\u010dovac&iacute; v&yacute;kon 155 l\/24h (p\u0159i teplot\u011b 30&deg;C a vlhkosti 60% RH)<\/li>\n<li>Provozn&iacute; teplotn&iacute; rozsah 15-38&deg;C<\/li>\n<li>Vzduchov&yacute; v&yacute;kon 2500 m&sup3;\/h<\/li>\n<li>WCC &ndash; vodou chlazen&yacute; kondenz&aacute;tor<\/li>\n<li>Sendvi\u010dov&eacute; panely s 45mm izolac&iacute;<\/li>\n<li>N&iacute;zk&aacute; spot\u0159eba energie<\/li>\n<li>Radi&aacute;ln&iacute; EC ventil&aacute;tor s&nbsp;\u0159&iacute;zen&iacute;m na konstantn&iacute; pr\u016ftok<\/li>\n<li>Tich&yacute; provoz<\/li>\n<li>Zabudovan&yacute; hygrostat<\/li>\n<li>Integrovan&yacute; dotykov&yacute; ovlada\u010d<\/li>\n<li>Zabudovan&yacute; filtr na s&aacute;n&iacute;<\/li>\n<li>V&yacute;m\u011bn&iacute;ky o&scaron;et\u0159en&eacute; epoxidov&yacute;m n&aacute;t\u011brem<\/li>\n<li>T\u0159&iacute;da odolnosti v\u016f\u010di korozi C4<\/li>\n<li>Servisn&iacute; ventil na chladic&iacute;m okruhu<\/li>\n<li>Aktualizace a ulo\u017een&iacute; parametr\u016f na SD kartu<\/li>\n<li>Kompatibilita s&nbsp;BMS (ModBus)<\/li>\n<li>Servisn&iacute; dve\u0159e s&nbsp;mo\u017enost&iacute; mont&aacute;\u017ee na opa\u010dnou stranu<\/li>\n<li>Nas&aacute;v&aacute;n&iacute; v&nbsp;horizont&aacute;ln&iacute;m sm\u011bru<\/li>\n<li>V&yacute;fuk v&nbsp;horizont&aacute;ln&iacute;m nebo vertik&aacute;ln&iacute;m sm\u011bru<\/li>\n<li>Kryt&iacute; IPX4<\/li>\n<\/ul>\n<p style=\"text-align: justify;\"><strong>P\u0159&iacute;slu&scaron;enstv&iacute;<\/strong><\/p>\n<ul>\n<li style=\"text-align: justify;\">D&aacute;lkov&yacute; bezdr&aacute;tov&yacute; ovlada\u010d DRC<\/li>\n<li style=\"text-align: justify;\">Extern&iacute; sn&iacute;ma\u010d vlhkosti a teploty s&nbsp;20m kabelem<\/li>\n<li style=\"text-align: justify;\">N&aacute;st\u011bnn&eacute; konzole<\/li>\n<li style=\"text-align: justify;\">Antivibra\u010dn&iacute; podp\u011bry<\/li>\n<li style=\"text-align: justify;\">Topn&yacute; vodn&iacute; v&yacute;m\u011bn&iacute;k<\/li>\n<li style=\"text-align: justify;\">2cestn&yacute; ventil s&nbsp;pohonem pro topn&yacute; vodn&iacute; v&yacute;m\u011bn&iacute;k<\/li>\n<\/ul>\n","protected":false},"excerpt":{"rendered":"<p style=\"text-align: justify;\">Odvlh\u010dova\u010d <strong>Dantherm CDP 135 WCC 3F<\/strong> je <strong>baz&eacute;nov&yacute; odvlh\u010dova\u010d <\/strong>vhodn&yacute; <strong>pro velk&eacute; priv&aacute;tn&iacute; baz&eacute;ny, hotelov&eacute; baz&eacute;ny a wellness centra s vodn&iacute; plochou baz&eacute;nu cca do 85 m<sup>2<\/sup><\/strong>. Tak&eacute; je mo\u017en&eacute; jej vyu\u017e&iacute;t v t\u011blocvi\u010dn&aacute;ch, s&aacute;lech \u010di v&yacute;robn&iacute;ch hal&aacute;ch s vysokou vlhkost&iacute;. Instaluje se do strojovny s napojen&iacute;m na potrub&iacute;. El. nap&aacute;jen&iacute; 3x400V\/50Hz. Tento model je nav&iacute;c vybaven vodou chlazen&yacute;m kondenz&aacute;torem (WCC), kter&yacute; umo\u017e\u0148uje vyu\u017eit&iacute; p\u0159ebytku tepla pro vyh\u0159&iacute;v&aacute;n&iacute; baz&eacute;nu nebo p\u0159&iacute;pravu tepl&eacute; vody.<\/p>\n","protected":false},"featured_media":554189,"template":"","meta":[],"product_cat":[7559,7553],"product_tag":[],"class_list":{"0":"post-544666","1":"product","2":"type-product","3":"status-publish","4":"has-post-thumbnail","6":"product_cat-potrubni-bazenove-odvlhcovace","7":"product_cat-odvlhcovace","8":"pa_akusticky-tlak-lp-1m-12641","9":"pa_odvlhcovaci-vykon-pri-30c-12643","10":"pa_pro-plochu-m2-orientacne-12642","11":"pa_provedeni-potrubni-bazenovy","12":"pa_provozni-rozsah-teplota-c-15c-38c","13":"pa_typ-cdp","14":"pa_vzduchovy-vykon-qv-m3-12622","15":"pa_znacka-dantherm","17":"first","18":"instock","19":"taxable","20":"shipping-taxable","21":"purchasable","22":"product-type-simple"},"yoast_head":"<!-- This site is optimized with the Yoast SEO plugin v23.9 - https:\/\/yoast.com\/wordpress\/plugins\/seo\/ -->\n<title>Odvlh\u010dova\u010d Dantherm baz\u00e9nov\u00fd potrubn\u00ed do strojovny s vodou chlazen\u00fdm kondenz\u00e1torem 400V CDP 135 3F WCC - KLIMAVEX GROUP - \u010cesko<\/title>\n<meta name=\"robots\" content=\"index, follow, max-snippet:-1, max-image-preview:large, max-video-preview:-1\" \/>\n<link rel=\"canonical\" href=\"https:\/\/klimavex.eu\/cz\/katalog\/odvlhcovac-dantherm-cdp-135-wcc-3f\/\" \/>\n<meta property=\"og:locale\" content=\"cs_CZ\" \/>\n<meta property=\"og:type\" content=\"article\" \/>\n<meta property=\"og:title\" content=\"Odvlh\u010dova\u010d Dantherm baz\u00e9nov\u00fd potrubn\u00ed do strojovny s vodou chlazen\u00fdm kondenz\u00e1torem 400V CDP 135 3F WCC - KLIMAVEX GROUP - \u010cesko\" \/>\n<meta property=\"og:description\" content=\"Odvlh\u010dova\u010d Dantherm CDP 135 WCC 3F je baz&eacute;nov&yacute; odvlh\u010dova\u010d vhodn&yacute; pro velk&eacute; priv&aacute;tn&iacute; baz&eacute;ny, hotelov&eacute; baz&eacute;ny a wellness centra s vodn&iacute; plochou baz&eacute;nu cca do 85 m2. Tak&eacute; je mo\u017en&eacute; jej vyu\u017e&iacute;t v t\u011blocvi\u010dn&aacute;ch, s&aacute;lech \u010di v&yacute;robn&iacute;ch hal&aacute;ch s vysokou vlhkost&iacute;. Instaluje se do strojovny s napojen&iacute;m na potrub&iacute;. El. nap&aacute;jen&iacute; 3x400V\/50Hz. Tento model je nav&iacute;c vybaven vodou chlazen&yacute;m kondenz&aacute;torem (WCC), kter&yacute; umo\u017e\u0148uje vyu\u017eit&iacute; p\u0159ebytku tepla pro vyh\u0159&iacute;v&aacute;n&iacute; baz&eacute;nu nebo p\u0159&iacute;pravu tepl&eacute; vody.\" \/>\n<meta property=\"og:url\" content=\"https:\/\/klimavex.eu\/cz\/katalog\/odvlhcovac-dantherm-cdp-135-wcc-3f\/\" \/>\n<meta property=\"og:site_name\" content=\"KLIMAVEX GROUP - \u010cesko\" \/>\n<meta property=\"article:publisher\" content=\"https:\/\/www.facebook.com\/klimavex.cz\" \/>\n<meta property=\"article:modified_time\" content=\"2026-03-31T17:02:39+00:00\" \/>\n<meta property=\"og:image\" content=\"https:\/\/klimavex.eu\/cz\/wp-content\/uploads\/2025\/09\/Z3N9LmtuPlgGRa1FpgVnOuRwloZ7YsndZGDRKwlWJMA.jpeg\" \/>\n\t<meta property=\"og:image:width\" content=\"512\" \/>\n\t<meta property=\"og:image:height\" content=\"512\" \/>\n\t<meta property=\"og:image:type\" content=\"image\/jpeg\" \/>\n<meta name=\"twitter:card\" content=\"summary_large_image\" \/>\n<meta name=\"twitter:label1\" content=\"Odhadovan\u00e1 doba \u010dten\u00ed\" \/>\n\t<meta name=\"twitter:data1\" content=\"1 minuta\" \/>\n<script type=\"application\/ld+json\" class=\"yoast-schema-graph\">{\"@context\":\"https:\/\/schema.org\",\"@graph\":[{\"@type\":\"WebPage\",\"@id\":\"https:\/\/klimavex.eu\/cz\/katalog\/odvlhcovac-dantherm-cdp-135-wcc-3f\/\",\"url\":\"https:\/\/klimavex.eu\/cz\/katalog\/odvlhcovac-dantherm-cdp-135-wcc-3f\/\",\"name\":\"Odvlh\u010dova\u010d Dantherm baz\u00e9nov\u00fd potrubn\u00ed do strojovny s vodou chlazen\u00fdm kondenz\u00e1torem 400V CDP 135 3F WCC - KLIMAVEX GROUP - \u010cesko\",\"isPartOf\":{\"@id\":\"https:\/\/klimavex.eu\/cz\/#website\"},\"primaryImageOfPage\":{\"@id\":\"https:\/\/klimavex.eu\/cz\/katalog\/odvlhcovac-dantherm-cdp-135-wcc-3f\/#primaryimage\"},\"image\":{\"@id\":\"https:\/\/klimavex.eu\/cz\/katalog\/odvlhcovac-dantherm-cdp-135-wcc-3f\/#primaryimage\"},\"thumbnailUrl\":\"https:\/\/klimavex.eu\/cz\/wp-content\/uploads\/2025\/09\/Z3N9LmtuPlgGRa1FpgVnOuRwloZ7YsndZGDRKwlWJMA.jpeg\",\"datePublished\":\"2026-03-31T17:01:45+00:00\",\"dateModified\":\"2026-03-31T17:02:39+00:00\",\"breadcrumb\":{\"@id\":\"https:\/\/klimavex.eu\/cz\/katalog\/odvlhcovac-dantherm-cdp-135-wcc-3f\/#breadcrumb\"},\"inLanguage\":\"cs\",\"potentialAction\":[{\"@type\":\"ReadAction\",\"target\":[\"https:\/\/klimavex.eu\/cz\/katalog\/odvlhcovac-dantherm-cdp-135-wcc-3f\/\"]}]},{\"@type\":\"ImageObject\",\"inLanguage\":\"cs\",\"@id\":\"https:\/\/klimavex.eu\/cz\/katalog\/odvlhcovac-dantherm-cdp-135-wcc-3f\/#primaryimage\",\"url\":\"https:\/\/klimavex.eu\/cz\/wp-content\/uploads\/2025\/09\/Z3N9LmtuPlgGRa1FpgVnOuRwloZ7YsndZGDRKwlWJMA.jpeg\",\"contentUrl\":\"https:\/\/klimavex.eu\/cz\/wp-content\/uploads\/2025\/09\/Z3N9LmtuPlgGRa1FpgVnOuRwloZ7YsndZGDRKwlWJMA.jpeg\",\"width\":512,\"height\":512},{\"@type\":\"BreadcrumbList\",\"@id\":\"https:\/\/klimavex.eu\/cz\/katalog\/odvlhcovac-dantherm-cdp-135-wcc-3f\/#breadcrumb\",\"itemListElement\":[{\"@type\":\"ListItem\",\"position\":1,\"name\":\"Domovsk\u00e1 str\u00e1nka\",\"item\":\"https:\/\/klimavex.eu\/cz\/\"},{\"@type\":\"ListItem\",\"position\":2,\"name\":\"Eshop\",\"item\":\"https:\/\/klimavex.eu\/cz\/eshop\/\"},{\"@type\":\"ListItem\",\"position\":3,\"name\":\"Odvlh\u010dova\u010d Dantherm CDP 135 WCC 3F\"}]},{\"@type\":\"WebSite\",\"@id\":\"https:\/\/klimavex.eu\/cz\/#website\",\"url\":\"https:\/\/klimavex.eu\/cz\/\",\"name\":\"KLIMAVEX GROUP - \u010cesko\",\"description\":\"\",\"publisher\":{\"@id\":\"https:\/\/klimavex.eu\/cz\/#organization\"},\"alternateName\":\"KLIMAVEX CZ a.s.\",\"potentialAction\":[{\"@type\":\"SearchAction\",\"target\":{\"@type\":\"EntryPoint\",\"urlTemplate\":\"https:\/\/klimavex.eu\/cz\/?s={search_term_string}\"},\"query-input\":{\"@type\":\"PropertyValueSpecification\",\"valueRequired\":true,\"valueName\":\"search_term_string\"}}],\"inLanguage\":\"cs\"},{\"@type\":\"Organization\",\"@id\":\"https:\/\/klimavex.eu\/cz\/#organization\",\"name\":\"KLIMAVEX GROUP\",\"alternateName\":\"KLIMAVEX\",\"url\":\"https:\/\/klimavex.eu\/cz\/\",\"logo\":{\"@type\":\"ImageObject\",\"inLanguage\":\"cs\",\"@id\":\"https:\/\/klimavex.eu\/cz\/#\/schema\/logo\/image\/\",\"url\":\"https:\/\/klimavex.eu\/cz\/wp-content\/uploads\/2024\/04\/Klimavex-Group-logo.png\",\"contentUrl\":\"https:\/\/klimavex.eu\/cz\/wp-content\/uploads\/2024\/04\/Klimavex-Group-logo.png\",\"width\":1681,\"height\":472,\"caption\":\"KLIMAVEX GROUP\"},\"image\":{\"@id\":\"https:\/\/klimavex.eu\/cz\/#\/schema\/logo\/image\/\"},\"sameAs\":[\"https:\/\/www.facebook.com\/klimavex.cz\",\"https:\/\/www.instagram.com\/klimavex_cz\/\"]}]}<\/script>\n<!-- \/ Yoast SEO plugin. -->","yoast_head_json":{"title":"Odvlh\u010dova\u010d Dantherm baz\u00e9nov\u00fd potrubn\u00ed do strojovny s vodou chlazen\u00fdm kondenz\u00e1torem 400V CDP 135 3F WCC - KLIMAVEX GROUP - \u010cesko","robots":{"index":"index","follow":"follow","max-snippet":"max-snippet:-1","max-image-preview":"max-image-preview:large","max-video-preview":"max-video-preview:-1"},"canonical":"https:\/\/klimavex.eu\/cz\/katalog\/odvlhcovac-dantherm-cdp-135-wcc-3f\/","og_locale":"cs_CZ","og_type":"article","og_title":"Odvlh\u010dova\u010d Dantherm baz\u00e9nov\u00fd potrubn\u00ed do strojovny s vodou chlazen\u00fdm kondenz\u00e1torem 400V CDP 135 3F WCC - KLIMAVEX GROUP - \u010cesko","og_description":"Odvlh\u010dova\u010d Dantherm CDP 135 WCC 3F je baz&eacute;nov&yacute; odvlh\u010dova\u010d vhodn&yacute; pro velk&eacute; priv&aacute;tn&iacute; baz&eacute;ny, hotelov&eacute; baz&eacute;ny a wellness centra s vodn&iacute; plochou baz&eacute;nu cca do 85 m2. Tak&eacute; je mo\u017en&eacute; jej vyu\u017e&iacute;t v t\u011blocvi\u010dn&aacute;ch, s&aacute;lech \u010di v&yacute;robn&iacute;ch hal&aacute;ch s vysokou vlhkost&iacute;. Instaluje se do strojovny s napojen&iacute;m na potrub&iacute;. El. nap&aacute;jen&iacute; 3x400V\/50Hz. Tento model je nav&iacute;c vybaven vodou chlazen&yacute;m kondenz&aacute;torem (WCC), kter&yacute; umo\u017e\u0148uje vyu\u017eit&iacute; p\u0159ebytku tepla pro vyh\u0159&iacute;v&aacute;n&iacute; baz&eacute;nu nebo p\u0159&iacute;pravu tepl&eacute; vody.","og_url":"https:\/\/klimavex.eu\/cz\/katalog\/odvlhcovac-dantherm-cdp-135-wcc-3f\/","og_site_name":"KLIMAVEX GROUP - \u010cesko","article_publisher":"https:\/\/www.facebook.com\/klimavex.cz","article_modified_time":"2026-03-31T17:02:39+00:00","og_image":[{"width":512,"height":512,"url":"https:\/\/klimavex.eu\/cz\/wp-content\/uploads\/2025\/09\/Z3N9LmtuPlgGRa1FpgVnOuRwloZ7YsndZGDRKwlWJMA.jpeg","type":"image\/jpeg"}],"twitter_card":"summary_large_image","twitter_misc":{"Odhadovan\u00e1 doba \u010dten\u00ed":"1 minuta"},"schema":{"@context":"https:\/\/schema.org","@graph":[{"@type":"WebPage","@id":"https:\/\/klimavex.eu\/cz\/katalog\/odvlhcovac-dantherm-cdp-135-wcc-3f\/","url":"https:\/\/klimavex.eu\/cz\/katalog\/odvlhcovac-dantherm-cdp-135-wcc-3f\/","name":"Odvlh\u010dova\u010d Dantherm baz\u00e9nov\u00fd potrubn\u00ed do strojovny s vodou chlazen\u00fdm kondenz\u00e1torem 400V CDP 135 3F WCC - KLIMAVEX GROUP - \u010cesko","isPartOf":{"@id":"https:\/\/klimavex.eu\/cz\/#website"},"primaryImageOfPage":{"@id":"https:\/\/klimavex.eu\/cz\/katalog\/odvlhcovac-dantherm-cdp-135-wcc-3f\/#primaryimage"},"image":{"@id":"https:\/\/klimavex.eu\/cz\/katalog\/odvlhcovac-dantherm-cdp-135-wcc-3f\/#primaryimage"},"thumbnailUrl":"https:\/\/klimavex.eu\/cz\/wp-content\/uploads\/2025\/09\/Z3N9LmtuPlgGRa1FpgVnOuRwloZ7YsndZGDRKwlWJMA.jpeg","datePublished":"2026-03-31T17:01:45+00:00","dateModified":"2026-03-31T17:02:39+00:00","breadcrumb":{"@id":"https:\/\/klimavex.eu\/cz\/katalog\/odvlhcovac-dantherm-cdp-135-wcc-3f\/#breadcrumb"},"inLanguage":"cs","potentialAction":[{"@type":"ReadAction","target":["https:\/\/klimavex.eu\/cz\/katalog\/odvlhcovac-dantherm-cdp-135-wcc-3f\/"]}]},{"@type":"ImageObject","inLanguage":"cs","@id":"https:\/\/klimavex.eu\/cz\/katalog\/odvlhcovac-dantherm-cdp-135-wcc-3f\/#primaryimage","url":"https:\/\/klimavex.eu\/cz\/wp-content\/uploads\/2025\/09\/Z3N9LmtuPlgGRa1FpgVnOuRwloZ7YsndZGDRKwlWJMA.jpeg","contentUrl":"https:\/\/klimavex.eu\/cz\/wp-content\/uploads\/2025\/09\/Z3N9LmtuPlgGRa1FpgVnOuRwloZ7YsndZGDRKwlWJMA.jpeg","width":512,"height":512},{"@type":"BreadcrumbList","@id":"https:\/\/klimavex.eu\/cz\/katalog\/odvlhcovac-dantherm-cdp-135-wcc-3f\/#breadcrumb","itemListElement":[{"@type":"ListItem","position":1,"name":"Domovsk\u00e1 str\u00e1nka","item":"https:\/\/klimavex.eu\/cz\/"},{"@type":"ListItem","position":2,"name":"Eshop","item":"https:\/\/klimavex.eu\/cz\/eshop\/"},{"@type":"ListItem","position":3,"name":"Odvlh\u010dova\u010d Dantherm CDP 135 WCC 3F"}]},{"@type":"WebSite","@id":"https:\/\/klimavex.eu\/cz\/#website","url":"https:\/\/klimavex.eu\/cz\/","name":"KLIMAVEX GROUP - \u010cesko","description":"","publisher":{"@id":"https:\/\/klimavex.eu\/cz\/#organization"},"alternateName":"KLIMAVEX CZ a.s.","potentialAction":[{"@type":"SearchAction","target":{"@type":"EntryPoint","urlTemplate":"https:\/\/klimavex.eu\/cz\/?s={search_term_string}"},"query-input":{"@type":"PropertyValueSpecification","valueRequired":true,"valueName":"search_term_string"}}],"inLanguage":"cs"},{"@type":"Organization","@id":"https:\/\/klimavex.eu\/cz\/#organization","name":"KLIMAVEX GROUP","alternateName":"KLIMAVEX","url":"https:\/\/klimavex.eu\/cz\/","logo":{"@type":"ImageObject","inLanguage":"cs","@id":"https:\/\/klimavex.eu\/cz\/#\/schema\/logo\/image\/","url":"https:\/\/klimavex.eu\/cz\/wp-content\/uploads\/2024\/04\/Klimavex-Group-logo.png","contentUrl":"https:\/\/klimavex.eu\/cz\/wp-content\/uploads\/2024\/04\/Klimavex-Group-logo.png","width":1681,"height":472,"caption":"KLIMAVEX GROUP"},"image":{"@id":"https:\/\/klimavex.eu\/cz\/#\/schema\/logo\/image\/"},"sameAs":["https:\/\/www.facebook.com\/klimavex.cz","https:\/\/www.instagram.com\/klimavex_cz\/"]}]}},"_links":{"self":[{"href":"https:\/\/klimavex.eu\/cz\/wp-json\/wp\/v2\/product\/544666","targetHints":{"allow":["GET"]}}],"collection":[{"href":"https:\/\/klimavex.eu\/cz\/wp-json\/wp\/v2\/product"}],"about":[{"href":"https:\/\/klimavex.eu\/cz\/wp-json\/wp\/v2\/types\/product"}],"version-history":[{"count":0,"href":"https:\/\/klimavex.eu\/cz\/wp-json\/wp\/v2\/product\/544666\/revisions"}],"wp:featuredmedia":[{"embeddable":true,"href":"https:\/\/klimavex.eu\/cz\/wp-json\/wp\/v2\/media\/554189"}],"wp:attachment":[{"href":"https:\/\/klimavex.eu\/cz\/wp-json\/wp\/v2\/media?parent=544666"}],"wp:term":[{"taxonomy":"product_cat","embeddable":true,"href":"https:\/\/klimavex.eu\/cz\/wp-json\/wp\/v2\/product_cat?post=544666"},{"taxonomy":"product_tag","embeddable":true,"href":"https:\/\/klimavex.eu\/cz\/wp-json\/wp\/v2\/product_tag?post=544666"}],"curies":[{"name":"wp","href":"https:\/\/api.w.org\/{rel}","templated":true}]}}