{"id":544691,"date":"2026-03-31T19:03:06","date_gmt":"2026-03-31T17:03:06","guid":{"rendered":"https:\/\/klimavex.eu\/cz\/katalog\/odvlhcovac-dantherm-ad-935-s\/"},"modified":"2026-03-31T19:03:16","modified_gmt":"2026-03-31T17:03:16","slug":"odvlhcovac-dantherm-mobilni-prumyslovy-230v-ad-935-s","status":"publish","type":"product","link":"https:\/\/klimavex.eu\/cz\/katalog\/odvlhcovac-dantherm-mobilni-prumyslovy-230v-ad-935-s\/","title":{"rendered":"Odvlh\u010dova\u010d Dantherm mobiln\u00ed pr\u016fmyslov\u00fd 230V AD 935 S"},"content":{"rendered":"<p style=\"text-align: justify;\"><strong>Kl&iacute;\u010dov&eacute; vlastnosti<\/strong><\/p>\n<ul style=\"text-align: justify;\">\n<li>Odvlh\u010dovac&iacute; v&yacute;kon 28 l\/24h (p\u0159i teplot\u011b 30&deg;C a vlhkosti 80% RH)<\/li>\n<li>Provozn&iacute; teplotn&iacute; rozsah 5-30&deg;C<\/li>\n<li>Vzduchov&yacute; v&yacute;kon 450 m&sup3;\/h<\/li>\n<li>Ekologick&eacute; chladivo R454C<\/li>\n<li>spir&aacute;la 1 kW<\/li>\n<li>Objem n&aacute;dr\u017ee na kondenz&aacute;t 8 l<\/li>\n<li>Vysok&aacute; odolnost v\u016f\u010di korozi<\/li>\n<li>Dotykov&yacute; ovl&aacute;dac&iacute; panel<\/li>\n<li>Po\u010d&iacute;tadlo spot\u0159eby energie v&nbsp;kWh<\/li>\n<li>2 v&yacute;konov&eacute; stupn\u011b ventil&aacute;toru<\/li>\n<li>Zabudovan&yacute; filtr a Jack p\u0159&iacute;pojka pro prostorov&yacute; hygrostat<\/li>\n<li>Velk&aacute; kola pro lehkou manipulaci<\/li>\n<li>V&yacute;&scaron;kov\u011b nastaviteln&aacute; rukoje\u0165<\/li>\n<li>Kryt&iacute; IP22<\/li>\n<li>nap&aacute;jen&iacute; 1 x 230 V \/ 50 Hz (5m nap&aacute;jec&iacute; kabel)<\/li>\n<li>Aktualizace program p\u0159es SD kartu<\/li>\n<li>Vzd&aacute;len&eacute; monitorov&aacute;n&iacute; a ovl&aacute;d&aacute;n&iacute; p\u0159es aplikaci Simplify<\/li>\n<\/ul>\n<p style=\"text-align: justify;\"><strong>P\u0159&iacute;slu&scaron;enstv&iacute;<\/strong><\/p>\n<ul>\n<li style=\"text-align: justify;\">Prostorov&yacute; hygrostat s&nbsp;3m kabelem a Jack p\u0159&iacute;pojkou<\/li>\n<li style=\"text-align: justify;\">Sn&iacute;ma\u010d rosn&eacute;ho bodu<\/li>\n<li style=\"text-align: justify;\">N&aacute;hradn&iacute; vzduchov&yacute; filtr<\/li>\n<li style=\"text-align: justify;\">Sada s&nbsp;\u010derpadlem kondenz&aacute;tu<\/li>\n<li style=\"text-align: justify;\">Hadice na odvod kondenz&aacute;tu &Phi;15mm<\/li>\n<\/ul>\n","protected":false},"excerpt":{"rendered":"<p style=\"text-align: justify;\">Odvlh\u010dova\u010d <strong>Dantherm AD 935 S <\/strong>je <strong>mobiln&iacute; odvlh\u010dovac&iacute; jednotka<\/strong>, kter&aacute; je ide&aacute;ln&iacute;m \u0159e&scaron;en&iacute;m pro profesion&aacute;ly zab&yacute;vaj&iacute;c&iacute; se <strong>likvidac&iacute; povod\u0148ov&yacute;ch &scaron;kod, &scaron;kod plynouc&iacute;ch z&nbsp;prasknut&iacute; vodovodn&iacute;ho potrub&iacute;<\/strong> a vysu&scaron;ov&aacute;n&iacute;m stavebn&iacute;ch proces\u016f. Je vhodn&yacute; pro vysu&scaron;ov&aacute;n&iacute; prostor v&nbsp;novostavb&aacute;ch a \u010derstv\u011b zrekonstruovan&yacute;ch prostor&aacute;ch.<\/p>\n","protected":false},"featured_media":554244,"template":"","meta":[],"product_cat":[7556,7553],"product_tag":[],"class_list":{"0":"post-544691","1":"product","2":"type-product","3":"status-publish","4":"has-post-thumbnail","6":"product_cat-mobilni-prumyslove-odvlhcovace","7":"product_cat-odvlhcovace","8":"pa_akusticky-tlak-lp-1m-12666","9":"pa_objem-nadrze-l-12657","10":"pa_odvlhcovaci-vykon-pri-30c-12667","11":"pa_provedeni-mobilni-prumyslovy","12":"pa_provozni-rozsah-teplota-c-5c-30c","13":"pa_typ-ad-9","14":"pa_vzduchovy-vykon-qv-m3-11832","15":"pa_znacka-dantherm","17":"first","18":"instock","19":"taxable","20":"shipping-taxable","21":"purchasable","22":"product-type-simple"},"yoast_head":"<!-- This site is optimized with the Yoast SEO plugin v23.9 - https:\/\/yoast.com\/wordpress\/plugins\/seo\/ -->\n<title>Odvlh\u010dova\u010d Dantherm mobiln\u00ed pr\u016fmyslov\u00fd 230V AD 935 S - KLIMAVEX GROUP - \u010cesko<\/title>\n<meta name=\"robots\" content=\"index, follow, max-snippet:-1, max-image-preview:large, max-video-preview:-1\" \/>\n<link rel=\"canonical\" href=\"https:\/\/klimavex.eu\/cz\/katalog\/odvlhcovac-dantherm-ad-935-s\/\" \/>\n<meta property=\"og:locale\" content=\"cs_CZ\" \/>\n<meta property=\"og:type\" content=\"article\" \/>\n<meta property=\"og:title\" content=\"Odvlh\u010dova\u010d Dantherm mobiln\u00ed pr\u016fmyslov\u00fd 230V AD 935 S - KLIMAVEX GROUP - \u010cesko\" \/>\n<meta property=\"og:description\" content=\"Odvlh\u010dova\u010d Dantherm AD 935 S je mobiln&iacute; odvlh\u010dovac&iacute; jednotka, kter&aacute; je ide&aacute;ln&iacute;m \u0159e&scaron;en&iacute;m pro profesion&aacute;ly zab&yacute;vaj&iacute;c&iacute; se likvidac&iacute; povod\u0148ov&yacute;ch &scaron;kod, &scaron;kod plynouc&iacute;ch z&nbsp;prasknut&iacute; vodovodn&iacute;ho potrub&iacute; a vysu&scaron;ov&aacute;n&iacute;m stavebn&iacute;ch proces\u016f. Je vhodn&yacute; pro vysu&scaron;ov&aacute;n&iacute; prostor v&nbsp;novostavb&aacute;ch a \u010derstv\u011b zrekonstruovan&yacute;ch prostor&aacute;ch.\" \/>\n<meta property=\"og:url\" content=\"https:\/\/klimavex.eu\/cz\/katalog\/odvlhcovac-dantherm-ad-935-s\/\" \/>\n<meta property=\"og:site_name\" content=\"KLIMAVEX GROUP - \u010cesko\" \/>\n<meta property=\"article:publisher\" content=\"https:\/\/www.facebook.com\/klimavex.cz\" \/>\n<meta property=\"article:modified_time\" content=\"2026-03-31T17:03:16+00:00\" \/>\n<meta property=\"og:image\" content=\"https:\/\/klimavex.eu\/cz\/wp-content\/uploads\/2025\/09\/nTmNSjHUWj5cABN3UEH4qH5lU72nkphHjqMC6wrG8OI-1.jpeg\" \/>\n\t<meta property=\"og:image:width\" content=\"512\" \/>\n\t<meta property=\"og:image:height\" content=\"512\" \/>\n\t<meta property=\"og:image:type\" content=\"image\/jpeg\" \/>\n<meta name=\"twitter:card\" content=\"summary_large_image\" \/>\n<meta name=\"twitter:label1\" content=\"Odhadovan\u00e1 doba \u010dten\u00ed\" \/>\n\t<meta name=\"twitter:data1\" content=\"1 minuta\" \/>\n<script type=\"application\/ld+json\" class=\"yoast-schema-graph\">{\"@context\":\"https:\/\/schema.org\",\"@graph\":[{\"@type\":\"WebPage\",\"@id\":\"https:\/\/klimavex.eu\/cz\/katalog\/odvlhcovac-dantherm-ad-935-s\/\",\"url\":\"https:\/\/klimavex.eu\/cz\/katalog\/odvlhcovac-dantherm-ad-935-s\/\",\"name\":\"Odvlh\u010dova\u010d Dantherm mobiln\u00ed pr\u016fmyslov\u00fd 230V AD 935 S - KLIMAVEX GROUP - \u010cesko\",\"isPartOf\":{\"@id\":\"https:\/\/klimavex.eu\/cz\/#website\"},\"primaryImageOfPage\":{\"@id\":\"https:\/\/klimavex.eu\/cz\/katalog\/odvlhcovac-dantherm-ad-935-s\/#primaryimage\"},\"image\":{\"@id\":\"https:\/\/klimavex.eu\/cz\/katalog\/odvlhcovac-dantherm-ad-935-s\/#primaryimage\"},\"thumbnailUrl\":\"https:\/\/klimavex.eu\/cz\/wp-content\/uploads\/2025\/09\/nTmNSjHUWj5cABN3UEH4qH5lU72nkphHjqMC6wrG8OI-1.jpeg\",\"datePublished\":\"2026-03-31T17:03:06+00:00\",\"dateModified\":\"2026-03-31T17:03:16+00:00\",\"breadcrumb\":{\"@id\":\"https:\/\/klimavex.eu\/cz\/katalog\/odvlhcovac-dantherm-ad-935-s\/#breadcrumb\"},\"inLanguage\":\"cs\",\"potentialAction\":[{\"@type\":\"ReadAction\",\"target\":[\"https:\/\/klimavex.eu\/cz\/katalog\/odvlhcovac-dantherm-ad-935-s\/\"]}]},{\"@type\":\"ImageObject\",\"inLanguage\":\"cs\",\"@id\":\"https:\/\/klimavex.eu\/cz\/katalog\/odvlhcovac-dantherm-ad-935-s\/#primaryimage\",\"url\":\"https:\/\/klimavex.eu\/cz\/wp-content\/uploads\/2025\/09\/nTmNSjHUWj5cABN3UEH4qH5lU72nkphHjqMC6wrG8OI-1.jpeg\",\"contentUrl\":\"https:\/\/klimavex.eu\/cz\/wp-content\/uploads\/2025\/09\/nTmNSjHUWj5cABN3UEH4qH5lU72nkphHjqMC6wrG8OI-1.jpeg\",\"width\":512,\"height\":512},{\"@type\":\"BreadcrumbList\",\"@id\":\"https:\/\/klimavex.eu\/cz\/katalog\/odvlhcovac-dantherm-ad-935-s\/#breadcrumb\",\"itemListElement\":[{\"@type\":\"ListItem\",\"position\":1,\"name\":\"Domovsk\u00e1 str\u00e1nka\",\"item\":\"https:\/\/klimavex.eu\/cz\/\"},{\"@type\":\"ListItem\",\"position\":2,\"name\":\"Eshop\",\"item\":\"https:\/\/klimavex.eu\/cz\/eshop\/\"},{\"@type\":\"ListItem\",\"position\":3,\"name\":\"Odvlh\u010dova\u010d Dantherm AD 935 S\"}]},{\"@type\":\"WebSite\",\"@id\":\"https:\/\/klimavex.eu\/cz\/#website\",\"url\":\"https:\/\/klimavex.eu\/cz\/\",\"name\":\"KLIMAVEX GROUP - \u010cesko\",\"description\":\"\",\"publisher\":{\"@id\":\"https:\/\/klimavex.eu\/cz\/#organization\"},\"alternateName\":\"KLIMAVEX CZ a.s.\",\"potentialAction\":[{\"@type\":\"SearchAction\",\"target\":{\"@type\":\"EntryPoint\",\"urlTemplate\":\"https:\/\/klimavex.eu\/cz\/?s={search_term_string}\"},\"query-input\":{\"@type\":\"PropertyValueSpecification\",\"valueRequired\":true,\"valueName\":\"search_term_string\"}}],\"inLanguage\":\"cs\"},{\"@type\":\"Organization\",\"@id\":\"https:\/\/klimavex.eu\/cz\/#organization\",\"name\":\"KLIMAVEX GROUP\",\"alternateName\":\"KLIMAVEX\",\"url\":\"https:\/\/klimavex.eu\/cz\/\",\"logo\":{\"@type\":\"ImageObject\",\"inLanguage\":\"cs\",\"@id\":\"https:\/\/klimavex.eu\/cz\/#\/schema\/logo\/image\/\",\"url\":\"https:\/\/klimavex.eu\/cz\/wp-content\/uploads\/2024\/04\/Klimavex-Group-logo.png\",\"contentUrl\":\"https:\/\/klimavex.eu\/cz\/wp-content\/uploads\/2024\/04\/Klimavex-Group-logo.png\",\"width\":1681,\"height\":472,\"caption\":\"KLIMAVEX GROUP\"},\"image\":{\"@id\":\"https:\/\/klimavex.eu\/cz\/#\/schema\/logo\/image\/\"},\"sameAs\":[\"https:\/\/www.facebook.com\/klimavex.cz\",\"https:\/\/www.instagram.com\/klimavex_cz\/\"]}]}<\/script>\n<!-- \/ Yoast SEO plugin. -->","yoast_head_json":{"title":"Odvlh\u010dova\u010d Dantherm mobiln\u00ed pr\u016fmyslov\u00fd 230V AD 935 S - KLIMAVEX GROUP - \u010cesko","robots":{"index":"index","follow":"follow","max-snippet":"max-snippet:-1","max-image-preview":"max-image-preview:large","max-video-preview":"max-video-preview:-1"},"canonical":"https:\/\/klimavex.eu\/cz\/katalog\/odvlhcovac-dantherm-ad-935-s\/","og_locale":"cs_CZ","og_type":"article","og_title":"Odvlh\u010dova\u010d Dantherm mobiln\u00ed pr\u016fmyslov\u00fd 230V AD 935 S - KLIMAVEX GROUP - \u010cesko","og_description":"Odvlh\u010dova\u010d Dantherm AD 935 S je mobiln&iacute; odvlh\u010dovac&iacute; jednotka, kter&aacute; je ide&aacute;ln&iacute;m \u0159e&scaron;en&iacute;m pro profesion&aacute;ly zab&yacute;vaj&iacute;c&iacute; se likvidac&iacute; povod\u0148ov&yacute;ch &scaron;kod, &scaron;kod plynouc&iacute;ch z&nbsp;prasknut&iacute; vodovodn&iacute;ho potrub&iacute; a vysu&scaron;ov&aacute;n&iacute;m stavebn&iacute;ch proces\u016f. Je vhodn&yacute; pro vysu&scaron;ov&aacute;n&iacute; prostor v&nbsp;novostavb&aacute;ch a \u010derstv\u011b zrekonstruovan&yacute;ch prostor&aacute;ch.","og_url":"https:\/\/klimavex.eu\/cz\/katalog\/odvlhcovac-dantherm-ad-935-s\/","og_site_name":"KLIMAVEX GROUP - \u010cesko","article_publisher":"https:\/\/www.facebook.com\/klimavex.cz","article_modified_time":"2026-03-31T17:03:16+00:00","og_image":[{"width":512,"height":512,"url":"https:\/\/klimavex.eu\/cz\/wp-content\/uploads\/2025\/09\/nTmNSjHUWj5cABN3UEH4qH5lU72nkphHjqMC6wrG8OI-1.jpeg","type":"image\/jpeg"}],"twitter_card":"summary_large_image","twitter_misc":{"Odhadovan\u00e1 doba \u010dten\u00ed":"1 minuta"},"schema":{"@context":"https:\/\/schema.org","@graph":[{"@type":"WebPage","@id":"https:\/\/klimavex.eu\/cz\/katalog\/odvlhcovac-dantherm-ad-935-s\/","url":"https:\/\/klimavex.eu\/cz\/katalog\/odvlhcovac-dantherm-ad-935-s\/","name":"Odvlh\u010dova\u010d Dantherm mobiln\u00ed pr\u016fmyslov\u00fd 230V AD 935 S - KLIMAVEX GROUP - \u010cesko","isPartOf":{"@id":"https:\/\/klimavex.eu\/cz\/#website"},"primaryImageOfPage":{"@id":"https:\/\/klimavex.eu\/cz\/katalog\/odvlhcovac-dantherm-ad-935-s\/#primaryimage"},"image":{"@id":"https:\/\/klimavex.eu\/cz\/katalog\/odvlhcovac-dantherm-ad-935-s\/#primaryimage"},"thumbnailUrl":"https:\/\/klimavex.eu\/cz\/wp-content\/uploads\/2025\/09\/nTmNSjHUWj5cABN3UEH4qH5lU72nkphHjqMC6wrG8OI-1.jpeg","datePublished":"2026-03-31T17:03:06+00:00","dateModified":"2026-03-31T17:03:16+00:00","breadcrumb":{"@id":"https:\/\/klimavex.eu\/cz\/katalog\/odvlhcovac-dantherm-ad-935-s\/#breadcrumb"},"inLanguage":"cs","potentialAction":[{"@type":"ReadAction","target":["https:\/\/klimavex.eu\/cz\/katalog\/odvlhcovac-dantherm-ad-935-s\/"]}]},{"@type":"ImageObject","inLanguage":"cs","@id":"https:\/\/klimavex.eu\/cz\/katalog\/odvlhcovac-dantherm-ad-935-s\/#primaryimage","url":"https:\/\/klimavex.eu\/cz\/wp-content\/uploads\/2025\/09\/nTmNSjHUWj5cABN3UEH4qH5lU72nkphHjqMC6wrG8OI-1.jpeg","contentUrl":"https:\/\/klimavex.eu\/cz\/wp-content\/uploads\/2025\/09\/nTmNSjHUWj5cABN3UEH4qH5lU72nkphHjqMC6wrG8OI-1.jpeg","width":512,"height":512},{"@type":"BreadcrumbList","@id":"https:\/\/klimavex.eu\/cz\/katalog\/odvlhcovac-dantherm-ad-935-s\/#breadcrumb","itemListElement":[{"@type":"ListItem","position":1,"name":"Domovsk\u00e1 str\u00e1nka","item":"https:\/\/klimavex.eu\/cz\/"},{"@type":"ListItem","position":2,"name":"Eshop","item":"https:\/\/klimavex.eu\/cz\/eshop\/"},{"@type":"ListItem","position":3,"name":"Odvlh\u010dova\u010d Dantherm AD 935 S"}]},{"@type":"WebSite","@id":"https:\/\/klimavex.eu\/cz\/#website","url":"https:\/\/klimavex.eu\/cz\/","name":"KLIMAVEX GROUP - \u010cesko","description":"","publisher":{"@id":"https:\/\/klimavex.eu\/cz\/#organization"},"alternateName":"KLIMAVEX CZ a.s.","potentialAction":[{"@type":"SearchAction","target":{"@type":"EntryPoint","urlTemplate":"https:\/\/klimavex.eu\/cz\/?s={search_term_string}"},"query-input":{"@type":"PropertyValueSpecification","valueRequired":true,"valueName":"search_term_string"}}],"inLanguage":"cs"},{"@type":"Organization","@id":"https:\/\/klimavex.eu\/cz\/#organization","name":"KLIMAVEX GROUP","alternateName":"KLIMAVEX","url":"https:\/\/klimavex.eu\/cz\/","logo":{"@type":"ImageObject","inLanguage":"cs","@id":"https:\/\/klimavex.eu\/cz\/#\/schema\/logo\/image\/","url":"https:\/\/klimavex.eu\/cz\/wp-content\/uploads\/2024\/04\/Klimavex-Group-logo.png","contentUrl":"https:\/\/klimavex.eu\/cz\/wp-content\/uploads\/2024\/04\/Klimavex-Group-logo.png","width":1681,"height":472,"caption":"KLIMAVEX GROUP"},"image":{"@id":"https:\/\/klimavex.eu\/cz\/#\/schema\/logo\/image\/"},"sameAs":["https:\/\/www.facebook.com\/klimavex.cz","https:\/\/www.instagram.com\/klimavex_cz\/"]}]}},"_links":{"self":[{"href":"https:\/\/klimavex.eu\/cz\/wp-json\/wp\/v2\/product\/544691","targetHints":{"allow":["GET"]}}],"collection":[{"href":"https:\/\/klimavex.eu\/cz\/wp-json\/wp\/v2\/product"}],"about":[{"href":"https:\/\/klimavex.eu\/cz\/wp-json\/wp\/v2\/types\/product"}],"version-history":[{"count":0,"href":"https:\/\/klimavex.eu\/cz\/wp-json\/wp\/v2\/product\/544691\/revisions"}],"wp:featuredmedia":[{"embeddable":true,"href":"https:\/\/klimavex.eu\/cz\/wp-json\/wp\/v2\/media\/554244"}],"wp:attachment":[{"href":"https:\/\/klimavex.eu\/cz\/wp-json\/wp\/v2\/media?parent=544691"}],"wp:term":[{"taxonomy":"product_cat","embeddable":true,"href":"https:\/\/klimavex.eu\/cz\/wp-json\/wp\/v2\/product_cat?post=544691"},{"taxonomy":"product_tag","embeddable":true,"href":"https:\/\/klimavex.eu\/cz\/wp-json\/wp\/v2\/product_tag?post=544691"}],"curies":[{"name":"wp","href":"https:\/\/api.w.org\/{rel}","templated":true}]}}