{"id":544697,"date":"2026-03-31T19:03:06","date_gmt":"2026-03-31T17:03:06","guid":{"rendered":"https:\/\/klimavex.eu\/cz\/katalog\/odvlhcovac-vortice-deumido-20-evo\/"},"modified":"2026-03-31T19:03:24","modified_gmt":"2026-03-31T17:03:24","slug":"odvlhcovac-vortice-mobilni-deumido-20-evo","status":"publish","type":"product","link":"https:\/\/klimavex.eu\/cz\/katalog\/odvlhcovac-vortice-mobilni-deumido-20-evo\/","title":{"rendered":"Odvlh\u010dova\u010d Vortice mobiln\u00ed DEUMIDO 20 EVO"},"content":{"rendered":"<p style=\"text-align:justify\"><span style=\"font-size:11pt\"><span style=\"font-family:Calibri,sans-serif\"><strong><span style=\"color:black\">Kl&iacute;\u010dov&eacute; vlastnosti<\/span><\/strong><\/span><\/span><\/p>\n<ul>\n<li style=\"text-align:justify\"><span style=\"font-size:11pt\"><span style=\"font-family:Calibri,sans-serif\"><span style=\"color:black\">Odvlh\u010dovac&iacute; v&yacute;kon 20l\/24h (p\u0159i teplot\u011b 30&deg;C a vlhkosti 80% RH)<\/span><\/span><\/span><\/li>\n<li style=\"text-align:justify\"><span style=\"font-size:11pt\"><span style=\"font-family:Calibri,sans-serif\"><span style=\"color:black\">Provozn&iacute; teplotn&iacute; rozsah 5-32&deg;C<\/span><\/span><\/span><\/li>\n<li style=\"text-align:justify\"><span style=\"font-size:11pt\"><span style=\"font-family:Calibri,sans-serif\"><span style=\"color:black\">Jednoduch&eacute; ovl&aacute;d&aacute;n&iacute;<\/span><\/span><\/span><\/li>\n<li style=\"text-align:justify\"><span style=\"font-size:11pt\"><span style=\"font-family:Calibri,sans-serif\"><span style=\"color:black\">Nastaven&iacute; po\u017eadovan&eacute; vlhkosti 40-70% RH nebo nep\u0159etr\u017eit&eacute; odvlh\u010dov&aacute;n&iacute;<\/span><\/span><\/span><\/li>\n<li style=\"text-align:justify\"><span style=\"font-size:11pt\"><span style=\"font-family:Calibri,sans-serif\"><span style=\"color:black\">Indikace pln&eacute; n&aacute;dr\u017ee na kondenz&aacute;t, automatick&eacute; vypnut&iacute; p\u0159i napln\u011bn&iacute; n&aacute;dr\u017ee<\/span><\/span><\/span><\/li>\n<li style=\"text-align:justify\"><span style=\"font-size:11pt\"><span style=\"font-family:Calibri,sans-serif\"><span style=\"color:black\">Tich&yacute; a &uacute;\u010dinn&yacute; radi&aacute;ln&iacute; ventil&aacute;tor<\/span><\/span><\/span><\/li>\n<li style=\"text-align:justify\"><span style=\"font-size:11pt\"><span style=\"font-family:Calibri,sans-serif\"><span style=\"color:black\">Pr\u016fsvitn&aacute; n&aacute;dr\u017e na kondenz&aacute;t 3l<\/span><\/span><\/span><\/li>\n<li style=\"text-align:justify\"><span style=\"font-size:11pt\"><span style=\"font-family:Calibri,sans-serif\"><span style=\"color:black\">Nastaviteln&yacute; \u010dasova\u010d pro zpo\u017ed\u011bn&eacute; vypnut&iacute;<\/span><\/span><\/span><\/li>\n<li style=\"text-align:justify\"><span style=\"font-size:11pt\"><span style=\"font-family:Calibri,sans-serif\"><span style=\"color:black\">Digit&aacute;ln&iacute; panel se zobrazen&iacute;m teploty a vlhkosti<\/span><\/span><\/span><\/li>\n<li style=\"text-align:justify\"><span style=\"font-size:11pt\"><span style=\"font-family:Calibri,sans-serif\"><span style=\"color:black\">Umyvateln&yacute; p\u0159edfiltr a aktivn&iacute; uhl&iacute;kov&yacute; filtr pro eliminaci pach\u016f<\/span><\/span><\/span><\/li>\n<li style=\"text-align:justify\"><span style=\"font-size:11pt\"><span style=\"font-family:Calibri,sans-serif\"><span style=\"color:black\">Kryt&iacute; IP20<\/span><\/span><\/span><\/li>\n<li style=\"text-align:justify\"><span style=\"font-size:11pt\"><span style=\"font-family:Calibri,sans-serif\"><span style=\"color:black\">Elektrick&yacute; nap&aacute;jec&iacute; kabel (230V)<\/span><\/span><\/span><\/li>\n<\/ul>\n","protected":false},"excerpt":{"rendered":"<p style=\"text-align:justify\"><span style=\"font-size:11pt\"><span style=\"font-family:Calibri,sans-serif\"><strong><span style=\"color:black\">Vortice DEUMIDO EVO 20<\/span><\/strong><span style=\"color:black\"> je <strong>dom&aacute;c&iacute; mobiln&iacute; odvlh\u010dova\u010d<\/strong> pro men&scaron;&iacute; a st\u0159edn\u011b velk&eacute; m&iacute;stnosti, jako jsou nap\u0159. suter&eacute;ny, sklepy, sklady, &scaron;atny, kuchyn\u011b, ob&yacute;vac&iacute; pokoje a lo\u017enice. Tento odvlh\u010dova\u010d disponuje <strong>poj&iacute;zdn&yacute;mi kole\u010dky<\/strong>, proto je mo\u017en&eacute; ho dle pot\u0159eby p\u0159em&iacute;stit do m&iacute;stnosti, kde je moment&aacute;ln\u011b nejv\u011bt&scaron;&iacute; pot\u0159eba odvlh\u010den&iacute;. <\/span><\/span><\/span><\/p>\n","protected":false},"featured_media":554259,"template":"","meta":[],"product_cat":[7560,7553],"product_tag":[],"class_list":{"0":"post-544697","1":"product","2":"type-product","3":"status-publish","4":"has-post-thumbnail","6":"product_cat-domaci-mobilni-odvlhcovace","7":"product_cat-odvlhcovace","8":"pa_objem-nadrze-l-12672","9":"pa_odvlhcovaci-vykon-pri-30c-12673","10":"pa_provedeni-domaci-mobilni","11":"pa_provozni-rozsah-teplota-c-5c-32c","12":"pa_typ-deumido","13":"pa_vzduchovy-vykon-qv-m3-12671","14":"pa_znacka-vortice","16":"first","17":"instock","18":"taxable","19":"shipping-taxable","20":"purchasable","21":"product-type-simple"},"yoast_head":"<!-- This site is optimized with the Yoast SEO plugin v23.9 - https:\/\/yoast.com\/wordpress\/plugins\/seo\/ -->\n<title>Odvlh\u010dova\u010d Vortice mobiln\u00ed DEUMIDO 20 EVO - KLIMAVEX GROUP - \u010cesko<\/title>\n<meta name=\"robots\" content=\"index, follow, max-snippet:-1, max-image-preview:large, max-video-preview:-1\" \/>\n<link rel=\"canonical\" href=\"https:\/\/klimavex.eu\/cz\/katalog\/odvlhcovac-vortice-deumido-20-evo\/\" \/>\n<meta property=\"og:locale\" content=\"cs_CZ\" \/>\n<meta property=\"og:type\" content=\"article\" \/>\n<meta property=\"og:title\" content=\"Odvlh\u010dova\u010d Vortice mobiln\u00ed DEUMIDO 20 EVO - KLIMAVEX GROUP - \u010cesko\" \/>\n<meta property=\"og:description\" content=\"Vortice DEUMIDO EVO 20 je dom&aacute;c&iacute; mobiln&iacute; odvlh\u010dova\u010d pro men&scaron;&iacute; a st\u0159edn\u011b velk&eacute; m&iacute;stnosti, jako jsou nap\u0159. suter&eacute;ny, sklepy, sklady, &scaron;atny, kuchyn\u011b, ob&yacute;vac&iacute; pokoje a lo\u017enice. Tento odvlh\u010dova\u010d disponuje poj&iacute;zdn&yacute;mi kole\u010dky, proto je mo\u017en&eacute; ho dle pot\u0159eby p\u0159em&iacute;stit do m&iacute;stnosti, kde je moment&aacute;ln\u011b nejv\u011bt&scaron;&iacute; pot\u0159eba odvlh\u010den&iacute;.\" \/>\n<meta property=\"og:url\" content=\"https:\/\/klimavex.eu\/cz\/katalog\/odvlhcovac-vortice-deumido-20-evo\/\" \/>\n<meta property=\"og:site_name\" content=\"KLIMAVEX GROUP - \u010cesko\" \/>\n<meta property=\"article:publisher\" content=\"https:\/\/www.facebook.com\/klimavex.cz\" \/>\n<meta property=\"article:modified_time\" content=\"2026-03-31T17:03:24+00:00\" \/>\n<meta property=\"og:image\" content=\"https:\/\/klimavex.eu\/cz\/wp-content\/uploads\/2025\/09\/FGNN-uM1NGP7WMiLhYEOFv0jVoI8nK2T2wg6z0XkU9M.png\" \/>\n\t<meta property=\"og:image:width\" content=\"572\" \/>\n\t<meta property=\"og:image:height\" content=\"512\" \/>\n\t<meta property=\"og:image:type\" content=\"image\/png\" \/>\n<meta name=\"twitter:card\" content=\"summary_large_image\" \/>\n<meta name=\"twitter:label1\" content=\"Odhadovan\u00e1 doba \u010dten\u00ed\" \/>\n\t<meta name=\"twitter:data1\" content=\"1 minuta\" \/>\n<script type=\"application\/ld+json\" class=\"yoast-schema-graph\">{\"@context\":\"https:\/\/schema.org\",\"@graph\":[{\"@type\":\"WebPage\",\"@id\":\"https:\/\/klimavex.eu\/cz\/katalog\/odvlhcovac-vortice-deumido-20-evo\/\",\"url\":\"https:\/\/klimavex.eu\/cz\/katalog\/odvlhcovac-vortice-deumido-20-evo\/\",\"name\":\"Odvlh\u010dova\u010d Vortice mobiln\u00ed DEUMIDO 20 EVO - KLIMAVEX GROUP - \u010cesko\",\"isPartOf\":{\"@id\":\"https:\/\/klimavex.eu\/cz\/#website\"},\"primaryImageOfPage\":{\"@id\":\"https:\/\/klimavex.eu\/cz\/katalog\/odvlhcovac-vortice-deumido-20-evo\/#primaryimage\"},\"image\":{\"@id\":\"https:\/\/klimavex.eu\/cz\/katalog\/odvlhcovac-vortice-deumido-20-evo\/#primaryimage\"},\"thumbnailUrl\":\"https:\/\/klimavex.eu\/cz\/wp-content\/uploads\/2025\/09\/FGNN-uM1NGP7WMiLhYEOFv0jVoI8nK2T2wg6z0XkU9M.png\",\"datePublished\":\"2026-03-31T17:03:06+00:00\",\"dateModified\":\"2026-03-31T17:03:24+00:00\",\"breadcrumb\":{\"@id\":\"https:\/\/klimavex.eu\/cz\/katalog\/odvlhcovac-vortice-deumido-20-evo\/#breadcrumb\"},\"inLanguage\":\"cs\",\"potentialAction\":[{\"@type\":\"ReadAction\",\"target\":[\"https:\/\/klimavex.eu\/cz\/katalog\/odvlhcovac-vortice-deumido-20-evo\/\"]}]},{\"@type\":\"ImageObject\",\"inLanguage\":\"cs\",\"@id\":\"https:\/\/klimavex.eu\/cz\/katalog\/odvlhcovac-vortice-deumido-20-evo\/#primaryimage\",\"url\":\"https:\/\/klimavex.eu\/cz\/wp-content\/uploads\/2025\/09\/FGNN-uM1NGP7WMiLhYEOFv0jVoI8nK2T2wg6z0XkU9M.png\",\"contentUrl\":\"https:\/\/klimavex.eu\/cz\/wp-content\/uploads\/2025\/09\/FGNN-uM1NGP7WMiLhYEOFv0jVoI8nK2T2wg6z0XkU9M.png\",\"width\":572,\"height\":512},{\"@type\":\"BreadcrumbList\",\"@id\":\"https:\/\/klimavex.eu\/cz\/katalog\/odvlhcovac-vortice-deumido-20-evo\/#breadcrumb\",\"itemListElement\":[{\"@type\":\"ListItem\",\"position\":1,\"name\":\"Domovsk\u00e1 str\u00e1nka\",\"item\":\"https:\/\/klimavex.eu\/cz\/\"},{\"@type\":\"ListItem\",\"position\":2,\"name\":\"Eshop\",\"item\":\"https:\/\/klimavex.eu\/cz\/eshop\/\"},{\"@type\":\"ListItem\",\"position\":3,\"name\":\"Odvlh\u010dova\u010d Vortice Deumido 20 EVO\"}]},{\"@type\":\"WebSite\",\"@id\":\"https:\/\/klimavex.eu\/cz\/#website\",\"url\":\"https:\/\/klimavex.eu\/cz\/\",\"name\":\"KLIMAVEX GROUP - \u010cesko\",\"description\":\"\",\"publisher\":{\"@id\":\"https:\/\/klimavex.eu\/cz\/#organization\"},\"alternateName\":\"KLIMAVEX CZ a.s.\",\"potentialAction\":[{\"@type\":\"SearchAction\",\"target\":{\"@type\":\"EntryPoint\",\"urlTemplate\":\"https:\/\/klimavex.eu\/cz\/?s={search_term_string}\"},\"query-input\":{\"@type\":\"PropertyValueSpecification\",\"valueRequired\":true,\"valueName\":\"search_term_string\"}}],\"inLanguage\":\"cs\"},{\"@type\":\"Organization\",\"@id\":\"https:\/\/klimavex.eu\/cz\/#organization\",\"name\":\"KLIMAVEX GROUP\",\"alternateName\":\"KLIMAVEX\",\"url\":\"https:\/\/klimavex.eu\/cz\/\",\"logo\":{\"@type\":\"ImageObject\",\"inLanguage\":\"cs\",\"@id\":\"https:\/\/klimavex.eu\/cz\/#\/schema\/logo\/image\/\",\"url\":\"https:\/\/klimavex.eu\/cz\/wp-content\/uploads\/2024\/04\/Klimavex-Group-logo.png\",\"contentUrl\":\"https:\/\/klimavex.eu\/cz\/wp-content\/uploads\/2024\/04\/Klimavex-Group-logo.png\",\"width\":1681,\"height\":472,\"caption\":\"KLIMAVEX GROUP\"},\"image\":{\"@id\":\"https:\/\/klimavex.eu\/cz\/#\/schema\/logo\/image\/\"},\"sameAs\":[\"https:\/\/www.facebook.com\/klimavex.cz\",\"https:\/\/www.instagram.com\/klimavex_cz\/\"]}]}<\/script>\n<!-- \/ Yoast SEO plugin. -->","yoast_head_json":{"title":"Odvlh\u010dova\u010d Vortice mobiln\u00ed DEUMIDO 20 EVO - KLIMAVEX GROUP - \u010cesko","robots":{"index":"index","follow":"follow","max-snippet":"max-snippet:-1","max-image-preview":"max-image-preview:large","max-video-preview":"max-video-preview:-1"},"canonical":"https:\/\/klimavex.eu\/cz\/katalog\/odvlhcovac-vortice-deumido-20-evo\/","og_locale":"cs_CZ","og_type":"article","og_title":"Odvlh\u010dova\u010d Vortice mobiln\u00ed DEUMIDO 20 EVO - KLIMAVEX GROUP - \u010cesko","og_description":"Vortice DEUMIDO EVO 20 je dom&aacute;c&iacute; mobiln&iacute; odvlh\u010dova\u010d pro men&scaron;&iacute; a st\u0159edn\u011b velk&eacute; m&iacute;stnosti, jako jsou nap\u0159. suter&eacute;ny, sklepy, sklady, &scaron;atny, kuchyn\u011b, ob&yacute;vac&iacute; pokoje a lo\u017enice. Tento odvlh\u010dova\u010d disponuje poj&iacute;zdn&yacute;mi kole\u010dky, proto je mo\u017en&eacute; ho dle pot\u0159eby p\u0159em&iacute;stit do m&iacute;stnosti, kde je moment&aacute;ln\u011b nejv\u011bt&scaron;&iacute; pot\u0159eba odvlh\u010den&iacute;.","og_url":"https:\/\/klimavex.eu\/cz\/katalog\/odvlhcovac-vortice-deumido-20-evo\/","og_site_name":"KLIMAVEX GROUP - \u010cesko","article_publisher":"https:\/\/www.facebook.com\/klimavex.cz","article_modified_time":"2026-03-31T17:03:24+00:00","og_image":[{"width":572,"height":512,"url":"https:\/\/klimavex.eu\/cz\/wp-content\/uploads\/2025\/09\/FGNN-uM1NGP7WMiLhYEOFv0jVoI8nK2T2wg6z0XkU9M.png","type":"image\/png"}],"twitter_card":"summary_large_image","twitter_misc":{"Odhadovan\u00e1 doba \u010dten\u00ed":"1 minuta"},"schema":{"@context":"https:\/\/schema.org","@graph":[{"@type":"WebPage","@id":"https:\/\/klimavex.eu\/cz\/katalog\/odvlhcovac-vortice-deumido-20-evo\/","url":"https:\/\/klimavex.eu\/cz\/katalog\/odvlhcovac-vortice-deumido-20-evo\/","name":"Odvlh\u010dova\u010d Vortice mobiln\u00ed DEUMIDO 20 EVO - KLIMAVEX GROUP - \u010cesko","isPartOf":{"@id":"https:\/\/klimavex.eu\/cz\/#website"},"primaryImageOfPage":{"@id":"https:\/\/klimavex.eu\/cz\/katalog\/odvlhcovac-vortice-deumido-20-evo\/#primaryimage"},"image":{"@id":"https:\/\/klimavex.eu\/cz\/katalog\/odvlhcovac-vortice-deumido-20-evo\/#primaryimage"},"thumbnailUrl":"https:\/\/klimavex.eu\/cz\/wp-content\/uploads\/2025\/09\/FGNN-uM1NGP7WMiLhYEOFv0jVoI8nK2T2wg6z0XkU9M.png","datePublished":"2026-03-31T17:03:06+00:00","dateModified":"2026-03-31T17:03:24+00:00","breadcrumb":{"@id":"https:\/\/klimavex.eu\/cz\/katalog\/odvlhcovac-vortice-deumido-20-evo\/#breadcrumb"},"inLanguage":"cs","potentialAction":[{"@type":"ReadAction","target":["https:\/\/klimavex.eu\/cz\/katalog\/odvlhcovac-vortice-deumido-20-evo\/"]}]},{"@type":"ImageObject","inLanguage":"cs","@id":"https:\/\/klimavex.eu\/cz\/katalog\/odvlhcovac-vortice-deumido-20-evo\/#primaryimage","url":"https:\/\/klimavex.eu\/cz\/wp-content\/uploads\/2025\/09\/FGNN-uM1NGP7WMiLhYEOFv0jVoI8nK2T2wg6z0XkU9M.png","contentUrl":"https:\/\/klimavex.eu\/cz\/wp-content\/uploads\/2025\/09\/FGNN-uM1NGP7WMiLhYEOFv0jVoI8nK2T2wg6z0XkU9M.png","width":572,"height":512},{"@type":"BreadcrumbList","@id":"https:\/\/klimavex.eu\/cz\/katalog\/odvlhcovac-vortice-deumido-20-evo\/#breadcrumb","itemListElement":[{"@type":"ListItem","position":1,"name":"Domovsk\u00e1 str\u00e1nka","item":"https:\/\/klimavex.eu\/cz\/"},{"@type":"ListItem","position":2,"name":"Eshop","item":"https:\/\/klimavex.eu\/cz\/eshop\/"},{"@type":"ListItem","position":3,"name":"Odvlh\u010dova\u010d Vortice Deumido 20 EVO"}]},{"@type":"WebSite","@id":"https:\/\/klimavex.eu\/cz\/#website","url":"https:\/\/klimavex.eu\/cz\/","name":"KLIMAVEX GROUP - \u010cesko","description":"","publisher":{"@id":"https:\/\/klimavex.eu\/cz\/#organization"},"alternateName":"KLIMAVEX CZ a.s.","potentialAction":[{"@type":"SearchAction","target":{"@type":"EntryPoint","urlTemplate":"https:\/\/klimavex.eu\/cz\/?s={search_term_string}"},"query-input":{"@type":"PropertyValueSpecification","valueRequired":true,"valueName":"search_term_string"}}],"inLanguage":"cs"},{"@type":"Organization","@id":"https:\/\/klimavex.eu\/cz\/#organization","name":"KLIMAVEX GROUP","alternateName":"KLIMAVEX","url":"https:\/\/klimavex.eu\/cz\/","logo":{"@type":"ImageObject","inLanguage":"cs","@id":"https:\/\/klimavex.eu\/cz\/#\/schema\/logo\/image\/","url":"https:\/\/klimavex.eu\/cz\/wp-content\/uploads\/2024\/04\/Klimavex-Group-logo.png","contentUrl":"https:\/\/klimavex.eu\/cz\/wp-content\/uploads\/2024\/04\/Klimavex-Group-logo.png","width":1681,"height":472,"caption":"KLIMAVEX GROUP"},"image":{"@id":"https:\/\/klimavex.eu\/cz\/#\/schema\/logo\/image\/"},"sameAs":["https:\/\/www.facebook.com\/klimavex.cz","https:\/\/www.instagram.com\/klimavex_cz\/"]}]}},"_links":{"self":[{"href":"https:\/\/klimavex.eu\/cz\/wp-json\/wp\/v2\/product\/544697","targetHints":{"allow":["GET"]}}],"collection":[{"href":"https:\/\/klimavex.eu\/cz\/wp-json\/wp\/v2\/product"}],"about":[{"href":"https:\/\/klimavex.eu\/cz\/wp-json\/wp\/v2\/types\/product"}],"version-history":[{"count":0,"href":"https:\/\/klimavex.eu\/cz\/wp-json\/wp\/v2\/product\/544697\/revisions"}],"wp:featuredmedia":[{"embeddable":true,"href":"https:\/\/klimavex.eu\/cz\/wp-json\/wp\/v2\/media\/554259"}],"wp:attachment":[{"href":"https:\/\/klimavex.eu\/cz\/wp-json\/wp\/v2\/media?parent=544697"}],"wp:term":[{"taxonomy":"product_cat","embeddable":true,"href":"https:\/\/klimavex.eu\/cz\/wp-json\/wp\/v2\/product_cat?post=544697"},{"taxonomy":"product_tag","embeddable":true,"href":"https:\/\/klimavex.eu\/cz\/wp-json\/wp\/v2\/product_tag?post=544697"}],"curies":[{"name":"wp","href":"https:\/\/api.w.org\/{rel}","templated":true}]}}