{"id":544724,"date":"2026-03-31T19:03:06","date_gmt":"2026-03-31T17:03:06","guid":{"rendered":"https:\/\/klimavex.eu\/cz\/katalog\/odvlhcovac-dantherm-ad-300\/"},"modified":"2026-03-31T19:03:57","modified_gmt":"2026-03-31T17:03:57","slug":"odvlhcovac-dantherm-mobilni-adsorpcni-230v-ad-300","status":"publish","type":"product","link":"https:\/\/klimavex.eu\/cz\/katalog\/odvlhcovac-dantherm-mobilni-adsorpcni-230v-ad-300\/","title":{"rendered":"Odvlh\u010dova\u010d Dantherm mobiln\u00ed adsorp\u010dn\u00ed 230V AD 300"},"content":{"rendered":"<p style=\"text-align:justify\"><span style=\"font-size:11pt\"><span style=\"font-family:Calibri,sans-serif\"><strong><span style=\"color:black\">Kl&iacute;\u010dov&eacute; vlastnosti<\/span><\/strong><\/span><\/span><\/p>\n<ul>\n<li style=\"text-align:justify\"><span style=\"font-size:11pt\"><span style=\"font-family:Calibri,sans-serif\"><span style=\"color:black\">Odvlh\u010dovac&iacute; v&yacute;kon 25,7l\/24h (p\u0159i teplot\u011b 20&deg;C a vlhkosti 60% RH)<\/span><\/span><\/span><\/li>\n<li style=\"text-align:justify\"><span style=\"font-size:11pt\"><span style=\"font-family:Calibri,sans-serif\"><span style=\"color:black\">Provozn&iacute; teplotn&iacute; rozsah -10-35&deg;C<\/span><\/span><\/span><\/li>\n<li style=\"text-align:justify\"><span style=\"font-size:11pt\"><span style=\"font-family:Calibri,sans-serif\"><span style=\"color:black\">Vzduchov&yacute; v&yacute;kon 300 m&sup3;\/h (such&yacute; vzduch), 110 m&sup3;\/h (regener. vzduch)<\/span><\/span><\/span><\/li>\n<li><span style=\"font-size:11pt\"><span style=\"font-family:Calibri,sans-serif\"><span style=\"color:black\">Vysok&yacute; v&yacute;kon p\u0159i n&iacute;zk&yacute;ch teplot&aacute;ch<\/span><\/span><\/span><\/li>\n<li><span style=\"font-size:11pt\"><span style=\"font-family:Calibri,sans-serif\"><span style=\"color:black\">Odvlh\u010dov&aacute;n&iacute; a\u017e na 10%RH p\u0159i teplot&aacute;ch a\u017e do -10&deg;C<\/span><\/span><\/span><\/li>\n<li><span style=\"font-size:11pt\"><span style=\"font-family:Calibri,sans-serif\"><span style=\"color:black\">Rukoje\u0165 pro zjednodu&scaron;enou manipulaci<\/span><\/span><\/span><\/li>\n<li><span style=\"font-size:11pt\"><span style=\"font-family:Calibri,sans-serif\"><span style=\"color:black\">Sk\u0159&iacute;\u0148ka z nereznouc&iacute; ocele AISI 304<\/span><\/span><\/span><\/li>\n<li><span style=\"font-size:11pt\"><span style=\"font-family:Calibri,sans-serif\"><span style=\"color:black\">Po\u010d&iacute;tadlo provozn&iacute;ch hodin<\/span><\/span><\/span><\/li>\n<li><span style=\"font-size:11pt\"><span style=\"font-family:Calibri,sans-serif\"><span style=\"color:black\">Po\u010d&iacute;tadlo spot\u0159eby energie v&nbsp;kWh<\/span><\/span><\/span><\/li>\n<li><span style=\"font-size:11pt\"><span style=\"font-family:Calibri,sans-serif\"><span style=\"color:black\">N&iacute;zk&aacute; hmotnost a kompaktn&iacute; rozm\u011bry<\/span><\/span><\/span><\/li>\n<li><span style=\"font-size:11pt\"><span style=\"font-family:Calibri,sans-serif\"><span style=\"color:black\">Zabudovan&yacute; hygrostat<\/span><\/span><\/span><\/li>\n<li><span style=\"font-size:11pt\"><span style=\"font-family:Calibri,sans-serif\"><span style=\"color:black\">Nas&aacute;v&aacute;n&iacute; vzduchu &Phi;125mm<\/span><\/span><\/span><\/li>\n<li><span style=\"font-size:11pt\"><span style=\"font-family:Calibri,sans-serif\"><span style=\"color:black\">Regenera\u010dn&iacute; vzduch &Phi;80mm<\/span><\/span><\/span><\/li>\n<li><span style=\"font-size:11pt\"><span style=\"font-family:Calibri,sans-serif\"><span style=\"color:black\">Zabudovan&yacute; vzduchov&yacute; filtr<\/span><\/span><\/span><\/li>\n<li><span style=\"font-size:11pt\"><span style=\"font-family:Calibri,sans-serif\"><span style=\"color:black\">Kryt&iacute; IP23<\/span><\/span><\/span><\/li>\n<li><span style=\"font-size:11pt\"><span style=\"font-family:Calibri,sans-serif\"><span style=\"color:black\">El. nap&aacute;jen&iacute; 1x230V\/50Hz (4,5m nap&aacute;jec&iacute; kabel)<\/span><\/span><\/span><\/li>\n<\/ul>\n<p><span style=\"font-size:11pt\"><span style=\"font-family:Calibri,sans-serif\"><strong><span style=\"color:black\">Voliteln&eacute; p\u0159&iacute;slu&scaron;enstv&iacute;<\/span><\/strong><\/span><\/span><\/p>\n<ul>\n<li><span style=\"font-size:11pt\"><span style=\"font-family:Calibri,sans-serif\"><span style=\"color:black\">P\u0159edn&iacute; panel<\/span><\/span><\/span><\/li>\n<li><span style=\"font-size:11pt\"><span style=\"font-family:Calibri,sans-serif\"><span style=\"color:black\">Sada filtr\u016f<\/span><\/span><\/span><\/li>\n<li><span style=\"font-size:11pt\"><span style=\"font-family:Calibri,sans-serif\"><span style=\"color:black\">Konzole pro n&aacute;st\u011bnnou mont&aacute;\u017e<\/span><\/span><\/span><\/li>\n<\/ul>\n","protected":false},"excerpt":{"rendered":"<p style=\"text-align:justify\"><span style=\"font-size:11pt\"><span style=\"font-family:Calibri,sans-serif\">Odvlh\u010dova\u010d <strong>Dantherm AD 300<\/strong> je <strong>mobiln&iacute; adsorp\u010dn&iacute; odvlh\u010dova\u010d<\/strong> pro p\u0159&iacute;pady nutnosti odvlh\u010den&iacute; <strong>p\u0159i velmi n&iacute;zk&yacute;ch teplot&aacute;ch<\/strong>. Tento odvlh\u010dova\u010d je v&nbsp;t\u011bchto teplotn&iacute;ch podm&iacute;nk&aacute;ch daleko &uacute;\u010dinn\u011bj&scaron;&iacute; ne\u017e odvlh\u010dova\u010d kondenza\u010dn&iacute;. Je vhodn&yacute; <strong>pro vysu&scaron;ov&aacute;n&iacute; m&iacute;st po&scaron;kozen&yacute;ch vodou<\/strong> nebo odstra\u0148ov&aacute;n&iacute; vlhkosti v&nbsp;nov&yacute;ch \u010di zrekonstruovan&yacute;ch budov&aacute;ch, a to <strong>i v&nbsp;zimn&iacute;ch m\u011bs&iacute;c&iacute;ch<\/strong>. <\/span><\/span><\/p>\n","protected":false},"featured_media":554317,"template":"","meta":[],"product_cat":[7555,7553],"product_tag":[],"class_list":{"0":"post-544724","1":"product","2":"type-product","3":"status-publish","4":"has-post-thumbnail","6":"product_cat-adsorpcni-odvlhcovace","7":"product_cat-odvlhcovace","8":"pa_odvlhcovaci-vykon-pri-30c-12698","9":"pa_provedeni-adsorpcni","10":"pa_provozni-rozsah-teplota-c-10c-35c","11":"pa_typ-ad","12":"pa_vzduchovy-vykon-qv-m3-12697","13":"pa_znacka-dantherm","15":"first","16":"instock","17":"taxable","18":"shipping-taxable","19":"purchasable","20":"product-type-simple"},"yoast_head":"<!-- This site is optimized with the Yoast SEO plugin v23.9 - https:\/\/yoast.com\/wordpress\/plugins\/seo\/ -->\n<title>Odvlh\u010dova\u010d Dantherm mobiln\u00ed adsorp\u010dn\u00ed 230V AD 300 - KLIMAVEX GROUP - \u010cesko<\/title>\n<meta name=\"robots\" content=\"index, follow, max-snippet:-1, max-image-preview:large, max-video-preview:-1\" \/>\n<link rel=\"canonical\" href=\"https:\/\/klimavex.eu\/cz\/katalog\/odvlhcovac-dantherm-ad-300\/\" \/>\n<meta property=\"og:locale\" content=\"cs_CZ\" \/>\n<meta property=\"og:type\" content=\"article\" \/>\n<meta property=\"og:title\" content=\"Odvlh\u010dova\u010d Dantherm mobiln\u00ed adsorp\u010dn\u00ed 230V AD 300 - KLIMAVEX GROUP - \u010cesko\" \/>\n<meta property=\"og:description\" content=\"Odvlh\u010dova\u010d Dantherm AD 300 je mobiln&iacute; adsorp\u010dn&iacute; odvlh\u010dova\u010d pro p\u0159&iacute;pady nutnosti odvlh\u010den&iacute; p\u0159i velmi n&iacute;zk&yacute;ch teplot&aacute;ch. Tento odvlh\u010dova\u010d je v&nbsp;t\u011bchto teplotn&iacute;ch podm&iacute;nk&aacute;ch daleko &uacute;\u010dinn\u011bj&scaron;&iacute; ne\u017e odvlh\u010dova\u010d kondenza\u010dn&iacute;. Je vhodn&yacute; pro vysu&scaron;ov&aacute;n&iacute; m&iacute;st po&scaron;kozen&yacute;ch vodou nebo odstra\u0148ov&aacute;n&iacute; vlhkosti v&nbsp;nov&yacute;ch \u010di zrekonstruovan&yacute;ch budov&aacute;ch, a to i v&nbsp;zimn&iacute;ch m\u011bs&iacute;c&iacute;ch.\" \/>\n<meta property=\"og:url\" content=\"https:\/\/klimavex.eu\/cz\/katalog\/odvlhcovac-dantherm-ad-300\/\" \/>\n<meta property=\"og:site_name\" content=\"KLIMAVEX GROUP - \u010cesko\" \/>\n<meta property=\"article:publisher\" content=\"https:\/\/www.facebook.com\/klimavex.cz\" \/>\n<meta property=\"article:modified_time\" content=\"2026-03-31T17:03:57+00:00\" \/>\n<meta property=\"og:image\" content=\"https:\/\/klimavex.eu\/cz\/wp-content\/uploads\/2024\/02\/LOGO-KLIMAVEX-modra-kostka-1.png\" \/>\n\t<meta property=\"og:image:width\" content=\"9184\" \/>\n\t<meta property=\"og:image:height\" content=\"9184\" \/>\n\t<meta property=\"og:image:type\" content=\"image\/png\" \/>\n<meta name=\"twitter:card\" content=\"summary_large_image\" \/>\n<meta name=\"twitter:label1\" content=\"Odhadovan\u00e1 doba \u010dten\u00ed\" \/>\n\t<meta name=\"twitter:data1\" content=\"1 minuta\" \/>\n<script type=\"application\/ld+json\" class=\"yoast-schema-graph\">{\"@context\":\"https:\/\/schema.org\",\"@graph\":[{\"@type\":\"WebPage\",\"@id\":\"https:\/\/klimavex.eu\/cz\/katalog\/odvlhcovac-dantherm-ad-300\/\",\"url\":\"https:\/\/klimavex.eu\/cz\/katalog\/odvlhcovac-dantherm-ad-300\/\",\"name\":\"Odvlh\u010dova\u010d Dantherm mobiln\u00ed adsorp\u010dn\u00ed 230V AD 300 - KLIMAVEX GROUP - \u010cesko\",\"isPartOf\":{\"@id\":\"https:\/\/klimavex.eu\/cz\/#website\"},\"primaryImageOfPage\":{\"@id\":\"https:\/\/klimavex.eu\/cz\/katalog\/odvlhcovac-dantherm-ad-300\/#primaryimage\"},\"image\":{\"@id\":\"https:\/\/klimavex.eu\/cz\/katalog\/odvlhcovac-dantherm-ad-300\/#primaryimage\"},\"thumbnailUrl\":\"https:\/\/klimavex.eu\/cz\/wp-content\/uploads\/2025\/09\/jJsQAbyFB7U8HhRyEs1cbp-H9BqI1e-p3aNELJqTAWQ-1.jpeg\",\"datePublished\":\"2026-03-31T17:03:06+00:00\",\"dateModified\":\"2026-03-31T17:03:57+00:00\",\"breadcrumb\":{\"@id\":\"https:\/\/klimavex.eu\/cz\/katalog\/odvlhcovac-dantherm-ad-300\/#breadcrumb\"},\"inLanguage\":\"cs\",\"potentialAction\":[{\"@type\":\"ReadAction\",\"target\":[\"https:\/\/klimavex.eu\/cz\/katalog\/odvlhcovac-dantherm-ad-300\/\"]}]},{\"@type\":\"ImageObject\",\"inLanguage\":\"cs\",\"@id\":\"https:\/\/klimavex.eu\/cz\/katalog\/odvlhcovac-dantherm-ad-300\/#primaryimage\",\"url\":\"https:\/\/klimavex.eu\/cz\/wp-content\/uploads\/2025\/09\/jJsQAbyFB7U8HhRyEs1cbp-H9BqI1e-p3aNELJqTAWQ-1.jpeg\",\"contentUrl\":\"https:\/\/klimavex.eu\/cz\/wp-content\/uploads\/2025\/09\/jJsQAbyFB7U8HhRyEs1cbp-H9BqI1e-p3aNELJqTAWQ-1.jpeg\",\"width\":609,\"height\":512},{\"@type\":\"BreadcrumbList\",\"@id\":\"https:\/\/klimavex.eu\/cz\/katalog\/odvlhcovac-dantherm-ad-300\/#breadcrumb\",\"itemListElement\":[{\"@type\":\"ListItem\",\"position\":1,\"name\":\"Domovsk\u00e1 str\u00e1nka\",\"item\":\"https:\/\/klimavex.eu\/cz\/\"},{\"@type\":\"ListItem\",\"position\":2,\"name\":\"Eshop\",\"item\":\"https:\/\/klimavex.eu\/cz\/eshop\/\"},{\"@type\":\"ListItem\",\"position\":3,\"name\":\"Odvlh\u010dova\u010d Dantherm AD 300\"}]},{\"@type\":\"WebSite\",\"@id\":\"https:\/\/klimavex.eu\/cz\/#website\",\"url\":\"https:\/\/klimavex.eu\/cz\/\",\"name\":\"KLIMAVEX GROUP - \u010cesko\",\"description\":\"\",\"publisher\":{\"@id\":\"https:\/\/klimavex.eu\/cz\/#organization\"},\"alternateName\":\"KLIMAVEX CZ a.s.\",\"potentialAction\":[{\"@type\":\"SearchAction\",\"target\":{\"@type\":\"EntryPoint\",\"urlTemplate\":\"https:\/\/klimavex.eu\/cz\/?s={search_term_string}\"},\"query-input\":{\"@type\":\"PropertyValueSpecification\",\"valueRequired\":true,\"valueName\":\"search_term_string\"}}],\"inLanguage\":\"cs\"},{\"@type\":\"Organization\",\"@id\":\"https:\/\/klimavex.eu\/cz\/#organization\",\"name\":\"KLIMAVEX GROUP\",\"alternateName\":\"KLIMAVEX\",\"url\":\"https:\/\/klimavex.eu\/cz\/\",\"logo\":{\"@type\":\"ImageObject\",\"inLanguage\":\"cs\",\"@id\":\"https:\/\/klimavex.eu\/cz\/#\/schema\/logo\/image\/\",\"url\":\"https:\/\/klimavex.eu\/cz\/wp-content\/uploads\/2024\/04\/Klimavex-Group-logo.png\",\"contentUrl\":\"https:\/\/klimavex.eu\/cz\/wp-content\/uploads\/2024\/04\/Klimavex-Group-logo.png\",\"width\":1681,\"height\":472,\"caption\":\"KLIMAVEX GROUP\"},\"image\":{\"@id\":\"https:\/\/klimavex.eu\/cz\/#\/schema\/logo\/image\/\"},\"sameAs\":[\"https:\/\/www.facebook.com\/klimavex.cz\",\"https:\/\/www.instagram.com\/klimavex_cz\/\"]}]}<\/script>\n<!-- \/ Yoast SEO plugin. -->","yoast_head_json":{"title":"Odvlh\u010dova\u010d Dantherm mobiln\u00ed adsorp\u010dn\u00ed 230V AD 300 - KLIMAVEX GROUP - \u010cesko","robots":{"index":"index","follow":"follow","max-snippet":"max-snippet:-1","max-image-preview":"max-image-preview:large","max-video-preview":"max-video-preview:-1"},"canonical":"https:\/\/klimavex.eu\/cz\/katalog\/odvlhcovac-dantherm-ad-300\/","og_locale":"cs_CZ","og_type":"article","og_title":"Odvlh\u010dova\u010d Dantherm mobiln\u00ed adsorp\u010dn\u00ed 230V AD 300 - KLIMAVEX GROUP - \u010cesko","og_description":"Odvlh\u010dova\u010d Dantherm AD 300 je mobiln&iacute; adsorp\u010dn&iacute; odvlh\u010dova\u010d pro p\u0159&iacute;pady nutnosti odvlh\u010den&iacute; p\u0159i velmi n&iacute;zk&yacute;ch teplot&aacute;ch. Tento odvlh\u010dova\u010d je v&nbsp;t\u011bchto teplotn&iacute;ch podm&iacute;nk&aacute;ch daleko &uacute;\u010dinn\u011bj&scaron;&iacute; ne\u017e odvlh\u010dova\u010d kondenza\u010dn&iacute;. Je vhodn&yacute; pro vysu&scaron;ov&aacute;n&iacute; m&iacute;st po&scaron;kozen&yacute;ch vodou nebo odstra\u0148ov&aacute;n&iacute; vlhkosti v&nbsp;nov&yacute;ch \u010di zrekonstruovan&yacute;ch budov&aacute;ch, a to i v&nbsp;zimn&iacute;ch m\u011bs&iacute;c&iacute;ch.","og_url":"https:\/\/klimavex.eu\/cz\/katalog\/odvlhcovac-dantherm-ad-300\/","og_site_name":"KLIMAVEX GROUP - \u010cesko","article_publisher":"https:\/\/www.facebook.com\/klimavex.cz","article_modified_time":"2026-03-31T17:03:57+00:00","og_image":[{"width":9184,"height":9184,"url":"https:\/\/klimavex.eu\/cz\/wp-content\/uploads\/2024\/02\/LOGO-KLIMAVEX-modra-kostka-1.png","type":"image\/png"}],"twitter_card":"summary_large_image","twitter_misc":{"Odhadovan\u00e1 doba \u010dten\u00ed":"1 minuta"},"schema":{"@context":"https:\/\/schema.org","@graph":[{"@type":"WebPage","@id":"https:\/\/klimavex.eu\/cz\/katalog\/odvlhcovac-dantherm-ad-300\/","url":"https:\/\/klimavex.eu\/cz\/katalog\/odvlhcovac-dantherm-ad-300\/","name":"Odvlh\u010dova\u010d Dantherm mobiln\u00ed adsorp\u010dn\u00ed 230V AD 300 - KLIMAVEX GROUP - \u010cesko","isPartOf":{"@id":"https:\/\/klimavex.eu\/cz\/#website"},"primaryImageOfPage":{"@id":"https:\/\/klimavex.eu\/cz\/katalog\/odvlhcovac-dantherm-ad-300\/#primaryimage"},"image":{"@id":"https:\/\/klimavex.eu\/cz\/katalog\/odvlhcovac-dantherm-ad-300\/#primaryimage"},"thumbnailUrl":"https:\/\/klimavex.eu\/cz\/wp-content\/uploads\/2025\/09\/jJsQAbyFB7U8HhRyEs1cbp-H9BqI1e-p3aNELJqTAWQ-1.jpeg","datePublished":"2026-03-31T17:03:06+00:00","dateModified":"2026-03-31T17:03:57+00:00","breadcrumb":{"@id":"https:\/\/klimavex.eu\/cz\/katalog\/odvlhcovac-dantherm-ad-300\/#breadcrumb"},"inLanguage":"cs","potentialAction":[{"@type":"ReadAction","target":["https:\/\/klimavex.eu\/cz\/katalog\/odvlhcovac-dantherm-ad-300\/"]}]},{"@type":"ImageObject","inLanguage":"cs","@id":"https:\/\/klimavex.eu\/cz\/katalog\/odvlhcovac-dantherm-ad-300\/#primaryimage","url":"https:\/\/klimavex.eu\/cz\/wp-content\/uploads\/2025\/09\/jJsQAbyFB7U8HhRyEs1cbp-H9BqI1e-p3aNELJqTAWQ-1.jpeg","contentUrl":"https:\/\/klimavex.eu\/cz\/wp-content\/uploads\/2025\/09\/jJsQAbyFB7U8HhRyEs1cbp-H9BqI1e-p3aNELJqTAWQ-1.jpeg","width":609,"height":512},{"@type":"BreadcrumbList","@id":"https:\/\/klimavex.eu\/cz\/katalog\/odvlhcovac-dantherm-ad-300\/#breadcrumb","itemListElement":[{"@type":"ListItem","position":1,"name":"Domovsk\u00e1 str\u00e1nka","item":"https:\/\/klimavex.eu\/cz\/"},{"@type":"ListItem","position":2,"name":"Eshop","item":"https:\/\/klimavex.eu\/cz\/eshop\/"},{"@type":"ListItem","position":3,"name":"Odvlh\u010dova\u010d Dantherm AD 300"}]},{"@type":"WebSite","@id":"https:\/\/klimavex.eu\/cz\/#website","url":"https:\/\/klimavex.eu\/cz\/","name":"KLIMAVEX GROUP - \u010cesko","description":"","publisher":{"@id":"https:\/\/klimavex.eu\/cz\/#organization"},"alternateName":"KLIMAVEX CZ a.s.","potentialAction":[{"@type":"SearchAction","target":{"@type":"EntryPoint","urlTemplate":"https:\/\/klimavex.eu\/cz\/?s={search_term_string}"},"query-input":{"@type":"PropertyValueSpecification","valueRequired":true,"valueName":"search_term_string"}}],"inLanguage":"cs"},{"@type":"Organization","@id":"https:\/\/klimavex.eu\/cz\/#organization","name":"KLIMAVEX GROUP","alternateName":"KLIMAVEX","url":"https:\/\/klimavex.eu\/cz\/","logo":{"@type":"ImageObject","inLanguage":"cs","@id":"https:\/\/klimavex.eu\/cz\/#\/schema\/logo\/image\/","url":"https:\/\/klimavex.eu\/cz\/wp-content\/uploads\/2024\/04\/Klimavex-Group-logo.png","contentUrl":"https:\/\/klimavex.eu\/cz\/wp-content\/uploads\/2024\/04\/Klimavex-Group-logo.png","width":1681,"height":472,"caption":"KLIMAVEX GROUP"},"image":{"@id":"https:\/\/klimavex.eu\/cz\/#\/schema\/logo\/image\/"},"sameAs":["https:\/\/www.facebook.com\/klimavex.cz","https:\/\/www.instagram.com\/klimavex_cz\/"]}]}},"_links":{"self":[{"href":"https:\/\/klimavex.eu\/cz\/wp-json\/wp\/v2\/product\/544724","targetHints":{"allow":["GET"]}}],"collection":[{"href":"https:\/\/klimavex.eu\/cz\/wp-json\/wp\/v2\/product"}],"about":[{"href":"https:\/\/klimavex.eu\/cz\/wp-json\/wp\/v2\/types\/product"}],"version-history":[{"count":0,"href":"https:\/\/klimavex.eu\/cz\/wp-json\/wp\/v2\/product\/544724\/revisions"}],"wp:featuredmedia":[{"embeddable":true,"href":"https:\/\/klimavex.eu\/cz\/wp-json\/wp\/v2\/media\/554317"}],"wp:attachment":[{"href":"https:\/\/klimavex.eu\/cz\/wp-json\/wp\/v2\/media?parent=544724"}],"wp:term":[{"taxonomy":"product_cat","embeddable":true,"href":"https:\/\/klimavex.eu\/cz\/wp-json\/wp\/v2\/product_cat?post=544724"},{"taxonomy":"product_tag","embeddable":true,"href":"https:\/\/klimavex.eu\/cz\/wp-json\/wp\/v2\/product_tag?post=544724"}],"curies":[{"name":"wp","href":"https:\/\/api.w.org\/{rel}","templated":true}]}}