{"id":544732,"date":"2026-03-31T19:03:06","date_gmt":"2026-03-31T17:03:06","guid":{"rendered":"https:\/\/klimavex.eu\/cz\/katalog\/odvlhcovac-dantherm-cdf-50\/"},"modified":"2026-03-31T19:04:07","modified_gmt":"2026-03-31T17:04:07","slug":"odvlhcovac-dantherm-nastenny-do-prostoru-230v-cdf-50","status":"publish","type":"product","link":"https:\/\/klimavex.eu\/cz\/katalog\/odvlhcovac-dantherm-nastenny-do-prostoru-230v-cdf-50\/","title":{"rendered":"Odvlh\u010dova\u010d Dantherm n\u00e1st\u011bnn\u00fd do prostoru 230V CDF 50"},"content":{"rendered":"<p style=\"text-align:justify\"><span style=\"font-size:11pt\"><span style=\"font-family:Calibri,sans-serif\"><strong><span style=\"color:black\">Kl&iacute;\u010dov&eacute; vlastnosti<\/span><\/strong><\/span><\/span><\/p>\n<ul>\n<li style=\"text-align:justify\"><span style=\"font-size:11pt\"><span style=\"font-family:Calibri,sans-serif\"><span style=\"color:black\">Odvlh\u010dovac&iacute; v&yacute;kon 50,4l\/24h (p\u0159i teplot\u011b 30&deg;C a vlhkosti 80% RH)<\/span><\/span><\/span><\/li>\n<li style=\"text-align:justify\"><span style=\"font-size:11pt\"><span style=\"font-family:Calibri,sans-serif\"><span style=\"color:black\">Provozn&iacute; teplotn&iacute; rozsah 3-32&deg;C<\/span><\/span><\/span><\/li>\n<li style=\"text-align:justify\"><span style=\"font-size:11pt\"><span style=\"font-family:Calibri,sans-serif\"><span style=\"color:black\">Vzduchov&yacute; v&yacute;kon 680 m&sup3;\/h<\/span><\/span><\/span><\/li>\n<li style=\"text-align:justify\"><span style=\"font-size:11pt\"><span style=\"font-family:Calibri,sans-serif\"><span style=\"color:black\">Ide&aacute;ln&iacute; pro dlouhodob&yacute; provoz<\/span><\/span><\/span><\/li>\n<li style=\"text-align:justify\"><span style=\"font-size:11pt\"><span style=\"font-family:Calibri,sans-serif\"><span style=\"color:black\">Jednoduch&eacute; nastaven&iacute; a ovl&aacute;d&aacute;n&iacute;<\/span><\/span><\/span><\/li>\n<li style=\"text-align:justify\"><span style=\"font-size:11pt\"><span style=\"font-family:Calibri,sans-serif\"><span style=\"color:black\">Zabudovan&yacute; hygrostat, termostat, radi&aacute;ln&iacute; ventil&aacute;tor<\/span><\/span><\/span><\/li>\n<li style=\"text-align:justify\"><span style=\"font-size:11pt\"><span style=\"font-family:Calibri,sans-serif\"><span style=\"color:black\">Voliteln&eacute; bezdr&aacute;tov&eacute; ovl&aacute;d&aacute;n&iacute;<\/span><\/span><\/span><\/li>\n<li style=\"text-align:justify\"><span style=\"font-size:11pt\"><span style=\"font-family:Calibri,sans-serif\"><span style=\"color:black\">V&yacute;m\u011bn&iacute;ky o&scaron;et\u0159en&eacute; epoxidov&yacute;m n&aacute;t\u011brem<\/span><\/span><\/span><\/li>\n<li style=\"text-align:justify\"><span style=\"font-size:11pt\"><span style=\"font-family:Calibri,sans-serif\"><span style=\"color:black\">T\u0159&iacute;da odolnosti v\u016f\u010di korozi C4<\/span><\/span><\/span><\/li>\n<li style=\"text-align:justify\"><span style=\"font-size:11pt\"><span style=\"font-family:Calibri,sans-serif\"><span style=\"color:black\">Servisn&iacute; ventil na chladic&iacute;m okruhu<\/span><\/span><\/span><\/li>\n<li style=\"text-align:justify\"><span style=\"font-size:11pt\"><span style=\"font-family:Calibri,sans-serif\"><span style=\"color:black\">Kompatibilita s BMS (ModBus) a USB p\u0159ipojen&iacute; pro PC diagnostiku<\/span><\/span><\/span><\/li>\n<li style=\"text-align:justify\"><span style=\"font-size:11pt\"><span style=\"font-family:Calibri,sans-serif\"><span style=\"color:black\">V&yacute;stup pro gener&aacute;ln&iacute; alarm<\/span><\/span><\/span><\/li>\n<li style=\"text-align:justify\"><span style=\"font-size:11pt\"><span style=\"font-family:Calibri,sans-serif\"><span style=\"color:black\">Zabudovan&yacute; filtr na s&aacute;n&iacute; (G3)<\/span><\/span><\/span><\/li>\n<li style=\"text-align:justify\"><span style=\"font-size:11pt\"><span style=\"font-family:Calibri,sans-serif\"><span style=\"color:black\">Kryt&iacute; IPX4<\/span><\/span><\/span><\/li>\n<li style=\"text-align:justify\"><span style=\"font-size:11pt\"><span style=\"font-family:Calibri,sans-serif\"><span style=\"color:black\">3\/4&rdquo; konektor na p\u0159ipojen&iacute; hadice na odvod kondenz&aacute;tu<\/span><\/span><\/span><\/li>\n<li style=\"text-align:justify\"><span style=\"font-size:11pt\"><span style=\"font-family:Calibri,sans-serif\"><span style=\"color:black\">El. nap&aacute;jen&iacute; 1x230V\/50Hz<\/span><\/span><\/span><\/li>\n<\/ul>\n<p style=\"text-align:justify\"><span style=\"font-size:11pt\"><span style=\"font-family:Calibri,sans-serif\"><strong><span style=\"color:black\">P\u0159&iacute;slu&scaron;enstv&iacute;<\/span><\/strong><\/span><\/span><\/p>\n<ul>\n<li style=\"text-align:justify\"><span style=\"font-size:11pt\"><span style=\"font-family:Calibri,sans-serif\"><span style=\"color:black\">D&aacute;lkov&yacute; bezdr&aacute;tov&yacute; ovlada\u010d DRC1<\/span><\/span><\/span><\/li>\n<li style=\"text-align:justify\"><span style=\"font-size:11pt\"><span style=\"font-family:Calibri,sans-serif\"><span style=\"color:black\">Sada pro uchycen&iacute; na podlahu<\/span><\/span><\/span><\/li>\n<li style=\"text-align:justify\"><span style=\"font-size:11pt\"><span style=\"font-family:Calibri,sans-serif\"><span style=\"color:black\">Topn&yacute; vodn&iacute; v&yacute;m\u011bn&iacute;k<\/span><\/span><\/span><\/li>\n<li style=\"text-align:justify\"><span style=\"font-size:11pt\"><span style=\"font-family:Calibri,sans-serif\"><span style=\"color:black\">Elektrick&yacute; oh\u0159ev<\/span><\/span><\/span><\/li>\n<li style=\"text-align:justify\"><span style=\"font-size:11pt\"><span style=\"font-family:Calibri,sans-serif\"><span style=\"color:black\">Axi&aacute;ln&iacute; ods&aacute;vac&iacute; ventil&aacute;tor<\/span><\/span><\/span><\/li>\n<li style=\"text-align:justify\"><span style=\"font-size:11pt\"><span style=\"font-family:Calibri,sans-serif\"><span style=\"color:black\">2cestn&yacute; ventil s&nbsp;pohonem pro topn&yacute; vodn&iacute; v&yacute;m\u011bn&iacute;k<\/span><\/span><\/span><\/li>\n<\/ul>\n","protected":false},"excerpt":{"rendered":"<p style=\"text-align:justify\"><span style=\"font-size:11pt\"><span style=\"font-family:Calibri,sans-serif\"><span style=\"color:black\">Odvlh\u010dova\u010d <strong>Dantherm CDF 50<\/strong> je v&yacute;konn&yacute; <strong>n&aacute;st\u011bnn&yacute; odvlh\u010dova\u010d<\/strong>, kter&yacute; je efektivn&iacute;m \u0159e&scaron;en&iacute;m pro ochranu majetku p\u0159ed po&scaron;kozen&iacute;m nebo zni\u010den&iacute;m vlhkost&iacute;. Je vhodn&yacute; pro &uacute;pravu vlhkosti <strong>ve skladech, sklepech, archivech, historick&yacute;ch budov&aacute;ch<\/strong> nebo prostor&aacute;ch, kde je pravd\u011bpodobn&yacute; kontakt s&nbsp;vodou nebo zv&yacute;&scaron;enou vlhkost&iacute; a nebezpe\u010d&iacute;m tvorby pl&iacute;sn&iacute; a koroze.<\/span><\/span><\/span><\/p>\n","protected":false},"featured_media":554347,"template":"","meta":[],"product_cat":[7558,7553],"product_tag":[],"class_list":{"0":"post-544732","1":"product","2":"type-product","3":"status-publish","4":"has-post-thumbnail","6":"product_cat-nastenne-komercni-odvlhcovace","7":"product_cat-odvlhcovace","8":"pa_odvlhcovaci-vykon-pri-30c-14565","9":"pa_provedeni-nastenny-komercni","10":"pa_provozni-rozsah-teplota-c-3c-32c","11":"pa_typ-cdf","12":"pa_vzduchovy-vykon-qv-m3-12695","13":"pa_znacka-dantherm","15":"first","16":"instock","17":"taxable","18":"shipping-taxable","19":"purchasable","20":"product-type-simple"},"yoast_head":"<!-- This site is optimized with the Yoast SEO plugin v23.9 - https:\/\/yoast.com\/wordpress\/plugins\/seo\/ -->\n<title>Odvlh\u010dova\u010d Dantherm n\u00e1st\u011bnn\u00fd do prostoru 230V CDF 50 - KLIMAVEX GROUP - \u010cesko<\/title>\n<meta name=\"robots\" content=\"index, follow, max-snippet:-1, max-image-preview:large, max-video-preview:-1\" \/>\n<link rel=\"canonical\" href=\"https:\/\/klimavex.eu\/cz\/katalog\/odvlhcovac-dantherm-cdf-50\/\" \/>\n<meta property=\"og:locale\" content=\"cs_CZ\" \/>\n<meta property=\"og:type\" content=\"article\" \/>\n<meta property=\"og:title\" content=\"Odvlh\u010dova\u010d Dantherm n\u00e1st\u011bnn\u00fd do prostoru 230V CDF 50 - KLIMAVEX GROUP - \u010cesko\" \/>\n<meta property=\"og:description\" content=\"Odvlh\u010dova\u010d Dantherm CDF 50 je v&yacute;konn&yacute; n&aacute;st\u011bnn&yacute; odvlh\u010dova\u010d, kter&yacute; je efektivn&iacute;m \u0159e&scaron;en&iacute;m pro ochranu majetku p\u0159ed po&scaron;kozen&iacute;m nebo zni\u010den&iacute;m vlhkost&iacute;. Je vhodn&yacute; pro &uacute;pravu vlhkosti ve skladech, sklepech, archivech, historick&yacute;ch budov&aacute;ch nebo prostor&aacute;ch, kde je pravd\u011bpodobn&yacute; kontakt s&nbsp;vodou nebo zv&yacute;&scaron;enou vlhkost&iacute; a nebezpe\u010d&iacute;m tvorby pl&iacute;sn&iacute; a koroze.\" \/>\n<meta property=\"og:url\" content=\"https:\/\/klimavex.eu\/cz\/katalog\/odvlhcovac-dantherm-cdf-50\/\" \/>\n<meta property=\"og:site_name\" content=\"KLIMAVEX GROUP - \u010cesko\" \/>\n<meta property=\"article:publisher\" content=\"https:\/\/www.facebook.com\/klimavex.cz\" \/>\n<meta property=\"article:modified_time\" content=\"2026-03-31T17:04:07+00:00\" \/>\n<meta property=\"og:image\" content=\"https:\/\/klimavex.eu\/cz\/wp-content\/uploads\/2025\/09\/Fpt36Kaa9ud9bYvNokUZvOHfFqrJo39SYokJQ6RpSCk.jpeg\" \/>\n\t<meta property=\"og:image:width\" content=\"330\" \/>\n\t<meta property=\"og:image:height\" content=\"268\" \/>\n\t<meta property=\"og:image:type\" content=\"image\/jpeg\" \/>\n<meta name=\"twitter:card\" content=\"summary_large_image\" \/>\n<meta name=\"twitter:label1\" content=\"Odhadovan\u00e1 doba \u010dten\u00ed\" \/>\n\t<meta name=\"twitter:data1\" content=\"1 minuta\" \/>\n<script type=\"application\/ld+json\" class=\"yoast-schema-graph\">{\"@context\":\"https:\/\/schema.org\",\"@graph\":[{\"@type\":\"WebPage\",\"@id\":\"https:\/\/klimavex.eu\/cz\/katalog\/odvlhcovac-dantherm-cdf-50\/\",\"url\":\"https:\/\/klimavex.eu\/cz\/katalog\/odvlhcovac-dantherm-cdf-50\/\",\"name\":\"Odvlh\u010dova\u010d Dantherm n\u00e1st\u011bnn\u00fd do prostoru 230V CDF 50 - KLIMAVEX GROUP - \u010cesko\",\"isPartOf\":{\"@id\":\"https:\/\/klimavex.eu\/cz\/#website\"},\"primaryImageOfPage\":{\"@id\":\"https:\/\/klimavex.eu\/cz\/katalog\/odvlhcovac-dantherm-cdf-50\/#primaryimage\"},\"image\":{\"@id\":\"https:\/\/klimavex.eu\/cz\/katalog\/odvlhcovac-dantherm-cdf-50\/#primaryimage\"},\"thumbnailUrl\":\"https:\/\/klimavex.eu\/cz\/wp-content\/uploads\/2025\/09\/Fpt36Kaa9ud9bYvNokUZvOHfFqrJo39SYokJQ6RpSCk.jpeg\",\"datePublished\":\"2026-03-31T17:03:06+00:00\",\"dateModified\":\"2026-03-31T17:04:07+00:00\",\"breadcrumb\":{\"@id\":\"https:\/\/klimavex.eu\/cz\/katalog\/odvlhcovac-dantherm-cdf-50\/#breadcrumb\"},\"inLanguage\":\"cs\",\"potentialAction\":[{\"@type\":\"ReadAction\",\"target\":[\"https:\/\/klimavex.eu\/cz\/katalog\/odvlhcovac-dantherm-cdf-50\/\"]}]},{\"@type\":\"ImageObject\",\"inLanguage\":\"cs\",\"@id\":\"https:\/\/klimavex.eu\/cz\/katalog\/odvlhcovac-dantherm-cdf-50\/#primaryimage\",\"url\":\"https:\/\/klimavex.eu\/cz\/wp-content\/uploads\/2025\/09\/Fpt36Kaa9ud9bYvNokUZvOHfFqrJo39SYokJQ6RpSCk.jpeg\",\"contentUrl\":\"https:\/\/klimavex.eu\/cz\/wp-content\/uploads\/2025\/09\/Fpt36Kaa9ud9bYvNokUZvOHfFqrJo39SYokJQ6RpSCk.jpeg\",\"width\":330,\"height\":268},{\"@type\":\"BreadcrumbList\",\"@id\":\"https:\/\/klimavex.eu\/cz\/katalog\/odvlhcovac-dantherm-cdf-50\/#breadcrumb\",\"itemListElement\":[{\"@type\":\"ListItem\",\"position\":1,\"name\":\"Domovsk\u00e1 str\u00e1nka\",\"item\":\"https:\/\/klimavex.eu\/cz\/\"},{\"@type\":\"ListItem\",\"position\":2,\"name\":\"Eshop\",\"item\":\"https:\/\/klimavex.eu\/cz\/eshop\/\"},{\"@type\":\"ListItem\",\"position\":3,\"name\":\"Odvlh\u010dova\u010d Dantherm CDF 50\"}]},{\"@type\":\"WebSite\",\"@id\":\"https:\/\/klimavex.eu\/cz\/#website\",\"url\":\"https:\/\/klimavex.eu\/cz\/\",\"name\":\"KLIMAVEX GROUP - \u010cesko\",\"description\":\"\",\"publisher\":{\"@id\":\"https:\/\/klimavex.eu\/cz\/#organization\"},\"alternateName\":\"KLIMAVEX CZ a.s.\",\"potentialAction\":[{\"@type\":\"SearchAction\",\"target\":{\"@type\":\"EntryPoint\",\"urlTemplate\":\"https:\/\/klimavex.eu\/cz\/?s={search_term_string}\"},\"query-input\":{\"@type\":\"PropertyValueSpecification\",\"valueRequired\":true,\"valueName\":\"search_term_string\"}}],\"inLanguage\":\"cs\"},{\"@type\":\"Organization\",\"@id\":\"https:\/\/klimavex.eu\/cz\/#organization\",\"name\":\"KLIMAVEX GROUP\",\"alternateName\":\"KLIMAVEX\",\"url\":\"https:\/\/klimavex.eu\/cz\/\",\"logo\":{\"@type\":\"ImageObject\",\"inLanguage\":\"cs\",\"@id\":\"https:\/\/klimavex.eu\/cz\/#\/schema\/logo\/image\/\",\"url\":\"https:\/\/klimavex.eu\/cz\/wp-content\/uploads\/2024\/04\/Klimavex-Group-logo.png\",\"contentUrl\":\"https:\/\/klimavex.eu\/cz\/wp-content\/uploads\/2024\/04\/Klimavex-Group-logo.png\",\"width\":1681,\"height\":472,\"caption\":\"KLIMAVEX GROUP\"},\"image\":{\"@id\":\"https:\/\/klimavex.eu\/cz\/#\/schema\/logo\/image\/\"},\"sameAs\":[\"https:\/\/www.facebook.com\/klimavex.cz\",\"https:\/\/www.instagram.com\/klimavex_cz\/\"]}]}<\/script>\n<!-- \/ Yoast SEO plugin. -->","yoast_head_json":{"title":"Odvlh\u010dova\u010d Dantherm n\u00e1st\u011bnn\u00fd do prostoru 230V CDF 50 - KLIMAVEX GROUP - \u010cesko","robots":{"index":"index","follow":"follow","max-snippet":"max-snippet:-1","max-image-preview":"max-image-preview:large","max-video-preview":"max-video-preview:-1"},"canonical":"https:\/\/klimavex.eu\/cz\/katalog\/odvlhcovac-dantherm-cdf-50\/","og_locale":"cs_CZ","og_type":"article","og_title":"Odvlh\u010dova\u010d Dantherm n\u00e1st\u011bnn\u00fd do prostoru 230V CDF 50 - KLIMAVEX GROUP - \u010cesko","og_description":"Odvlh\u010dova\u010d Dantherm CDF 50 je v&yacute;konn&yacute; n&aacute;st\u011bnn&yacute; odvlh\u010dova\u010d, kter&yacute; je efektivn&iacute;m \u0159e&scaron;en&iacute;m pro ochranu majetku p\u0159ed po&scaron;kozen&iacute;m nebo zni\u010den&iacute;m vlhkost&iacute;. Je vhodn&yacute; pro &uacute;pravu vlhkosti ve skladech, sklepech, archivech, historick&yacute;ch budov&aacute;ch nebo prostor&aacute;ch, kde je pravd\u011bpodobn&yacute; kontakt s&nbsp;vodou nebo zv&yacute;&scaron;enou vlhkost&iacute; a nebezpe\u010d&iacute;m tvorby pl&iacute;sn&iacute; a koroze.","og_url":"https:\/\/klimavex.eu\/cz\/katalog\/odvlhcovac-dantherm-cdf-50\/","og_site_name":"KLIMAVEX GROUP - \u010cesko","article_publisher":"https:\/\/www.facebook.com\/klimavex.cz","article_modified_time":"2026-03-31T17:04:07+00:00","og_image":[{"width":330,"height":268,"url":"https:\/\/klimavex.eu\/cz\/wp-content\/uploads\/2025\/09\/Fpt36Kaa9ud9bYvNokUZvOHfFqrJo39SYokJQ6RpSCk.jpeg","type":"image\/jpeg"}],"twitter_card":"summary_large_image","twitter_misc":{"Odhadovan\u00e1 doba \u010dten\u00ed":"1 minuta"},"schema":{"@context":"https:\/\/schema.org","@graph":[{"@type":"WebPage","@id":"https:\/\/klimavex.eu\/cz\/katalog\/odvlhcovac-dantherm-cdf-50\/","url":"https:\/\/klimavex.eu\/cz\/katalog\/odvlhcovac-dantherm-cdf-50\/","name":"Odvlh\u010dova\u010d Dantherm n\u00e1st\u011bnn\u00fd do prostoru 230V CDF 50 - KLIMAVEX GROUP - \u010cesko","isPartOf":{"@id":"https:\/\/klimavex.eu\/cz\/#website"},"primaryImageOfPage":{"@id":"https:\/\/klimavex.eu\/cz\/katalog\/odvlhcovac-dantherm-cdf-50\/#primaryimage"},"image":{"@id":"https:\/\/klimavex.eu\/cz\/katalog\/odvlhcovac-dantherm-cdf-50\/#primaryimage"},"thumbnailUrl":"https:\/\/klimavex.eu\/cz\/wp-content\/uploads\/2025\/09\/Fpt36Kaa9ud9bYvNokUZvOHfFqrJo39SYokJQ6RpSCk.jpeg","datePublished":"2026-03-31T17:03:06+00:00","dateModified":"2026-03-31T17:04:07+00:00","breadcrumb":{"@id":"https:\/\/klimavex.eu\/cz\/katalog\/odvlhcovac-dantherm-cdf-50\/#breadcrumb"},"inLanguage":"cs","potentialAction":[{"@type":"ReadAction","target":["https:\/\/klimavex.eu\/cz\/katalog\/odvlhcovac-dantherm-cdf-50\/"]}]},{"@type":"ImageObject","inLanguage":"cs","@id":"https:\/\/klimavex.eu\/cz\/katalog\/odvlhcovac-dantherm-cdf-50\/#primaryimage","url":"https:\/\/klimavex.eu\/cz\/wp-content\/uploads\/2025\/09\/Fpt36Kaa9ud9bYvNokUZvOHfFqrJo39SYokJQ6RpSCk.jpeg","contentUrl":"https:\/\/klimavex.eu\/cz\/wp-content\/uploads\/2025\/09\/Fpt36Kaa9ud9bYvNokUZvOHfFqrJo39SYokJQ6RpSCk.jpeg","width":330,"height":268},{"@type":"BreadcrumbList","@id":"https:\/\/klimavex.eu\/cz\/katalog\/odvlhcovac-dantherm-cdf-50\/#breadcrumb","itemListElement":[{"@type":"ListItem","position":1,"name":"Domovsk\u00e1 str\u00e1nka","item":"https:\/\/klimavex.eu\/cz\/"},{"@type":"ListItem","position":2,"name":"Eshop","item":"https:\/\/klimavex.eu\/cz\/eshop\/"},{"@type":"ListItem","position":3,"name":"Odvlh\u010dova\u010d Dantherm CDF 50"}]},{"@type":"WebSite","@id":"https:\/\/klimavex.eu\/cz\/#website","url":"https:\/\/klimavex.eu\/cz\/","name":"KLIMAVEX GROUP - \u010cesko","description":"","publisher":{"@id":"https:\/\/klimavex.eu\/cz\/#organization"},"alternateName":"KLIMAVEX CZ a.s.","potentialAction":[{"@type":"SearchAction","target":{"@type":"EntryPoint","urlTemplate":"https:\/\/klimavex.eu\/cz\/?s={search_term_string}"},"query-input":{"@type":"PropertyValueSpecification","valueRequired":true,"valueName":"search_term_string"}}],"inLanguage":"cs"},{"@type":"Organization","@id":"https:\/\/klimavex.eu\/cz\/#organization","name":"KLIMAVEX GROUP","alternateName":"KLIMAVEX","url":"https:\/\/klimavex.eu\/cz\/","logo":{"@type":"ImageObject","inLanguage":"cs","@id":"https:\/\/klimavex.eu\/cz\/#\/schema\/logo\/image\/","url":"https:\/\/klimavex.eu\/cz\/wp-content\/uploads\/2024\/04\/Klimavex-Group-logo.png","contentUrl":"https:\/\/klimavex.eu\/cz\/wp-content\/uploads\/2024\/04\/Klimavex-Group-logo.png","width":1681,"height":472,"caption":"KLIMAVEX GROUP"},"image":{"@id":"https:\/\/klimavex.eu\/cz\/#\/schema\/logo\/image\/"},"sameAs":["https:\/\/www.facebook.com\/klimavex.cz","https:\/\/www.instagram.com\/klimavex_cz\/"]}]}},"_links":{"self":[{"href":"https:\/\/klimavex.eu\/cz\/wp-json\/wp\/v2\/product\/544732","targetHints":{"allow":["GET"]}}],"collection":[{"href":"https:\/\/klimavex.eu\/cz\/wp-json\/wp\/v2\/product"}],"about":[{"href":"https:\/\/klimavex.eu\/cz\/wp-json\/wp\/v2\/types\/product"}],"version-history":[{"count":0,"href":"https:\/\/klimavex.eu\/cz\/wp-json\/wp\/v2\/product\/544732\/revisions"}],"wp:featuredmedia":[{"embeddable":true,"href":"https:\/\/klimavex.eu\/cz\/wp-json\/wp\/v2\/media\/554347"}],"wp:attachment":[{"href":"https:\/\/klimavex.eu\/cz\/wp-json\/wp\/v2\/media?parent=544732"}],"wp:term":[{"taxonomy":"product_cat","embeddable":true,"href":"https:\/\/klimavex.eu\/cz\/wp-json\/wp\/v2\/product_cat?post=544732"},{"taxonomy":"product_tag","embeddable":true,"href":"https:\/\/klimavex.eu\/cz\/wp-json\/wp\/v2\/product_tag?post=544732"}],"curies":[{"name":"wp","href":"https:\/\/api.w.org\/{rel}","templated":true}]}}