{"id":544769,"date":"2026-03-31T19:04:12","date_gmt":"2026-03-31T17:04:12","guid":{"rendered":"https:\/\/klimavex.eu\/cz\/katalog\/rekuperacni-jednotka-dantherm-hcc-360-e1-enthalpy\/"},"modified":"2026-03-31T19:04:48","modified_gmt":"2026-03-31T17:04:48","slug":"rekuperacni-jednotka-dantherm-hcc-360-e1","status":"publish","type":"product","link":"https:\/\/klimavex.eu\/cz\/katalog\/rekuperacni-jednotka-dantherm-hcc-360-e1\/","title":{"rendered":"Rekupera\u010dn\u00ed jednotka Dantherm HCC 360 E1"},"content":{"rendered":"<p style=\"text-align:justify\"><span style=\"font-size:11pt\"><span style=\"font-family:Calibri,sans-serif\"><strong><span style=\"color:black\">Kl&iacute;\u010dov&eacute; vlastnosti<\/span><\/strong><\/span><\/span><\/p>\n<ul>\n<li style=\"text-align:justify\"><span style=\"font-size:11pt\"><span style=\"font-family:Calibri,sans-serif\"><span style=\"color:black\">Vzduchov&yacute; v&yacute;kon<\/span><\/span><\/span>\n<ul style=\"list-style-type:circle\">\n<li style=\"text-align:justify\"><span style=\"font-size:11pt\"><span style=\"font-family:Calibri,sans-serif\"><span style=\"color:black\">Provozn&iacute; rozsah 50 a\u017e 360 m<sup>3<\/sup>\/h<\/span><\/span><\/span><\/li>\n<li style=\"text-align:justify\"><span style=\"font-size:11pt\"><span style=\"font-family:Calibri,sans-serif\"><span style=\"color:black\">Max 360 m<sup>3<\/sup>\/h p\u0159i 100 Pa<\/span><\/span><\/span><\/li>\n<\/ul>\n<\/li>\n<li style=\"text-align:justify\"><span style=\"font-size:11pt\"><span style=\"font-family:Calibri,sans-serif\"><span style=\"color:black\">Protiproud&yacute; entalpick&yacute; v&yacute;m\u011bn&iacute;k<\/span><\/span><\/span><\/li>\n<li style=\"text-align:justify\"><span style=\"font-size:11pt\"><span style=\"font-family:Calibri,sans-serif\"><span style=\"color:black\">Mo\u017en&aacute; podstropn&iacute; skryt&aacute; instalace<\/span><\/span><\/span><\/li>\n<li style=\"text-align:justify\"><span style=\"font-size:11pt\"><span style=\"font-family:Calibri,sans-serif\"><span style=\"color:black\">EC motory ventil&aacute;tor\u016f s n&iacute;zkou spot\u0159ebou energie (n&iacute;zk&eacute; SPI)<\/span><\/span><\/span><\/li>\n<li style=\"text-align:justify\"><span style=\"font-size:11pt\"><span style=\"font-family:Calibri,sans-serif\"><span style=\"color:black\">P\u0159ipojen&iacute; potrub&iacute; &ndash; 2x &Oslash;125mm na obou konc&iacute;ch<\/span><\/span><\/span><\/li>\n<li style=\"text-align:justify\"><span style=\"font-size:11pt\"><span style=\"font-family:Calibri,sans-serif\"><span style=\"color:black\">Obsahuje vzduchov&eacute; filtry G4 50mm (\u010derstv&yacute; i odvodn&iacute; vzduch)<\/span><\/span><\/span><\/li>\n<li style=\"text-align:justify\"><span style=\"font-size:11pt\"><span style=\"font-family:Calibri,sans-serif\"><span style=\"color:black\">Zabudovan&yacute; sn&iacute;ma\u010d vlhkosti RH<\/span><\/span><\/span><\/li>\n<li style=\"text-align:justify\"><span style=\"font-size:11pt\"><span style=\"font-family:Calibri,sans-serif\"><span style=\"color:black\">Nezahrnuje ovl&aacute;d&aacute;n&iacute; (pot\u0159ebn&eacute; objednat ovlada\u010d)<\/span><\/span><\/span><\/li>\n<li style=\"text-align:justify\"><span style=\"font-size:11pt\"><span style=\"font-family:Calibri,sans-serif\"><span style=\"color:black\">Vysoce &uacute;\u010dinn&aacute; rekuperace tepla (a\u017e 85%)<\/span><\/span><\/span><\/li>\n<li style=\"text-align:justify\"><span style=\"font-size:11pt\"><span style=\"font-family:Calibri,sans-serif\"><span style=\"color:black\">V&yacute;&scaron;ka jednotky pouze 300mm<\/span><\/span><\/span><\/li>\n<li style=\"text-align:justify\"><span style=\"font-size:11pt\"><span style=\"font-family:Calibri,sans-serif\"><span style=\"color:black\">\u010casov\u011b \u0159&iacute;zen&aacute; &uacute;rove\u0148 ventilace, zalo\u017een&aacute; na 11 r\u016fzn&yacute;ch p\u0159ednastaven&yacute;ch t&yacute;denn&iacute;ch programech, sni\u017euje spot\u0159ebu energie v obdob&iacute;ch s n&iacute;zk&yacute;mi n&aacute;roky na ventilaci<\/span><\/span><\/span><\/li>\n<li style=\"text-align:justify\"><span style=\"font-size:11pt\"><span style=\"font-family:Calibri,sans-serif\"><span style=\"color:black\">Re\u017eim letn&iacute; chlazen&iacute;<\/span><\/span><\/span><\/li>\n<li style=\"text-align:justify\"><span style=\"font-size:11pt\"><span style=\"font-family:Calibri,sans-serif\"><span style=\"color:black\">Re\u017eim krbu, vytv&aacute;\u0159ej&iacute;c&iacute; moment&aacute;ln&iacute; vnit\u0159n&iacute; p\u0159etlak, pro zlep&scaron;en&iacute; funk\u010dnosti kom&iacute;na<\/span><\/span><\/span><\/li>\n<li style=\"text-align:justify\"><span style=\"font-size:11pt\"><span style=\"font-family:Calibri,sans-serif\"><span style=\"color:black\">Elektronick&eacute; p\u0159ep&iacute;n&aacute;n&iacute; sm\u011bru ventil&aacute;toru vlevo\/vpravo, co\u017e umo\u017e\u0148uje stejn&eacute;mu typu jednotky p\u0159izp\u016fsobit jak&eacute;koli fyzick&eacute; po\u017eadavky na instalaci, bez ohledu na v&yacute;b\u011br stropu a st\u011bny<\/span><\/span><\/span><\/li>\n<li style=\"text-align:justify\"><span style=\"font-size:11pt\"><span style=\"font-family:Calibri,sans-serif\"><span style=\"color:black\">TCP\/IP ModBus p\u0159ipojen&iacute;, pro spolupr&aacute;ci s Building Management System<\/span><\/span><\/span><\/li>\n<li style=\"text-align:justify\"><span style=\"font-size:11pt\"><span style=\"font-family:Calibri,sans-serif\"><span style=\"color:black\">Elektrick&eacute; p\u0159&iacute;pojky lze p\u0159ipojit zleva nebo zprava<\/span><\/span><\/span><\/li>\n<\/ul>\n<p style=\"text-align:justify\"><span style=\"font-size:11pt\"><span style=\"font-family:Calibri,sans-serif\"><strong><span style=\"color:black\">Doporu\u010den&eacute; p\u0159&iacute;slu&scaron;enstv&iacute;<\/span><\/strong><\/span><\/span><\/p>\n<ul>\n<li style=\"text-align:justify\"><span style=\"font-size:11pt\"><span style=\"font-family:Calibri,sans-serif\"><span style=\"color:black\">Sn&iacute;ma\u010d kvality vzduchu VOC, 700mm<\/span><\/span><\/span>\n<ul style=\"list-style-type:circle\">\n<li style=\"text-align:justify\"><span style=\"font-size:11pt\"><span style=\"font-family:Calibri,sans-serif\"><span style=\"color:black\">Instalace do jednotky &#8211; monitorov&aacute;n&iacute; VOC (t\u011bkav&yacute;ch organick&yacute;ch l&aacute;tek) v odvodn&iacute;m vzduchu a na z&aacute;klad\u011b nam\u011b\u0159en&yacute;ch hodnot automatick&eacute; p\u0159izp\u016fsoben&iacute; vzduchov&eacute;ho v&yacute;konu pro dosa\u017een&iacute; co nejvy&scaron;&scaron;&iacute; kvality ovdzu&scaron;&iacute;. <\/span><\/span><\/span><\/li>\n<\/ul>\n<\/li>\n<li style=\"text-align:justify\"><span style=\"font-size:11pt\"><span style=\"font-family:Calibri,sans-serif\"><span style=\"color:black\">Potrubn&iacute; elektrick&yacute; p\u0159edoh\u0159ev, &Oslash;125mm, 900W<\/span><\/span><\/span>\n<ul style=\"list-style-type:circle\">\n<li style=\"text-align:justify\"><span style=\"font-size:11pt\"><span style=\"font-family:Calibri,sans-serif\"><span style=\"color:black\">Instalace do potrub&iacute; &ndash; oh\u0159ev nas&aacute;van&eacute;ho vzduchu, pro zaji&scaron;t\u011bn&iacute; vyv&aacute;\u017een&eacute;ho a spolehliv&eacute;ho \u0159e&scaron;en&iacute; p\u0159i n&iacute;zk&yacute;ch venkovn&iacute;ch teplot&aacute;ch, oh\u0159&iacute;va\u010d je \u0159&iacute;zen&yacute; a nap&aacute;jen&yacute; z&nbsp;hlavn&iacute; \u0159&iacute;dic&iacute; desky<\/span><\/span><\/span><\/li>\n<\/ul>\n<\/li>\n<\/ul>\n","protected":false},"excerpt":{"rendered":"<p style=\"text-align:justify\"><span style=\"font-size:11pt\"><span style=\"font-family:Calibri,sans-serif\"><strong><span style=\"color:black\">Centr&aacute;ln&iacute;<\/span><\/strong><span style=\"color:black\"> rekupera\u010dn&iacute; jednotka <strong>Dantherm HCC 360 E1<\/strong> je jedine\u010dn&eacute; a flexibiln&iacute; \u0159e&scaron;en&iacute; v\u011btr&aacute;n&iacute; obytn&yacute;ch prostor. S <strong>v&yacute;&scaron;kou pouze 30 cm<\/strong> je ide&aacute;ln&iacute; pro <strong>instalaci do podhled\u016f nebo na st\u011bnu<\/strong>, dokonce i skrytou ve sk\u0159&iacute;ni. Jednotka je elektronicky <strong>reverzibiln&iacute;<\/strong>. To umo\u017e\u0148uje namontovat stejn&yacute; typ jednotky s vnit\u0159n&iacute;m\/vn\u011bj&scaron;&iacute;m potrub&iacute;m p\u0159ipojen&yacute;m na pravou nebo levou stranu jednotky. Elektrick&eacute; p\u0159&iacute;pojky lze p\u0159ipojit zleva nebo zprava.<\/span><\/span><\/span><\/p>\n","protected":false},"featured_media":554434,"template":"","meta":[],"product_cat":[7537,7541,7543,7534],"product_tag":[],"class_list":{"0":"post-544769","1":"product","2":"type-product","3":"status-publish","4":"has-post-thumbnail","6":"product_cat-centralni-rekuperace","7":"product_cat-stropni-provedeni","8":"product_cat-hcc","9":"product_cat-rekuperacni-jednotky","10":"pa_app-wifi-ano-lokalni","11":"pa_bms-modbus-ano","12":"pa_bypass-ano","13":"pa_el-prik-w-b-ohr-s-ohr-161-1061","14":"pa_filtrace-g4-g4","15":"pa_provedeni-centralni","16":"pa_pru-nap-vent-mm-11876","17":"pa_snimac-vlhkosti-hcs-ano","18":"pa_snimac-voc-volitelne","19":"pa_typ-stropni","20":"pa_ucinnost-rekuperace-12715","21":"pa_vzduchovy-vykon-qv-m3-360-m3-h-100pa","22":"pa_znacka-dantherm","24":"first","25":"instock","26":"taxable","27":"shipping-taxable","28":"purchasable","29":"product-type-simple"},"yoast_head":"<!-- This site is optimized with the Yoast SEO plugin v23.9 - https:\/\/yoast.com\/wordpress\/plugins\/seo\/ -->\n<title>Rekupera\u010dn\u00ed jednotka Dantherm HCC 360 E1 - KLIMAVEX GROUP - \u010cesko<\/title>\n<meta name=\"robots\" content=\"index, follow, max-snippet:-1, max-image-preview:large, max-video-preview:-1\" \/>\n<link rel=\"canonical\" href=\"https:\/\/klimavex.eu\/cz\/katalog\/rekuperacni-jednotka-dantherm-hcc-360-e1-enthalpy\/\" \/>\n<meta property=\"og:locale\" content=\"cs_CZ\" \/>\n<meta property=\"og:type\" content=\"article\" \/>\n<meta property=\"og:title\" content=\"Rekupera\u010dn\u00ed jednotka Dantherm HCC 360 E1 - KLIMAVEX GROUP - \u010cesko\" \/>\n<meta property=\"og:description\" content=\"Centr&aacute;ln&iacute; rekupera\u010dn&iacute; jednotka Dantherm HCC 360 E1 je jedine\u010dn&eacute; a flexibiln&iacute; \u0159e&scaron;en&iacute; v\u011btr&aacute;n&iacute; obytn&yacute;ch prostor. S v&yacute;&scaron;kou pouze 30 cm je ide&aacute;ln&iacute; pro instalaci do podhled\u016f nebo na st\u011bnu, dokonce i skrytou ve sk\u0159&iacute;ni. Jednotka je elektronicky reverzibiln&iacute;. To umo\u017e\u0148uje namontovat stejn&yacute; typ jednotky s vnit\u0159n&iacute;m\/vn\u011bj&scaron;&iacute;m potrub&iacute;m p\u0159ipojen&yacute;m na pravou nebo levou stranu jednotky. Elektrick&eacute; p\u0159&iacute;pojky lze p\u0159ipojit zleva nebo zprava.\" \/>\n<meta property=\"og:url\" content=\"https:\/\/klimavex.eu\/cz\/katalog\/rekuperacni-jednotka-dantherm-hcc-360-e1-enthalpy\/\" \/>\n<meta property=\"og:site_name\" content=\"KLIMAVEX GROUP - \u010cesko\" \/>\n<meta property=\"article:publisher\" content=\"https:\/\/www.facebook.com\/klimavex.cz\" \/>\n<meta property=\"article:modified_time\" content=\"2026-03-31T17:04:48+00:00\" \/>\n<meta property=\"og:image\" content=\"https:\/\/klimavex.eu\/cz\/wp-content\/uploads\/2025\/09\/YRBIVQkZrlD-n95bo2zLKWmghxx1WH9Bhsx5OrBecR0.jpeg\" \/>\n\t<meta property=\"og:image:width\" content=\"512\" \/>\n\t<meta property=\"og:image:height\" content=\"512\" \/>\n\t<meta property=\"og:image:type\" content=\"image\/jpeg\" \/>\n<meta name=\"twitter:card\" content=\"summary_large_image\" \/>\n<meta name=\"twitter:label1\" content=\"Odhadovan\u00e1 doba \u010dten\u00ed\" \/>\n\t<meta name=\"twitter:data1\" content=\"2 minuty\" \/>\n<script type=\"application\/ld+json\" class=\"yoast-schema-graph\">{\"@context\":\"https:\/\/schema.org\",\"@graph\":[{\"@type\":\"WebPage\",\"@id\":\"https:\/\/klimavex.eu\/cz\/katalog\/rekuperacni-jednotka-dantherm-hcc-360-e1-enthalpy\/\",\"url\":\"https:\/\/klimavex.eu\/cz\/katalog\/rekuperacni-jednotka-dantherm-hcc-360-e1-enthalpy\/\",\"name\":\"Rekupera\u010dn\u00ed jednotka Dantherm HCC 360 E1 - KLIMAVEX GROUP - \u010cesko\",\"isPartOf\":{\"@id\":\"https:\/\/klimavex.eu\/cz\/#website\"},\"primaryImageOfPage\":{\"@id\":\"https:\/\/klimavex.eu\/cz\/katalog\/rekuperacni-jednotka-dantherm-hcc-360-e1-enthalpy\/#primaryimage\"},\"image\":{\"@id\":\"https:\/\/klimavex.eu\/cz\/katalog\/rekuperacni-jednotka-dantherm-hcc-360-e1-enthalpy\/#primaryimage\"},\"thumbnailUrl\":\"https:\/\/klimavex.eu\/cz\/wp-content\/uploads\/2025\/09\/YRBIVQkZrlD-n95bo2zLKWmghxx1WH9Bhsx5OrBecR0.jpeg\",\"datePublished\":\"2026-03-31T17:04:12+00:00\",\"dateModified\":\"2026-03-31T17:04:48+00:00\",\"breadcrumb\":{\"@id\":\"https:\/\/klimavex.eu\/cz\/katalog\/rekuperacni-jednotka-dantherm-hcc-360-e1-enthalpy\/#breadcrumb\"},\"inLanguage\":\"cs\",\"potentialAction\":[{\"@type\":\"ReadAction\",\"target\":[\"https:\/\/klimavex.eu\/cz\/katalog\/rekuperacni-jednotka-dantherm-hcc-360-e1-enthalpy\/\"]}]},{\"@type\":\"ImageObject\",\"inLanguage\":\"cs\",\"@id\":\"https:\/\/klimavex.eu\/cz\/katalog\/rekuperacni-jednotka-dantherm-hcc-360-e1-enthalpy\/#primaryimage\",\"url\":\"https:\/\/klimavex.eu\/cz\/wp-content\/uploads\/2025\/09\/YRBIVQkZrlD-n95bo2zLKWmghxx1WH9Bhsx5OrBecR0.jpeg\",\"contentUrl\":\"https:\/\/klimavex.eu\/cz\/wp-content\/uploads\/2025\/09\/YRBIVQkZrlD-n95bo2zLKWmghxx1WH9Bhsx5OrBecR0.jpeg\",\"width\":512,\"height\":512},{\"@type\":\"BreadcrumbList\",\"@id\":\"https:\/\/klimavex.eu\/cz\/katalog\/rekuperacni-jednotka-dantherm-hcc-360-e1-enthalpy\/#breadcrumb\",\"itemListElement\":[{\"@type\":\"ListItem\",\"position\":1,\"name\":\"Domovsk\u00e1 str\u00e1nka\",\"item\":\"https:\/\/klimavex.eu\/cz\/\"},{\"@type\":\"ListItem\",\"position\":2,\"name\":\"Eshop\",\"item\":\"https:\/\/klimavex.eu\/cz\/eshop\/\"},{\"@type\":\"ListItem\",\"position\":3,\"name\":\"Rekupera\u010dn\u00ed jednotka Dantherm HCC 360 E1 (Enthalpy)\"}]},{\"@type\":\"WebSite\",\"@id\":\"https:\/\/klimavex.eu\/cz\/#website\",\"url\":\"https:\/\/klimavex.eu\/cz\/\",\"name\":\"KLIMAVEX GROUP - \u010cesko\",\"description\":\"\",\"publisher\":{\"@id\":\"https:\/\/klimavex.eu\/cz\/#organization\"},\"alternateName\":\"KLIMAVEX CZ a.s.\",\"potentialAction\":[{\"@type\":\"SearchAction\",\"target\":{\"@type\":\"EntryPoint\",\"urlTemplate\":\"https:\/\/klimavex.eu\/cz\/?s={search_term_string}\"},\"query-input\":{\"@type\":\"PropertyValueSpecification\",\"valueRequired\":true,\"valueName\":\"search_term_string\"}}],\"inLanguage\":\"cs\"},{\"@type\":\"Organization\",\"@id\":\"https:\/\/klimavex.eu\/cz\/#organization\",\"name\":\"KLIMAVEX GROUP\",\"alternateName\":\"KLIMAVEX\",\"url\":\"https:\/\/klimavex.eu\/cz\/\",\"logo\":{\"@type\":\"ImageObject\",\"inLanguage\":\"cs\",\"@id\":\"https:\/\/klimavex.eu\/cz\/#\/schema\/logo\/image\/\",\"url\":\"https:\/\/klimavex.eu\/cz\/wp-content\/uploads\/2024\/04\/Klimavex-Group-logo.png\",\"contentUrl\":\"https:\/\/klimavex.eu\/cz\/wp-content\/uploads\/2024\/04\/Klimavex-Group-logo.png\",\"width\":1681,\"height\":472,\"caption\":\"KLIMAVEX GROUP\"},\"image\":{\"@id\":\"https:\/\/klimavex.eu\/cz\/#\/schema\/logo\/image\/\"},\"sameAs\":[\"https:\/\/www.facebook.com\/klimavex.cz\",\"https:\/\/www.instagram.com\/klimavex_cz\/\"]}]}<\/script>\n<!-- \/ Yoast SEO plugin. -->","yoast_head_json":{"title":"Rekupera\u010dn\u00ed jednotka Dantherm HCC 360 E1 - KLIMAVEX GROUP - \u010cesko","robots":{"index":"index","follow":"follow","max-snippet":"max-snippet:-1","max-image-preview":"max-image-preview:large","max-video-preview":"max-video-preview:-1"},"canonical":"https:\/\/klimavex.eu\/cz\/katalog\/rekuperacni-jednotka-dantherm-hcc-360-e1-enthalpy\/","og_locale":"cs_CZ","og_type":"article","og_title":"Rekupera\u010dn\u00ed jednotka Dantherm HCC 360 E1 - KLIMAVEX GROUP - \u010cesko","og_description":"Centr&aacute;ln&iacute; rekupera\u010dn&iacute; jednotka Dantherm HCC 360 E1 je jedine\u010dn&eacute; a flexibiln&iacute; \u0159e&scaron;en&iacute; v\u011btr&aacute;n&iacute; obytn&yacute;ch prostor. S v&yacute;&scaron;kou pouze 30 cm je ide&aacute;ln&iacute; pro instalaci do podhled\u016f nebo na st\u011bnu, dokonce i skrytou ve sk\u0159&iacute;ni. Jednotka je elektronicky reverzibiln&iacute;. To umo\u017e\u0148uje namontovat stejn&yacute; typ jednotky s vnit\u0159n&iacute;m\/vn\u011bj&scaron;&iacute;m potrub&iacute;m p\u0159ipojen&yacute;m na pravou nebo levou stranu jednotky. Elektrick&eacute; p\u0159&iacute;pojky lze p\u0159ipojit zleva nebo zprava.","og_url":"https:\/\/klimavex.eu\/cz\/katalog\/rekuperacni-jednotka-dantherm-hcc-360-e1-enthalpy\/","og_site_name":"KLIMAVEX GROUP - \u010cesko","article_publisher":"https:\/\/www.facebook.com\/klimavex.cz","article_modified_time":"2026-03-31T17:04:48+00:00","og_image":[{"width":512,"height":512,"url":"https:\/\/klimavex.eu\/cz\/wp-content\/uploads\/2025\/09\/YRBIVQkZrlD-n95bo2zLKWmghxx1WH9Bhsx5OrBecR0.jpeg","type":"image\/jpeg"}],"twitter_card":"summary_large_image","twitter_misc":{"Odhadovan\u00e1 doba \u010dten\u00ed":"2 minuty"},"schema":{"@context":"https:\/\/schema.org","@graph":[{"@type":"WebPage","@id":"https:\/\/klimavex.eu\/cz\/katalog\/rekuperacni-jednotka-dantherm-hcc-360-e1-enthalpy\/","url":"https:\/\/klimavex.eu\/cz\/katalog\/rekuperacni-jednotka-dantherm-hcc-360-e1-enthalpy\/","name":"Rekupera\u010dn\u00ed jednotka Dantherm HCC 360 E1 - KLIMAVEX GROUP - \u010cesko","isPartOf":{"@id":"https:\/\/klimavex.eu\/cz\/#website"},"primaryImageOfPage":{"@id":"https:\/\/klimavex.eu\/cz\/katalog\/rekuperacni-jednotka-dantherm-hcc-360-e1-enthalpy\/#primaryimage"},"image":{"@id":"https:\/\/klimavex.eu\/cz\/katalog\/rekuperacni-jednotka-dantherm-hcc-360-e1-enthalpy\/#primaryimage"},"thumbnailUrl":"https:\/\/klimavex.eu\/cz\/wp-content\/uploads\/2025\/09\/YRBIVQkZrlD-n95bo2zLKWmghxx1WH9Bhsx5OrBecR0.jpeg","datePublished":"2026-03-31T17:04:12+00:00","dateModified":"2026-03-31T17:04:48+00:00","breadcrumb":{"@id":"https:\/\/klimavex.eu\/cz\/katalog\/rekuperacni-jednotka-dantherm-hcc-360-e1-enthalpy\/#breadcrumb"},"inLanguage":"cs","potentialAction":[{"@type":"ReadAction","target":["https:\/\/klimavex.eu\/cz\/katalog\/rekuperacni-jednotka-dantherm-hcc-360-e1-enthalpy\/"]}]},{"@type":"ImageObject","inLanguage":"cs","@id":"https:\/\/klimavex.eu\/cz\/katalog\/rekuperacni-jednotka-dantherm-hcc-360-e1-enthalpy\/#primaryimage","url":"https:\/\/klimavex.eu\/cz\/wp-content\/uploads\/2025\/09\/YRBIVQkZrlD-n95bo2zLKWmghxx1WH9Bhsx5OrBecR0.jpeg","contentUrl":"https:\/\/klimavex.eu\/cz\/wp-content\/uploads\/2025\/09\/YRBIVQkZrlD-n95bo2zLKWmghxx1WH9Bhsx5OrBecR0.jpeg","width":512,"height":512},{"@type":"BreadcrumbList","@id":"https:\/\/klimavex.eu\/cz\/katalog\/rekuperacni-jednotka-dantherm-hcc-360-e1-enthalpy\/#breadcrumb","itemListElement":[{"@type":"ListItem","position":1,"name":"Domovsk\u00e1 str\u00e1nka","item":"https:\/\/klimavex.eu\/cz\/"},{"@type":"ListItem","position":2,"name":"Eshop","item":"https:\/\/klimavex.eu\/cz\/eshop\/"},{"@type":"ListItem","position":3,"name":"Rekupera\u010dn\u00ed jednotka Dantherm HCC 360 E1 (Enthalpy)"}]},{"@type":"WebSite","@id":"https:\/\/klimavex.eu\/cz\/#website","url":"https:\/\/klimavex.eu\/cz\/","name":"KLIMAVEX GROUP - \u010cesko","description":"","publisher":{"@id":"https:\/\/klimavex.eu\/cz\/#organization"},"alternateName":"KLIMAVEX CZ a.s.","potentialAction":[{"@type":"SearchAction","target":{"@type":"EntryPoint","urlTemplate":"https:\/\/klimavex.eu\/cz\/?s={search_term_string}"},"query-input":{"@type":"PropertyValueSpecification","valueRequired":true,"valueName":"search_term_string"}}],"inLanguage":"cs"},{"@type":"Organization","@id":"https:\/\/klimavex.eu\/cz\/#organization","name":"KLIMAVEX GROUP","alternateName":"KLIMAVEX","url":"https:\/\/klimavex.eu\/cz\/","logo":{"@type":"ImageObject","inLanguage":"cs","@id":"https:\/\/klimavex.eu\/cz\/#\/schema\/logo\/image\/","url":"https:\/\/klimavex.eu\/cz\/wp-content\/uploads\/2024\/04\/Klimavex-Group-logo.png","contentUrl":"https:\/\/klimavex.eu\/cz\/wp-content\/uploads\/2024\/04\/Klimavex-Group-logo.png","width":1681,"height":472,"caption":"KLIMAVEX GROUP"},"image":{"@id":"https:\/\/klimavex.eu\/cz\/#\/schema\/logo\/image\/"},"sameAs":["https:\/\/www.facebook.com\/klimavex.cz","https:\/\/www.instagram.com\/klimavex_cz\/"]}]}},"_links":{"self":[{"href":"https:\/\/klimavex.eu\/cz\/wp-json\/wp\/v2\/product\/544769","targetHints":{"allow":["GET"]}}],"collection":[{"href":"https:\/\/klimavex.eu\/cz\/wp-json\/wp\/v2\/product"}],"about":[{"href":"https:\/\/klimavex.eu\/cz\/wp-json\/wp\/v2\/types\/product"}],"version-history":[{"count":0,"href":"https:\/\/klimavex.eu\/cz\/wp-json\/wp\/v2\/product\/544769\/revisions"}],"wp:featuredmedia":[{"embeddable":true,"href":"https:\/\/klimavex.eu\/cz\/wp-json\/wp\/v2\/media\/554434"}],"wp:attachment":[{"href":"https:\/\/klimavex.eu\/cz\/wp-json\/wp\/v2\/media?parent=544769"}],"wp:term":[{"taxonomy":"product_cat","embeddable":true,"href":"https:\/\/klimavex.eu\/cz\/wp-json\/wp\/v2\/product_cat?post=544769"},{"taxonomy":"product_tag","embeddable":true,"href":"https:\/\/klimavex.eu\/cz\/wp-json\/wp\/v2\/product_tag?post=544769"}],"curies":[{"name":"wp","href":"https:\/\/api.w.org\/{rel}","templated":true}]}}