{"id":544813,"date":"2026-03-27T08:14:09","date_gmt":"2026-03-27T07:14:09","guid":{"rendered":"https:\/\/klimavex.eu\/cz\/katalog\/mini-rekuperacni-jednotka-vortice-vort-hrw-30-mono-evo-hcs-wifi\/"},"modified":"2026-03-27T08:14:58","modified_gmt":"2026-03-27T07:14:58","slug":"mini-rekuperacni-jednotka-vortice-vort-hrw-30-mono-evo-hcs-wifi","status":"publish","type":"product","link":"https:\/\/klimavex.eu\/cz\/katalog\/mini-rekuperacni-jednotka-vortice-vort-hrw-30-mono-evo-hcs-wifi\/","title":{"rendered":"Mini rekupera\u010dn\u00ed jednotka Vortice VORT HRW 30 MONO EVO HCS WIFI"},"content":{"rendered":"<p style=\"text-align: justify;\"><strong>Kl&iacute;\u010dov&eacute; vlastnosti<\/strong><\/p>\n<ul>\n<li style=\"text-align: justify;\">&Uacute;\u010dinnost rekuperace 90%<\/li>\n<li style=\"text-align: justify;\">D&aacute;lkov&eacute; ovl&aacute;d&aacute;n&iacute;&nbsp;<\/li>\n<li style=\"text-align: justify;\">Zabudovan&eacute; sn&iacute;ma\u010de &#8211; vlhkost, teplota a okoln&iacute; sv\u011btlo<\/li>\n<li style=\"text-align: justify;\">&Uacute;\u010dinnost rekuperace 90%<\/li>\n<li style=\"text-align: justify;\">&Uacute;sporn&yacute;&nbsp;<a href=\"https:\/\/www.ventishop.cz\/slovnik-pojmu\/ec-motor\/\">EC motor<\/a><\/li>\n<li style=\"text-align: justify;\">Keramick&yacute; v&yacute;m\u011bn&iacute;k tepla<\/li>\n<li style=\"text-align: justify;\">N&iacute;zk&aacute; hlu\u010dnost&nbsp;<\/li>\n<li style=\"text-align: justify;\">N&iacute;zk&aacute; hmotnost<\/li>\n<li style=\"text-align: justify;\">Model 30 pro otvor&nbsp;o pr\u016fm\u011bru 100 mm<\/li>\n<li style=\"text-align: justify;\">Instalace do obvodov&eacute; zdi&nbsp;260 a\u017e 700 mm<\/li>\n<li style=\"text-align: justify;\">Nen&iacute; nutn&eacute; \u0159e&scaron;it odvod&nbsp;<a href=\"https:\/\/www.ventishop.cz\/slovnik-pojmu\/kondenzat\/\">kondenz&aacute;tu<\/a><\/li>\n<li style=\"text-align: justify;\">Funguje p\u0159i venkovn&iacute;ch teplot&aacute;ch&nbsp;od -20&deg;C a\u017e do 50&deg;C<\/li>\n<li style=\"text-align: justify;\">Lehce dostupn&eacute;, vyj&iacute;mateln&eacute; komponenty<\/li>\n<\/ul>\n","protected":false},"excerpt":{"rendered":"<p style=\"text-align: justify;\">Decentr&aacute;ln&iacute; rekupera\u010dn&iacute; jednotka&nbsp;<strong>VORT HRW<\/strong>&nbsp;<strong>30<\/strong>&nbsp;<strong>MONO EVO HCS<\/strong>&nbsp;je vylep&scaron;enou verz&iacute; p\u016fvodn&iacute;ch jednotek VORT HRW MONO.&nbsp;Vysoce &uacute;\u010dinn&aacute;&nbsp;(<strong>90%&nbsp;&uacute;\u010dinnost rekuperace<\/strong>) a&nbsp;&uacute;sporn&aacute;&nbsp;jednotka s&nbsp;<strong>EC motorem,&nbsp;integrovanou&nbsp;WiFi<\/strong> (pro vz&aacute;jemnou bezdr&aacute;tovou komunikaci mezi v&iacute;ce jednotkami; nikoliv pro WiFi ovl&aacute;d&aacute;n&iacute; dan&eacute; jednotky),<strong>&nbsp;d&aacute;lkov&yacute;m ovl&aacute;d&aacute;n&iacute;m&nbsp;<\/strong>a zabudovan&yacute;mi<strong>&nbsp;sn&iacute;ma\u010di&nbsp;<\/strong>vlhkosti, teploty a okoln&iacute;ho sv\u011btla.&nbsp;ur\u010dena pro v\u011btr&aacute;n&iacute; a rekuperaci tepla v bytech, rodinn&yacute;ch domech a kancel&aacute;\u0159&iacute;ch. Ur\u010dena pro otvor&nbsp;o<strong> pr\u016fm\u011bru 100mm<\/strong>.<\/p>\n<p style=\"text-align: justify;\">VORT HRW 30 MONO EVO HCS&nbsp;obsahuje filtr G2 pro interi&eacute;rovou stranu,&nbsp;<strong>kvalitn&iacute; keramick&yacute; v&yacute;m\u011bn&iacute;k<\/strong>&nbsp;s kan&aacute;lky &scaron;esti&uacute;heln&iacute;kov&eacute;ho tvaru pro maxim&aacute;ln&iacute; efektivitu a G3 filtrem pro exteri&eacute;rovou stranu, vn\u011bj&scaron;&iacute; plastovou m\u0159&iacute;\u017eku se s&iacute;\u0165kou proti hmyzu. Manu&aacute;ln&iacute; ovl&aacute;d&aacute;n&iacute;. Beznap\u011b\u0165ov&yacute; kontakt pro vzd&aacute;lenou aktivaci BOOST re\u017eimu. Svorky pro p\u0159ipojen&iacute; jednotek (pomoc&iacute; RS485 komunikace) a synchronizace provozu.<\/p>\n","protected":false},"featured_media":554542,"template":"","meta":[],"product_cat":[7545,7535,7608,7562,7534],"product_tag":[],"class_list":{"0":"post-544813","1":"product","2":"type-product","3":"status-publish","4":"has-post-thumbnail","6":"product_cat-hrw-mono","7":"product_cat-pokojova-rekuperace","8":"product_cat-decentralni-rekuperacni-ventilatory","9":"product_cat-ventilatory","10":"product_cat-rekuperacni-jednotky","11":"pa_el-prik-w-b-ohr-s-ohr-11887","12":"pa_filtrace-g3","13":"pa_provedeni-pokojove","14":"pa_pru-nap-vent-mm-11870","15":"pa_snimac-vlhkosti-hcs-ano","16":"pa_typ-nastenne","17":"pa_ucinnost-rekuperace-11857","18":"pa_vzduchovy-vykon-qv-m3-6-38","19":"pa_znacka-vortice","21":"first","22":"instock","23":"taxable","24":"shipping-taxable","25":"purchasable","26":"product-type-simple"},"yoast_head":"<!-- This site is optimized with the Yoast SEO plugin v23.9 - https:\/\/yoast.com\/wordpress\/plugins\/seo\/ -->\n<title>Mini rekupera\u010dn\u00ed jednotka Vortice VORT HRW 30 MONO EVO HCS WIFI - KLIMAVEX GROUP - \u010cesko<\/title>\n<meta name=\"robots\" content=\"index, follow, max-snippet:-1, max-image-preview:large, max-video-preview:-1\" \/>\n<link rel=\"canonical\" href=\"https:\/\/klimavex.eu\/cz\/katalog\/mini-rekuperacni-jednotka-vortice-vort-hrw-30-mono-evo-hcs-wifi\/\" \/>\n<meta property=\"og:locale\" content=\"cs_CZ\" \/>\n<meta property=\"og:type\" content=\"article\" \/>\n<meta property=\"og:title\" content=\"Mini rekupera\u010dn\u00ed jednotka Vortice VORT HRW 30 MONO EVO HCS WIFI - KLIMAVEX GROUP - \u010cesko\" \/>\n<meta property=\"og:description\" content=\"Decentr&aacute;ln&iacute; rekupera\u010dn&iacute; jednotka&nbsp;VORT HRW&nbsp;30&nbsp;MONO EVO HCS&nbsp;je vylep&scaron;enou verz&iacute; p\u016fvodn&iacute;ch jednotek VORT HRW MONO.&nbsp;Vysoce &uacute;\u010dinn&aacute;&nbsp;(90%&nbsp;&uacute;\u010dinnost rekuperace) a&nbsp;&uacute;sporn&aacute;&nbsp;jednotka s&nbsp;EC motorem,&nbsp;integrovanou&nbsp;WiFi (pro vz&aacute;jemnou bezdr&aacute;tovou komunikaci mezi v&iacute;ce jednotkami; nikoliv pro WiFi ovl&aacute;d&aacute;n&iacute; dan&eacute; jednotky),&nbsp;d&aacute;lkov&yacute;m ovl&aacute;d&aacute;n&iacute;m&nbsp;a zabudovan&yacute;mi&nbsp;sn&iacute;ma\u010di&nbsp;vlhkosti, teploty a okoln&iacute;ho sv\u011btla.&nbsp;ur\u010dena pro v\u011btr&aacute;n&iacute; a rekuperaci tepla v bytech, rodinn&yacute;ch domech a kancel&aacute;\u0159&iacute;ch. Ur\u010dena pro otvor&nbsp;o pr\u016fm\u011bru 100mm. VORT HRW 30 MONO EVO HCS&nbsp;obsahuje filtr G2 pro interi&eacute;rovou stranu,&nbsp;kvalitn&iacute; keramick&yacute; v&yacute;m\u011bn&iacute;k&nbsp;s kan&aacute;lky &scaron;esti&uacute;heln&iacute;kov&eacute;ho tvaru pro maxim&aacute;ln&iacute; efektivitu a G3 filtrem pro exteri&eacute;rovou stranu, vn\u011bj&scaron;&iacute; plastovou m\u0159&iacute;\u017eku se s&iacute;\u0165kou proti hmyzu. Manu&aacute;ln&iacute; ovl&aacute;d&aacute;n&iacute;. Beznap\u011b\u0165ov&yacute; kontakt pro vzd&aacute;lenou aktivaci BOOST re\u017eimu. Svorky pro p\u0159ipojen&iacute; jednotek (pomoc&iacute; RS485 komunikace) a synchronizace provozu.\" \/>\n<meta property=\"og:url\" content=\"https:\/\/klimavex.eu\/cz\/katalog\/mini-rekuperacni-jednotka-vortice-vort-hrw-30-mono-evo-hcs-wifi\/\" \/>\n<meta property=\"og:site_name\" content=\"KLIMAVEX GROUP - \u010cesko\" \/>\n<meta property=\"article:publisher\" content=\"https:\/\/www.facebook.com\/klimavex.cz\" \/>\n<meta property=\"article:modified_time\" content=\"2026-03-27T07:14:58+00:00\" \/>\n<meta property=\"og:image\" content=\"https:\/\/klimavex.eu\/cz\/wp-content\/uploads\/2025\/09\/GF15w8gGr7UXtZxuyuolNcvIqhqByH3gPopfqxDfCAw-1.jpeg\" \/>\n\t<meta property=\"og:image:width\" content=\"572\" \/>\n\t<meta property=\"og:image:height\" content=\"512\" \/>\n\t<meta property=\"og:image:type\" content=\"image\/jpeg\" \/>\n<meta name=\"twitter:card\" content=\"summary_large_image\" \/>\n<meta name=\"twitter:label1\" content=\"Odhadovan\u00e1 doba \u010dten\u00ed\" \/>\n\t<meta name=\"twitter:data1\" content=\"1 minuta\" \/>\n<script type=\"application\/ld+json\" class=\"yoast-schema-graph\">{\"@context\":\"https:\/\/schema.org\",\"@graph\":[{\"@type\":\"WebPage\",\"@id\":\"https:\/\/klimavex.eu\/cz\/katalog\/mini-rekuperacni-jednotka-vortice-vort-hrw-30-mono-evo-hcs-wifi\/\",\"url\":\"https:\/\/klimavex.eu\/cz\/katalog\/mini-rekuperacni-jednotka-vortice-vort-hrw-30-mono-evo-hcs-wifi\/\",\"name\":\"Mini rekupera\u010dn\u00ed jednotka Vortice VORT HRW 30 MONO EVO HCS WIFI - KLIMAVEX GROUP - \u010cesko\",\"isPartOf\":{\"@id\":\"https:\/\/klimavex.eu\/cz\/#website\"},\"primaryImageOfPage\":{\"@id\":\"https:\/\/klimavex.eu\/cz\/katalog\/mini-rekuperacni-jednotka-vortice-vort-hrw-30-mono-evo-hcs-wifi\/#primaryimage\"},\"image\":{\"@id\":\"https:\/\/klimavex.eu\/cz\/katalog\/mini-rekuperacni-jednotka-vortice-vort-hrw-30-mono-evo-hcs-wifi\/#primaryimage\"},\"thumbnailUrl\":\"https:\/\/klimavex.eu\/cz\/wp-content\/uploads\/2025\/09\/GF15w8gGr7UXtZxuyuolNcvIqhqByH3gPopfqxDfCAw-1.jpeg\",\"datePublished\":\"2026-03-27T07:14:09+00:00\",\"dateModified\":\"2026-03-27T07:14:58+00:00\",\"breadcrumb\":{\"@id\":\"https:\/\/klimavex.eu\/cz\/katalog\/mini-rekuperacni-jednotka-vortice-vort-hrw-30-mono-evo-hcs-wifi\/#breadcrumb\"},\"inLanguage\":\"cs\",\"potentialAction\":[{\"@type\":\"ReadAction\",\"target\":[\"https:\/\/klimavex.eu\/cz\/katalog\/mini-rekuperacni-jednotka-vortice-vort-hrw-30-mono-evo-hcs-wifi\/\"]}]},{\"@type\":\"ImageObject\",\"inLanguage\":\"cs\",\"@id\":\"https:\/\/klimavex.eu\/cz\/katalog\/mini-rekuperacni-jednotka-vortice-vort-hrw-30-mono-evo-hcs-wifi\/#primaryimage\",\"url\":\"https:\/\/klimavex.eu\/cz\/wp-content\/uploads\/2025\/09\/GF15w8gGr7UXtZxuyuolNcvIqhqByH3gPopfqxDfCAw-1.jpeg\",\"contentUrl\":\"https:\/\/klimavex.eu\/cz\/wp-content\/uploads\/2025\/09\/GF15w8gGr7UXtZxuyuolNcvIqhqByH3gPopfqxDfCAw-1.jpeg\",\"width\":572,\"height\":512},{\"@type\":\"BreadcrumbList\",\"@id\":\"https:\/\/klimavex.eu\/cz\/katalog\/mini-rekuperacni-jednotka-vortice-vort-hrw-30-mono-evo-hcs-wifi\/#breadcrumb\",\"itemListElement\":[{\"@type\":\"ListItem\",\"position\":1,\"name\":\"Domovsk\u00e1 str\u00e1nka\",\"item\":\"https:\/\/klimavex.eu\/cz\/\"},{\"@type\":\"ListItem\",\"position\":2,\"name\":\"Eshop\",\"item\":\"https:\/\/klimavex.eu\/cz\/eshop\/\"},{\"@type\":\"ListItem\",\"position\":3,\"name\":\"Mini rekupera\u010dn\u00ed jednotka Vortice VORT HRW 30 MONO EVO HCS WIFI\"}]},{\"@type\":\"WebSite\",\"@id\":\"https:\/\/klimavex.eu\/cz\/#website\",\"url\":\"https:\/\/klimavex.eu\/cz\/\",\"name\":\"KLIMAVEX GROUP - \u010cesko\",\"description\":\"\",\"publisher\":{\"@id\":\"https:\/\/klimavex.eu\/cz\/#organization\"},\"alternateName\":\"KLIMAVEX CZ a.s.\",\"potentialAction\":[{\"@type\":\"SearchAction\",\"target\":{\"@type\":\"EntryPoint\",\"urlTemplate\":\"https:\/\/klimavex.eu\/cz\/?s={search_term_string}\"},\"query-input\":{\"@type\":\"PropertyValueSpecification\",\"valueRequired\":true,\"valueName\":\"search_term_string\"}}],\"inLanguage\":\"cs\"},{\"@type\":\"Organization\",\"@id\":\"https:\/\/klimavex.eu\/cz\/#organization\",\"name\":\"KLIMAVEX GROUP\",\"alternateName\":\"KLIMAVEX\",\"url\":\"https:\/\/klimavex.eu\/cz\/\",\"logo\":{\"@type\":\"ImageObject\",\"inLanguage\":\"cs\",\"@id\":\"https:\/\/klimavex.eu\/cz\/#\/schema\/logo\/image\/\",\"url\":\"https:\/\/klimavex.eu\/cz\/wp-content\/uploads\/2024\/04\/Klimavex-Group-logo.png\",\"contentUrl\":\"https:\/\/klimavex.eu\/cz\/wp-content\/uploads\/2024\/04\/Klimavex-Group-logo.png\",\"width\":1681,\"height\":472,\"caption\":\"KLIMAVEX GROUP\"},\"image\":{\"@id\":\"https:\/\/klimavex.eu\/cz\/#\/schema\/logo\/image\/\"},\"sameAs\":[\"https:\/\/www.facebook.com\/klimavex.cz\",\"https:\/\/www.instagram.com\/klimavex_cz\/\"]}]}<\/script>\n<!-- \/ Yoast SEO plugin. -->","yoast_head_json":{"title":"Mini rekupera\u010dn\u00ed jednotka Vortice VORT HRW 30 MONO EVO HCS WIFI - KLIMAVEX GROUP - \u010cesko","robots":{"index":"index","follow":"follow","max-snippet":"max-snippet:-1","max-image-preview":"max-image-preview:large","max-video-preview":"max-video-preview:-1"},"canonical":"https:\/\/klimavex.eu\/cz\/katalog\/mini-rekuperacni-jednotka-vortice-vort-hrw-30-mono-evo-hcs-wifi\/","og_locale":"cs_CZ","og_type":"article","og_title":"Mini rekupera\u010dn\u00ed jednotka Vortice VORT HRW 30 MONO EVO HCS WIFI - KLIMAVEX GROUP - \u010cesko","og_description":"Decentr&aacute;ln&iacute; rekupera\u010dn&iacute; jednotka&nbsp;VORT HRW&nbsp;30&nbsp;MONO EVO HCS&nbsp;je vylep&scaron;enou verz&iacute; p\u016fvodn&iacute;ch jednotek VORT HRW MONO.&nbsp;Vysoce &uacute;\u010dinn&aacute;&nbsp;(90%&nbsp;&uacute;\u010dinnost rekuperace) a&nbsp;&uacute;sporn&aacute;&nbsp;jednotka s&nbsp;EC motorem,&nbsp;integrovanou&nbsp;WiFi (pro vz&aacute;jemnou bezdr&aacute;tovou komunikaci mezi v&iacute;ce jednotkami; nikoliv pro WiFi ovl&aacute;d&aacute;n&iacute; dan&eacute; jednotky),&nbsp;d&aacute;lkov&yacute;m ovl&aacute;d&aacute;n&iacute;m&nbsp;a zabudovan&yacute;mi&nbsp;sn&iacute;ma\u010di&nbsp;vlhkosti, teploty a okoln&iacute;ho sv\u011btla.&nbsp;ur\u010dena pro v\u011btr&aacute;n&iacute; a rekuperaci tepla v bytech, rodinn&yacute;ch domech a kancel&aacute;\u0159&iacute;ch. Ur\u010dena pro otvor&nbsp;o pr\u016fm\u011bru 100mm. VORT HRW 30 MONO EVO HCS&nbsp;obsahuje filtr G2 pro interi&eacute;rovou stranu,&nbsp;kvalitn&iacute; keramick&yacute; v&yacute;m\u011bn&iacute;k&nbsp;s kan&aacute;lky &scaron;esti&uacute;heln&iacute;kov&eacute;ho tvaru pro maxim&aacute;ln&iacute; efektivitu a G3 filtrem pro exteri&eacute;rovou stranu, vn\u011bj&scaron;&iacute; plastovou m\u0159&iacute;\u017eku se s&iacute;\u0165kou proti hmyzu. Manu&aacute;ln&iacute; ovl&aacute;d&aacute;n&iacute;. Beznap\u011b\u0165ov&yacute; kontakt pro vzd&aacute;lenou aktivaci BOOST re\u017eimu. Svorky pro p\u0159ipojen&iacute; jednotek (pomoc&iacute; RS485 komunikace) a synchronizace provozu.","og_url":"https:\/\/klimavex.eu\/cz\/katalog\/mini-rekuperacni-jednotka-vortice-vort-hrw-30-mono-evo-hcs-wifi\/","og_site_name":"KLIMAVEX GROUP - \u010cesko","article_publisher":"https:\/\/www.facebook.com\/klimavex.cz","article_modified_time":"2026-03-27T07:14:58+00:00","og_image":[{"width":572,"height":512,"url":"https:\/\/klimavex.eu\/cz\/wp-content\/uploads\/2025\/09\/GF15w8gGr7UXtZxuyuolNcvIqhqByH3gPopfqxDfCAw-1.jpeg","type":"image\/jpeg"}],"twitter_card":"summary_large_image","twitter_misc":{"Odhadovan\u00e1 doba \u010dten\u00ed":"1 minuta"},"schema":{"@context":"https:\/\/schema.org","@graph":[{"@type":"WebPage","@id":"https:\/\/klimavex.eu\/cz\/katalog\/mini-rekuperacni-jednotka-vortice-vort-hrw-30-mono-evo-hcs-wifi\/","url":"https:\/\/klimavex.eu\/cz\/katalog\/mini-rekuperacni-jednotka-vortice-vort-hrw-30-mono-evo-hcs-wifi\/","name":"Mini rekupera\u010dn\u00ed jednotka Vortice VORT HRW 30 MONO EVO HCS WIFI - KLIMAVEX GROUP - \u010cesko","isPartOf":{"@id":"https:\/\/klimavex.eu\/cz\/#website"},"primaryImageOfPage":{"@id":"https:\/\/klimavex.eu\/cz\/katalog\/mini-rekuperacni-jednotka-vortice-vort-hrw-30-mono-evo-hcs-wifi\/#primaryimage"},"image":{"@id":"https:\/\/klimavex.eu\/cz\/katalog\/mini-rekuperacni-jednotka-vortice-vort-hrw-30-mono-evo-hcs-wifi\/#primaryimage"},"thumbnailUrl":"https:\/\/klimavex.eu\/cz\/wp-content\/uploads\/2025\/09\/GF15w8gGr7UXtZxuyuolNcvIqhqByH3gPopfqxDfCAw-1.jpeg","datePublished":"2026-03-27T07:14:09+00:00","dateModified":"2026-03-27T07:14:58+00:00","breadcrumb":{"@id":"https:\/\/klimavex.eu\/cz\/katalog\/mini-rekuperacni-jednotka-vortice-vort-hrw-30-mono-evo-hcs-wifi\/#breadcrumb"},"inLanguage":"cs","potentialAction":[{"@type":"ReadAction","target":["https:\/\/klimavex.eu\/cz\/katalog\/mini-rekuperacni-jednotka-vortice-vort-hrw-30-mono-evo-hcs-wifi\/"]}]},{"@type":"ImageObject","inLanguage":"cs","@id":"https:\/\/klimavex.eu\/cz\/katalog\/mini-rekuperacni-jednotka-vortice-vort-hrw-30-mono-evo-hcs-wifi\/#primaryimage","url":"https:\/\/klimavex.eu\/cz\/wp-content\/uploads\/2025\/09\/GF15w8gGr7UXtZxuyuolNcvIqhqByH3gPopfqxDfCAw-1.jpeg","contentUrl":"https:\/\/klimavex.eu\/cz\/wp-content\/uploads\/2025\/09\/GF15w8gGr7UXtZxuyuolNcvIqhqByH3gPopfqxDfCAw-1.jpeg","width":572,"height":512},{"@type":"BreadcrumbList","@id":"https:\/\/klimavex.eu\/cz\/katalog\/mini-rekuperacni-jednotka-vortice-vort-hrw-30-mono-evo-hcs-wifi\/#breadcrumb","itemListElement":[{"@type":"ListItem","position":1,"name":"Domovsk\u00e1 str\u00e1nka","item":"https:\/\/klimavex.eu\/cz\/"},{"@type":"ListItem","position":2,"name":"Eshop","item":"https:\/\/klimavex.eu\/cz\/eshop\/"},{"@type":"ListItem","position":3,"name":"Mini rekupera\u010dn\u00ed jednotka Vortice VORT HRW 30 MONO EVO HCS WIFI"}]},{"@type":"WebSite","@id":"https:\/\/klimavex.eu\/cz\/#website","url":"https:\/\/klimavex.eu\/cz\/","name":"KLIMAVEX GROUP - \u010cesko","description":"","publisher":{"@id":"https:\/\/klimavex.eu\/cz\/#organization"},"alternateName":"KLIMAVEX CZ a.s.","potentialAction":[{"@type":"SearchAction","target":{"@type":"EntryPoint","urlTemplate":"https:\/\/klimavex.eu\/cz\/?s={search_term_string}"},"query-input":{"@type":"PropertyValueSpecification","valueRequired":true,"valueName":"search_term_string"}}],"inLanguage":"cs"},{"@type":"Organization","@id":"https:\/\/klimavex.eu\/cz\/#organization","name":"KLIMAVEX GROUP","alternateName":"KLIMAVEX","url":"https:\/\/klimavex.eu\/cz\/","logo":{"@type":"ImageObject","inLanguage":"cs","@id":"https:\/\/klimavex.eu\/cz\/#\/schema\/logo\/image\/","url":"https:\/\/klimavex.eu\/cz\/wp-content\/uploads\/2024\/04\/Klimavex-Group-logo.png","contentUrl":"https:\/\/klimavex.eu\/cz\/wp-content\/uploads\/2024\/04\/Klimavex-Group-logo.png","width":1681,"height":472,"caption":"KLIMAVEX GROUP"},"image":{"@id":"https:\/\/klimavex.eu\/cz\/#\/schema\/logo\/image\/"},"sameAs":["https:\/\/www.facebook.com\/klimavex.cz","https:\/\/www.instagram.com\/klimavex_cz\/"]}]}},"_links":{"self":[{"href":"https:\/\/klimavex.eu\/cz\/wp-json\/wp\/v2\/product\/544813","targetHints":{"allow":["GET"]}}],"collection":[{"href":"https:\/\/klimavex.eu\/cz\/wp-json\/wp\/v2\/product"}],"about":[{"href":"https:\/\/klimavex.eu\/cz\/wp-json\/wp\/v2\/types\/product"}],"version-history":[{"count":0,"href":"https:\/\/klimavex.eu\/cz\/wp-json\/wp\/v2\/product\/544813\/revisions"}],"wp:featuredmedia":[{"embeddable":true,"href":"https:\/\/klimavex.eu\/cz\/wp-json\/wp\/v2\/media\/554542"}],"wp:attachment":[{"href":"https:\/\/klimavex.eu\/cz\/wp-json\/wp\/v2\/media?parent=544813"}],"wp:term":[{"taxonomy":"product_cat","embeddable":true,"href":"https:\/\/klimavex.eu\/cz\/wp-json\/wp\/v2\/product_cat?post=544813"},{"taxonomy":"product_tag","embeddable":true,"href":"https:\/\/klimavex.eu\/cz\/wp-json\/wp\/v2\/product_tag?post=544813"}],"curies":[{"name":"wp","href":"https:\/\/api.w.org\/{rel}","templated":true}]}}