{"id":544828,"date":"2026-04-02T16:05:13","date_gmt":"2026-04-02T14:05:13","guid":{"rendered":"https:\/\/klimavex.eu\/cz\/katalog\/rekuperacni-jednotka-dantherm-hch-5-mk-ii\/"},"modified":"2026-04-02T16:05:59","modified_gmt":"2026-04-02T14:05:59","slug":"rekuperacni-jednotka-dantherm-hch-5","status":"publish","type":"product","link":"https:\/\/klimavex.eu\/cz\/katalog\/rekuperacni-jednotka-dantherm-hch-5\/","title":{"rendered":"Rekupera\u010dn\u00ed jednotka Dantherm HCH 5"},"content":{"rendered":"<p style=\"text-align:justify\"><span style=\"font-size:11pt\"><span style=\"font-family:Calibri,sans-serif\"><strong><span style=\"color:black\">Kl&iacute;\u010dov&eacute; vlastnosti<\/span><\/strong><\/span><\/span><\/p>\n<ul>\n<li style=\"text-align:justify\"><span style=\"font-size:11pt\"><span style=\"font-family:Calibri,sans-serif\"><span style=\"color:black\">Vzduchov&yacute; v&yacute;kon<\/span><\/span><\/span>\n<ul style=\"list-style-type:circle\">\n<li style=\"text-align:justify\"><span style=\"font-size:11pt\"><span style=\"font-family:Calibri,sans-serif\"><span style=\"color:black\">Provozn&iacute; rozsah 80 a\u017e 420 m<sup>3<\/sup>\/h<\/span><\/span><\/span><\/li>\n<li style=\"text-align:justify\"><span style=\"font-size:11pt\"><span style=\"font-family:Calibri,sans-serif\"><span style=\"color:black\">Max 350 m<sup>3<\/sup>\/h p\u0159i 100 Pa<\/span><\/span><\/span><\/li>\n<\/ul>\n<\/li>\n<li style=\"text-align:justify\"><span style=\"font-size:11pt\"><span style=\"font-family:Calibri,sans-serif\"><span style=\"color:black\">Protiproud&yacute; hlin&iacute;kov&yacute; v&yacute;m\u011bn&iacute;k<\/span><\/span><\/span><\/li>\n<li style=\"text-align:justify\"><span style=\"font-size:11pt\"><span style=\"font-family:Calibri,sans-serif\"><span style=\"color:black\">Horizont&aacute;ln&iacute; instalace<\/span><\/span><\/span><\/li>\n<li style=\"text-align:justify\"><span style=\"font-size:11pt\"><span style=\"font-family:Calibri,sans-serif\"><span style=\"color:black\">EC motory s extr&eacute;mn\u011b n&iacute;zkou spot\u0159ebou energie (n&iacute;zk&eacute; SPI)<\/span><\/span><\/span><\/li>\n<li style=\"text-align:justify\"><span style=\"font-size:11pt\"><span style=\"font-family:Calibri,sans-serif\"><span style=\"color:black\">P\u0159ipojen&iacute; potrub&iacute; &ndash; 2x &Oslash;160mm na obou konc&iacute;ch<\/span><\/span><\/span><\/li>\n<li style=\"text-align:justify\"><span style=\"font-size:11pt\"><span style=\"font-family:Calibri,sans-serif\"><span style=\"color:black\">Obsahuje vzduchov&eacute; filtry G4 50mm (\u010derstv&yacute; i odvodn&iacute; vzduch)<\/span><\/span><\/span><\/li>\n<li style=\"text-align:justify\"><span style=\"font-size:11pt\"><span style=\"font-family:Calibri,sans-serif\"><span style=\"color:black\">Zabudovan&yacute; sn&iacute;ma\u010d vlhkosti RH<\/span><\/span><\/span><\/li>\n<li style=\"text-align:justify\"><span style=\"font-size:11pt\"><span style=\"font-family:Calibri,sans-serif\"><span style=\"color:black\">Zabudovan&yacute; ovl&aacute;dac&iacute; panel<\/span><\/span><\/span><\/li>\n<li style=\"text-align:justify\"><span style=\"font-size:11pt\"><span style=\"font-family:Calibri,sans-serif\"><span style=\"color:black\">Vysoce &uacute;\u010dinn&aacute; rekuperace tepla (a\u017e 94%)<\/span><\/span><\/span><\/li>\n<li style=\"text-align:justify\"><span style=\"font-size:11pt\"><span style=\"font-family:Calibri,sans-serif\"><span style=\"color:black\">Vhodn&eacute; pro instalaci do nezateplen&eacute;ho podkrov&iacute; s&nbsp;okoln&iacute; teplotou -20&deg;C a\u017e 50&deg;C<\/span><\/span><\/span><\/li>\n<\/ul>\n","protected":false},"excerpt":{"rendered":"<p style=\"text-align:justify\"><span style=\"font-size:11pt\"><span style=\"font-family:Calibri,sans-serif\"><strong><span style=\"color:black\">Centr&aacute;ln&iacute;<\/span><\/strong><span style=\"color:black\"> reziden\u010dn&iacute; rekupera\u010dn&iacute; jednotka <strong>Dantherm HCH 5<\/strong> je prim&aacute;rn\u011b ur\u010dena <strong>pro jedno \u010di dvougenera\u010dn&iacute; domy se stropn&iacute;&nbsp;instalac&iacute; do podkrov&iacute;<\/strong>. Jednotka je dod&aacute;v&aacute;na s vestav\u011bn&yacute;m \u0159&iacute;zen&iacute;m podle pot\u0159eby a ovl&aacute;dac&iacute;m panelem. Jednotka je vybavena <strong>vysoce &uacute;\u010dinn&yacute;m protiproud&yacute;m v&yacute;m\u011bn&iacute;kem<\/strong> <strong>tepla<\/strong>, kter&yacute; je optimalizov&aacute;n na velmi vysokou &uacute;rove\u0148 &uacute;\u010dinnosti a dosahuje tak velmi n&iacute;zk&eacute;ho specifick&eacute;ho v&yacute;konu ventil&aacute;toru (hodnota SPI) pro celou jednotku. <\/span><\/span><\/span><\/p>\n","protected":false},"featured_media":554569,"template":"","meta":[],"product_cat":[10770,10771,10769],"product_tag":[],"class_list":{"0":"post-544828","1":"product","2":"type-product","3":"status-publish","4":"has-post-thumbnail","6":"product_cat-rekuperacni-jednotky-archivovane-produkty","7":"product_cat-archivovane-produkty-rekuperacni-jednotky","8":"product_cat-archivovane-produkty","9":"pa_app-wifi-ano-lokalni","10":"pa_bms-modbus-ano","11":"pa_bypass-ano","12":"pa_el-prik-w-b-ohr-s-ohr-154-1554","13":"pa_filtrace-g4-g4","14":"pa_label-archivovany","15":"pa_provedeni-centralni","16":"pa_pru-nap-vent-mm-11859","17":"pa_snimac-vlhkosti-hcs-ano","18":"pa_snimac-voc-volitelne","19":"pa_typ-stropni","20":"pa_ucinnost-rekuperace-12735","21":"pa_vzduchovy-vykon-qv-m3-350-m3-h-100pa","22":"pa_znacka-dantherm","24":"first","25":"outofstock","26":"taxable","27":"shipping-taxable","28":"purchasable","29":"product-type-simple"},"yoast_head":"<!-- This site is optimized with the Yoast SEO plugin v23.9 - https:\/\/yoast.com\/wordpress\/plugins\/seo\/ -->\n<title>Rekupera\u010dn\u00ed jednotka Dantherm HCH 5 - KLIMAVEX GROUP - \u010cesko<\/title>\n<meta name=\"robots\" content=\"index, follow, max-snippet:-1, max-image-preview:large, max-video-preview:-1\" \/>\n<link rel=\"canonical\" href=\"https:\/\/klimavex.eu\/cz\/katalog\/rekuperacni-jednotka-dantherm-hch-5-mk-ii\/\" \/>\n<meta property=\"og:locale\" content=\"cs_CZ\" \/>\n<meta property=\"og:type\" content=\"article\" \/>\n<meta property=\"og:title\" content=\"Rekupera\u010dn\u00ed jednotka Dantherm HCH 5 - KLIMAVEX GROUP - \u010cesko\" \/>\n<meta property=\"og:description\" content=\"Centr&aacute;ln&iacute; reziden\u010dn&iacute; rekupera\u010dn&iacute; jednotka Dantherm HCH 5 je prim&aacute;rn\u011b ur\u010dena pro jedno \u010di dvougenera\u010dn&iacute; domy se stropn&iacute;&nbsp;instalac&iacute; do podkrov&iacute;. Jednotka je dod&aacute;v&aacute;na s vestav\u011bn&yacute;m \u0159&iacute;zen&iacute;m podle pot\u0159eby a ovl&aacute;dac&iacute;m panelem. Jednotka je vybavena vysoce &uacute;\u010dinn&yacute;m protiproud&yacute;m v&yacute;m\u011bn&iacute;kem tepla, kter&yacute; je optimalizov&aacute;n na velmi vysokou &uacute;rove\u0148 &uacute;\u010dinnosti a dosahuje tak velmi n&iacute;zk&eacute;ho specifick&eacute;ho v&yacute;konu ventil&aacute;toru (hodnota SPI) pro celou jednotku.\" \/>\n<meta property=\"og:url\" content=\"https:\/\/klimavex.eu\/cz\/katalog\/rekuperacni-jednotka-dantherm-hch-5-mk-ii\/\" \/>\n<meta property=\"og:site_name\" content=\"KLIMAVEX GROUP - \u010cesko\" \/>\n<meta property=\"article:publisher\" content=\"https:\/\/www.facebook.com\/klimavex.cz\" \/>\n<meta property=\"article:modified_time\" content=\"2026-04-02T14:05:59+00:00\" \/>\n<meta property=\"og:image\" content=\"https:\/\/klimavex.eu\/cz\/wp-content\/uploads\/2024\/02\/LOGO-KLIMAVEX-modra-kostka-1.png\" \/>\n\t<meta property=\"og:image:width\" content=\"9184\" \/>\n\t<meta property=\"og:image:height\" content=\"9184\" \/>\n\t<meta property=\"og:image:type\" content=\"image\/png\" \/>\n<meta name=\"twitter:card\" content=\"summary_large_image\" \/>\n<meta name=\"twitter:label1\" content=\"Odhadovan\u00e1 doba \u010dten\u00ed\" \/>\n\t<meta name=\"twitter:data1\" content=\"1 minuta\" \/>\n<script type=\"application\/ld+json\" class=\"yoast-schema-graph\">{\"@context\":\"https:\/\/schema.org\",\"@graph\":[{\"@type\":\"WebPage\",\"@id\":\"https:\/\/klimavex.eu\/cz\/katalog\/rekuperacni-jednotka-dantherm-hch-5-mk-ii\/\",\"url\":\"https:\/\/klimavex.eu\/cz\/katalog\/rekuperacni-jednotka-dantherm-hch-5-mk-ii\/\",\"name\":\"Rekupera\u010dn\u00ed jednotka Dantherm HCH 5 - KLIMAVEX GROUP - \u010cesko\",\"isPartOf\":{\"@id\":\"https:\/\/klimavex.eu\/cz\/#website\"},\"primaryImageOfPage\":{\"@id\":\"https:\/\/klimavex.eu\/cz\/katalog\/rekuperacni-jednotka-dantherm-hch-5-mk-ii\/#primaryimage\"},\"image\":{\"@id\":\"https:\/\/klimavex.eu\/cz\/katalog\/rekuperacni-jednotka-dantherm-hch-5-mk-ii\/#primaryimage\"},\"thumbnailUrl\":\"https:\/\/klimavex.eu\/cz\/wp-content\/uploads\/2025\/09\/m3lF_g5B7RVtIGFVyQbITJQ68sxRITr82W-O_1IrbQc.jpeg\",\"datePublished\":\"2026-04-02T14:05:13+00:00\",\"dateModified\":\"2026-04-02T14:05:59+00:00\",\"breadcrumb\":{\"@id\":\"https:\/\/klimavex.eu\/cz\/katalog\/rekuperacni-jednotka-dantherm-hch-5-mk-ii\/#breadcrumb\"},\"inLanguage\":\"cs\",\"potentialAction\":[{\"@type\":\"ReadAction\",\"target\":[\"https:\/\/klimavex.eu\/cz\/katalog\/rekuperacni-jednotka-dantherm-hch-5-mk-ii\/\"]}]},{\"@type\":\"ImageObject\",\"inLanguage\":\"cs\",\"@id\":\"https:\/\/klimavex.eu\/cz\/katalog\/rekuperacni-jednotka-dantherm-hch-5-mk-ii\/#primaryimage\",\"url\":\"https:\/\/klimavex.eu\/cz\/wp-content\/uploads\/2025\/09\/m3lF_g5B7RVtIGFVyQbITJQ68sxRITr82W-O_1IrbQc.jpeg\",\"contentUrl\":\"https:\/\/klimavex.eu\/cz\/wp-content\/uploads\/2025\/09\/m3lF_g5B7RVtIGFVyQbITJQ68sxRITr82W-O_1IrbQc.jpeg\",\"width\":512,\"height\":512},{\"@type\":\"BreadcrumbList\",\"@id\":\"https:\/\/klimavex.eu\/cz\/katalog\/rekuperacni-jednotka-dantherm-hch-5-mk-ii\/#breadcrumb\",\"itemListElement\":[{\"@type\":\"ListItem\",\"position\":1,\"name\":\"Domovsk\u00e1 str\u00e1nka\",\"item\":\"https:\/\/klimavex.eu\/cz\/\"},{\"@type\":\"ListItem\",\"position\":2,\"name\":\"Eshop\",\"item\":\"https:\/\/klimavex.eu\/cz\/eshop\/\"},{\"@type\":\"ListItem\",\"position\":3,\"name\":\"Rekupera\u010dn\u00ed jednotka Dantherm HCH 5 Mk II\"}]},{\"@type\":\"WebSite\",\"@id\":\"https:\/\/klimavex.eu\/cz\/#website\",\"url\":\"https:\/\/klimavex.eu\/cz\/\",\"name\":\"KLIMAVEX GROUP - \u010cesko\",\"description\":\"\",\"publisher\":{\"@id\":\"https:\/\/klimavex.eu\/cz\/#organization\"},\"alternateName\":\"KLIMAVEX CZ a.s.\",\"potentialAction\":[{\"@type\":\"SearchAction\",\"target\":{\"@type\":\"EntryPoint\",\"urlTemplate\":\"https:\/\/klimavex.eu\/cz\/?s={search_term_string}\"},\"query-input\":{\"@type\":\"PropertyValueSpecification\",\"valueRequired\":true,\"valueName\":\"search_term_string\"}}],\"inLanguage\":\"cs\"},{\"@type\":\"Organization\",\"@id\":\"https:\/\/klimavex.eu\/cz\/#organization\",\"name\":\"KLIMAVEX GROUP\",\"alternateName\":\"KLIMAVEX\",\"url\":\"https:\/\/klimavex.eu\/cz\/\",\"logo\":{\"@type\":\"ImageObject\",\"inLanguage\":\"cs\",\"@id\":\"https:\/\/klimavex.eu\/cz\/#\/schema\/logo\/image\/\",\"url\":\"https:\/\/klimavex.eu\/cz\/wp-content\/uploads\/2024\/04\/Klimavex-Group-logo.png\",\"contentUrl\":\"https:\/\/klimavex.eu\/cz\/wp-content\/uploads\/2024\/04\/Klimavex-Group-logo.png\",\"width\":1681,\"height\":472,\"caption\":\"KLIMAVEX GROUP\"},\"image\":{\"@id\":\"https:\/\/klimavex.eu\/cz\/#\/schema\/logo\/image\/\"},\"sameAs\":[\"https:\/\/www.facebook.com\/klimavex.cz\",\"https:\/\/www.instagram.com\/klimavex_cz\/\"]}]}<\/script>\n<!-- \/ Yoast SEO plugin. -->","yoast_head_json":{"title":"Rekupera\u010dn\u00ed jednotka Dantherm HCH 5 - KLIMAVEX GROUP - \u010cesko","robots":{"index":"index","follow":"follow","max-snippet":"max-snippet:-1","max-image-preview":"max-image-preview:large","max-video-preview":"max-video-preview:-1"},"canonical":"https:\/\/klimavex.eu\/cz\/katalog\/rekuperacni-jednotka-dantherm-hch-5-mk-ii\/","og_locale":"cs_CZ","og_type":"article","og_title":"Rekupera\u010dn\u00ed jednotka Dantherm HCH 5 - KLIMAVEX GROUP - \u010cesko","og_description":"Centr&aacute;ln&iacute; reziden\u010dn&iacute; rekupera\u010dn&iacute; jednotka Dantherm HCH 5 je prim&aacute;rn\u011b ur\u010dena pro jedno \u010di dvougenera\u010dn&iacute; domy se stropn&iacute;&nbsp;instalac&iacute; do podkrov&iacute;. Jednotka je dod&aacute;v&aacute;na s vestav\u011bn&yacute;m \u0159&iacute;zen&iacute;m podle pot\u0159eby a ovl&aacute;dac&iacute;m panelem. Jednotka je vybavena vysoce &uacute;\u010dinn&yacute;m protiproud&yacute;m v&yacute;m\u011bn&iacute;kem tepla, kter&yacute; je optimalizov&aacute;n na velmi vysokou &uacute;rove\u0148 &uacute;\u010dinnosti a dosahuje tak velmi n&iacute;zk&eacute;ho specifick&eacute;ho v&yacute;konu ventil&aacute;toru (hodnota SPI) pro celou jednotku.","og_url":"https:\/\/klimavex.eu\/cz\/katalog\/rekuperacni-jednotka-dantherm-hch-5-mk-ii\/","og_site_name":"KLIMAVEX GROUP - \u010cesko","article_publisher":"https:\/\/www.facebook.com\/klimavex.cz","article_modified_time":"2026-04-02T14:05:59+00:00","og_image":[{"width":9184,"height":9184,"url":"https:\/\/klimavex.eu\/cz\/wp-content\/uploads\/2024\/02\/LOGO-KLIMAVEX-modra-kostka-1.png","type":"image\/png"}],"twitter_card":"summary_large_image","twitter_misc":{"Odhadovan\u00e1 doba \u010dten\u00ed":"1 minuta"},"schema":{"@context":"https:\/\/schema.org","@graph":[{"@type":"WebPage","@id":"https:\/\/klimavex.eu\/cz\/katalog\/rekuperacni-jednotka-dantherm-hch-5-mk-ii\/","url":"https:\/\/klimavex.eu\/cz\/katalog\/rekuperacni-jednotka-dantherm-hch-5-mk-ii\/","name":"Rekupera\u010dn\u00ed jednotka Dantherm HCH 5 - KLIMAVEX GROUP - \u010cesko","isPartOf":{"@id":"https:\/\/klimavex.eu\/cz\/#website"},"primaryImageOfPage":{"@id":"https:\/\/klimavex.eu\/cz\/katalog\/rekuperacni-jednotka-dantherm-hch-5-mk-ii\/#primaryimage"},"image":{"@id":"https:\/\/klimavex.eu\/cz\/katalog\/rekuperacni-jednotka-dantherm-hch-5-mk-ii\/#primaryimage"},"thumbnailUrl":"https:\/\/klimavex.eu\/cz\/wp-content\/uploads\/2025\/09\/m3lF_g5B7RVtIGFVyQbITJQ68sxRITr82W-O_1IrbQc.jpeg","datePublished":"2026-04-02T14:05:13+00:00","dateModified":"2026-04-02T14:05:59+00:00","breadcrumb":{"@id":"https:\/\/klimavex.eu\/cz\/katalog\/rekuperacni-jednotka-dantherm-hch-5-mk-ii\/#breadcrumb"},"inLanguage":"cs","potentialAction":[{"@type":"ReadAction","target":["https:\/\/klimavex.eu\/cz\/katalog\/rekuperacni-jednotka-dantherm-hch-5-mk-ii\/"]}]},{"@type":"ImageObject","inLanguage":"cs","@id":"https:\/\/klimavex.eu\/cz\/katalog\/rekuperacni-jednotka-dantherm-hch-5-mk-ii\/#primaryimage","url":"https:\/\/klimavex.eu\/cz\/wp-content\/uploads\/2025\/09\/m3lF_g5B7RVtIGFVyQbITJQ68sxRITr82W-O_1IrbQc.jpeg","contentUrl":"https:\/\/klimavex.eu\/cz\/wp-content\/uploads\/2025\/09\/m3lF_g5B7RVtIGFVyQbITJQ68sxRITr82W-O_1IrbQc.jpeg","width":512,"height":512},{"@type":"BreadcrumbList","@id":"https:\/\/klimavex.eu\/cz\/katalog\/rekuperacni-jednotka-dantherm-hch-5-mk-ii\/#breadcrumb","itemListElement":[{"@type":"ListItem","position":1,"name":"Domovsk\u00e1 str\u00e1nka","item":"https:\/\/klimavex.eu\/cz\/"},{"@type":"ListItem","position":2,"name":"Eshop","item":"https:\/\/klimavex.eu\/cz\/eshop\/"},{"@type":"ListItem","position":3,"name":"Rekupera\u010dn\u00ed jednotka Dantherm HCH 5 Mk II"}]},{"@type":"WebSite","@id":"https:\/\/klimavex.eu\/cz\/#website","url":"https:\/\/klimavex.eu\/cz\/","name":"KLIMAVEX GROUP - \u010cesko","description":"","publisher":{"@id":"https:\/\/klimavex.eu\/cz\/#organization"},"alternateName":"KLIMAVEX CZ a.s.","potentialAction":[{"@type":"SearchAction","target":{"@type":"EntryPoint","urlTemplate":"https:\/\/klimavex.eu\/cz\/?s={search_term_string}"},"query-input":{"@type":"PropertyValueSpecification","valueRequired":true,"valueName":"search_term_string"}}],"inLanguage":"cs"},{"@type":"Organization","@id":"https:\/\/klimavex.eu\/cz\/#organization","name":"KLIMAVEX GROUP","alternateName":"KLIMAVEX","url":"https:\/\/klimavex.eu\/cz\/","logo":{"@type":"ImageObject","inLanguage":"cs","@id":"https:\/\/klimavex.eu\/cz\/#\/schema\/logo\/image\/","url":"https:\/\/klimavex.eu\/cz\/wp-content\/uploads\/2024\/04\/Klimavex-Group-logo.png","contentUrl":"https:\/\/klimavex.eu\/cz\/wp-content\/uploads\/2024\/04\/Klimavex-Group-logo.png","width":1681,"height":472,"caption":"KLIMAVEX GROUP"},"image":{"@id":"https:\/\/klimavex.eu\/cz\/#\/schema\/logo\/image\/"},"sameAs":["https:\/\/www.facebook.com\/klimavex.cz","https:\/\/www.instagram.com\/klimavex_cz\/"]}]}},"_links":{"self":[{"href":"https:\/\/klimavex.eu\/cz\/wp-json\/wp\/v2\/product\/544828","targetHints":{"allow":["GET"]}}],"collection":[{"href":"https:\/\/klimavex.eu\/cz\/wp-json\/wp\/v2\/product"}],"about":[{"href":"https:\/\/klimavex.eu\/cz\/wp-json\/wp\/v2\/types\/product"}],"version-history":[{"count":0,"href":"https:\/\/klimavex.eu\/cz\/wp-json\/wp\/v2\/product\/544828\/revisions"}],"wp:featuredmedia":[{"embeddable":true,"href":"https:\/\/klimavex.eu\/cz\/wp-json\/wp\/v2\/media\/554569"}],"wp:attachment":[{"href":"https:\/\/klimavex.eu\/cz\/wp-json\/wp\/v2\/media?parent=544828"}],"wp:term":[{"taxonomy":"product_cat","embeddable":true,"href":"https:\/\/klimavex.eu\/cz\/wp-json\/wp\/v2\/product_cat?post=544828"},{"taxonomy":"product_tag","embeddable":true,"href":"https:\/\/klimavex.eu\/cz\/wp-json\/wp\/v2\/product_tag?post=544828"}],"curies":[{"name":"wp","href":"https:\/\/api.w.org\/{rel}","templated":true}]}}