{"id":544831,"date":"2026-04-08T10:03:05","date_gmt":"2026-04-08T08:03:05","guid":{"rendered":"https:\/\/klimavex.eu\/cz\/katalog\/pokojova-nastenna-rekuperace-hyundai-hrs-150-wm-a1\/"},"modified":"2026-04-08T10:03:42","modified_gmt":"2026-04-08T08:03:42","slug":"rekuperacni-jednotka-hyundai-nastenna-hrs-150-wm-a1","status":"publish","type":"product","link":"https:\/\/klimavex.eu\/cz\/katalog\/rekuperacni-jednotka-hyundai-nastenna-hrs-150-wm-a1\/","title":{"rendered":"Rekupera\u010dn\u00ed jednotka Hyundai n\u00e1st\u011bnn\u00e1 HRS-150-WM-A1"},"content":{"rendered":"<p style=\"text-align:justify\"><span style=\"font-size:11pt\"><span style=\"font-family:Calibri,sans-serif\"><strong><span style=\"color:black\">Kl&iacute;\u010dov&eacute; vlastnosti<\/span><\/strong><\/span><\/span><\/p>\n<ul>\n<li style=\"text-align:justify\"><span style=\"font-size:11pt\"><span style=\"font-family:Calibri,sans-serif\"><span style=\"color:black\">P\u0159&iacute;vodn&iacute; a odvodn&iacute; ventil&aacute;tor s DC motorem<\/span><\/span><\/span><\/li>\n<li style=\"text-align:justify\"><span style=\"font-size:11pt\"><span style=\"font-family:Calibri,sans-serif\"><span style=\"color:black\">P\u0159edfiltry G3 (RA, OA) a st\u0159edn&iacute; filtr F5 (OA)<\/span><\/span><\/span><\/li>\n<li style=\"text-align:justify\"><span style=\"font-size:11pt\"><span style=\"font-family:Calibri,sans-serif\"><span style=\"color:black\">Vysoce &uacute;\u010dinn&yacute; filtr HEPA H10 + filtr s aktivn&iacute;m uhl&iacute;m (SA)<\/span><\/span><\/span><\/li>\n<li style=\"text-align:justify\"><span style=\"font-size:11pt\"><span style=\"font-family:Calibri,sans-serif\"><span style=\"color:black\">Vysoce &uacute;\u010dinn&yacute; k\u0159&iacute;\u017eov&yacute; entalpick&yacute; v&yacute;m\u011bn&iacute;k<\/span><\/span><\/span><\/li>\n<li style=\"text-align:justify\"><span style=\"font-size:11pt\"><span style=\"font-family:Calibri,sans-serif\"><span style=\"color:black\">Digit&aacute;ln&iacute; displej<\/span><\/span><\/span><\/li>\n<li style=\"text-align:justify\"><span style=\"font-size:11pt\"><span style=\"font-family:Calibri,sans-serif\"><span style=\"color:black\">Zabudovan&yacute; sn&iacute;ma\u010d CO<sub>2<\/sub> (pro automatick&eacute; \u0159&iacute;zen&iacute; podle pot\u0159eby)<\/span><\/span><\/span><\/li>\n<li style=\"text-align:justify\"><span style=\"font-size:11pt\"><span style=\"font-family:Calibri,sans-serif\"><span style=\"color:black\">Zabudovan&yacute; sn&iacute;ma\u010d teploty a vlhkosti RH<\/span><\/span><\/span><\/li>\n<li style=\"text-align:justify\"><span style=\"font-size:11pt\"><span style=\"font-family:Calibri,sans-serif\"><span style=\"color:black\">D&aacute;lkov&eacute; a manu&aacute;ln&iacute; ovl&aacute;d&aacute;n&iacute;<\/span><\/span><\/span><\/li>\n<li style=\"text-align:justify\"><span style=\"font-size:11pt\"><span style=\"font-family:Calibri,sans-serif\"><span style=\"color:black\">Zabudovan&yacute; Wi-Fi modul, Modbus<\/span><\/span><\/span><\/li>\n<li style=\"text-align:justify\"><span style=\"font-size:11pt\"><span style=\"font-family:Calibri,sans-serif\"><span style=\"color:black\">Zadn&iacute; nebo bo\u010dn&iacute; p\u0159ipojen&iacute; potrub&iacute; (pro exteri&eacute;r, 2x PVC potrub&iacute; &oslash;90mm, d&eacute;lka 500mm v balen&iacute;)<\/span><\/span><\/span><\/li>\n<li style=\"text-align:justify\"><span style=\"font-size:11pt\"><span style=\"font-family:Calibri,sans-serif\"><span style=\"color:black\">R\u016fzn&eacute; funkce &ndash; auto, manual, \u010dasova\u010d, sp&aacute;nek, \u010di&scaron;t\u011bn&iacute; (re\u017eimy PURE)<\/span><\/span><\/span><\/li>\n<\/ul>\n","protected":false},"excerpt":{"rendered":"<p style=\"text-align:justify\"><span style=\"font-size:11pt\"><span style=\"font-family:Calibri,sans-serif\"><strong><span style=\"color:black\">Decentr&aacute;ln&iacute;<\/span><\/strong><span style=\"color:black\"> n&aacute;st\u011bnn&aacute; rekupera\u010dn&iacute; jednotka <strong>Hyundai HRS-WM<\/strong> v&nbsp;sob\u011b spojuje funkci <strong>v\u011btr&aacute;n&iacute; s&nbsp;rekuperac&iacute; energie a \u010di&scaron;t\u011bn&iacute; vzduchu<\/strong>. S&nbsp;ohledem na jej&iacute; vzduchov&yacute; v&yacute;kon 150m<sup>3<\/sup>\/h je vhodn&aacute; <strong>pro m&iacute;stnosti s&nbsp;plochou 20-45m<sup>2<\/sup><\/strong>. Jednotka je navr\u017eena pro provoz v&nbsp;m&iacute;rn&eacute;m p\u0159etlaku. V&nbsp;re\u017eimu manual je mo\u017en&eacute; jednotky nastavit i na provoz v&nbsp;rovnotlaku. <\/span><\/span><\/span><\/p>\n","protected":false},"featured_media":554579,"template":"","meta":[],"product_cat":[7535,7536,7534],"product_tag":[],"class_list":{"0":"post-544831","1":"product","2":"type-product","3":"status-publish","4":"has-post-thumbnail","6":"product_cat-pokojova-rekuperace","7":"product_cat-hrs","8":"product_cat-rekuperacni-jednotky","9":"pa_app-wifi-ano","10":"pa_el-prik-w-b-ohr-s-ohr-11893","11":"pa_filtrace-g3-f5","12":"pa_provedeni-pokojove","13":"pa_pru-nap-vent-mm-11870","14":"pa_snimac-vlhkosti-hcs-ano","15":"pa_snimac-voc-ano","16":"pa_typ-nastenne","17":"pa_ucinnost-rekuperace-11890","18":"pa_vzduchovy-vykon-qv-m3-150-m3-h","19":"pa_znacka-hyundai","21":"first","22":"instock","23":"taxable","24":"shipping-taxable","25":"purchasable","26":"product-type-simple"},"yoast_head":"<!-- This site is optimized with the Yoast SEO plugin v23.9 - https:\/\/yoast.com\/wordpress\/plugins\/seo\/ -->\n<title>Rekupera\u010dn\u00ed jednotka Hyundai n\u00e1st\u011bnn\u00e1 HRS-150-WM-A1 - KLIMAVEX GROUP - \u010cesko<\/title>\n<meta name=\"robots\" content=\"index, follow, max-snippet:-1, max-image-preview:large, max-video-preview:-1\" \/>\n<link rel=\"canonical\" href=\"https:\/\/klimavex.eu\/cz\/katalog\/pokojova-nastenna-rekuperace-hyundai-hrs-150-wm-a1\/\" \/>\n<meta property=\"og:locale\" content=\"cs_CZ\" \/>\n<meta property=\"og:type\" content=\"article\" \/>\n<meta property=\"og:title\" content=\"Rekupera\u010dn\u00ed jednotka Hyundai n\u00e1st\u011bnn\u00e1 HRS-150-WM-A1 - KLIMAVEX GROUP - \u010cesko\" \/>\n<meta property=\"og:description\" content=\"Decentr&aacute;ln&iacute; n&aacute;st\u011bnn&aacute; rekupera\u010dn&iacute; jednotka Hyundai HRS-WM v&nbsp;sob\u011b spojuje funkci v\u011btr&aacute;n&iacute; s&nbsp;rekuperac&iacute; energie a \u010di&scaron;t\u011bn&iacute; vzduchu. S&nbsp;ohledem na jej&iacute; vzduchov&yacute; v&yacute;kon 150m3\/h je vhodn&aacute; pro m&iacute;stnosti s&nbsp;plochou 20-45m2. Jednotka je navr\u017eena pro provoz v&nbsp;m&iacute;rn&eacute;m p\u0159etlaku. V&nbsp;re\u017eimu manual je mo\u017en&eacute; jednotky nastavit i na provoz v&nbsp;rovnotlaku.\" \/>\n<meta property=\"og:url\" content=\"https:\/\/klimavex.eu\/cz\/katalog\/pokojova-nastenna-rekuperace-hyundai-hrs-150-wm-a1\/\" \/>\n<meta property=\"og:site_name\" content=\"KLIMAVEX GROUP - \u010cesko\" \/>\n<meta property=\"article:publisher\" content=\"https:\/\/www.facebook.com\/klimavex.cz\" \/>\n<meta property=\"article:modified_time\" content=\"2026-04-08T08:03:42+00:00\" \/>\n<meta property=\"og:image\" content=\"https:\/\/klimavex.eu\/cz\/wp-content\/uploads\/2024\/02\/LOGO-KLIMAVEX-modra-kostka-1.png\" \/>\n\t<meta property=\"og:image:width\" content=\"9184\" \/>\n\t<meta property=\"og:image:height\" content=\"9184\" \/>\n\t<meta property=\"og:image:type\" content=\"image\/png\" \/>\n<meta name=\"twitter:card\" content=\"summary_large_image\" \/>\n<meta name=\"twitter:label1\" content=\"Odhadovan\u00e1 doba \u010dten\u00ed\" \/>\n\t<meta name=\"twitter:data1\" content=\"1 minuta\" \/>\n<script type=\"application\/ld+json\" class=\"yoast-schema-graph\">{\"@context\":\"https:\/\/schema.org\",\"@graph\":[{\"@type\":\"WebPage\",\"@id\":\"https:\/\/klimavex.eu\/cz\/katalog\/pokojova-nastenna-rekuperace-hyundai-hrs-150-wm-a1\/\",\"url\":\"https:\/\/klimavex.eu\/cz\/katalog\/pokojova-nastenna-rekuperace-hyundai-hrs-150-wm-a1\/\",\"name\":\"Rekupera\u010dn\u00ed jednotka Hyundai n\u00e1st\u011bnn\u00e1 HRS-150-WM-A1 - KLIMAVEX GROUP - \u010cesko\",\"isPartOf\":{\"@id\":\"https:\/\/klimavex.eu\/cz\/#website\"},\"primaryImageOfPage\":{\"@id\":\"https:\/\/klimavex.eu\/cz\/katalog\/pokojova-nastenna-rekuperace-hyundai-hrs-150-wm-a1\/#primaryimage\"},\"image\":{\"@id\":\"https:\/\/klimavex.eu\/cz\/katalog\/pokojova-nastenna-rekuperace-hyundai-hrs-150-wm-a1\/#primaryimage\"},\"thumbnailUrl\":\"https:\/\/klimavex.eu\/cz\/wp-content\/uploads\/2025\/09\/rhAr2AV8bs4c5B1Fgf4A99NsegdJBKYT0LzfrQCCYrU.jpeg\",\"datePublished\":\"2026-04-08T08:03:05+00:00\",\"dateModified\":\"2026-04-08T08:03:42+00:00\",\"breadcrumb\":{\"@id\":\"https:\/\/klimavex.eu\/cz\/katalog\/pokojova-nastenna-rekuperace-hyundai-hrs-150-wm-a1\/#breadcrumb\"},\"inLanguage\":\"cs\",\"potentialAction\":[{\"@type\":\"ReadAction\",\"target\":[\"https:\/\/klimavex.eu\/cz\/katalog\/pokojova-nastenna-rekuperace-hyundai-hrs-150-wm-a1\/\"]}]},{\"@type\":\"ImageObject\",\"inLanguage\":\"cs\",\"@id\":\"https:\/\/klimavex.eu\/cz\/katalog\/pokojova-nastenna-rekuperace-hyundai-hrs-150-wm-a1\/#primaryimage\",\"url\":\"https:\/\/klimavex.eu\/cz\/wp-content\/uploads\/2025\/09\/rhAr2AV8bs4c5B1Fgf4A99NsegdJBKYT0LzfrQCCYrU.jpeg\",\"contentUrl\":\"https:\/\/klimavex.eu\/cz\/wp-content\/uploads\/2025\/09\/rhAr2AV8bs4c5B1Fgf4A99NsegdJBKYT0LzfrQCCYrU.jpeg\",\"width\":428,\"height\":626},{\"@type\":\"BreadcrumbList\",\"@id\":\"https:\/\/klimavex.eu\/cz\/katalog\/pokojova-nastenna-rekuperace-hyundai-hrs-150-wm-a1\/#breadcrumb\",\"itemListElement\":[{\"@type\":\"ListItem\",\"position\":1,\"name\":\"Domovsk\u00e1 str\u00e1nka\",\"item\":\"https:\/\/klimavex.eu\/cz\/\"},{\"@type\":\"ListItem\",\"position\":2,\"name\":\"Eshop\",\"item\":\"https:\/\/klimavex.eu\/cz\/eshop\/\"},{\"@type\":\"ListItem\",\"position\":3,\"name\":\"Pokojov\u00e1 n\u00e1st\u011bnn\u00e1 rekuperace Hyundai HRS-150-WM-A1\"}]},{\"@type\":\"WebSite\",\"@id\":\"https:\/\/klimavex.eu\/cz\/#website\",\"url\":\"https:\/\/klimavex.eu\/cz\/\",\"name\":\"KLIMAVEX GROUP - \u010cesko\",\"description\":\"\",\"publisher\":{\"@id\":\"https:\/\/klimavex.eu\/cz\/#organization\"},\"alternateName\":\"KLIMAVEX CZ a.s.\",\"potentialAction\":[{\"@type\":\"SearchAction\",\"target\":{\"@type\":\"EntryPoint\",\"urlTemplate\":\"https:\/\/klimavex.eu\/cz\/?s={search_term_string}\"},\"query-input\":{\"@type\":\"PropertyValueSpecification\",\"valueRequired\":true,\"valueName\":\"search_term_string\"}}],\"inLanguage\":\"cs\"},{\"@type\":\"Organization\",\"@id\":\"https:\/\/klimavex.eu\/cz\/#organization\",\"name\":\"KLIMAVEX GROUP\",\"alternateName\":\"KLIMAVEX\",\"url\":\"https:\/\/klimavex.eu\/cz\/\",\"logo\":{\"@type\":\"ImageObject\",\"inLanguage\":\"cs\",\"@id\":\"https:\/\/klimavex.eu\/cz\/#\/schema\/logo\/image\/\",\"url\":\"https:\/\/klimavex.eu\/cz\/wp-content\/uploads\/2024\/04\/Klimavex-Group-logo.png\",\"contentUrl\":\"https:\/\/klimavex.eu\/cz\/wp-content\/uploads\/2024\/04\/Klimavex-Group-logo.png\",\"width\":1681,\"height\":472,\"caption\":\"KLIMAVEX GROUP\"},\"image\":{\"@id\":\"https:\/\/klimavex.eu\/cz\/#\/schema\/logo\/image\/\"},\"sameAs\":[\"https:\/\/www.facebook.com\/klimavex.cz\",\"https:\/\/www.instagram.com\/klimavex_cz\/\"]}]}<\/script>\n<!-- \/ Yoast SEO plugin. -->","yoast_head_json":{"title":"Rekupera\u010dn\u00ed jednotka Hyundai n\u00e1st\u011bnn\u00e1 HRS-150-WM-A1 - KLIMAVEX GROUP - \u010cesko","robots":{"index":"index","follow":"follow","max-snippet":"max-snippet:-1","max-image-preview":"max-image-preview:large","max-video-preview":"max-video-preview:-1"},"canonical":"https:\/\/klimavex.eu\/cz\/katalog\/pokojova-nastenna-rekuperace-hyundai-hrs-150-wm-a1\/","og_locale":"cs_CZ","og_type":"article","og_title":"Rekupera\u010dn\u00ed jednotka Hyundai n\u00e1st\u011bnn\u00e1 HRS-150-WM-A1 - KLIMAVEX GROUP - \u010cesko","og_description":"Decentr&aacute;ln&iacute; n&aacute;st\u011bnn&aacute; rekupera\u010dn&iacute; jednotka Hyundai HRS-WM v&nbsp;sob\u011b spojuje funkci v\u011btr&aacute;n&iacute; s&nbsp;rekuperac&iacute; energie a \u010di&scaron;t\u011bn&iacute; vzduchu. S&nbsp;ohledem na jej&iacute; vzduchov&yacute; v&yacute;kon 150m3\/h je vhodn&aacute; pro m&iacute;stnosti s&nbsp;plochou 20-45m2. Jednotka je navr\u017eena pro provoz v&nbsp;m&iacute;rn&eacute;m p\u0159etlaku. V&nbsp;re\u017eimu manual je mo\u017en&eacute; jednotky nastavit i na provoz v&nbsp;rovnotlaku.","og_url":"https:\/\/klimavex.eu\/cz\/katalog\/pokojova-nastenna-rekuperace-hyundai-hrs-150-wm-a1\/","og_site_name":"KLIMAVEX GROUP - \u010cesko","article_publisher":"https:\/\/www.facebook.com\/klimavex.cz","article_modified_time":"2026-04-08T08:03:42+00:00","og_image":[{"width":9184,"height":9184,"url":"https:\/\/klimavex.eu\/cz\/wp-content\/uploads\/2024\/02\/LOGO-KLIMAVEX-modra-kostka-1.png","type":"image\/png"}],"twitter_card":"summary_large_image","twitter_misc":{"Odhadovan\u00e1 doba \u010dten\u00ed":"1 minuta"},"schema":{"@context":"https:\/\/schema.org","@graph":[{"@type":"WebPage","@id":"https:\/\/klimavex.eu\/cz\/katalog\/pokojova-nastenna-rekuperace-hyundai-hrs-150-wm-a1\/","url":"https:\/\/klimavex.eu\/cz\/katalog\/pokojova-nastenna-rekuperace-hyundai-hrs-150-wm-a1\/","name":"Rekupera\u010dn\u00ed jednotka Hyundai n\u00e1st\u011bnn\u00e1 HRS-150-WM-A1 - KLIMAVEX GROUP - \u010cesko","isPartOf":{"@id":"https:\/\/klimavex.eu\/cz\/#website"},"primaryImageOfPage":{"@id":"https:\/\/klimavex.eu\/cz\/katalog\/pokojova-nastenna-rekuperace-hyundai-hrs-150-wm-a1\/#primaryimage"},"image":{"@id":"https:\/\/klimavex.eu\/cz\/katalog\/pokojova-nastenna-rekuperace-hyundai-hrs-150-wm-a1\/#primaryimage"},"thumbnailUrl":"https:\/\/klimavex.eu\/cz\/wp-content\/uploads\/2025\/09\/rhAr2AV8bs4c5B1Fgf4A99NsegdJBKYT0LzfrQCCYrU.jpeg","datePublished":"2026-04-08T08:03:05+00:00","dateModified":"2026-04-08T08:03:42+00:00","breadcrumb":{"@id":"https:\/\/klimavex.eu\/cz\/katalog\/pokojova-nastenna-rekuperace-hyundai-hrs-150-wm-a1\/#breadcrumb"},"inLanguage":"cs","potentialAction":[{"@type":"ReadAction","target":["https:\/\/klimavex.eu\/cz\/katalog\/pokojova-nastenna-rekuperace-hyundai-hrs-150-wm-a1\/"]}]},{"@type":"ImageObject","inLanguage":"cs","@id":"https:\/\/klimavex.eu\/cz\/katalog\/pokojova-nastenna-rekuperace-hyundai-hrs-150-wm-a1\/#primaryimage","url":"https:\/\/klimavex.eu\/cz\/wp-content\/uploads\/2025\/09\/rhAr2AV8bs4c5B1Fgf4A99NsegdJBKYT0LzfrQCCYrU.jpeg","contentUrl":"https:\/\/klimavex.eu\/cz\/wp-content\/uploads\/2025\/09\/rhAr2AV8bs4c5B1Fgf4A99NsegdJBKYT0LzfrQCCYrU.jpeg","width":428,"height":626},{"@type":"BreadcrumbList","@id":"https:\/\/klimavex.eu\/cz\/katalog\/pokojova-nastenna-rekuperace-hyundai-hrs-150-wm-a1\/#breadcrumb","itemListElement":[{"@type":"ListItem","position":1,"name":"Domovsk\u00e1 str\u00e1nka","item":"https:\/\/klimavex.eu\/cz\/"},{"@type":"ListItem","position":2,"name":"Eshop","item":"https:\/\/klimavex.eu\/cz\/eshop\/"},{"@type":"ListItem","position":3,"name":"Pokojov\u00e1 n\u00e1st\u011bnn\u00e1 rekuperace Hyundai HRS-150-WM-A1"}]},{"@type":"WebSite","@id":"https:\/\/klimavex.eu\/cz\/#website","url":"https:\/\/klimavex.eu\/cz\/","name":"KLIMAVEX GROUP - \u010cesko","description":"","publisher":{"@id":"https:\/\/klimavex.eu\/cz\/#organization"},"alternateName":"KLIMAVEX CZ a.s.","potentialAction":[{"@type":"SearchAction","target":{"@type":"EntryPoint","urlTemplate":"https:\/\/klimavex.eu\/cz\/?s={search_term_string}"},"query-input":{"@type":"PropertyValueSpecification","valueRequired":true,"valueName":"search_term_string"}}],"inLanguage":"cs"},{"@type":"Organization","@id":"https:\/\/klimavex.eu\/cz\/#organization","name":"KLIMAVEX GROUP","alternateName":"KLIMAVEX","url":"https:\/\/klimavex.eu\/cz\/","logo":{"@type":"ImageObject","inLanguage":"cs","@id":"https:\/\/klimavex.eu\/cz\/#\/schema\/logo\/image\/","url":"https:\/\/klimavex.eu\/cz\/wp-content\/uploads\/2024\/04\/Klimavex-Group-logo.png","contentUrl":"https:\/\/klimavex.eu\/cz\/wp-content\/uploads\/2024\/04\/Klimavex-Group-logo.png","width":1681,"height":472,"caption":"KLIMAVEX GROUP"},"image":{"@id":"https:\/\/klimavex.eu\/cz\/#\/schema\/logo\/image\/"},"sameAs":["https:\/\/www.facebook.com\/klimavex.cz","https:\/\/www.instagram.com\/klimavex_cz\/"]}]}},"_links":{"self":[{"href":"https:\/\/klimavex.eu\/cz\/wp-json\/wp\/v2\/product\/544831","targetHints":{"allow":["GET"]}}],"collection":[{"href":"https:\/\/klimavex.eu\/cz\/wp-json\/wp\/v2\/product"}],"about":[{"href":"https:\/\/klimavex.eu\/cz\/wp-json\/wp\/v2\/types\/product"}],"version-history":[{"count":0,"href":"https:\/\/klimavex.eu\/cz\/wp-json\/wp\/v2\/product\/544831\/revisions"}],"wp:featuredmedia":[{"embeddable":true,"href":"https:\/\/klimavex.eu\/cz\/wp-json\/wp\/v2\/media\/554579"}],"wp:attachment":[{"href":"https:\/\/klimavex.eu\/cz\/wp-json\/wp\/v2\/media?parent=544831"}],"wp:term":[{"taxonomy":"product_cat","embeddable":true,"href":"https:\/\/klimavex.eu\/cz\/wp-json\/wp\/v2\/product_cat?post=544831"},{"taxonomy":"product_tag","embeddable":true,"href":"https:\/\/klimavex.eu\/cz\/wp-json\/wp\/v2\/product_tag?post=544831"}],"curies":[{"name":"wp","href":"https:\/\/api.w.org\/{rel}","templated":true}]}}