{"id":544844,"date":"2026-04-16T18:03:05","date_gmt":"2026-04-16T16:03:05","guid":{"rendered":"https:\/\/klimavex.eu\/cz\/katalog\/mini-rekuperacni-jednotka-vortice-vort-hrw-60-mono-evo-hcs-wifi\/"},"modified":"2026-04-16T18:03:05","modified_gmt":"2026-04-16T16:03:05","slug":"mini-rekuperacni-jednotka-vortice-vort-hrw-60-mono-evo-hcs-wifi","status":"publish","type":"product","link":"https:\/\/klimavex.eu\/cz\/katalog\/mini-rekuperacni-jednotka-vortice-vort-hrw-60-mono-evo-hcs-wifi\/","title":{"rendered":"Mini rekupera\u010dn\u00ed jednotka Vortice VORT HRW 60 MONO EVO HCS WIFI"},"content":{"rendered":"<p style=\"text-align: justify;\"><strong>Kl&iacute;\u010dov&eacute; vlastnosti<\/strong><\/p>\n<ul>\n<li style=\"text-align: justify;\">Senzory vlhkosti, teploty a okoln&iacute;ho sv\u011btla<\/li>\n<li style=\"text-align: justify;\">Oproti p\u0159edchoz&iacute;m model\u016fm zv&yacute;&scaron;en&yacute; pr\u016ftok a\u017e 60 m<sup>3<\/sup>\/h<\/li>\n<li style=\"text-align: justify;\">&Uacute;\u010dinnost rekuperace 90%<\/li>\n<li style=\"text-align: justify;\">&Uacute;sporn&yacute;&nbsp;<a href=\"https:\/\/www.ventishop.cz\/slovnik-pojmu\/ec-motor\/\">EC motor<\/a><\/li>\n<li style=\"text-align: justify;\">Keramick&yacute; v&yacute;m\u011bn&iacute;k tepla<\/li>\n<li style=\"text-align: justify;\">N&iacute;zk&aacute; hlu\u010dnost<\/li>\n<li style=\"text-align: justify;\">N&iacute;zk&aacute; hmotnost<\/li>\n<li style=\"text-align: justify;\">Model 60 pro otvor o pr\u016fm\u011bru 160 mm<\/li>\n<li style=\"text-align: justify;\">Instalace do obvodov&eacute; zdi 260 a\u017e 700 mm<\/li>\n<li style=\"text-align: justify;\">Nen&iacute; nutn&eacute; \u0159e&scaron;it odvod&nbsp;<a href=\"https:\/\/www.ventishop.cz\/slovnik-pojmu\/kondenzat\/\">kondenz&aacute;tu<\/a><\/li>\n<li style=\"text-align: justify;\">Funguje p\u0159i venkovn&iacute;ch teplot&aacute;ch od -20&deg;C a\u017e do 50&deg;C.<\/li>\n<li style=\"text-align: justify;\">Lehce dostupn&eacute;, vyj&iacute;mateln&eacute; komponenty<\/li>\n<\/ul>\n","protected":false},"excerpt":{"rendered":"<p style=\"text-align: justify;\">Decentr&aacute;ln&iacute; rekupera\u010dn&iacute; jednotka&nbsp;<strong>VORT HRW 60 MONO EVO HCS WiFi<\/strong>&nbsp;je vylep&scaron;enou verz&iacute; p\u016fvodn&iacute;ch jednotek VORT HRW MONO.&nbsp;Vysoce &uacute;\u010dinn&aacute;&nbsp;a&nbsp;&uacute;sporn&aacute;&nbsp;(<strong>90%&nbsp;&uacute;\u010dinnost rekuperace<\/strong>)&nbsp;jednotka s&nbsp;<strong>EC motorem, integrovanou WiFi <\/strong>(pro vz&aacute;jemnou bezdr&aacute;tovou komunikaci mezi v&iacute;ce jednotkami; nikoliv pro WiFi ovl&aacute;d&aacute;n&iacute; dan&eacute; jednotky) je&nbsp;ur\u010dena pro v\u011btr&aacute;n&iacute; a rekuperaci tepla v bytech, rodinn&yacute;ch domech a kancel&aacute;\u0159&iacute;ch. Vhodn&aacute; pro otvor&nbsp;o <strong>pr\u016fm\u011bru 160 mm<\/strong>. Infra\u010derven&yacute; d&aacute;lkov&yacute; ovlada\u010d napom\u016f\u017ee intuitivn&iacute;mu ovl&aacute;d&aacute;n&iacute;.&nbsp;<strong>Zabudovan&eacute; sn&iacute;ma\u010de vlhkosti, teploty a okoln&iacute;ho sv\u011btla<\/strong>&nbsp;zajist&iacute; spolehliv&eacute; provzdu&scaron;\u0148ov&aacute;n&iacute; prostoru ve chv&iacute;li, kdy to opravdu pot\u0159ebujete.<\/p>\n","protected":false},"featured_media":554606,"template":"","meta":[],"product_cat":[7545,7535,7608,7562,7534],"product_tag":[],"class_list":{"0":"post-544844","1":"product","2":"type-product","3":"status-publish","4":"has-post-thumbnail","6":"product_cat-hrw-mono","7":"product_cat-pokojova-rekuperace","8":"product_cat-decentralni-rekuperacni-ventilatory","9":"product_cat-ventilatory","10":"product_cat-rekuperacni-jednotky","11":"pa_el-prik-w-b-ohr-s-ohr-11894","12":"pa_filtrace-g3","13":"pa_provedeni-pokojove","14":"pa_pru-nap-vent-mm-11859","15":"pa_snimac-vlhkosti-hcs-ano","16":"pa_typ-nastenne","17":"pa_ucinnost-rekuperace-11857","18":"pa_vzduchovy-vykon-qv-m3-10-60","19":"pa_znacka-vortice","21":"first","22":"instock","23":"taxable","24":"shipping-taxable","25":"purchasable","26":"product-type-simple"},"yoast_head":"<!-- This site is optimized with the Yoast SEO plugin v23.9 - https:\/\/yoast.com\/wordpress\/plugins\/seo\/ -->\n<title>Mini rekupera\u010dn\u00ed jednotka Vortice VORT HRW 60 MONO EVO HCS WIFI - KLIMAVEX GROUP - \u010cesko<\/title>\n<meta name=\"robots\" content=\"index, follow, max-snippet:-1, max-image-preview:large, max-video-preview:-1\" \/>\n<link rel=\"canonical\" href=\"https:\/\/klimavex.eu\/cz\/katalog\/mini-rekuperacni-jednotka-vortice-vort-hrw-60-mono-evo-hcs-wifi\/\" \/>\n<meta property=\"og:locale\" content=\"cs_CZ\" \/>\n<meta property=\"og:type\" content=\"article\" \/>\n<meta property=\"og:title\" content=\"Mini rekupera\u010dn\u00ed jednotka Vortice VORT HRW 60 MONO EVO HCS WIFI - KLIMAVEX GROUP - \u010cesko\" \/>\n<meta property=\"og:description\" content=\"Decentr&aacute;ln&iacute; rekupera\u010dn&iacute; jednotka&nbsp;VORT HRW 60 MONO EVO HCS WiFi&nbsp;je vylep&scaron;enou verz&iacute; p\u016fvodn&iacute;ch jednotek VORT HRW MONO.&nbsp;Vysoce &uacute;\u010dinn&aacute;&nbsp;a&nbsp;&uacute;sporn&aacute;&nbsp;(90%&nbsp;&uacute;\u010dinnost rekuperace)&nbsp;jednotka s&nbsp;EC motorem, integrovanou WiFi (pro vz&aacute;jemnou bezdr&aacute;tovou komunikaci mezi v&iacute;ce jednotkami; nikoliv pro WiFi ovl&aacute;d&aacute;n&iacute; dan&eacute; jednotky) je&nbsp;ur\u010dena pro v\u011btr&aacute;n&iacute; a rekuperaci tepla v bytech, rodinn&yacute;ch domech a kancel&aacute;\u0159&iacute;ch. Vhodn&aacute; pro otvor&nbsp;o pr\u016fm\u011bru 160 mm. Infra\u010derven&yacute; d&aacute;lkov&yacute; ovlada\u010d napom\u016f\u017ee intuitivn&iacute;mu ovl&aacute;d&aacute;n&iacute;.&nbsp;Zabudovan&eacute; sn&iacute;ma\u010de vlhkosti, teploty a okoln&iacute;ho sv\u011btla&nbsp;zajist&iacute; spolehliv&eacute; provzdu&scaron;\u0148ov&aacute;n&iacute; prostoru ve chv&iacute;li, kdy to opravdu pot\u0159ebujete.\" \/>\n<meta property=\"og:url\" content=\"https:\/\/klimavex.eu\/cz\/katalog\/mini-rekuperacni-jednotka-vortice-vort-hrw-60-mono-evo-hcs-wifi\/\" \/>\n<meta property=\"og:site_name\" content=\"KLIMAVEX GROUP - \u010cesko\" \/>\n<meta property=\"article:publisher\" content=\"https:\/\/www.facebook.com\/klimavex.cz\" \/>\n<meta property=\"og:image\" content=\"https:\/\/klimavex.eu\/cz\/wp-content\/uploads\/2024\/02\/LOGO-KLIMAVEX-modra-kostka-1.png\" \/>\n\t<meta property=\"og:image:width\" content=\"9184\" \/>\n\t<meta property=\"og:image:height\" content=\"9184\" \/>\n\t<meta property=\"og:image:type\" content=\"image\/png\" \/>\n<meta name=\"twitter:card\" content=\"summary_large_image\" \/>\n<meta name=\"twitter:label1\" content=\"Odhadovan\u00e1 doba \u010dten\u00ed\" \/>\n\t<meta name=\"twitter:data1\" content=\"1 minuta\" \/>\n<script type=\"application\/ld+json\" class=\"yoast-schema-graph\">{\"@context\":\"https:\/\/schema.org\",\"@graph\":[{\"@type\":\"WebPage\",\"@id\":\"https:\/\/klimavex.eu\/cz\/katalog\/mini-rekuperacni-jednotka-vortice-vort-hrw-60-mono-evo-hcs-wifi\/\",\"url\":\"https:\/\/klimavex.eu\/cz\/katalog\/mini-rekuperacni-jednotka-vortice-vort-hrw-60-mono-evo-hcs-wifi\/\",\"name\":\"Mini rekupera\u010dn\u00ed jednotka Vortice VORT HRW 60 MONO EVO HCS WIFI - KLIMAVEX GROUP - \u010cesko\",\"isPartOf\":{\"@id\":\"https:\/\/klimavex.eu\/cz\/#website\"},\"primaryImageOfPage\":{\"@id\":\"https:\/\/klimavex.eu\/cz\/katalog\/mini-rekuperacni-jednotka-vortice-vort-hrw-60-mono-evo-hcs-wifi\/#primaryimage\"},\"image\":{\"@id\":\"https:\/\/klimavex.eu\/cz\/katalog\/mini-rekuperacni-jednotka-vortice-vort-hrw-60-mono-evo-hcs-wifi\/#primaryimage\"},\"thumbnailUrl\":\"https:\/\/klimavex.eu\/cz\/wp-content\/uploads\/2025\/09\/HYMwrSP3nrn_170nNs00kmts5bharvIkSiArVxBV77g.png\",\"datePublished\":\"2026-04-16T16:03:05+00:00\",\"dateModified\":\"2026-04-16T16:03:05+00:00\",\"breadcrumb\":{\"@id\":\"https:\/\/klimavex.eu\/cz\/katalog\/mini-rekuperacni-jednotka-vortice-vort-hrw-60-mono-evo-hcs-wifi\/#breadcrumb\"},\"inLanguage\":\"cs\",\"potentialAction\":[{\"@type\":\"ReadAction\",\"target\":[\"https:\/\/klimavex.eu\/cz\/katalog\/mini-rekuperacni-jednotka-vortice-vort-hrw-60-mono-evo-hcs-wifi\/\"]}]},{\"@type\":\"ImageObject\",\"inLanguage\":\"cs\",\"@id\":\"https:\/\/klimavex.eu\/cz\/katalog\/mini-rekuperacni-jednotka-vortice-vort-hrw-60-mono-evo-hcs-wifi\/#primaryimage\",\"url\":\"https:\/\/klimavex.eu\/cz\/wp-content\/uploads\/2025\/09\/HYMwrSP3nrn_170nNs00kmts5bharvIkSiArVxBV77g.png\",\"contentUrl\":\"https:\/\/klimavex.eu\/cz\/wp-content\/uploads\/2025\/09\/HYMwrSP3nrn_170nNs00kmts5bharvIkSiArVxBV77g.png\",\"width\":572,\"height\":512},{\"@type\":\"BreadcrumbList\",\"@id\":\"https:\/\/klimavex.eu\/cz\/katalog\/mini-rekuperacni-jednotka-vortice-vort-hrw-60-mono-evo-hcs-wifi\/#breadcrumb\",\"itemListElement\":[{\"@type\":\"ListItem\",\"position\":1,\"name\":\"Domovsk\u00e1 str\u00e1nka\",\"item\":\"https:\/\/klimavex.eu\/cz\/\"},{\"@type\":\"ListItem\",\"position\":2,\"name\":\"Eshop\",\"item\":\"https:\/\/klimavex.eu\/cz\/eshop\/\"},{\"@type\":\"ListItem\",\"position\":3,\"name\":\"Mini rekupera\u010dn\u00ed jednotka Vortice VORT HRW 60 MONO EVO HCS WIFI\"}]},{\"@type\":\"WebSite\",\"@id\":\"https:\/\/klimavex.eu\/cz\/#website\",\"url\":\"https:\/\/klimavex.eu\/cz\/\",\"name\":\"KLIMAVEX GROUP - \u010cesko\",\"description\":\"\",\"publisher\":{\"@id\":\"https:\/\/klimavex.eu\/cz\/#organization\"},\"alternateName\":\"KLIMAVEX CZ a.s.\",\"potentialAction\":[{\"@type\":\"SearchAction\",\"target\":{\"@type\":\"EntryPoint\",\"urlTemplate\":\"https:\/\/klimavex.eu\/cz\/?s={search_term_string}\"},\"query-input\":{\"@type\":\"PropertyValueSpecification\",\"valueRequired\":true,\"valueName\":\"search_term_string\"}}],\"inLanguage\":\"cs\"},{\"@type\":\"Organization\",\"@id\":\"https:\/\/klimavex.eu\/cz\/#organization\",\"name\":\"KLIMAVEX GROUP\",\"alternateName\":\"KLIMAVEX\",\"url\":\"https:\/\/klimavex.eu\/cz\/\",\"logo\":{\"@type\":\"ImageObject\",\"inLanguage\":\"cs\",\"@id\":\"https:\/\/klimavex.eu\/cz\/#\/schema\/logo\/image\/\",\"url\":\"https:\/\/klimavex.eu\/cz\/wp-content\/uploads\/2024\/04\/Klimavex-Group-logo.png\",\"contentUrl\":\"https:\/\/klimavex.eu\/cz\/wp-content\/uploads\/2024\/04\/Klimavex-Group-logo.png\",\"width\":1681,\"height\":472,\"caption\":\"KLIMAVEX GROUP\"},\"image\":{\"@id\":\"https:\/\/klimavex.eu\/cz\/#\/schema\/logo\/image\/\"},\"sameAs\":[\"https:\/\/www.facebook.com\/klimavex.cz\",\"https:\/\/www.instagram.com\/klimavex_cz\/\"]}]}<\/script>\n<!-- \/ Yoast SEO plugin. -->","yoast_head_json":{"title":"Mini rekupera\u010dn\u00ed jednotka Vortice VORT HRW 60 MONO EVO HCS WIFI - KLIMAVEX GROUP - \u010cesko","robots":{"index":"index","follow":"follow","max-snippet":"max-snippet:-1","max-image-preview":"max-image-preview:large","max-video-preview":"max-video-preview:-1"},"canonical":"https:\/\/klimavex.eu\/cz\/katalog\/mini-rekuperacni-jednotka-vortice-vort-hrw-60-mono-evo-hcs-wifi\/","og_locale":"cs_CZ","og_type":"article","og_title":"Mini rekupera\u010dn\u00ed jednotka Vortice VORT HRW 60 MONO EVO HCS WIFI - KLIMAVEX GROUP - \u010cesko","og_description":"Decentr&aacute;ln&iacute; rekupera\u010dn&iacute; jednotka&nbsp;VORT HRW 60 MONO EVO HCS WiFi&nbsp;je vylep&scaron;enou verz&iacute; p\u016fvodn&iacute;ch jednotek VORT HRW MONO.&nbsp;Vysoce &uacute;\u010dinn&aacute;&nbsp;a&nbsp;&uacute;sporn&aacute;&nbsp;(90%&nbsp;&uacute;\u010dinnost rekuperace)&nbsp;jednotka s&nbsp;EC motorem, integrovanou WiFi (pro vz&aacute;jemnou bezdr&aacute;tovou komunikaci mezi v&iacute;ce jednotkami; nikoliv pro WiFi ovl&aacute;d&aacute;n&iacute; dan&eacute; jednotky) je&nbsp;ur\u010dena pro v\u011btr&aacute;n&iacute; a rekuperaci tepla v bytech, rodinn&yacute;ch domech a kancel&aacute;\u0159&iacute;ch. Vhodn&aacute; pro otvor&nbsp;o pr\u016fm\u011bru 160 mm. Infra\u010derven&yacute; d&aacute;lkov&yacute; ovlada\u010d napom\u016f\u017ee intuitivn&iacute;mu ovl&aacute;d&aacute;n&iacute;.&nbsp;Zabudovan&eacute; sn&iacute;ma\u010de vlhkosti, teploty a okoln&iacute;ho sv\u011btla&nbsp;zajist&iacute; spolehliv&eacute; provzdu&scaron;\u0148ov&aacute;n&iacute; prostoru ve chv&iacute;li, kdy to opravdu pot\u0159ebujete.","og_url":"https:\/\/klimavex.eu\/cz\/katalog\/mini-rekuperacni-jednotka-vortice-vort-hrw-60-mono-evo-hcs-wifi\/","og_site_name":"KLIMAVEX GROUP - \u010cesko","article_publisher":"https:\/\/www.facebook.com\/klimavex.cz","og_image":[{"width":9184,"height":9184,"url":"https:\/\/klimavex.eu\/cz\/wp-content\/uploads\/2024\/02\/LOGO-KLIMAVEX-modra-kostka-1.png","type":"image\/png"}],"twitter_card":"summary_large_image","twitter_misc":{"Odhadovan\u00e1 doba \u010dten\u00ed":"1 minuta"},"schema":{"@context":"https:\/\/schema.org","@graph":[{"@type":"WebPage","@id":"https:\/\/klimavex.eu\/cz\/katalog\/mini-rekuperacni-jednotka-vortice-vort-hrw-60-mono-evo-hcs-wifi\/","url":"https:\/\/klimavex.eu\/cz\/katalog\/mini-rekuperacni-jednotka-vortice-vort-hrw-60-mono-evo-hcs-wifi\/","name":"Mini rekupera\u010dn\u00ed jednotka Vortice VORT HRW 60 MONO EVO HCS WIFI - KLIMAVEX GROUP - \u010cesko","isPartOf":{"@id":"https:\/\/klimavex.eu\/cz\/#website"},"primaryImageOfPage":{"@id":"https:\/\/klimavex.eu\/cz\/katalog\/mini-rekuperacni-jednotka-vortice-vort-hrw-60-mono-evo-hcs-wifi\/#primaryimage"},"image":{"@id":"https:\/\/klimavex.eu\/cz\/katalog\/mini-rekuperacni-jednotka-vortice-vort-hrw-60-mono-evo-hcs-wifi\/#primaryimage"},"thumbnailUrl":"https:\/\/klimavex.eu\/cz\/wp-content\/uploads\/2025\/09\/HYMwrSP3nrn_170nNs00kmts5bharvIkSiArVxBV77g.png","datePublished":"2026-04-16T16:03:05+00:00","dateModified":"2026-04-16T16:03:05+00:00","breadcrumb":{"@id":"https:\/\/klimavex.eu\/cz\/katalog\/mini-rekuperacni-jednotka-vortice-vort-hrw-60-mono-evo-hcs-wifi\/#breadcrumb"},"inLanguage":"cs","potentialAction":[{"@type":"ReadAction","target":["https:\/\/klimavex.eu\/cz\/katalog\/mini-rekuperacni-jednotka-vortice-vort-hrw-60-mono-evo-hcs-wifi\/"]}]},{"@type":"ImageObject","inLanguage":"cs","@id":"https:\/\/klimavex.eu\/cz\/katalog\/mini-rekuperacni-jednotka-vortice-vort-hrw-60-mono-evo-hcs-wifi\/#primaryimage","url":"https:\/\/klimavex.eu\/cz\/wp-content\/uploads\/2025\/09\/HYMwrSP3nrn_170nNs00kmts5bharvIkSiArVxBV77g.png","contentUrl":"https:\/\/klimavex.eu\/cz\/wp-content\/uploads\/2025\/09\/HYMwrSP3nrn_170nNs00kmts5bharvIkSiArVxBV77g.png","width":572,"height":512},{"@type":"BreadcrumbList","@id":"https:\/\/klimavex.eu\/cz\/katalog\/mini-rekuperacni-jednotka-vortice-vort-hrw-60-mono-evo-hcs-wifi\/#breadcrumb","itemListElement":[{"@type":"ListItem","position":1,"name":"Domovsk\u00e1 str\u00e1nka","item":"https:\/\/klimavex.eu\/cz\/"},{"@type":"ListItem","position":2,"name":"Eshop","item":"https:\/\/klimavex.eu\/cz\/eshop\/"},{"@type":"ListItem","position":3,"name":"Mini rekupera\u010dn\u00ed jednotka Vortice VORT HRW 60 MONO EVO HCS WIFI"}]},{"@type":"WebSite","@id":"https:\/\/klimavex.eu\/cz\/#website","url":"https:\/\/klimavex.eu\/cz\/","name":"KLIMAVEX GROUP - \u010cesko","description":"","publisher":{"@id":"https:\/\/klimavex.eu\/cz\/#organization"},"alternateName":"KLIMAVEX CZ a.s.","potentialAction":[{"@type":"SearchAction","target":{"@type":"EntryPoint","urlTemplate":"https:\/\/klimavex.eu\/cz\/?s={search_term_string}"},"query-input":{"@type":"PropertyValueSpecification","valueRequired":true,"valueName":"search_term_string"}}],"inLanguage":"cs"},{"@type":"Organization","@id":"https:\/\/klimavex.eu\/cz\/#organization","name":"KLIMAVEX GROUP","alternateName":"KLIMAVEX","url":"https:\/\/klimavex.eu\/cz\/","logo":{"@type":"ImageObject","inLanguage":"cs","@id":"https:\/\/klimavex.eu\/cz\/#\/schema\/logo\/image\/","url":"https:\/\/klimavex.eu\/cz\/wp-content\/uploads\/2024\/04\/Klimavex-Group-logo.png","contentUrl":"https:\/\/klimavex.eu\/cz\/wp-content\/uploads\/2024\/04\/Klimavex-Group-logo.png","width":1681,"height":472,"caption":"KLIMAVEX GROUP"},"image":{"@id":"https:\/\/klimavex.eu\/cz\/#\/schema\/logo\/image\/"},"sameAs":["https:\/\/www.facebook.com\/klimavex.cz","https:\/\/www.instagram.com\/klimavex_cz\/"]}]}},"_links":{"self":[{"href":"https:\/\/klimavex.eu\/cz\/wp-json\/wp\/v2\/product\/544844","targetHints":{"allow":["GET"]}}],"collection":[{"href":"https:\/\/klimavex.eu\/cz\/wp-json\/wp\/v2\/product"}],"about":[{"href":"https:\/\/klimavex.eu\/cz\/wp-json\/wp\/v2\/types\/product"}],"version-history":[{"count":0,"href":"https:\/\/klimavex.eu\/cz\/wp-json\/wp\/v2\/product\/544844\/revisions"}],"wp:featuredmedia":[{"embeddable":true,"href":"https:\/\/klimavex.eu\/cz\/wp-json\/wp\/v2\/media\/554606"}],"wp:attachment":[{"href":"https:\/\/klimavex.eu\/cz\/wp-json\/wp\/v2\/media?parent=544844"}],"wp:term":[{"taxonomy":"product_cat","embeddable":true,"href":"https:\/\/klimavex.eu\/cz\/wp-json\/wp\/v2\/product_cat?post=544844"},{"taxonomy":"product_tag","embeddable":true,"href":"https:\/\/klimavex.eu\/cz\/wp-json\/wp\/v2\/product_tag?post=544844"}],"curies":[{"name":"wp","href":"https:\/\/api.w.org\/{rel}","templated":true}]}}