{"id":544950,"date":"2026-03-31T19:18:54","date_gmt":"2026-03-31T17:18:54","guid":{"rendered":"https:\/\/klimavex.eu\/cz\/katalog\/flexibilni-kit\/"},"modified":"2026-03-31T19:19:32","modified_gmt":"2026-03-31T17:19:32","slug":"montazni-prislusenstvi-artiplastic-flexibilni-sada-1223kf-pro-zlab-1212","status":"publish","type":"product","link":"https:\/\/klimavex.eu\/cz\/katalog\/montazni-prislusenstvi-artiplastic-flexibilni-sada-1223kf-pro-zlab-1212\/","title":{"rendered":"Mont\u00e1\u017en\u00ed p\u0159\u00edslu\u0161enstv\u00ed Artiplastic flexibiln\u00ed sada 1223KF pro \u017elab 1212"},"content":{"rendered":"","protected":false},"excerpt":{"rendered":"<p style=\"text-align:justify\"><span style=\"font-size:11pt\"><span style=\"font-family:Calibri,sans-serif\">Flexibiln&iacute; odskok \u017elabu anebo p\u0159ipojen&iacute; na venkovn&iacute; jednotku. Vhodn&eacute; i pro dual split. UV odolnost. 2x p\u0159ipojen&iacute; na \u017elab, 1x konzole, 1x plastov&aacute; pr\u016fchodka, 1x flexibiln&iacute; potrub&iacute; o d&eacute;lce 1m.<\/span><\/span><\/p>\n","protected":false},"featured_media":554798,"template":"","meta":[],"product_cat":[7548,7550],"product_tag":[],"class_list":{"0":"post-544950","1":"product","2":"type-product","3":"status-publish","4":"has-post-thumbnail","6":"product_cat-prislusenstvi-pro-klimatizace","7":"product_cat-listy","8":"pa_produkt-kryci-listy-tvarovky","9":"pa_znacka-artiplastic","11":"first","12":"instock","13":"taxable","14":"shipping-taxable","15":"purchasable","16":"product-type-simple"},"yoast_head":"<!-- This site is optimized with the Yoast SEO plugin v23.9 - https:\/\/yoast.com\/wordpress\/plugins\/seo\/ -->\n<title>Mont\u00e1\u017en\u00ed p\u0159\u00edslu\u0161enstv\u00ed Artiplastic flexibiln\u00ed sada 1223KF pro \u017elab 1212 - KLIMAVEX GROUP - \u010cesko<\/title>\n<meta name=\"robots\" content=\"index, follow, max-snippet:-1, max-image-preview:large, max-video-preview:-1\" \/>\n<link rel=\"canonical\" href=\"https:\/\/klimavex.eu\/cz\/katalog\/flexibilni-kit\/\" \/>\n<meta property=\"og:locale\" content=\"cs_CZ\" \/>\n<meta property=\"og:type\" content=\"article\" \/>\n<meta property=\"og:title\" content=\"Mont\u00e1\u017en\u00ed p\u0159\u00edslu\u0161enstv\u00ed Artiplastic flexibiln\u00ed sada 1223KF pro \u017elab 1212 - KLIMAVEX GROUP - \u010cesko\" \/>\n<meta property=\"og:description\" content=\"Flexibiln&iacute; odskok \u017elabu anebo p\u0159ipojen&iacute; na venkovn&iacute; jednotku. Vhodn&eacute; i pro dual split. UV odolnost. 2x p\u0159ipojen&iacute; na \u017elab, 1x konzole, 1x plastov&aacute; pr\u016fchodka, 1x flexibiln&iacute; potrub&iacute; o d&eacute;lce 1m.\" \/>\n<meta property=\"og:url\" content=\"https:\/\/klimavex.eu\/cz\/katalog\/flexibilni-kit\/\" \/>\n<meta property=\"og:site_name\" content=\"KLIMAVEX GROUP - \u010cesko\" \/>\n<meta property=\"article:publisher\" content=\"https:\/\/www.facebook.com\/klimavex.cz\" \/>\n<meta property=\"article:modified_time\" content=\"2026-03-31T17:19:32+00:00\" \/>\n<meta property=\"og:image\" content=\"https:\/\/klimavex.eu\/cz\/wp-content\/uploads\/2025\/09\/zBz3rpDZcErhOJ8INiL3bUBhy_cU63Wmf4Fk9UHyT6g.jpeg\" \/>\n\t<meta property=\"og:image:width\" content=\"499\" \/>\n\t<meta property=\"og:image:height\" content=\"350\" \/>\n\t<meta property=\"og:image:type\" content=\"image\/jpeg\" \/>\n<meta name=\"twitter:card\" content=\"summary_large_image\" \/>\n<script type=\"application\/ld+json\" class=\"yoast-schema-graph\">{\"@context\":\"https:\/\/schema.org\",\"@graph\":[{\"@type\":\"WebPage\",\"@id\":\"https:\/\/klimavex.eu\/cz\/katalog\/flexibilni-kit\/\",\"url\":\"https:\/\/klimavex.eu\/cz\/katalog\/flexibilni-kit\/\",\"name\":\"Mont\u00e1\u017en\u00ed p\u0159\u00edslu\u0161enstv\u00ed Artiplastic flexibiln\u00ed sada 1223KF pro \u017elab 1212 - KLIMAVEX GROUP - \u010cesko\",\"isPartOf\":{\"@id\":\"https:\/\/klimavex.eu\/cz\/#website\"},\"primaryImageOfPage\":{\"@id\":\"https:\/\/klimavex.eu\/cz\/katalog\/flexibilni-kit\/#primaryimage\"},\"image\":{\"@id\":\"https:\/\/klimavex.eu\/cz\/katalog\/flexibilni-kit\/#primaryimage\"},\"thumbnailUrl\":\"https:\/\/klimavex.eu\/cz\/wp-content\/uploads\/2025\/09\/zBz3rpDZcErhOJ8INiL3bUBhy_cU63Wmf4Fk9UHyT6g.jpeg\",\"datePublished\":\"2026-03-31T17:18:54+00:00\",\"dateModified\":\"2026-03-31T17:19:32+00:00\",\"breadcrumb\":{\"@id\":\"https:\/\/klimavex.eu\/cz\/katalog\/flexibilni-kit\/#breadcrumb\"},\"inLanguage\":\"cs\",\"potentialAction\":[{\"@type\":\"ReadAction\",\"target\":[\"https:\/\/klimavex.eu\/cz\/katalog\/flexibilni-kit\/\"]}]},{\"@type\":\"ImageObject\",\"inLanguage\":\"cs\",\"@id\":\"https:\/\/klimavex.eu\/cz\/katalog\/flexibilni-kit\/#primaryimage\",\"url\":\"https:\/\/klimavex.eu\/cz\/wp-content\/uploads\/2025\/09\/zBz3rpDZcErhOJ8INiL3bUBhy_cU63Wmf4Fk9UHyT6g.jpeg\",\"contentUrl\":\"https:\/\/klimavex.eu\/cz\/wp-content\/uploads\/2025\/09\/zBz3rpDZcErhOJ8INiL3bUBhy_cU63Wmf4Fk9UHyT6g.jpeg\",\"width\":499,\"height\":350},{\"@type\":\"BreadcrumbList\",\"@id\":\"https:\/\/klimavex.eu\/cz\/katalog\/flexibilni-kit\/#breadcrumb\",\"itemListElement\":[{\"@type\":\"ListItem\",\"position\":1,\"name\":\"Domovsk\u00e1 str\u00e1nka\",\"item\":\"https:\/\/klimavex.eu\/cz\/\"},{\"@type\":\"ListItem\",\"position\":2,\"name\":\"Eshop\",\"item\":\"https:\/\/klimavex.eu\/cz\/eshop\/\"},{\"@type\":\"ListItem\",\"position\":3,\"name\":\"Flexibiln\u00ed kit\"}]},{\"@type\":\"WebSite\",\"@id\":\"https:\/\/klimavex.eu\/cz\/#website\",\"url\":\"https:\/\/klimavex.eu\/cz\/\",\"name\":\"KLIMAVEX GROUP - \u010cesko\",\"description\":\"\",\"publisher\":{\"@id\":\"https:\/\/klimavex.eu\/cz\/#organization\"},\"alternateName\":\"KLIMAVEX CZ a.s.\",\"potentialAction\":[{\"@type\":\"SearchAction\",\"target\":{\"@type\":\"EntryPoint\",\"urlTemplate\":\"https:\/\/klimavex.eu\/cz\/?s={search_term_string}\"},\"query-input\":{\"@type\":\"PropertyValueSpecification\",\"valueRequired\":true,\"valueName\":\"search_term_string\"}}],\"inLanguage\":\"cs\"},{\"@type\":\"Organization\",\"@id\":\"https:\/\/klimavex.eu\/cz\/#organization\",\"name\":\"KLIMAVEX GROUP\",\"alternateName\":\"KLIMAVEX\",\"url\":\"https:\/\/klimavex.eu\/cz\/\",\"logo\":{\"@type\":\"ImageObject\",\"inLanguage\":\"cs\",\"@id\":\"https:\/\/klimavex.eu\/cz\/#\/schema\/logo\/image\/\",\"url\":\"https:\/\/klimavex.eu\/cz\/wp-content\/uploads\/2024\/04\/Klimavex-Group-logo.png\",\"contentUrl\":\"https:\/\/klimavex.eu\/cz\/wp-content\/uploads\/2024\/04\/Klimavex-Group-logo.png\",\"width\":1681,\"height\":472,\"caption\":\"KLIMAVEX GROUP\"},\"image\":{\"@id\":\"https:\/\/klimavex.eu\/cz\/#\/schema\/logo\/image\/\"},\"sameAs\":[\"https:\/\/www.facebook.com\/klimavex.cz\",\"https:\/\/www.instagram.com\/klimavex_cz\/\"]}]}<\/script>\n<!-- \/ Yoast SEO plugin. -->","yoast_head_json":{"title":"Mont\u00e1\u017en\u00ed p\u0159\u00edslu\u0161enstv\u00ed Artiplastic flexibiln\u00ed sada 1223KF pro \u017elab 1212 - KLIMAVEX GROUP - \u010cesko","robots":{"index":"index","follow":"follow","max-snippet":"max-snippet:-1","max-image-preview":"max-image-preview:large","max-video-preview":"max-video-preview:-1"},"canonical":"https:\/\/klimavex.eu\/cz\/katalog\/flexibilni-kit\/","og_locale":"cs_CZ","og_type":"article","og_title":"Mont\u00e1\u017en\u00ed p\u0159\u00edslu\u0161enstv\u00ed Artiplastic flexibiln\u00ed sada 1223KF pro \u017elab 1212 - KLIMAVEX GROUP - \u010cesko","og_description":"Flexibiln&iacute; odskok \u017elabu anebo p\u0159ipojen&iacute; na venkovn&iacute; jednotku. Vhodn&eacute; i pro dual split. UV odolnost. 2x p\u0159ipojen&iacute; na \u017elab, 1x konzole, 1x plastov&aacute; pr\u016fchodka, 1x flexibiln&iacute; potrub&iacute; o d&eacute;lce 1m.","og_url":"https:\/\/klimavex.eu\/cz\/katalog\/flexibilni-kit\/","og_site_name":"KLIMAVEX GROUP - \u010cesko","article_publisher":"https:\/\/www.facebook.com\/klimavex.cz","article_modified_time":"2026-03-31T17:19:32+00:00","og_image":[{"width":499,"height":350,"url":"https:\/\/klimavex.eu\/cz\/wp-content\/uploads\/2025\/09\/zBz3rpDZcErhOJ8INiL3bUBhy_cU63Wmf4Fk9UHyT6g.jpeg","type":"image\/jpeg"}],"twitter_card":"summary_large_image","schema":{"@context":"https:\/\/schema.org","@graph":[{"@type":"WebPage","@id":"https:\/\/klimavex.eu\/cz\/katalog\/flexibilni-kit\/","url":"https:\/\/klimavex.eu\/cz\/katalog\/flexibilni-kit\/","name":"Mont\u00e1\u017en\u00ed p\u0159\u00edslu\u0161enstv\u00ed Artiplastic flexibiln\u00ed sada 1223KF pro \u017elab 1212 - KLIMAVEX GROUP - \u010cesko","isPartOf":{"@id":"https:\/\/klimavex.eu\/cz\/#website"},"primaryImageOfPage":{"@id":"https:\/\/klimavex.eu\/cz\/katalog\/flexibilni-kit\/#primaryimage"},"image":{"@id":"https:\/\/klimavex.eu\/cz\/katalog\/flexibilni-kit\/#primaryimage"},"thumbnailUrl":"https:\/\/klimavex.eu\/cz\/wp-content\/uploads\/2025\/09\/zBz3rpDZcErhOJ8INiL3bUBhy_cU63Wmf4Fk9UHyT6g.jpeg","datePublished":"2026-03-31T17:18:54+00:00","dateModified":"2026-03-31T17:19:32+00:00","breadcrumb":{"@id":"https:\/\/klimavex.eu\/cz\/katalog\/flexibilni-kit\/#breadcrumb"},"inLanguage":"cs","potentialAction":[{"@type":"ReadAction","target":["https:\/\/klimavex.eu\/cz\/katalog\/flexibilni-kit\/"]}]},{"@type":"ImageObject","inLanguage":"cs","@id":"https:\/\/klimavex.eu\/cz\/katalog\/flexibilni-kit\/#primaryimage","url":"https:\/\/klimavex.eu\/cz\/wp-content\/uploads\/2025\/09\/zBz3rpDZcErhOJ8INiL3bUBhy_cU63Wmf4Fk9UHyT6g.jpeg","contentUrl":"https:\/\/klimavex.eu\/cz\/wp-content\/uploads\/2025\/09\/zBz3rpDZcErhOJ8INiL3bUBhy_cU63Wmf4Fk9UHyT6g.jpeg","width":499,"height":350},{"@type":"BreadcrumbList","@id":"https:\/\/klimavex.eu\/cz\/katalog\/flexibilni-kit\/#breadcrumb","itemListElement":[{"@type":"ListItem","position":1,"name":"Domovsk\u00e1 str\u00e1nka","item":"https:\/\/klimavex.eu\/cz\/"},{"@type":"ListItem","position":2,"name":"Eshop","item":"https:\/\/klimavex.eu\/cz\/eshop\/"},{"@type":"ListItem","position":3,"name":"Flexibiln\u00ed kit"}]},{"@type":"WebSite","@id":"https:\/\/klimavex.eu\/cz\/#website","url":"https:\/\/klimavex.eu\/cz\/","name":"KLIMAVEX GROUP - \u010cesko","description":"","publisher":{"@id":"https:\/\/klimavex.eu\/cz\/#organization"},"alternateName":"KLIMAVEX CZ a.s.","potentialAction":[{"@type":"SearchAction","target":{"@type":"EntryPoint","urlTemplate":"https:\/\/klimavex.eu\/cz\/?s={search_term_string}"},"query-input":{"@type":"PropertyValueSpecification","valueRequired":true,"valueName":"search_term_string"}}],"inLanguage":"cs"},{"@type":"Organization","@id":"https:\/\/klimavex.eu\/cz\/#organization","name":"KLIMAVEX GROUP","alternateName":"KLIMAVEX","url":"https:\/\/klimavex.eu\/cz\/","logo":{"@type":"ImageObject","inLanguage":"cs","@id":"https:\/\/klimavex.eu\/cz\/#\/schema\/logo\/image\/","url":"https:\/\/klimavex.eu\/cz\/wp-content\/uploads\/2024\/04\/Klimavex-Group-logo.png","contentUrl":"https:\/\/klimavex.eu\/cz\/wp-content\/uploads\/2024\/04\/Klimavex-Group-logo.png","width":1681,"height":472,"caption":"KLIMAVEX GROUP"},"image":{"@id":"https:\/\/klimavex.eu\/cz\/#\/schema\/logo\/image\/"},"sameAs":["https:\/\/www.facebook.com\/klimavex.cz","https:\/\/www.instagram.com\/klimavex_cz\/"]}]}},"_links":{"self":[{"href":"https:\/\/klimavex.eu\/cz\/wp-json\/wp\/v2\/product\/544950","targetHints":{"allow":["GET"]}}],"collection":[{"href":"https:\/\/klimavex.eu\/cz\/wp-json\/wp\/v2\/product"}],"about":[{"href":"https:\/\/klimavex.eu\/cz\/wp-json\/wp\/v2\/types\/product"}],"version-history":[{"count":0,"href":"https:\/\/klimavex.eu\/cz\/wp-json\/wp\/v2\/product\/544950\/revisions"}],"wp:featuredmedia":[{"embeddable":true,"href":"https:\/\/klimavex.eu\/cz\/wp-json\/wp\/v2\/media\/554798"}],"wp:attachment":[{"href":"https:\/\/klimavex.eu\/cz\/wp-json\/wp\/v2\/media?parent=544950"}],"wp:term":[{"taxonomy":"product_cat","embeddable":true,"href":"https:\/\/klimavex.eu\/cz\/wp-json\/wp\/v2\/product_cat?post=544950"},{"taxonomy":"product_tag","embeddable":true,"href":"https:\/\/klimavex.eu\/cz\/wp-json\/wp\/v2\/product_tag?post=544950"}],"curies":[{"name":"wp","href":"https:\/\/api.w.org\/{rel}","templated":true}]}}