{"id":544964,"date":"2026-03-31T19:19:45","date_gmt":"2026-03-31T17:19:45","guid":{"rendered":"https:\/\/klimavex.eu\/cz\/katalog\/konektor-d16mm\/"},"modified":"2026-03-31T19:19:47","modified_gmt":"2026-03-31T17:19:47","slug":"montazni-prislusenstvi-artiplastic-spojka-mezi-hadici-a-pevne-potrubi-1607ru-d16-mm","status":"publish","type":"product","link":"https:\/\/klimavex.eu\/cz\/katalog\/montazni-prislusenstvi-artiplastic-spojka-mezi-hadici-a-pevne-potrubi-1607ru-d16-mm\/","title":{"rendered":"Mont\u00e1\u017en\u00ed p\u0159\u00edslu\u0161enstv\u00ed Artiplastic spojka mezi hadici a pevn\u00e9 potrub\u00ed 1607RU d16 mm"},"content":{"rendered":"","protected":false},"excerpt":{"rendered":"<p style=\"text-align:justify\"><span style=\"font-size:11pt\"><span style=\"font-family:Calibri,sans-serif\">Spojka na propojen&iacute; pevn&eacute;ho potrub&iacute; na odvod kondenz&aacute;tu se spir&aacute;lovou hadic&iacute;. Materi&aacute;l PVC. Pr\u016fm\u011br p\u0159ipojen&iacute; pevn&eacute;ho potrub&iacute; je 16 mm. P\u0159ipojen&iacute; spir&aacute;lov&eacute; hadice o pr\u016fm\u011bru 14, 16, 18, 20 mm. <\/span><\/span><\/p>\n","protected":false},"featured_media":554824,"template":"","meta":[],"product_cat":[7548,7550],"product_tag":[],"class_list":{"0":"post-544964","1":"product","2":"type-product","3":"status-publish","4":"has-post-thumbnail","6":"product_cat-prislusenstvi-pro-klimatizace","7":"product_cat-listy","8":"pa_produkt-kryci-listy-tvarovky","9":"pa_typ-kondenzat-16mm","10":"pa_znacka-artiplastic","12":"first","13":"instock","14":"taxable","15":"shipping-taxable","16":"purchasable","17":"product-type-simple"},"yoast_head":"<!-- This site is optimized with the Yoast SEO plugin v23.9 - https:\/\/yoast.com\/wordpress\/plugins\/seo\/ -->\n<title>Mont\u00e1\u017en\u00ed p\u0159\u00edslu\u0161enstv\u00ed Artiplastic spojka mezi hadici a pevn\u00e9 potrub\u00ed 1607RU d16 mm - KLIMAVEX GROUP - \u010cesko<\/title>\n<meta name=\"robots\" content=\"index, follow, max-snippet:-1, max-image-preview:large, max-video-preview:-1\" \/>\n<link rel=\"canonical\" href=\"https:\/\/klimavex.eu\/cz\/katalog\/konektor-d16mm\/\" \/>\n<meta property=\"og:locale\" content=\"cs_CZ\" \/>\n<meta property=\"og:type\" content=\"article\" \/>\n<meta property=\"og:title\" content=\"Mont\u00e1\u017en\u00ed p\u0159\u00edslu\u0161enstv\u00ed Artiplastic spojka mezi hadici a pevn\u00e9 potrub\u00ed 1607RU d16 mm - KLIMAVEX GROUP - \u010cesko\" \/>\n<meta property=\"og:description\" content=\"Spojka na propojen&iacute; pevn&eacute;ho potrub&iacute; na odvod kondenz&aacute;tu se spir&aacute;lovou hadic&iacute;. Materi&aacute;l PVC. Pr\u016fm\u011br p\u0159ipojen&iacute; pevn&eacute;ho potrub&iacute; je 16 mm. P\u0159ipojen&iacute; spir&aacute;lov&eacute; hadice o pr\u016fm\u011bru 14, 16, 18, 20 mm.\" \/>\n<meta property=\"og:url\" content=\"https:\/\/klimavex.eu\/cz\/katalog\/konektor-d16mm\/\" \/>\n<meta property=\"og:site_name\" content=\"KLIMAVEX GROUP - \u010cesko\" \/>\n<meta property=\"article:publisher\" content=\"https:\/\/www.facebook.com\/klimavex.cz\" \/>\n<meta property=\"article:modified_time\" content=\"2026-03-31T17:19:47+00:00\" \/>\n<meta property=\"og:image\" content=\"https:\/\/klimavex.eu\/cz\/wp-content\/uploads\/2025\/09\/u3nOyhVtGoeYmKOFLPat-QBLlm7S2NSgK3yS44k0JYY-2.png\" \/>\n\t<meta property=\"og:image:width\" content=\"500\" \/>\n\t<meta property=\"og:image:height\" content=\"350\" \/>\n\t<meta property=\"og:image:type\" content=\"image\/png\" \/>\n<meta name=\"twitter:card\" content=\"summary_large_image\" \/>\n<script type=\"application\/ld+json\" class=\"yoast-schema-graph\">{\"@context\":\"https:\/\/schema.org\",\"@graph\":[{\"@type\":\"WebPage\",\"@id\":\"https:\/\/klimavex.eu\/cz\/katalog\/konektor-d16mm\/\",\"url\":\"https:\/\/klimavex.eu\/cz\/katalog\/konektor-d16mm\/\",\"name\":\"Mont\u00e1\u017en\u00ed p\u0159\u00edslu\u0161enstv\u00ed Artiplastic spojka mezi hadici a pevn\u00e9 potrub\u00ed 1607RU d16 mm - KLIMAVEX GROUP - \u010cesko\",\"isPartOf\":{\"@id\":\"https:\/\/klimavex.eu\/cz\/#website\"},\"primaryImageOfPage\":{\"@id\":\"https:\/\/klimavex.eu\/cz\/katalog\/konektor-d16mm\/#primaryimage\"},\"image\":{\"@id\":\"https:\/\/klimavex.eu\/cz\/katalog\/konektor-d16mm\/#primaryimage\"},\"thumbnailUrl\":\"https:\/\/klimavex.eu\/cz\/wp-content\/uploads\/2025\/09\/u3nOyhVtGoeYmKOFLPat-QBLlm7S2NSgK3yS44k0JYY-2.png\",\"datePublished\":\"2026-03-31T17:19:45+00:00\",\"dateModified\":\"2026-03-31T17:19:47+00:00\",\"breadcrumb\":{\"@id\":\"https:\/\/klimavex.eu\/cz\/katalog\/konektor-d16mm\/#breadcrumb\"},\"inLanguage\":\"cs\",\"potentialAction\":[{\"@type\":\"ReadAction\",\"target\":[\"https:\/\/klimavex.eu\/cz\/katalog\/konektor-d16mm\/\"]}]},{\"@type\":\"ImageObject\",\"inLanguage\":\"cs\",\"@id\":\"https:\/\/klimavex.eu\/cz\/katalog\/konektor-d16mm\/#primaryimage\",\"url\":\"https:\/\/klimavex.eu\/cz\/wp-content\/uploads\/2025\/09\/u3nOyhVtGoeYmKOFLPat-QBLlm7S2NSgK3yS44k0JYY-2.png\",\"contentUrl\":\"https:\/\/klimavex.eu\/cz\/wp-content\/uploads\/2025\/09\/u3nOyhVtGoeYmKOFLPat-QBLlm7S2NSgK3yS44k0JYY-2.png\",\"width\":500,\"height\":350},{\"@type\":\"BreadcrumbList\",\"@id\":\"https:\/\/klimavex.eu\/cz\/katalog\/konektor-d16mm\/#breadcrumb\",\"itemListElement\":[{\"@type\":\"ListItem\",\"position\":1,\"name\":\"Domovsk\u00e1 str\u00e1nka\",\"item\":\"https:\/\/klimavex.eu\/cz\/\"},{\"@type\":\"ListItem\",\"position\":2,\"name\":\"Eshop\",\"item\":\"https:\/\/klimavex.eu\/cz\/eshop\/\"},{\"@type\":\"ListItem\",\"position\":3,\"name\":\"Konektor d16mm\"}]},{\"@type\":\"WebSite\",\"@id\":\"https:\/\/klimavex.eu\/cz\/#website\",\"url\":\"https:\/\/klimavex.eu\/cz\/\",\"name\":\"KLIMAVEX GROUP - \u010cesko\",\"description\":\"\",\"publisher\":{\"@id\":\"https:\/\/klimavex.eu\/cz\/#organization\"},\"alternateName\":\"KLIMAVEX CZ a.s.\",\"potentialAction\":[{\"@type\":\"SearchAction\",\"target\":{\"@type\":\"EntryPoint\",\"urlTemplate\":\"https:\/\/klimavex.eu\/cz\/?s={search_term_string}\"},\"query-input\":{\"@type\":\"PropertyValueSpecification\",\"valueRequired\":true,\"valueName\":\"search_term_string\"}}],\"inLanguage\":\"cs\"},{\"@type\":\"Organization\",\"@id\":\"https:\/\/klimavex.eu\/cz\/#organization\",\"name\":\"KLIMAVEX GROUP\",\"alternateName\":\"KLIMAVEX\",\"url\":\"https:\/\/klimavex.eu\/cz\/\",\"logo\":{\"@type\":\"ImageObject\",\"inLanguage\":\"cs\",\"@id\":\"https:\/\/klimavex.eu\/cz\/#\/schema\/logo\/image\/\",\"url\":\"https:\/\/klimavex.eu\/cz\/wp-content\/uploads\/2024\/04\/Klimavex-Group-logo.png\",\"contentUrl\":\"https:\/\/klimavex.eu\/cz\/wp-content\/uploads\/2024\/04\/Klimavex-Group-logo.png\",\"width\":1681,\"height\":472,\"caption\":\"KLIMAVEX GROUP\"},\"image\":{\"@id\":\"https:\/\/klimavex.eu\/cz\/#\/schema\/logo\/image\/\"},\"sameAs\":[\"https:\/\/www.facebook.com\/klimavex.cz\",\"https:\/\/www.instagram.com\/klimavex_cz\/\"]}]}<\/script>\n<!-- \/ Yoast SEO plugin. -->","yoast_head_json":{"title":"Mont\u00e1\u017en\u00ed p\u0159\u00edslu\u0161enstv\u00ed Artiplastic spojka mezi hadici a pevn\u00e9 potrub\u00ed 1607RU d16 mm - KLIMAVEX GROUP - \u010cesko","robots":{"index":"index","follow":"follow","max-snippet":"max-snippet:-1","max-image-preview":"max-image-preview:large","max-video-preview":"max-video-preview:-1"},"canonical":"https:\/\/klimavex.eu\/cz\/katalog\/konektor-d16mm\/","og_locale":"cs_CZ","og_type":"article","og_title":"Mont\u00e1\u017en\u00ed p\u0159\u00edslu\u0161enstv\u00ed Artiplastic spojka mezi hadici a pevn\u00e9 potrub\u00ed 1607RU d16 mm - KLIMAVEX GROUP - \u010cesko","og_description":"Spojka na propojen&iacute; pevn&eacute;ho potrub&iacute; na odvod kondenz&aacute;tu se spir&aacute;lovou hadic&iacute;. Materi&aacute;l PVC. Pr\u016fm\u011br p\u0159ipojen&iacute; pevn&eacute;ho potrub&iacute; je 16 mm. P\u0159ipojen&iacute; spir&aacute;lov&eacute; hadice o pr\u016fm\u011bru 14, 16, 18, 20 mm.","og_url":"https:\/\/klimavex.eu\/cz\/katalog\/konektor-d16mm\/","og_site_name":"KLIMAVEX GROUP - \u010cesko","article_publisher":"https:\/\/www.facebook.com\/klimavex.cz","article_modified_time":"2026-03-31T17:19:47+00:00","og_image":[{"width":500,"height":350,"url":"https:\/\/klimavex.eu\/cz\/wp-content\/uploads\/2025\/09\/u3nOyhVtGoeYmKOFLPat-QBLlm7S2NSgK3yS44k0JYY-2.png","type":"image\/png"}],"twitter_card":"summary_large_image","schema":{"@context":"https:\/\/schema.org","@graph":[{"@type":"WebPage","@id":"https:\/\/klimavex.eu\/cz\/katalog\/konektor-d16mm\/","url":"https:\/\/klimavex.eu\/cz\/katalog\/konektor-d16mm\/","name":"Mont\u00e1\u017en\u00ed p\u0159\u00edslu\u0161enstv\u00ed Artiplastic spojka mezi hadici a pevn\u00e9 potrub\u00ed 1607RU d16 mm - KLIMAVEX GROUP - \u010cesko","isPartOf":{"@id":"https:\/\/klimavex.eu\/cz\/#website"},"primaryImageOfPage":{"@id":"https:\/\/klimavex.eu\/cz\/katalog\/konektor-d16mm\/#primaryimage"},"image":{"@id":"https:\/\/klimavex.eu\/cz\/katalog\/konektor-d16mm\/#primaryimage"},"thumbnailUrl":"https:\/\/klimavex.eu\/cz\/wp-content\/uploads\/2025\/09\/u3nOyhVtGoeYmKOFLPat-QBLlm7S2NSgK3yS44k0JYY-2.png","datePublished":"2026-03-31T17:19:45+00:00","dateModified":"2026-03-31T17:19:47+00:00","breadcrumb":{"@id":"https:\/\/klimavex.eu\/cz\/katalog\/konektor-d16mm\/#breadcrumb"},"inLanguage":"cs","potentialAction":[{"@type":"ReadAction","target":["https:\/\/klimavex.eu\/cz\/katalog\/konektor-d16mm\/"]}]},{"@type":"ImageObject","inLanguage":"cs","@id":"https:\/\/klimavex.eu\/cz\/katalog\/konektor-d16mm\/#primaryimage","url":"https:\/\/klimavex.eu\/cz\/wp-content\/uploads\/2025\/09\/u3nOyhVtGoeYmKOFLPat-QBLlm7S2NSgK3yS44k0JYY-2.png","contentUrl":"https:\/\/klimavex.eu\/cz\/wp-content\/uploads\/2025\/09\/u3nOyhVtGoeYmKOFLPat-QBLlm7S2NSgK3yS44k0JYY-2.png","width":500,"height":350},{"@type":"BreadcrumbList","@id":"https:\/\/klimavex.eu\/cz\/katalog\/konektor-d16mm\/#breadcrumb","itemListElement":[{"@type":"ListItem","position":1,"name":"Domovsk\u00e1 str\u00e1nka","item":"https:\/\/klimavex.eu\/cz\/"},{"@type":"ListItem","position":2,"name":"Eshop","item":"https:\/\/klimavex.eu\/cz\/eshop\/"},{"@type":"ListItem","position":3,"name":"Konektor d16mm"}]},{"@type":"WebSite","@id":"https:\/\/klimavex.eu\/cz\/#website","url":"https:\/\/klimavex.eu\/cz\/","name":"KLIMAVEX GROUP - \u010cesko","description":"","publisher":{"@id":"https:\/\/klimavex.eu\/cz\/#organization"},"alternateName":"KLIMAVEX CZ a.s.","potentialAction":[{"@type":"SearchAction","target":{"@type":"EntryPoint","urlTemplate":"https:\/\/klimavex.eu\/cz\/?s={search_term_string}"},"query-input":{"@type":"PropertyValueSpecification","valueRequired":true,"valueName":"search_term_string"}}],"inLanguage":"cs"},{"@type":"Organization","@id":"https:\/\/klimavex.eu\/cz\/#organization","name":"KLIMAVEX GROUP","alternateName":"KLIMAVEX","url":"https:\/\/klimavex.eu\/cz\/","logo":{"@type":"ImageObject","inLanguage":"cs","@id":"https:\/\/klimavex.eu\/cz\/#\/schema\/logo\/image\/","url":"https:\/\/klimavex.eu\/cz\/wp-content\/uploads\/2024\/04\/Klimavex-Group-logo.png","contentUrl":"https:\/\/klimavex.eu\/cz\/wp-content\/uploads\/2024\/04\/Klimavex-Group-logo.png","width":1681,"height":472,"caption":"KLIMAVEX GROUP"},"image":{"@id":"https:\/\/klimavex.eu\/cz\/#\/schema\/logo\/image\/"},"sameAs":["https:\/\/www.facebook.com\/klimavex.cz","https:\/\/www.instagram.com\/klimavex_cz\/"]}]}},"_links":{"self":[{"href":"https:\/\/klimavex.eu\/cz\/wp-json\/wp\/v2\/product\/544964","targetHints":{"allow":["GET"]}}],"collection":[{"href":"https:\/\/klimavex.eu\/cz\/wp-json\/wp\/v2\/product"}],"about":[{"href":"https:\/\/klimavex.eu\/cz\/wp-json\/wp\/v2\/types\/product"}],"version-history":[{"count":0,"href":"https:\/\/klimavex.eu\/cz\/wp-json\/wp\/v2\/product\/544964\/revisions"}],"wp:featuredmedia":[{"embeddable":true,"href":"https:\/\/klimavex.eu\/cz\/wp-json\/wp\/v2\/media\/554824"}],"wp:attachment":[{"href":"https:\/\/klimavex.eu\/cz\/wp-json\/wp\/v2\/media?parent=544964"}],"wp:term":[{"taxonomy":"product_cat","embeddable":true,"href":"https:\/\/klimavex.eu\/cz\/wp-json\/wp\/v2\/product_cat?post=544964"},{"taxonomy":"product_tag","embeddable":true,"href":"https:\/\/klimavex.eu\/cz\/wp-json\/wp\/v2\/product_tag?post=544964"}],"curies":[{"name":"wp","href":"https:\/\/api.w.org\/{rel}","templated":true}]}}