{"id":544991,"date":"2026-04-08T22:53:38","date_gmt":"2026-04-08T20:53:38","guid":{"rendered":"https:\/\/klimavex.eu\/cz\/katalog\/nastenne-konzole-s-113p\/"},"modified":"2026-04-08T22:54:20","modified_gmt":"2026-04-08T20:54:20","slug":"montazni-prislusenstvi-2emmeclima-nastenna-konzole-s-113p-550-mm","status":"publish","type":"product","link":"https:\/\/klimavex.eu\/cz\/katalog\/montazni-prislusenstvi-2emmeclima-nastenna-konzole-s-113p-550-mm\/","title":{"rendered":"Mont\u00e1\u017en\u00ed p\u0159\u00edslu\u0161enstv\u00ed 2EmmeClima n\u00e1st\u011bnn\u00e1 konzole S-113P 550 mm"},"content":{"rendered":"<p style=\"text-align: justify;\"><strong>Kl&iacute;\u010dov&eacute; vlastnosti<\/strong><\/p>\n<ul>\n<li style=\"text-align: justify;\">Ocel s epoxidov&yacute;m povlakem<\/li>\n<li style=\"text-align: justify;\">Ochrana proti UV z&aacute;\u0159en&iacute;<\/li>\n<li style=\"text-align: justify;\">Odolnost v\u016f\u010di nep\u0159&iacute;zniv&eacute;mu po\u010das&iacute;<\/li>\n<li style=\"text-align: justify;\">Zat&iacute;\u017een&iacute; testov&aacute;no na 495 kg<\/li>\n<li style=\"text-align: justify;\">Dod&aacute;v&aacute;no ve smontovan&eacute;m stavu<\/li>\n<li>Sou\u010d&aacute;st&iacute; dod&aacute;vky:\n<ul>\n<li style=\"text-align: justify;\">2x konzole (&scaron;&iacute;\u0159ka 43 mm)<\/li>\n<li style=\"text-align: justify;\">antivibra\u010dn&iacute; podlo\u017eky<\/li>\n<li style=\"text-align: justify;\">&scaron;rouby M14<\/li>\n<li style=\"text-align: justify;\">hmo\u017edinky<\/li>\n<li style=\"text-align: justify;\">podlo\u017eky<\/li>\n<\/ul>\n<\/li>\n<\/ul>\n","protected":false},"excerpt":{"rendered":"<p style=\"text-align: justify;\">V&iacute;ce informac&iacute; o produktu n&iacute;\u017ee.<\/p>\n","protected":false},"featured_media":554874,"template":"","meta":[],"product_cat":[7551,10783,7548,10784,10772],"product_tag":[],"class_list":{"0":"post-544991","1":"product","2":"type-product","3":"status-publish","4":"has-post-thumbnail","6":"product_cat-konzole","7":"product_cat-klimatizace-doprodej","8":"product_cat-prislusenstvi-pro-klimatizace","9":"product_cat-doprodej-klimatizace","10":"product_cat-doprodej","11":"pa_label-dopredaj","12":"pa_produkt-konzole","13":"pa_typ-konzole","14":"pa_znacka-arnocanali","16":"first","17":"instock","18":"taxable","19":"shipping-taxable","20":"purchasable","21":"product-type-simple"},"yoast_head":"<!-- This site is optimized with the Yoast SEO plugin v23.9 - https:\/\/yoast.com\/wordpress\/plugins\/seo\/ -->\n<title>Mont\u00e1\u017en\u00ed p\u0159\u00edslu\u0161enstv\u00ed 2EmmeClima n\u00e1st\u011bnn\u00e1 konzole S-113P 550 mm - KLIMAVEX GROUP - \u010cesko<\/title>\n<meta name=\"robots\" content=\"index, follow, max-snippet:-1, max-image-preview:large, max-video-preview:-1\" \/>\n<link rel=\"canonical\" href=\"https:\/\/klimavex.eu\/cz\/katalog\/nastenne-konzole-s-113p\/\" \/>\n<meta property=\"og:locale\" content=\"cs_CZ\" \/>\n<meta property=\"og:type\" content=\"article\" \/>\n<meta property=\"og:title\" content=\"Mont\u00e1\u017en\u00ed p\u0159\u00edslu\u0161enstv\u00ed 2EmmeClima n\u00e1st\u011bnn\u00e1 konzole S-113P 550 mm - KLIMAVEX GROUP - \u010cesko\" \/>\n<meta property=\"og:description\" content=\"V&iacute;ce informac&iacute; o produktu n&iacute;\u017ee.\" \/>\n<meta property=\"og:url\" content=\"https:\/\/klimavex.eu\/cz\/katalog\/nastenne-konzole-s-113p\/\" \/>\n<meta property=\"og:site_name\" content=\"KLIMAVEX GROUP - \u010cesko\" \/>\n<meta property=\"article:publisher\" content=\"https:\/\/www.facebook.com\/klimavex.cz\" \/>\n<meta property=\"article:modified_time\" content=\"2026-04-08T20:54:20+00:00\" \/>\n<meta property=\"og:image\" content=\"https:\/\/klimavex.eu\/cz\/wp-content\/uploads\/2025\/09\/gOSn7lb2NnRQEPiIb_Iz44aq2UwaRbF3LctBt42erPo.png\" \/>\n\t<meta property=\"og:image:width\" content=\"694\" \/>\n\t<meta property=\"og:image:height\" content=\"421\" \/>\n\t<meta property=\"og:image:type\" content=\"image\/png\" \/>\n<meta name=\"twitter:card\" content=\"summary_large_image\" \/>\n<script type=\"application\/ld+json\" class=\"yoast-schema-graph\">{\"@context\":\"https:\/\/schema.org\",\"@graph\":[{\"@type\":\"WebPage\",\"@id\":\"https:\/\/klimavex.eu\/cz\/katalog\/nastenne-konzole-s-113p\/\",\"url\":\"https:\/\/klimavex.eu\/cz\/katalog\/nastenne-konzole-s-113p\/\",\"name\":\"Mont\u00e1\u017en\u00ed p\u0159\u00edslu\u0161enstv\u00ed 2EmmeClima n\u00e1st\u011bnn\u00e1 konzole S-113P 550 mm - KLIMAVEX GROUP - \u010cesko\",\"isPartOf\":{\"@id\":\"https:\/\/klimavex.eu\/cz\/#website\"},\"primaryImageOfPage\":{\"@id\":\"https:\/\/klimavex.eu\/cz\/katalog\/nastenne-konzole-s-113p\/#primaryimage\"},\"image\":{\"@id\":\"https:\/\/klimavex.eu\/cz\/katalog\/nastenne-konzole-s-113p\/#primaryimage\"},\"thumbnailUrl\":\"https:\/\/klimavex.eu\/cz\/wp-content\/uploads\/2025\/09\/gOSn7lb2NnRQEPiIb_Iz44aq2UwaRbF3LctBt42erPo.png\",\"datePublished\":\"2026-04-08T20:53:38+00:00\",\"dateModified\":\"2026-04-08T20:54:20+00:00\",\"breadcrumb\":{\"@id\":\"https:\/\/klimavex.eu\/cz\/katalog\/nastenne-konzole-s-113p\/#breadcrumb\"},\"inLanguage\":\"cs\",\"potentialAction\":[{\"@type\":\"ReadAction\",\"target\":[\"https:\/\/klimavex.eu\/cz\/katalog\/nastenne-konzole-s-113p\/\"]}]},{\"@type\":\"ImageObject\",\"inLanguage\":\"cs\",\"@id\":\"https:\/\/klimavex.eu\/cz\/katalog\/nastenne-konzole-s-113p\/#primaryimage\",\"url\":\"https:\/\/klimavex.eu\/cz\/wp-content\/uploads\/2025\/09\/gOSn7lb2NnRQEPiIb_Iz44aq2UwaRbF3LctBt42erPo.png\",\"contentUrl\":\"https:\/\/klimavex.eu\/cz\/wp-content\/uploads\/2025\/09\/gOSn7lb2NnRQEPiIb_Iz44aq2UwaRbF3LctBt42erPo.png\",\"width\":694,\"height\":421},{\"@type\":\"BreadcrumbList\",\"@id\":\"https:\/\/klimavex.eu\/cz\/katalog\/nastenne-konzole-s-113p\/#breadcrumb\",\"itemListElement\":[{\"@type\":\"ListItem\",\"position\":1,\"name\":\"Domovsk\u00e1 str\u00e1nka\",\"item\":\"https:\/\/klimavex.eu\/cz\/\"},{\"@type\":\"ListItem\",\"position\":2,\"name\":\"Eshop\",\"item\":\"https:\/\/klimavex.eu\/cz\/eshop\/\"},{\"@type\":\"ListItem\",\"position\":3,\"name\":\"N\u00e1st\u011bnn\u00e9 konzole S-113P\"}]},{\"@type\":\"WebSite\",\"@id\":\"https:\/\/klimavex.eu\/cz\/#website\",\"url\":\"https:\/\/klimavex.eu\/cz\/\",\"name\":\"KLIMAVEX GROUP - \u010cesko\",\"description\":\"\",\"publisher\":{\"@id\":\"https:\/\/klimavex.eu\/cz\/#organization\"},\"alternateName\":\"KLIMAVEX CZ a.s.\",\"potentialAction\":[{\"@type\":\"SearchAction\",\"target\":{\"@type\":\"EntryPoint\",\"urlTemplate\":\"https:\/\/klimavex.eu\/cz\/?s={search_term_string}\"},\"query-input\":{\"@type\":\"PropertyValueSpecification\",\"valueRequired\":true,\"valueName\":\"search_term_string\"}}],\"inLanguage\":\"cs\"},{\"@type\":\"Organization\",\"@id\":\"https:\/\/klimavex.eu\/cz\/#organization\",\"name\":\"KLIMAVEX GROUP\",\"alternateName\":\"KLIMAVEX\",\"url\":\"https:\/\/klimavex.eu\/cz\/\",\"logo\":{\"@type\":\"ImageObject\",\"inLanguage\":\"cs\",\"@id\":\"https:\/\/klimavex.eu\/cz\/#\/schema\/logo\/image\/\",\"url\":\"https:\/\/klimavex.eu\/cz\/wp-content\/uploads\/2024\/04\/Klimavex-Group-logo.png\",\"contentUrl\":\"https:\/\/klimavex.eu\/cz\/wp-content\/uploads\/2024\/04\/Klimavex-Group-logo.png\",\"width\":1681,\"height\":472,\"caption\":\"KLIMAVEX GROUP\"},\"image\":{\"@id\":\"https:\/\/klimavex.eu\/cz\/#\/schema\/logo\/image\/\"},\"sameAs\":[\"https:\/\/www.facebook.com\/klimavex.cz\",\"https:\/\/www.instagram.com\/klimavex_cz\/\"]}]}<\/script>\n<!-- \/ Yoast SEO plugin. -->","yoast_head_json":{"title":"Mont\u00e1\u017en\u00ed p\u0159\u00edslu\u0161enstv\u00ed 2EmmeClima n\u00e1st\u011bnn\u00e1 konzole S-113P 550 mm - KLIMAVEX GROUP - \u010cesko","robots":{"index":"index","follow":"follow","max-snippet":"max-snippet:-1","max-image-preview":"max-image-preview:large","max-video-preview":"max-video-preview:-1"},"canonical":"https:\/\/klimavex.eu\/cz\/katalog\/nastenne-konzole-s-113p\/","og_locale":"cs_CZ","og_type":"article","og_title":"Mont\u00e1\u017en\u00ed p\u0159\u00edslu\u0161enstv\u00ed 2EmmeClima n\u00e1st\u011bnn\u00e1 konzole S-113P 550 mm - KLIMAVEX GROUP - \u010cesko","og_description":"V&iacute;ce informac&iacute; o produktu n&iacute;\u017ee.","og_url":"https:\/\/klimavex.eu\/cz\/katalog\/nastenne-konzole-s-113p\/","og_site_name":"KLIMAVEX GROUP - \u010cesko","article_publisher":"https:\/\/www.facebook.com\/klimavex.cz","article_modified_time":"2026-04-08T20:54:20+00:00","og_image":[{"width":694,"height":421,"url":"https:\/\/klimavex.eu\/cz\/wp-content\/uploads\/2025\/09\/gOSn7lb2NnRQEPiIb_Iz44aq2UwaRbF3LctBt42erPo.png","type":"image\/png"}],"twitter_card":"summary_large_image","schema":{"@context":"https:\/\/schema.org","@graph":[{"@type":"WebPage","@id":"https:\/\/klimavex.eu\/cz\/katalog\/nastenne-konzole-s-113p\/","url":"https:\/\/klimavex.eu\/cz\/katalog\/nastenne-konzole-s-113p\/","name":"Mont\u00e1\u017en\u00ed p\u0159\u00edslu\u0161enstv\u00ed 2EmmeClima n\u00e1st\u011bnn\u00e1 konzole S-113P 550 mm - KLIMAVEX GROUP - \u010cesko","isPartOf":{"@id":"https:\/\/klimavex.eu\/cz\/#website"},"primaryImageOfPage":{"@id":"https:\/\/klimavex.eu\/cz\/katalog\/nastenne-konzole-s-113p\/#primaryimage"},"image":{"@id":"https:\/\/klimavex.eu\/cz\/katalog\/nastenne-konzole-s-113p\/#primaryimage"},"thumbnailUrl":"https:\/\/klimavex.eu\/cz\/wp-content\/uploads\/2025\/09\/gOSn7lb2NnRQEPiIb_Iz44aq2UwaRbF3LctBt42erPo.png","datePublished":"2026-04-08T20:53:38+00:00","dateModified":"2026-04-08T20:54:20+00:00","breadcrumb":{"@id":"https:\/\/klimavex.eu\/cz\/katalog\/nastenne-konzole-s-113p\/#breadcrumb"},"inLanguage":"cs","potentialAction":[{"@type":"ReadAction","target":["https:\/\/klimavex.eu\/cz\/katalog\/nastenne-konzole-s-113p\/"]}]},{"@type":"ImageObject","inLanguage":"cs","@id":"https:\/\/klimavex.eu\/cz\/katalog\/nastenne-konzole-s-113p\/#primaryimage","url":"https:\/\/klimavex.eu\/cz\/wp-content\/uploads\/2025\/09\/gOSn7lb2NnRQEPiIb_Iz44aq2UwaRbF3LctBt42erPo.png","contentUrl":"https:\/\/klimavex.eu\/cz\/wp-content\/uploads\/2025\/09\/gOSn7lb2NnRQEPiIb_Iz44aq2UwaRbF3LctBt42erPo.png","width":694,"height":421},{"@type":"BreadcrumbList","@id":"https:\/\/klimavex.eu\/cz\/katalog\/nastenne-konzole-s-113p\/#breadcrumb","itemListElement":[{"@type":"ListItem","position":1,"name":"Domovsk\u00e1 str\u00e1nka","item":"https:\/\/klimavex.eu\/cz\/"},{"@type":"ListItem","position":2,"name":"Eshop","item":"https:\/\/klimavex.eu\/cz\/eshop\/"},{"@type":"ListItem","position":3,"name":"N\u00e1st\u011bnn\u00e9 konzole S-113P"}]},{"@type":"WebSite","@id":"https:\/\/klimavex.eu\/cz\/#website","url":"https:\/\/klimavex.eu\/cz\/","name":"KLIMAVEX GROUP - \u010cesko","description":"","publisher":{"@id":"https:\/\/klimavex.eu\/cz\/#organization"},"alternateName":"KLIMAVEX CZ a.s.","potentialAction":[{"@type":"SearchAction","target":{"@type":"EntryPoint","urlTemplate":"https:\/\/klimavex.eu\/cz\/?s={search_term_string}"},"query-input":{"@type":"PropertyValueSpecification","valueRequired":true,"valueName":"search_term_string"}}],"inLanguage":"cs"},{"@type":"Organization","@id":"https:\/\/klimavex.eu\/cz\/#organization","name":"KLIMAVEX GROUP","alternateName":"KLIMAVEX","url":"https:\/\/klimavex.eu\/cz\/","logo":{"@type":"ImageObject","inLanguage":"cs","@id":"https:\/\/klimavex.eu\/cz\/#\/schema\/logo\/image\/","url":"https:\/\/klimavex.eu\/cz\/wp-content\/uploads\/2024\/04\/Klimavex-Group-logo.png","contentUrl":"https:\/\/klimavex.eu\/cz\/wp-content\/uploads\/2024\/04\/Klimavex-Group-logo.png","width":1681,"height":472,"caption":"KLIMAVEX GROUP"},"image":{"@id":"https:\/\/klimavex.eu\/cz\/#\/schema\/logo\/image\/"},"sameAs":["https:\/\/www.facebook.com\/klimavex.cz","https:\/\/www.instagram.com\/klimavex_cz\/"]}]}},"_links":{"self":[{"href":"https:\/\/klimavex.eu\/cz\/wp-json\/wp\/v2\/product\/544991","targetHints":{"allow":["GET"]}}],"collection":[{"href":"https:\/\/klimavex.eu\/cz\/wp-json\/wp\/v2\/product"}],"about":[{"href":"https:\/\/klimavex.eu\/cz\/wp-json\/wp\/v2\/types\/product"}],"version-history":[{"count":0,"href":"https:\/\/klimavex.eu\/cz\/wp-json\/wp\/v2\/product\/544991\/revisions"}],"wp:featuredmedia":[{"embeddable":true,"href":"https:\/\/klimavex.eu\/cz\/wp-json\/wp\/v2\/media\/554874"}],"wp:attachment":[{"href":"https:\/\/klimavex.eu\/cz\/wp-json\/wp\/v2\/media?parent=544991"}],"wp:term":[{"taxonomy":"product_cat","embeddable":true,"href":"https:\/\/klimavex.eu\/cz\/wp-json\/wp\/v2\/product_cat?post=544991"},{"taxonomy":"product_tag","embeddable":true,"href":"https:\/\/klimavex.eu\/cz\/wp-json\/wp\/v2\/product_tag?post=544991"}],"curies":[{"name":"wp","href":"https:\/\/api.w.org\/{rel}","templated":true}]}}