{"id":545098,"date":"2026-03-31T23:05:12","date_gmt":"2026-03-31T21:05:12","guid":{"rendered":"https:\/\/klimavex.eu\/cz\/katalog\/potrubni-fancoil-crsl-641-4trubkovy-s-externim-tlakem-do-80pa\/"},"modified":"2026-03-31T23:05:35","modified_gmt":"2026-03-31T21:05:35","slug":"fancoil-sabiana-4trubkovy-potrubni-stredotlaky-carisma-s-ac-motorem-crsl-641","status":"publish","type":"product","link":"https:\/\/klimavex.eu\/cz\/katalog\/fancoil-sabiana-4trubkovy-potrubni-stredotlaky-carisma-s-ac-motorem-crsl-641\/","title":{"rendered":"Fancoil Sabiana 4trubkov\u00fd potrubn\u00ed st\u0159edotlak\u00fd CARISMA s AC motorem CRSL 64+1"},"content":{"rendered":"","protected":false},"excerpt":{"rendered":"","protected":false},"featured_media":554987,"template":"","meta":[],"product_cat":[7648,7652],"product_tag":[],"class_list":{"0":"post-545098","1":"product","2":"type-product","3":"status-publish","4":"has-post-thumbnail","6":"product_cat-fancoily-sabiana","7":"product_cat-potrubni-carisma-crsl-do-80pa","8":"pa_chladici-vykon-7-12-27c-w-13567","9":"pa_hlucnost-max-lp-dba-12511","10":"pa_napajeni-1f-230v","11":"pa_provedeni-potrubni-80pa","12":"pa_topny-vykon-45-50-20c-w-13712","13":"pa_typ-crsl","14":"pa_typ-chladiva-voda","15":"pa_typ-motoru-ac","16":"pa_voda-kpa-chlazeni-13711","17":"pa_voda-l-s-chlazeni-13713","18":"pa_vykonovy-model-11515","19":"pa_vzd-vyk-m3-h-max-otac-13569","20":"pa_zhotoveni-4trubkove","21":"pa_znacka-sabiana","23":"first","24":"instock","25":"taxable","26":"shipping-taxable","27":"purchasable","28":"product-type-simple"},"yoast_head":"<!-- This site is optimized with the Yoast SEO plugin v23.9 - https:\/\/yoast.com\/wordpress\/plugins\/seo\/ -->\n<title>Fancoil Sabiana 4trubkov\u00fd potrubn\u00ed st\u0159edotlak\u00fd CARISMA s AC motorem CRSL 64+1 - KLIMAVEX GROUP - \u010cesko<\/title>\n<meta name=\"robots\" content=\"index, follow, max-snippet:-1, max-image-preview:large, max-video-preview:-1\" \/>\n<link rel=\"canonical\" href=\"https:\/\/klimavex.eu\/cz\/katalog\/potrubni-fancoil-crsl-641-4trubkovy-s-externim-tlakem-do-80pa\/\" \/>\n<meta property=\"og:locale\" content=\"cs_CZ\" \/>\n<meta property=\"og:type\" content=\"article\" \/>\n<meta property=\"og:title\" content=\"Fancoil Sabiana 4trubkov\u00fd potrubn\u00ed st\u0159edotlak\u00fd CARISMA s AC motorem CRSL 64+1 - KLIMAVEX GROUP - \u010cesko\" \/>\n<meta property=\"og:url\" content=\"https:\/\/klimavex.eu\/cz\/katalog\/potrubni-fancoil-crsl-641-4trubkovy-s-externim-tlakem-do-80pa\/\" \/>\n<meta property=\"og:site_name\" content=\"KLIMAVEX GROUP - \u010cesko\" \/>\n<meta property=\"article:publisher\" content=\"https:\/\/www.facebook.com\/klimavex.cz\" \/>\n<meta property=\"article:modified_time\" content=\"2026-03-31T21:05:35+00:00\" \/>\n<meta property=\"og:image\" content=\"https:\/\/klimavex.eu\/cz\/wp-content\/uploads\/2025\/09\/O1azh_ccT248i6ss4pP_nvGfLjlnSW6rZY-vNlr_mHU-4.jpeg\" \/>\n\t<meta property=\"og:image:width\" content=\"589\" \/>\n\t<meta property=\"og:image:height\" content=\"512\" \/>\n\t<meta property=\"og:image:type\" content=\"image\/jpeg\" \/>\n<meta name=\"twitter:card\" content=\"summary_large_image\" \/>\n<script type=\"application\/ld+json\" class=\"yoast-schema-graph\">{\"@context\":\"https:\/\/schema.org\",\"@graph\":[{\"@type\":\"WebPage\",\"@id\":\"https:\/\/klimavex.eu\/cz\/katalog\/potrubni-fancoil-crsl-641-4trubkovy-s-externim-tlakem-do-80pa\/\",\"url\":\"https:\/\/klimavex.eu\/cz\/katalog\/potrubni-fancoil-crsl-641-4trubkovy-s-externim-tlakem-do-80pa\/\",\"name\":\"Fancoil Sabiana 4trubkov\u00fd potrubn\u00ed st\u0159edotlak\u00fd CARISMA s AC motorem CRSL 64+1 - KLIMAVEX GROUP - \u010cesko\",\"isPartOf\":{\"@id\":\"https:\/\/klimavex.eu\/cz\/#website\"},\"primaryImageOfPage\":{\"@id\":\"https:\/\/klimavex.eu\/cz\/katalog\/potrubni-fancoil-crsl-641-4trubkovy-s-externim-tlakem-do-80pa\/#primaryimage\"},\"image\":{\"@id\":\"https:\/\/klimavex.eu\/cz\/katalog\/potrubni-fancoil-crsl-641-4trubkovy-s-externim-tlakem-do-80pa\/#primaryimage\"},\"thumbnailUrl\":\"https:\/\/klimavex.eu\/cz\/wp-content\/uploads\/2025\/09\/O1azh_ccT248i6ss4pP_nvGfLjlnSW6rZY-vNlr_mHU-4.jpeg\",\"datePublished\":\"2026-03-31T21:05:12+00:00\",\"dateModified\":\"2026-03-31T21:05:35+00:00\",\"breadcrumb\":{\"@id\":\"https:\/\/klimavex.eu\/cz\/katalog\/potrubni-fancoil-crsl-641-4trubkovy-s-externim-tlakem-do-80pa\/#breadcrumb\"},\"inLanguage\":\"cs\",\"potentialAction\":[{\"@type\":\"ReadAction\",\"target\":[\"https:\/\/klimavex.eu\/cz\/katalog\/potrubni-fancoil-crsl-641-4trubkovy-s-externim-tlakem-do-80pa\/\"]}]},{\"@type\":\"ImageObject\",\"inLanguage\":\"cs\",\"@id\":\"https:\/\/klimavex.eu\/cz\/katalog\/potrubni-fancoil-crsl-641-4trubkovy-s-externim-tlakem-do-80pa\/#primaryimage\",\"url\":\"https:\/\/klimavex.eu\/cz\/wp-content\/uploads\/2025\/09\/O1azh_ccT248i6ss4pP_nvGfLjlnSW6rZY-vNlr_mHU-4.jpeg\",\"contentUrl\":\"https:\/\/klimavex.eu\/cz\/wp-content\/uploads\/2025\/09\/O1azh_ccT248i6ss4pP_nvGfLjlnSW6rZY-vNlr_mHU-4.jpeg\",\"width\":589,\"height\":512},{\"@type\":\"BreadcrumbList\",\"@id\":\"https:\/\/klimavex.eu\/cz\/katalog\/potrubni-fancoil-crsl-641-4trubkovy-s-externim-tlakem-do-80pa\/#breadcrumb\",\"itemListElement\":[{\"@type\":\"ListItem\",\"position\":1,\"name\":\"Domovsk\u00e1 str\u00e1nka\",\"item\":\"https:\/\/klimavex.eu\/cz\/\"},{\"@type\":\"ListItem\",\"position\":2,\"name\":\"Eshop\",\"item\":\"https:\/\/klimavex.eu\/cz\/eshop\/\"},{\"@type\":\"ListItem\",\"position\":3,\"name\":\"Potrubn\u00ed fancoil CRSL 64+1 (4trubkov\u00fd s extern\u00edm tlakem do 80Pa)\"}]},{\"@type\":\"WebSite\",\"@id\":\"https:\/\/klimavex.eu\/cz\/#website\",\"url\":\"https:\/\/klimavex.eu\/cz\/\",\"name\":\"KLIMAVEX GROUP - \u010cesko\",\"description\":\"\",\"publisher\":{\"@id\":\"https:\/\/klimavex.eu\/cz\/#organization\"},\"alternateName\":\"KLIMAVEX CZ a.s.\",\"potentialAction\":[{\"@type\":\"SearchAction\",\"target\":{\"@type\":\"EntryPoint\",\"urlTemplate\":\"https:\/\/klimavex.eu\/cz\/?s={search_term_string}\"},\"query-input\":{\"@type\":\"PropertyValueSpecification\",\"valueRequired\":true,\"valueName\":\"search_term_string\"}}],\"inLanguage\":\"cs\"},{\"@type\":\"Organization\",\"@id\":\"https:\/\/klimavex.eu\/cz\/#organization\",\"name\":\"KLIMAVEX GROUP\",\"alternateName\":\"KLIMAVEX\",\"url\":\"https:\/\/klimavex.eu\/cz\/\",\"logo\":{\"@type\":\"ImageObject\",\"inLanguage\":\"cs\",\"@id\":\"https:\/\/klimavex.eu\/cz\/#\/schema\/logo\/image\/\",\"url\":\"https:\/\/klimavex.eu\/cz\/wp-content\/uploads\/2024\/04\/Klimavex-Group-logo.png\",\"contentUrl\":\"https:\/\/klimavex.eu\/cz\/wp-content\/uploads\/2024\/04\/Klimavex-Group-logo.png\",\"width\":1681,\"height\":472,\"caption\":\"KLIMAVEX GROUP\"},\"image\":{\"@id\":\"https:\/\/klimavex.eu\/cz\/#\/schema\/logo\/image\/\"},\"sameAs\":[\"https:\/\/www.facebook.com\/klimavex.cz\",\"https:\/\/www.instagram.com\/klimavex_cz\/\"]}]}<\/script>\n<!-- \/ Yoast SEO plugin. -->","yoast_head_json":{"title":"Fancoil Sabiana 4trubkov\u00fd potrubn\u00ed st\u0159edotlak\u00fd CARISMA s AC motorem CRSL 64+1 - KLIMAVEX GROUP - \u010cesko","robots":{"index":"index","follow":"follow","max-snippet":"max-snippet:-1","max-image-preview":"max-image-preview:large","max-video-preview":"max-video-preview:-1"},"canonical":"https:\/\/klimavex.eu\/cz\/katalog\/potrubni-fancoil-crsl-641-4trubkovy-s-externim-tlakem-do-80pa\/","og_locale":"cs_CZ","og_type":"article","og_title":"Fancoil Sabiana 4trubkov\u00fd potrubn\u00ed st\u0159edotlak\u00fd CARISMA s AC motorem CRSL 64+1 - KLIMAVEX GROUP - \u010cesko","og_url":"https:\/\/klimavex.eu\/cz\/katalog\/potrubni-fancoil-crsl-641-4trubkovy-s-externim-tlakem-do-80pa\/","og_site_name":"KLIMAVEX GROUP - \u010cesko","article_publisher":"https:\/\/www.facebook.com\/klimavex.cz","article_modified_time":"2026-03-31T21:05:35+00:00","og_image":[{"width":589,"height":512,"url":"https:\/\/klimavex.eu\/cz\/wp-content\/uploads\/2025\/09\/O1azh_ccT248i6ss4pP_nvGfLjlnSW6rZY-vNlr_mHU-4.jpeg","type":"image\/jpeg"}],"twitter_card":"summary_large_image","schema":{"@context":"https:\/\/schema.org","@graph":[{"@type":"WebPage","@id":"https:\/\/klimavex.eu\/cz\/katalog\/potrubni-fancoil-crsl-641-4trubkovy-s-externim-tlakem-do-80pa\/","url":"https:\/\/klimavex.eu\/cz\/katalog\/potrubni-fancoil-crsl-641-4trubkovy-s-externim-tlakem-do-80pa\/","name":"Fancoil Sabiana 4trubkov\u00fd potrubn\u00ed st\u0159edotlak\u00fd CARISMA s AC motorem CRSL 64+1 - KLIMAVEX GROUP - \u010cesko","isPartOf":{"@id":"https:\/\/klimavex.eu\/cz\/#website"},"primaryImageOfPage":{"@id":"https:\/\/klimavex.eu\/cz\/katalog\/potrubni-fancoil-crsl-641-4trubkovy-s-externim-tlakem-do-80pa\/#primaryimage"},"image":{"@id":"https:\/\/klimavex.eu\/cz\/katalog\/potrubni-fancoil-crsl-641-4trubkovy-s-externim-tlakem-do-80pa\/#primaryimage"},"thumbnailUrl":"https:\/\/klimavex.eu\/cz\/wp-content\/uploads\/2025\/09\/O1azh_ccT248i6ss4pP_nvGfLjlnSW6rZY-vNlr_mHU-4.jpeg","datePublished":"2026-03-31T21:05:12+00:00","dateModified":"2026-03-31T21:05:35+00:00","breadcrumb":{"@id":"https:\/\/klimavex.eu\/cz\/katalog\/potrubni-fancoil-crsl-641-4trubkovy-s-externim-tlakem-do-80pa\/#breadcrumb"},"inLanguage":"cs","potentialAction":[{"@type":"ReadAction","target":["https:\/\/klimavex.eu\/cz\/katalog\/potrubni-fancoil-crsl-641-4trubkovy-s-externim-tlakem-do-80pa\/"]}]},{"@type":"ImageObject","inLanguage":"cs","@id":"https:\/\/klimavex.eu\/cz\/katalog\/potrubni-fancoil-crsl-641-4trubkovy-s-externim-tlakem-do-80pa\/#primaryimage","url":"https:\/\/klimavex.eu\/cz\/wp-content\/uploads\/2025\/09\/O1azh_ccT248i6ss4pP_nvGfLjlnSW6rZY-vNlr_mHU-4.jpeg","contentUrl":"https:\/\/klimavex.eu\/cz\/wp-content\/uploads\/2025\/09\/O1azh_ccT248i6ss4pP_nvGfLjlnSW6rZY-vNlr_mHU-4.jpeg","width":589,"height":512},{"@type":"BreadcrumbList","@id":"https:\/\/klimavex.eu\/cz\/katalog\/potrubni-fancoil-crsl-641-4trubkovy-s-externim-tlakem-do-80pa\/#breadcrumb","itemListElement":[{"@type":"ListItem","position":1,"name":"Domovsk\u00e1 str\u00e1nka","item":"https:\/\/klimavex.eu\/cz\/"},{"@type":"ListItem","position":2,"name":"Eshop","item":"https:\/\/klimavex.eu\/cz\/eshop\/"},{"@type":"ListItem","position":3,"name":"Potrubn\u00ed fancoil CRSL 64+1 (4trubkov\u00fd s extern\u00edm tlakem do 80Pa)"}]},{"@type":"WebSite","@id":"https:\/\/klimavex.eu\/cz\/#website","url":"https:\/\/klimavex.eu\/cz\/","name":"KLIMAVEX GROUP - \u010cesko","description":"","publisher":{"@id":"https:\/\/klimavex.eu\/cz\/#organization"},"alternateName":"KLIMAVEX CZ a.s.","potentialAction":[{"@type":"SearchAction","target":{"@type":"EntryPoint","urlTemplate":"https:\/\/klimavex.eu\/cz\/?s={search_term_string}"},"query-input":{"@type":"PropertyValueSpecification","valueRequired":true,"valueName":"search_term_string"}}],"inLanguage":"cs"},{"@type":"Organization","@id":"https:\/\/klimavex.eu\/cz\/#organization","name":"KLIMAVEX GROUP","alternateName":"KLIMAVEX","url":"https:\/\/klimavex.eu\/cz\/","logo":{"@type":"ImageObject","inLanguage":"cs","@id":"https:\/\/klimavex.eu\/cz\/#\/schema\/logo\/image\/","url":"https:\/\/klimavex.eu\/cz\/wp-content\/uploads\/2024\/04\/Klimavex-Group-logo.png","contentUrl":"https:\/\/klimavex.eu\/cz\/wp-content\/uploads\/2024\/04\/Klimavex-Group-logo.png","width":1681,"height":472,"caption":"KLIMAVEX GROUP"},"image":{"@id":"https:\/\/klimavex.eu\/cz\/#\/schema\/logo\/image\/"},"sameAs":["https:\/\/www.facebook.com\/klimavex.cz","https:\/\/www.instagram.com\/klimavex_cz\/"]}]}},"_links":{"self":[{"href":"https:\/\/klimavex.eu\/cz\/wp-json\/wp\/v2\/product\/545098","targetHints":{"allow":["GET"]}}],"collection":[{"href":"https:\/\/klimavex.eu\/cz\/wp-json\/wp\/v2\/product"}],"about":[{"href":"https:\/\/klimavex.eu\/cz\/wp-json\/wp\/v2\/types\/product"}],"version-history":[{"count":0,"href":"https:\/\/klimavex.eu\/cz\/wp-json\/wp\/v2\/product\/545098\/revisions"}],"wp:featuredmedia":[{"embeddable":true,"href":"https:\/\/klimavex.eu\/cz\/wp-json\/wp\/v2\/media\/554987"}],"wp:attachment":[{"href":"https:\/\/klimavex.eu\/cz\/wp-json\/wp\/v2\/media?parent=545098"}],"wp:term":[{"taxonomy":"product_cat","embeddable":true,"href":"https:\/\/klimavex.eu\/cz\/wp-json\/wp\/v2\/product_cat?post=545098"},{"taxonomy":"product_tag","embeddable":true,"href":"https:\/\/klimavex.eu\/cz\/wp-json\/wp\/v2\/product_tag?post=545098"}],"curies":[{"name":"wp","href":"https:\/\/api.w.org\/{rel}","templated":true}]}}