{"id":545565,"date":"2026-04-03T22:37:54","date_gmt":"2026-04-03T20:37:54","guid":{"rendered":"https:\/\/klimavex.eu\/cz\/katalog\/kazetovy-fancoil-skystar-sk-52-2trubkovy-s-dekoracnim-panelem-hta-800\/"},"modified":"2026-04-03T22:38:47","modified_gmt":"2026-04-03T20:38:47","slug":"fancoil-sabiana-2trubkovy-kazetovy-4cestny-skystar-s-ac-motorem-sk-52-s-dekoracnim-panelem-hta-800","status":"publish","type":"product","link":"https:\/\/klimavex.eu\/cz\/katalog\/fancoil-sabiana-2trubkovy-kazetovy-4cestny-skystar-s-ac-motorem-sk-52-s-dekoracnim-panelem-hta-800\/","title":{"rendered":"Fancoil Sabiana 2trubkov\u00fd kazetov\u00fd 4cestn\u00fd SKYSTAR s AC motorem SK 52 (s dekora\u010dn\u00edm panelem HTA-800)"},"content":{"rendered":"","protected":false},"excerpt":{"rendered":"","protected":false},"featured_media":555463,"template":"","meta":[],"product_cat":[7648,7651],"product_tag":[],"class_list":{"0":"post-545565","1":"product","2":"type-product","3":"status-publish","4":"has-post-thumbnail","6":"product_cat-fancoily-sabiana","7":"product_cat-kazetove-skystar","8":"pa_chladici-vykon-7-12-27c-w-12598","9":"pa_hlucnost-max-lp-dba-12495","10":"pa_napajeni-1f-230v","11":"pa_provedeni-kazetovy","12":"pa_topny-vykon-45-50-20c-w-12599","13":"pa_typ-sk","14":"pa_typ-chladiva-voda","15":"pa_typ-motoru-ac","16":"pa_voda-kpa-chlazeni-12597","17":"pa_voda-l-s-chlazeni-12600","18":"pa_vykonovy-model-12065","19":"pa_vzd-vyk-m3-h-max-otac-12537","20":"pa_zhotoveni-2trubkove","21":"pa_znacka-sabiana","23":"first","24":"instock","25":"taxable","26":"shipping-taxable","27":"purchasable","28":"product-type-simple"},"yoast_head":"<!-- This site is optimized with the Yoast SEO plugin v23.9 - https:\/\/yoast.com\/wordpress\/plugins\/seo\/ -->\n<title>Fancoil Sabiana 2trubkov\u00fd kazetov\u00fd 4cestn\u00fd SKYSTAR s AC motorem SK 52 (s dekora\u010dn\u00edm panelem HTA-800) - KLIMAVEX GROUP - \u010cesko<\/title>\n<meta name=\"robots\" content=\"index, follow, max-snippet:-1, max-image-preview:large, max-video-preview:-1\" \/>\n<link rel=\"canonical\" href=\"https:\/\/klimavex.eu\/cz\/katalog\/kazetovy-fancoil-skystar-sk-52-2trubkovy-s-dekoracnim-panelem-hta-800\/\" \/>\n<meta property=\"og:locale\" content=\"cs_CZ\" \/>\n<meta property=\"og:type\" content=\"article\" \/>\n<meta property=\"og:title\" content=\"Fancoil Sabiana 2trubkov\u00fd kazetov\u00fd 4cestn\u00fd SKYSTAR s AC motorem SK 52 (s dekora\u010dn\u00edm panelem HTA-800) - KLIMAVEX GROUP - \u010cesko\" \/>\n<meta property=\"og:url\" content=\"https:\/\/klimavex.eu\/cz\/katalog\/kazetovy-fancoil-skystar-sk-52-2trubkovy-s-dekoracnim-panelem-hta-800\/\" \/>\n<meta property=\"og:site_name\" content=\"KLIMAVEX GROUP - \u010cesko\" \/>\n<meta property=\"article:publisher\" content=\"https:\/\/www.facebook.com\/klimavex.cz\" \/>\n<meta property=\"article:modified_time\" content=\"2026-04-03T20:38:47+00:00\" \/>\n<meta property=\"og:image\" content=\"https:\/\/klimavex.eu\/cz\/wp-content\/uploads\/2025\/09\/WhIs6CwvP7tFmnSmiR9XjlWSqsfoIYA4h4VG54NJ5Y8-35.jpeg\" \/>\n\t<meta property=\"og:image:width\" content=\"589\" \/>\n\t<meta property=\"og:image:height\" content=\"512\" \/>\n\t<meta property=\"og:image:type\" content=\"image\/jpeg\" \/>\n<meta name=\"twitter:card\" content=\"summary_large_image\" \/>\n<script type=\"application\/ld+json\" class=\"yoast-schema-graph\">{\"@context\":\"https:\/\/schema.org\",\"@graph\":[{\"@type\":\"WebPage\",\"@id\":\"https:\/\/klimavex.eu\/cz\/katalog\/kazetovy-fancoil-skystar-sk-52-2trubkovy-s-dekoracnim-panelem-hta-800\/\",\"url\":\"https:\/\/klimavex.eu\/cz\/katalog\/kazetovy-fancoil-skystar-sk-52-2trubkovy-s-dekoracnim-panelem-hta-800\/\",\"name\":\"Fancoil Sabiana 2trubkov\u00fd kazetov\u00fd 4cestn\u00fd SKYSTAR s AC motorem SK 52 (s dekora\u010dn\u00edm panelem HTA-800) - KLIMAVEX GROUP - \u010cesko\",\"isPartOf\":{\"@id\":\"https:\/\/klimavex.eu\/cz\/#website\"},\"primaryImageOfPage\":{\"@id\":\"https:\/\/klimavex.eu\/cz\/katalog\/kazetovy-fancoil-skystar-sk-52-2trubkovy-s-dekoracnim-panelem-hta-800\/#primaryimage\"},\"image\":{\"@id\":\"https:\/\/klimavex.eu\/cz\/katalog\/kazetovy-fancoil-skystar-sk-52-2trubkovy-s-dekoracnim-panelem-hta-800\/#primaryimage\"},\"thumbnailUrl\":\"https:\/\/klimavex.eu\/cz\/wp-content\/uploads\/2025\/09\/WhIs6CwvP7tFmnSmiR9XjlWSqsfoIYA4h4VG54NJ5Y8-35.jpeg\",\"datePublished\":\"2026-04-03T20:37:54+00:00\",\"dateModified\":\"2026-04-03T20:38:47+00:00\",\"breadcrumb\":{\"@id\":\"https:\/\/klimavex.eu\/cz\/katalog\/kazetovy-fancoil-skystar-sk-52-2trubkovy-s-dekoracnim-panelem-hta-800\/#breadcrumb\"},\"inLanguage\":\"cs\",\"potentialAction\":[{\"@type\":\"ReadAction\",\"target\":[\"https:\/\/klimavex.eu\/cz\/katalog\/kazetovy-fancoil-skystar-sk-52-2trubkovy-s-dekoracnim-panelem-hta-800\/\"]}]},{\"@type\":\"ImageObject\",\"inLanguage\":\"cs\",\"@id\":\"https:\/\/klimavex.eu\/cz\/katalog\/kazetovy-fancoil-skystar-sk-52-2trubkovy-s-dekoracnim-panelem-hta-800\/#primaryimage\",\"url\":\"https:\/\/klimavex.eu\/cz\/wp-content\/uploads\/2025\/09\/WhIs6CwvP7tFmnSmiR9XjlWSqsfoIYA4h4VG54NJ5Y8-35.jpeg\",\"contentUrl\":\"https:\/\/klimavex.eu\/cz\/wp-content\/uploads\/2025\/09\/WhIs6CwvP7tFmnSmiR9XjlWSqsfoIYA4h4VG54NJ5Y8-35.jpeg\",\"width\":589,\"height\":512},{\"@type\":\"BreadcrumbList\",\"@id\":\"https:\/\/klimavex.eu\/cz\/katalog\/kazetovy-fancoil-skystar-sk-52-2trubkovy-s-dekoracnim-panelem-hta-800\/#breadcrumb\",\"itemListElement\":[{\"@type\":\"ListItem\",\"position\":1,\"name\":\"Domovsk\u00e1 str\u00e1nka\",\"item\":\"https:\/\/klimavex.eu\/cz\/\"},{\"@type\":\"ListItem\",\"position\":2,\"name\":\"Eshop\",\"item\":\"https:\/\/klimavex.eu\/cz\/eshop\/\"},{\"@type\":\"ListItem\",\"position\":3,\"name\":\"Kazetov\u00fd fancoil SkyStar SK 52 (2trubkov\u00fd s dekora\u010dn\u00edm panelem HTA 800)\"}]},{\"@type\":\"WebSite\",\"@id\":\"https:\/\/klimavex.eu\/cz\/#website\",\"url\":\"https:\/\/klimavex.eu\/cz\/\",\"name\":\"KLIMAVEX GROUP - \u010cesko\",\"description\":\"\",\"publisher\":{\"@id\":\"https:\/\/klimavex.eu\/cz\/#organization\"},\"alternateName\":\"KLIMAVEX CZ a.s.\",\"potentialAction\":[{\"@type\":\"SearchAction\",\"target\":{\"@type\":\"EntryPoint\",\"urlTemplate\":\"https:\/\/klimavex.eu\/cz\/?s={search_term_string}\"},\"query-input\":{\"@type\":\"PropertyValueSpecification\",\"valueRequired\":true,\"valueName\":\"search_term_string\"}}],\"inLanguage\":\"cs\"},{\"@type\":\"Organization\",\"@id\":\"https:\/\/klimavex.eu\/cz\/#organization\",\"name\":\"KLIMAVEX GROUP\",\"alternateName\":\"KLIMAVEX\",\"url\":\"https:\/\/klimavex.eu\/cz\/\",\"logo\":{\"@type\":\"ImageObject\",\"inLanguage\":\"cs\",\"@id\":\"https:\/\/klimavex.eu\/cz\/#\/schema\/logo\/image\/\",\"url\":\"https:\/\/klimavex.eu\/cz\/wp-content\/uploads\/2024\/04\/Klimavex-Group-logo.png\",\"contentUrl\":\"https:\/\/klimavex.eu\/cz\/wp-content\/uploads\/2024\/04\/Klimavex-Group-logo.png\",\"width\":1681,\"height\":472,\"caption\":\"KLIMAVEX GROUP\"},\"image\":{\"@id\":\"https:\/\/klimavex.eu\/cz\/#\/schema\/logo\/image\/\"},\"sameAs\":[\"https:\/\/www.facebook.com\/klimavex.cz\",\"https:\/\/www.instagram.com\/klimavex_cz\/\"]}]}<\/script>\n<!-- \/ Yoast SEO plugin. -->","yoast_head_json":{"title":"Fancoil Sabiana 2trubkov\u00fd kazetov\u00fd 4cestn\u00fd SKYSTAR s AC motorem SK 52 (s dekora\u010dn\u00edm panelem HTA-800) - KLIMAVEX GROUP - \u010cesko","robots":{"index":"index","follow":"follow","max-snippet":"max-snippet:-1","max-image-preview":"max-image-preview:large","max-video-preview":"max-video-preview:-1"},"canonical":"https:\/\/klimavex.eu\/cz\/katalog\/kazetovy-fancoil-skystar-sk-52-2trubkovy-s-dekoracnim-panelem-hta-800\/","og_locale":"cs_CZ","og_type":"article","og_title":"Fancoil Sabiana 2trubkov\u00fd kazetov\u00fd 4cestn\u00fd SKYSTAR s AC motorem SK 52 (s dekora\u010dn\u00edm panelem HTA-800) - KLIMAVEX GROUP - \u010cesko","og_url":"https:\/\/klimavex.eu\/cz\/katalog\/kazetovy-fancoil-skystar-sk-52-2trubkovy-s-dekoracnim-panelem-hta-800\/","og_site_name":"KLIMAVEX GROUP - \u010cesko","article_publisher":"https:\/\/www.facebook.com\/klimavex.cz","article_modified_time":"2026-04-03T20:38:47+00:00","og_image":[{"width":589,"height":512,"url":"https:\/\/klimavex.eu\/cz\/wp-content\/uploads\/2025\/09\/WhIs6CwvP7tFmnSmiR9XjlWSqsfoIYA4h4VG54NJ5Y8-35.jpeg","type":"image\/jpeg"}],"twitter_card":"summary_large_image","schema":{"@context":"https:\/\/schema.org","@graph":[{"@type":"WebPage","@id":"https:\/\/klimavex.eu\/cz\/katalog\/kazetovy-fancoil-skystar-sk-52-2trubkovy-s-dekoracnim-panelem-hta-800\/","url":"https:\/\/klimavex.eu\/cz\/katalog\/kazetovy-fancoil-skystar-sk-52-2trubkovy-s-dekoracnim-panelem-hta-800\/","name":"Fancoil Sabiana 2trubkov\u00fd kazetov\u00fd 4cestn\u00fd SKYSTAR s AC motorem SK 52 (s dekora\u010dn\u00edm panelem HTA-800) - KLIMAVEX GROUP - \u010cesko","isPartOf":{"@id":"https:\/\/klimavex.eu\/cz\/#website"},"primaryImageOfPage":{"@id":"https:\/\/klimavex.eu\/cz\/katalog\/kazetovy-fancoil-skystar-sk-52-2trubkovy-s-dekoracnim-panelem-hta-800\/#primaryimage"},"image":{"@id":"https:\/\/klimavex.eu\/cz\/katalog\/kazetovy-fancoil-skystar-sk-52-2trubkovy-s-dekoracnim-panelem-hta-800\/#primaryimage"},"thumbnailUrl":"https:\/\/klimavex.eu\/cz\/wp-content\/uploads\/2025\/09\/WhIs6CwvP7tFmnSmiR9XjlWSqsfoIYA4h4VG54NJ5Y8-35.jpeg","datePublished":"2026-04-03T20:37:54+00:00","dateModified":"2026-04-03T20:38:47+00:00","breadcrumb":{"@id":"https:\/\/klimavex.eu\/cz\/katalog\/kazetovy-fancoil-skystar-sk-52-2trubkovy-s-dekoracnim-panelem-hta-800\/#breadcrumb"},"inLanguage":"cs","potentialAction":[{"@type":"ReadAction","target":["https:\/\/klimavex.eu\/cz\/katalog\/kazetovy-fancoil-skystar-sk-52-2trubkovy-s-dekoracnim-panelem-hta-800\/"]}]},{"@type":"ImageObject","inLanguage":"cs","@id":"https:\/\/klimavex.eu\/cz\/katalog\/kazetovy-fancoil-skystar-sk-52-2trubkovy-s-dekoracnim-panelem-hta-800\/#primaryimage","url":"https:\/\/klimavex.eu\/cz\/wp-content\/uploads\/2025\/09\/WhIs6CwvP7tFmnSmiR9XjlWSqsfoIYA4h4VG54NJ5Y8-35.jpeg","contentUrl":"https:\/\/klimavex.eu\/cz\/wp-content\/uploads\/2025\/09\/WhIs6CwvP7tFmnSmiR9XjlWSqsfoIYA4h4VG54NJ5Y8-35.jpeg","width":589,"height":512},{"@type":"BreadcrumbList","@id":"https:\/\/klimavex.eu\/cz\/katalog\/kazetovy-fancoil-skystar-sk-52-2trubkovy-s-dekoracnim-panelem-hta-800\/#breadcrumb","itemListElement":[{"@type":"ListItem","position":1,"name":"Domovsk\u00e1 str\u00e1nka","item":"https:\/\/klimavex.eu\/cz\/"},{"@type":"ListItem","position":2,"name":"Eshop","item":"https:\/\/klimavex.eu\/cz\/eshop\/"},{"@type":"ListItem","position":3,"name":"Kazetov\u00fd fancoil SkyStar SK 52 (2trubkov\u00fd s dekora\u010dn\u00edm panelem HTA 800)"}]},{"@type":"WebSite","@id":"https:\/\/klimavex.eu\/cz\/#website","url":"https:\/\/klimavex.eu\/cz\/","name":"KLIMAVEX GROUP - \u010cesko","description":"","publisher":{"@id":"https:\/\/klimavex.eu\/cz\/#organization"},"alternateName":"KLIMAVEX CZ a.s.","potentialAction":[{"@type":"SearchAction","target":{"@type":"EntryPoint","urlTemplate":"https:\/\/klimavex.eu\/cz\/?s={search_term_string}"},"query-input":{"@type":"PropertyValueSpecification","valueRequired":true,"valueName":"search_term_string"}}],"inLanguage":"cs"},{"@type":"Organization","@id":"https:\/\/klimavex.eu\/cz\/#organization","name":"KLIMAVEX GROUP","alternateName":"KLIMAVEX","url":"https:\/\/klimavex.eu\/cz\/","logo":{"@type":"ImageObject","inLanguage":"cs","@id":"https:\/\/klimavex.eu\/cz\/#\/schema\/logo\/image\/","url":"https:\/\/klimavex.eu\/cz\/wp-content\/uploads\/2024\/04\/Klimavex-Group-logo.png","contentUrl":"https:\/\/klimavex.eu\/cz\/wp-content\/uploads\/2024\/04\/Klimavex-Group-logo.png","width":1681,"height":472,"caption":"KLIMAVEX GROUP"},"image":{"@id":"https:\/\/klimavex.eu\/cz\/#\/schema\/logo\/image\/"},"sameAs":["https:\/\/www.facebook.com\/klimavex.cz","https:\/\/www.instagram.com\/klimavex_cz\/"]}]}},"_links":{"self":[{"href":"https:\/\/klimavex.eu\/cz\/wp-json\/wp\/v2\/product\/545565","targetHints":{"allow":["GET"]}}],"collection":[{"href":"https:\/\/klimavex.eu\/cz\/wp-json\/wp\/v2\/product"}],"about":[{"href":"https:\/\/klimavex.eu\/cz\/wp-json\/wp\/v2\/types\/product"}],"version-history":[{"count":0,"href":"https:\/\/klimavex.eu\/cz\/wp-json\/wp\/v2\/product\/545565\/revisions"}],"wp:featuredmedia":[{"embeddable":true,"href":"https:\/\/klimavex.eu\/cz\/wp-json\/wp\/v2\/media\/555463"}],"wp:attachment":[{"href":"https:\/\/klimavex.eu\/cz\/wp-json\/wp\/v2\/media?parent=545565"}],"wp:term":[{"taxonomy":"product_cat","embeddable":true,"href":"https:\/\/klimavex.eu\/cz\/wp-json\/wp\/v2\/product_cat?post=545565"},{"taxonomy":"product_tag","embeddable":true,"href":"https:\/\/klimavex.eu\/cz\/wp-json\/wp\/v2\/product_tag?post=545565"}],"curies":[{"name":"wp","href":"https:\/\/api.w.org\/{rel}","templated":true}]}}