{"id":556985,"date":"2025-09-29T13:49:21","date_gmt":"2025-09-29T11:49:21","guid":{"rendered":"https:\/\/klimavex.eu\/cz\/katalog\/dantherm-danx-1-hp-bazenova-jednotka-s-tepelnym-cerpadlem-2\/"},"modified":"2025-09-29T13:49:24","modified_gmt":"2025-09-29T11:49:24","slug":"dantherm-danx-1-hp-bazenova-jednotka-s-tepelnym-cerpadlem-2","status":"publish","type":"product","link":"https:\/\/klimavex.eu\/cz\/katalog\/dantherm-danx-1-hp-bazenova-jednotka-s-tepelnym-cerpadlem-2\/","title":{"rendered":"Dantherm DanX 1 HP baz\u00e9nov\u00e1 jednotka (s tepeln\u00fdm \u010derpadlem)"},"content":{"rendered":"<p style=\"text-align:justify\"><span style=\"font-size:11pt\"><span style=\"font-family:Calibri,sans-serif\"><strong><span style=\"color:black\">Kl&iacute;\u010dov&eacute; vlastnosti<\/span><\/strong><\/span><\/span><\/p>\n<ul>\n<li style=\"text-align:justify\"><span style=\"font-size:11pt\"><span style=\"font-family:Calibri,sans-serif\"><span style=\"color:black\">Vestav\u011bn&eacute; tepeln&eacute; \u010derpadlo s rota\u010dn&iacute;m kompresorem a vysok&yacute;m COP. Voliteln&yacute; vestav\u011bn&yacute; vodou chlazen&yacute; kondenz&aacute;tor pro oh\u0159ev baz&eacute;nu nebo u\u017eitkov&eacute; vody.<\/span><\/span><\/span><\/li>\n<li style=\"text-align:justify\"><span style=\"font-size:11pt\"><span style=\"font-family:Calibri,sans-serif\"><span style=\"color:black\">Vestav\u011bn&yacute; u\u017eivatelsky p\u0159&iacute;v\u011btiv&yacute; \u0159&iacute;dic&iacute; syst&eacute;m pro vysoce kvalitn&iacute; \u0159&iacute;zen&iacute; popt&aacute;vky. Automatick&eacute; sledov&aacute;n&iacute; a \u0159&iacute;zen&iacute; teploty a vlhkosti baz&eacute;nov&eacute; haly.<\/span><\/span><\/span><\/li>\n<li style=\"text-align:justify\"><span style=\"font-size:11pt\"><span style=\"font-family:Calibri,sans-serif\"><span style=\"color:black\">Dvojit&eacute; k\u0159&iacute;\u017eov&eacute; v&yacute;m\u011bn&iacute;ky tepla s vysokou &uacute;\u010dinnost&iacute; v&iacute;ce ne\u017e 85 % a n&iacute;zkou tlakovou ztr&aacute;tou.<\/span><\/span><\/span><\/li>\n<li style=\"text-align:justify\"><span style=\"font-size:11pt\"><span style=\"font-family:Calibri,sans-serif\"><span style=\"color:black\">Vestav\u011bn&yacute; bypass pro voln&eacute; chlazen&iacute; v l&eacute;t\u011b.<\/span><\/span><\/span><\/li>\n<li style=\"text-align:justify\"><span style=\"font-size:11pt\"><span style=\"font-family:Calibri,sans-serif\"><span style=\"color:black\">Vysoce energeticky &uacute;\u010dinn&eacute; EC z&aacute;str\u010dkov&eacute; ventil&aacute;tory.<\/span><\/span><\/span><\/li>\n<li style=\"text-align:justify\"><span style=\"font-size:11pt\"><span style=\"font-family:Calibri,sans-serif\"><span style=\"color:black\">&Uacute;\u010dinn&eacute; kompaktn&iacute; filtry M5\/ePM10 70 % a F7\/ePM1 55 % s n&iacute;zkou tlakovou ztr&aacute;tou.<\/span><\/span><\/span><\/li>\n<li style=\"text-align:justify\"><span style=\"font-size:11pt\"><span style=\"font-family:Calibri,sans-serif\"><span style=\"color:black\">Samonosn&aacute; sk\u0159&iacute;\u0148 s \u017e&aacute;rov\u011b zinkovan&yacute;mi, pr&aacute;&scaron;kov\u011b lakovan&yacute;mi sendvi\u010dov&yacute;mi panely s 50 mm izolac&iacute; z miner&aacute;ln&iacute; vlny, vnit\u0159n&iacute;mi p\u0159&iacute;\u010dkami 30 mm a spodn&iacute;m r&aacute;mem s nastaviteln&yacute;mi no\u017ei\u010dkami.<\/span><\/span><\/span><\/li>\n<li style=\"text-align:justify\"><span style=\"font-size:11pt\"><span style=\"font-family:Calibri,sans-serif\"><span style=\"color:black\">Navr\u017eeno tak, aby odolalo agresivn&iacute;mu prost\u0159ed&iacute; baz&eacute;nu (t\u0159&iacute;da koroze C4 podle EN\/ISO 12944-2), s epoxidem pota\u017een&yacute;m k\u0159&iacute;\u017eov&yacute;m v&yacute;m\u011bn&iacute;kem tepla, spir&aacute;lami s hlin&iacute;kov&yacute;m r&aacute;mem, p\u0159edem nat\u0159en&yacute;mi \u017eebry a epoxidov&yacute;m n&aacute;t\u011brem pro ochranu v&scaron;ech spojovac&iacute;ch prvk\u016f, &scaron;roub\u016f a matic.<\/span><\/span><\/span><\/li>\n<li style=\"text-align:justify\"><span style=\"font-size:11pt\"><span style=\"font-family:Calibri,sans-serif\"><span style=\"color:black\">Dv\u011b velk&aacute; revizn&iacute; dv&iacute;\u0159ka se siln&yacute;mi panty a jaz&yacute;\u010dkov&yacute;mi z&aacute;mky a rukojet&iacute; pro snadn&yacute; p\u0159&iacute;stup pro servis.<\/span><\/span><\/span><\/li>\n<li style=\"text-align:justify\"><span style=\"font-size:11pt\"><span style=\"font-family:Calibri,sans-serif\"><span style=\"color:black\">\u0158e&scaron;en&iacute; v&scaron;e v jednom boxu pro snadnou a rychlou instalaci se v&scaron;emi senzory a elektrick&yacute;mi komponenty ji\u017e p\u0159ipojen&yacute;mi.<\/span><\/span><\/span><\/li>\n<li style=\"text-align:justify\"><span style=\"font-size:11pt\"><span style=\"font-family:Calibri,sans-serif\"><span style=\"color:black\">BMS komunikace s Modbus nebo BACnet.<\/span><\/span><\/span><\/li>\n<\/ul>\n","protected":false},"excerpt":{"rendered":"<p style=\"text-align:justify\"><span style=\"font-size:11pt\"><span style=\"font-family:Calibri,sans-serif\"><span style=\"color:black\">Baz&eacute;nov&aacute; komer\u010dn&iacute; vzduchotechnick&aacute; jednotka <strong>Dantherm DanX 1 HP<\/strong> kombinuje siln&eacute; str&aacute;nky syst&eacute;mu tepeln&eacute;ho \u010derpadla se syst&eacute;mem, kter&yacute; odvlh\u010duje pomoc&iacute; venkovn&iacute;ho vzduchu. Kombinovan&eacute;<strong> tepeln&eacute; \u010derpadlo s<\/strong> vysoce &uacute;\u010dinn&yacute;m dvojit&yacute;m<strong> k\u0159&iacute;\u017eov&yacute;m v&yacute;m\u011bn&iacute;kem tepla<\/strong> p\u0159esn\u011b reguluje vlhkost i teplotu <strong>v m&iacute;stnosti s baz&eacute;nem<\/strong>.<\/span><\/span><\/span><\/p>\n","protected":false},"featured_media":0,"template":"","meta":[],"product_cat":[7561],"product_tag":[],"class_list":{"0":"post-556985","1":"product","2":"type-product","3":"status-publish","5":"product_cat-vzt-bazenove-jednotky-danx","6":"pa_vzduchovy-vykon-qv-m3-12660","7":"pa_znacka-dantherm","9":"first","10":"instock","11":"taxable","12":"shipping-taxable","13":"purchasable","14":"product-type-simple"},"yoast_head":"<!-- This site is optimized with the Yoast SEO plugin v23.9 - https:\/\/yoast.com\/wordpress\/plugins\/seo\/ -->\n<title>Dantherm DanX 1 HP baz\u00e9nov\u00e1 jednotka (s tepeln\u00fdm \u010derpadlem) - KLIMAVEX GROUP - \u010cesko<\/title>\n<meta name=\"robots\" content=\"index, follow, max-snippet:-1, max-image-preview:large, max-video-preview:-1\" \/>\n<link rel=\"canonical\" href=\"https:\/\/klimavex.eu\/cz\/katalog\/dantherm-danx-1-hp-bazenova-jednotka-s-tepelnym-cerpadlem-2\/\" \/>\n<meta property=\"og:locale\" content=\"cs_CZ\" \/>\n<meta property=\"og:type\" content=\"article\" \/>\n<meta property=\"og:title\" content=\"Dantherm DanX 1 HP baz\u00e9nov\u00e1 jednotka (s tepeln\u00fdm \u010derpadlem) - KLIMAVEX GROUP - \u010cesko\" \/>\n<meta property=\"og:description\" content=\"Baz&eacute;nov&aacute; komer\u010dn&iacute; vzduchotechnick&aacute; jednotka Dantherm DanX 1 HP kombinuje siln&eacute; str&aacute;nky syst&eacute;mu tepeln&eacute;ho \u010derpadla se syst&eacute;mem, kter&yacute; odvlh\u010duje pomoc&iacute; venkovn&iacute;ho vzduchu. Kombinovan&eacute; tepeln&eacute; \u010derpadlo s vysoce &uacute;\u010dinn&yacute;m dvojit&yacute;m k\u0159&iacute;\u017eov&yacute;m v&yacute;m\u011bn&iacute;kem tepla p\u0159esn\u011b reguluje vlhkost i teplotu v m&iacute;stnosti s baz&eacute;nem.\" \/>\n<meta property=\"og:url\" content=\"https:\/\/klimavex.eu\/cz\/katalog\/dantherm-danx-1-hp-bazenova-jednotka-s-tepelnym-cerpadlem-2\/\" \/>\n<meta property=\"og:site_name\" content=\"KLIMAVEX GROUP - \u010cesko\" \/>\n<meta property=\"article:publisher\" content=\"https:\/\/www.facebook.com\/klimavex.cz\" \/>\n<meta property=\"article:modified_time\" content=\"2025-09-29T11:49:24+00:00\" \/>\n<meta property=\"og:image\" content=\"https:\/\/klimavex.eu\/cz\/wp-content\/uploads\/2024\/02\/LOGO-KLIMAVEX-modra-kostka-1.png\" \/>\n\t<meta property=\"og:image:width\" content=\"9184\" \/>\n\t<meta property=\"og:image:height\" content=\"9184\" \/>\n\t<meta property=\"og:image:type\" content=\"image\/png\" \/>\n<meta name=\"twitter:card\" content=\"summary_large_image\" \/>\n<meta name=\"twitter:label1\" content=\"Odhadovan\u00e1 doba \u010dten\u00ed\" \/>\n\t<meta name=\"twitter:data1\" content=\"2 minuty\" \/>\n<script type=\"application\/ld+json\" class=\"yoast-schema-graph\">{\"@context\":\"https:\/\/schema.org\",\"@graph\":[{\"@type\":\"WebPage\",\"@id\":\"https:\/\/klimavex.eu\/cz\/katalog\/dantherm-danx-1-hp-bazenova-jednotka-s-tepelnym-cerpadlem-2\/\",\"url\":\"https:\/\/klimavex.eu\/cz\/katalog\/dantherm-danx-1-hp-bazenova-jednotka-s-tepelnym-cerpadlem-2\/\",\"name\":\"Dantherm DanX 1 HP baz\u00e9nov\u00e1 jednotka (s tepeln\u00fdm \u010derpadlem) - KLIMAVEX GROUP - \u010cesko\",\"isPartOf\":{\"@id\":\"https:\/\/klimavex.eu\/cz\/#website\"},\"datePublished\":\"2025-09-29T11:49:21+00:00\",\"dateModified\":\"2025-09-29T11:49:24+00:00\",\"breadcrumb\":{\"@id\":\"https:\/\/klimavex.eu\/cz\/katalog\/dantherm-danx-1-hp-bazenova-jednotka-s-tepelnym-cerpadlem-2\/#breadcrumb\"},\"inLanguage\":\"cs\",\"potentialAction\":[{\"@type\":\"ReadAction\",\"target\":[\"https:\/\/klimavex.eu\/cz\/katalog\/dantherm-danx-1-hp-bazenova-jednotka-s-tepelnym-cerpadlem-2\/\"]}]},{\"@type\":\"BreadcrumbList\",\"@id\":\"https:\/\/klimavex.eu\/cz\/katalog\/dantherm-danx-1-hp-bazenova-jednotka-s-tepelnym-cerpadlem-2\/#breadcrumb\",\"itemListElement\":[{\"@type\":\"ListItem\",\"position\":1,\"name\":\"Domovsk\u00e1 str\u00e1nka\",\"item\":\"https:\/\/klimavex.eu\/cz\/\"},{\"@type\":\"ListItem\",\"position\":2,\"name\":\"Eshop\",\"item\":\"https:\/\/klimavex.eu\/cz\/eshop\/\"},{\"@type\":\"ListItem\",\"position\":3,\"name\":\"Dantherm DanX 1 HP baz\u00e9nov\u00e1 jednotka (s tepeln\u00fdm \u010derpadlem)\"}]},{\"@type\":\"WebSite\",\"@id\":\"https:\/\/klimavex.eu\/cz\/#website\",\"url\":\"https:\/\/klimavex.eu\/cz\/\",\"name\":\"KLIMAVEX GROUP - \u010cesko\",\"description\":\"\",\"publisher\":{\"@id\":\"https:\/\/klimavex.eu\/cz\/#organization\"},\"alternateName\":\"KLIMAVEX CZ a.s.\",\"potentialAction\":[{\"@type\":\"SearchAction\",\"target\":{\"@type\":\"EntryPoint\",\"urlTemplate\":\"https:\/\/klimavex.eu\/cz\/?s={search_term_string}\"},\"query-input\":{\"@type\":\"PropertyValueSpecification\",\"valueRequired\":true,\"valueName\":\"search_term_string\"}}],\"inLanguage\":\"cs\"},{\"@type\":\"Organization\",\"@id\":\"https:\/\/klimavex.eu\/cz\/#organization\",\"name\":\"KLIMAVEX GROUP\",\"alternateName\":\"KLIMAVEX\",\"url\":\"https:\/\/klimavex.eu\/cz\/\",\"logo\":{\"@type\":\"ImageObject\",\"inLanguage\":\"cs\",\"@id\":\"https:\/\/klimavex.eu\/cz\/#\/schema\/logo\/image\/\",\"url\":\"https:\/\/klimavex.eu\/cz\/wp-content\/uploads\/2024\/04\/Klimavex-Group-logo.png\",\"contentUrl\":\"https:\/\/klimavex.eu\/cz\/wp-content\/uploads\/2024\/04\/Klimavex-Group-logo.png\",\"width\":1681,\"height\":472,\"caption\":\"KLIMAVEX GROUP\"},\"image\":{\"@id\":\"https:\/\/klimavex.eu\/cz\/#\/schema\/logo\/image\/\"},\"sameAs\":[\"https:\/\/www.facebook.com\/klimavex.cz\",\"https:\/\/www.instagram.com\/klimavex_cz\/\"]}]}<\/script>\n<!-- \/ Yoast SEO plugin. -->","yoast_head_json":{"title":"Dantherm DanX 1 HP baz\u00e9nov\u00e1 jednotka (s tepeln\u00fdm \u010derpadlem) - KLIMAVEX GROUP - \u010cesko","robots":{"index":"index","follow":"follow","max-snippet":"max-snippet:-1","max-image-preview":"max-image-preview:large","max-video-preview":"max-video-preview:-1"},"canonical":"https:\/\/klimavex.eu\/cz\/katalog\/dantherm-danx-1-hp-bazenova-jednotka-s-tepelnym-cerpadlem-2\/","og_locale":"cs_CZ","og_type":"article","og_title":"Dantherm DanX 1 HP baz\u00e9nov\u00e1 jednotka (s tepeln\u00fdm \u010derpadlem) - KLIMAVEX GROUP - \u010cesko","og_description":"Baz&eacute;nov&aacute; komer\u010dn&iacute; vzduchotechnick&aacute; jednotka Dantherm DanX 1 HP kombinuje siln&eacute; str&aacute;nky syst&eacute;mu tepeln&eacute;ho \u010derpadla se syst&eacute;mem, kter&yacute; odvlh\u010duje pomoc&iacute; venkovn&iacute;ho vzduchu. Kombinovan&eacute; tepeln&eacute; \u010derpadlo s vysoce &uacute;\u010dinn&yacute;m dvojit&yacute;m k\u0159&iacute;\u017eov&yacute;m v&yacute;m\u011bn&iacute;kem tepla p\u0159esn\u011b reguluje vlhkost i teplotu v m&iacute;stnosti s baz&eacute;nem.","og_url":"https:\/\/klimavex.eu\/cz\/katalog\/dantherm-danx-1-hp-bazenova-jednotka-s-tepelnym-cerpadlem-2\/","og_site_name":"KLIMAVEX GROUP - \u010cesko","article_publisher":"https:\/\/www.facebook.com\/klimavex.cz","article_modified_time":"2025-09-29T11:49:24+00:00","og_image":[{"width":9184,"height":9184,"url":"https:\/\/klimavex.eu\/cz\/wp-content\/uploads\/2024\/02\/LOGO-KLIMAVEX-modra-kostka-1.png","type":"image\/png"}],"twitter_card":"summary_large_image","twitter_misc":{"Odhadovan\u00e1 doba \u010dten\u00ed":"2 minuty"},"schema":{"@context":"https:\/\/schema.org","@graph":[{"@type":"WebPage","@id":"https:\/\/klimavex.eu\/cz\/katalog\/dantherm-danx-1-hp-bazenova-jednotka-s-tepelnym-cerpadlem-2\/","url":"https:\/\/klimavex.eu\/cz\/katalog\/dantherm-danx-1-hp-bazenova-jednotka-s-tepelnym-cerpadlem-2\/","name":"Dantherm DanX 1 HP baz\u00e9nov\u00e1 jednotka (s tepeln\u00fdm \u010derpadlem) - KLIMAVEX GROUP - \u010cesko","isPartOf":{"@id":"https:\/\/klimavex.eu\/cz\/#website"},"datePublished":"2025-09-29T11:49:21+00:00","dateModified":"2025-09-29T11:49:24+00:00","breadcrumb":{"@id":"https:\/\/klimavex.eu\/cz\/katalog\/dantherm-danx-1-hp-bazenova-jednotka-s-tepelnym-cerpadlem-2\/#breadcrumb"},"inLanguage":"cs","potentialAction":[{"@type":"ReadAction","target":["https:\/\/klimavex.eu\/cz\/katalog\/dantherm-danx-1-hp-bazenova-jednotka-s-tepelnym-cerpadlem-2\/"]}]},{"@type":"BreadcrumbList","@id":"https:\/\/klimavex.eu\/cz\/katalog\/dantherm-danx-1-hp-bazenova-jednotka-s-tepelnym-cerpadlem-2\/#breadcrumb","itemListElement":[{"@type":"ListItem","position":1,"name":"Domovsk\u00e1 str\u00e1nka","item":"https:\/\/klimavex.eu\/cz\/"},{"@type":"ListItem","position":2,"name":"Eshop","item":"https:\/\/klimavex.eu\/cz\/eshop\/"},{"@type":"ListItem","position":3,"name":"Dantherm DanX 1 HP baz\u00e9nov\u00e1 jednotka (s tepeln\u00fdm \u010derpadlem)"}]},{"@type":"WebSite","@id":"https:\/\/klimavex.eu\/cz\/#website","url":"https:\/\/klimavex.eu\/cz\/","name":"KLIMAVEX GROUP - \u010cesko","description":"","publisher":{"@id":"https:\/\/klimavex.eu\/cz\/#organization"},"alternateName":"KLIMAVEX CZ a.s.","potentialAction":[{"@type":"SearchAction","target":{"@type":"EntryPoint","urlTemplate":"https:\/\/klimavex.eu\/cz\/?s={search_term_string}"},"query-input":{"@type":"PropertyValueSpecification","valueRequired":true,"valueName":"search_term_string"}}],"inLanguage":"cs"},{"@type":"Organization","@id":"https:\/\/klimavex.eu\/cz\/#organization","name":"KLIMAVEX GROUP","alternateName":"KLIMAVEX","url":"https:\/\/klimavex.eu\/cz\/","logo":{"@type":"ImageObject","inLanguage":"cs","@id":"https:\/\/klimavex.eu\/cz\/#\/schema\/logo\/image\/","url":"https:\/\/klimavex.eu\/cz\/wp-content\/uploads\/2024\/04\/Klimavex-Group-logo.png","contentUrl":"https:\/\/klimavex.eu\/cz\/wp-content\/uploads\/2024\/04\/Klimavex-Group-logo.png","width":1681,"height":472,"caption":"KLIMAVEX GROUP"},"image":{"@id":"https:\/\/klimavex.eu\/cz\/#\/schema\/logo\/image\/"},"sameAs":["https:\/\/www.facebook.com\/klimavex.cz","https:\/\/www.instagram.com\/klimavex_cz\/"]}]}},"_links":{"self":[{"href":"https:\/\/klimavex.eu\/cz\/wp-json\/wp\/v2\/product\/556985","targetHints":{"allow":["GET"]}}],"collection":[{"href":"https:\/\/klimavex.eu\/cz\/wp-json\/wp\/v2\/product"}],"about":[{"href":"https:\/\/klimavex.eu\/cz\/wp-json\/wp\/v2\/types\/product"}],"version-history":[{"count":0,"href":"https:\/\/klimavex.eu\/cz\/wp-json\/wp\/v2\/product\/556985\/revisions"}],"wp:attachment":[{"href":"https:\/\/klimavex.eu\/cz\/wp-json\/wp\/v2\/media?parent=556985"}],"wp:term":[{"taxonomy":"product_cat","embeddable":true,"href":"https:\/\/klimavex.eu\/cz\/wp-json\/wp\/v2\/product_cat?post=556985"},{"taxonomy":"product_tag","embeddable":true,"href":"https:\/\/klimavex.eu\/cz\/wp-json\/wp\/v2\/product_tag?post=556985"}],"curies":[{"name":"wp","href":"https:\/\/api.w.org\/{rel}","templated":true}]}}