{"id":566830,"date":"2026-03-31T23:08:09","date_gmt":"2026-03-31T21:08:09","guid":{"rendered":"https:\/\/klimavex.eu\/cz\/katalog\/fancoil-sabiana-2trubkovy-parapetni-oplasteny-carisma-whisper-pravy-s-dc-motorem-cff-ecm-mv-cb-t-50-dx\/"},"modified":"2026-03-31T23:08:11","modified_gmt":"2026-03-31T21:08:11","slug":"fancoil-sabiana-2trubkovy-parapetni-oplasteny-carisma-whisper-pravy-s-dc-motorem-cff-ecm-mv-cb-t-50-dx","status":"publish","type":"product","link":"https:\/\/klimavex.eu\/cz\/katalog\/fancoil-sabiana-2trubkovy-parapetni-oplasteny-carisma-whisper-pravy-s-dc-motorem-cff-ecm-mv-cb-t-50-dx\/","title":{"rendered":"Fancoil Sabiana 2trubkov\u00fd parapetn\u00ed opl\u00e1\u0161t\u011bn\u00fd CARISMA WHISPER prav\u00fd s DC motorem CFF-ECM-MV-CB-T 50 DX"},"content":{"rendered":"","protected":false},"excerpt":{"rendered":"","protected":false},"featured_media":567266,"template":"","meta":[],"product_cat":[7648,14541,14540],"product_tag":[],"class_list":{"0":"post-566830","1":"product","2":"type-product","3":"status-publish","4":"has-post-thumbnail","6":"product_cat-fancoily-sabiana","7":"product_cat-cff-ecm","8":"product_cat-parapetni-carisma-whisper-cff","9":"pa_chladici-vykon-7-12-27c-w-14509","10":"pa_hlucnost-max-lp-dba-13886","11":"pa_napajeni-1f-230v","12":"pa_provedeni-parapetni-oplasteny","13":"pa_topny-vykon-45-50-20c-w-14432","14":"pa_typ-cff-ecm-mv","15":"pa_typ-chladiva-voda","16":"pa_typ-motoru-dc","17":"pa_vykonovy-model-14510","18":"pa_vzd-vyk-m3-h-max-otac-14525","19":"pa_zhotoveni-2trubkove","20":"pa_znacka-sabiana","22":"first","23":"instock","24":"taxable","25":"shipping-taxable","26":"purchasable","27":"product-type-simple"},"yoast_head":"<!-- This site is optimized with the Yoast SEO plugin v23.9 - https:\/\/yoast.com\/wordpress\/plugins\/seo\/ -->\n<title>Fancoil Sabiana 2trubkov\u00fd parapetn\u00ed opl\u00e1\u0161t\u011bn\u00fd CARISMA WHISPER prav\u00fd s DC motorem CFF-ECM-MV-CB-T 50 DX - KLIMAVEX GROUP - \u010cesko<\/title>\n<meta name=\"robots\" content=\"index, follow, max-snippet:-1, max-image-preview:large, max-video-preview:-1\" \/>\n<link rel=\"canonical\" href=\"https:\/\/klimavex.eu\/cz\/katalog\/fancoil-sabiana-2trubkovy-parapetni-oplasteny-carisma-whisper-pravy-s-dc-motorem-cff-ecm-mv-cb-t-50-dx\/\" \/>\n<meta property=\"og:locale\" content=\"cs_CZ\" \/>\n<meta property=\"og:type\" content=\"article\" \/>\n<meta property=\"og:title\" content=\"Fancoil Sabiana 2trubkov\u00fd parapetn\u00ed opl\u00e1\u0161t\u011bn\u00fd CARISMA WHISPER prav\u00fd s DC motorem CFF-ECM-MV-CB-T 50 DX - KLIMAVEX GROUP - \u010cesko\" \/>\n<meta property=\"og:url\" content=\"https:\/\/klimavex.eu\/cz\/katalog\/fancoil-sabiana-2trubkovy-parapetni-oplasteny-carisma-whisper-pravy-s-dc-motorem-cff-ecm-mv-cb-t-50-dx\/\" \/>\n<meta property=\"og:site_name\" content=\"KLIMAVEX GROUP - \u010cesko\" \/>\n<meta property=\"article:publisher\" content=\"https:\/\/www.facebook.com\/klimavex.cz\" \/>\n<meta property=\"article:modified_time\" content=\"2026-03-31T21:08:11+00:00\" \/>\n<meta property=\"og:image\" content=\"https:\/\/klimavex.eu\/cz\/wp-content\/uploads\/2025\/10\/e1bJ3Cp2k9zqJgcNideNyqB8Uc-Z-bzBq0f9MgTGPnY-61.jpeg\" \/>\n\t<meta property=\"og:image:width\" content=\"724\" \/>\n\t<meta property=\"og:image:height\" content=\"512\" \/>\n\t<meta property=\"og:image:type\" content=\"image\/jpeg\" \/>\n<meta name=\"twitter:card\" content=\"summary_large_image\" \/>\n<script type=\"application\/ld+json\" class=\"yoast-schema-graph\">{\"@context\":\"https:\/\/schema.org\",\"@graph\":[{\"@type\":\"WebPage\",\"@id\":\"https:\/\/klimavex.eu\/cz\/katalog\/fancoil-sabiana-2trubkovy-parapetni-oplasteny-carisma-whisper-pravy-s-dc-motorem-cff-ecm-mv-cb-t-50-dx\/\",\"url\":\"https:\/\/klimavex.eu\/cz\/katalog\/fancoil-sabiana-2trubkovy-parapetni-oplasteny-carisma-whisper-pravy-s-dc-motorem-cff-ecm-mv-cb-t-50-dx\/\",\"name\":\"Fancoil Sabiana 2trubkov\u00fd parapetn\u00ed opl\u00e1\u0161t\u011bn\u00fd CARISMA WHISPER prav\u00fd s DC motorem CFF-ECM-MV-CB-T 50 DX - KLIMAVEX GROUP - \u010cesko\",\"isPartOf\":{\"@id\":\"https:\/\/klimavex.eu\/cz\/#website\"},\"primaryImageOfPage\":{\"@id\":\"https:\/\/klimavex.eu\/cz\/katalog\/fancoil-sabiana-2trubkovy-parapetni-oplasteny-carisma-whisper-pravy-s-dc-motorem-cff-ecm-mv-cb-t-50-dx\/#primaryimage\"},\"image\":{\"@id\":\"https:\/\/klimavex.eu\/cz\/katalog\/fancoil-sabiana-2trubkovy-parapetni-oplasteny-carisma-whisper-pravy-s-dc-motorem-cff-ecm-mv-cb-t-50-dx\/#primaryimage\"},\"thumbnailUrl\":\"https:\/\/klimavex.eu\/cz\/wp-content\/uploads\/2025\/10\/e1bJ3Cp2k9zqJgcNideNyqB8Uc-Z-bzBq0f9MgTGPnY-61.jpeg\",\"datePublished\":\"2026-03-31T21:08:09+00:00\",\"dateModified\":\"2026-03-31T21:08:11+00:00\",\"breadcrumb\":{\"@id\":\"https:\/\/klimavex.eu\/cz\/katalog\/fancoil-sabiana-2trubkovy-parapetni-oplasteny-carisma-whisper-pravy-s-dc-motorem-cff-ecm-mv-cb-t-50-dx\/#breadcrumb\"},\"inLanguage\":\"cs\",\"potentialAction\":[{\"@type\":\"ReadAction\",\"target\":[\"https:\/\/klimavex.eu\/cz\/katalog\/fancoil-sabiana-2trubkovy-parapetni-oplasteny-carisma-whisper-pravy-s-dc-motorem-cff-ecm-mv-cb-t-50-dx\/\"]}]},{\"@type\":\"ImageObject\",\"inLanguage\":\"cs\",\"@id\":\"https:\/\/klimavex.eu\/cz\/katalog\/fancoil-sabiana-2trubkovy-parapetni-oplasteny-carisma-whisper-pravy-s-dc-motorem-cff-ecm-mv-cb-t-50-dx\/#primaryimage\",\"url\":\"https:\/\/klimavex.eu\/cz\/wp-content\/uploads\/2025\/10\/e1bJ3Cp2k9zqJgcNideNyqB8Uc-Z-bzBq0f9MgTGPnY-61.jpeg\",\"contentUrl\":\"https:\/\/klimavex.eu\/cz\/wp-content\/uploads\/2025\/10\/e1bJ3Cp2k9zqJgcNideNyqB8Uc-Z-bzBq0f9MgTGPnY-61.jpeg\",\"width\":724,\"height\":512},{\"@type\":\"BreadcrumbList\",\"@id\":\"https:\/\/klimavex.eu\/cz\/katalog\/fancoil-sabiana-2trubkovy-parapetni-oplasteny-carisma-whisper-pravy-s-dc-motorem-cff-ecm-mv-cb-t-50-dx\/#breadcrumb\",\"itemListElement\":[{\"@type\":\"ListItem\",\"position\":1,\"name\":\"Domovsk\u00e1 str\u00e1nka\",\"item\":\"https:\/\/klimavex.eu\/cz\/\"},{\"@type\":\"ListItem\",\"position\":2,\"name\":\"Eshop\",\"item\":\"https:\/\/klimavex.eu\/cz\/eshop\/\"},{\"@type\":\"ListItem\",\"position\":3,\"name\":\"Fancoil Sabiana 2trubkov\u00fd parapetn\u00ed opl\u00e1\u0161t\u011bn\u00fd CARISMA WHISPER prav\u00fd s DC motorem CFF-ECM-MV-CB-T 50 DX\"}]},{\"@type\":\"WebSite\",\"@id\":\"https:\/\/klimavex.eu\/cz\/#website\",\"url\":\"https:\/\/klimavex.eu\/cz\/\",\"name\":\"KLIMAVEX GROUP - \u010cesko\",\"description\":\"\",\"publisher\":{\"@id\":\"https:\/\/klimavex.eu\/cz\/#organization\"},\"alternateName\":\"KLIMAVEX CZ a.s.\",\"potentialAction\":[{\"@type\":\"SearchAction\",\"target\":{\"@type\":\"EntryPoint\",\"urlTemplate\":\"https:\/\/klimavex.eu\/cz\/?s={search_term_string}\"},\"query-input\":{\"@type\":\"PropertyValueSpecification\",\"valueRequired\":true,\"valueName\":\"search_term_string\"}}],\"inLanguage\":\"cs\"},{\"@type\":\"Organization\",\"@id\":\"https:\/\/klimavex.eu\/cz\/#organization\",\"name\":\"KLIMAVEX GROUP\",\"alternateName\":\"KLIMAVEX\",\"url\":\"https:\/\/klimavex.eu\/cz\/\",\"logo\":{\"@type\":\"ImageObject\",\"inLanguage\":\"cs\",\"@id\":\"https:\/\/klimavex.eu\/cz\/#\/schema\/logo\/image\/\",\"url\":\"https:\/\/klimavex.eu\/cz\/wp-content\/uploads\/2024\/04\/Klimavex-Group-logo.png\",\"contentUrl\":\"https:\/\/klimavex.eu\/cz\/wp-content\/uploads\/2024\/04\/Klimavex-Group-logo.png\",\"width\":1681,\"height\":472,\"caption\":\"KLIMAVEX GROUP\"},\"image\":{\"@id\":\"https:\/\/klimavex.eu\/cz\/#\/schema\/logo\/image\/\"},\"sameAs\":[\"https:\/\/www.facebook.com\/klimavex.cz\",\"https:\/\/www.instagram.com\/klimavex_cz\/\"]}]}<\/script>\n<!-- \/ Yoast SEO plugin. -->","yoast_head_json":{"title":"Fancoil Sabiana 2trubkov\u00fd parapetn\u00ed opl\u00e1\u0161t\u011bn\u00fd CARISMA WHISPER prav\u00fd s DC motorem CFF-ECM-MV-CB-T 50 DX - KLIMAVEX GROUP - \u010cesko","robots":{"index":"index","follow":"follow","max-snippet":"max-snippet:-1","max-image-preview":"max-image-preview:large","max-video-preview":"max-video-preview:-1"},"canonical":"https:\/\/klimavex.eu\/cz\/katalog\/fancoil-sabiana-2trubkovy-parapetni-oplasteny-carisma-whisper-pravy-s-dc-motorem-cff-ecm-mv-cb-t-50-dx\/","og_locale":"cs_CZ","og_type":"article","og_title":"Fancoil Sabiana 2trubkov\u00fd parapetn\u00ed opl\u00e1\u0161t\u011bn\u00fd CARISMA WHISPER prav\u00fd s DC motorem CFF-ECM-MV-CB-T 50 DX - KLIMAVEX GROUP - \u010cesko","og_url":"https:\/\/klimavex.eu\/cz\/katalog\/fancoil-sabiana-2trubkovy-parapetni-oplasteny-carisma-whisper-pravy-s-dc-motorem-cff-ecm-mv-cb-t-50-dx\/","og_site_name":"KLIMAVEX GROUP - \u010cesko","article_publisher":"https:\/\/www.facebook.com\/klimavex.cz","article_modified_time":"2026-03-31T21:08:11+00:00","og_image":[{"width":724,"height":512,"url":"https:\/\/klimavex.eu\/cz\/wp-content\/uploads\/2025\/10\/e1bJ3Cp2k9zqJgcNideNyqB8Uc-Z-bzBq0f9MgTGPnY-61.jpeg","type":"image\/jpeg"}],"twitter_card":"summary_large_image","schema":{"@context":"https:\/\/schema.org","@graph":[{"@type":"WebPage","@id":"https:\/\/klimavex.eu\/cz\/katalog\/fancoil-sabiana-2trubkovy-parapetni-oplasteny-carisma-whisper-pravy-s-dc-motorem-cff-ecm-mv-cb-t-50-dx\/","url":"https:\/\/klimavex.eu\/cz\/katalog\/fancoil-sabiana-2trubkovy-parapetni-oplasteny-carisma-whisper-pravy-s-dc-motorem-cff-ecm-mv-cb-t-50-dx\/","name":"Fancoil Sabiana 2trubkov\u00fd parapetn\u00ed opl\u00e1\u0161t\u011bn\u00fd CARISMA WHISPER prav\u00fd s DC motorem CFF-ECM-MV-CB-T 50 DX - KLIMAVEX GROUP - \u010cesko","isPartOf":{"@id":"https:\/\/klimavex.eu\/cz\/#website"},"primaryImageOfPage":{"@id":"https:\/\/klimavex.eu\/cz\/katalog\/fancoil-sabiana-2trubkovy-parapetni-oplasteny-carisma-whisper-pravy-s-dc-motorem-cff-ecm-mv-cb-t-50-dx\/#primaryimage"},"image":{"@id":"https:\/\/klimavex.eu\/cz\/katalog\/fancoil-sabiana-2trubkovy-parapetni-oplasteny-carisma-whisper-pravy-s-dc-motorem-cff-ecm-mv-cb-t-50-dx\/#primaryimage"},"thumbnailUrl":"https:\/\/klimavex.eu\/cz\/wp-content\/uploads\/2025\/10\/e1bJ3Cp2k9zqJgcNideNyqB8Uc-Z-bzBq0f9MgTGPnY-61.jpeg","datePublished":"2026-03-31T21:08:09+00:00","dateModified":"2026-03-31T21:08:11+00:00","breadcrumb":{"@id":"https:\/\/klimavex.eu\/cz\/katalog\/fancoil-sabiana-2trubkovy-parapetni-oplasteny-carisma-whisper-pravy-s-dc-motorem-cff-ecm-mv-cb-t-50-dx\/#breadcrumb"},"inLanguage":"cs","potentialAction":[{"@type":"ReadAction","target":["https:\/\/klimavex.eu\/cz\/katalog\/fancoil-sabiana-2trubkovy-parapetni-oplasteny-carisma-whisper-pravy-s-dc-motorem-cff-ecm-mv-cb-t-50-dx\/"]}]},{"@type":"ImageObject","inLanguage":"cs","@id":"https:\/\/klimavex.eu\/cz\/katalog\/fancoil-sabiana-2trubkovy-parapetni-oplasteny-carisma-whisper-pravy-s-dc-motorem-cff-ecm-mv-cb-t-50-dx\/#primaryimage","url":"https:\/\/klimavex.eu\/cz\/wp-content\/uploads\/2025\/10\/e1bJ3Cp2k9zqJgcNideNyqB8Uc-Z-bzBq0f9MgTGPnY-61.jpeg","contentUrl":"https:\/\/klimavex.eu\/cz\/wp-content\/uploads\/2025\/10\/e1bJ3Cp2k9zqJgcNideNyqB8Uc-Z-bzBq0f9MgTGPnY-61.jpeg","width":724,"height":512},{"@type":"BreadcrumbList","@id":"https:\/\/klimavex.eu\/cz\/katalog\/fancoil-sabiana-2trubkovy-parapetni-oplasteny-carisma-whisper-pravy-s-dc-motorem-cff-ecm-mv-cb-t-50-dx\/#breadcrumb","itemListElement":[{"@type":"ListItem","position":1,"name":"Domovsk\u00e1 str\u00e1nka","item":"https:\/\/klimavex.eu\/cz\/"},{"@type":"ListItem","position":2,"name":"Eshop","item":"https:\/\/klimavex.eu\/cz\/eshop\/"},{"@type":"ListItem","position":3,"name":"Fancoil Sabiana 2trubkov\u00fd parapetn\u00ed opl\u00e1\u0161t\u011bn\u00fd CARISMA WHISPER prav\u00fd s DC motorem CFF-ECM-MV-CB-T 50 DX"}]},{"@type":"WebSite","@id":"https:\/\/klimavex.eu\/cz\/#website","url":"https:\/\/klimavex.eu\/cz\/","name":"KLIMAVEX GROUP - \u010cesko","description":"","publisher":{"@id":"https:\/\/klimavex.eu\/cz\/#organization"},"alternateName":"KLIMAVEX CZ a.s.","potentialAction":[{"@type":"SearchAction","target":{"@type":"EntryPoint","urlTemplate":"https:\/\/klimavex.eu\/cz\/?s={search_term_string}"},"query-input":{"@type":"PropertyValueSpecification","valueRequired":true,"valueName":"search_term_string"}}],"inLanguage":"cs"},{"@type":"Organization","@id":"https:\/\/klimavex.eu\/cz\/#organization","name":"KLIMAVEX GROUP","alternateName":"KLIMAVEX","url":"https:\/\/klimavex.eu\/cz\/","logo":{"@type":"ImageObject","inLanguage":"cs","@id":"https:\/\/klimavex.eu\/cz\/#\/schema\/logo\/image\/","url":"https:\/\/klimavex.eu\/cz\/wp-content\/uploads\/2024\/04\/Klimavex-Group-logo.png","contentUrl":"https:\/\/klimavex.eu\/cz\/wp-content\/uploads\/2024\/04\/Klimavex-Group-logo.png","width":1681,"height":472,"caption":"KLIMAVEX GROUP"},"image":{"@id":"https:\/\/klimavex.eu\/cz\/#\/schema\/logo\/image\/"},"sameAs":["https:\/\/www.facebook.com\/klimavex.cz","https:\/\/www.instagram.com\/klimavex_cz\/"]}]}},"_links":{"self":[{"href":"https:\/\/klimavex.eu\/cz\/wp-json\/wp\/v2\/product\/566830","targetHints":{"allow":["GET"]}}],"collection":[{"href":"https:\/\/klimavex.eu\/cz\/wp-json\/wp\/v2\/product"}],"about":[{"href":"https:\/\/klimavex.eu\/cz\/wp-json\/wp\/v2\/types\/product"}],"version-history":[{"count":0,"href":"https:\/\/klimavex.eu\/cz\/wp-json\/wp\/v2\/product\/566830\/revisions"}],"wp:featuredmedia":[{"embeddable":true,"href":"https:\/\/klimavex.eu\/cz\/wp-json\/wp\/v2\/media\/567266"}],"wp:attachment":[{"href":"https:\/\/klimavex.eu\/cz\/wp-json\/wp\/v2\/media?parent=566830"}],"wp:term":[{"taxonomy":"product_cat","embeddable":true,"href":"https:\/\/klimavex.eu\/cz\/wp-json\/wp\/v2\/product_cat?post=566830"},{"taxonomy":"product_tag","embeddable":true,"href":"https:\/\/klimavex.eu\/cz\/wp-json\/wp\/v2\/product_tag?post=566830"}],"curies":[{"name":"wp","href":"https:\/\/api.w.org\/{rel}","templated":true}]}}