{"id":568038,"date":"2026-05-03T22:55:31","date_gmt":"2026-05-03T20:55:31","guid":{"rendered":"https:\/\/klimavex.eu\/cz\/katalog\/prislusenstvi-hyundai-ahu-kit-pro-lcac-35-16-kw-230v-climakit\/"},"modified":"2026-05-03T22:58:09","modified_gmt":"2026-05-03T20:58:09","slug":"prislusenstvi-hyundai-ahu-kit-pro-lcac-35-16-kw-230v-climakit","status":"publish","type":"product","link":"https:\/\/klimavex.eu\/cz\/katalog\/prislusenstvi-hyundai-ahu-kit-pro-lcac-35-16-kw-230v-climakit\/","title":{"rendered":"P\u0159\u00edslu\u0161enstv\u00ed Hyundai AHU KIT pro LCAC 3,5-16 kW 230V CLIMAKIT"},"content":{"rendered":"<p style=\"text-align: justify;\"><strong>Kl&iacute;\u010dov&eacute; vlastnosti<\/strong><\/p>\n<ul>\n<li style=\"text-align: justify;\">\u0158&iacute;zen&iacute; sign&aacute;lem 0-10V nebo p\u0159es Modbus<\/li>\n<li style=\"text-align: justify;\">2m&iacute;stn&yacute; digit&aacute;ln&iacute; displej<\/li>\n<li style=\"text-align: justify;\">2x beznap\u011b\u0165ov&yacute; vstup (chlazen&iacute;, vyt&aacute;p\u011bn&iacute;)<\/li>\n<li style=\"text-align: justify;\">2x beznap\u011b\u0165ov&yacute; v&yacute;stup (odmrazov&aacute;n&iacute;, alarm)<\/li>\n<\/ul>\n","protected":false},"excerpt":{"rendered":"<p style=\"text-align: justify;\">Vnit\u0159n&iacute; jednotku supluje tzv. <strong>AHU kit<\/strong>, co\u017e je komunika\u010dn&iacute; modul pro p\u0159ipojen&iacute; kondenza\u010dn&iacute; jednotky Hyundai na extern&iacute; v&yacute;m\u011bn&iacute;k s&nbsp;mo\u017enost&iacute; vzd&aacute;len&eacute;ho p\u0159ep&iacute;n&aacute;n&iacute; pracovn&iacute;ho re\u017eimu a \u0159&iacute;zen&iacute; v&yacute;konu.<\/p>\n","protected":false},"featured_media":568060,"template":"","meta":[],"product_cat":[7681,7659,14550],"product_tag":[],"class_list":{"0":"post-568038","1":"product","2":"type-product","3":"status-publish","4":"has-post-thumbnail","6":"product_cat-hyundai","7":"product_cat-podle-typu","8":"product_cat-kondenzacni-jednotky-hcu-s-ahu-kitem","9":"pa_napajeni-1f-230v","10":"pa_provedeni-lcac-ahu-kit","11":"pa_znacka-hyundai","13":"first","14":"instock","15":"taxable","16":"shipping-taxable","17":"purchasable","18":"product-type-simple"},"yoast_head":"<!-- This site is optimized with the Yoast SEO plugin v23.9 - https:\/\/yoast.com\/wordpress\/plugins\/seo\/ -->\n<title>P\u0159\u00edslu\u0161enstv\u00ed Hyundai AHU KIT pro LCAC 3,5-16 kW 230V CLIMAKIT - KLIMAVEX GROUP - \u010cesko<\/title>\n<meta name=\"robots\" content=\"index, follow, max-snippet:-1, max-image-preview:large, max-video-preview:-1\" \/>\n<link rel=\"canonical\" href=\"https:\/\/klimavex.eu\/cz\/katalog\/prislusenstvi-hyundai-ahu-kit-pro-lcac-35-16-kw-230v-climakit\/\" \/>\n<meta property=\"og:locale\" content=\"cs_CZ\" \/>\n<meta property=\"og:type\" content=\"article\" \/>\n<meta property=\"og:title\" content=\"P\u0159\u00edslu\u0161enstv\u00ed Hyundai AHU KIT pro LCAC 3,5-16 kW 230V CLIMAKIT - KLIMAVEX GROUP - \u010cesko\" \/>\n<meta property=\"og:description\" content=\"Vnit\u0159n&iacute; jednotku supluje tzv. AHU kit, co\u017e je komunika\u010dn&iacute; modul pro p\u0159ipojen&iacute; kondenza\u010dn&iacute; jednotky Hyundai na extern&iacute; v&yacute;m\u011bn&iacute;k s&nbsp;mo\u017enost&iacute; vzd&aacute;len&eacute;ho p\u0159ep&iacute;n&aacute;n&iacute; pracovn&iacute;ho re\u017eimu a \u0159&iacute;zen&iacute; v&yacute;konu.\" \/>\n<meta property=\"og:url\" content=\"https:\/\/klimavex.eu\/cz\/katalog\/prislusenstvi-hyundai-ahu-kit-pro-lcac-35-16-kw-230v-climakit\/\" \/>\n<meta property=\"og:site_name\" content=\"KLIMAVEX GROUP - \u010cesko\" \/>\n<meta property=\"article:publisher\" content=\"https:\/\/www.facebook.com\/klimavex.cz\" \/>\n<meta property=\"article:modified_time\" content=\"2026-05-03T20:58:09+00:00\" \/>\n<meta property=\"og:image\" content=\"https:\/\/klimavex.eu\/cz\/wp-content\/uploads\/2025\/10\/HGOou0QbJauX87WjH6-cjRFAsLIUzny3I_AOYclTGI-4.png\" \/>\n\t<meta property=\"og:image:width\" content=\"813\" \/>\n\t<meta property=\"og:image:height\" content=\"511\" \/>\n\t<meta property=\"og:image:type\" content=\"image\/png\" \/>\n<meta name=\"twitter:card\" content=\"summary_large_image\" \/>\n<script type=\"application\/ld+json\" class=\"yoast-schema-graph\">{\"@context\":\"https:\/\/schema.org\",\"@graph\":[{\"@type\":\"WebPage\",\"@id\":\"https:\/\/klimavex.eu\/cz\/katalog\/prislusenstvi-hyundai-ahu-kit-pro-lcac-35-16-kw-230v-climakit\/\",\"url\":\"https:\/\/klimavex.eu\/cz\/katalog\/prislusenstvi-hyundai-ahu-kit-pro-lcac-35-16-kw-230v-climakit\/\",\"name\":\"P\u0159\u00edslu\u0161enstv\u00ed Hyundai AHU KIT pro LCAC 3,5-16 kW 230V CLIMAKIT - KLIMAVEX GROUP - \u010cesko\",\"isPartOf\":{\"@id\":\"https:\/\/klimavex.eu\/cz\/#website\"},\"primaryImageOfPage\":{\"@id\":\"https:\/\/klimavex.eu\/cz\/katalog\/prislusenstvi-hyundai-ahu-kit-pro-lcac-35-16-kw-230v-climakit\/#primaryimage\"},\"image\":{\"@id\":\"https:\/\/klimavex.eu\/cz\/katalog\/prislusenstvi-hyundai-ahu-kit-pro-lcac-35-16-kw-230v-climakit\/#primaryimage\"},\"thumbnailUrl\":\"https:\/\/klimavex.eu\/cz\/wp-content\/uploads\/2025\/10\/HGOou0QbJauX87WjH6-cjRFAsLIUzny3I_AOYclTGI-4.png\",\"datePublished\":\"2026-05-03T20:55:31+00:00\",\"dateModified\":\"2026-05-03T20:58:09+00:00\",\"breadcrumb\":{\"@id\":\"https:\/\/klimavex.eu\/cz\/katalog\/prislusenstvi-hyundai-ahu-kit-pro-lcac-35-16-kw-230v-climakit\/#breadcrumb\"},\"inLanguage\":\"cs\",\"potentialAction\":[{\"@type\":\"ReadAction\",\"target\":[\"https:\/\/klimavex.eu\/cz\/katalog\/prislusenstvi-hyundai-ahu-kit-pro-lcac-35-16-kw-230v-climakit\/\"]}]},{\"@type\":\"ImageObject\",\"inLanguage\":\"cs\",\"@id\":\"https:\/\/klimavex.eu\/cz\/katalog\/prislusenstvi-hyundai-ahu-kit-pro-lcac-35-16-kw-230v-climakit\/#primaryimage\",\"url\":\"https:\/\/klimavex.eu\/cz\/wp-content\/uploads\/2025\/10\/HGOou0QbJauX87WjH6-cjRFAsLIUzny3I_AOYclTGI-4.png\",\"contentUrl\":\"https:\/\/klimavex.eu\/cz\/wp-content\/uploads\/2025\/10\/HGOou0QbJauX87WjH6-cjRFAsLIUzny3I_AOYclTGI-4.png\",\"width\":813,\"height\":511},{\"@type\":\"BreadcrumbList\",\"@id\":\"https:\/\/klimavex.eu\/cz\/katalog\/prislusenstvi-hyundai-ahu-kit-pro-lcac-35-16-kw-230v-climakit\/#breadcrumb\",\"itemListElement\":[{\"@type\":\"ListItem\",\"position\":1,\"name\":\"Domovsk\u00e1 str\u00e1nka\",\"item\":\"https:\/\/klimavex.eu\/cz\/\"},{\"@type\":\"ListItem\",\"position\":2,\"name\":\"Eshop\",\"item\":\"https:\/\/klimavex.eu\/cz\/eshop\/\"},{\"@type\":\"ListItem\",\"position\":3,\"name\":\"P\u0159\u00edslu\u0161enstv\u00ed Hyundai AHU KIT pro LCAC 3,5-16 kW 230V CLIMAKIT\"}]},{\"@type\":\"WebSite\",\"@id\":\"https:\/\/klimavex.eu\/cz\/#website\",\"url\":\"https:\/\/klimavex.eu\/cz\/\",\"name\":\"KLIMAVEX GROUP - \u010cesko\",\"description\":\"\",\"publisher\":{\"@id\":\"https:\/\/klimavex.eu\/cz\/#organization\"},\"alternateName\":\"KLIMAVEX CZ a.s.\",\"potentialAction\":[{\"@type\":\"SearchAction\",\"target\":{\"@type\":\"EntryPoint\",\"urlTemplate\":\"https:\/\/klimavex.eu\/cz\/?s={search_term_string}\"},\"query-input\":{\"@type\":\"PropertyValueSpecification\",\"valueRequired\":true,\"valueName\":\"search_term_string\"}}],\"inLanguage\":\"cs\"},{\"@type\":\"Organization\",\"@id\":\"https:\/\/klimavex.eu\/cz\/#organization\",\"name\":\"KLIMAVEX GROUP\",\"alternateName\":\"KLIMAVEX\",\"url\":\"https:\/\/klimavex.eu\/cz\/\",\"logo\":{\"@type\":\"ImageObject\",\"inLanguage\":\"cs\",\"@id\":\"https:\/\/klimavex.eu\/cz\/#\/schema\/logo\/image\/\",\"url\":\"https:\/\/klimavex.eu\/cz\/wp-content\/uploads\/2024\/04\/Klimavex-Group-logo.png\",\"contentUrl\":\"https:\/\/klimavex.eu\/cz\/wp-content\/uploads\/2024\/04\/Klimavex-Group-logo.png\",\"width\":1681,\"height\":472,\"caption\":\"KLIMAVEX GROUP\"},\"image\":{\"@id\":\"https:\/\/klimavex.eu\/cz\/#\/schema\/logo\/image\/\"},\"sameAs\":[\"https:\/\/www.facebook.com\/klimavex.cz\",\"https:\/\/www.instagram.com\/klimavex_cz\/\"]}]}<\/script>\n<!-- \/ Yoast SEO plugin. -->","yoast_head_json":{"title":"P\u0159\u00edslu\u0161enstv\u00ed Hyundai AHU KIT pro LCAC 3,5-16 kW 230V CLIMAKIT - KLIMAVEX GROUP - \u010cesko","robots":{"index":"index","follow":"follow","max-snippet":"max-snippet:-1","max-image-preview":"max-image-preview:large","max-video-preview":"max-video-preview:-1"},"canonical":"https:\/\/klimavex.eu\/cz\/katalog\/prislusenstvi-hyundai-ahu-kit-pro-lcac-35-16-kw-230v-climakit\/","og_locale":"cs_CZ","og_type":"article","og_title":"P\u0159\u00edslu\u0161enstv\u00ed Hyundai AHU KIT pro LCAC 3,5-16 kW 230V CLIMAKIT - KLIMAVEX GROUP - \u010cesko","og_description":"Vnit\u0159n&iacute; jednotku supluje tzv. AHU kit, co\u017e je komunika\u010dn&iacute; modul pro p\u0159ipojen&iacute; kondenza\u010dn&iacute; jednotky Hyundai na extern&iacute; v&yacute;m\u011bn&iacute;k s&nbsp;mo\u017enost&iacute; vzd&aacute;len&eacute;ho p\u0159ep&iacute;n&aacute;n&iacute; pracovn&iacute;ho re\u017eimu a \u0159&iacute;zen&iacute; v&yacute;konu.","og_url":"https:\/\/klimavex.eu\/cz\/katalog\/prislusenstvi-hyundai-ahu-kit-pro-lcac-35-16-kw-230v-climakit\/","og_site_name":"KLIMAVEX GROUP - \u010cesko","article_publisher":"https:\/\/www.facebook.com\/klimavex.cz","article_modified_time":"2026-05-03T20:58:09+00:00","og_image":[{"width":813,"height":511,"url":"https:\/\/klimavex.eu\/cz\/wp-content\/uploads\/2025\/10\/HGOou0QbJauX87WjH6-cjRFAsLIUzny3I_AOYclTGI-4.png","type":"image\/png"}],"twitter_card":"summary_large_image","schema":{"@context":"https:\/\/schema.org","@graph":[{"@type":"WebPage","@id":"https:\/\/klimavex.eu\/cz\/katalog\/prislusenstvi-hyundai-ahu-kit-pro-lcac-35-16-kw-230v-climakit\/","url":"https:\/\/klimavex.eu\/cz\/katalog\/prislusenstvi-hyundai-ahu-kit-pro-lcac-35-16-kw-230v-climakit\/","name":"P\u0159\u00edslu\u0161enstv\u00ed Hyundai AHU KIT pro LCAC 3,5-16 kW 230V CLIMAKIT - KLIMAVEX GROUP - \u010cesko","isPartOf":{"@id":"https:\/\/klimavex.eu\/cz\/#website"},"primaryImageOfPage":{"@id":"https:\/\/klimavex.eu\/cz\/katalog\/prislusenstvi-hyundai-ahu-kit-pro-lcac-35-16-kw-230v-climakit\/#primaryimage"},"image":{"@id":"https:\/\/klimavex.eu\/cz\/katalog\/prislusenstvi-hyundai-ahu-kit-pro-lcac-35-16-kw-230v-climakit\/#primaryimage"},"thumbnailUrl":"https:\/\/klimavex.eu\/cz\/wp-content\/uploads\/2025\/10\/HGOou0QbJauX87WjH6-cjRFAsLIUzny3I_AOYclTGI-4.png","datePublished":"2026-05-03T20:55:31+00:00","dateModified":"2026-05-03T20:58:09+00:00","breadcrumb":{"@id":"https:\/\/klimavex.eu\/cz\/katalog\/prislusenstvi-hyundai-ahu-kit-pro-lcac-35-16-kw-230v-climakit\/#breadcrumb"},"inLanguage":"cs","potentialAction":[{"@type":"ReadAction","target":["https:\/\/klimavex.eu\/cz\/katalog\/prislusenstvi-hyundai-ahu-kit-pro-lcac-35-16-kw-230v-climakit\/"]}]},{"@type":"ImageObject","inLanguage":"cs","@id":"https:\/\/klimavex.eu\/cz\/katalog\/prislusenstvi-hyundai-ahu-kit-pro-lcac-35-16-kw-230v-climakit\/#primaryimage","url":"https:\/\/klimavex.eu\/cz\/wp-content\/uploads\/2025\/10\/HGOou0QbJauX87WjH6-cjRFAsLIUzny3I_AOYclTGI-4.png","contentUrl":"https:\/\/klimavex.eu\/cz\/wp-content\/uploads\/2025\/10\/HGOou0QbJauX87WjH6-cjRFAsLIUzny3I_AOYclTGI-4.png","width":813,"height":511},{"@type":"BreadcrumbList","@id":"https:\/\/klimavex.eu\/cz\/katalog\/prislusenstvi-hyundai-ahu-kit-pro-lcac-35-16-kw-230v-climakit\/#breadcrumb","itemListElement":[{"@type":"ListItem","position":1,"name":"Domovsk\u00e1 str\u00e1nka","item":"https:\/\/klimavex.eu\/cz\/"},{"@type":"ListItem","position":2,"name":"Eshop","item":"https:\/\/klimavex.eu\/cz\/eshop\/"},{"@type":"ListItem","position":3,"name":"P\u0159\u00edslu\u0161enstv\u00ed Hyundai AHU KIT pro LCAC 3,5-16 kW 230V CLIMAKIT"}]},{"@type":"WebSite","@id":"https:\/\/klimavex.eu\/cz\/#website","url":"https:\/\/klimavex.eu\/cz\/","name":"KLIMAVEX GROUP - \u010cesko","description":"","publisher":{"@id":"https:\/\/klimavex.eu\/cz\/#organization"},"alternateName":"KLIMAVEX CZ a.s.","potentialAction":[{"@type":"SearchAction","target":{"@type":"EntryPoint","urlTemplate":"https:\/\/klimavex.eu\/cz\/?s={search_term_string}"},"query-input":{"@type":"PropertyValueSpecification","valueRequired":true,"valueName":"search_term_string"}}],"inLanguage":"cs"},{"@type":"Organization","@id":"https:\/\/klimavex.eu\/cz\/#organization","name":"KLIMAVEX GROUP","alternateName":"KLIMAVEX","url":"https:\/\/klimavex.eu\/cz\/","logo":{"@type":"ImageObject","inLanguage":"cs","@id":"https:\/\/klimavex.eu\/cz\/#\/schema\/logo\/image\/","url":"https:\/\/klimavex.eu\/cz\/wp-content\/uploads\/2024\/04\/Klimavex-Group-logo.png","contentUrl":"https:\/\/klimavex.eu\/cz\/wp-content\/uploads\/2024\/04\/Klimavex-Group-logo.png","width":1681,"height":472,"caption":"KLIMAVEX GROUP"},"image":{"@id":"https:\/\/klimavex.eu\/cz\/#\/schema\/logo\/image\/"},"sameAs":["https:\/\/www.facebook.com\/klimavex.cz","https:\/\/www.instagram.com\/klimavex_cz\/"]}]}},"_links":{"self":[{"href":"https:\/\/klimavex.eu\/cz\/wp-json\/wp\/v2\/product\/568038","targetHints":{"allow":["GET"]}}],"collection":[{"href":"https:\/\/klimavex.eu\/cz\/wp-json\/wp\/v2\/product"}],"about":[{"href":"https:\/\/klimavex.eu\/cz\/wp-json\/wp\/v2\/types\/product"}],"version-history":[{"count":0,"href":"https:\/\/klimavex.eu\/cz\/wp-json\/wp\/v2\/product\/568038\/revisions"}],"wp:featuredmedia":[{"embeddable":true,"href":"https:\/\/klimavex.eu\/cz\/wp-json\/wp\/v2\/media\/568060"}],"wp:attachment":[{"href":"https:\/\/klimavex.eu\/cz\/wp-json\/wp\/v2\/media?parent=568038"}],"wp:term":[{"taxonomy":"product_cat","embeddable":true,"href":"https:\/\/klimavex.eu\/cz\/wp-json\/wp\/v2\/product_cat?post=568038"},{"taxonomy":"product_tag","embeddable":true,"href":"https:\/\/klimavex.eu\/cz\/wp-json\/wp\/v2\/product_tag?post=568038"}],"curies":[{"name":"wp","href":"https:\/\/api.w.org\/{rel}","templated":true}]}}