{"id":568048,"date":"2026-04-09T12:03:05","date_gmt":"2026-04-09T10:03:05","guid":{"rendered":"https:\/\/klimavex.eu\/cz\/katalog\/klimatizace-hyundai-kondenzacni-jednotka-lcac-pro-vzt-s-ahu-kitem-0-10v-modbus-rizeni-vykonu-hcu-m36ou-2-climakit-r32-400v-106kw\/"},"modified":"2026-04-09T12:03:38","modified_gmt":"2026-04-09T10:03:38","slug":"klimatizace-hyundai-kondenzacni-jednotka-lcac-pro-vzt-s-ahu-kitem-0-10v-modbus-rizeni-vykonu-hcu-m36ou-2-climakit-r32-400v-106kw","status":"publish","type":"product","link":"https:\/\/klimavex.eu\/cz\/katalog\/klimatizace-hyundai-kondenzacni-jednotka-lcac-pro-vzt-s-ahu-kitem-0-10v-modbus-rizeni-vykonu-hcu-m36ou-2-climakit-r32-400v-106kw\/","title":{"rendered":"Klimatizace Hyundai kondenza\u010dn\u00ed jednotka LCAC pro VZT s AHU kitem (0-10V, modbus) \u0159\u00edzen\u00ed v\u00fdkonu HCU-M36OU\/2\/CLIMAKIT R32 400V 10,6kW"},"content":{"rendered":"<p style=\"text-align: justify;\"><strong>Kl&iacute;\u010dov&eacute; vlastnosti<\/strong><\/p>\n<ul>\n<li style=\"text-align: justify;\">Chlazen&iacute; -15 &deg;C a\u017e +50 &deg;C venkovn&iacute; teploty<\/li>\n<li style=\"text-align: justify;\">Vyt&aacute;p\u011bn&iacute; -20 &deg;C a\u017e +24 &deg;C venkovn&iacute; teploty<\/li>\n<li style=\"text-align: justify;\">Zabudovan&yacute; oh\u0159ev kompresoru a vany venkovn&iacute; jednotky<\/li>\n<li>AHU kit\n<ul>\n<li style=\"text-align: justify;\">\u0158&iacute;zen&iacute; sign&aacute;lem 0-10V nebo p\u0159es Modbus<\/li>\n<li style=\"text-align: justify;\">2m&iacute;stn&yacute; digit&aacute;ln&iacute; displej<\/li>\n<li style=\"text-align: justify;\">2x beznap\u011b\u0165ov&yacute; vstup (chlazen&iacute;, vyt&aacute;p\u011bn&iacute;)<\/li>\n<li style=\"text-align: justify;\">2x beznap\u011b\u0165ov&yacute; v&yacute;stup (odmrazov&aacute;n&iacute;, alarm)<\/li>\n<\/ul>\n<\/li>\n<\/ul>\n","protected":false},"excerpt":{"rendered":"<p style=\"text-align: justify;\">Kondenza\u010dn&iacute; jednotka <strong>Hyundai HCU<\/strong> je venkovn&iacute; klimatiza\u010dn&iacute; jednotka p\u0159edev&scaron;&iacute;m pro <strong>komer\u010dn&iacute; &uacute;\u010dely<\/strong>. V&nbsp;re\u017eimu <strong>chlazen&iacute; <\/strong>spl\u0148uje svou funkci <strong>a\u017e do 50 &deg;C<\/strong> venkovn&iacute; teploty, teplota vzduchu na s&aacute;n&iacute; je 18 a\u017e 32 &deg;C. V&nbsp;re\u017eimu <strong>vyt&aacute;p\u011bn&iacute; <\/strong>pracuje <strong>a\u017e do -20 &deg;C<\/strong> venkovn&iacute; teploty v&nbsp;d\u016fsledku <strong>zabudovan&eacute;ho oh\u0159evu kompresoru a vany venkovn&iacute; jednotky<\/strong>, teplota vzduchu na s&aacute;n&iacute; je 16 a\u017e 30 &deg;C. Vnit\u0159n&iacute; jednotku supluje tzv. <strong>AHU kit<\/strong>, co\u017e je komunika\u010dn&iacute; modul pro p\u0159ipojen&iacute; kondenza\u010dn&iacute; jednotky Hyundai na extern&iacute; v&yacute;m\u011bn&iacute;k s&nbsp;mo\u017enost&iacute; vzd&aacute;len&eacute;ho p\u0159ep&iacute;n&aacute;n&iacute; pracovn&iacute;ho re\u017eimu a \u0159&iacute;zen&iacute; v&yacute;konu.<\/p>\n","protected":false},"featured_media":568065,"template":"","meta":[],"product_cat":[7681,7659,14550],"product_tag":[],"class_list":{"0":"post-568048","1":"product","2":"type-product","3":"status-publish","4":"has-post-thumbnail","6":"product_cat-hyundai","7":"product_cat-podle-typu","8":"product_cat-kondenzacni-jednotky-hcu-s-ahu-kitem","9":"pa_chlad-do-von-tep-c-15c","10":"pa_chladici-vykon-14548","11":"pa_napajeni-3f-400v","12":"pa_prikon-chlazeni-12185","13":"pa_prikon-vytapeni-12176","14":"pa_provedeni-lcac-ahu-kit","15":"pa_topny-vykon-14549","16":"pa_typ-chladiva-r32","17":"pa_vyk-do-von-tepl-c-20c","18":"pa_vykonovy-model-11515","19":"pa_znacka-hyundai","21":"first","22":"instock","23":"taxable","24":"shipping-taxable","25":"purchasable","26":"product-type-simple"},"yoast_head":"<!-- This site is optimized with the Yoast SEO plugin v23.9 - https:\/\/yoast.com\/wordpress\/plugins\/seo\/ -->\n<title>Klimatizace Hyundai kondenza\u010dn\u00ed jednotka LCAC pro VZT s AHU kitem (0-10V, modbus) \u0159\u00edzen\u00ed v\u00fdkonu HCU-M36OU\/2\/CLIMAKIT R32 400V 10,6kW - KLIMAVEX GROUP - \u010cesko<\/title>\n<meta name=\"robots\" content=\"index, follow, max-snippet:-1, max-image-preview:large, max-video-preview:-1\" \/>\n<link rel=\"canonical\" href=\"https:\/\/klimavex.eu\/cz\/katalog\/klimatizace-hyundai-kondenzacni-jednotka-lcac-pro-vzt-s-ahu-kitem-0-10v-modbus-rizeni-vykonu-hcu-m36ou-2-climakit-r32-400v-106kw\/\" \/>\n<meta property=\"og:locale\" content=\"cs_CZ\" \/>\n<meta property=\"og:type\" content=\"article\" \/>\n<meta property=\"og:title\" content=\"Klimatizace Hyundai kondenza\u010dn\u00ed jednotka LCAC pro VZT s AHU kitem (0-10V, modbus) \u0159\u00edzen\u00ed v\u00fdkonu HCU-M36OU\/2\/CLIMAKIT R32 400V 10,6kW - KLIMAVEX GROUP - \u010cesko\" \/>\n<meta property=\"og:description\" content=\"Kondenza\u010dn&iacute; jednotka Hyundai HCU je venkovn&iacute; klimatiza\u010dn&iacute; jednotka p\u0159edev&scaron;&iacute;m pro komer\u010dn&iacute; &uacute;\u010dely. V&nbsp;re\u017eimu chlazen&iacute; spl\u0148uje svou funkci a\u017e do 50 &deg;C venkovn&iacute; teploty, teplota vzduchu na s&aacute;n&iacute; je 18 a\u017e 32 &deg;C. V&nbsp;re\u017eimu vyt&aacute;p\u011bn&iacute; pracuje a\u017e do -20 &deg;C venkovn&iacute; teploty v&nbsp;d\u016fsledku zabudovan&eacute;ho oh\u0159evu kompresoru a vany venkovn&iacute; jednotky, teplota vzduchu na s&aacute;n&iacute; je 16 a\u017e 30 &deg;C. Vnit\u0159n&iacute; jednotku supluje tzv. AHU kit, co\u017e je komunika\u010dn&iacute; modul pro p\u0159ipojen&iacute; kondenza\u010dn&iacute; jednotky Hyundai na extern&iacute; v&yacute;m\u011bn&iacute;k s&nbsp;mo\u017enost&iacute; vzd&aacute;len&eacute;ho p\u0159ep&iacute;n&aacute;n&iacute; pracovn&iacute;ho re\u017eimu a \u0159&iacute;zen&iacute; v&yacute;konu.\" \/>\n<meta property=\"og:url\" content=\"https:\/\/klimavex.eu\/cz\/katalog\/klimatizace-hyundai-kondenzacni-jednotka-lcac-pro-vzt-s-ahu-kitem-0-10v-modbus-rizeni-vykonu-hcu-m36ou-2-climakit-r32-400v-106kw\/\" \/>\n<meta property=\"og:site_name\" content=\"KLIMAVEX GROUP - \u010cesko\" \/>\n<meta property=\"article:publisher\" content=\"https:\/\/www.facebook.com\/klimavex.cz\" \/>\n<meta property=\"article:modified_time\" content=\"2026-04-09T10:03:38+00:00\" \/>\n<meta property=\"og:image\" content=\"https:\/\/klimavex.eu\/cz\/wp-content\/uploads\/2025\/10\/HGOou0QbJauX87WjH6-cjRFAsLIUzny3I_AOYclTGI-6.png\" \/>\n\t<meta property=\"og:image:width\" content=\"813\" \/>\n\t<meta property=\"og:image:height\" content=\"511\" \/>\n\t<meta property=\"og:image:type\" content=\"image\/png\" \/>\n<meta name=\"twitter:card\" content=\"summary_large_image\" \/>\n<script type=\"application\/ld+json\" class=\"yoast-schema-graph\">{\"@context\":\"https:\/\/schema.org\",\"@graph\":[{\"@type\":\"WebPage\",\"@id\":\"https:\/\/klimavex.eu\/cz\/katalog\/klimatizace-hyundai-kondenzacni-jednotka-lcac-pro-vzt-s-ahu-kitem-0-10v-modbus-rizeni-vykonu-hcu-m36ou-2-climakit-r32-400v-106kw\/\",\"url\":\"https:\/\/klimavex.eu\/cz\/katalog\/klimatizace-hyundai-kondenzacni-jednotka-lcac-pro-vzt-s-ahu-kitem-0-10v-modbus-rizeni-vykonu-hcu-m36ou-2-climakit-r32-400v-106kw\/\",\"name\":\"Klimatizace Hyundai kondenza\u010dn\u00ed jednotka LCAC pro VZT s AHU kitem (0-10V, modbus) \u0159\u00edzen\u00ed v\u00fdkonu HCU-M36OU\/2\/CLIMAKIT R32 400V 10,6kW - KLIMAVEX GROUP - \u010cesko\",\"isPartOf\":{\"@id\":\"https:\/\/klimavex.eu\/cz\/#website\"},\"primaryImageOfPage\":{\"@id\":\"https:\/\/klimavex.eu\/cz\/katalog\/klimatizace-hyundai-kondenzacni-jednotka-lcac-pro-vzt-s-ahu-kitem-0-10v-modbus-rizeni-vykonu-hcu-m36ou-2-climakit-r32-400v-106kw\/#primaryimage\"},\"image\":{\"@id\":\"https:\/\/klimavex.eu\/cz\/katalog\/klimatizace-hyundai-kondenzacni-jednotka-lcac-pro-vzt-s-ahu-kitem-0-10v-modbus-rizeni-vykonu-hcu-m36ou-2-climakit-r32-400v-106kw\/#primaryimage\"},\"thumbnailUrl\":\"https:\/\/klimavex.eu\/cz\/wp-content\/uploads\/2025\/10\/HGOou0QbJauX87WjH6-cjRFAsLIUzny3I_AOYclTGI-6.png\",\"datePublished\":\"2026-04-09T10:03:05+00:00\",\"dateModified\":\"2026-04-09T10:03:38+00:00\",\"breadcrumb\":{\"@id\":\"https:\/\/klimavex.eu\/cz\/katalog\/klimatizace-hyundai-kondenzacni-jednotka-lcac-pro-vzt-s-ahu-kitem-0-10v-modbus-rizeni-vykonu-hcu-m36ou-2-climakit-r32-400v-106kw\/#breadcrumb\"},\"inLanguage\":\"cs\",\"potentialAction\":[{\"@type\":\"ReadAction\",\"target\":[\"https:\/\/klimavex.eu\/cz\/katalog\/klimatizace-hyundai-kondenzacni-jednotka-lcac-pro-vzt-s-ahu-kitem-0-10v-modbus-rizeni-vykonu-hcu-m36ou-2-climakit-r32-400v-106kw\/\"]}]},{\"@type\":\"ImageObject\",\"inLanguage\":\"cs\",\"@id\":\"https:\/\/klimavex.eu\/cz\/katalog\/klimatizace-hyundai-kondenzacni-jednotka-lcac-pro-vzt-s-ahu-kitem-0-10v-modbus-rizeni-vykonu-hcu-m36ou-2-climakit-r32-400v-106kw\/#primaryimage\",\"url\":\"https:\/\/klimavex.eu\/cz\/wp-content\/uploads\/2025\/10\/HGOou0QbJauX87WjH6-cjRFAsLIUzny3I_AOYclTGI-6.png\",\"contentUrl\":\"https:\/\/klimavex.eu\/cz\/wp-content\/uploads\/2025\/10\/HGOou0QbJauX87WjH6-cjRFAsLIUzny3I_AOYclTGI-6.png\",\"width\":813,\"height\":511},{\"@type\":\"BreadcrumbList\",\"@id\":\"https:\/\/klimavex.eu\/cz\/katalog\/klimatizace-hyundai-kondenzacni-jednotka-lcac-pro-vzt-s-ahu-kitem-0-10v-modbus-rizeni-vykonu-hcu-m36ou-2-climakit-r32-400v-106kw\/#breadcrumb\",\"itemListElement\":[{\"@type\":\"ListItem\",\"position\":1,\"name\":\"Domovsk\u00e1 str\u00e1nka\",\"item\":\"https:\/\/klimavex.eu\/cz\/\"},{\"@type\":\"ListItem\",\"position\":2,\"name\":\"Eshop\",\"item\":\"https:\/\/klimavex.eu\/cz\/eshop\/\"},{\"@type\":\"ListItem\",\"position\":3,\"name\":\"Klimatizace Hyundai kondenza\u010dn\u00ed jednotka LCAC pro VZT s AHU kitem (0-10V, modbus) \u0159\u00edzen\u00ed v\u00fdkonu HCU-M36OU\/2\/CLIMAKIT R32 400V 10,6kW\"}]},{\"@type\":\"WebSite\",\"@id\":\"https:\/\/klimavex.eu\/cz\/#website\",\"url\":\"https:\/\/klimavex.eu\/cz\/\",\"name\":\"KLIMAVEX GROUP - \u010cesko\",\"description\":\"\",\"publisher\":{\"@id\":\"https:\/\/klimavex.eu\/cz\/#organization\"},\"alternateName\":\"KLIMAVEX CZ a.s.\",\"potentialAction\":[{\"@type\":\"SearchAction\",\"target\":{\"@type\":\"EntryPoint\",\"urlTemplate\":\"https:\/\/klimavex.eu\/cz\/?s={search_term_string}\"},\"query-input\":{\"@type\":\"PropertyValueSpecification\",\"valueRequired\":true,\"valueName\":\"search_term_string\"}}],\"inLanguage\":\"cs\"},{\"@type\":\"Organization\",\"@id\":\"https:\/\/klimavex.eu\/cz\/#organization\",\"name\":\"KLIMAVEX GROUP\",\"alternateName\":\"KLIMAVEX\",\"url\":\"https:\/\/klimavex.eu\/cz\/\",\"logo\":{\"@type\":\"ImageObject\",\"inLanguage\":\"cs\",\"@id\":\"https:\/\/klimavex.eu\/cz\/#\/schema\/logo\/image\/\",\"url\":\"https:\/\/klimavex.eu\/cz\/wp-content\/uploads\/2024\/04\/Klimavex-Group-logo.png\",\"contentUrl\":\"https:\/\/klimavex.eu\/cz\/wp-content\/uploads\/2024\/04\/Klimavex-Group-logo.png\",\"width\":1681,\"height\":472,\"caption\":\"KLIMAVEX GROUP\"},\"image\":{\"@id\":\"https:\/\/klimavex.eu\/cz\/#\/schema\/logo\/image\/\"},\"sameAs\":[\"https:\/\/www.facebook.com\/klimavex.cz\",\"https:\/\/www.instagram.com\/klimavex_cz\/\"]}]}<\/script>\n<!-- \/ Yoast SEO plugin. -->","yoast_head_json":{"title":"Klimatizace Hyundai kondenza\u010dn\u00ed jednotka LCAC pro VZT s AHU kitem (0-10V, modbus) \u0159\u00edzen\u00ed v\u00fdkonu HCU-M36OU\/2\/CLIMAKIT R32 400V 10,6kW - KLIMAVEX GROUP - \u010cesko","robots":{"index":"index","follow":"follow","max-snippet":"max-snippet:-1","max-image-preview":"max-image-preview:large","max-video-preview":"max-video-preview:-1"},"canonical":"https:\/\/klimavex.eu\/cz\/katalog\/klimatizace-hyundai-kondenzacni-jednotka-lcac-pro-vzt-s-ahu-kitem-0-10v-modbus-rizeni-vykonu-hcu-m36ou-2-climakit-r32-400v-106kw\/","og_locale":"cs_CZ","og_type":"article","og_title":"Klimatizace Hyundai kondenza\u010dn\u00ed jednotka LCAC pro VZT s AHU kitem (0-10V, modbus) \u0159\u00edzen\u00ed v\u00fdkonu HCU-M36OU\/2\/CLIMAKIT R32 400V 10,6kW - KLIMAVEX GROUP - \u010cesko","og_description":"Kondenza\u010dn&iacute; jednotka Hyundai HCU je venkovn&iacute; klimatiza\u010dn&iacute; jednotka p\u0159edev&scaron;&iacute;m pro komer\u010dn&iacute; &uacute;\u010dely. V&nbsp;re\u017eimu chlazen&iacute; spl\u0148uje svou funkci a\u017e do 50 &deg;C venkovn&iacute; teploty, teplota vzduchu na s&aacute;n&iacute; je 18 a\u017e 32 &deg;C. V&nbsp;re\u017eimu vyt&aacute;p\u011bn&iacute; pracuje a\u017e do -20 &deg;C venkovn&iacute; teploty v&nbsp;d\u016fsledku zabudovan&eacute;ho oh\u0159evu kompresoru a vany venkovn&iacute; jednotky, teplota vzduchu na s&aacute;n&iacute; je 16 a\u017e 30 &deg;C. Vnit\u0159n&iacute; jednotku supluje tzv. AHU kit, co\u017e je komunika\u010dn&iacute; modul pro p\u0159ipojen&iacute; kondenza\u010dn&iacute; jednotky Hyundai na extern&iacute; v&yacute;m\u011bn&iacute;k s&nbsp;mo\u017enost&iacute; vzd&aacute;len&eacute;ho p\u0159ep&iacute;n&aacute;n&iacute; pracovn&iacute;ho re\u017eimu a \u0159&iacute;zen&iacute; v&yacute;konu.","og_url":"https:\/\/klimavex.eu\/cz\/katalog\/klimatizace-hyundai-kondenzacni-jednotka-lcac-pro-vzt-s-ahu-kitem-0-10v-modbus-rizeni-vykonu-hcu-m36ou-2-climakit-r32-400v-106kw\/","og_site_name":"KLIMAVEX GROUP - \u010cesko","article_publisher":"https:\/\/www.facebook.com\/klimavex.cz","article_modified_time":"2026-04-09T10:03:38+00:00","og_image":[{"width":813,"height":511,"url":"https:\/\/klimavex.eu\/cz\/wp-content\/uploads\/2025\/10\/HGOou0QbJauX87WjH6-cjRFAsLIUzny3I_AOYclTGI-6.png","type":"image\/png"}],"twitter_card":"summary_large_image","schema":{"@context":"https:\/\/schema.org","@graph":[{"@type":"WebPage","@id":"https:\/\/klimavex.eu\/cz\/katalog\/klimatizace-hyundai-kondenzacni-jednotka-lcac-pro-vzt-s-ahu-kitem-0-10v-modbus-rizeni-vykonu-hcu-m36ou-2-climakit-r32-400v-106kw\/","url":"https:\/\/klimavex.eu\/cz\/katalog\/klimatizace-hyundai-kondenzacni-jednotka-lcac-pro-vzt-s-ahu-kitem-0-10v-modbus-rizeni-vykonu-hcu-m36ou-2-climakit-r32-400v-106kw\/","name":"Klimatizace Hyundai kondenza\u010dn\u00ed jednotka LCAC pro VZT s AHU kitem (0-10V, modbus) \u0159\u00edzen\u00ed v\u00fdkonu HCU-M36OU\/2\/CLIMAKIT R32 400V 10,6kW - KLIMAVEX GROUP - \u010cesko","isPartOf":{"@id":"https:\/\/klimavex.eu\/cz\/#website"},"primaryImageOfPage":{"@id":"https:\/\/klimavex.eu\/cz\/katalog\/klimatizace-hyundai-kondenzacni-jednotka-lcac-pro-vzt-s-ahu-kitem-0-10v-modbus-rizeni-vykonu-hcu-m36ou-2-climakit-r32-400v-106kw\/#primaryimage"},"image":{"@id":"https:\/\/klimavex.eu\/cz\/katalog\/klimatizace-hyundai-kondenzacni-jednotka-lcac-pro-vzt-s-ahu-kitem-0-10v-modbus-rizeni-vykonu-hcu-m36ou-2-climakit-r32-400v-106kw\/#primaryimage"},"thumbnailUrl":"https:\/\/klimavex.eu\/cz\/wp-content\/uploads\/2025\/10\/HGOou0QbJauX87WjH6-cjRFAsLIUzny3I_AOYclTGI-6.png","datePublished":"2026-04-09T10:03:05+00:00","dateModified":"2026-04-09T10:03:38+00:00","breadcrumb":{"@id":"https:\/\/klimavex.eu\/cz\/katalog\/klimatizace-hyundai-kondenzacni-jednotka-lcac-pro-vzt-s-ahu-kitem-0-10v-modbus-rizeni-vykonu-hcu-m36ou-2-climakit-r32-400v-106kw\/#breadcrumb"},"inLanguage":"cs","potentialAction":[{"@type":"ReadAction","target":["https:\/\/klimavex.eu\/cz\/katalog\/klimatizace-hyundai-kondenzacni-jednotka-lcac-pro-vzt-s-ahu-kitem-0-10v-modbus-rizeni-vykonu-hcu-m36ou-2-climakit-r32-400v-106kw\/"]}]},{"@type":"ImageObject","inLanguage":"cs","@id":"https:\/\/klimavex.eu\/cz\/katalog\/klimatizace-hyundai-kondenzacni-jednotka-lcac-pro-vzt-s-ahu-kitem-0-10v-modbus-rizeni-vykonu-hcu-m36ou-2-climakit-r32-400v-106kw\/#primaryimage","url":"https:\/\/klimavex.eu\/cz\/wp-content\/uploads\/2025\/10\/HGOou0QbJauX87WjH6-cjRFAsLIUzny3I_AOYclTGI-6.png","contentUrl":"https:\/\/klimavex.eu\/cz\/wp-content\/uploads\/2025\/10\/HGOou0QbJauX87WjH6-cjRFAsLIUzny3I_AOYclTGI-6.png","width":813,"height":511},{"@type":"BreadcrumbList","@id":"https:\/\/klimavex.eu\/cz\/katalog\/klimatizace-hyundai-kondenzacni-jednotka-lcac-pro-vzt-s-ahu-kitem-0-10v-modbus-rizeni-vykonu-hcu-m36ou-2-climakit-r32-400v-106kw\/#breadcrumb","itemListElement":[{"@type":"ListItem","position":1,"name":"Domovsk\u00e1 str\u00e1nka","item":"https:\/\/klimavex.eu\/cz\/"},{"@type":"ListItem","position":2,"name":"Eshop","item":"https:\/\/klimavex.eu\/cz\/eshop\/"},{"@type":"ListItem","position":3,"name":"Klimatizace Hyundai kondenza\u010dn\u00ed jednotka LCAC pro VZT s AHU kitem (0-10V, modbus) \u0159\u00edzen\u00ed v\u00fdkonu HCU-M36OU\/2\/CLIMAKIT R32 400V 10,6kW"}]},{"@type":"WebSite","@id":"https:\/\/klimavex.eu\/cz\/#website","url":"https:\/\/klimavex.eu\/cz\/","name":"KLIMAVEX GROUP - \u010cesko","description":"","publisher":{"@id":"https:\/\/klimavex.eu\/cz\/#organization"},"alternateName":"KLIMAVEX CZ a.s.","potentialAction":[{"@type":"SearchAction","target":{"@type":"EntryPoint","urlTemplate":"https:\/\/klimavex.eu\/cz\/?s={search_term_string}"},"query-input":{"@type":"PropertyValueSpecification","valueRequired":true,"valueName":"search_term_string"}}],"inLanguage":"cs"},{"@type":"Organization","@id":"https:\/\/klimavex.eu\/cz\/#organization","name":"KLIMAVEX GROUP","alternateName":"KLIMAVEX","url":"https:\/\/klimavex.eu\/cz\/","logo":{"@type":"ImageObject","inLanguage":"cs","@id":"https:\/\/klimavex.eu\/cz\/#\/schema\/logo\/image\/","url":"https:\/\/klimavex.eu\/cz\/wp-content\/uploads\/2024\/04\/Klimavex-Group-logo.png","contentUrl":"https:\/\/klimavex.eu\/cz\/wp-content\/uploads\/2024\/04\/Klimavex-Group-logo.png","width":1681,"height":472,"caption":"KLIMAVEX GROUP"},"image":{"@id":"https:\/\/klimavex.eu\/cz\/#\/schema\/logo\/image\/"},"sameAs":["https:\/\/www.facebook.com\/klimavex.cz","https:\/\/www.instagram.com\/klimavex_cz\/"]}]}},"_links":{"self":[{"href":"https:\/\/klimavex.eu\/cz\/wp-json\/wp\/v2\/product\/568048","targetHints":{"allow":["GET"]}}],"collection":[{"href":"https:\/\/klimavex.eu\/cz\/wp-json\/wp\/v2\/product"}],"about":[{"href":"https:\/\/klimavex.eu\/cz\/wp-json\/wp\/v2\/types\/product"}],"version-history":[{"count":0,"href":"https:\/\/klimavex.eu\/cz\/wp-json\/wp\/v2\/product\/568048\/revisions"}],"wp:featuredmedia":[{"embeddable":true,"href":"https:\/\/klimavex.eu\/cz\/wp-json\/wp\/v2\/media\/568065"}],"wp:attachment":[{"href":"https:\/\/klimavex.eu\/cz\/wp-json\/wp\/v2\/media?parent=568048"}],"wp:term":[{"taxonomy":"product_cat","embeddable":true,"href":"https:\/\/klimavex.eu\/cz\/wp-json\/wp\/v2\/product_cat?post=568048"},{"taxonomy":"product_tag","embeddable":true,"href":"https:\/\/klimavex.eu\/cz\/wp-json\/wp\/v2\/product_tag?post=568048"}],"curies":[{"name":"wp","href":"https:\/\/api.w.org\/{rel}","templated":true}]}}