{"id":568895,"date":"2026-04-02T15:58:31","date_gmt":"2026-04-02T13:58:31","guid":{"rendered":"https:\/\/klimavex.eu\/cz\/?post_type=product&#038;p=568895"},"modified":"2026-04-02T15:59:20","modified_gmt":"2026-04-02T13:59:20","slug":"prislusenstvi-panasonic-snimac-teploty-vody-za-elektrickym-ohrivacem-gen-m-a2w-tsbh","status":"publish","type":"product","link":"https:\/\/klimavex.eu\/cz\/katalog\/prislusenstvi-panasonic-snimac-teploty-vody-za-elektrickym-ohrivacem-gen-m-a2w-tsbh\/","title":{"rendered":"P\u0159\u00edslu\u0161enstv\u00ed Panasonic sn\u00edma\u010d teploty vody za elektrick\u00fdm oh\u0159\u00edva\u010dem (gen M) (A2W) TSBH"},"content":{"rendered":"","protected":false},"excerpt":{"rendered":"<p>Sn\u00edma\u010d oh\u0159\u00edva\u010de pro ovl\u00e1dac\u00ed modul generace M.<\/p>\n","protected":false},"featured_media":568906,"template":"","meta":[],"product_cat":[7770],"product_tag":[],"class_list":{"0":"post-568895","1":"product","2":"type-product","3":"status-publish","4":"has-post-thumbnail","6":"product_cat-prislusenstvi-panasonic-tepelna-cerpadla","7":"pa_znacka-panasonic","9":"first","10":"instock","11":"taxable","12":"shipping-taxable","13":"purchasable","14":"product-type-simple"},"yoast_head":"<!-- This site is optimized with the Yoast SEO plugin v23.9 - https:\/\/yoast.com\/wordpress\/plugins\/seo\/ -->\n<title>P\u0159\u00edslu\u0161enstv\u00ed Panasonic sn\u00edma\u010d teploty vody za elektrick\u00fdm oh\u0159\u00edva\u010dem (gen M) (A2W) TSBH - KLIMAVEX GROUP - \u010cesko<\/title>\n<meta name=\"robots\" content=\"index, follow, max-snippet:-1, max-image-preview:large, max-video-preview:-1\" \/>\n<link rel=\"canonical\" href=\"https:\/\/klimavex.eu\/cz\/katalog\/prislusenstvi-panasonic-snimac-teploty-vody-za-elektrickym-ohrivacem-gen-m-a2w-tsbh\/\" \/>\n<meta property=\"og:locale\" content=\"cs_CZ\" \/>\n<meta property=\"og:type\" content=\"article\" \/>\n<meta property=\"og:title\" content=\"P\u0159\u00edslu\u0161enstv\u00ed Panasonic sn\u00edma\u010d teploty vody za elektrick\u00fdm oh\u0159\u00edva\u010dem (gen M) (A2W) TSBH - KLIMAVEX GROUP - \u010cesko\" \/>\n<meta property=\"og:description\" content=\"Sn\u00edma\u010d oh\u0159\u00edva\u010de pro ovl\u00e1dac\u00ed modul generace M.\" \/>\n<meta property=\"og:url\" content=\"https:\/\/klimavex.eu\/cz\/katalog\/prislusenstvi-panasonic-snimac-teploty-vody-za-elektrickym-ohrivacem-gen-m-a2w-tsbh\/\" \/>\n<meta property=\"og:site_name\" content=\"KLIMAVEX GROUP - \u010cesko\" \/>\n<meta property=\"article:publisher\" content=\"https:\/\/www.facebook.com\/klimavex.cz\" \/>\n<meta property=\"article:modified_time\" content=\"2026-04-02T13:59:20+00:00\" \/>\n<meta property=\"og:image\" content=\"https:\/\/klimavex.eu\/cz\/wp-content\/uploads\/2025\/10\/bh8bkYI-p3W5YC2RbrtqLFKf5uoHGxuDWsVrlzez6B8-1.png\" \/>\n\t<meta property=\"og:image:width\" content=\"726\" \/>\n\t<meta property=\"og:image:height\" content=\"512\" \/>\n\t<meta property=\"og:image:type\" content=\"image\/png\" \/>\n<meta name=\"twitter:card\" content=\"summary_large_image\" \/>\n<script type=\"application\/ld+json\" class=\"yoast-schema-graph\">{\"@context\":\"https:\/\/schema.org\",\"@graph\":[{\"@type\":\"WebPage\",\"@id\":\"https:\/\/klimavex.eu\/cz\/katalog\/prislusenstvi-panasonic-snimac-teploty-vody-za-elektrickym-ohrivacem-gen-m-a2w-tsbh\/\",\"url\":\"https:\/\/klimavex.eu\/cz\/katalog\/prislusenstvi-panasonic-snimac-teploty-vody-za-elektrickym-ohrivacem-gen-m-a2w-tsbh\/\",\"name\":\"P\u0159\u00edslu\u0161enstv\u00ed Panasonic sn\u00edma\u010d teploty vody za elektrick\u00fdm oh\u0159\u00edva\u010dem (gen M) (A2W) TSBH - KLIMAVEX GROUP - \u010cesko\",\"isPartOf\":{\"@id\":\"https:\/\/klimavex.eu\/cz\/#website\"},\"primaryImageOfPage\":{\"@id\":\"https:\/\/klimavex.eu\/cz\/katalog\/prislusenstvi-panasonic-snimac-teploty-vody-za-elektrickym-ohrivacem-gen-m-a2w-tsbh\/#primaryimage\"},\"image\":{\"@id\":\"https:\/\/klimavex.eu\/cz\/katalog\/prislusenstvi-panasonic-snimac-teploty-vody-za-elektrickym-ohrivacem-gen-m-a2w-tsbh\/#primaryimage\"},\"thumbnailUrl\":\"https:\/\/klimavex.eu\/cz\/wp-content\/uploads\/2025\/10\/bh8bkYI-p3W5YC2RbrtqLFKf5uoHGxuDWsVrlzez6B8-1.png\",\"datePublished\":\"2026-04-02T13:58:31+00:00\",\"dateModified\":\"2026-04-02T13:59:20+00:00\",\"breadcrumb\":{\"@id\":\"https:\/\/klimavex.eu\/cz\/katalog\/prislusenstvi-panasonic-snimac-teploty-vody-za-elektrickym-ohrivacem-gen-m-a2w-tsbh\/#breadcrumb\"},\"inLanguage\":\"cs\",\"potentialAction\":[{\"@type\":\"ReadAction\",\"target\":[\"https:\/\/klimavex.eu\/cz\/katalog\/prislusenstvi-panasonic-snimac-teploty-vody-za-elektrickym-ohrivacem-gen-m-a2w-tsbh\/\"]}]},{\"@type\":\"ImageObject\",\"inLanguage\":\"cs\",\"@id\":\"https:\/\/klimavex.eu\/cz\/katalog\/prislusenstvi-panasonic-snimac-teploty-vody-za-elektrickym-ohrivacem-gen-m-a2w-tsbh\/#primaryimage\",\"url\":\"https:\/\/klimavex.eu\/cz\/wp-content\/uploads\/2025\/10\/bh8bkYI-p3W5YC2RbrtqLFKf5uoHGxuDWsVrlzez6B8-1.png\",\"contentUrl\":\"https:\/\/klimavex.eu\/cz\/wp-content\/uploads\/2025\/10\/bh8bkYI-p3W5YC2RbrtqLFKf5uoHGxuDWsVrlzez6B8-1.png\",\"width\":726,\"height\":512},{\"@type\":\"BreadcrumbList\",\"@id\":\"https:\/\/klimavex.eu\/cz\/katalog\/prislusenstvi-panasonic-snimac-teploty-vody-za-elektrickym-ohrivacem-gen-m-a2w-tsbh\/#breadcrumb\",\"itemListElement\":[{\"@type\":\"ListItem\",\"position\":1,\"name\":\"Domovsk\u00e1 str\u00e1nka\",\"item\":\"https:\/\/klimavex.eu\/cz\/\"},{\"@type\":\"ListItem\",\"position\":2,\"name\":\"Eshop\",\"item\":\"https:\/\/klimavex.eu\/cz\/eshop\/\"},{\"@type\":\"ListItem\",\"position\":3,\"name\":\"P\u0159\u00edslu\u0161enstv\u00ed Panasonic sn\u00edma\u010d teploty vody za elektrick\u00fdm oh\u0159\u00edva\u010dem (gen M) (A2W) TSBH\"}]},{\"@type\":\"WebSite\",\"@id\":\"https:\/\/klimavex.eu\/cz\/#website\",\"url\":\"https:\/\/klimavex.eu\/cz\/\",\"name\":\"KLIMAVEX GROUP - \u010cesko\",\"description\":\"\",\"publisher\":{\"@id\":\"https:\/\/klimavex.eu\/cz\/#organization\"},\"alternateName\":\"KLIMAVEX CZ a.s.\",\"potentialAction\":[{\"@type\":\"SearchAction\",\"target\":{\"@type\":\"EntryPoint\",\"urlTemplate\":\"https:\/\/klimavex.eu\/cz\/?s={search_term_string}\"},\"query-input\":{\"@type\":\"PropertyValueSpecification\",\"valueRequired\":true,\"valueName\":\"search_term_string\"}}],\"inLanguage\":\"cs\"},{\"@type\":\"Organization\",\"@id\":\"https:\/\/klimavex.eu\/cz\/#organization\",\"name\":\"KLIMAVEX GROUP\",\"alternateName\":\"KLIMAVEX\",\"url\":\"https:\/\/klimavex.eu\/cz\/\",\"logo\":{\"@type\":\"ImageObject\",\"inLanguage\":\"cs\",\"@id\":\"https:\/\/klimavex.eu\/cz\/#\/schema\/logo\/image\/\",\"url\":\"https:\/\/klimavex.eu\/cz\/wp-content\/uploads\/2024\/04\/Klimavex-Group-logo.png\",\"contentUrl\":\"https:\/\/klimavex.eu\/cz\/wp-content\/uploads\/2024\/04\/Klimavex-Group-logo.png\",\"width\":1681,\"height\":472,\"caption\":\"KLIMAVEX GROUP\"},\"image\":{\"@id\":\"https:\/\/klimavex.eu\/cz\/#\/schema\/logo\/image\/\"},\"sameAs\":[\"https:\/\/www.facebook.com\/klimavex.cz\",\"https:\/\/www.instagram.com\/klimavex_cz\/\"]}]}<\/script>\n<!-- \/ Yoast SEO plugin. -->","yoast_head_json":{"title":"P\u0159\u00edslu\u0161enstv\u00ed Panasonic sn\u00edma\u010d teploty vody za elektrick\u00fdm oh\u0159\u00edva\u010dem (gen M) (A2W) TSBH - KLIMAVEX GROUP - \u010cesko","robots":{"index":"index","follow":"follow","max-snippet":"max-snippet:-1","max-image-preview":"max-image-preview:large","max-video-preview":"max-video-preview:-1"},"canonical":"https:\/\/klimavex.eu\/cz\/katalog\/prislusenstvi-panasonic-snimac-teploty-vody-za-elektrickym-ohrivacem-gen-m-a2w-tsbh\/","og_locale":"cs_CZ","og_type":"article","og_title":"P\u0159\u00edslu\u0161enstv\u00ed Panasonic sn\u00edma\u010d teploty vody za elektrick\u00fdm oh\u0159\u00edva\u010dem (gen M) (A2W) TSBH - KLIMAVEX GROUP - \u010cesko","og_description":"Sn\u00edma\u010d oh\u0159\u00edva\u010de pro ovl\u00e1dac\u00ed modul generace M.","og_url":"https:\/\/klimavex.eu\/cz\/katalog\/prislusenstvi-panasonic-snimac-teploty-vody-za-elektrickym-ohrivacem-gen-m-a2w-tsbh\/","og_site_name":"KLIMAVEX GROUP - \u010cesko","article_publisher":"https:\/\/www.facebook.com\/klimavex.cz","article_modified_time":"2026-04-02T13:59:20+00:00","og_image":[{"width":726,"height":512,"url":"https:\/\/klimavex.eu\/cz\/wp-content\/uploads\/2025\/10\/bh8bkYI-p3W5YC2RbrtqLFKf5uoHGxuDWsVrlzez6B8-1.png","type":"image\/png"}],"twitter_card":"summary_large_image","schema":{"@context":"https:\/\/schema.org","@graph":[{"@type":"WebPage","@id":"https:\/\/klimavex.eu\/cz\/katalog\/prislusenstvi-panasonic-snimac-teploty-vody-za-elektrickym-ohrivacem-gen-m-a2w-tsbh\/","url":"https:\/\/klimavex.eu\/cz\/katalog\/prislusenstvi-panasonic-snimac-teploty-vody-za-elektrickym-ohrivacem-gen-m-a2w-tsbh\/","name":"P\u0159\u00edslu\u0161enstv\u00ed Panasonic sn\u00edma\u010d teploty vody za elektrick\u00fdm oh\u0159\u00edva\u010dem (gen M) (A2W) TSBH - KLIMAVEX GROUP - \u010cesko","isPartOf":{"@id":"https:\/\/klimavex.eu\/cz\/#website"},"primaryImageOfPage":{"@id":"https:\/\/klimavex.eu\/cz\/katalog\/prislusenstvi-panasonic-snimac-teploty-vody-za-elektrickym-ohrivacem-gen-m-a2w-tsbh\/#primaryimage"},"image":{"@id":"https:\/\/klimavex.eu\/cz\/katalog\/prislusenstvi-panasonic-snimac-teploty-vody-za-elektrickym-ohrivacem-gen-m-a2w-tsbh\/#primaryimage"},"thumbnailUrl":"https:\/\/klimavex.eu\/cz\/wp-content\/uploads\/2025\/10\/bh8bkYI-p3W5YC2RbrtqLFKf5uoHGxuDWsVrlzez6B8-1.png","datePublished":"2026-04-02T13:58:31+00:00","dateModified":"2026-04-02T13:59:20+00:00","breadcrumb":{"@id":"https:\/\/klimavex.eu\/cz\/katalog\/prislusenstvi-panasonic-snimac-teploty-vody-za-elektrickym-ohrivacem-gen-m-a2w-tsbh\/#breadcrumb"},"inLanguage":"cs","potentialAction":[{"@type":"ReadAction","target":["https:\/\/klimavex.eu\/cz\/katalog\/prislusenstvi-panasonic-snimac-teploty-vody-za-elektrickym-ohrivacem-gen-m-a2w-tsbh\/"]}]},{"@type":"ImageObject","inLanguage":"cs","@id":"https:\/\/klimavex.eu\/cz\/katalog\/prislusenstvi-panasonic-snimac-teploty-vody-za-elektrickym-ohrivacem-gen-m-a2w-tsbh\/#primaryimage","url":"https:\/\/klimavex.eu\/cz\/wp-content\/uploads\/2025\/10\/bh8bkYI-p3W5YC2RbrtqLFKf5uoHGxuDWsVrlzez6B8-1.png","contentUrl":"https:\/\/klimavex.eu\/cz\/wp-content\/uploads\/2025\/10\/bh8bkYI-p3W5YC2RbrtqLFKf5uoHGxuDWsVrlzez6B8-1.png","width":726,"height":512},{"@type":"BreadcrumbList","@id":"https:\/\/klimavex.eu\/cz\/katalog\/prislusenstvi-panasonic-snimac-teploty-vody-za-elektrickym-ohrivacem-gen-m-a2w-tsbh\/#breadcrumb","itemListElement":[{"@type":"ListItem","position":1,"name":"Domovsk\u00e1 str\u00e1nka","item":"https:\/\/klimavex.eu\/cz\/"},{"@type":"ListItem","position":2,"name":"Eshop","item":"https:\/\/klimavex.eu\/cz\/eshop\/"},{"@type":"ListItem","position":3,"name":"P\u0159\u00edslu\u0161enstv\u00ed Panasonic sn\u00edma\u010d teploty vody za elektrick\u00fdm oh\u0159\u00edva\u010dem (gen M) (A2W) TSBH"}]},{"@type":"WebSite","@id":"https:\/\/klimavex.eu\/cz\/#website","url":"https:\/\/klimavex.eu\/cz\/","name":"KLIMAVEX GROUP - \u010cesko","description":"","publisher":{"@id":"https:\/\/klimavex.eu\/cz\/#organization"},"alternateName":"KLIMAVEX CZ a.s.","potentialAction":[{"@type":"SearchAction","target":{"@type":"EntryPoint","urlTemplate":"https:\/\/klimavex.eu\/cz\/?s={search_term_string}"},"query-input":{"@type":"PropertyValueSpecification","valueRequired":true,"valueName":"search_term_string"}}],"inLanguage":"cs"},{"@type":"Organization","@id":"https:\/\/klimavex.eu\/cz\/#organization","name":"KLIMAVEX GROUP","alternateName":"KLIMAVEX","url":"https:\/\/klimavex.eu\/cz\/","logo":{"@type":"ImageObject","inLanguage":"cs","@id":"https:\/\/klimavex.eu\/cz\/#\/schema\/logo\/image\/","url":"https:\/\/klimavex.eu\/cz\/wp-content\/uploads\/2024\/04\/Klimavex-Group-logo.png","contentUrl":"https:\/\/klimavex.eu\/cz\/wp-content\/uploads\/2024\/04\/Klimavex-Group-logo.png","width":1681,"height":472,"caption":"KLIMAVEX GROUP"},"image":{"@id":"https:\/\/klimavex.eu\/cz\/#\/schema\/logo\/image\/"},"sameAs":["https:\/\/www.facebook.com\/klimavex.cz","https:\/\/www.instagram.com\/klimavex_cz\/"]}]}},"_links":{"self":[{"href":"https:\/\/klimavex.eu\/cz\/wp-json\/wp\/v2\/product\/568895","targetHints":{"allow":["GET"]}}],"collection":[{"href":"https:\/\/klimavex.eu\/cz\/wp-json\/wp\/v2\/product"}],"about":[{"href":"https:\/\/klimavex.eu\/cz\/wp-json\/wp\/v2\/types\/product"}],"version-history":[{"count":0,"href":"https:\/\/klimavex.eu\/cz\/wp-json\/wp\/v2\/product\/568895\/revisions"}],"wp:featuredmedia":[{"embeddable":true,"href":"https:\/\/klimavex.eu\/cz\/wp-json\/wp\/v2\/media\/568906"}],"wp:attachment":[{"href":"https:\/\/klimavex.eu\/cz\/wp-json\/wp\/v2\/media?parent=568895"}],"wp:term":[{"taxonomy":"product_cat","embeddable":true,"href":"https:\/\/klimavex.eu\/cz\/wp-json\/wp\/v2\/product_cat?post=568895"},{"taxonomy":"product_tag","embeddable":true,"href":"https:\/\/klimavex.eu\/cz\/wp-json\/wp\/v2\/product_tag?post=568895"}],"curies":[{"name":"wp","href":"https:\/\/api.w.org\/{rel}","templated":true}]}}