{"id":571388,"date":"2026-04-02T16:05:13","date_gmt":"2026-04-02T14:05:13","guid":{"rendered":"https:\/\/klimavex.eu\/cz\/katalog\/prislusenstvi-dantherm-prostorovy-mechanicky-hygrostat\/"},"modified":"2026-04-02T16:05:41","modified_gmt":"2026-04-02T14:05:41","slug":"prislusenstvi-dantherm-prostorovy-mechanicky-hygrostat","status":"publish","type":"product","link":"https:\/\/klimavex.eu\/cz\/katalog\/prislusenstvi-dantherm-prostorovy-mechanicky-hygrostat\/","title":{"rendered":"P\u0159\u00edslu\u0161enstv\u00ed Dantherm prostorov\u00fd mechanick\u00fd hygrostat"},"content":{"rendered":"","protected":false},"excerpt":{"rendered":"<p>\u0158\u00edzen\u00ed podle vlhkosti ve vlhk\u00fdch prostorech. Vy\u017eaduje roz\u0161i\u0159ovac\u00ed desku HAC 2.<\/p>\n","protected":false},"featured_media":0,"template":"","meta":[],"product_cat":[10770,10771,10769],"product_tag":[],"class_list":{"0":"post-571388","1":"product","2":"type-product","3":"status-publish","5":"product_cat-rekuperacni-jednotky-archivovane-produkty","6":"product_cat-archivovane-produkty-rekuperacni-jednotky","7":"product_cat-archivovane-produkty","8":"pa_label-archivovany","9":"pa_znacka-dantherm","11":"first","12":"outofstock","13":"taxable","14":"shipping-taxable","15":"purchasable","16":"product-type-simple"},"yoast_head":"<!-- This site is optimized with the Yoast SEO plugin v23.9 - https:\/\/yoast.com\/wordpress\/plugins\/seo\/ -->\n<title>P\u0159\u00edslu\u0161enstv\u00ed Dantherm prostorov\u00fd mechanick\u00fd hygrostat - KLIMAVEX GROUP - \u010cesko<\/title>\n<meta name=\"robots\" content=\"index, follow, max-snippet:-1, max-image-preview:large, max-video-preview:-1\" \/>\n<link rel=\"canonical\" href=\"https:\/\/klimavex.eu\/cz\/katalog\/prislusenstvi-dantherm-prostorovy-mechanicky-hygrostat\/\" \/>\n<meta property=\"og:locale\" content=\"cs_CZ\" \/>\n<meta property=\"og:type\" content=\"article\" \/>\n<meta property=\"og:title\" content=\"P\u0159\u00edslu\u0161enstv\u00ed Dantherm prostorov\u00fd mechanick\u00fd hygrostat - KLIMAVEX GROUP - \u010cesko\" \/>\n<meta property=\"og:description\" content=\"\u0158\u00edzen\u00ed podle vlhkosti ve vlhk\u00fdch prostorech. Vy\u017eaduje roz\u0161i\u0159ovac\u00ed desku HAC 2.\" \/>\n<meta property=\"og:url\" content=\"https:\/\/klimavex.eu\/cz\/katalog\/prislusenstvi-dantherm-prostorovy-mechanicky-hygrostat\/\" \/>\n<meta property=\"og:site_name\" content=\"KLIMAVEX GROUP - \u010cesko\" \/>\n<meta property=\"article:publisher\" content=\"https:\/\/www.facebook.com\/klimavex.cz\" \/>\n<meta property=\"article:modified_time\" content=\"2026-04-02T14:05:41+00:00\" \/>\n<meta property=\"og:image\" content=\"https:\/\/klimavex.eu\/cz\/wp-content\/uploads\/2024\/02\/LOGO-KLIMAVEX-modra-kostka-1.png\" \/>\n\t<meta property=\"og:image:width\" content=\"9184\" \/>\n\t<meta property=\"og:image:height\" content=\"9184\" \/>\n\t<meta property=\"og:image:type\" content=\"image\/png\" \/>\n<meta name=\"twitter:card\" content=\"summary_large_image\" \/>\n<script type=\"application\/ld+json\" class=\"yoast-schema-graph\">{\"@context\":\"https:\/\/schema.org\",\"@graph\":[{\"@type\":\"WebPage\",\"@id\":\"https:\/\/klimavex.eu\/cz\/katalog\/prislusenstvi-dantherm-prostorovy-mechanicky-hygrostat\/\",\"url\":\"https:\/\/klimavex.eu\/cz\/katalog\/prislusenstvi-dantherm-prostorovy-mechanicky-hygrostat\/\",\"name\":\"P\u0159\u00edslu\u0161enstv\u00ed Dantherm prostorov\u00fd mechanick\u00fd hygrostat - KLIMAVEX GROUP - \u010cesko\",\"isPartOf\":{\"@id\":\"https:\/\/klimavex.eu\/cz\/#website\"},\"datePublished\":\"2026-04-02T14:05:13+00:00\",\"dateModified\":\"2026-04-02T14:05:41+00:00\",\"breadcrumb\":{\"@id\":\"https:\/\/klimavex.eu\/cz\/katalog\/prislusenstvi-dantherm-prostorovy-mechanicky-hygrostat\/#breadcrumb\"},\"inLanguage\":\"cs\",\"potentialAction\":[{\"@type\":\"ReadAction\",\"target\":[\"https:\/\/klimavex.eu\/cz\/katalog\/prislusenstvi-dantherm-prostorovy-mechanicky-hygrostat\/\"]}]},{\"@type\":\"BreadcrumbList\",\"@id\":\"https:\/\/klimavex.eu\/cz\/katalog\/prislusenstvi-dantherm-prostorovy-mechanicky-hygrostat\/#breadcrumb\",\"itemListElement\":[{\"@type\":\"ListItem\",\"position\":1,\"name\":\"Domovsk\u00e1 str\u00e1nka\",\"item\":\"https:\/\/klimavex.eu\/cz\/\"},{\"@type\":\"ListItem\",\"position\":2,\"name\":\"Eshop\",\"item\":\"https:\/\/klimavex.eu\/cz\/eshop\/\"},{\"@type\":\"ListItem\",\"position\":3,\"name\":\"P\u0159\u00edslu\u0161enstv\u00ed Dantherm prostorov\u00fd mechanick\u00fd hygrostat\"}]},{\"@type\":\"WebSite\",\"@id\":\"https:\/\/klimavex.eu\/cz\/#website\",\"url\":\"https:\/\/klimavex.eu\/cz\/\",\"name\":\"KLIMAVEX GROUP - \u010cesko\",\"description\":\"\",\"publisher\":{\"@id\":\"https:\/\/klimavex.eu\/cz\/#organization\"},\"alternateName\":\"KLIMAVEX CZ a.s.\",\"potentialAction\":[{\"@type\":\"SearchAction\",\"target\":{\"@type\":\"EntryPoint\",\"urlTemplate\":\"https:\/\/klimavex.eu\/cz\/?s={search_term_string}\"},\"query-input\":{\"@type\":\"PropertyValueSpecification\",\"valueRequired\":true,\"valueName\":\"search_term_string\"}}],\"inLanguage\":\"cs\"},{\"@type\":\"Organization\",\"@id\":\"https:\/\/klimavex.eu\/cz\/#organization\",\"name\":\"KLIMAVEX GROUP\",\"alternateName\":\"KLIMAVEX\",\"url\":\"https:\/\/klimavex.eu\/cz\/\",\"logo\":{\"@type\":\"ImageObject\",\"inLanguage\":\"cs\",\"@id\":\"https:\/\/klimavex.eu\/cz\/#\/schema\/logo\/image\/\",\"url\":\"https:\/\/klimavex.eu\/cz\/wp-content\/uploads\/2024\/04\/Klimavex-Group-logo.png\",\"contentUrl\":\"https:\/\/klimavex.eu\/cz\/wp-content\/uploads\/2024\/04\/Klimavex-Group-logo.png\",\"width\":1681,\"height\":472,\"caption\":\"KLIMAVEX GROUP\"},\"image\":{\"@id\":\"https:\/\/klimavex.eu\/cz\/#\/schema\/logo\/image\/\"},\"sameAs\":[\"https:\/\/www.facebook.com\/klimavex.cz\",\"https:\/\/www.instagram.com\/klimavex_cz\/\"]}]}<\/script>\n<!-- \/ Yoast SEO plugin. -->","yoast_head_json":{"title":"P\u0159\u00edslu\u0161enstv\u00ed Dantherm prostorov\u00fd mechanick\u00fd hygrostat - KLIMAVEX GROUP - \u010cesko","robots":{"index":"index","follow":"follow","max-snippet":"max-snippet:-1","max-image-preview":"max-image-preview:large","max-video-preview":"max-video-preview:-1"},"canonical":"https:\/\/klimavex.eu\/cz\/katalog\/prislusenstvi-dantherm-prostorovy-mechanicky-hygrostat\/","og_locale":"cs_CZ","og_type":"article","og_title":"P\u0159\u00edslu\u0161enstv\u00ed Dantherm prostorov\u00fd mechanick\u00fd hygrostat - KLIMAVEX GROUP - \u010cesko","og_description":"\u0158\u00edzen\u00ed podle vlhkosti ve vlhk\u00fdch prostorech. Vy\u017eaduje roz\u0161i\u0159ovac\u00ed desku HAC 2.","og_url":"https:\/\/klimavex.eu\/cz\/katalog\/prislusenstvi-dantherm-prostorovy-mechanicky-hygrostat\/","og_site_name":"KLIMAVEX GROUP - \u010cesko","article_publisher":"https:\/\/www.facebook.com\/klimavex.cz","article_modified_time":"2026-04-02T14:05:41+00:00","og_image":[{"width":9184,"height":9184,"url":"https:\/\/klimavex.eu\/cz\/wp-content\/uploads\/2024\/02\/LOGO-KLIMAVEX-modra-kostka-1.png","type":"image\/png"}],"twitter_card":"summary_large_image","schema":{"@context":"https:\/\/schema.org","@graph":[{"@type":"WebPage","@id":"https:\/\/klimavex.eu\/cz\/katalog\/prislusenstvi-dantherm-prostorovy-mechanicky-hygrostat\/","url":"https:\/\/klimavex.eu\/cz\/katalog\/prislusenstvi-dantherm-prostorovy-mechanicky-hygrostat\/","name":"P\u0159\u00edslu\u0161enstv\u00ed Dantherm prostorov\u00fd mechanick\u00fd hygrostat - KLIMAVEX GROUP - \u010cesko","isPartOf":{"@id":"https:\/\/klimavex.eu\/cz\/#website"},"datePublished":"2026-04-02T14:05:13+00:00","dateModified":"2026-04-02T14:05:41+00:00","breadcrumb":{"@id":"https:\/\/klimavex.eu\/cz\/katalog\/prislusenstvi-dantherm-prostorovy-mechanicky-hygrostat\/#breadcrumb"},"inLanguage":"cs","potentialAction":[{"@type":"ReadAction","target":["https:\/\/klimavex.eu\/cz\/katalog\/prislusenstvi-dantherm-prostorovy-mechanicky-hygrostat\/"]}]},{"@type":"BreadcrumbList","@id":"https:\/\/klimavex.eu\/cz\/katalog\/prislusenstvi-dantherm-prostorovy-mechanicky-hygrostat\/#breadcrumb","itemListElement":[{"@type":"ListItem","position":1,"name":"Domovsk\u00e1 str\u00e1nka","item":"https:\/\/klimavex.eu\/cz\/"},{"@type":"ListItem","position":2,"name":"Eshop","item":"https:\/\/klimavex.eu\/cz\/eshop\/"},{"@type":"ListItem","position":3,"name":"P\u0159\u00edslu\u0161enstv\u00ed Dantherm prostorov\u00fd mechanick\u00fd hygrostat"}]},{"@type":"WebSite","@id":"https:\/\/klimavex.eu\/cz\/#website","url":"https:\/\/klimavex.eu\/cz\/","name":"KLIMAVEX GROUP - \u010cesko","description":"","publisher":{"@id":"https:\/\/klimavex.eu\/cz\/#organization"},"alternateName":"KLIMAVEX CZ a.s.","potentialAction":[{"@type":"SearchAction","target":{"@type":"EntryPoint","urlTemplate":"https:\/\/klimavex.eu\/cz\/?s={search_term_string}"},"query-input":{"@type":"PropertyValueSpecification","valueRequired":true,"valueName":"search_term_string"}}],"inLanguage":"cs"},{"@type":"Organization","@id":"https:\/\/klimavex.eu\/cz\/#organization","name":"KLIMAVEX GROUP","alternateName":"KLIMAVEX","url":"https:\/\/klimavex.eu\/cz\/","logo":{"@type":"ImageObject","inLanguage":"cs","@id":"https:\/\/klimavex.eu\/cz\/#\/schema\/logo\/image\/","url":"https:\/\/klimavex.eu\/cz\/wp-content\/uploads\/2024\/04\/Klimavex-Group-logo.png","contentUrl":"https:\/\/klimavex.eu\/cz\/wp-content\/uploads\/2024\/04\/Klimavex-Group-logo.png","width":1681,"height":472,"caption":"KLIMAVEX GROUP"},"image":{"@id":"https:\/\/klimavex.eu\/cz\/#\/schema\/logo\/image\/"},"sameAs":["https:\/\/www.facebook.com\/klimavex.cz","https:\/\/www.instagram.com\/klimavex_cz\/"]}]}},"_links":{"self":[{"href":"https:\/\/klimavex.eu\/cz\/wp-json\/wp\/v2\/product\/571388","targetHints":{"allow":["GET"]}}],"collection":[{"href":"https:\/\/klimavex.eu\/cz\/wp-json\/wp\/v2\/product"}],"about":[{"href":"https:\/\/klimavex.eu\/cz\/wp-json\/wp\/v2\/types\/product"}],"version-history":[{"count":0,"href":"https:\/\/klimavex.eu\/cz\/wp-json\/wp\/v2\/product\/571388\/revisions"}],"wp:attachment":[{"href":"https:\/\/klimavex.eu\/cz\/wp-json\/wp\/v2\/media?parent=571388"}],"wp:term":[{"taxonomy":"product_cat","embeddable":true,"href":"https:\/\/klimavex.eu\/cz\/wp-json\/wp\/v2\/product_cat?post=571388"},{"taxonomy":"product_tag","embeddable":true,"href":"https:\/\/klimavex.eu\/cz\/wp-json\/wp\/v2\/product_tag?post=571388"}],"curies":[{"name":"wp","href":"https:\/\/api.w.org\/{rel}","templated":true}]}}