{"id":574341,"date":"2026-04-13T14:03:04","date_gmt":"2026-04-13T12:03:04","guid":{"rendered":"https:\/\/klimavex.eu\/cz\/?post_type=product&#038;p=574341"},"modified":"2026-04-13T14:03:15","modified_gmt":"2026-04-13T12:03:15","slug":"klimatizace-xiaomi-split-nastenna-mijia-eco-a-09-r32-230v-28kw","status":"publish","type":"product","link":"https:\/\/klimavex.eu\/cz\/katalog\/klimatizace-xiaomi-split-nastenna-mijia-eco-a-09-r32-230v-28kw\/","title":{"rendered":"Klimatizace Xiaomi split n\u00e1st\u011bnn\u00e1 MIJIA ECO A 09 R32 230V 2,8kW"},"content":{"rendered":"<p style=\"text-align: justify;\"><strong>Kl\u00ed\u010dov\u00e9 vlastnosti<\/strong><\/p>\n<ul>\n<li style=\"text-align: justify;\">Tich\u00fd provoz \u2013 od 20 dB(A)<\/li>\n<li style=\"text-align: justify;\">Tich\u00fd re\u017eim, re\u017eim sp\u00e1nku, re\u017eim turbo, re\u017eim odmrazov\u00e1n\u00ed a odvlh\u010dov\u00e1n\u00ed<\/li>\n<li style=\"text-align: justify;\">Vysok\u00e1 energetick\u00e1 \u00fa\u010dinnost A++<\/li>\n<li style=\"text-align: justify;\">Rozsah chlazen\u00ed a\u017e do 60 \u00b0C venkovn\u00ed teploty<\/li>\n<li style=\"text-align: justify;\">Rozsah vyt\u00e1p\u011bn\u00ed a\u017e do -20 \u00b0C venkovn\u00ed teploty<\/li>\n<li style=\"text-align: justify;\">Rychl\u00e9 chlazen\u00ed (do 30 s) a oh\u0159ev (do 60 s)<\/li>\n<li style=\"text-align: justify;\">AI re\u017eim \u00faspory energie (a\u017e o 27 % ni\u017e\u0161\u00ed spot\u0159eba)<\/li>\n<li style=\"text-align: justify;\">Hlasov\u00e9 ovl\u00e1d\u00e1n\u00ed (Google Assistant)<\/li>\n<li style=\"text-align: justify;\">Funkce Auto-clean<\/li>\n<li style=\"text-align: justify;\">Temperace na 8 \u00b0C<\/li>\n<li style=\"text-align: justify;\">Automatick\u00fd restart<\/li>\n<li style=\"text-align: justify;\">Wi-Fi ovl\u00e1d\u00e1n\u00ed a aplikace Xiaomi Home<\/li>\n<\/ul>\n","protected":false},"excerpt":{"rendered":"<p style=\"text-align: justify;\"><strong>Xiaomi Mijia Eco<\/strong> je n\u00e1st\u011bnn\u00e1 split klimatizace, kter\u00e1 kombinuje <strong>modern\u00ed design<\/strong>, <strong>rychl\u00fd n\u00e1b\u011bh v\u00fdkonu a<\/strong> <strong>inteligentn\u00ed \u0159\u00edzen\u00ed spot\u0159eby<\/strong>. Oproti b\u011b\u017en\u00fdm jednotk\u00e1m p\u0159in\u00e1\u0161\u00ed vy\u0161\u0161\u00ed u\u017eivatelsk\u00fd komfort d\u00edky <strong>AI optimalizaci provozu<\/strong> a pln\u00e9 integraci do ekosyst\u00e9mu chytr\u00e9 dom\u00e1cnosti <strong>Xiaomi Home<\/strong>. Umo\u017e\u0148uje vyt\u00e1p\u011bt a\u017e do <strong>-20 \u00b0C<\/strong> venkovn\u00ed teploty. D\u00edky v\u00fdborn\u00e9 energetick\u00e9 \u00fa\u010dinnosti <strong>A++<\/strong> a optimalizaci v\u00fdkonu v re\u00e1ln\u00e9m \u010dase p\u0159edstavuje ide\u00e1ln\u00ed \u0159e\u0161en\u00ed pro modern\u00ed instalace s d\u016frazem na \u00fasporu energie a komfort u\u017eivatele.<\/p>\n","protected":false},"featured_media":574420,"template":"","meta":[],"product_cat":[14609,7657,7659,7660,14579,7547],"product_tag":[],"class_list":{"0":"post-574341","1":"product","2":"type-product","3":"status-publish","4":"has-post-thumbnail","6":"product_cat-nastenne-mijia-eco-a","7":"product_cat-podle-znacky","8":"product_cat-podle-typu","9":"product_cat-nastenne","10":"product_cat-xiaomi","11":"product_cat-klimatizace","12":"pa_barva-vnitrni-jednotky-bila-matna","13":"pa_chlad-do-von-tep-c-18c","14":"pa_chladici-vykon-12229","15":"pa_energeticka-trida-scop-40-a","16":"pa_energeticka-trida-seer-73-a","17":"pa_hlucnost-vnitrni-jednotky-11488","18":"pa_napajeni-1f-230v","19":"pa_prikon-chlazeni-11605","20":"pa_prikon-vytapeni-14607","21":"pa_provedeni-nastenny-split","22":"pa_topny-vykon-12404","23":"pa_typ-chladiva-r32","24":"pa_vyk-do-von-tepl-c-20c","25":"pa_vykonovy-model-11472","26":"pa_znacka-xiaomi","28":"first","29":"instock","30":"taxable","31":"shipping-taxable","32":"purchasable","33":"product-type-simple"},"yoast_head":"<!-- This site is optimized with the Yoast SEO plugin v23.9 - https:\/\/yoast.com\/wordpress\/plugins\/seo\/ -->\n<title>Klimatizace Xiaomi split n\u00e1st\u011bnn\u00e1 MIJIA ECO A 09 R32 230V 2,8kW - KLIMAVEX GROUP - \u010cesko<\/title>\n<meta name=\"robots\" content=\"index, follow, max-snippet:-1, max-image-preview:large, max-video-preview:-1\" \/>\n<link rel=\"canonical\" href=\"https:\/\/klimavex.eu\/cz\/?post_type=product&p=574341\" \/>\n<meta property=\"og:locale\" content=\"cs_CZ\" \/>\n<meta property=\"og:type\" content=\"article\" \/>\n<meta property=\"og:title\" content=\"Klimatizace Xiaomi split n\u00e1st\u011bnn\u00e1 MIJIA ECO A 09 R32 230V 2,8kW - KLIMAVEX GROUP - \u010cesko\" \/>\n<meta property=\"og:description\" content=\"Xiaomi Mijia Eco je n\u00e1st\u011bnn\u00e1 split klimatizace, kter\u00e1 kombinuje modern\u00ed design, rychl\u00fd n\u00e1b\u011bh v\u00fdkonu a inteligentn\u00ed \u0159\u00edzen\u00ed spot\u0159eby. Oproti b\u011b\u017en\u00fdm jednotk\u00e1m p\u0159in\u00e1\u0161\u00ed vy\u0161\u0161\u00ed u\u017eivatelsk\u00fd komfort d\u00edky AI optimalizaci provozu a pln\u00e9 integraci do ekosyst\u00e9mu chytr\u00e9 dom\u00e1cnosti Xiaomi Home. Umo\u017e\u0148uje vyt\u00e1p\u011bt a\u017e do -20 \u00b0C venkovn\u00ed teploty. D\u00edky v\u00fdborn\u00e9 energetick\u00e9 \u00fa\u010dinnosti A++ a optimalizaci v\u00fdkonu v re\u00e1ln\u00e9m \u010dase p\u0159edstavuje ide\u00e1ln\u00ed \u0159e\u0161en\u00ed pro modern\u00ed instalace s d\u016frazem na \u00fasporu energie a komfort u\u017eivatele.\" \/>\n<meta property=\"og:url\" content=\"https:\/\/klimavex.eu\/cz\/?post_type=product&amp;p=574341\" \/>\n<meta property=\"og:site_name\" content=\"KLIMAVEX GROUP - \u010cesko\" \/>\n<meta property=\"article:publisher\" content=\"https:\/\/www.facebook.com\/klimavex.cz\" \/>\n<meta property=\"article:modified_time\" content=\"2026-04-13T12:03:15+00:00\" \/>\n<meta property=\"og:image\" content=\"https:\/\/klimavex.eu\/cz\/wp-content\/uploads\/2024\/02\/LOGO-KLIMAVEX-modra-kostka-1.png\" \/>\n\t<meta property=\"og:image:width\" content=\"9184\" \/>\n\t<meta property=\"og:image:height\" content=\"9184\" \/>\n\t<meta property=\"og:image:type\" content=\"image\/png\" \/>\n<meta name=\"twitter:card\" content=\"summary_large_image\" \/>\n<script type=\"application\/ld+json\" class=\"yoast-schema-graph\">{\"@context\":\"https:\/\/schema.org\",\"@graph\":[{\"@type\":\"WebPage\",\"@id\":\"https:\/\/klimavex.eu\/cz\/?post_type=product&p=574341\",\"url\":\"https:\/\/klimavex.eu\/cz\/?post_type=product&p=574341\",\"name\":\"Klimatizace Xiaomi split n\u00e1st\u011bnn\u00e1 MIJIA ECO A 09 R32 230V 2,8kW - KLIMAVEX GROUP - \u010cesko\",\"isPartOf\":{\"@id\":\"https:\/\/klimavex.eu\/cz\/#website\"},\"primaryImageOfPage\":{\"@id\":\"https:\/\/klimavex.eu\/cz\/?post_type=product&p=574341#primaryimage\"},\"image\":{\"@id\":\"https:\/\/klimavex.eu\/cz\/?post_type=product&p=574341#primaryimage\"},\"thumbnailUrl\":\"https:\/\/klimavex.eu\/cz\/wp-content\/uploads\/2026\/04\/suhMCy_DG8_yCLGsSVfnlw_UCVvftXmxBj-H2R3QeuI-1.png\",\"datePublished\":\"2026-04-13T12:03:04+00:00\",\"dateModified\":\"2026-04-13T12:03:15+00:00\",\"breadcrumb\":{\"@id\":\"https:\/\/klimavex.eu\/cz\/?post_type=product&p=574341#breadcrumb\"},\"inLanguage\":\"cs\",\"potentialAction\":[{\"@type\":\"ReadAction\",\"target\":[\"https:\/\/klimavex.eu\/cz\/?post_type=product&p=574341\"]}]},{\"@type\":\"ImageObject\",\"inLanguage\":\"cs\",\"@id\":\"https:\/\/klimavex.eu\/cz\/?post_type=product&p=574341#primaryimage\",\"url\":\"https:\/\/klimavex.eu\/cz\/wp-content\/uploads\/2026\/04\/suhMCy_DG8_yCLGsSVfnlw_UCVvftXmxBj-H2R3QeuI-1.png\",\"contentUrl\":\"https:\/\/klimavex.eu\/cz\/wp-content\/uploads\/2026\/04\/suhMCy_DG8_yCLGsSVfnlw_UCVvftXmxBj-H2R3QeuI-1.png\",\"width\":512,\"height\":512},{\"@type\":\"BreadcrumbList\",\"@id\":\"https:\/\/klimavex.eu\/cz\/?post_type=product&p=574341#breadcrumb\",\"itemListElement\":[{\"@type\":\"ListItem\",\"position\":1,\"name\":\"Domovsk\u00e1 str\u00e1nka\",\"item\":\"https:\/\/klimavex.eu\/cz\/\"},{\"@type\":\"ListItem\",\"position\":2,\"name\":\"Eshop\",\"item\":\"https:\/\/klimavex.eu\/cz\/eshop\/\"},{\"@type\":\"ListItem\",\"position\":3,\"name\":\"Klimatizace Xiaomi split n\u00e1st\u011bnn\u00e1 MIJIA ECO A 09 R32 230V 2,8kW\"}]},{\"@type\":\"WebSite\",\"@id\":\"https:\/\/klimavex.eu\/cz\/#website\",\"url\":\"https:\/\/klimavex.eu\/cz\/\",\"name\":\"KLIMAVEX GROUP - \u010cesko\",\"description\":\"\",\"publisher\":{\"@id\":\"https:\/\/klimavex.eu\/cz\/#organization\"},\"alternateName\":\"KLIMAVEX CZ a.s.\",\"potentialAction\":[{\"@type\":\"SearchAction\",\"target\":{\"@type\":\"EntryPoint\",\"urlTemplate\":\"https:\/\/klimavex.eu\/cz\/?s={search_term_string}\"},\"query-input\":{\"@type\":\"PropertyValueSpecification\",\"valueRequired\":true,\"valueName\":\"search_term_string\"}}],\"inLanguage\":\"cs\"},{\"@type\":\"Organization\",\"@id\":\"https:\/\/klimavex.eu\/cz\/#organization\",\"name\":\"KLIMAVEX GROUP\",\"alternateName\":\"KLIMAVEX\",\"url\":\"https:\/\/klimavex.eu\/cz\/\",\"logo\":{\"@type\":\"ImageObject\",\"inLanguage\":\"cs\",\"@id\":\"https:\/\/klimavex.eu\/cz\/#\/schema\/logo\/image\/\",\"url\":\"https:\/\/klimavex.eu\/cz\/wp-content\/uploads\/2024\/04\/Klimavex-Group-logo.png\",\"contentUrl\":\"https:\/\/klimavex.eu\/cz\/wp-content\/uploads\/2024\/04\/Klimavex-Group-logo.png\",\"width\":1681,\"height\":472,\"caption\":\"KLIMAVEX GROUP\"},\"image\":{\"@id\":\"https:\/\/klimavex.eu\/cz\/#\/schema\/logo\/image\/\"},\"sameAs\":[\"https:\/\/www.facebook.com\/klimavex.cz\",\"https:\/\/www.instagram.com\/klimavex_cz\/\"]}]}<\/script>\n<!-- \/ Yoast SEO plugin. -->","yoast_head_json":{"title":"Klimatizace Xiaomi split n\u00e1st\u011bnn\u00e1 MIJIA ECO A 09 R32 230V 2,8kW - KLIMAVEX GROUP - \u010cesko","robots":{"index":"index","follow":"follow","max-snippet":"max-snippet:-1","max-image-preview":"max-image-preview:large","max-video-preview":"max-video-preview:-1"},"canonical":"https:\/\/klimavex.eu\/cz\/?post_type=product&p=574341","og_locale":"cs_CZ","og_type":"article","og_title":"Klimatizace Xiaomi split n\u00e1st\u011bnn\u00e1 MIJIA ECO A 09 R32 230V 2,8kW - KLIMAVEX GROUP - \u010cesko","og_description":"Xiaomi Mijia Eco je n\u00e1st\u011bnn\u00e1 split klimatizace, kter\u00e1 kombinuje modern\u00ed design, rychl\u00fd n\u00e1b\u011bh v\u00fdkonu a inteligentn\u00ed \u0159\u00edzen\u00ed spot\u0159eby. Oproti b\u011b\u017en\u00fdm jednotk\u00e1m p\u0159in\u00e1\u0161\u00ed vy\u0161\u0161\u00ed u\u017eivatelsk\u00fd komfort d\u00edky AI optimalizaci provozu a pln\u00e9 integraci do ekosyst\u00e9mu chytr\u00e9 dom\u00e1cnosti Xiaomi Home. Umo\u017e\u0148uje vyt\u00e1p\u011bt a\u017e do -20 \u00b0C venkovn\u00ed teploty. D\u00edky v\u00fdborn\u00e9 energetick\u00e9 \u00fa\u010dinnosti A++ a optimalizaci v\u00fdkonu v re\u00e1ln\u00e9m \u010dase p\u0159edstavuje ide\u00e1ln\u00ed \u0159e\u0161en\u00ed pro modern\u00ed instalace s d\u016frazem na \u00fasporu energie a komfort u\u017eivatele.","og_url":"https:\/\/klimavex.eu\/cz\/?post_type=product&p=574341","og_site_name":"KLIMAVEX GROUP - \u010cesko","article_publisher":"https:\/\/www.facebook.com\/klimavex.cz","article_modified_time":"2026-04-13T12:03:15+00:00","og_image":[{"width":9184,"height":9184,"url":"https:\/\/klimavex.eu\/cz\/wp-content\/uploads\/2024\/02\/LOGO-KLIMAVEX-modra-kostka-1.png","type":"image\/png"}],"twitter_card":"summary_large_image","schema":{"@context":"https:\/\/schema.org","@graph":[{"@type":"WebPage","@id":"https:\/\/klimavex.eu\/cz\/?post_type=product&p=574341","url":"https:\/\/klimavex.eu\/cz\/?post_type=product&p=574341","name":"Klimatizace Xiaomi split n\u00e1st\u011bnn\u00e1 MIJIA ECO A 09 R32 230V 2,8kW - KLIMAVEX GROUP - \u010cesko","isPartOf":{"@id":"https:\/\/klimavex.eu\/cz\/#website"},"primaryImageOfPage":{"@id":"https:\/\/klimavex.eu\/cz\/?post_type=product&p=574341#primaryimage"},"image":{"@id":"https:\/\/klimavex.eu\/cz\/?post_type=product&p=574341#primaryimage"},"thumbnailUrl":"https:\/\/klimavex.eu\/cz\/wp-content\/uploads\/2026\/04\/suhMCy_DG8_yCLGsSVfnlw_UCVvftXmxBj-H2R3QeuI-1.png","datePublished":"2026-04-13T12:03:04+00:00","dateModified":"2026-04-13T12:03:15+00:00","breadcrumb":{"@id":"https:\/\/klimavex.eu\/cz\/?post_type=product&p=574341#breadcrumb"},"inLanguage":"cs","potentialAction":[{"@type":"ReadAction","target":["https:\/\/klimavex.eu\/cz\/?post_type=product&p=574341"]}]},{"@type":"ImageObject","inLanguage":"cs","@id":"https:\/\/klimavex.eu\/cz\/?post_type=product&p=574341#primaryimage","url":"https:\/\/klimavex.eu\/cz\/wp-content\/uploads\/2026\/04\/suhMCy_DG8_yCLGsSVfnlw_UCVvftXmxBj-H2R3QeuI-1.png","contentUrl":"https:\/\/klimavex.eu\/cz\/wp-content\/uploads\/2026\/04\/suhMCy_DG8_yCLGsSVfnlw_UCVvftXmxBj-H2R3QeuI-1.png","width":512,"height":512},{"@type":"BreadcrumbList","@id":"https:\/\/klimavex.eu\/cz\/?post_type=product&p=574341#breadcrumb","itemListElement":[{"@type":"ListItem","position":1,"name":"Domovsk\u00e1 str\u00e1nka","item":"https:\/\/klimavex.eu\/cz\/"},{"@type":"ListItem","position":2,"name":"Eshop","item":"https:\/\/klimavex.eu\/cz\/eshop\/"},{"@type":"ListItem","position":3,"name":"Klimatizace Xiaomi split n\u00e1st\u011bnn\u00e1 MIJIA ECO A 09 R32 230V 2,8kW"}]},{"@type":"WebSite","@id":"https:\/\/klimavex.eu\/cz\/#website","url":"https:\/\/klimavex.eu\/cz\/","name":"KLIMAVEX GROUP - \u010cesko","description":"","publisher":{"@id":"https:\/\/klimavex.eu\/cz\/#organization"},"alternateName":"KLIMAVEX CZ a.s.","potentialAction":[{"@type":"SearchAction","target":{"@type":"EntryPoint","urlTemplate":"https:\/\/klimavex.eu\/cz\/?s={search_term_string}"},"query-input":{"@type":"PropertyValueSpecification","valueRequired":true,"valueName":"search_term_string"}}],"inLanguage":"cs"},{"@type":"Organization","@id":"https:\/\/klimavex.eu\/cz\/#organization","name":"KLIMAVEX GROUP","alternateName":"KLIMAVEX","url":"https:\/\/klimavex.eu\/cz\/","logo":{"@type":"ImageObject","inLanguage":"cs","@id":"https:\/\/klimavex.eu\/cz\/#\/schema\/logo\/image\/","url":"https:\/\/klimavex.eu\/cz\/wp-content\/uploads\/2024\/04\/Klimavex-Group-logo.png","contentUrl":"https:\/\/klimavex.eu\/cz\/wp-content\/uploads\/2024\/04\/Klimavex-Group-logo.png","width":1681,"height":472,"caption":"KLIMAVEX GROUP"},"image":{"@id":"https:\/\/klimavex.eu\/cz\/#\/schema\/logo\/image\/"},"sameAs":["https:\/\/www.facebook.com\/klimavex.cz","https:\/\/www.instagram.com\/klimavex_cz\/"]}]}},"_links":{"self":[{"href":"https:\/\/klimavex.eu\/cz\/wp-json\/wp\/v2\/product\/574341","targetHints":{"allow":["GET"]}}],"collection":[{"href":"https:\/\/klimavex.eu\/cz\/wp-json\/wp\/v2\/product"}],"about":[{"href":"https:\/\/klimavex.eu\/cz\/wp-json\/wp\/v2\/types\/product"}],"version-history":[{"count":0,"href":"https:\/\/klimavex.eu\/cz\/wp-json\/wp\/v2\/product\/574341\/revisions"}],"wp:featuredmedia":[{"embeddable":true,"href":"https:\/\/klimavex.eu\/cz\/wp-json\/wp\/v2\/media\/574420"}],"wp:attachment":[{"href":"https:\/\/klimavex.eu\/cz\/wp-json\/wp\/v2\/media?parent=574341"}],"wp:term":[{"taxonomy":"product_cat","embeddable":true,"href":"https:\/\/klimavex.eu\/cz\/wp-json\/wp\/v2\/product_cat?post=574341"},{"taxonomy":"product_tag","embeddable":true,"href":"https:\/\/klimavex.eu\/cz\/wp-json\/wp\/v2\/product_tag?post=574341"}],"curies":[{"name":"wp","href":"https:\/\/api.w.org\/{rel}","templated":true}]}}