{"id":335346,"date":"2024-06-18T09:24:10","date_gmt":"2024-06-18T07:24:10","guid":{"rendered":"https:\/\/klimavex.eu\/sk\/?page_id=335346"},"modified":"2024-07-17T13:55:17","modified_gmt":"2024-07-17T11:55:17","slug":"poradime-vam","status":"publish","type":"page","link":"https:\/\/klimavex.eu\/sk\/poradime-vam\/","title":{"rendered":"Porad\u00edme V\u00e1m s v\u00fdberom"},"content":{"rendered":"\t\t<div data-elementor-type=\"wp-page\" data-elementor-id=\"335346\" class=\"elementor elementor-335346\" data-elementor-post-type=\"page\">\n\t\t\t\t<div class=\"wd-negative-gap elementor-element elementor-element-160c89d e-flex e-con-boxed e-con e-parent\" data-id=\"160c89d\" data-element_type=\"container\">\n\t\t\t\t\t<div class=\"e-con-inner\">\n\t\t\t\t<div class=\"elementor-element elementor-element-8a1e05c elementor-widget elementor-widget-heading\" data-id=\"8a1e05c\" data-element_type=\"widget\" data-widget_type=\"heading.default\">\n\t\t\t\t<div class=\"elementor-widget-container\">\n\t\t\t<h2 class=\"elementor-heading-title elementor-size-default\">Pros\u00edm vyberte si kateg\u00f3riu:<\/h2>\t\t<\/div>\n\t\t\t\t<\/div>\n\t\t\t\t\t<\/div>\n\t\t\t\t<\/div>\n\t\t<div class=\"elementor-element elementor-element-5aeb07f e-flex e-con-boxed e-con e-child\" data-id=\"5aeb07f\" data-element_type=\"container\">\n\t\t\t\t\t<div class=\"e-con-inner\">\n\t\t<div class=\"elementor-element elementor-element-a066c85 e-con-full e-transform e-flex e-con e-child\" data-id=\"a066c85\" data-element_type=\"container\" data-settings=\"{&quot;background_background&quot;:&quot;classic&quot;,&quot;animation&quot;:&quot;none&quot;,&quot;_transform_scale_effect_hover&quot;:{&quot;unit&quot;:&quot;px&quot;,&quot;size&quot;:1.02,&quot;sizes&quot;:[]},&quot;_transform_scale_effect_hover_widescreen&quot;:{&quot;unit&quot;:&quot;px&quot;,&quot;size&quot;:&quot;&quot;,&quot;sizes&quot;:[]},&quot;_transform_scale_effect_hover_laptop&quot;:{&quot;unit&quot;:&quot;px&quot;,&quot;size&quot;:&quot;&quot;,&quot;sizes&quot;:[]},&quot;_transform_scale_effect_hover_tablet&quot;:{&quot;unit&quot;:&quot;px&quot;,&quot;size&quot;:&quot;&quot;,&quot;sizes&quot;:[]},&quot;_transform_scale_effect_hover_mobile&quot;:{&quot;unit&quot;:&quot;px&quot;,&quot;size&quot;:&quot;&quot;,&quot;sizes&quot;:[]}}\">\n\t\t\t\t<div class=\"elementor-element elementor-element-0811483 elementor-position-top elementor-widget elementor-widget-image-box\" data-id=\"0811483\" data-element_type=\"widget\" data-widget_type=\"image-box.default\">\n\t\t\t\t<div class=\"elementor-widget-container\">\n\t\t\t<div class=\"elementor-image-box-wrapper\"><figure class=\"elementor-image-box-img\"><a href=\"\/sk\/dopyt-tc\" tabindex=\"-1\"><img fetchpriority=\"high\" decoding=\"async\" width=\"300\" height=\"300\" src=\"https:\/\/klimavex.eu\/sk\/wp-content\/uploads\/2023\/11\/tepel-300x300.png\" class=\"attachment-medium size-medium wp-image-39\" alt=\"\" srcset=\"https:\/\/klimavex.eu\/sk\/wp-content\/uploads\/2023\/11\/tepel-300x300.png 300w, https:\/\/klimavex.eu\/sk\/wp-content\/uploads\/2023\/11\/tepel-150x150.png 150w, https:\/\/klimavex.eu\/sk\/wp-content\/uploads\/2023\/11\/tepel-20x20.png 20w, https:\/\/klimavex.eu\/sk\/wp-content\/uploads\/2023\/11\/tepel.png 500w\" sizes=\"(max-width: 300px) 100vw, 300px\" \/><\/a><\/figure><div class=\"elementor-image-box-content\"><h3 class=\"elementor-image-box-title\"><a href=\"\/sk\/dopyt-tc\">CHCEM<\/a><\/h3><p class=\"elementor-image-box-description\">Tepeln\u00e9 \u010derpadlo<\/p><\/div><\/div>\t\t<\/div>\n\t\t\t\t<\/div>\n\t\t\t\t<\/div>\n\t\t<div class=\"elementor-element elementor-element-8e49e07 e-con-full e-transform e-flex e-con e-child\" data-id=\"8e49e07\" data-element_type=\"container\" data-settings=\"{&quot;background_background&quot;:&quot;classic&quot;,&quot;animation&quot;:&quot;none&quot;,&quot;animation_delay&quot;:0,&quot;_transform_scale_effect_hover&quot;:{&quot;unit&quot;:&quot;px&quot;,&quot;size&quot;:1.02,&quot;sizes&quot;:[]},&quot;_transform_scale_effect_hover_widescreen&quot;:{&quot;unit&quot;:&quot;px&quot;,&quot;size&quot;:&quot;&quot;,&quot;sizes&quot;:[]},&quot;_transform_scale_effect_hover_laptop&quot;:{&quot;unit&quot;:&quot;px&quot;,&quot;size&quot;:&quot;&quot;,&quot;sizes&quot;:[]},&quot;_transform_scale_effect_hover_tablet&quot;:{&quot;unit&quot;:&quot;px&quot;,&quot;size&quot;:&quot;&quot;,&quot;sizes&quot;:[]},&quot;_transform_scale_effect_hover_mobile&quot;:{&quot;unit&quot;:&quot;px&quot;,&quot;size&quot;:&quot;&quot;,&quot;sizes&quot;:[]}}\">\n\t\t\t\t<div class=\"elementor-element elementor-element-ef721bc elementor-position-top elementor-widget elementor-widget-image-box\" data-id=\"ef721bc\" data-element_type=\"widget\" data-widget_type=\"image-box.default\">\n\t\t\t\t<div class=\"elementor-widget-container\">\n\t\t\t<div class=\"elementor-image-box-wrapper\"><figure class=\"elementor-image-box-img\"><a href=\"\/sk\/dopyt-kl\" tabindex=\"-1\"><img decoding=\"async\" width=\"300\" height=\"300\" src=\"https:\/\/klimavex.eu\/sk\/wp-content\/uploads\/2023\/11\/klima-300x300.png\" class=\"attachment-medium size-medium wp-image-40\" alt=\"\" srcset=\"https:\/\/klimavex.eu\/sk\/wp-content\/uploads\/2023\/11\/klima-300x300.png 300w, https:\/\/klimavex.eu\/sk\/wp-content\/uploads\/2023\/11\/klima-150x150.png 150w, https:\/\/klimavex.eu\/sk\/wp-content\/uploads\/2023\/11\/klima-20x20.png 20w, https:\/\/klimavex.eu\/sk\/wp-content\/uploads\/2023\/11\/klima.png 500w\" sizes=\"(max-width: 300px) 100vw, 300px\" \/><\/a><\/figure><div class=\"elementor-image-box-content\"><h3 class=\"elementor-image-box-title\"><a href=\"\/sk\/dopyt-kl\">CHCEM<\/a><\/h3><p class=\"elementor-image-box-description\">Klimatiz\u00e1ciu<\/p><\/div><\/div>\t\t<\/div>\n\t\t\t\t<\/div>\n\t\t\t\t<\/div>\n\t\t<div class=\"elementor-element elementor-element-96277cd e-con-full e-transform e-flex e-con e-child\" data-id=\"96277cd\" data-element_type=\"container\" data-settings=\"{&quot;background_background&quot;:&quot;classic&quot;,&quot;animation&quot;:&quot;none&quot;,&quot;_transform_scale_effect_hover&quot;:{&quot;unit&quot;:&quot;px&quot;,&quot;size&quot;:1.02,&quot;sizes&quot;:[]},&quot;_transform_scale_effect_hover_widescreen&quot;:{&quot;unit&quot;:&quot;px&quot;,&quot;size&quot;:&quot;&quot;,&quot;sizes&quot;:[]},&quot;_transform_scale_effect_hover_laptop&quot;:{&quot;unit&quot;:&quot;px&quot;,&quot;size&quot;:&quot;&quot;,&quot;sizes&quot;:[]},&quot;_transform_scale_effect_hover_tablet&quot;:{&quot;unit&quot;:&quot;px&quot;,&quot;size&quot;:&quot;&quot;,&quot;sizes&quot;:[]},&quot;_transform_scale_effect_hover_mobile&quot;:{&quot;unit&quot;:&quot;px&quot;,&quot;size&quot;:&quot;&quot;,&quot;sizes&quot;:[]}}\">\n\t\t\t\t<div class=\"elementor-element elementor-element-9d838d8 elementor-position-top elementor-widget elementor-widget-image-box\" data-id=\"9d838d8\" data-element_type=\"widget\" data-widget_type=\"image-box.default\">\n\t\t\t\t<div class=\"elementor-widget-container\">\n\t\t\t<div class=\"elementor-image-box-wrapper\"><figure class=\"elementor-image-box-img\"><a href=\"\/sk\/dopyt-vent\" tabindex=\"-1\"><img decoding=\"async\" width=\"300\" height=\"300\" src=\"https:\/\/klimavex.eu\/sk\/wp-content\/uploads\/2023\/11\/vent-300x300.png\" class=\"attachment-medium size-medium wp-image-41\" alt=\"\" srcset=\"https:\/\/klimavex.eu\/sk\/wp-content\/uploads\/2023\/11\/vent-300x300.png 300w, https:\/\/klimavex.eu\/sk\/wp-content\/uploads\/2023\/11\/vent-150x150.png 150w, https:\/\/klimavex.eu\/sk\/wp-content\/uploads\/2023\/11\/vent-20x20.png 20w, https:\/\/klimavex.eu\/sk\/wp-content\/uploads\/2023\/11\/vent.png 500w\" sizes=\"(max-width: 300px) 100vw, 300px\" \/><\/a><\/figure><div class=\"elementor-image-box-content\"><h3 class=\"elementor-image-box-title\"><a href=\"\/sk\/dopyt-vent\">CHCEM<\/a><\/h3><p class=\"elementor-image-box-description\">Ventil\u00e1tor<\/p><\/div><\/div>\t\t<\/div>\n\t\t\t\t<\/div>\n\t\t\t\t<\/div>\n\t\t<div class=\"elementor-element elementor-element-dfc8e5f e-con-full e-transform e-flex e-con e-child\" data-id=\"dfc8e5f\" data-element_type=\"container\" data-settings=\"{&quot;background_background&quot;:&quot;classic&quot;,&quot;animation&quot;:&quot;none&quot;,&quot;_transform_scale_effect_hover&quot;:{&quot;unit&quot;:&quot;px&quot;,&quot;size&quot;:1.02,&quot;sizes&quot;:[]},&quot;_transform_scale_effect_hover_widescreen&quot;:{&quot;unit&quot;:&quot;px&quot;,&quot;size&quot;:&quot;&quot;,&quot;sizes&quot;:[]},&quot;_transform_scale_effect_hover_laptop&quot;:{&quot;unit&quot;:&quot;px&quot;,&quot;size&quot;:&quot;&quot;,&quot;sizes&quot;:[]},&quot;_transform_scale_effect_hover_tablet&quot;:{&quot;unit&quot;:&quot;px&quot;,&quot;size&quot;:&quot;&quot;,&quot;sizes&quot;:[]},&quot;_transform_scale_effect_hover_mobile&quot;:{&quot;unit&quot;:&quot;px&quot;,&quot;size&quot;:&quot;&quot;,&quot;sizes&quot;:[]}}\">\n\t\t\t\t<div class=\"elementor-element elementor-element-fa46418 elementor-position-top elementor-widget elementor-widget-image-box\" data-id=\"fa46418\" data-element_type=\"widget\" data-widget_type=\"image-box.default\">\n\t\t\t\t<div class=\"elementor-widget-container\">\n\t\t\t<div class=\"elementor-image-box-wrapper\"><figure class=\"elementor-image-box-img\"><a href=\"\/sk\/dopyt-reku\" tabindex=\"-1\"><img loading=\"lazy\" decoding=\"async\" width=\"300\" height=\"300\" src=\"https:\/\/klimavex.eu\/sk\/wp-content\/uploads\/2023\/11\/reku-300x300.png\" class=\"attachment-medium size-medium wp-image-42\" alt=\"\" srcset=\"https:\/\/klimavex.eu\/sk\/wp-content\/uploads\/2023\/11\/reku-300x300.png 300w, https:\/\/klimavex.eu\/sk\/wp-content\/uploads\/2023\/11\/reku-150x150.png 150w, https:\/\/klimavex.eu\/sk\/wp-content\/uploads\/2023\/11\/reku-20x20.png 20w, https:\/\/klimavex.eu\/sk\/wp-content\/uploads\/2023\/11\/reku.png 500w\" sizes=\"(max-width: 300px) 100vw, 300px\" \/><\/a><\/figure><div class=\"elementor-image-box-content\"><h3 class=\"elementor-image-box-title\"><a href=\"\/sk\/dopyt-reku\">CHCEM<\/a><\/h3><p class=\"elementor-image-box-description\">Rekupera\u010dn\u00fa jednotku<\/p><\/div><\/div>\t\t<\/div>\n\t\t\t\t<\/div>\n\t\t\t\t<\/div>\n\t\t<div class=\"elementor-element elementor-element-2be6d91 e-con-full e-transform e-flex e-con e-child\" data-id=\"2be6d91\" data-element_type=\"container\" data-settings=\"{&quot;background_background&quot;:&quot;classic&quot;,&quot;animation&quot;:&quot;none&quot;,&quot;_transform_scale_effect_hover&quot;:{&quot;unit&quot;:&quot;px&quot;,&quot;size&quot;:1.02,&quot;sizes&quot;:[]},&quot;_transform_scale_effect_hover_widescreen&quot;:{&quot;unit&quot;:&quot;px&quot;,&quot;size&quot;:&quot;&quot;,&quot;sizes&quot;:[]},&quot;_transform_scale_effect_hover_laptop&quot;:{&quot;unit&quot;:&quot;px&quot;,&quot;size&quot;:&quot;&quot;,&quot;sizes&quot;:[]},&quot;_transform_scale_effect_hover_tablet&quot;:{&quot;unit&quot;:&quot;px&quot;,&quot;size&quot;:&quot;&quot;,&quot;sizes&quot;:[]},&quot;_transform_scale_effect_hover_mobile&quot;:{&quot;unit&quot;:&quot;px&quot;,&quot;size&quot;:&quot;&quot;,&quot;sizes&quot;:[]}}\">\n\t\t\t\t<div class=\"elementor-element elementor-element-f6a72d0 elementor-position-top elementor-widget elementor-widget-image-box\" data-id=\"f6a72d0\" data-element_type=\"widget\" data-widget_type=\"image-box.default\">\n\t\t\t\t<div class=\"elementor-widget-container\">\n\t\t\t<div class=\"elementor-image-box-wrapper\"><figure class=\"elementor-image-box-img\"><a href=\"\/sk\/dopyt-odv\" tabindex=\"-1\"><img loading=\"lazy\" decoding=\"async\" width=\"300\" height=\"300\" src=\"https:\/\/klimavex.eu\/sk\/wp-content\/uploads\/2023\/11\/odvl-300x300.png\" class=\"attachment-medium size-medium wp-image-43\" alt=\"\" srcset=\"https:\/\/klimavex.eu\/sk\/wp-content\/uploads\/2023\/11\/odvl-300x300.png 300w, https:\/\/klimavex.eu\/sk\/wp-content\/uploads\/2023\/11\/odvl-150x150.png 150w, https:\/\/klimavex.eu\/sk\/wp-content\/uploads\/2023\/11\/odvl-20x20.png 20w, https:\/\/klimavex.eu\/sk\/wp-content\/uploads\/2023\/11\/odvl.png 500w\" sizes=\"(max-width: 300px) 100vw, 300px\" \/><\/a><\/figure><div class=\"elementor-image-box-content\"><h3 class=\"elementor-image-box-title\"><a href=\"\/sk\/dopyt-odv\">CHCEM<\/a><\/h3><p class=\"elementor-image-box-description\">Odvlh\u010dova\u010d<\/p><\/div><\/div>\t\t<\/div>\n\t\t\t\t<\/div>\n\t\t\t\t<\/div>\n\t\t\t\t\t<\/div>\n\t\t\t\t<\/div>\n\t\t\t\t<\/div>\n\t\t","protected":false},"excerpt":{"rendered":"<p>Pros\u00edm vyberte si kateg\u00f3riu: CHCEM Tepeln\u00e9 \u010derpadlo CHCEM Klimatiz\u00e1ciu CHCEM Ventil\u00e1tor CHCEM Rekupera\u010dn\u00fa jednotku CHCEM Odvlh\u010dova\u010d<\/p>\n","protected":false},"author":1,"featured_media":0,"parent":0,"menu_order":0,"comment_status":"closed","ping_status":"closed","template":"","meta":{"footnotes":""},"class_list":["post-335346","page","type-page","status-publish","hentry"],"yoast_head":"<!-- This site is optimized with the Yoast SEO plugin v23.9 - https:\/\/yoast.com\/wordpress\/plugins\/seo\/ -->\n<title>Porad\u00edme V\u00e1m s v\u00fdberom - KLIMAVEX GROUP - Slovensko<\/title>\n<meta name=\"description\" content=\"Potrebujete pom\u00f4c\u0165 s v\u00fdberom produktu? Pou\u017eite n\u00e1\u0161ho poradcu pri v\u00fdbere. Zadajte po\u017eadovan\u00e9 parametre a po\u0161lite svoj dotaz odborn\u00edkovi.\" \/>\n<meta name=\"robots\" content=\"index, follow, max-snippet:-1, max-image-preview:large, max-video-preview:-1\" \/>\n<link rel=\"canonical\" href=\"https:\/\/klimavex.eu\/sk\/poradime-vam\/\" \/>\n<meta property=\"og:locale\" content=\"sk_SK\" \/>\n<meta property=\"og:type\" content=\"article\" \/>\n<meta property=\"og:title\" content=\"Porad\u00edme V\u00e1m s v\u00fdberom - KLIMAVEX GROUP - Slovensko\" \/>\n<meta property=\"og:description\" content=\"Potrebujete pom\u00f4c\u0165 s v\u00fdberom produktu? Pou\u017eite n\u00e1\u0161ho poradcu pri v\u00fdbere. Zadajte po\u017eadovan\u00e9 parametre a po\u0161lite svoj dotaz odborn\u00edkovi.\" \/>\n<meta property=\"og:url\" content=\"https:\/\/klimavex.eu\/sk\/poradime-vam\/\" \/>\n<meta property=\"og:site_name\" content=\"KLIMAVEX GROUP - Slovensko\" \/>\n<meta property=\"article:publisher\" content=\"https:\/\/www.facebook.com\/klimavex\" \/>\n<meta property=\"article:modified_time\" content=\"2024-07-17T11:55:17+00:00\" \/>\n<meta property=\"og:image\" content=\"https:\/\/klimavex.eu\/sk\/wp-content\/uploads\/2023\/11\/tepel-300x300.png\" \/>\n<meta name=\"twitter:card\" content=\"summary_large_image\" \/>\n<meta name=\"twitter:label1\" content=\"Predpokladan\u00fd \u010das \u010d\u00edtania\" \/>\n\t<meta name=\"twitter:data1\" content=\"2 min\u00faty\" \/>\n<script type=\"application\/ld+json\" class=\"yoast-schema-graph\">{\"@context\":\"https:\/\/schema.org\",\"@graph\":[{\"@type\":\"WebPage\",\"@id\":\"https:\/\/klimavex.eu\/sk\/poradime-vam\/\",\"url\":\"https:\/\/klimavex.eu\/sk\/poradime-vam\/\",\"name\":\"Porad\u00edme V\u00e1m s v\u00fdberom - KLIMAVEX GROUP - Slovensko\",\"isPartOf\":{\"@id\":\"https:\/\/klimavex.eu\/sk\/#website\"},\"primaryImageOfPage\":{\"@id\":\"https:\/\/klimavex.eu\/sk\/poradime-vam\/#primaryimage\"},\"image\":{\"@id\":\"https:\/\/klimavex.eu\/sk\/poradime-vam\/#primaryimage\"},\"thumbnailUrl\":\"https:\/\/klimavex.eu\/sk\/wp-content\/uploads\/2023\/11\/tepel-300x300.png\",\"datePublished\":\"2024-06-18T07:24:10+00:00\",\"dateModified\":\"2024-07-17T11:55:17+00:00\",\"description\":\"Potrebujete pom\u00f4c\u0165 s v\u00fdberom produktu? Pou\u017eite n\u00e1\u0161ho poradcu pri v\u00fdbere. Zadajte po\u017eadovan\u00e9 parametre a po\u0161lite svoj dotaz odborn\u00edkovi.\",\"breadcrumb\":{\"@id\":\"https:\/\/klimavex.eu\/sk\/poradime-vam\/#breadcrumb\"},\"inLanguage\":\"sk-SK\",\"potentialAction\":[{\"@type\":\"ReadAction\",\"target\":[\"https:\/\/klimavex.eu\/sk\/poradime-vam\/\"]}]},{\"@type\":\"ImageObject\",\"inLanguage\":\"sk-SK\",\"@id\":\"https:\/\/klimavex.eu\/sk\/poradime-vam\/#primaryimage\",\"url\":\"https:\/\/klimavex.eu\/sk\/wp-content\/uploads\/2023\/11\/tepel.png\",\"contentUrl\":\"https:\/\/klimavex.eu\/sk\/wp-content\/uploads\/2023\/11\/tepel.png\",\"width\":500,\"height\":500,\"caption\":\"TEPELN\u00c9 \u010cERPADL\u00c1\"},{\"@type\":\"BreadcrumbList\",\"@id\":\"https:\/\/klimavex.eu\/sk\/poradime-vam\/#breadcrumb\",\"itemListElement\":[{\"@type\":\"ListItem\",\"position\":1,\"name\":\"Domovsk\u00e1 str\u00e1nka\",\"item\":\"https:\/\/klimavex.eu\/sk\/\"},{\"@type\":\"ListItem\",\"position\":2,\"name\":\"Porad\u00edme V\u00e1m s v\u00fdberom\"}]},{\"@type\":\"WebSite\",\"@id\":\"https:\/\/klimavex.eu\/sk\/#website\",\"url\":\"https:\/\/klimavex.eu\/sk\/\",\"name\":\"KLIMAVEX GROUP - Slovensko\",\"description\":\"\",\"publisher\":{\"@id\":\"https:\/\/klimavex.eu\/sk\/#organization\"},\"alternateName\":\"KLIMAVEX a.s.\",\"potentialAction\":[{\"@type\":\"SearchAction\",\"target\":{\"@type\":\"EntryPoint\",\"urlTemplate\":\"https:\/\/klimavex.eu\/sk\/?s={search_term_string}\"},\"query-input\":{\"@type\":\"PropertyValueSpecification\",\"valueRequired\":true,\"valueName\":\"search_term_string\"}}],\"inLanguage\":\"sk-SK\"},{\"@type\":\"Organization\",\"@id\":\"https:\/\/klimavex.eu\/sk\/#organization\",\"name\":\"KLIMAVEX GROUP\",\"alternateName\":\"KLIMAVEX a.s.\",\"url\":\"https:\/\/klimavex.eu\/sk\/\",\"logo\":{\"@type\":\"ImageObject\",\"inLanguage\":\"sk-SK\",\"@id\":\"https:\/\/klimavex.eu\/sk\/#\/schema\/logo\/image\/\",\"url\":\"https:\/\/klimavex.eu\/sk\/wp-content\/uploads\/2024\/04\/Klimavex-Group-logo.png\",\"contentUrl\":\"https:\/\/klimavex.eu\/sk\/wp-content\/uploads\/2024\/04\/Klimavex-Group-logo.png\",\"width\":1681,\"height\":472,\"caption\":\"KLIMAVEX GROUP\"},\"image\":{\"@id\":\"https:\/\/klimavex.eu\/sk\/#\/schema\/logo\/image\/\"},\"sameAs\":[\"https:\/\/www.facebook.com\/klimavex\",\"https:\/\/www.instagram.com\/klimavex_sk\/\"]}]}<\/script>\n<!-- \/ Yoast SEO plugin. -->","yoast_head_json":{"title":"Porad\u00edme V\u00e1m s v\u00fdberom - KLIMAVEX GROUP - Slovensko","description":"Potrebujete pom\u00f4c\u0165 s v\u00fdberom produktu? Pou\u017eite n\u00e1\u0161ho poradcu pri v\u00fdbere. Zadajte po\u017eadovan\u00e9 parametre a po\u0161lite svoj dotaz odborn\u00edkovi.","robots":{"index":"index","follow":"follow","max-snippet":"max-snippet:-1","max-image-preview":"max-image-preview:large","max-video-preview":"max-video-preview:-1"},"canonical":"https:\/\/klimavex.eu\/sk\/poradime-vam\/","og_locale":"sk_SK","og_type":"article","og_title":"Porad\u00edme V\u00e1m s v\u00fdberom - KLIMAVEX GROUP - Slovensko","og_description":"Potrebujete pom\u00f4c\u0165 s v\u00fdberom produktu? Pou\u017eite n\u00e1\u0161ho poradcu pri v\u00fdbere. Zadajte po\u017eadovan\u00e9 parametre a po\u0161lite svoj dotaz odborn\u00edkovi.","og_url":"https:\/\/klimavex.eu\/sk\/poradime-vam\/","og_site_name":"KLIMAVEX GROUP - Slovensko","article_publisher":"https:\/\/www.facebook.com\/klimavex","article_modified_time":"2024-07-17T11:55:17+00:00","og_image":[{"url":"https:\/\/klimavex.eu\/sk\/wp-content\/uploads\/2023\/11\/tepel-300x300.png"}],"twitter_card":"summary_large_image","twitter_misc":{"Predpokladan\u00fd \u010das \u010d\u00edtania":"2 min\u00faty"},"schema":{"@context":"https:\/\/schema.org","@graph":[{"@type":"WebPage","@id":"https:\/\/klimavex.eu\/sk\/poradime-vam\/","url":"https:\/\/klimavex.eu\/sk\/poradime-vam\/","name":"Porad\u00edme V\u00e1m s v\u00fdberom - KLIMAVEX GROUP - Slovensko","isPartOf":{"@id":"https:\/\/klimavex.eu\/sk\/#website"},"primaryImageOfPage":{"@id":"https:\/\/klimavex.eu\/sk\/poradime-vam\/#primaryimage"},"image":{"@id":"https:\/\/klimavex.eu\/sk\/poradime-vam\/#primaryimage"},"thumbnailUrl":"https:\/\/klimavex.eu\/sk\/wp-content\/uploads\/2023\/11\/tepel-300x300.png","datePublished":"2024-06-18T07:24:10+00:00","dateModified":"2024-07-17T11:55:17+00:00","description":"Potrebujete pom\u00f4c\u0165 s v\u00fdberom produktu? Pou\u017eite n\u00e1\u0161ho poradcu pri v\u00fdbere. Zadajte po\u017eadovan\u00e9 parametre a po\u0161lite svoj dotaz odborn\u00edkovi.","breadcrumb":{"@id":"https:\/\/klimavex.eu\/sk\/poradime-vam\/#breadcrumb"},"inLanguage":"sk-SK","potentialAction":[{"@type":"ReadAction","target":["https:\/\/klimavex.eu\/sk\/poradime-vam\/"]}]},{"@type":"ImageObject","inLanguage":"sk-SK","@id":"https:\/\/klimavex.eu\/sk\/poradime-vam\/#primaryimage","url":"https:\/\/klimavex.eu\/sk\/wp-content\/uploads\/2023\/11\/tepel.png","contentUrl":"https:\/\/klimavex.eu\/sk\/wp-content\/uploads\/2023\/11\/tepel.png","width":500,"height":500,"caption":"TEPELN\u00c9 \u010cERPADL\u00c1"},{"@type":"BreadcrumbList","@id":"https:\/\/klimavex.eu\/sk\/poradime-vam\/#breadcrumb","itemListElement":[{"@type":"ListItem","position":1,"name":"Domovsk\u00e1 str\u00e1nka","item":"https:\/\/klimavex.eu\/sk\/"},{"@type":"ListItem","position":2,"name":"Porad\u00edme V\u00e1m s v\u00fdberom"}]},{"@type":"WebSite","@id":"https:\/\/klimavex.eu\/sk\/#website","url":"https:\/\/klimavex.eu\/sk\/","name":"KLIMAVEX GROUP - Slovensko","description":"","publisher":{"@id":"https:\/\/klimavex.eu\/sk\/#organization"},"alternateName":"KLIMAVEX a.s.","potentialAction":[{"@type":"SearchAction","target":{"@type":"EntryPoint","urlTemplate":"https:\/\/klimavex.eu\/sk\/?s={search_term_string}"},"query-input":{"@type":"PropertyValueSpecification","valueRequired":true,"valueName":"search_term_string"}}],"inLanguage":"sk-SK"},{"@type":"Organization","@id":"https:\/\/klimavex.eu\/sk\/#organization","name":"KLIMAVEX GROUP","alternateName":"KLIMAVEX a.s.","url":"https:\/\/klimavex.eu\/sk\/","logo":{"@type":"ImageObject","inLanguage":"sk-SK","@id":"https:\/\/klimavex.eu\/sk\/#\/schema\/logo\/image\/","url":"https:\/\/klimavex.eu\/sk\/wp-content\/uploads\/2024\/04\/Klimavex-Group-logo.png","contentUrl":"https:\/\/klimavex.eu\/sk\/wp-content\/uploads\/2024\/04\/Klimavex-Group-logo.png","width":1681,"height":472,"caption":"KLIMAVEX GROUP"},"image":{"@id":"https:\/\/klimavex.eu\/sk\/#\/schema\/logo\/image\/"},"sameAs":["https:\/\/www.facebook.com\/klimavex","https:\/\/www.instagram.com\/klimavex_sk\/"]}]}},"_links":{"self":[{"href":"https:\/\/klimavex.eu\/sk\/wp-json\/wp\/v2\/pages\/335346","targetHints":{"allow":["GET"]}}],"collection":[{"href":"https:\/\/klimavex.eu\/sk\/wp-json\/wp\/v2\/pages"}],"about":[{"href":"https:\/\/klimavex.eu\/sk\/wp-json\/wp\/v2\/types\/page"}],"author":[{"embeddable":true,"href":"https:\/\/klimavex.eu\/sk\/wp-json\/wp\/v2\/users\/1"}],"replies":[{"embeddable":true,"href":"https:\/\/klimavex.eu\/sk\/wp-json\/wp\/v2\/comments?post=335346"}],"version-history":[{"count":0,"href":"https:\/\/klimavex.eu\/sk\/wp-json\/wp\/v2\/pages\/335346\/revisions"}],"wp:attachment":[{"href":"https:\/\/klimavex.eu\/sk\/wp-json\/wp\/v2\/media?parent=335346"}],"curies":[{"name":"wp","href":"https:\/\/api.w.org\/{rel}","templated":true}]}}